{"id":179,"date":"2025-12-01T14:50:22","date_gmt":"2025-12-01T14:50:22","guid":{"rendered":"https:\/\/timeworksmods.com\/terms-conditions\/"},"modified":"2026-04-17T10:40:13","modified_gmt":"2026-04-17T08:40:13","slug":"terminos-condiciones","status":"publish","type":"page","link":"https:\/\/timeworksmods.com\/de\/agb\/","title":{"rendered":"Bedingungen und Konditionen"},"content":{"rendered":"<div data-elementor-type=\"wp-page\" data-elementor-id=\"179\" class=\"elementor elementor-179\" data-elementor-post-type=\"page\">\n\t\t\t\t<div class=\"e-con-top elementor-element elementor-element-7209719a e-flex e-con-boxed e-con e-parent\" data-id=\"7209719a\" data-element_type=\"container\" data-e-type=\"container\">\n\t\t\t\t\t<div class=\"e-con-inner\">\n\t\t<div class=\"elementor-element elementor-element-ff44d55 e-con-full e-flex e-con e-child\" data-id=\"ff44d55\" data-element_type=\"container\" data-e-type=\"container\">\n\t\t\t\t<\/div>\n\t\t\t\t\t<\/div>\n\t\t\t\t<\/div>\n\t\t<div class=\"e-con-top elementor-element elementor-element-19ad693 e-flex e-con-boxed e-con e-parent\" data-id=\"19ad693\" data-element_type=\"container\" data-e-type=\"container\">\n\t\t\t\t\t<div class=\"e-con-inner\">\n\t\t\t\t<div class=\"elementor-element elementor-element-a3500e9 elementor-widget elementor-widget-text-editor\" data-id=\"a3500e9\" data-element_type=\"widget\" data-e-type=\"widget\" data-widget_type=\"text-editor.default\">\n\t\t\t\t\t\t\t\t\t<h4 class=\"wp-block-heading\">Information, die wir sammeln<\/h4>\n<p>Wenn Sie unsere Website besuchen oder einen Kauf t\u00e4tigen, k\u00f6nnen wir die folgenden Daten sammeln:<\/p>\n<ul>\n<li>Informationen zur Nutzung der Website (Cookies, IP-Adresse, Browser usw.)<\/li>\n<li>Vollst\u00e4ndiger Name<\/li>\n<li>Liefer- und Rechnungsadresse<\/li>\n<li>E-Mail-Adresse<\/li>\n<li>Telefonnummer<\/li>\n<li>Zahlungsinformationen (\u00fcber sichere Gateways, wir speichern keine Bankdaten)<\/li>\n<\/ul>\n<h2 class=\"wp-block-heading\">\u00a0<\/h2>\n<h4 class=\"wp-block-heading\">Nutzung der Informationen<\/h4>\n<p>Wir verwenden die gesammelten Informationen, um:<\/p>\n<ul>\n<li>Gesetzliche und steuerliche Anforderungen erf\u00fcllen<\/li>\n<li>Verarbeiten und senden Sie Ihre Bestellungen<\/li>\n<li>Unterst\u00fctzung und Kundendienst bieten<\/li>\n<li>Passen Sie Ihr Erlebnis auf unserer Website an<\/li>\n<li>Aktualisierungen \u00fcber Bestellungen, Werbeaktionen oder Angebote senden (nur wenn Sie zugestimmt haben)<\/li>\n<\/ul>\n<h2 class=\"wp-block-heading\">\u00a0<\/h2>\n<h4 class=\"wp-block-heading\">Ihre Informationen teilen<\/h4>\n<p>Timworks Mods verkauft oder vermietet deine pers\u00f6nlichen Daten nicht an Dritte. Wir k\u00f6nnen jedoch bestimmte Daten teilen mit:<\/p>\n<ul>\n<li>Gesetzliche Beh\u00f6rden, falls gesetzlich vorgeschrieben<\/li>\n<li>Zahlungsdienstleister (wie PayPal, Stripe usw.)<\/li>\n<li>Kurierunternehmen f\u00fcr den Versand Ihrer Bestellungen<\/li>\n<li>Datenanalyse- und Marketingplattformen, ausschlie\u00dflich zum Zwecke der Serviceverbesserung<\/li>\n<\/ul>\n<h2 class=\"wp-block-heading\">\u00a0<\/h2>\n<h4 class=\"wp-block-heading\">Datensicherheit<\/h4>\n<p>Wir ergreifen angemessene Ma\u00dfnahmen, um Ihre pers\u00f6nlichen Daten vor Verlust, unbefugtem Zugriff, Ver\u00e4nderung oder Offenlegung zu sch\u00fctzen. Wir verwenden Sicherheitsprotokolle wie SSL-Verschl\u00fcsselung und eingeschr\u00e4nkten Zugriff auf unsere Systeme.<\/p>\n<h2 class=\"wp-block-heading\">\u00a0<\/h2>\n<h4 class=\"wp-block-heading\">Kekse<\/h4>\n<p>Unsere Webseite nutzt Cookies, um dein Surferlebnis zu verbessern. Du kannst sie in den Einstellungen deines Browsers deaktivieren; dies k\u00f6nnte jedoch einige Funktionen der Webseite beeintr\u00e4chtigen.<\/p>\n<h2 class=\"wp-block-heading\">\u00a0<\/h2>\n<h4 class=\"wp-block-heading\">Deine Rechte<\/h4>\n<p data-start=\"2241\" data-end=\"2293\">Abh\u00e4ngig von Ihrem Standort haben Sie m\u00f6glicherweise Anspruch auf:<\/p>\n<ul data-start=\"2295\" data-end=\"2478\">\n<li data-start=\"2295\" data-end=\"2348\">\n<p data-start=\"2297\" data-end=\"2348\">Auf die pers\u00f6nlichen Daten zugreifen, die wir \u00fcber dich haben<\/p>\n<\/li>\n<li data-start=\"2349\" data-end=\"2385\">\n<p data-start=\"2351\" data-end=\"2385\">Fehler in deinen Informationen korrigieren<\/p>\n<\/li>\n<li data-start=\"2386\" data-end=\"2425\">\n<p data-start=\"2388\" data-end=\"2425\">L\u00f6schung Ihrer Daten beantragen<\/p>\n<\/li>\n<li data-start=\"2426\" data-end=\"2478\">\n<p data-start=\"2428\" data-end=\"2478\">Ihre Zustimmung zur Nutzung Ihrer Daten widerrufen<\/p>\n<\/li>\n<\/ul>\n<p data-start=\"2480\" data-end=\"2572\">Um eines dieser Rechte auszu\u00fcben, k\u00f6nnen Sie uns schreiben an:\u00a0<a href=\"mailto:info@timeworksmods.com\"><strong>info@timeworksmods.com<\/strong><\/a><\/p>\n<h2 class=\"wp-block-heading\">\u00a0<\/h2>\n<h4 class=\"wp-block-heading\">\u00c4nderungen an dieser Richtlinie<\/h4>\n<p>Wir k\u00f6nnen diese Datenschutzrichtlinie gelegentlich aktualisieren. Wir werden Sie \u00fcber wesentliche \u00c4nderungen auf der Website oder per E-Mail informieren.<\/p>\n<p><!-- \/wp:paragraph --><\/p>\t\t\t\t\t\t\t\t<\/div>\n\t\t\t\t\t<\/div>\n\t\t\t\t<\/div>\n\t\t\t\t<\/div>","protected":false},"excerpt":{"rendered":"<p>Informaci\u00f3n que recopilamos Cuando visitas nuestro sitio o realizas una compra, podemos recopilar los siguientes datos: Informaci\u00f3n de uso del sitio (cookies, direcci\u00f3n IP, navegador, etc.) Nombre completo Direcci\u00f3n de env\u00edo y facturaci\u00f3n Direcci\u00f3n de correo electr\u00f3nico N\u00famero de tel\u00e9fono Informaci\u00f3n de pago (a trav\u00e9s de pasarelas seguras, no almacenamos datos bancarios) \u00a0 Uso de [&hellip;]<\/p>\n","protected":false},"author":1,"featured_media":0,"parent":0,"menu_order":0,"comment_status":"closed","ping_status":"closed","template":"template-builder.php","meta":{"_acf_changed":false,"_joinchat":[],"footnotes":""},"class_list":["post-179","page","type-page","status-publish","hentry"],"acf":[],"yoast_head":"<!-- This site is optimized with the Yoast SEO plugin v27.4 - https:\/\/yoast.com\/product\/yoast-seo-wordpress\/ -->\n<title>T\u00e9rminos y condiciones | Timeworks\u2122 | Custom Watches<\/title>\n<meta name=\"description\" content=\"Consulta los T\u00e9rminos y Condiciones de Timeworks Mods. Informaci\u00f3n sobre el uso de nuestra tienda, compras, responsabilidades y derechos de los clientes.\" \/>\n<meta name=\"robots\" content=\"noindex, nofollow\" \/>\n<meta property=\"og:locale\" content=\"de_DE\" \/>\n<meta property=\"og:type\" content=\"article\" \/>\n<meta property=\"og:title\" content=\"T\u00e9rminos y condiciones | Timeworks\u2122 | Custom Watches\" \/>\n<meta property=\"og:description\" content=\"Consulta los T\u00e9rminos y Condiciones de Timeworks Mods. Informaci\u00f3n sobre el uso de nuestra tienda, compras, responsabilidades y derechos de los clientes.\" \/>\n<meta property=\"og:url\" content=\"https:\/\/timeworksmods.com\/de\/agb\/\" \/>\n<meta property=\"og:site_name\" content=\"Timeworks\u2122 | Custom Watches\" \/>\n<meta property=\"article:publisher\" content=\"https:\/\/www.facebook.com\/timeworksmods\/\" \/>\n<meta property=\"article:modified_time\" content=\"2026-04-17T08:40:13+00:00\" \/>\n<meta property=\"og:image\" content=\"https:\/\/timeworksmods.com\/wp-content\/uploads\/2025\/12\/ad972f10e0800b49d76fed33a21f6698.png\" \/>\n\t<meta property=\"og:image:width\" content=\"1500\" \/>\n\t<meta property=\"og:image:height\" content=\"200\" \/>\n\t<meta property=\"og:image:type\" content=\"image\/png\" \/>\n<meta name=\"twitter:card\" content=\"summary_large_image\" \/>\n<meta name=\"twitter:label1\" content=\"Gesch\u00e4tzte Lesezeit\" \/>\n\t<meta name=\"twitter:data1\" content=\"2\u00a0Minuten\" \/>\n<script type=\"application\/ld+json\" class=\"yoast-schema-graph\">{\"@context\":\"https:\\\/\\\/schema.org\",\"@graph\":[{\"@type\":\"WebPage\",\"@id\":\"https:\\\/\\\/timeworksmods.com\\\/terminos-condiciones\\\/\",\"url\":\"https:\\\/\\\/timeworksmods.com\\\/terminos-condiciones\\\/\",\"name\":\"T\u00e9rminos y condiciones | Timeworks\u2122 | Custom Watches\",\"isPartOf\":{\"@id\":\"https:\\\/\\\/timeworksmods.com\\\/#website\"},\"datePublished\":\"2025-12-01T14:50:22+00:00\",\"dateModified\":\"2026-04-17T08:40:13+00:00\",\"description\":\"Consulta los T\u00e9rminos y Condiciones de Timeworks Mods. Informaci\u00f3n sobre el uso de nuestra tienda, compras, responsabilidades y derechos de los clientes.\",\"breadcrumb\":{\"@id\":\"https:\\\/\\\/timeworksmods.com\\\/terminos-condiciones\\\/#breadcrumb\"},\"inLanguage\":\"de\",\"potentialAction\":[{\"@type\":\"ReadAction\",\"target\":[\"https:\\\/\\\/timeworksmods.com\\\/terminos-condiciones\\\/\"]}]},{\"@type\":\"BreadcrumbList\",\"@id\":\"https:\\\/\\\/timeworksmods.com\\\/terminos-condiciones\\\/#breadcrumb\",\"itemListElement\":[{\"@type\":\"ListItem\",\"position\":1,\"name\":\"Portada\",\"item\":\"https:\\\/\\\/timeworksmods.com\\\/\"},{\"@type\":\"ListItem\",\"position\":2,\"name\":\"T\u00e9rminos y condiciones\"}]},{\"@type\":\"WebSite\",\"@id\":\"https:\\\/\\\/timeworksmods.com\\\/#website\",\"url\":\"https:\\\/\\\/timeworksmods.com\\\/\",\"name\":\"Timeworks\u2122 | Seiko Mods\",\"description\":\"Tu Tienda de Mods Personalizados\",\"publisher\":{\"@id\":\"https:\\\/\\\/timeworksmods.com\\\/#organization\"},\"alternateName\":\"Timeworks\u2122 | Seiko Mods\",\"potentialAction\":[{\"@type\":\"SearchAction\",\"target\":{\"@type\":\"EntryPoint\",\"urlTemplate\":\"https:\\\/\\\/timeworksmods.com\\\/?s={search_term_string}\"},\"query-input\":{\"@type\":\"PropertyValueSpecification\",\"valueRequired\":true,\"valueName\":\"search_term_string\"}}],\"inLanguage\":\"de\"},{\"@type\":\"Organization\",\"@id\":\"https:\\\/\\\/timeworksmods.com\\\/#organization\",\"name\":\"Timeworks\u2122 | Seiko Mods\",\"alternateName\":\"Timeworks\u2122 | Custom Seiko Mods\",\"url\":\"https:\\\/\\\/timeworksmods.com\\\/\",\"logo\":{\"@type\":\"ImageObject\",\"inLanguage\":\"de\",\"@id\":\"https:\\\/\\\/timeworksmods.com\\\/#\\\/schema\\\/logo\\\/image\\\/\",\"url\":\"https:\\\/\\\/timeworksmods.com\\\/wp-content\\\/uploads\\\/2025\\\/12\\\/148510031349642de5ca0c544f31b2ef.png\",\"contentUrl\":\"https:\\\/\\\/timeworksmods.com\\\/wp-content\\\/uploads\\\/2025\\\/12\\\/148510031349642de5ca0c544f31b2ef.png\",\"width\":512,\"height\":512,\"caption\":\"Timeworks\u2122 | Seiko Mods\"},\"image\":{\"@id\":\"https:\\\/\\\/timeworksmods.com\\\/#\\\/schema\\\/logo\\\/image\\\/\"},\"sameAs\":[\"https:\\\/\\\/www.facebook.com\\\/timeworksmods\\\/\",\"https:\\\/\\\/www.instagram.com\\\/timeworksmods\\\/\",\"https:\\\/\\\/www.tiktok.com\\\/@timeworksmods\"]}]}<\/script>\n<!-- \/ Yoast SEO plugin. -->","yoast_head_json":{"title":"T\u00e9rminos y condiciones | Timeworks\u2122 | Custom Watches","description":"Lesen Sie die Allgemeinen Gesch\u00e4ftsbedingungen von Timeworks Mods. Informationen zur Nutzung unseres Shops, Eink\u00e4ufen, der Verantwortung und den Rechten der Kunden.","robots":{"index":"noindex","follow":"nofollow"},"og_locale":"de_DE","og_type":"article","og_title":"T\u00e9rminos y condiciones | Timeworks\u2122 | Custom Watches","og_description":"Consulta los T\u00e9rminos y Condiciones de Timeworks Mods. Informaci\u00f3n sobre el uso de nuestra tienda, compras, responsabilidades y derechos de los clientes.","og_url":"https:\/\/timeworksmods.com\/de\/agb\/","og_site_name":"Timeworks\u2122 | Custom Watches","article_publisher":"https:\/\/www.facebook.com\/timeworksmods\/","article_modified_time":"2026-04-17T08:40:13+00:00","og_image":[{"width":1500,"height":200,"url":"https:\/\/timeworksmods.com\/wp-content\/uploads\/2025\/12\/ad972f10e0800b49d76fed33a21f6698.png","type":"image\/png"}],"twitter_card":"summary_large_image","twitter_misc":{"Gesch\u00e4tzte Lesezeit":"2\u00a0Minuten"},"schema":{"@context":"https:\/\/schema.org","@graph":[{"@type":"WebPage","@id":"https:\/\/timeworksmods.com\/terminos-condiciones\/","url":"https:\/\/timeworksmods.com\/terminos-condiciones\/","name":"T\u00e9rminos y condiciones | Timeworks\u2122 | Custom Watches","isPartOf":{"@id":"https:\/\/timeworksmods.com\/#website"},"datePublished":"2025-12-01T14:50:22+00:00","dateModified":"2026-04-17T08:40:13+00:00","description":"Lesen Sie die Allgemeinen Gesch\u00e4ftsbedingungen von Timeworks Mods. Informationen zur Nutzung unseres Shops, Eink\u00e4ufen, der Verantwortung und den Rechten der Kunden.","breadcrumb":{"@id":"https:\/\/timeworksmods.com\/terminos-condiciones\/#breadcrumb"},"inLanguage":"de","potentialAction":[{"@type":"ReadAction","target":["https:\/\/timeworksmods.com\/terminos-condiciones\/"]}]},{"@type":"BreadcrumbList","@id":"https:\/\/timeworksmods.com\/terminos-condiciones\/#breadcrumb","itemListElement":[{"@type":"ListItem","position":1,"name":"Portada","item":"https:\/\/timeworksmods.com\/"},{"@type":"ListItem","position":2,"name":"T\u00e9rminos y condiciones"}]},{"@type":"WebSite","@id":"https:\/\/timeworksmods.com\/#website","url":"https:\/\/timeworksmods.com\/","name":"Timeworks\u2122 | Seiko Umbauten","description":"Dein personalisierter Mod-Shop","publisher":{"@id":"https:\/\/timeworksmods.com\/#organization"},"alternateName":"Timeworks\u2122 | Seiko Mods","potentialAction":[{"@type":"SearchAction","target":{"@type":"EntryPoint","urlTemplate":"https:\/\/timeworksmods.com\/?s={search_term_string}"},"query-input":{"@type":"PropertyValueSpecification","valueRequired":true,"valueName":"search_term_string"}}],"inLanguage":"de"},{"@type":"Organization","@id":"https:\/\/timeworksmods.com\/#organization","name":"Timeworks\u2122 | Seiko Umbauten","alternateName":"Timeworks\u2122 | Custom Seiko Mods","url":"https:\/\/timeworksmods.com\/","logo":{"@type":"ImageObject","inLanguage":"de","@id":"https:\/\/timeworksmods.com\/#\/schema\/logo\/image\/","url":"https:\/\/timeworksmods.com\/wp-content\/uploads\/2025\/12\/148510031349642de5ca0c544f31b2ef.png","contentUrl":"https:\/\/timeworksmods.com\/wp-content\/uploads\/2025\/12\/148510031349642de5ca0c544f31b2ef.png","width":512,"height":512,"caption":"Timeworks\u2122 | Seiko Mods"},"image":{"@id":"https:\/\/timeworksmods.com\/#\/schema\/logo\/image\/"},"sameAs":["https:\/\/www.facebook.com\/timeworksmods\/","https:\/\/www.instagram.com\/timeworksmods\/","https:\/\/www.tiktok.com\/@timeworksmods"]}]}},"_links":{"self":[{"href":"https:\/\/timeworksmods.com\/de\/wp-json\/wp\/v2\/pages\/179","targetHints":{"allow":["GET"]}}],"collection":[{"href":"https:\/\/timeworksmods.com\/de\/wp-json\/wp\/v2\/pages"}],"about":[{"href":"https:\/\/timeworksmods.com\/de\/wp-json\/wp\/v2\/types\/page"}],"author":[{"embeddable":true,"href":"https:\/\/timeworksmods.com\/de\/wp-json\/wp\/v2\/users\/1"}],"replies":[{"embeddable":true,"href":"https:\/\/timeworksmods.com\/de\/wp-json\/wp\/v2\/comments?post=179"}],"version-history":[{"count":11,"href":"https:\/\/timeworksmods.com\/de\/wp-json\/wp\/v2\/pages\/179\/revisions"}],"predecessor-version":[{"id":5610,"href":"https:\/\/timeworksmods.com\/de\/wp-json\/wp\/v2\/pages\/179\/revisions\/5610"}],"wp:attachment":[{"href":"https:\/\/timeworksmods.com\/de\/wp-json\/wp\/v2\/media?parent=179"}],"curies":[{"name":"wp","href":"https:\/\/api.w.org\/{rel}","templated":true}]}}