{"id":181,"date":"2025-12-03T08:00:10","date_gmt":"2025-12-03T08:00:10","guid":{"rendered":"https:\/\/timeworksmods.com\/returns-exchanges\/"},"modified":"2026-04-17T10:38:20","modified_gmt":"2026-04-17T08:38:20","slug":"politicas-envios-devoluciones","status":"publish","type":"page","link":"https:\/\/timeworksmods.com\/de\/politiken-versand-rucksendungen\/","title":{"rendered":"Versand- und R\u00fcckgaberichtlinien"},"content":{"rendered":"<div data-elementor-type=\"wp-page\" data-elementor-id=\"181\" class=\"elementor elementor-181\" data-elementor-post-type=\"page\">\n\t\t\t\t<div class=\"e-con-top elementor-element elementor-element-4f2af731 e-flex e-con-boxed e-con e-parent\" data-id=\"4f2af731\" data-element_type=\"container\" data-e-type=\"container\">\n\t\t\t\t\t<div class=\"e-con-inner\">\n\t\t<div class=\"elementor-element elementor-element-1f6db296 e-con-full e-flex e-con e-child\" data-id=\"1f6db296\" data-element_type=\"container\" data-e-type=\"container\">\n\t\t\t\t<\/div>\n\t\t\t\t\t<\/div>\n\t\t\t\t<\/div>\n\t\t<div class=\"e-con-top elementor-element elementor-element-1a5c123b e-flex e-con-boxed e-con e-parent\" data-id=\"1a5c123b\" data-element_type=\"container\" data-e-type=\"container\">\n\t\t\t\t\t<div class=\"e-con-inner\">\n\t\t\t\t<div class=\"elementor-element elementor-element-680c758f elementor-widget elementor-widget-text-editor\" data-id=\"680c758f\" data-element_type=\"widget\" data-e-type=\"widget\" data-widget_type=\"text-editor.default\">\n\t\t\t\t\t\t\t\t\t<h4 class=\"wp-block-heading\">Versand<\/h4>\n<p data-start=\"133\" data-end=\"542\">Alle unsere Uhren werden f\u00fcr jeden Kunden individuell angefertigt, was maximale Individualisierung und Qualit\u00e4t bei jedem St\u00fcck garantiert. Die meisten unserer Uhren werden von uns in Spanien montiert; abh\u00e4ngig von der Verf\u00fcgbarkeit der Teile k\u00f6nnen einige Uhren jedoch auch direkt von verschiedenen internationalen Zulieferern montiert und versandt werden, um die Lieferzeiten zu verk\u00fcrzen.<\/p>\n<p data-start=\"544\" data-end=\"781\">Die gesch\u00e4tzte Lieferzeit betr\u00e4gt 10 bis 20 Werktage nach Bestellbest\u00e4tigung. Sobald Ihre Bestellung versandt wurde, erhalten Sie eine E-Mail mit den Tracking-Daten, damit Sie den Status Ihrer Sendung jederzeit verfolgen k\u00f6nnen.<\/p>\n<p data-start=\"783\" data-end=\"954\">F\u00fcr Fragen zu Fristen oder dem Versandprozess k\u00f6nnen Sie uns \u00fcber unser <a href=\"mailto:info@timeworksmods.com\"><strong>E-Mail<\/strong><\/a> oder <a href=\"https:\/\/wa.me\/34684485188\"><strong>WhatsApp<\/strong><\/a>, verf\u00fcgbar im Kontaktbereich.<\/p>\n<p data-start=\"652\" data-end=\"825\">\u00a0<\/p>\n<h4 class=\"wp-block-heading\">R\u00fcckgabe<\/h4>\n<p><!-- \/wp:heading --><\/p>\n<p><!-- wp:paragraph --><\/p>\n<p data-start=\"117\" data-end=\"339\">Da all unsere Uhren individuell und auf Bestellung gefertigt werden, ist jedes St\u00fcck ein Unikat und wird speziell f\u00fcr jeden Kunden hergestellt. Dennoch m\u00f6chten wir, dass Ihre Erfahrung so zufriedenstellend wie m\u00f6glich ist.<\/p>\n<p data-start=\"341\" data-end=\"565\">Wir bieten R\u00fcckerstattungen innerhalb von 14 Tagen nach Erhalt der Bestellung an, vorausgesetzt die Uhr ist in einwandfreiem Zustand und weist keine Gebrauchsspuren auf. Die Kosten f\u00fcr die R\u00fccksendung tr\u00e4gt der Kunde.<\/p>\n<p data-start=\"567\" data-end=\"781\"><strong data-start=\"567\" data-end=\"582\">Wichtig:<\/strong> Die personalisierten Uhren, die mit unserem Konfigurator erstellt wurden, k\u00f6nnen unter keinen Umst\u00e4nden zur\u00fcckgegeben werden, da es sich um Einzelst\u00fccke handelt, die nach den Vorgaben jedes Kunden gefertigt werden.<\/p>\n<p data-start=\"783\" data-end=\"996\">Um eine R\u00fcckgabe der Produkte, die in Frage kommen, zu initiieren, ist es notwendig, dass Sie sich zuvor mit uns \u00fcber unsere Kundenservice-E-Mail-Adresse in Verbindung setzen: <a class=\"decorated-link cursor-pointer\" rel=\"noopener\" data-start=\"971\" data-end=\"993\">info@timeworksmods.com<\/a>.<\/p>\n<p data-start=\"998\" data-end=\"1104\">Nach Erhalt Ihrer Nachricht werden wir Ihnen die n\u00e4chsten Schritte und die R\u00fccksendeadresse mitteilen.<\/p>\n<p data-start=\"1106\" data-end=\"1386\">Unsere Verpflichtung ist es, qualitativ hochwertige und auf dich zugeschnittene Produkte anzubieten, um sicherzustellen, dass du deine Uhr zur\u00fcckgeben kannst, wenn sie nicht deinen Erwartungen entspricht.<\/p>\n<p><!-- \/wp:paragraph --><\/p>\n<p><!-- wp:heading {\"level\":4} --><\/p>\n<p><!-- \/wp:paragraph --><\/p>\t\t\t\t\t\t\t\t<\/div>\n\t\t\t\t<div class=\"elementor-element elementor-element-f4a683f elementor-widget elementor-widget-spacer\" data-id=\"f4a683f\" data-element_type=\"widget\" data-e-type=\"widget\" data-widget_type=\"spacer.default\">\n\t\t\t\t\t\t\t<div class=\"elementor-spacer\">\n\t\t\t<div class=\"elementor-spacer-inner\"><\/div>\n\t\t<\/div>\n\t\t\t\t\t\t<\/div>\n\t\t\t\t\t<\/div>\n\t\t\t\t<\/div>\n\t\t\t\t<\/div>","protected":false},"excerpt":{"rendered":"<p>Env\u00edos Todos nuestros relojes se realizan bajo encargo para cada cliente, garantizando la m\u00e1xima personalizaci\u00f3n y calidad en cada pieza. La mayor\u00eda de nuestros relojes son ensamblados por nosotros en Espa\u00f1a; sin embargo, dependiendo de la disponibilidad de las piezas, algunos relojes pueden ser ensamblados y enviados directamente desde distintos proveedores internacionales, con el fin [&hellip;]<\/p>\n","protected":false},"author":1,"featured_media":0,"parent":0,"menu_order":0,"comment_status":"closed","ping_status":"closed","template":"template-builder.php","meta":{"_acf_changed":false,"_joinchat":[],"footnotes":""},"class_list":["post-181","page","type-page","status-publish","hentry"],"acf":[],"yoast_head":"<!-- This site is optimized with the Yoast SEO plugin v27.4 - https:\/\/yoast.com\/product\/yoast-seo-wordpress\/ -->\n<title>Pol\u00edtica de env\u00edos y devoluciones | Timeworks\u2122 | Custom Watches<\/title>\n<meta name=\"description\" content=\"Revisa la pol\u00edtica de env\u00edos y devoluciones de Timeworks Mods y compra con total tranquilidad en nuestra tienda de relojes online.\" \/>\n<meta name=\"robots\" content=\"noindex, nofollow\" \/>\n<meta property=\"og:locale\" content=\"de_DE\" \/>\n<meta property=\"og:type\" content=\"article\" \/>\n<meta property=\"og:title\" content=\"Pol\u00edtica de env\u00edos y devoluciones | Timeworks\u2122 | Custom Watches\" \/>\n<meta property=\"og:description\" content=\"Revisa la pol\u00edtica de env\u00edos y devoluciones de Timeworks Mods y compra con total tranquilidad en nuestra tienda de relojes online.\" \/>\n<meta property=\"og:url\" content=\"https:\/\/timeworksmods.com\/de\/politiken-versand-rucksendungen\/\" \/>\n<meta property=\"og:site_name\" content=\"Timeworks\u2122 | Custom Watches\" \/>\n<meta property=\"article:publisher\" content=\"https:\/\/www.facebook.com\/timeworksmods\/\" \/>\n<meta property=\"article:modified_time\" content=\"2026-04-17T08:38:20+00:00\" \/>\n<meta property=\"og:image\" content=\"https:\/\/timeworksmods.com\/wp-content\/uploads\/2025\/12\/ad972f10e0800b49d76fed33a21f6698.png\" \/>\n\t<meta property=\"og:image:width\" content=\"1500\" \/>\n\t<meta property=\"og:image:height\" content=\"200\" \/>\n\t<meta property=\"og:image:type\" content=\"image\/png\" \/>\n<meta name=\"twitter:card\" content=\"summary_large_image\" \/>\n<meta name=\"twitter:label1\" content=\"Gesch\u00e4tzte Lesezeit\" \/>\n\t<meta name=\"twitter:data1\" content=\"2\u00a0Minuten\" \/>\n<script type=\"application\/ld+json\" class=\"yoast-schema-graph\">{\"@context\":\"https:\\\/\\\/schema.org\",\"@graph\":[{\"@type\":\"WebPage\",\"@id\":\"https:\\\/\\\/timeworksmods.com\\\/politicas-envios-devoluciones\\\/\",\"url\":\"https:\\\/\\\/timeworksmods.com\\\/politicas-envios-devoluciones\\\/\",\"name\":\"Pol\u00edtica de env\u00edos y devoluciones | Timeworks\u2122 | Custom Watches\",\"isPartOf\":{\"@id\":\"https:\\\/\\\/timeworksmods.com\\\/#website\"},\"datePublished\":\"2025-12-03T08:00:10+00:00\",\"dateModified\":\"2026-04-17T08:38:20+00:00\",\"description\":\"Revisa la pol\u00edtica de env\u00edos y devoluciones de Timeworks Mods y compra con total tranquilidad en nuestra tienda de relojes online.\",\"breadcrumb\":{\"@id\":\"https:\\\/\\\/timeworksmods.com\\\/politicas-envios-devoluciones\\\/#breadcrumb\"},\"inLanguage\":\"de\",\"potentialAction\":[{\"@type\":\"ReadAction\",\"target\":[\"https:\\\/\\\/timeworksmods.com\\\/politicas-envios-devoluciones\\\/\"]}]},{\"@type\":\"BreadcrumbList\",\"@id\":\"https:\\\/\\\/timeworksmods.com\\\/politicas-envios-devoluciones\\\/#breadcrumb\",\"itemListElement\":[{\"@type\":\"ListItem\",\"position\":1,\"name\":\"Portada\",\"item\":\"https:\\\/\\\/timeworksmods.com\\\/\"},{\"@type\":\"ListItem\",\"position\":2,\"name\":\"Pol\u00edtica de env\u00edos y devoluciones\"}]},{\"@type\":\"WebSite\",\"@id\":\"https:\\\/\\\/timeworksmods.com\\\/#website\",\"url\":\"https:\\\/\\\/timeworksmods.com\\\/\",\"name\":\"Timeworks\u2122 | Seiko Mods\",\"description\":\"Tu Tienda de Mods Personalizados\",\"publisher\":{\"@id\":\"https:\\\/\\\/timeworksmods.com\\\/#organization\"},\"alternateName\":\"Timeworks\u2122 | Seiko Mods\",\"potentialAction\":[{\"@type\":\"SearchAction\",\"target\":{\"@type\":\"EntryPoint\",\"urlTemplate\":\"https:\\\/\\\/timeworksmods.com\\\/?s={search_term_string}\"},\"query-input\":{\"@type\":\"PropertyValueSpecification\",\"valueRequired\":true,\"valueName\":\"search_term_string\"}}],\"inLanguage\":\"de\"},{\"@type\":\"Organization\",\"@id\":\"https:\\\/\\\/timeworksmods.com\\\/#organization\",\"name\":\"Timeworks\u2122 | Seiko Mods\",\"alternateName\":\"Timeworks\u2122 | Custom Seiko Mods\",\"url\":\"https:\\\/\\\/timeworksmods.com\\\/\",\"logo\":{\"@type\":\"ImageObject\",\"inLanguage\":\"de\",\"@id\":\"https:\\\/\\\/timeworksmods.com\\\/#\\\/schema\\\/logo\\\/image\\\/\",\"url\":\"https:\\\/\\\/timeworksmods.com\\\/wp-content\\\/uploads\\\/2025\\\/12\\\/148510031349642de5ca0c544f31b2ef.png\",\"contentUrl\":\"https:\\\/\\\/timeworksmods.com\\\/wp-content\\\/uploads\\\/2025\\\/12\\\/148510031349642de5ca0c544f31b2ef.png\",\"width\":512,\"height\":512,\"caption\":\"Timeworks\u2122 | Seiko Mods\"},\"image\":{\"@id\":\"https:\\\/\\\/timeworksmods.com\\\/#\\\/schema\\\/logo\\\/image\\\/\"},\"sameAs\":[\"https:\\\/\\\/www.facebook.com\\\/timeworksmods\\\/\",\"https:\\\/\\\/www.instagram.com\\\/timeworksmods\\\/\",\"https:\\\/\\\/www.tiktok.com\\\/@timeworksmods\"]}]}<\/script>\n<!-- \/ Yoast SEO plugin. -->","yoast_head_json":{"title":"Versand- und R\u00fcckgaberichtlinien | Timeworks\u2122 | Individuelle Uhren","description":"\u00dcberpr\u00fcfen Sie die Versand- und R\u00fcckgaberichtlinien von Timeworks Mods und kaufen Sie beruhigt in unserem Online-Uhrenshop ein.","robots":{"index":"noindex","follow":"nofollow"},"og_locale":"de_DE","og_type":"article","og_title":"Pol\u00edtica de env\u00edos y devoluciones | Timeworks\u2122 | Custom Watches","og_description":"Revisa la pol\u00edtica de env\u00edos y devoluciones de Timeworks Mods y compra con total tranquilidad en nuestra tienda de relojes online.","og_url":"https:\/\/timeworksmods.com\/de\/politiken-versand-rucksendungen\/","og_site_name":"Timeworks\u2122 | Custom Watches","article_publisher":"https:\/\/www.facebook.com\/timeworksmods\/","article_modified_time":"2026-04-17T08:38:20+00:00","og_image":[{"width":1500,"height":200,"url":"https:\/\/timeworksmods.com\/wp-content\/uploads\/2025\/12\/ad972f10e0800b49d76fed33a21f6698.png","type":"image\/png"}],"twitter_card":"summary_large_image","twitter_misc":{"Gesch\u00e4tzte Lesezeit":"2\u00a0Minuten"},"schema":{"@context":"https:\/\/schema.org","@graph":[{"@type":"WebPage","@id":"https:\/\/timeworksmods.com\/politicas-envios-devoluciones\/","url":"https:\/\/timeworksmods.com\/politicas-envios-devoluciones\/","name":"Versand- und R\u00fcckgaberichtlinien | Timeworks\u2122 | Individuelle Uhren","isPartOf":{"@id":"https:\/\/timeworksmods.com\/#website"},"datePublished":"2025-12-03T08:00:10+00:00","dateModified":"2026-04-17T08:38:20+00:00","description":"\u00dcberpr\u00fcfen Sie die Versand- und R\u00fcckgaberichtlinien von Timeworks Mods und kaufen Sie beruhigt in unserem Online-Uhrenshop ein.","breadcrumb":{"@id":"https:\/\/timeworksmods.com\/politicas-envios-devoluciones\/#breadcrumb"},"inLanguage":"de","potentialAction":[{"@type":"ReadAction","target":["https:\/\/timeworksmods.com\/politicas-envios-devoluciones\/"]}]},{"@type":"BreadcrumbList","@id":"https:\/\/timeworksmods.com\/politicas-envios-devoluciones\/#breadcrumb","itemListElement":[{"@type":"ListItem","position":1,"name":"Portada","item":"https:\/\/timeworksmods.com\/"},{"@type":"ListItem","position":2,"name":"Pol\u00edtica de env\u00edos y devoluciones"}]},{"@type":"WebSite","@id":"https:\/\/timeworksmods.com\/#website","url":"https:\/\/timeworksmods.com\/","name":"Timeworks\u2122 | Seiko Umbauten","description":"Dein personalisierter Mod-Shop","publisher":{"@id":"https:\/\/timeworksmods.com\/#organization"},"alternateName":"Timeworks\u2122 | Seiko Mods","potentialAction":[{"@type":"SearchAction","target":{"@type":"EntryPoint","urlTemplate":"https:\/\/timeworksmods.com\/?s={search_term_string}"},"query-input":{"@type":"PropertyValueSpecification","valueRequired":true,"valueName":"search_term_string"}}],"inLanguage":"de"},{"@type":"Organization","@id":"https:\/\/timeworksmods.com\/#organization","name":"Timeworks\u2122 | Seiko Umbauten","alternateName":"Timeworks\u2122 | Custom Seiko Mods","url":"https:\/\/timeworksmods.com\/","logo":{"@type":"ImageObject","inLanguage":"de","@id":"https:\/\/timeworksmods.com\/#\/schema\/logo\/image\/","url":"https:\/\/timeworksmods.com\/wp-content\/uploads\/2025\/12\/148510031349642de5ca0c544f31b2ef.png","contentUrl":"https:\/\/timeworksmods.com\/wp-content\/uploads\/2025\/12\/148510031349642de5ca0c544f31b2ef.png","width":512,"height":512,"caption":"Timeworks\u2122 | Seiko Mods"},"image":{"@id":"https:\/\/timeworksmods.com\/#\/schema\/logo\/image\/"},"sameAs":["https:\/\/www.facebook.com\/timeworksmods\/","https:\/\/www.instagram.com\/timeworksmods\/","https:\/\/www.tiktok.com\/@timeworksmods"]}]}},"_links":{"self":[{"href":"https:\/\/timeworksmods.com\/de\/wp-json\/wp\/v2\/pages\/181","targetHints":{"allow":["GET"]}}],"collection":[{"href":"https:\/\/timeworksmods.com\/de\/wp-json\/wp\/v2\/pages"}],"about":[{"href":"https:\/\/timeworksmods.com\/de\/wp-json\/wp\/v2\/types\/page"}],"author":[{"embeddable":true,"href":"https:\/\/timeworksmods.com\/de\/wp-json\/wp\/v2\/users\/1"}],"replies":[{"embeddable":true,"href":"https:\/\/timeworksmods.com\/de\/wp-json\/wp\/v2\/comments?post=181"}],"version-history":[{"count":44,"href":"https:\/\/timeworksmods.com\/de\/wp-json\/wp\/v2\/pages\/181\/revisions"}],"predecessor-version":[{"id":5607,"href":"https:\/\/timeworksmods.com\/de\/wp-json\/wp\/v2\/pages\/181\/revisions\/5607"}],"wp:attachment":[{"href":"https:\/\/timeworksmods.com\/de\/wp-json\/wp\/v2\/media?parent=181"}],"curies":[{"name":"wp","href":"https:\/\/api.w.org\/{rel}","templated":true}]}}