{"id":2669,"date":"2025-12-18T09:42:43","date_gmt":"2025-12-18T08:42:43","guid":{"rendered":"https:\/\/timeworksmods.com\/?page_id=2669"},"modified":"2026-04-17T10:34:46","modified_gmt":"2026-04-17T08:34:46","slug":"garantia","status":"publish","type":"page","link":"https:\/\/timeworksmods.com\/de\/garantie\/","title":{"rendered":"Garantie"},"content":{"rendered":"<div data-elementor-type=\"wp-page\" data-elementor-id=\"2669\" class=\"elementor elementor-2669\" data-elementor-post-type=\"page\">\n\t\t\t\t<div class=\"e-con-top elementor-element elementor-element-4f2af731 e-flex e-con-boxed e-con e-parent\" data-id=\"4f2af731\" data-element_type=\"container\" data-e-type=\"container\">\n\t\t\t\t\t<div class=\"e-con-inner\">\n\t\t<div class=\"elementor-element elementor-element-1f6db296 e-con-full e-flex e-con e-child\" data-id=\"1f6db296\" data-element_type=\"container\" data-e-type=\"container\">\n\t\t\t\t<\/div>\n\t\t\t\t\t<\/div>\n\t\t\t\t<\/div>\n\t\t<div class=\"e-con-top elementor-element elementor-element-1a5c123b e-flex e-con-boxed e-con e-parent\" data-id=\"1a5c123b\" data-element_type=\"container\" data-e-type=\"container\">\n\t\t\t\t\t<div class=\"e-con-inner\">\n\t\t\t\t<div class=\"elementor-element elementor-element-680c758f elementor-widget elementor-widget-text-editor\" data-id=\"680c758f\" data-element_type=\"widget\" data-e-type=\"widget\" data-widget_type=\"text-editor.default\">\n\t\t\t\t\t\t\t\t\t<p data-start=\"158\" data-end=\"251\"><strong data-start=\"203\" data-end=\"225\">G\u00fcltigkeitsdatum:<\/strong> 18. Dezember 2025<\/p>\n<p data-start=\"253\" data-end=\"567\">Bei Timeworks Mods verpflichten wir uns zu Qualit\u00e4t und Handwerkskunst unserer individuellen Uhren. Unser Ziel ist es, die Kundenzufriedenheit und das Vertrauen in unsere Produkte sicherzustellen. Diese Garantiebestimmungen beschreiben die Abdeckung und die Verfahren f\u00fcr die Inanspruchnahme von Garantieleistungen.<\/p>\n<h3 data-start=\"569\" data-end=\"597\">Garantieabdeckung<\/h3>\n<p data-start=\"598\" data-end=\"770\">Abgedeckte Produkte: Diese Garantie gilt f\u00fcr kundenspezifische Uhren von Timeworks Mods, die direkt von Timeworks Mods oder autorisierten H\u00e4ndlern erworben wurden.<\/p>\n<p data-start=\"772\" data-end=\"792\">Die Garantie deckt ab:<\/p>\n<ul data-start=\"793\" data-end=\"1087\">\n<li data-start=\"793\" data-end=\"884\">\n<p data-start=\"795\" data-end=\"884\">M\u00e4ngel an Material und Verarbeitung bei normaler Nutzung und Wartung.<\/p>\n<\/li>\n<li data-start=\"885\" data-end=\"971\">\n<p data-start=\"887\" data-end=\"971\">Reparatur oder Ersatz von Teilen, die zur Behebung von Herstellungsfehlern erforderlich sind.<\/p>\n<\/li>\n<li data-start=\"972\" data-end=\"1087\">\n<p data-start=\"974\" data-end=\"1087\">Bewegungen, die nicht mehr richtig funktionieren und die nicht unsachgem\u00e4\u00df Fl\u00fcssigkeiten ausgesetzt waren.<\/p>\n<\/li>\n<\/ul>\n<p data-start=\"1089\" data-end=\"1219\">Garantiezeitraum: Die Garantie dauert 2 Jahre ab dem Datum des urspr\u00fcnglichen Kaufs durch den Erstk\u00e4ufer.<\/p>\n<h3 data-start=\"1221\" data-end=\"1251\">Garantieausschl\u00fcsse<\/h3>\n<p data-start=\"1252\" data-end=\"1367\">Diese Garantie deckt keine Sch\u00e4den ab, die durch \u00e4u\u00dfere Einfl\u00fcsse oder unsachgem\u00e4\u00dfe Verwendung verursacht wurden, einschlie\u00dflich, aber nicht beschr\u00e4nkt auf:<\/p>\n<ul data-start=\"1368\" data-end=\"1750\">\n<li data-start=\"1368\" data-end=\"1413\">\n<p data-start=\"1370\" data-end=\"1413\">Unf\u00e4lle, Missbrauch, Fahrl\u00e4ssigkeit oder Fehlgebrauch.<\/p>\n<\/li>\n<li data-start=\"1414\" data-end=\"1480\">\n<p data-start=\"1416\" data-end=\"1480\">\u00d6ffnung des Uhrengeh\u00e4uses oder nicht autorisierte Modifikationen.<\/p>\n<\/li>\n<li data-start=\"1481\" data-end=\"1544\">\n<p data-start=\"1483\" data-end=\"1544\">Nichteinhaltung der Gebrauchs- oder Wartungsanweisungen.<\/p>\n<\/li>\n<li data-start=\"1545\" data-end=\"1609\">\n<p data-start=\"1547\" data-end=\"1609\">Normaler Verschlei\u00df, Kratzer, Verf\u00e4rbung oder Glanzverlust.<\/p>\n<\/li>\n<li data-start=\"1610\" data-end=\"1750\">\n<p data-start=\"1612\" data-end=\"1750\">Wassereintritt, da nicht \u00fcberpr\u00fcft werden kann, ob der Schaden durch unsachgem\u00e4\u00dfen Gebrauch des Kunden verursacht wurde (offene Krone oder ein f\u00fcr das Modell unzul\u00e4ssiger Druck).<\/p>\n<\/li>\n<\/ul>\n<h3 data-start=\"1752\" data-end=\"1800\">Verfahren f\u00fcr Garantieanspr\u00fcche<\/h3>\n<ol data-start=\"1801\" data-end=\"2470\">\n<li data-start=\"1801\" data-end=\"2009\">\n<p data-start=\"1804\" data-end=\"2009\"><strong data-start=\"1804\" data-end=\"1817\">Kontakt<\/strong> Um einen Garantieanspruch einzuleiten, wenden Sie sich an Timeworks Mods unter <a class=\"decorated-link cursor-pointer\" rel=\"noopener\" data-start=\"1892\" data-end=\"1914\">info@timeworksmods.com<\/a>\u00a0um das Problem und die am besten geeignete L\u00f6sung zu bestimmen.<\/p>\n<\/li>\n<li data-start=\"2010\" data-end=\"2113\">\n<p data-start=\"2013\" data-end=\"2113\"><strong data-start=\"2013\" data-end=\"2039\">Kaufbeleg<\/strong> Der urspr\u00fcngliche Kaufnachweis, wie z. B. eine Rechnung oder eine Quittung, wird angefordert.<\/p>\n<\/li>\n<li data-start=\"2114\" data-end=\"2322\">\n<p data-start=\"2117\" data-end=\"2322\"><strong data-start=\"2117\" data-end=\"2137\">Versandkosten<\/strong> Der Kunde ist daf\u00fcr verantwortlich, das defekte Produkt an Timeworks Mods zu senden. Wenn die Reklamation g\u00fcltig ist, \u00fcbernehmen wir die R\u00fccksendekosten f\u00fcr die reparierte oder ersetzte Uhr.<\/p>\n<\/li>\n<li data-start=\"2323\" data-end=\"2470\">\n<p data-start=\"2326\" data-end=\"2470\"><strong data-start=\"2326\" data-end=\"2350\">\u00dcberpr\u00fcfungsprozess<\/strong> Sobald wir es erhalten haben, werden wir das Produkt pr\u00fcfen und Sie innerhalb einer angemessenen Frist \u00fcber den Status Ihres Anspruchs informieren.<\/p>\n<\/li>\n<\/ol>\n<h3 data-start=\"2472\" data-end=\"2505\">Haftungsbeschr\u00e4nkung<\/h3>\n<p data-start=\"2506\" data-end=\"2743\">Timeworks Mods \u00fcbernimmt keine Haftung f\u00fcr indirekte oder Folgesch\u00e4den, die aus der Nutzung des Produkts oder aus einem Versto\u00df gegen diese Garantie entstehen. Implizite Garantien sind auf die Dauer dieser ausdr\u00fccklichen Garantie beschr\u00e4nkt.<\/p>\n<p data-start=\"2745\" data-end=\"2899\">Diese Garantie gew\u00e4hrt Ihnen bestimmte gesetzliche Rechte, und Sie k\u00f6nnen je nach geltendem Recht in Ihrer Gerichtsbarkeit zus\u00e4tzliche Rechte haben.<\/p>\n<h3 data-start=\"2901\" data-end=\"2939\">Garantiepolitische \u00c4nderungen<\/h3>\n<p data-start=\"2940\" data-end=\"3135\">Timeworks Mods beh\u00e4lt sich das Recht vor, diese Garantiebestimmungen jederzeit zu aktualisieren oder zu \u00e4ndern. \u00c4nderungen werden auf unserer Website ver\u00f6ffentlicht und treten sofort in Kraft.<\/p>\n<p data-start=\"3137\" data-end=\"3255\">F\u00fcr jegliche Zweifel oder weitere Informationen bez\u00fcglich der Garantie, kontaktieren Sie unseren Kundenservice.<\/p>\n<p><!-- \/wp:paragraph --><\/p>\t\t\t\t\t\t\t\t<\/div>\n\t\t\t\t\t<\/div>\n\t\t\t\t<\/div>\n\t\t\t\t<\/div>","protected":false},"excerpt":{"rendered":"<p>Fecha de vigencia: 18 de diciembre de 2025 En Timeworks Mods, nos comprometemos con la calidad y la artesan\u00eda de nuestros relojes personalizados. Nuestro objetivo es garantizar la satisfacci\u00f3n del cliente y la confianza en nuestros productos. Esta Pol\u00edtica de Garant\u00eda describe la cobertura y los procedimientos para solicitar el servicio de garant\u00eda. Cobertura de [&hellip;]<\/p>\n","protected":false},"author":1,"featured_media":0,"parent":0,"menu_order":0,"comment_status":"closed","ping_status":"closed","template":"template-builder.php","meta":{"_acf_changed":false,"_joinchat":[],"footnotes":""},"class_list":["post-2669","page","type-page","status-publish","hentry"],"acf":[],"yoast_head":"<!-- This site is optimized with the Yoast SEO plugin v27.4 - https:\/\/yoast.com\/product\/yoast-seo-wordpress\/ -->\n<title>Pol\u00edtica de Garant\u00eda<\/title>\n<meta name=\"description\" content=\"Conoce la garant\u00eda de Timeworks Mods y c\u00f3mo protegemos tus compras. Informaci\u00f3n sobre cobertura y condiciones aplicables.\" \/>\n<meta name=\"robots\" content=\"index, follow, max-snippet:-1, max-image-preview:large, max-video-preview:-1\" \/>\n<link rel=\"canonical\" href=\"https:\/\/timeworksmods.com\/de\/garantie\/\" \/>\n<meta property=\"og:locale\" content=\"de_DE\" \/>\n<meta property=\"og:type\" content=\"article\" \/>\n<meta property=\"og:title\" content=\"Pol\u00edtica de Garant\u00eda\" \/>\n<meta property=\"og:description\" content=\"Conoce la garant\u00eda de Timeworks Mods y c\u00f3mo protegemos tus compras. Informaci\u00f3n sobre cobertura y condiciones aplicables.\" \/>\n<meta property=\"og:url\" content=\"https:\/\/timeworksmods.com\/de\/garantie\/\" \/>\n<meta property=\"og:site_name\" content=\"Timeworks\u2122 | Custom Watches\" \/>\n<meta property=\"article:publisher\" content=\"https:\/\/www.facebook.com\/timeworksmods\/\" \/>\n<meta property=\"article:modified_time\" content=\"2026-04-17T08:34:46+00:00\" \/>\n<meta property=\"og:image\" content=\"https:\/\/timeworksmods.com\/wp-content\/uploads\/2025\/12\/ad972f10e0800b49d76fed33a21f6698.png\" \/>\n\t<meta property=\"og:image:width\" content=\"1500\" \/>\n\t<meta property=\"og:image:height\" content=\"200\" \/>\n\t<meta property=\"og:image:type\" content=\"image\/png\" \/>\n<meta name=\"twitter:card\" content=\"summary_large_image\" \/>\n<meta name=\"twitter:label1\" content=\"Gesch\u00e4tzte Lesezeit\" \/>\n\t<meta name=\"twitter:data1\" content=\"2\u00a0Minuten\" \/>\n<script type=\"application\/ld+json\" class=\"yoast-schema-graph\">{\"@context\":\"https:\\\/\\\/schema.org\",\"@graph\":[{\"@type\":\"WebPage\",\"@id\":\"https:\\\/\\\/timeworksmods.com\\\/garantia\\\/\",\"url\":\"https:\\\/\\\/timeworksmods.com\\\/garantia\\\/\",\"name\":\"Pol\u00edtica de Garant\u00eda\",\"isPartOf\":{\"@id\":\"https:\\\/\\\/timeworksmods.com\\\/#website\"},\"datePublished\":\"2025-12-18T08:42:43+00:00\",\"dateModified\":\"2026-04-17T08:34:46+00:00\",\"description\":\"Conoce la garant\u00eda de Timeworks Mods y c\u00f3mo protegemos tus compras. Informaci\u00f3n sobre cobertura y condiciones aplicables.\",\"breadcrumb\":{\"@id\":\"https:\\\/\\\/timeworksmods.com\\\/garantia\\\/#breadcrumb\"},\"inLanguage\":\"de\",\"potentialAction\":[{\"@type\":\"ReadAction\",\"target\":[\"https:\\\/\\\/timeworksmods.com\\\/garantia\\\/\"]}]},{\"@type\":\"BreadcrumbList\",\"@id\":\"https:\\\/\\\/timeworksmods.com\\\/garantia\\\/#breadcrumb\",\"itemListElement\":[{\"@type\":\"ListItem\",\"position\":1,\"name\":\"Portada\",\"item\":\"https:\\\/\\\/timeworksmods.com\\\/\"},{\"@type\":\"ListItem\",\"position\":2,\"name\":\"Garant\u00eda\"}]},{\"@type\":\"WebSite\",\"@id\":\"https:\\\/\\\/timeworksmods.com\\\/#website\",\"url\":\"https:\\\/\\\/timeworksmods.com\\\/\",\"name\":\"Timeworks\u2122 | Seiko Mods\",\"description\":\"Tu Tienda de Mods Personalizados\",\"publisher\":{\"@id\":\"https:\\\/\\\/timeworksmods.com\\\/#organization\"},\"alternateName\":\"Timeworks\u2122 | Seiko Mods\",\"potentialAction\":[{\"@type\":\"SearchAction\",\"target\":{\"@type\":\"EntryPoint\",\"urlTemplate\":\"https:\\\/\\\/timeworksmods.com\\\/?s={search_term_string}\"},\"query-input\":{\"@type\":\"PropertyValueSpecification\",\"valueRequired\":true,\"valueName\":\"search_term_string\"}}],\"inLanguage\":\"de\"},{\"@type\":\"Organization\",\"@id\":\"https:\\\/\\\/timeworksmods.com\\\/#organization\",\"name\":\"Timeworks\u2122 | Seiko Mods\",\"alternateName\":\"Timeworks\u2122 | Custom Seiko Mods\",\"url\":\"https:\\\/\\\/timeworksmods.com\\\/\",\"logo\":{\"@type\":\"ImageObject\",\"inLanguage\":\"de\",\"@id\":\"https:\\\/\\\/timeworksmods.com\\\/#\\\/schema\\\/logo\\\/image\\\/\",\"url\":\"https:\\\/\\\/timeworksmods.com\\\/wp-content\\\/uploads\\\/2025\\\/12\\\/148510031349642de5ca0c544f31b2ef.png\",\"contentUrl\":\"https:\\\/\\\/timeworksmods.com\\\/wp-content\\\/uploads\\\/2025\\\/12\\\/148510031349642de5ca0c544f31b2ef.png\",\"width\":512,\"height\":512,\"caption\":\"Timeworks\u2122 | Seiko Mods\"},\"image\":{\"@id\":\"https:\\\/\\\/timeworksmods.com\\\/#\\\/schema\\\/logo\\\/image\\\/\"},\"sameAs\":[\"https:\\\/\\\/www.facebook.com\\\/timeworksmods\\\/\",\"https:\\\/\\\/www.instagram.com\\\/timeworksmods\\\/\",\"https:\\\/\\\/www.tiktok.com\\\/@timeworksmods\"]}]}<\/script>\n<!-- \/ Yoast SEO plugin. -->","yoast_head_json":{"title":"Garantiepolitik","description":"Erfahren Sie mehr \u00fcber die Garantie von Timeworks Mods und wie wir Ihre Eink\u00e4ufe sch\u00fctzen. Informationen zu Abdeckung und geltenden Bedingungen.","robots":{"index":"index","follow":"follow","max-snippet":"max-snippet:-1","max-image-preview":"max-image-preview:large","max-video-preview":"max-video-preview:-1"},"canonical":"https:\/\/timeworksmods.com\/de\/garantie\/","og_locale":"de_DE","og_type":"article","og_title":"Pol\u00edtica de Garant\u00eda","og_description":"Conoce la garant\u00eda de Timeworks Mods y c\u00f3mo protegemos tus compras. Informaci\u00f3n sobre cobertura y condiciones aplicables.","og_url":"https:\/\/timeworksmods.com\/de\/garantie\/","og_site_name":"Timeworks\u2122 | Custom Watches","article_publisher":"https:\/\/www.facebook.com\/timeworksmods\/","article_modified_time":"2026-04-17T08:34:46+00:00","og_image":[{"width":1500,"height":200,"url":"https:\/\/timeworksmods.com\/wp-content\/uploads\/2025\/12\/ad972f10e0800b49d76fed33a21f6698.png","type":"image\/png"}],"twitter_card":"summary_large_image","twitter_misc":{"Gesch\u00e4tzte Lesezeit":"2\u00a0Minuten"},"schema":{"@context":"https:\/\/schema.org","@graph":[{"@type":"WebPage","@id":"https:\/\/timeworksmods.com\/garantia\/","url":"https:\/\/timeworksmods.com\/garantia\/","name":"Garantiepolitik","isPartOf":{"@id":"https:\/\/timeworksmods.com\/#website"},"datePublished":"2025-12-18T08:42:43+00:00","dateModified":"2026-04-17T08:34:46+00:00","description":"Erfahren Sie mehr \u00fcber die Garantie von Timeworks Mods und wie wir Ihre Eink\u00e4ufe sch\u00fctzen. Informationen zu Abdeckung und geltenden Bedingungen.","breadcrumb":{"@id":"https:\/\/timeworksmods.com\/garantia\/#breadcrumb"},"inLanguage":"de","potentialAction":[{"@type":"ReadAction","target":["https:\/\/timeworksmods.com\/garantia\/"]}]},{"@type":"BreadcrumbList","@id":"https:\/\/timeworksmods.com\/garantia\/#breadcrumb","itemListElement":[{"@type":"ListItem","position":1,"name":"Portada","item":"https:\/\/timeworksmods.com\/"},{"@type":"ListItem","position":2,"name":"Garant\u00eda"}]},{"@type":"WebSite","@id":"https:\/\/timeworksmods.com\/#website","url":"https:\/\/timeworksmods.com\/","name":"Timeworks\u2122 | Seiko Umbauten","description":"Dein personalisierter Mod-Shop","publisher":{"@id":"https:\/\/timeworksmods.com\/#organization"},"alternateName":"Timeworks\u2122 | Seiko Mods","potentialAction":[{"@type":"SearchAction","target":{"@type":"EntryPoint","urlTemplate":"https:\/\/timeworksmods.com\/?s={search_term_string}"},"query-input":{"@type":"PropertyValueSpecification","valueRequired":true,"valueName":"search_term_string"}}],"inLanguage":"de"},{"@type":"Organization","@id":"https:\/\/timeworksmods.com\/#organization","name":"Timeworks\u2122 | Seiko Umbauten","alternateName":"Timeworks\u2122 | Custom Seiko Mods","url":"https:\/\/timeworksmods.com\/","logo":{"@type":"ImageObject","inLanguage":"de","@id":"https:\/\/timeworksmods.com\/#\/schema\/logo\/image\/","url":"https:\/\/timeworksmods.com\/wp-content\/uploads\/2025\/12\/148510031349642de5ca0c544f31b2ef.png","contentUrl":"https:\/\/timeworksmods.com\/wp-content\/uploads\/2025\/12\/148510031349642de5ca0c544f31b2ef.png","width":512,"height":512,"caption":"Timeworks\u2122 | Seiko Mods"},"image":{"@id":"https:\/\/timeworksmods.com\/#\/schema\/logo\/image\/"},"sameAs":["https:\/\/www.facebook.com\/timeworksmods\/","https:\/\/www.instagram.com\/timeworksmods\/","https:\/\/www.tiktok.com\/@timeworksmods"]}]}},"_links":{"self":[{"href":"https:\/\/timeworksmods.com\/de\/wp-json\/wp\/v2\/pages\/2669","targetHints":{"allow":["GET"]}}],"collection":[{"href":"https:\/\/timeworksmods.com\/de\/wp-json\/wp\/v2\/pages"}],"about":[{"href":"https:\/\/timeworksmods.com\/de\/wp-json\/wp\/v2\/types\/page"}],"author":[{"embeddable":true,"href":"https:\/\/timeworksmods.com\/de\/wp-json\/wp\/v2\/users\/1"}],"replies":[{"embeddable":true,"href":"https:\/\/timeworksmods.com\/de\/wp-json\/wp\/v2\/comments?post=2669"}],"version-history":[{"count":11,"href":"https:\/\/timeworksmods.com\/de\/wp-json\/wp\/v2\/pages\/2669\/revisions"}],"predecessor-version":[{"id":5601,"href":"https:\/\/timeworksmods.com\/de\/wp-json\/wp\/v2\/pages\/2669\/revisions\/5601"}],"wp:attachment":[{"href":"https:\/\/timeworksmods.com\/de\/wp-json\/wp\/v2\/media?parent=2669"}],"curies":[{"name":"wp","href":"https:\/\/api.w.org\/{rel}","templated":true}]}}