{"id":2683,"date":"2025-12-18T09:56:02","date_gmt":"2025-12-18T08:56:02","guid":{"rendered":"https:\/\/timeworksmods.com\/?page_id=2683"},"modified":"2026-04-10T10:07:08","modified_gmt":"2026-04-10T08:07:08","slug":"politicas-de-privacidad","status":"publish","type":"page","link":"https:\/\/timeworksmods.com\/de\/datenschutzrichtlinien\/","title":{"rendered":"Datenschutzerkl\u00e4rung"},"content":{"rendered":"<div data-elementor-type=\"wp-page\" data-elementor-id=\"2683\" class=\"elementor elementor-2683\" data-elementor-post-type=\"page\">\n\t\t\t\t<div class=\"e-con-top elementor-element elementor-element-4f2af731 e-flex e-con-boxed e-con e-parent\" data-id=\"4f2af731\" data-element_type=\"container\" data-e-type=\"container\">\n\t\t\t\t\t<div class=\"e-con-inner\">\n\t\t<div class=\"elementor-element elementor-element-1f6db296 e-con-full e-flex e-con e-child\" data-id=\"1f6db296\" data-element_type=\"container\" data-e-type=\"container\">\n\t\t\t\t<\/div>\n\t\t\t\t\t<\/div>\n\t\t\t\t<\/div>\n\t\t<div class=\"e-con-top elementor-element elementor-element-1a5c123b e-flex e-con-boxed e-con e-parent\" data-id=\"1a5c123b\" data-element_type=\"container\" data-e-type=\"container\">\n\t\t\t\t\t<div class=\"e-con-inner\">\n\t\t\t\t<div class=\"elementor-element elementor-element-680c758f elementor-widget elementor-widget-text-editor\" data-id=\"680c758f\" data-element_type=\"widget\" data-e-type=\"widget\" data-widget_type=\"text-editor.default\">\n\t\t\t\t\t\t\t\t\t<h3 data-start=\"569\" data-end=\"597\">Verantwortliche Person<\/h3>\n<ul data-start=\"349\" data-end=\"582\">\n<li data-start=\"349\" data-end=\"419\">\n<p data-start=\"351\" data-end=\"419\"><strong data-start=\"351\" data-end=\"373\">Webseiten-Inhaber<\/strong>\u00a0\u00c1ngel S\u00e1nchez Dur\u00e1n, Selbstst\u00e4ndiger in Spanien<\/p>\n<\/li>\n<li data-start=\"420\" data-end=\"460\">\n<p data-start=\"422\" data-end=\"460\"><strong data-start=\"422\" data-end=\"443\">Handelsname<\/strong>\u00a0Zeitarbeit Mods<\/p>\n<\/li>\n<li data-start=\"461\" data-end=\"500\">\n<p data-start=\"463\" data-end=\"500\"><strong data-start=\"463\" data-end=\"477\">Adresse<\/strong>\u00a0B\u00e4der 18, Alange (06840), Badajoz<\/p>\n<\/li>\n<li data-start=\"501\" data-end=\"550\">\n<p data-start=\"503\" data-end=\"550\"><strong data-start=\"503\" data-end=\"526\">E-Mail<\/strong>\u00a0info@timeworksmods.com<\/p>\n<\/li>\n<li data-start=\"551\" data-end=\"582\">\n<p data-start=\"553\" data-end=\"582\"><strong data-start=\"553\" data-end=\"566\">Telefon<\/strong>\u00a0+34 684 48 51 88<\/p>\n<\/li>\n<\/ul>\n<p data-start=\"584\" data-end=\"717\">Timeworks Mods ist verantwortlich f\u00fcr die Verarbeitung der personenbezogenen Daten, die Sie uns bei der Nutzung unserer Website oder bei der Aufgabe einer Bestellung zur Verf\u00fcgung stellen.<\/p>\n<p data-start=\"584\" data-end=\"717\">\u00a0<\/p>\n<h3 data-start=\"569\" data-end=\"597\">Gesammelte Daten<\/h3>\n<p data-start=\"754\" data-end=\"821\">Wenn Sie unsere Website besuchen oder eine Bestellung aufgeben, k\u00f6nnen wir Folgendes sammeln:<\/p>\n<ul data-start=\"823\" data-end=\"1131\">\n<li data-start=\"823\" data-end=\"895\">\n<p data-start=\"825\" data-end=\"895\">Informationen zur Website-Nutzung: Cookies, IP-Adresse, Browser, usw.<\/p>\n<\/li>\n<li data-start=\"896\" data-end=\"915\">\n<p data-start=\"898\" data-end=\"915\">Vollst\u00e4ndiger Name<\/p>\n<\/li>\n<li data-start=\"916\" data-end=\"952\">\n<p data-start=\"918\" data-end=\"952\">Liefer- und Rechnungsadresse<\/p>\n<\/li>\n<li data-start=\"953\" data-end=\"988\">\n<p data-start=\"955\" data-end=\"988\">E-Mail-Adresse<\/p>\n<\/li>\n<li data-start=\"989\" data-end=\"1011\">\n<p data-start=\"991\" data-end=\"1011\">Telefonnummer<\/p>\n<\/li>\n<li data-start=\"1012\" data-end=\"1131\">\n<p data-start=\"1014\" data-end=\"1131\">Zahlungsinformationen (verarbeitet \u00fcber sichere Zahlungs-Gateways wie PayPal oder Stripe;\u00a0<strong data-start=\"1094\" data-end=\"1128\">Wir speichern keine Bankdaten<\/strong>)<\/p>\n<\/li>\n<\/ul>\n<p>\u00a0<\/p>\n<h3 data-start=\"569\" data-end=\"597\">Verwendungszweck der Behandlung<\/h3>\n<p data-start=\"1172\" data-end=\"1210\">Wir verwenden die gesammelten Daten f\u00fcr:<\/p>\n<ul data-start=\"1212\" data-end=\"1476\">\n<li data-start=\"1212\" data-end=\"1245\">\n<p data-start=\"1214\" data-end=\"1245\">Verarbeiten und senden Sie Ihre Bestellungen<\/p>\n<\/li>\n<li data-start=\"1246\" data-end=\"1293\">\n<p data-start=\"1248\" data-end=\"1293\">Erf\u00fcllung der rechtlichen und steuerlichen Verpflichtungen<\/p>\n<\/li>\n<li data-start=\"1294\" data-end=\"1335\">\n<p data-start=\"1296\" data-end=\"1335\">Kundendienst und -unterst\u00fctzung anbieten<\/p>\n<\/li>\n<li data-start=\"1336\" data-end=\"1377\">\n<p data-start=\"1338\" data-end=\"1377\">Deine Erfahrung im Web personalisieren<\/p>\n<\/li>\n<li data-start=\"1378\" data-end=\"1476\">\n<p data-start=\"1380\" data-end=\"1476\">Senden Sie Informationen \u00fcber Bestellungen, Werbeaktionen oder Neuigkeiten (nur wenn Sie zugestimmt haben)<\/p>\n<\/li>\n<\/ul>\n<p>\u00a0<\/p>\n<h3 data-start=\"569\" data-end=\"597\">Teilen Ihre Daten<\/h3>\n<p data-start=\"1511\" data-end=\"1604\">Wir verkaufen oder vermieten deine pers\u00f6nlichen Daten nicht an Dritte. Wir k\u00f6nnen Informationen teilen mit:<\/p>\n<ul data-start=\"1606\" data-end=\"1859\">\n<li data-start=\"1606\" data-end=\"1657\">\n<p data-start=\"1608\" data-end=\"1657\">Gesetzliche Beh\u00f6rden, falls gesetzlich gefordert<\/p>\n<\/li>\n<li data-start=\"1658\" data-end=\"1717\">\n<p data-start=\"1660\" data-end=\"1717\">Zahlungsdienstleister (PayPal, Stripe, etc.)<\/p>\n<\/li>\n<li data-start=\"1718\" data-end=\"1773\">\n<p data-start=\"1720\" data-end=\"1773\">Kurierunternehmen f\u00fcr den Versand Ihrer Bestellungen<\/p>\n<\/li>\n<li data-start=\"1774\" data-end=\"1859\">\n<p data-start=\"1776\" data-end=\"1859\">Datenanalyse- oder Marketingplattformen, ausschlie\u00dflich zur Verbesserung des Service<\/p>\n<\/li>\n<\/ul>\n<p>\u00a0<\/p>\n<div class=\"wp-block-group\">\n<h3 data-start=\"569\" data-end=\"597\">Datensicherheit<\/h3>\n<\/div>\n<p data-start=\"1897\" data-end=\"2057\">Wir haben technische und organisatorische Ma\u00dfnahmen implementiert, um Ihre personenbezogenen Daten vor Verlust, unbefugtem Zugriff, Ver\u00e4nderung oder Offenlegung zu sch\u00fctzen. Dazu geh\u00f6ren:<\/p>\n<ul data-start=\"2059\" data-end=\"2131\">\n<li data-start=\"2059\" data-end=\"2088\">\n<p data-start=\"2061\" data-end=\"2088\">SSL-Zertifikat im Web<\/p>\n<\/li>\n<li data-start=\"2089\" data-end=\"2131\">\n<p data-start=\"2091\" data-end=\"2131\">Zugang beschr\u00e4nkt zu internen Systemen<\/p>\n<\/li>\n<\/ul>\n<p>\u00a0<\/p>\n<h3 data-start=\"569\" data-end=\"597\">Kekse<\/h3>\n<p data-start=\"2154\" data-end=\"2224\">Unsere Webseite verwendet Cookies, um das Browsing-Erlebnis zu verbessern:<\/p>\n<ul data-start=\"2226\" data-end=\"2357\">\n<li data-start=\"2226\" data-end=\"2294\">\n<p data-start=\"2228\" data-end=\"2294\">Funktionale Cookies: notwendig f\u00fcr das Funktionieren der Webseite<\/p>\n<\/li>\n<li data-start=\"2295\" data-end=\"2357\">\n<p data-start=\"2297\" data-end=\"2357\">Analytische Cookies: zum Messen und Analysieren der Website-Nutzung<\/p>\n<\/li>\n<\/ul>\n<p data-start=\"2359\" data-end=\"2478\">Sie k\u00f6nnen Cookies in den Einstellungen Ihres Browsers deaktivieren, obwohl einige Funktionen davon beeintr\u00e4chtigt sein k\u00f6nnten.<\/p>\n<p data-start=\"2359\" data-end=\"2478\">\u00a0<\/p>\n<h3 data-start=\"569\" data-end=\"597\">Nutzerrechte<\/h3>\n<p data-start=\"2518\" data-end=\"2562\">Gem\u00e4\u00df der geltenden Vorschrift, kannst du:<\/p>\n<ul data-start=\"2564\" data-end=\"2736\">\n<li data-start=\"2564\" data-end=\"2598\">\n<p data-start=\"2566\" data-end=\"2598\">Zugriff auf Ihre pers\u00f6nlichen Daten<\/p>\n<\/li>\n<li data-start=\"2599\" data-end=\"2639\">\n<p data-start=\"2601\" data-end=\"2639\">Fehler in deinen Informationen korrigieren<\/p>\n<\/li>\n<li data-start=\"2640\" data-end=\"2681\">\n<p data-start=\"2642\" data-end=\"2681\">L\u00f6schung Ihrer Daten beantragen<\/p>\n<\/li>\n<li data-start=\"2682\" data-end=\"2736\">\n<p data-start=\"2684\" data-end=\"2736\">Ihre Zustimmung zur Nutzung Ihrer Daten widerrufen<\/p>\n<\/li>\n<\/ul>\n<p data-start=\"2738\" data-end=\"2815\">Um diese Rechte auszu\u00fcben, senden Sie uns eine E-Mail an:\u00a0<b>info@timeworksmods.com<\/b><\/p>\n<p data-start=\"2738\" data-end=\"2815\">\u00a0<\/p>\n<h3 data-start=\"569\" data-end=\"597\">\u00c4nderungen an dieser Richtlinie<\/h3>\n<p>Timeworks Mods kann diese Datenschutzrichtlinie gelegentlich aktualisieren. Wesentliche \u00c4nderungen werden auf der Website oder per E-Mail bekannt gegeben.<\/p>\n<p><!-- \/wp:paragraph --><\/p>\t\t\t\t\t\t\t\t<\/div>\n\t\t\t\t\t<\/div>\n\t\t\t\t<\/div>\n\t\t\t\t<\/div>","protected":false},"excerpt":{"rendered":"<p>Identidad del responsable Titular de la web:\u00a0\u00c1ngel S\u00e1nchez Dur\u00e1n, aut\u00f3nomo en Espa\u00f1a Nombre comercial:\u00a0Timeworks Mods Direcci\u00f3n:\u00a0Ba\u00f1os 18, Alange (06840), Badajoz Correo electr\u00f3nico:\u00a0info@timeworksmods.com Tel\u00e9fono:\u00a0+34 684 48 51 88 Timeworks Mods es responsable del tratamiento de los datos personales que nos facilites al utilizar nuestra web o realizar un pedido. \u00a0 Datos que recopilamos Cuando visitas nuestra [&hellip;]<\/p>\n","protected":false},"author":1,"featured_media":0,"parent":0,"menu_order":0,"comment_status":"closed","ping_status":"closed","template":"template-builder.php","meta":{"_acf_changed":false,"_joinchat":[],"footnotes":""},"class_list":["post-2683","page","type-page","status-publish","hentry"],"acf":[],"yoast_head":"<!-- This site is optimized with the Yoast SEO plugin v27.4 - https:\/\/yoast.com\/product\/yoast-seo-wordpress\/ -->\n<title>Pol\u00edticas de privacidad | Timeworks\u2122 | Custom Watches<\/title>\n<meta name=\"description\" content=\"Timeworks Mods asegura la protecci\u00f3n de tus datos. Revisa nuestra Pol\u00edtica de Privacidad y conoce c\u00f3mo manejamos tu informaci\u00f3n.\" \/>\n<meta name=\"robots\" content=\"noindex, nofollow\" \/>\n<meta property=\"og:locale\" content=\"de_DE\" \/>\n<meta property=\"og:type\" content=\"article\" \/>\n<meta property=\"og:title\" content=\"Pol\u00edticas de privacidad | Timeworks\u2122 | Custom Watches\" \/>\n<meta property=\"og:description\" content=\"Timeworks Mods asegura la protecci\u00f3n de tus datos. Revisa nuestra Pol\u00edtica de Privacidad y conoce c\u00f3mo manejamos tu informaci\u00f3n.\" \/>\n<meta property=\"og:url\" content=\"https:\/\/timeworksmods.com\/de\/datenschutzrichtlinien\/\" \/>\n<meta property=\"og:site_name\" content=\"Timeworks\u2122 | Custom Watches\" \/>\n<meta property=\"article:publisher\" content=\"https:\/\/www.facebook.com\/timeworksmods\/\" \/>\n<meta property=\"article:modified_time\" content=\"2026-04-10T08:07:08+00:00\" \/>\n<meta property=\"og:image\" content=\"https:\/\/timeworksmods.com\/wp-content\/uploads\/2025\/12\/ad972f10e0800b49d76fed33a21f6698.png\" \/>\n\t<meta property=\"og:image:width\" content=\"1500\" \/>\n\t<meta property=\"og:image:height\" content=\"200\" \/>\n\t<meta property=\"og:image:type\" content=\"image\/png\" \/>\n<meta name=\"twitter:card\" content=\"summary_large_image\" \/>\n<meta name=\"twitter:label1\" content=\"Gesch\u00e4tzte Lesezeit\" \/>\n\t<meta name=\"twitter:data1\" content=\"2\u00a0Minuten\" \/>\n<script type=\"application\/ld+json\" class=\"yoast-schema-graph\">{\"@context\":\"https:\\\/\\\/schema.org\",\"@graph\":[{\"@type\":\"WebPage\",\"@id\":\"https:\\\/\\\/timeworksmods.com\\\/politicas-de-privacidad\\\/\",\"url\":\"https:\\\/\\\/timeworksmods.com\\\/politicas-de-privacidad\\\/\",\"name\":\"Pol\u00edticas de privacidad | Timeworks\u2122 | Custom Watches\",\"isPartOf\":{\"@id\":\"https:\\\/\\\/timeworksmods.com\\\/#website\"},\"datePublished\":\"2025-12-18T08:56:02+00:00\",\"dateModified\":\"2026-04-10T08:07:08+00:00\",\"description\":\"Timeworks Mods asegura la protecci\u00f3n de tus datos. Revisa nuestra Pol\u00edtica de Privacidad y conoce c\u00f3mo manejamos tu informaci\u00f3n.\",\"breadcrumb\":{\"@id\":\"https:\\\/\\\/timeworksmods.com\\\/politicas-de-privacidad\\\/#breadcrumb\"},\"inLanguage\":\"de\",\"potentialAction\":[{\"@type\":\"ReadAction\",\"target\":[\"https:\\\/\\\/timeworksmods.com\\\/politicas-de-privacidad\\\/\"]}]},{\"@type\":\"BreadcrumbList\",\"@id\":\"https:\\\/\\\/timeworksmods.com\\\/politicas-de-privacidad\\\/#breadcrumb\",\"itemListElement\":[{\"@type\":\"ListItem\",\"position\":1,\"name\":\"Portada\",\"item\":\"https:\\\/\\\/timeworksmods.com\\\/\"},{\"@type\":\"ListItem\",\"position\":2,\"name\":\"Pol\u00edticas de privacidad\"}]},{\"@type\":\"WebSite\",\"@id\":\"https:\\\/\\\/timeworksmods.com\\\/#website\",\"url\":\"https:\\\/\\\/timeworksmods.com\\\/\",\"name\":\"Timeworks\u2122 | Seiko Mods\",\"description\":\"Tu Tienda de Mods Personalizados\",\"publisher\":{\"@id\":\"https:\\\/\\\/timeworksmods.com\\\/#organization\"},\"alternateName\":\"Timeworks\u2122 | Seiko Mods\",\"potentialAction\":[{\"@type\":\"SearchAction\",\"target\":{\"@type\":\"EntryPoint\",\"urlTemplate\":\"https:\\\/\\\/timeworksmods.com\\\/?s={search_term_string}\"},\"query-input\":{\"@type\":\"PropertyValueSpecification\",\"valueRequired\":true,\"valueName\":\"search_term_string\"}}],\"inLanguage\":\"de\"},{\"@type\":\"Organization\",\"@id\":\"https:\\\/\\\/timeworksmods.com\\\/#organization\",\"name\":\"Timeworks\u2122 | Seiko Mods\",\"alternateName\":\"Timeworks\u2122 | Custom Seiko Mods\",\"url\":\"https:\\\/\\\/timeworksmods.com\\\/\",\"logo\":{\"@type\":\"ImageObject\",\"inLanguage\":\"de\",\"@id\":\"https:\\\/\\\/timeworksmods.com\\\/#\\\/schema\\\/logo\\\/image\\\/\",\"url\":\"https:\\\/\\\/timeworksmods.com\\\/wp-content\\\/uploads\\\/2025\\\/12\\\/148510031349642de5ca0c544f31b2ef.png\",\"contentUrl\":\"https:\\\/\\\/timeworksmods.com\\\/wp-content\\\/uploads\\\/2025\\\/12\\\/148510031349642de5ca0c544f31b2ef.png\",\"width\":512,\"height\":512,\"caption\":\"Timeworks\u2122 | Seiko Mods\"},\"image\":{\"@id\":\"https:\\\/\\\/timeworksmods.com\\\/#\\\/schema\\\/logo\\\/image\\\/\"},\"sameAs\":[\"https:\\\/\\\/www.facebook.com\\\/timeworksmods\\\/\",\"https:\\\/\\\/www.instagram.com\\\/timeworksmods\\\/\",\"https:\\\/\\\/www.tiktok.com\\\/@timeworksmods\"]}]}<\/script>\n<!-- \/ Yoast SEO plugin. -->","yoast_head_json":{"title":"Pol\u00edticas de privacidad | Timeworks\u2122 | Custom Watches","description":"Timeworks Mods sichert den Schutz deiner Daten. Lies unsere Datenschutzrichtlinie und erfahre, wie wir deine Informationen verarbeiten.","robots":{"index":"noindex","follow":"nofollow"},"og_locale":"de_DE","og_type":"article","og_title":"Pol\u00edticas de privacidad | Timeworks\u2122 | Custom Watches","og_description":"Timeworks Mods asegura la protecci\u00f3n de tus datos. Revisa nuestra Pol\u00edtica de Privacidad y conoce c\u00f3mo manejamos tu informaci\u00f3n.","og_url":"https:\/\/timeworksmods.com\/de\/datenschutzrichtlinien\/","og_site_name":"Timeworks\u2122 | Custom Watches","article_publisher":"https:\/\/www.facebook.com\/timeworksmods\/","article_modified_time":"2026-04-10T08:07:08+00:00","og_image":[{"width":1500,"height":200,"url":"https:\/\/timeworksmods.com\/wp-content\/uploads\/2025\/12\/ad972f10e0800b49d76fed33a21f6698.png","type":"image\/png"}],"twitter_card":"summary_large_image","twitter_misc":{"Gesch\u00e4tzte Lesezeit":"2\u00a0Minuten"},"schema":{"@context":"https:\/\/schema.org","@graph":[{"@type":"WebPage","@id":"https:\/\/timeworksmods.com\/politicas-de-privacidad\/","url":"https:\/\/timeworksmods.com\/politicas-de-privacidad\/","name":"Pol\u00edticas de privacidad | Timeworks\u2122 | Custom Watches","isPartOf":{"@id":"https:\/\/timeworksmods.com\/#website"},"datePublished":"2025-12-18T08:56:02+00:00","dateModified":"2026-04-10T08:07:08+00:00","description":"Timeworks Mods sichert den Schutz deiner Daten. Lies unsere Datenschutzrichtlinie und erfahre, wie wir deine Informationen verarbeiten.","breadcrumb":{"@id":"https:\/\/timeworksmods.com\/politicas-de-privacidad\/#breadcrumb"},"inLanguage":"de","potentialAction":[{"@type":"ReadAction","target":["https:\/\/timeworksmods.com\/politicas-de-privacidad\/"]}]},{"@type":"BreadcrumbList","@id":"https:\/\/timeworksmods.com\/politicas-de-privacidad\/#breadcrumb","itemListElement":[{"@type":"ListItem","position":1,"name":"Portada","item":"https:\/\/timeworksmods.com\/"},{"@type":"ListItem","position":2,"name":"Pol\u00edticas de privacidad"}]},{"@type":"WebSite","@id":"https:\/\/timeworksmods.com\/#website","url":"https:\/\/timeworksmods.com\/","name":"Timeworks\u2122 | Seiko Umbauten","description":"Dein personalisierter Mod-Shop","publisher":{"@id":"https:\/\/timeworksmods.com\/#organization"},"alternateName":"Timeworks\u2122 | Seiko Mods","potentialAction":[{"@type":"SearchAction","target":{"@type":"EntryPoint","urlTemplate":"https:\/\/timeworksmods.com\/?s={search_term_string}"},"query-input":{"@type":"PropertyValueSpecification","valueRequired":true,"valueName":"search_term_string"}}],"inLanguage":"de"},{"@type":"Organization","@id":"https:\/\/timeworksmods.com\/#organization","name":"Timeworks\u2122 | Seiko Umbauten","alternateName":"Timeworks\u2122 | Custom Seiko Mods","url":"https:\/\/timeworksmods.com\/","logo":{"@type":"ImageObject","inLanguage":"de","@id":"https:\/\/timeworksmods.com\/#\/schema\/logo\/image\/","url":"https:\/\/timeworksmods.com\/wp-content\/uploads\/2025\/12\/148510031349642de5ca0c544f31b2ef.png","contentUrl":"https:\/\/timeworksmods.com\/wp-content\/uploads\/2025\/12\/148510031349642de5ca0c544f31b2ef.png","width":512,"height":512,"caption":"Timeworks\u2122 | Seiko Mods"},"image":{"@id":"https:\/\/timeworksmods.com\/#\/schema\/logo\/image\/"},"sameAs":["https:\/\/www.facebook.com\/timeworksmods\/","https:\/\/www.instagram.com\/timeworksmods\/","https:\/\/www.tiktok.com\/@timeworksmods"]}]}},"_links":{"self":[{"href":"https:\/\/timeworksmods.com\/de\/wp-json\/wp\/v2\/pages\/2683","targetHints":{"allow":["GET"]}}],"collection":[{"href":"https:\/\/timeworksmods.com\/de\/wp-json\/wp\/v2\/pages"}],"about":[{"href":"https:\/\/timeworksmods.com\/de\/wp-json\/wp\/v2\/types\/page"}],"author":[{"embeddable":true,"href":"https:\/\/timeworksmods.com\/de\/wp-json\/wp\/v2\/users\/1"}],"replies":[{"embeddable":true,"href":"https:\/\/timeworksmods.com\/de\/wp-json\/wp\/v2\/comments?post=2683"}],"version-history":[{"count":5,"href":"https:\/\/timeworksmods.com\/de\/wp-json\/wp\/v2\/pages\/2683\/revisions"}],"predecessor-version":[{"id":2688,"href":"https:\/\/timeworksmods.com\/de\/wp-json\/wp\/v2\/pages\/2683\/revisions\/2688"}],"wp:attachment":[{"href":"https:\/\/timeworksmods.com\/de\/wp-json\/wp\/v2\/media?parent=2683"}],"curies":[{"name":"wp","href":"https:\/\/api.w.org\/{rel}","templated":true}]}}