{"id":2691,"date":"2025-12-18T10:03:34","date_gmt":"2025-12-18T09:03:34","guid":{"rendered":"https:\/\/timeworksmods.com\/?page_id=2691"},"modified":"2026-04-10T10:07:59","modified_gmt":"2026-04-10T08:07:59","slug":"aviso-legal","status":"publish","type":"page","link":"https:\/\/timeworksmods.com\/de\/rechtlicher-hinweis\/","title":{"rendered":"Impressum"},"content":{"rendered":"<div data-elementor-type=\"wp-page\" data-elementor-id=\"2691\" class=\"elementor elementor-2691\" data-elementor-post-type=\"page\">\n\t\t\t\t<div class=\"e-con-top elementor-element elementor-element-4f2af731 e-flex e-con-boxed e-con e-parent\" data-id=\"4f2af731\" data-element_type=\"container\" data-e-type=\"container\">\n\t\t\t\t\t<div class=\"e-con-inner\">\n\t\t<div class=\"elementor-element elementor-element-1f6db296 e-con-full e-flex e-con e-child\" data-id=\"1f6db296\" data-element_type=\"container\" data-e-type=\"container\">\n\t\t\t\t<\/div>\n\t\t\t\t\t<\/div>\n\t\t\t\t<\/div>\n\t\t<div class=\"e-con-top elementor-element elementor-element-1a5c123b e-flex e-con-boxed e-con e-parent\" data-id=\"1a5c123b\" data-element_type=\"container\" data-e-type=\"container\">\n\t\t\t\t\t<div class=\"e-con-inner\">\n\t\t\t\t<div class=\"elementor-element elementor-element-680c758f elementor-widget elementor-widget-text-editor\" data-id=\"680c758f\" data-element_type=\"widget\" data-e-type=\"widget\" data-widget_type=\"text-editor.default\">\n\t\t\t\t\t\t\t\t\t<h2 class=\"wp-block-heading\">Ohne Markenzugeh\u00f6rigkeit<\/h2>\n<p data-start=\"392\" data-end=\"740\">En\u00a0<strong data-start=\"395\" data-end=\"413\">Zeitarbeit Mods<\/strong>, wir spezialisieren uns auf das Erstellen und Verkaufen von hochwertigen, ma\u00dfgeschneiderten Uhren, die Uhrwerke verwenden\u00a0<strong data-start=\"516\" data-end=\"550\">Zeitmodul GmbH (ZMG)<\/strong>, eine Tochtergesellschaft von\u00a0<strong data-start=\"571\" data-end=\"603\">Seiko Instruments Inc. (SII)<\/strong>. Unsere Uhren werden mit Leidenschaft und Respekt f\u00fcr die Uhrmachertradition entworfen, unter Verwendung hochwertiger, von Hand montierter Teile.<\/p>\n<p data-start=\"742\" data-end=\"770\"><strong data-start=\"742\" data-end=\"768\">Wichtige Klarstellung:<\/strong><\/p>\n<ul data-start=\"772\" data-end=\"1953\">\n<li data-start=\"772\" data-end=\"1182\">\n<p data-start=\"774\" data-end=\"1182\"><strong data-start=\"774\" data-end=\"803\">Ohne Verbindung zu Seiko:<\/strong>\u00a0Timeworks Mods ist nicht affiliiert, assoziiert, autorisiert, gebilligt oder in irgendeiner Weise offiziell verbunden mit\u00a0<strong data-start=\"917\" data-end=\"934\">Seiko Unternehmen<\/strong>\u00a0nicht mit irgendeinem seiner Nebenfirmen. Die Uhren, die wir verkaufen, sind\u00a0<strong data-start=\"1000\" data-end=\"1033\">personalisierte Modifikationen<\/strong> die originelle Bewegungen verwenden. Unsere Produkte sind unabh\u00e4ngig und sollten nicht als Produkte betrachtet werden, die direkt von Seiko ausgegeben werden.<\/p>\n<\/li>\n<li data-start=\"1184\" data-end=\"1441\">\n<p data-start=\"1186\" data-end=\"1441\"><strong data-start=\"1186\" data-end=\"1216\">Ursprung der Komponenten<\/strong> Wir verwenden durchgef\u00fchrte Bewegungen von <strong data-start=\"516\" data-end=\"550\">Zeitmodul GmbH (ZMG)<\/strong>, erworben durch legitime Kan\u00e4le und integriert in unsere kundenspezifischen Kreationen. Jede Uhr wird mit gr\u00f6\u00dfter Sorgfalt von unseren Uhrmachern montiert und eingestellt.<\/p>\n<\/li>\n<li data-start=\"1443\" data-end=\"1753\">\n<p data-start=\"1445\" data-end=\"1753\"><strong data-start=\"1445\" data-end=\"1475\">Personalisierung und Qualit\u00e4t:<\/strong> Jede Uhr ist ein Unikat, handgefertigt und kalibriert, um Pr\u00e4zision nach den Herstellervorgaben zu gew\u00e4hrleisten. Unser Individualisierungsprozess ist eine Hommage an die traditionelle Uhrmacherkunst und bietet unseren Kunden <strong data-start=\"1709\" data-end=\"1750\">ein exklusives und hochwertiges Design<\/strong>.<\/p>\n<\/li>\n<li data-start=\"1755\" data-end=\"1953\">\n<p data-start=\"1757\" data-end=\"1953\"><strong data-start=\"1757\" data-end=\"1793\">Bekenntnis zur Transparenz<\/strong>\u00a0Wir garantieren, dass unsere Kunden die unabh\u00e4ngige Natur unserer Kreationen klar verstehen, und die\u00a0<strong data-start=\"1907\" data-end=\"1950\">fehlende Zugeh\u00f6rigkeit zu einer Marke<\/strong>.<\/p>\n<\/li>\n<\/ul>\n<p data-start=\"1955\" data-end=\"2059\">Bei jeder Frage, kannst du uns kontaktieren unter\u00a0<strong data-start=\"1999\" data-end=\"2025\"><a class=\"decorated-link cursor-pointer\" rel=\"noopener\" data-start=\"2001\" data-end=\"2023\">info@timeworksmods.com<\/a><\/strong>\u00a0<\/p>\n<p data-start=\"1955\" data-end=\"2059\">\u00a0<\/p>\n<h2 class=\"wp-block-heading\">Nutzungsbedingungen von Timeworks Mods<\/h2>\n<p data-start=\"2108\" data-end=\"2471\">Diese Website wird betrieben von\u00a0<strong data-start=\"2138\" data-end=\"2175\">\u00c1ngel S\u00e1nchez Dur\u00e1n, Freiberufler<\/strong>, handelnd als\u00a0<strong data-start=\"2198\" data-end=\"2216\">Zeitarbeit Mods<\/strong>. Entlang der Website beziehen sich die Begriffe \u201cwir\u201d, \u201cuns\u201d und \u201cunser\u201d auf\u00a0<strong data-start=\"2297\" data-end=\"2315\">Zeitarbeit Mods<\/strong>. Die Nutzung dieser Website, einschlie\u00dflich der verf\u00fcgbaren Informationen, Werkzeuge und Dienste, unterliegt der Annahme dieser Bedingungen und Richtlinien.<\/p>\n<div class=\"wp-block-group\">\u00a0<\/div>\n<p data-start=\"1665\" data-end=\"1955\"><strong data-start=\"1665\" data-end=\"1696\">Akzeptanz der Bedingungen<\/strong><br data-start=\"1696\" data-end=\"1699\" \/>Beim Zugriff oder bei der Nutzung dieser Website stimmst du den hier festgelegten Gesch\u00e4ftsbedingungen zu, einschlie\u00dflich zus\u00e4tzlicher Richtlinien, die auf der Website erw\u00e4hnt werden. Durch den Kauf oder die Interaktion mit unseren Diensten erkl\u00e4rst du dich damit einverstanden, an diese Nutzungsbedingungen gebunden zu sein.<\/p>\n<p data-start=\"1957\" data-end=\"2355\"><strong data-start=\"1957\" data-end=\"1978\">Alter und rechtliche Nutzung:<\/strong><br data-start=\"1978\" data-end=\"1981\" \/>Sie m\u00fcssen vollj\u00e4hrig sein, um unsere Website nutzen und Produkte kaufen zu k\u00f6nnen. Die Nutzung der Website und der angebotenen Produkte muss rechtm\u00e4\u00dfig und genehmigt sein, ohne Viren oder sch\u00e4dliche Codes zu \u00fcbertragen, die die Funktionalit\u00e4t der Website beeintr\u00e4chtigen k\u00f6nnten. Wir behalten uns das Recht vor, Bestellungen oder Dienstleistungen aus beliebigem Grund abzulehnen und den Verkauf von Produkten nach unserem Ermessen einzuschr\u00e4nken.<\/p>\n<p data-start=\"2357\" data-end=\"2826\"><strong data-start=\"2357\" data-end=\"2385\">Information und Genauigkeit<\/strong><br data-start=\"2385\" data-end=\"2388\" \/>Alle Informationen, die Sie bei der Registrierung oder beim Kauf angeben, m\u00fcssen vollst\u00e4ndig und korrekt sein, und es liegt in Ihrer Verantwortung, diese bei Bedarf zu aktualisieren. Wir bem\u00fchen uns, Produkte genau darzustellen, k\u00f6nnen jedoch nicht garantieren, dass die Farben auf Ihrem Bildschirm exakt wiedergegeben werden. Produkte, Preise und Verf\u00fcgbarkeit k\u00f6nnen sich ohne Vorank\u00fcndigung \u00e4ndern, und einige Produkte sind m\u00f6glicherweise nur online erh\u00e4ltlich.<\/p>\n<p data-start=\"2828\" data-end=\"3055\"><strong data-start=\"2828\" data-end=\"2852\">Produktion und Versand<\/strong><br data-start=\"2852\" data-end=\"2855\" \/>Alle unsere Uhren werden auf Bestellung gefertigt, mit einer Herstellungs- und Lieferzeit von 10 bis 20 Tagen. Wir behalten uns das Recht vor, Produkte und Dienstleistungen ohne vorherige Ank\u00fcndigung zu \u00e4ndern oder einzustellen.<\/p>\n<p data-start=\"3057\" data-end=\"3250\"><strong data-start=\"3057\" data-end=\"3096\">Drittanbieter-Tools und -Links<\/strong><br data-start=\"3096\" data-end=\"3099\" \/>Die Nutzung von Werkzeugen oder Links von Drittanbietern wird \u201cwie besehen\u201d bereitgestellt, und wir \u00fcbernehmen keine Verantwortung f\u00fcr externe Inhalte, Sicherheit oder Transaktionen.<\/p>\n<p data-start=\"3252\" data-end=\"3530\"><strong data-start=\"3252\" data-end=\"3288\">Kommentare und Feedback<\/strong><br data-start=\"3288\" data-end=\"3291\" \/>Indem Sie uns Kommentare oder Ideen zukommen lassen, erkl\u00e4ren Sie sich damit einverstanden, dass Timeworks Mods diese frei ohne Verg\u00fctung oder Verpflichtung zur Vertraulichkeit nutzen kann. Kommentare d\u00fcrfen keine Rechte Dritter verletzen oder beleidigendes oder b\u00f6sartiges Material enthalten.<\/p>\n<p data-start=\"3532\" data-end=\"3928\"><strong data-start=\"3532\" data-end=\"3570\">Pers\u00f6nliche Informationen und Datenschutz<\/strong><br data-start=\"3570\" data-end=\"3573\" \/>Die von uns gesammelten pers\u00f6nlichen Informationen werden gem\u00e4\u00df unserer Datenschutzrichtlinie behandelt, unter Einhaltung der DSGVO und des LOPDGDD, und ihre korrekte Verwendung zur Bearbeitung von Bestellungen, zur Erf\u00fcllung gesetzlicher Verpflichtungen und zur Bereitstellung von Kundenservice wird gew\u00e4hrleistet. Nutzer haben das Recht auf Auskunft, Berichtigung oder L\u00f6schung ihrer Daten sowie auf Widerruf ihrer Einwilligung zur Nutzung.<\/p>\n<p data-start=\"3930\" data-end=\"4318\"><strong data-start=\"3930\" data-end=\"3964\">Haftungsbeschr\u00e4nkung<\/strong><br data-start=\"3964\" data-end=\"3967\" \/>Timeworks Mods \u00fcbernimmt keine Garantie f\u00fcr spezifische Ergebnisse der Nutzung der Website oder Fehlerfreiheit und ist nicht verantwortlich f\u00fcr direkte, indirekte oder daraus resultierende Sch\u00e4den, die aus der Nutzung der Produkte oder Dienstleistungen entstehen. Wir behalten uns das Recht vor, deinen Zugang zur Website zu beenden, wenn du gegen diese Bedingungen verst\u00f6\u00dft, und jeder Streitfall unterliegt den Gesetzen Spaniens.<\/p>\n<p data-start=\"4320\" data-end=\"4495\"><strong data-start=\"4320\" data-end=\"4348\">Lieferanteninformationen:<\/strong><br data-start=\"4348\" data-end=\"4351\" \/>Timeworks Mods \u2013 Autonom: \u00c1ngel S\u00e1nchez Dur\u00e1n<br data-start=\"4401\" data-end=\"4404\" \/>Adresse: Ba\u00f1os 18, Alange (06840), Badajoz, Spanien<br data-start=\"4435\" data-end=\"4438\" \/>E-Mail\u00a0<a class=\"decorated-link cursor-pointer\" rel=\"noopener\" data-start=\"4445\" data-end=\"4467\">info@timeworksmods.com<\/a><br data-start=\"4467\" data-end=\"4470\" \/>Telefon: +34 684 485 188<\/p>\n<p><!-- \/wp:paragraph --><\/p>\t\t\t\t\t\t\t\t<\/div>\n\t\t\t\t\t<\/div>\n\t\t\t\t<\/div>\n\t\t\t\t<\/div>","protected":false},"excerpt":{"rendered":"<p>SIN AFILIACI\u00d3N DE MARCA En\u00a0Timeworks Mods, nos especializamos en crear y vender relojes personalizados de alta calidad que utilizan movimientos\u00a0Time Module Inc. (TMI), una subsidiaria de\u00a0Seiko Instruments Inc. (SII). Nuestros relojes est\u00e1n dise\u00f1ados con pasi\u00f3n y respeto por la tradici\u00f3n relojera, empleando piezas de alta calidad ensambladas a mano. Aclaraci\u00f3n importante: Sin afiliaci\u00f3n con Seiko:\u00a0Timeworks [&hellip;]<\/p>\n","protected":false},"author":1,"featured_media":0,"parent":0,"menu_order":0,"comment_status":"closed","ping_status":"closed","template":"template-builder.php","meta":{"_acf_changed":false,"_joinchat":[],"footnotes":""},"class_list":["post-2691","page","type-page","status-publish","hentry"],"acf":[],"yoast_head":"<!-- This site is optimized with the Yoast SEO plugin v27.4 - https:\/\/yoast.com\/product\/yoast-seo-wordpress\/ -->\n<title>Aviso legal | Timeworks\u2122 | Seiko Mods<\/title>\n<meta name=\"description\" content=\"Consulta el Aviso Legal de Timeworks Seiko Mods. Informaci\u00f3n sobre t\u00e9rminos, responsabilidades y condiciones de uso de nuestra web.\" \/>\n<meta name=\"robots\" content=\"noindex, nofollow\" \/>\n<meta property=\"og:locale\" content=\"de_DE\" \/>\n<meta property=\"og:type\" content=\"article\" \/>\n<meta property=\"og:title\" content=\"Aviso legal | Timeworks\u2122 | Seiko Mods\" \/>\n<meta property=\"og:description\" content=\"Consulta el Aviso Legal de Timeworks Seiko Mods. Informaci\u00f3n sobre t\u00e9rminos, responsabilidades y condiciones de uso de nuestra web.\" \/>\n<meta property=\"og:url\" content=\"https:\/\/timeworksmods.com\/de\/rechtlicher-hinweis\/\" \/>\n<meta property=\"og:site_name\" content=\"Timeworks\u2122 | Seiko Mods\" \/>\n<meta property=\"article:modified_time\" content=\"2026-04-10T08:07:59+00:00\" \/>\n<meta property=\"og:image\" content=\"https:\/\/timeworksmods.com\/wp-content\/uploads\/2025\/12\/ad972f10e0800b49d76fed33a21f6698.png\" \/>\n\t<meta property=\"og:image:width\" content=\"1500\" \/>\n\t<meta property=\"og:image:height\" content=\"200\" \/>\n\t<meta property=\"og:image:type\" content=\"image\/png\" \/>\n<meta name=\"twitter:card\" content=\"summary_large_image\" \/>\n<meta name=\"twitter:label1\" content=\"Gesch\u00e4tzte Lesezeit\" \/>\n\t<meta name=\"twitter:data1\" content=\"4\u00a0Minuten\" \/>\n<script type=\"application\/ld+json\" class=\"yoast-schema-graph\">{\"@context\":\"https:\\\/\\\/schema.org\",\"@graph\":[{\"@type\":\"WebPage\",\"@id\":\"https:\\\/\\\/timeworksmods.com\\\/aviso-legal\\\/\",\"url\":\"https:\\\/\\\/timeworksmods.com\\\/aviso-legal\\\/\",\"name\":\"Aviso legal | Timeworks\u2122 | Seiko Mods\",\"isPartOf\":{\"@id\":\"https:\\\/\\\/timeworksmods.com\\\/#website\"},\"datePublished\":\"2025-12-18T09:03:34+00:00\",\"dateModified\":\"2026-04-10T08:07:59+00:00\",\"description\":\"Consulta el Aviso Legal de Timeworks Seiko Mods. Informaci\u00f3n sobre t\u00e9rminos, responsabilidades y condiciones de uso de nuestra web.\",\"breadcrumb\":{\"@id\":\"https:\\\/\\\/timeworksmods.com\\\/aviso-legal\\\/#breadcrumb\"},\"inLanguage\":\"de\",\"potentialAction\":[{\"@type\":\"ReadAction\",\"target\":[\"https:\\\/\\\/timeworksmods.com\\\/aviso-legal\\\/\"]}]},{\"@type\":\"BreadcrumbList\",\"@id\":\"https:\\\/\\\/timeworksmods.com\\\/aviso-legal\\\/#breadcrumb\",\"itemListElement\":[{\"@type\":\"ListItem\",\"position\":1,\"name\":\"Portada\",\"item\":\"https:\\\/\\\/timeworksmods.com\\\/\"},{\"@type\":\"ListItem\",\"position\":2,\"name\":\"Aviso legal\"}]},{\"@type\":\"WebSite\",\"@id\":\"https:\\\/\\\/timeworksmods.com\\\/#website\",\"url\":\"https:\\\/\\\/timeworksmods.com\\\/\",\"name\":\"Timeworks\u2122 | Seiko Mods\",\"description\":\"Tu Tienda de Seiko Mods Personalizados\",\"publisher\":{\"@id\":\"https:\\\/\\\/timeworksmods.com\\\/#organization\"},\"alternateName\":\"Timeworks\u2122 | Seiko Mods\",\"potentialAction\":[{\"@type\":\"SearchAction\",\"target\":{\"@type\":\"EntryPoint\",\"urlTemplate\":\"https:\\\/\\\/timeworksmods.com\\\/?s={search_term_string}\"},\"query-input\":{\"@type\":\"PropertyValueSpecification\",\"valueRequired\":true,\"valueName\":\"search_term_string\"}}],\"inLanguage\":\"de\"},{\"@type\":\"Organization\",\"@id\":\"https:\\\/\\\/timeworksmods.com\\\/#organization\",\"name\":\"Timeworks\u2122 | Seiko Mods\",\"alternateName\":\"Timeworks\u2122 | Seiko Mods\",\"url\":\"https:\\\/\\\/timeworksmods.com\\\/\",\"logo\":{\"@type\":\"ImageObject\",\"inLanguage\":\"de\",\"@id\":\"https:\\\/\\\/timeworksmods.com\\\/#\\\/schema\\\/logo\\\/image\\\/\",\"url\":\"https:\\\/\\\/timeworksmods.com\\\/wp-content\\\/uploads\\\/2025\\\/12\\\/ad972f10e0800b49d76fed33a21f6698.png\",\"contentUrl\":\"https:\\\/\\\/timeworksmods.com\\\/wp-content\\\/uploads\\\/2025\\\/12\\\/ad972f10e0800b49d76fed33a21f6698.png\",\"width\":1500,\"height\":200,\"caption\":\"Timeworks\u2122 | Seiko Mods\"},\"image\":{\"@id\":\"https:\\\/\\\/timeworksmods.com\\\/#\\\/schema\\\/logo\\\/image\\\/\"}}]}<\/script>\n<!-- \/ Yoast SEO plugin. -->","yoast_head_json":{"title":"Impressum | Timeworks\u2122 | Seiko Mods","description":"Konsultieren Sie den Rechtshinweis von Timeworks Seiko Mods. Informationen \u00fcber die Bedingungen, Verantwortlichkeiten und Nutzungsbedingungen unserer Website.","robots":{"index":"noindex","follow":"nofollow"},"og_locale":"de_DE","og_type":"article","og_title":"Aviso legal | Timeworks\u2122 | Seiko Mods","og_description":"Consulta el Aviso Legal de Timeworks Seiko Mods. Informaci\u00f3n sobre t\u00e9rminos, responsabilidades y condiciones de uso de nuestra web.","og_url":"https:\/\/timeworksmods.com\/de\/rechtlicher-hinweis\/","og_site_name":"Timeworks\u2122 | Seiko Mods","article_modified_time":"2026-04-10T08:07:59+00:00","og_image":[{"width":1500,"height":200,"url":"https:\/\/timeworksmods.com\/wp-content\/uploads\/2025\/12\/ad972f10e0800b49d76fed33a21f6698.png","type":"image\/png"}],"twitter_card":"summary_large_image","twitter_misc":{"Gesch\u00e4tzte Lesezeit":"4\u00a0Minuten"},"schema":{"@context":"https:\/\/schema.org","@graph":[{"@type":"WebPage","@id":"https:\/\/timeworksmods.com\/aviso-legal\/","url":"https:\/\/timeworksmods.com\/aviso-legal\/","name":"Impressum | Timeworks\u2122 | Seiko Mods","isPartOf":{"@id":"https:\/\/timeworksmods.com\/#website"},"datePublished":"2025-12-18T09:03:34+00:00","dateModified":"2026-04-10T08:07:59+00:00","description":"Konsultieren Sie den Rechtshinweis von Timeworks Seiko Mods. Informationen \u00fcber die Bedingungen, Verantwortlichkeiten und Nutzungsbedingungen unserer Website.","breadcrumb":{"@id":"https:\/\/timeworksmods.com\/aviso-legal\/#breadcrumb"},"inLanguage":"de","potentialAction":[{"@type":"ReadAction","target":["https:\/\/timeworksmods.com\/aviso-legal\/"]}]},{"@type":"BreadcrumbList","@id":"https:\/\/timeworksmods.com\/aviso-legal\/#breadcrumb","itemListElement":[{"@type":"ListItem","position":1,"name":"Portada","item":"https:\/\/timeworksmods.com\/"},{"@type":"ListItem","position":2,"name":"Aviso legal"}]},{"@type":"WebSite","@id":"https:\/\/timeworksmods.com\/#website","url":"https:\/\/timeworksmods.com\/","name":"Timeworks\u2122 | Seiko Umbauten","description":"Dein Shop f\u00fcr individuelle Seiko-Mods","publisher":{"@id":"https:\/\/timeworksmods.com\/#organization"},"alternateName":"Timeworks\u2122 | Seiko Mods","potentialAction":[{"@type":"SearchAction","target":{"@type":"EntryPoint","urlTemplate":"https:\/\/timeworksmods.com\/?s={search_term_string}"},"query-input":{"@type":"PropertyValueSpecification","valueRequired":true,"valueName":"search_term_string"}}],"inLanguage":"de"},{"@type":"Organization","@id":"https:\/\/timeworksmods.com\/#organization","name":"Timeworks\u2122 | Seiko Umbauten","alternateName":"Timeworks\u2122 | Seiko Mods","url":"https:\/\/timeworksmods.com\/","logo":{"@type":"ImageObject","inLanguage":"de","@id":"https:\/\/timeworksmods.com\/#\/schema\/logo\/image\/","url":"https:\/\/timeworksmods.com\/wp-content\/uploads\/2025\/12\/ad972f10e0800b49d76fed33a21f6698.png","contentUrl":"https:\/\/timeworksmods.com\/wp-content\/uploads\/2025\/12\/ad972f10e0800b49d76fed33a21f6698.png","width":1500,"height":200,"caption":"Timeworks\u2122 | Seiko Mods"},"image":{"@id":"https:\/\/timeworksmods.com\/#\/schema\/logo\/image\/"}}]}},"_links":{"self":[{"href":"https:\/\/timeworksmods.com\/de\/wp-json\/wp\/v2\/pages\/2691","targetHints":{"allow":["GET"]}}],"collection":[{"href":"https:\/\/timeworksmods.com\/de\/wp-json\/wp\/v2\/pages"}],"about":[{"href":"https:\/\/timeworksmods.com\/de\/wp-json\/wp\/v2\/types\/page"}],"author":[{"embeddable":true,"href":"https:\/\/timeworksmods.com\/de\/wp-json\/wp\/v2\/users\/1"}],"replies":[{"embeddable":true,"href":"https:\/\/timeworksmods.com\/de\/wp-json\/wp\/v2\/comments?post=2691"}],"version-history":[{"count":9,"href":"https:\/\/timeworksmods.com\/de\/wp-json\/wp\/v2\/pages\/2691\/revisions"}],"predecessor-version":[{"id":4611,"href":"https:\/\/timeworksmods.com\/de\/wp-json\/wp\/v2\/pages\/2691\/revisions\/4611"}],"wp:attachment":[{"href":"https:\/\/timeworksmods.com\/de\/wp-json\/wp\/v2\/media?parent=2691"}],"curies":[{"name":"wp","href":"https:\/\/api.w.org\/{rel}","templated":true}]}}