{"id":1037,"date":"2025-12-06T18:20:09","date_gmt":"2025-12-06T18:20:09","guid":{"rendered":"https:\/\/timeworksmods.com\/?post_type=product&#038;p=1037"},"modified":"2026-04-13T08:48:34","modified_gmt":"2026-04-13T06:48:34","slug":"royal-seikoak-chrono-black","status":"publish","type":"product","link":"https:\/\/timeworksmods.com\/de\/produkt\/royal-seikoak-chrono-black\/","title":{"rendered":"K\u00f6niglich Seikoak Chrono Schwarz"},"content":{"rendered":"<p data-start=\"204\" data-end=\"499\">Inspiriert von den gro\u00dfen Ikonen der luxuri\u00f6sen Sportuhrmacherei bietet dieses Modell ein elegantes, sportliches und avantgardistisches Design mit einer markanten L\u00fcnette und raffinierten Linien. Eine moderne Neuinterpretation, ausgestattet mit <strong data-start=\"422\" data-end=\"464\">Hochpr\u00e4zises Quarzwerk<\/strong> und erstklassige Materialien.<\/p>\n<p data-start=\"501\" data-end=\"894\">Im Inneren ist ein mecha-Quarz-Chronographenkaliber verbaut, das die Pr\u00e4zision von Quarz mit dem mechanischen Gef\u00fchl des Chronographendruckknopfes kombiniert. Es bietet Chronographenfunktion, funktionale Z\u00e4hler zur Zeitmessung und einen sanften Lauf des Chronographen-Sekundenzeigers, was ein sportliches und pr\u00e4zises Erlebnis mit minimalem Wartungsaufwand und exzellenter Zuverl\u00e4ssigkeit bietet.<\/p>\n<p data-start=\"896\" data-end=\"1307\">Die Schachtel aus rostfreiem Stahl 316L liefert eine erh\u00f6hte Widerstandsf\u00e4higkeit gegen Korrosion und Alltagsersch\u00fctterungen, w\u00e4hrend das Saphirglas \u00fcberlegenen Schutz vor Kratzern und makellose Sicht sicherstellt. Das Ergebnis ist eine elegante, sportliche und hochzuverl\u00e4ssige Uhr, perfekt sowohl f\u00fcr den t\u00e4glichen Gebrauch als auch f\u00fcr diejenigen, die die \u00c4sthetik des sportlichen Luxus mit der Pr\u00e4zision von Quarz suchen.<\/p>","protected":false},"excerpt":{"rendered":"<p>Diese Modifikation kombiniert die sportliche Raffinesse klassischer Uhrendesigns mit der Zuverl\u00e4ssigkeit eines <strong data-start=\"274\" data-end=\"325\">japanischen Hochpr\u00e4zisions-Automatikwerks<\/strong>. Eine Hommage, die die Essenz ikonischer Uhren respektiert, neu interpretiert mit modernen Materialien und sorgf\u00e4ltiger Ausf\u00fchrung.<\/p>","protected":false},"featured_media":968,"comment_status":"open","ping_status":"closed","template":"","meta":{"_acf_changed":false,"_joinchat":[]},"product_cat":[104],"product_tag":[],"class_list":{"0":"post-1037","1":"product","2":"type-product","3":"status-publish","4":"has-post-thumbnail","6":"product_cat-royal-seikoak","8":"first","9":"instock","10":"sale","11":"taxable","12":"shipping-taxable","13":"purchasable","14":"product-type-simple","swatches":"rey-swatches","show_selected":""},"acf":[],"yoast_head":"<!-- This site is optimized with the Yoast SEO plugin v27.4 - https:\/\/yoast.com\/product\/yoast-seo-wordpress\/ -->\n<title>Royal Seikoak Chrono Black | Timeworks\u2122 | Seiko Mods<\/title>\n<meta name=\"description\" content=\"Este mod combina la sofisticaci\u00f3n deportiva de los dise\u00f1os cl\u00e1sicos de relojer\u00eda con la fiabilidad de un movimiento autom\u00e1tico japon\u00e9s de alta precisi\u00f3n. Un homenaje que respeta la esencia de los relojes ic\u00f3nicos, reinterpretado con materiales modernos y una ejecuci\u00f3n meticulosa.\" \/>\n<meta name=\"robots\" content=\"index, follow, max-snippet:-1, max-image-preview:large, max-video-preview:-1\" \/>\n<link rel=\"canonical\" href=\"https:\/\/timeworksmods.com\/de\/produkt\/royal-seikoak-chrono-black\/\" \/>\n<meta property=\"og:locale\" content=\"de_DE\" \/>\n<meta property=\"og:type\" content=\"article\" \/>\n<meta property=\"og:title\" content=\"Royal Seikoak Chrono Black | Timeworks\u2122 | Seiko Mods\" \/>\n<meta property=\"og:description\" content=\"Este mod combina la sofisticaci\u00f3n deportiva de los dise\u00f1os cl\u00e1sicos de relojer\u00eda con la fiabilidad de un movimiento autom\u00e1tico japon\u00e9s de alta precisi\u00f3n. Un homenaje que respeta la esencia de los relojes ic\u00f3nicos, reinterpretado con materiales modernos y una ejecuci\u00f3n meticulosa.\" \/>\n<meta property=\"og:url\" content=\"https:\/\/timeworksmods.com\/de\/produkt\/royal-seikoak-chrono-black\/\" \/>\n<meta property=\"og:site_name\" content=\"Timeworks\u2122 | Seiko Mods\" \/>\n<meta property=\"article:publisher\" content=\"https:\/\/www.facebook.com\/timeworksmods\/\" \/>\n<meta property=\"article:modified_time\" content=\"2026-04-13T06:48:34+00:00\" \/>\n<meta property=\"og:image\" content=\"https:\/\/timeworksmods.com\/wp-content\/uploads\/2025\/12\/8f468c873a32bb0619eaeb2050ba45d1.jpg\" \/>\n\t<meta property=\"og:image:width\" content=\"1200\" \/>\n\t<meta property=\"og:image:height\" content=\"1200\" \/>\n\t<meta property=\"og:image:type\" content=\"image\/jpeg\" \/>\n<meta name=\"twitter:card\" content=\"summary_large_image\" \/>\n<meta name=\"twitter:label1\" content=\"Gesch\u00e4tzte Lesezeit\" \/>\n\t<meta name=\"twitter:data1\" content=\"1\u00a0Minute\" \/>\n<script type=\"application\/ld+json\" class=\"yoast-schema-graph\">{\"@context\":\"https:\\\/\\\/schema.org\",\"@graph\":[{\"@type\":\"WebPage\",\"@id\":\"https:\\\/\\\/timeworksmods.com\\\/producto\\\/royal-seikoak-chrono-black\\\/\",\"url\":\"https:\\\/\\\/timeworksmods.com\\\/producto\\\/royal-seikoak-chrono-black\\\/\",\"name\":\"Royal Seikoak Chrono Black | Timeworks\u2122 | Seiko Mods\",\"isPartOf\":{\"@id\":\"https:\\\/\\\/timeworksmods.com\\\/#website\"},\"primaryImageOfPage\":{\"@id\":\"https:\\\/\\\/timeworksmods.com\\\/producto\\\/royal-seikoak-chrono-black\\\/#primaryimage\"},\"image\":{\"@id\":\"https:\\\/\\\/timeworksmods.com\\\/producto\\\/royal-seikoak-chrono-black\\\/#primaryimage\"},\"thumbnailUrl\":\"https:\\\/\\\/timeworksmods.com\\\/wp-content\\\/uploads\\\/2025\\\/12\\\/8f468c873a32bb0619eaeb2050ba45d1.jpg\",\"datePublished\":\"2025-12-06T18:20:09+00:00\",\"dateModified\":\"2026-04-13T06:48:34+00:00\",\"description\":\"Este mod combina la sofisticaci\u00f3n deportiva de los dise\u00f1os cl\u00e1sicos de relojer\u00eda con la fiabilidad de un movimiento autom\u00e1tico japon\u00e9s de alta precisi\u00f3n. Un homenaje que respeta la esencia de los relojes ic\u00f3nicos, reinterpretado con materiales modernos y una ejecuci\u00f3n meticulosa.\",\"breadcrumb\":{\"@id\":\"https:\\\/\\\/timeworksmods.com\\\/producto\\\/royal-seikoak-chrono-black\\\/#breadcrumb\"},\"inLanguage\":\"de\",\"potentialAction\":[{\"@type\":\"ReadAction\",\"target\":[\"https:\\\/\\\/timeworksmods.com\\\/producto\\\/royal-seikoak-chrono-black\\\/\"]}]},{\"@type\":\"ImageObject\",\"inLanguage\":\"de\",\"@id\":\"https:\\\/\\\/timeworksmods.com\\\/producto\\\/royal-seikoak-chrono-black\\\/#primaryimage\",\"url\":\"https:\\\/\\\/timeworksmods.com\\\/wp-content\\\/uploads\\\/2025\\\/12\\\/8f468c873a32bb0619eaeb2050ba45d1.jpg\",\"contentUrl\":\"https:\\\/\\\/timeworksmods.com\\\/wp-content\\\/uploads\\\/2025\\\/12\\\/8f468c873a32bb0619eaeb2050ba45d1.jpg\",\"width\":1200,\"height\":1200},{\"@type\":\"BreadcrumbList\",\"@id\":\"https:\\\/\\\/timeworksmods.com\\\/producto\\\/royal-seikoak-chrono-black\\\/#breadcrumb\",\"itemListElement\":[{\"@type\":\"ListItem\",\"position\":1,\"name\":\"Portada\",\"item\":\"https:\\\/\\\/timeworksmods.com\\\/\"},{\"@type\":\"ListItem\",\"position\":2,\"name\":\"Tienda\",\"item\":\"https:\\\/\\\/timeworksmods.com\\\/tienda\\\/\"},{\"@type\":\"ListItem\",\"position\":3,\"name\":\"Royal Seikoak Chrono Black\"}]},{\"@type\":\"WebSite\",\"@id\":\"https:\\\/\\\/timeworksmods.com\\\/#website\",\"url\":\"https:\\\/\\\/timeworksmods.com\\\/\",\"name\":\"Timeworks\u2122 | Seiko Mods\",\"description\":\"Tu Tienda de Seiko Mods Personalizados\",\"publisher\":{\"@id\":\"https:\\\/\\\/timeworksmods.com\\\/#organization\"},\"alternateName\":\"Timeworks\u2122 | Seiko Mods\",\"potentialAction\":[{\"@type\":\"SearchAction\",\"target\":{\"@type\":\"EntryPoint\",\"urlTemplate\":\"https:\\\/\\\/timeworksmods.com\\\/?s={search_term_string}\"},\"query-input\":{\"@type\":\"PropertyValueSpecification\",\"valueRequired\":true,\"valueName\":\"search_term_string\"}}],\"inLanguage\":\"de\"},{\"@type\":\"Organization\",\"@id\":\"https:\\\/\\\/timeworksmods.com\\\/#organization\",\"name\":\"Timeworks\u2122 | Seiko Mods\",\"alternateName\":\"Timeworks\u2122 | Custom Seiko Mods\",\"url\":\"https:\\\/\\\/timeworksmods.com\\\/\",\"logo\":{\"@type\":\"ImageObject\",\"inLanguage\":\"de\",\"@id\":\"https:\\\/\\\/timeworksmods.com\\\/#\\\/schema\\\/logo\\\/image\\\/\",\"url\":\"https:\\\/\\\/timeworksmods.com\\\/wp-content\\\/uploads\\\/2025\\\/12\\\/148510031349642de5ca0c544f31b2ef.png\",\"contentUrl\":\"https:\\\/\\\/timeworksmods.com\\\/wp-content\\\/uploads\\\/2025\\\/12\\\/148510031349642de5ca0c544f31b2ef.png\",\"width\":512,\"height\":512,\"caption\":\"Timeworks\u2122 | Seiko Mods\"},\"image\":{\"@id\":\"https:\\\/\\\/timeworksmods.com\\\/#\\\/schema\\\/logo\\\/image\\\/\"},\"sameAs\":[\"https:\\\/\\\/www.facebook.com\\\/timeworksmods\\\/\",\"https:\\\/\\\/www.instagram.com\\\/timeworksmods\\\/\",\"https:\\\/\\\/www.tiktok.com\\\/@timeworksmods\"]}]}<\/script>\n<!-- \/ Yoast SEO plugin. -->","yoast_head_json":{"title":"K\u00f6niglich Seikoak Chrono Schwarz | Timeworks\u2122 | Seiko Mods","description":"Diese Modifikation verbindet die sportliche Raffinesse klassischer Uhrendesigns mit der Zuverl\u00e4ssigkeit eines hochpr\u00e4zisen japanischen Automatikwerks. Eine Hommage, die die Essenz ikonischer Uhren respektiert, neu interpretiert mit modernen Materialien und sorgf\u00e4ltiger Ausf\u00fchrung.","robots":{"index":"index","follow":"follow","max-snippet":"max-snippet:-1","max-image-preview":"max-image-preview:large","max-video-preview":"max-video-preview:-1"},"canonical":"https:\/\/timeworksmods.com\/de\/produkt\/royal-seikoak-chrono-black\/","og_locale":"de_DE","og_type":"article","og_title":"Royal Seikoak Chrono Black | Timeworks\u2122 | Seiko Mods","og_description":"Este mod combina la sofisticaci\u00f3n deportiva de los dise\u00f1os cl\u00e1sicos de relojer\u00eda con la fiabilidad de un movimiento autom\u00e1tico japon\u00e9s de alta precisi\u00f3n. Un homenaje que respeta la esencia de los relojes ic\u00f3nicos, reinterpretado con materiales modernos y una ejecuci\u00f3n meticulosa.","og_url":"https:\/\/timeworksmods.com\/de\/produkt\/royal-seikoak-chrono-black\/","og_site_name":"Timeworks\u2122 | Seiko Mods","article_publisher":"https:\/\/www.facebook.com\/timeworksmods\/","article_modified_time":"2026-04-13T06:48:34+00:00","og_image":[{"width":1200,"height":1200,"url":"https:\/\/timeworksmods.com\/wp-content\/uploads\/2025\/12\/8f468c873a32bb0619eaeb2050ba45d1.jpg","type":"image\/jpeg"}],"twitter_card":"summary_large_image","twitter_misc":{"Gesch\u00e4tzte Lesezeit":"1\u00a0Minute"},"schema":{"@context":"https:\/\/schema.org","@graph":[{"@type":"WebPage","@id":"https:\/\/timeworksmods.com\/producto\/royal-seikoak-chrono-black\/","url":"https:\/\/timeworksmods.com\/producto\/royal-seikoak-chrono-black\/","name":"K\u00f6niglich Seikoak Chrono Schwarz | Timeworks\u2122 | Seiko Mods","isPartOf":{"@id":"https:\/\/timeworksmods.com\/#website"},"primaryImageOfPage":{"@id":"https:\/\/timeworksmods.com\/producto\/royal-seikoak-chrono-black\/#primaryimage"},"image":{"@id":"https:\/\/timeworksmods.com\/producto\/royal-seikoak-chrono-black\/#primaryimage"},"thumbnailUrl":"https:\/\/timeworksmods.com\/wp-content\/uploads\/2025\/12\/8f468c873a32bb0619eaeb2050ba45d1.jpg","datePublished":"2025-12-06T18:20:09+00:00","dateModified":"2026-04-13T06:48:34+00:00","description":"Diese Modifikation verbindet die sportliche Raffinesse klassischer Uhrendesigns mit der Zuverl\u00e4ssigkeit eines hochpr\u00e4zisen japanischen Automatikwerks. Eine Hommage, die die Essenz ikonischer Uhren respektiert, neu interpretiert mit modernen Materialien und sorgf\u00e4ltiger Ausf\u00fchrung.","breadcrumb":{"@id":"https:\/\/timeworksmods.com\/producto\/royal-seikoak-chrono-black\/#breadcrumb"},"inLanguage":"de","potentialAction":[{"@type":"ReadAction","target":["https:\/\/timeworksmods.com\/producto\/royal-seikoak-chrono-black\/"]}]},{"@type":"ImageObject","inLanguage":"de","@id":"https:\/\/timeworksmods.com\/producto\/royal-seikoak-chrono-black\/#primaryimage","url":"https:\/\/timeworksmods.com\/wp-content\/uploads\/2025\/12\/8f468c873a32bb0619eaeb2050ba45d1.jpg","contentUrl":"https:\/\/timeworksmods.com\/wp-content\/uploads\/2025\/12\/8f468c873a32bb0619eaeb2050ba45d1.jpg","width":1200,"height":1200},{"@type":"BreadcrumbList","@id":"https:\/\/timeworksmods.com\/producto\/royal-seikoak-chrono-black\/#breadcrumb","itemListElement":[{"@type":"ListItem","position":1,"name":"Portada","item":"https:\/\/timeworksmods.com\/"},{"@type":"ListItem","position":2,"name":"Tienda","item":"https:\/\/timeworksmods.com\/tienda\/"},{"@type":"ListItem","position":3,"name":"Royal Seikoak Chrono Black"}]},{"@type":"WebSite","@id":"https:\/\/timeworksmods.com\/#website","url":"https:\/\/timeworksmods.com\/","name":"Timeworks\u2122 | Seiko Umbauten","description":"Dein Shop f\u00fcr individuelle Seiko-Mods","publisher":{"@id":"https:\/\/timeworksmods.com\/#organization"},"alternateName":"Timeworks\u2122 | Seiko Mods","potentialAction":[{"@type":"SearchAction","target":{"@type":"EntryPoint","urlTemplate":"https:\/\/timeworksmods.com\/?s={search_term_string}"},"query-input":{"@type":"PropertyValueSpecification","valueRequired":true,"valueName":"search_term_string"}}],"inLanguage":"de"},{"@type":"Organization","@id":"https:\/\/timeworksmods.com\/#organization","name":"Timeworks\u2122 | Seiko Umbauten","alternateName":"Timeworks\u2122 | Custom Seiko Mods","url":"https:\/\/timeworksmods.com\/","logo":{"@type":"ImageObject","inLanguage":"de","@id":"https:\/\/timeworksmods.com\/#\/schema\/logo\/image\/","url":"https:\/\/timeworksmods.com\/wp-content\/uploads\/2025\/12\/148510031349642de5ca0c544f31b2ef.png","contentUrl":"https:\/\/timeworksmods.com\/wp-content\/uploads\/2025\/12\/148510031349642de5ca0c544f31b2ef.png","width":512,"height":512,"caption":"Timeworks\u2122 | Seiko Mods"},"image":{"@id":"https:\/\/timeworksmods.com\/#\/schema\/logo\/image\/"},"sameAs":["https:\/\/www.facebook.com\/timeworksmods\/","https:\/\/www.instagram.com\/timeworksmods\/","https:\/\/www.tiktok.com\/@timeworksmods"]}]}},"_links":{"self":[{"href":"https:\/\/timeworksmods.com\/de\/wp-json\/wp\/v2\/product\/1037","targetHints":{"allow":["GET"]}}],"collection":[{"href":"https:\/\/timeworksmods.com\/de\/wp-json\/wp\/v2\/product"}],"about":[{"href":"https:\/\/timeworksmods.com\/de\/wp-json\/wp\/v2\/types\/product"}],"replies":[{"embeddable":true,"href":"https:\/\/timeworksmods.com\/de\/wp-json\/wp\/v2\/comments?post=1037"}],"wp:featuredmedia":[{"embeddable":true,"href":"https:\/\/timeworksmods.com\/de\/wp-json\/wp\/v2\/media\/968"}],"wp:attachment":[{"href":"https:\/\/timeworksmods.com\/de\/wp-json\/wp\/v2\/media?parent=1037"}],"wp:term":[{"taxonomy":"product_cat","embeddable":true,"href":"https:\/\/timeworksmods.com\/de\/wp-json\/wp\/v2\/product_cat?post=1037"},{"taxonomy":"product_tag","embeddable":true,"href":"https:\/\/timeworksmods.com\/de\/wp-json\/wp\/v2\/product_tag?post=1037"}],"curies":[{"name":"wp","href":"https:\/\/api.w.org\/{rel}","templated":true}]}}