{"id":1245,"date":"2025-12-08T13:54:00","date_gmt":"2025-12-08T13:54:00","guid":{"rendered":"https:\/\/timeworksmods.com\/?post_type=product&#038;p=1245"},"modified":"2026-04-13T08:38:08","modified_gmt":"2026-04-13T06:38:08","slug":"seikomariner-two-tones-black","status":"publish","type":"product","link":"https:\/\/timeworksmods.com\/de\/produkt\/seikomariner-two-tones-black\/","title":{"rendered":"Seikomariner Zwei-T\u00f6ne Schwarz"},"content":{"rendered":"<p data-start=\"126\" data-end=\"441\">Inspiriert von den gro\u00dfen Ikonen der professionellen Taucheruhrmacherei, bietet dieses Mod ein robustes, funktionales und zeitloses Design. Eine moderne Neuinterpretation, ausgestattet mit einem zuverl\u00e4ssigen japanischen Automatikwerk und hochwertigen Materialien, ideal sowohl f\u00fcr den t\u00e4glichen Gebrauch als auch f\u00fcr anspruchsvolle Umgebungen.<\/p>\n<p data-start=\"443\" data-end=\"749\">Das japanische Kaliber arbeitet mit 21.600 Halbschwingungen pro Stunde (3 Hz), verf\u00fcgt \u00fcber automatischen und manuellen Aufzug, eine Sekundenstoppfunktion (Hacking) f\u00fcr eine genaue Zeiteinstellung und bietet eine Gangreserve von ca. 41 Stunden, was einen stabilen und kontinuierlichen Betrieb in jeder Situation gew\u00e4hrleistet.<\/p>\n<p data-start=\"751\" data-end=\"1320\">Das Geh\u00e4use aus Edelstahl 316L bietet eine hohe Best\u00e4ndigkeit gegen Korrosion, Druck und t\u00e4glichen Verschlei\u00df und ist mit einer unidirektionalen Taucherl\u00fcnette kombiniert, die f\u00fcr die praktische und pr\u00e4zise Zeitmessung von Zeitintervallen konzipiert ist. Komplettiert wird das Ganze durch ein Saphirglas, das einen \u00fcberragenden Schutz vor Kratzern und eine ausgezeichnete Lesbarkeit gew\u00e4hrleistet. Das Ergebnis ist eine sportliche, elegante und \u00e4u\u00dferst zuverl\u00e4ssige Uhr, die sowohl f\u00fcr den t\u00e4glichen Gebrauch als auch f\u00fcr Liebhaber mechanischer Taucheruhren gedacht ist.<\/p>","protected":false},"excerpt":{"rendered":"<p>Inspiriert von den gro\u00dfen Ikonen der professionellen Taucheruhrmacherei bietet dieses Mod ein robustes, funktionales und zeitloses Design. Eine moderne Neuinterpretation, ausgestattet mit zuverl\u00e4ssiger japanischer Mechanik und hochwertigen Materialien, ideal sowohl f\u00fcr den t\u00e4glichen Gebrauch als auch f\u00fcr anspruchsvolle Umgebungen.<\/p>","protected":false},"featured_media":1160,"comment_status":"open","ping_status":"closed","template":"","meta":{"_acf_changed":false,"_joinchat":[]},"product_cat":[101],"product_tag":[],"class_list":{"0":"post-1245","1":"product","2":"type-product","3":"status-publish","4":"has-post-thumbnail","6":"product_cat-seikomariner","7":"pa_seikomariner-version-two-tones-black","9":"first","10":"instock","11":"sale","12":"taxable","13":"shipping-taxable","14":"purchasable","15":"product-type-simple","swatches":"rey-swatches","show_selected":""},"acf":[],"yoast_head":"<!-- This site is optimized with the Yoast SEO plugin v27.4 - https:\/\/yoast.com\/product\/yoast-seo-wordpress\/ -->\n<title>Seikomariner Two-Tones Black | Timeworks\u2122 | Custom Watches<\/title>\n<meta name=\"description\" content=\"Inspirado en los grandes iconos de la relojer\u00eda de buceo profesional, este mod ofrece un dise\u00f1o robusto, funcional y atemporal. Una reinterpretaci\u00f3n moderna equipada con mec\u00e1nica japonesa de probada fiabilidad y materiales de alta calidad, ideal tanto para el uso diario como para entornos exigentes.\" \/>\n<meta name=\"robots\" content=\"index, follow, max-snippet:-1, max-image-preview:large, max-video-preview:-1\" \/>\n<link rel=\"canonical\" href=\"https:\/\/timeworksmods.com\/de\/produkt\/seikomariner-two-tones-black\/\" \/>\n<meta property=\"og:locale\" content=\"de_DE\" \/>\n<meta property=\"og:type\" content=\"article\" \/>\n<meta property=\"og:title\" content=\"Seikomariner Two-Tones Black | Timeworks\u2122 | Custom Watches\" \/>\n<meta property=\"og:description\" content=\"Inspirado en los grandes iconos de la relojer\u00eda de buceo profesional, este mod ofrece un dise\u00f1o robusto, funcional y atemporal. Una reinterpretaci\u00f3n moderna equipada con mec\u00e1nica japonesa de probada fiabilidad y materiales de alta calidad, ideal tanto para el uso diario como para entornos exigentes.\" \/>\n<meta property=\"og:url\" content=\"https:\/\/timeworksmods.com\/de\/produkt\/seikomariner-two-tones-black\/\" \/>\n<meta property=\"og:site_name\" content=\"Timeworks\u2122 | Custom Watches\" \/>\n<meta property=\"article:publisher\" content=\"https:\/\/www.facebook.com\/timeworksmods\/\" \/>\n<meta property=\"article:modified_time\" content=\"2026-04-13T06:38:08+00:00\" \/>\n<meta property=\"og:image\" content=\"https:\/\/timeworksmods.com\/wp-content\/uploads\/2025\/12\/884d79963bd8bc0ae9b13a1aa71add73.jpg\" \/>\n\t<meta property=\"og:image:width\" content=\"1200\" \/>\n\t<meta property=\"og:image:height\" content=\"1200\" \/>\n\t<meta property=\"og:image:type\" content=\"image\/jpeg\" \/>\n<meta name=\"twitter:card\" content=\"summary_large_image\" \/>\n<meta name=\"twitter:label1\" content=\"Gesch\u00e4tzte Lesezeit\" \/>\n\t<meta name=\"twitter:data1\" content=\"1\u00a0Minute\" \/>\n<script type=\"application\/ld+json\" class=\"yoast-schema-graph\">{\"@context\":\"https:\\\/\\\/schema.org\",\"@graph\":[{\"@type\":\"WebPage\",\"@id\":\"https:\\\/\\\/timeworksmods.com\\\/producto\\\/seikomariner-two-tones-black\\\/\",\"url\":\"https:\\\/\\\/timeworksmods.com\\\/producto\\\/seikomariner-two-tones-black\\\/\",\"name\":\"Seikomariner Two-Tones Black | Timeworks\u2122 | Custom Watches\",\"isPartOf\":{\"@id\":\"https:\\\/\\\/timeworksmods.com\\\/#website\"},\"primaryImageOfPage\":{\"@id\":\"https:\\\/\\\/timeworksmods.com\\\/producto\\\/seikomariner-two-tones-black\\\/#primaryimage\"},\"image\":{\"@id\":\"https:\\\/\\\/timeworksmods.com\\\/producto\\\/seikomariner-two-tones-black\\\/#primaryimage\"},\"thumbnailUrl\":\"https:\\\/\\\/timeworksmods.com\\\/wp-content\\\/uploads\\\/2025\\\/12\\\/884d79963bd8bc0ae9b13a1aa71add73.jpg\",\"datePublished\":\"2025-12-08T13:54:00+00:00\",\"dateModified\":\"2026-04-13T06:38:08+00:00\",\"description\":\"Inspirado en los grandes iconos de la relojer\u00eda de buceo profesional, este mod ofrece un dise\u00f1o robusto, funcional y atemporal. Una reinterpretaci\u00f3n moderna equipada con mec\u00e1nica japonesa de probada fiabilidad y materiales de alta calidad, ideal tanto para el uso diario como para entornos exigentes.\",\"breadcrumb\":{\"@id\":\"https:\\\/\\\/timeworksmods.com\\\/producto\\\/seikomariner-two-tones-black\\\/#breadcrumb\"},\"inLanguage\":\"de\",\"potentialAction\":[{\"@type\":\"ReadAction\",\"target\":[\"https:\\\/\\\/timeworksmods.com\\\/producto\\\/seikomariner-two-tones-black\\\/\"]}]},{\"@type\":\"ImageObject\",\"inLanguage\":\"de\",\"@id\":\"https:\\\/\\\/timeworksmods.com\\\/producto\\\/seikomariner-two-tones-black\\\/#primaryimage\",\"url\":\"https:\\\/\\\/timeworksmods.com\\\/wp-content\\\/uploads\\\/2025\\\/12\\\/884d79963bd8bc0ae9b13a1aa71add73.jpg\",\"contentUrl\":\"https:\\\/\\\/timeworksmods.com\\\/wp-content\\\/uploads\\\/2025\\\/12\\\/884d79963bd8bc0ae9b13a1aa71add73.jpg\",\"width\":1200,\"height\":1200},{\"@type\":\"BreadcrumbList\",\"@id\":\"https:\\\/\\\/timeworksmods.com\\\/producto\\\/seikomariner-two-tones-black\\\/#breadcrumb\",\"itemListElement\":[{\"@type\":\"ListItem\",\"position\":1,\"name\":\"Portada\",\"item\":\"https:\\\/\\\/timeworksmods.com\\\/\"},{\"@type\":\"ListItem\",\"position\":2,\"name\":\"Tienda\",\"item\":\"https:\\\/\\\/timeworksmods.com\\\/tienda\\\/\"},{\"@type\":\"ListItem\",\"position\":3,\"name\":\"Seikomariner Two-Tones Black\"}]},{\"@type\":\"WebSite\",\"@id\":\"https:\\\/\\\/timeworksmods.com\\\/#website\",\"url\":\"https:\\\/\\\/timeworksmods.com\\\/\",\"name\":\"Timeworks\u2122 | Seiko Mods\",\"description\":\"Tu Tienda de Mods Personalizados\",\"publisher\":{\"@id\":\"https:\\\/\\\/timeworksmods.com\\\/#organization\"},\"alternateName\":\"Timeworks\u2122 | Seiko Mods\",\"potentialAction\":[{\"@type\":\"SearchAction\",\"target\":{\"@type\":\"EntryPoint\",\"urlTemplate\":\"https:\\\/\\\/timeworksmods.com\\\/?s={search_term_string}\"},\"query-input\":{\"@type\":\"PropertyValueSpecification\",\"valueRequired\":true,\"valueName\":\"search_term_string\"}}],\"inLanguage\":\"de\"},{\"@type\":\"Organization\",\"@id\":\"https:\\\/\\\/timeworksmods.com\\\/#organization\",\"name\":\"Timeworks\u2122 | Seiko Mods\",\"alternateName\":\"Timeworks\u2122 | Custom Seiko Mods\",\"url\":\"https:\\\/\\\/timeworksmods.com\\\/\",\"logo\":{\"@type\":\"ImageObject\",\"inLanguage\":\"de\",\"@id\":\"https:\\\/\\\/timeworksmods.com\\\/#\\\/schema\\\/logo\\\/image\\\/\",\"url\":\"https:\\\/\\\/timeworksmods.com\\\/wp-content\\\/uploads\\\/2025\\\/12\\\/148510031349642de5ca0c544f31b2ef.png\",\"contentUrl\":\"https:\\\/\\\/timeworksmods.com\\\/wp-content\\\/uploads\\\/2025\\\/12\\\/148510031349642de5ca0c544f31b2ef.png\",\"width\":512,\"height\":512,\"caption\":\"Timeworks\u2122 | Seiko Mods\"},\"image\":{\"@id\":\"https:\\\/\\\/timeworksmods.com\\\/#\\\/schema\\\/logo\\\/image\\\/\"},\"sameAs\":[\"https:\\\/\\\/www.facebook.com\\\/timeworksmods\\\/\",\"https:\\\/\\\/www.instagram.com\\\/timeworksmods\\\/\",\"https:\\\/\\\/www.tiktok.com\\\/@timeworksmods\"]}]}<\/script>\n<!-- \/ Yoast SEO plugin. -->","yoast_head_json":{"title":"Seikomariner Two-Tones Black | Timeworks\u2122 | Custom Watches","description":"Inspiriert von den gro\u00dfen Ikonen der professionellen Taucheruhrmacherei bietet dieses Mod ein robustes, funktionales und zeitloses Design. Eine moderne Neuinterpretation, ausgestattet mit zuverl\u00e4ssiger japanischer Mechanik und hochwertigen Materialien, ideal sowohl f\u00fcr den t\u00e4glichen Gebrauch als auch f\u00fcr anspruchsvolle Umgebungen.","robots":{"index":"index","follow":"follow","max-snippet":"max-snippet:-1","max-image-preview":"max-image-preview:large","max-video-preview":"max-video-preview:-1"},"canonical":"https:\/\/timeworksmods.com\/de\/produkt\/seikomariner-two-tones-black\/","og_locale":"de_DE","og_type":"article","og_title":"Seikomariner Two-Tones Black | Timeworks\u2122 | Custom Watches","og_description":"Inspirado en los grandes iconos de la relojer\u00eda de buceo profesional, este mod ofrece un dise\u00f1o robusto, funcional y atemporal. Una reinterpretaci\u00f3n moderna equipada con mec\u00e1nica japonesa de probada fiabilidad y materiales de alta calidad, ideal tanto para el uso diario como para entornos exigentes.","og_url":"https:\/\/timeworksmods.com\/de\/produkt\/seikomariner-two-tones-black\/","og_site_name":"Timeworks\u2122 | Custom Watches","article_publisher":"https:\/\/www.facebook.com\/timeworksmods\/","article_modified_time":"2026-04-13T06:38:08+00:00","og_image":[{"width":1200,"height":1200,"url":"https:\/\/timeworksmods.com\/wp-content\/uploads\/2025\/12\/884d79963bd8bc0ae9b13a1aa71add73.jpg","type":"image\/jpeg"}],"twitter_card":"summary_large_image","twitter_misc":{"Gesch\u00e4tzte Lesezeit":"1\u00a0Minute"},"schema":{"@context":"https:\/\/schema.org","@graph":[{"@type":"WebPage","@id":"https:\/\/timeworksmods.com\/producto\/seikomariner-two-tones-black\/","url":"https:\/\/timeworksmods.com\/producto\/seikomariner-two-tones-black\/","name":"Seikomariner Two-Tones Black | Timeworks\u2122 | Custom Watches","isPartOf":{"@id":"https:\/\/timeworksmods.com\/#website"},"primaryImageOfPage":{"@id":"https:\/\/timeworksmods.com\/producto\/seikomariner-two-tones-black\/#primaryimage"},"image":{"@id":"https:\/\/timeworksmods.com\/producto\/seikomariner-two-tones-black\/#primaryimage"},"thumbnailUrl":"https:\/\/timeworksmods.com\/wp-content\/uploads\/2025\/12\/884d79963bd8bc0ae9b13a1aa71add73.jpg","datePublished":"2025-12-08T13:54:00+00:00","dateModified":"2026-04-13T06:38:08+00:00","description":"Inspiriert von den gro\u00dfen Ikonen der professionellen Taucheruhrmacherei bietet dieses Mod ein robustes, funktionales und zeitloses Design. Eine moderne Neuinterpretation, ausgestattet mit zuverl\u00e4ssiger japanischer Mechanik und hochwertigen Materialien, ideal sowohl f\u00fcr den t\u00e4glichen Gebrauch als auch f\u00fcr anspruchsvolle Umgebungen.","breadcrumb":{"@id":"https:\/\/timeworksmods.com\/producto\/seikomariner-two-tones-black\/#breadcrumb"},"inLanguage":"de","potentialAction":[{"@type":"ReadAction","target":["https:\/\/timeworksmods.com\/producto\/seikomariner-two-tones-black\/"]}]},{"@type":"ImageObject","inLanguage":"de","@id":"https:\/\/timeworksmods.com\/producto\/seikomariner-two-tones-black\/#primaryimage","url":"https:\/\/timeworksmods.com\/wp-content\/uploads\/2025\/12\/884d79963bd8bc0ae9b13a1aa71add73.jpg","contentUrl":"https:\/\/timeworksmods.com\/wp-content\/uploads\/2025\/12\/884d79963bd8bc0ae9b13a1aa71add73.jpg","width":1200,"height":1200},{"@type":"BreadcrumbList","@id":"https:\/\/timeworksmods.com\/producto\/seikomariner-two-tones-black\/#breadcrumb","itemListElement":[{"@type":"ListItem","position":1,"name":"Portada","item":"https:\/\/timeworksmods.com\/"},{"@type":"ListItem","position":2,"name":"Tienda","item":"https:\/\/timeworksmods.com\/tienda\/"},{"@type":"ListItem","position":3,"name":"Seikomariner Two-Tones Black"}]},{"@type":"WebSite","@id":"https:\/\/timeworksmods.com\/#website","url":"https:\/\/timeworksmods.com\/","name":"Timeworks\u2122 | Seiko Umbauten","description":"Dein personalisierter Mod-Shop","publisher":{"@id":"https:\/\/timeworksmods.com\/#organization"},"alternateName":"Timeworks\u2122 | Seiko Mods","potentialAction":[{"@type":"SearchAction","target":{"@type":"EntryPoint","urlTemplate":"https:\/\/timeworksmods.com\/?s={search_term_string}"},"query-input":{"@type":"PropertyValueSpecification","valueRequired":true,"valueName":"search_term_string"}}],"inLanguage":"de"},{"@type":"Organization","@id":"https:\/\/timeworksmods.com\/#organization","name":"Timeworks\u2122 | Seiko Umbauten","alternateName":"Timeworks\u2122 | Custom Seiko Mods","url":"https:\/\/timeworksmods.com\/","logo":{"@type":"ImageObject","inLanguage":"de","@id":"https:\/\/timeworksmods.com\/#\/schema\/logo\/image\/","url":"https:\/\/timeworksmods.com\/wp-content\/uploads\/2025\/12\/148510031349642de5ca0c544f31b2ef.png","contentUrl":"https:\/\/timeworksmods.com\/wp-content\/uploads\/2025\/12\/148510031349642de5ca0c544f31b2ef.png","width":512,"height":512,"caption":"Timeworks\u2122 | Seiko Mods"},"image":{"@id":"https:\/\/timeworksmods.com\/#\/schema\/logo\/image\/"},"sameAs":["https:\/\/www.facebook.com\/timeworksmods\/","https:\/\/www.instagram.com\/timeworksmods\/","https:\/\/www.tiktok.com\/@timeworksmods"]}]}},"_links":{"self":[{"href":"https:\/\/timeworksmods.com\/de\/wp-json\/wp\/v2\/product\/1245","targetHints":{"allow":["GET"]}}],"collection":[{"href":"https:\/\/timeworksmods.com\/de\/wp-json\/wp\/v2\/product"}],"about":[{"href":"https:\/\/timeworksmods.com\/de\/wp-json\/wp\/v2\/types\/product"}],"replies":[{"embeddable":true,"href":"https:\/\/timeworksmods.com\/de\/wp-json\/wp\/v2\/comments?post=1245"}],"wp:featuredmedia":[{"embeddable":true,"href":"https:\/\/timeworksmods.com\/de\/wp-json\/wp\/v2\/media\/1160"}],"wp:attachment":[{"href":"https:\/\/timeworksmods.com\/de\/wp-json\/wp\/v2\/media?parent=1245"}],"wp:term":[{"taxonomy":"product_cat","embeddable":true,"href":"https:\/\/timeworksmods.com\/de\/wp-json\/wp\/v2\/product_cat?post=1245"},{"taxonomy":"product_tag","embeddable":true,"href":"https:\/\/timeworksmods.com\/de\/wp-json\/wp\/v2\/product_tag?post=1245"}],"curies":[{"name":"wp","href":"https:\/\/api.w.org\/{rel}","templated":true}]}}