{"id":3197,"date":"2025-12-30T19:07:08","date_gmt":"2025-12-30T18:07:08","guid":{"rendered":"https:\/\/timeworksmods.com\/?post_type=product&#038;p=3197"},"modified":"2026-04-13T08:36:21","modified_gmt":"2026-04-13T06:36:21","slug":"seikojust-sky-dweller-black","status":"publish","type":"product","link":"https:\/\/timeworksmods.com\/de\/produkt\/seikojust-sky-dweller-black\/","title":{"rendered":"Seikojust Himmelsbewohner Schwarz"},"content":{"rendered":"<p data-start=\"198\" data-end=\"512\">Inspiriert von den gro\u00dfen Ikonen der zeitlosen klassischen Uhrmacherei, bietet dieses Modell ein elegantes, funktionales und vielseitiges Design. Eine moderne Neuinterpretation, ausgestattet mit <strong data-start=\"365\" data-end=\"420\">automatische japanische Uhrwerk von bew\u00e4hrter Zuverl\u00e4ssigkeit<\/strong> und hochwertige Materialien eignen sich sowohl f\u00fcr den t\u00e4glichen Gebrauch als auch f\u00fcr besondere Anl\u00e4sse.<\/p>\n<p data-start=\"514\" data-end=\"799\">Das japanische Kaliber arbeitet mit 21.600 Halbschwingungen pro Stunde (3 Hz), verf\u00fcgt \u00fcber automatischen und manuellen Aufzug, eine Sekundenstopp-Funktion (Hacking) f\u00fcr eine pr\u00e4zise Zeiteinstellung und bietet eine Gangreserve von ca. 41 Stunden, was einen stabilen und kontinuierlichen Betrieb gew\u00e4hrleistet.<\/p>\n<p data-start=\"801\" data-end=\"1195\">Das Geh\u00e4use aus Edelstahl 316L bietet eine hohe Korrosionsbest\u00e4ndigkeit und Widerstandsf\u00e4higkeit gegen\u00fcber t\u00e4glichem Verschlei\u00df. Es ist mit Saphirglas ausgestattet, das \u00fcberlegenen Schutz vor Kratzern und makellose Sichtbarkeit gew\u00e4hrleistet. Das Ergebnis ist eine elegante, schlichte und hochzuverl\u00e4ssige Uhr, die sowohl f\u00fcr den t\u00e4glichen Gebrauch als auch f\u00fcr Liebhaber klassischer mechanischer Uhren geeignet ist.<\/p>","protected":false},"excerpt":{"rendered":"<p>Diese Modifikation kombiniert zeitlose Eleganz mit raffiniertem sportlichem Stil, untermauert durch die Zuverl\u00e4ssigkeit eines <strong data-start=\"273\" data-end=\"324\">japanischen Hochpr\u00e4zisions-Automatikwerks<\/strong>. Eine Hommage, die die Tradition klassischer Uhren respektiert, neu interpretiert mit modernen Materialien und einer bis ins kleinste Detail sorgf\u00e4ltigen Ausf\u00fchrung.<\/p>","protected":false},"featured_media":3192,"comment_status":"open","ping_status":"closed","template":"","meta":{"_acf_changed":false,"_joinchat":[]},"product_cat":[107],"product_tag":[],"class_list":{"0":"post-3197","1":"product","2":"type-product","3":"status-publish","4":"has-post-thumbnail","6":"product_cat-seikojust","8":"first","9":"instock","10":"sale","11":"taxable","12":"shipping-taxable","13":"purchasable","14":"product-type-simple","swatches":"rey-swatches","show_selected":""},"acf":[],"yoast_head":"<!-- This site is optimized with the Yoast SEO plugin v27.4 - https:\/\/yoast.com\/product\/yoast-seo-wordpress\/ -->\n<title>Seikojust Sky Dweller Black | Timeworks\u2122 | Custom Watches<\/title>\n<meta name=\"description\" content=\"Este mod combina la elegancia atemporal con un estilo deportivo refinado, respaldado por la fiabilidad de un movimiento autom\u00e1tico japon\u00e9s de alta precisi\u00f3n. Un homenaje que respeta la tradici\u00f3n de los relojes cl\u00e1sicos, reinterpretado con materiales modernos y una ejecuci\u00f3n cuidada hasta el \u00faltimo detalle.\" \/>\n<meta name=\"robots\" content=\"index, follow, max-snippet:-1, max-image-preview:large, max-video-preview:-1\" \/>\n<link rel=\"canonical\" href=\"https:\/\/timeworksmods.com\/de\/produkt\/seikojust-sky-dweller-black\/\" \/>\n<meta property=\"og:locale\" content=\"de_DE\" \/>\n<meta property=\"og:type\" content=\"article\" \/>\n<meta property=\"og:title\" content=\"Seikojust Sky Dweller Black | Timeworks\u2122 | Custom Watches\" \/>\n<meta property=\"og:description\" content=\"Este mod combina la elegancia atemporal con un estilo deportivo refinado, respaldado por la fiabilidad de un movimiento autom\u00e1tico japon\u00e9s de alta precisi\u00f3n. Un homenaje que respeta la tradici\u00f3n de los relojes cl\u00e1sicos, reinterpretado con materiales modernos y una ejecuci\u00f3n cuidada hasta el \u00faltimo detalle.\" \/>\n<meta property=\"og:url\" content=\"https:\/\/timeworksmods.com\/de\/produkt\/seikojust-sky-dweller-black\/\" \/>\n<meta property=\"og:site_name\" content=\"Timeworks\u2122 | Custom Watches\" \/>\n<meta property=\"article:publisher\" content=\"https:\/\/www.facebook.com\/timeworksmods\/\" \/>\n<meta property=\"article:modified_time\" content=\"2026-04-13T06:36:21+00:00\" \/>\n<meta property=\"og:image\" content=\"https:\/\/timeworksmods.com\/wp-content\/uploads\/2025\/12\/766e428d1e232bbdd58664b41346196c.jpg\" \/>\n\t<meta property=\"og:image:width\" content=\"1200\" \/>\n\t<meta property=\"og:image:height\" content=\"1200\" \/>\n\t<meta property=\"og:image:type\" content=\"image\/jpeg\" \/>\n<meta name=\"twitter:card\" content=\"summary_large_image\" \/>\n<meta name=\"twitter:label1\" content=\"Gesch\u00e4tzte Lesezeit\" \/>\n\t<meta name=\"twitter:data1\" content=\"1\u00a0Minute\" \/>\n<script type=\"application\/ld+json\" class=\"yoast-schema-graph\">{\"@context\":\"https:\\\/\\\/schema.org\",\"@graph\":[{\"@type\":\"WebPage\",\"@id\":\"https:\\\/\\\/timeworksmods.com\\\/producto\\\/seikojust-sky-dweller-black\\\/\",\"url\":\"https:\\\/\\\/timeworksmods.com\\\/producto\\\/seikojust-sky-dweller-black\\\/\",\"name\":\"Seikojust Sky Dweller Black | Timeworks\u2122 | Custom Watches\",\"isPartOf\":{\"@id\":\"https:\\\/\\\/timeworksmods.com\\\/#website\"},\"primaryImageOfPage\":{\"@id\":\"https:\\\/\\\/timeworksmods.com\\\/producto\\\/seikojust-sky-dweller-black\\\/#primaryimage\"},\"image\":{\"@id\":\"https:\\\/\\\/timeworksmods.com\\\/producto\\\/seikojust-sky-dweller-black\\\/#primaryimage\"},\"thumbnailUrl\":\"https:\\\/\\\/timeworksmods.com\\\/wp-content\\\/uploads\\\/2025\\\/12\\\/766e428d1e232bbdd58664b41346196c.jpg\",\"datePublished\":\"2025-12-30T18:07:08+00:00\",\"dateModified\":\"2026-04-13T06:36:21+00:00\",\"description\":\"Este mod combina la elegancia atemporal con un estilo deportivo refinado, respaldado por la fiabilidad de un movimiento autom\u00e1tico japon\u00e9s de alta precisi\u00f3n. Un homenaje que respeta la tradici\u00f3n de los relojes cl\u00e1sicos, reinterpretado con materiales modernos y una ejecuci\u00f3n cuidada hasta el \u00faltimo detalle.\",\"breadcrumb\":{\"@id\":\"https:\\\/\\\/timeworksmods.com\\\/producto\\\/seikojust-sky-dweller-black\\\/#breadcrumb\"},\"inLanguage\":\"de\",\"potentialAction\":[{\"@type\":\"ReadAction\",\"target\":[\"https:\\\/\\\/timeworksmods.com\\\/producto\\\/seikojust-sky-dweller-black\\\/\"]}]},{\"@type\":\"ImageObject\",\"inLanguage\":\"de\",\"@id\":\"https:\\\/\\\/timeworksmods.com\\\/producto\\\/seikojust-sky-dweller-black\\\/#primaryimage\",\"url\":\"https:\\\/\\\/timeworksmods.com\\\/wp-content\\\/uploads\\\/2025\\\/12\\\/766e428d1e232bbdd58664b41346196c.jpg\",\"contentUrl\":\"https:\\\/\\\/timeworksmods.com\\\/wp-content\\\/uploads\\\/2025\\\/12\\\/766e428d1e232bbdd58664b41346196c.jpg\",\"width\":1200,\"height\":1200},{\"@type\":\"BreadcrumbList\",\"@id\":\"https:\\\/\\\/timeworksmods.com\\\/producto\\\/seikojust-sky-dweller-black\\\/#breadcrumb\",\"itemListElement\":[{\"@type\":\"ListItem\",\"position\":1,\"name\":\"Portada\",\"item\":\"https:\\\/\\\/timeworksmods.com\\\/\"},{\"@type\":\"ListItem\",\"position\":2,\"name\":\"Tienda\",\"item\":\"https:\\\/\\\/timeworksmods.com\\\/tienda\\\/\"},{\"@type\":\"ListItem\",\"position\":3,\"name\":\"Seikojust Sky Dweller Black\"}]},{\"@type\":\"WebSite\",\"@id\":\"https:\\\/\\\/timeworksmods.com\\\/#website\",\"url\":\"https:\\\/\\\/timeworksmods.com\\\/\",\"name\":\"Timeworks\u2122 | Seiko Mods\",\"description\":\"Tu Tienda de Mods Personalizados\",\"publisher\":{\"@id\":\"https:\\\/\\\/timeworksmods.com\\\/#organization\"},\"alternateName\":\"Timeworks\u2122 | Seiko Mods\",\"potentialAction\":[{\"@type\":\"SearchAction\",\"target\":{\"@type\":\"EntryPoint\",\"urlTemplate\":\"https:\\\/\\\/timeworksmods.com\\\/?s={search_term_string}\"},\"query-input\":{\"@type\":\"PropertyValueSpecification\",\"valueRequired\":true,\"valueName\":\"search_term_string\"}}],\"inLanguage\":\"de\"},{\"@type\":\"Organization\",\"@id\":\"https:\\\/\\\/timeworksmods.com\\\/#organization\",\"name\":\"Timeworks\u2122 | Seiko Mods\",\"alternateName\":\"Timeworks\u2122 | Custom Seiko Mods\",\"url\":\"https:\\\/\\\/timeworksmods.com\\\/\",\"logo\":{\"@type\":\"ImageObject\",\"inLanguage\":\"de\",\"@id\":\"https:\\\/\\\/timeworksmods.com\\\/#\\\/schema\\\/logo\\\/image\\\/\",\"url\":\"https:\\\/\\\/timeworksmods.com\\\/wp-content\\\/uploads\\\/2025\\\/12\\\/148510031349642de5ca0c544f31b2ef.png\",\"contentUrl\":\"https:\\\/\\\/timeworksmods.com\\\/wp-content\\\/uploads\\\/2025\\\/12\\\/148510031349642de5ca0c544f31b2ef.png\",\"width\":512,\"height\":512,\"caption\":\"Timeworks\u2122 | Seiko Mods\"},\"image\":{\"@id\":\"https:\\\/\\\/timeworksmods.com\\\/#\\\/schema\\\/logo\\\/image\\\/\"},\"sameAs\":[\"https:\\\/\\\/www.facebook.com\\\/timeworksmods\\\/\",\"https:\\\/\\\/www.instagram.com\\\/timeworksmods\\\/\",\"https:\\\/\\\/www.tiktok.com\\\/@timeworksmods\"]}]}<\/script>\n<!-- \/ Yoast SEO plugin. -->","yoast_head_json":{"title":"Seikojust Sky Dweller Schwarz | Timeworks\u2122 | Kundenspezifische Uhren","description":"Diese Modifikation vereint zeitlose Eleganz mit einem raffinierten sportlichen Stil, untermauert durch die Zuverl\u00e4ssigkeit eines hochpr\u00e4zisen japanischen Automatikwerks. Eine Hommage, die die Tradition klassischer Uhren ehrt, neu interpretiert mit modernen Materialien und einer bis ins kleinste Detail sorgf\u00e4ltigen Ausf\u00fchrung.","robots":{"index":"index","follow":"follow","max-snippet":"max-snippet:-1","max-image-preview":"max-image-preview:large","max-video-preview":"max-video-preview:-1"},"canonical":"https:\/\/timeworksmods.com\/de\/produkt\/seikojust-sky-dweller-black\/","og_locale":"de_DE","og_type":"article","og_title":"Seikojust Sky Dweller Black | Timeworks\u2122 | Custom Watches","og_description":"Este mod combina la elegancia atemporal con un estilo deportivo refinado, respaldado por la fiabilidad de un movimiento autom\u00e1tico japon\u00e9s de alta precisi\u00f3n. Un homenaje que respeta la tradici\u00f3n de los relojes cl\u00e1sicos, reinterpretado con materiales modernos y una ejecuci\u00f3n cuidada hasta el \u00faltimo detalle.","og_url":"https:\/\/timeworksmods.com\/de\/produkt\/seikojust-sky-dweller-black\/","og_site_name":"Timeworks\u2122 | Custom Watches","article_publisher":"https:\/\/www.facebook.com\/timeworksmods\/","article_modified_time":"2026-04-13T06:36:21+00:00","og_image":[{"width":1200,"height":1200,"url":"https:\/\/timeworksmods.com\/wp-content\/uploads\/2025\/12\/766e428d1e232bbdd58664b41346196c.jpg","type":"image\/jpeg"}],"twitter_card":"summary_large_image","twitter_misc":{"Gesch\u00e4tzte Lesezeit":"1\u00a0Minute"},"schema":{"@context":"https:\/\/schema.org","@graph":[{"@type":"WebPage","@id":"https:\/\/timeworksmods.com\/producto\/seikojust-sky-dweller-black\/","url":"https:\/\/timeworksmods.com\/producto\/seikojust-sky-dweller-black\/","name":"Seikojust Sky Dweller Schwarz | Timeworks\u2122 | Kundenspezifische Uhren","isPartOf":{"@id":"https:\/\/timeworksmods.com\/#website"},"primaryImageOfPage":{"@id":"https:\/\/timeworksmods.com\/producto\/seikojust-sky-dweller-black\/#primaryimage"},"image":{"@id":"https:\/\/timeworksmods.com\/producto\/seikojust-sky-dweller-black\/#primaryimage"},"thumbnailUrl":"https:\/\/timeworksmods.com\/wp-content\/uploads\/2025\/12\/766e428d1e232bbdd58664b41346196c.jpg","datePublished":"2025-12-30T18:07:08+00:00","dateModified":"2026-04-13T06:36:21+00:00","description":"Diese Modifikation vereint zeitlose Eleganz mit einem raffinierten sportlichen Stil, untermauert durch die Zuverl\u00e4ssigkeit eines hochpr\u00e4zisen japanischen Automatikwerks. Eine Hommage, die die Tradition klassischer Uhren ehrt, neu interpretiert mit modernen Materialien und einer bis ins kleinste Detail sorgf\u00e4ltigen Ausf\u00fchrung.","breadcrumb":{"@id":"https:\/\/timeworksmods.com\/producto\/seikojust-sky-dweller-black\/#breadcrumb"},"inLanguage":"de","potentialAction":[{"@type":"ReadAction","target":["https:\/\/timeworksmods.com\/producto\/seikojust-sky-dweller-black\/"]}]},{"@type":"ImageObject","inLanguage":"de","@id":"https:\/\/timeworksmods.com\/producto\/seikojust-sky-dweller-black\/#primaryimage","url":"https:\/\/timeworksmods.com\/wp-content\/uploads\/2025\/12\/766e428d1e232bbdd58664b41346196c.jpg","contentUrl":"https:\/\/timeworksmods.com\/wp-content\/uploads\/2025\/12\/766e428d1e232bbdd58664b41346196c.jpg","width":1200,"height":1200},{"@type":"BreadcrumbList","@id":"https:\/\/timeworksmods.com\/producto\/seikojust-sky-dweller-black\/#breadcrumb","itemListElement":[{"@type":"ListItem","position":1,"name":"Portada","item":"https:\/\/timeworksmods.com\/"},{"@type":"ListItem","position":2,"name":"Tienda","item":"https:\/\/timeworksmods.com\/tienda\/"},{"@type":"ListItem","position":3,"name":"Seikojust Sky Dweller Black"}]},{"@type":"WebSite","@id":"https:\/\/timeworksmods.com\/#website","url":"https:\/\/timeworksmods.com\/","name":"Timeworks\u2122 | Seiko Umbauten","description":"Dein personalisierter Mod-Shop","publisher":{"@id":"https:\/\/timeworksmods.com\/#organization"},"alternateName":"Timeworks\u2122 | Seiko Mods","potentialAction":[{"@type":"SearchAction","target":{"@type":"EntryPoint","urlTemplate":"https:\/\/timeworksmods.com\/?s={search_term_string}"},"query-input":{"@type":"PropertyValueSpecification","valueRequired":true,"valueName":"search_term_string"}}],"inLanguage":"de"},{"@type":"Organization","@id":"https:\/\/timeworksmods.com\/#organization","name":"Timeworks\u2122 | Seiko Umbauten","alternateName":"Timeworks\u2122 | Custom Seiko Mods","url":"https:\/\/timeworksmods.com\/","logo":{"@type":"ImageObject","inLanguage":"de","@id":"https:\/\/timeworksmods.com\/#\/schema\/logo\/image\/","url":"https:\/\/timeworksmods.com\/wp-content\/uploads\/2025\/12\/148510031349642de5ca0c544f31b2ef.png","contentUrl":"https:\/\/timeworksmods.com\/wp-content\/uploads\/2025\/12\/148510031349642de5ca0c544f31b2ef.png","width":512,"height":512,"caption":"Timeworks\u2122 | Seiko Mods"},"image":{"@id":"https:\/\/timeworksmods.com\/#\/schema\/logo\/image\/"},"sameAs":["https:\/\/www.facebook.com\/timeworksmods\/","https:\/\/www.instagram.com\/timeworksmods\/","https:\/\/www.tiktok.com\/@timeworksmods"]}]}},"_links":{"self":[{"href":"https:\/\/timeworksmods.com\/de\/wp-json\/wp\/v2\/product\/3197","targetHints":{"allow":["GET"]}}],"collection":[{"href":"https:\/\/timeworksmods.com\/de\/wp-json\/wp\/v2\/product"}],"about":[{"href":"https:\/\/timeworksmods.com\/de\/wp-json\/wp\/v2\/types\/product"}],"replies":[{"embeddable":true,"href":"https:\/\/timeworksmods.com\/de\/wp-json\/wp\/v2\/comments?post=3197"}],"wp:featuredmedia":[{"embeddable":true,"href":"https:\/\/timeworksmods.com\/de\/wp-json\/wp\/v2\/media\/3192"}],"wp:attachment":[{"href":"https:\/\/timeworksmods.com\/de\/wp-json\/wp\/v2\/media?parent=3197"}],"wp:term":[{"taxonomy":"product_cat","embeddable":true,"href":"https:\/\/timeworksmods.com\/de\/wp-json\/wp\/v2\/product_cat?post=3197"},{"taxonomy":"product_tag","embeddable":true,"href":"https:\/\/timeworksmods.com\/de\/wp-json\/wp\/v2\/product_tag?post=3197"}],"curies":[{"name":"wp","href":"https:\/\/api.w.org\/{rel}","templated":true}]}}