{"id":4645,"date":"2026-02-24T20:29:09","date_gmt":"2026-02-24T19:29:09","guid":{"rendered":"https:\/\/timeworksmods.com\/?post_type=product&#038;p=4645"},"modified":"2026-04-13T08:34:51","modified_gmt":"2026-04-13T06:34:51","slug":"nautiko-chrono-blue","status":"publish","type":"product","link":"https:\/\/timeworksmods.com\/de\/produkt\/nautiko-chrono-blue\/","title":{"rendered":"Nautiko Chrono Blau"},"content":{"rendered":"<p data-start=\"218\" data-end=\"540\">Inspiriert von den gro\u00dfen Ikonen der luxuri\u00f6sen Sportuhrmacherei, pr\u00e4sentiert dieses Mod ein raffiniertes Design mit integrierten Linien und einer perfekten Balance zwischen Eleganz und Sportlichkeit. Es bewahrt die Essenz klassischer Luxusuhren und integriert hochwertige Materialien sowie einen zuverl\u00e4ssigen und pr\u00e4zisen Betrieb.<\/p>\n<p data-start=\"542\" data-end=\"919\">In seinem Inneren stattet er den <strong data-start=\"567\" data-end=\"592\">Seiko VK61 Uhrwerk<\/strong>, ein hybrides Quarzwerk mit mechanischer Chronographenfunktion, besonders gesch\u00e4tzt f\u00fcr seine Pr\u00e4zision und Benutzerfreundlichkeit. Es bietet automatischen Chronographenaufzug, einen zentralen Sekundenzeiger und Zifferbl\u00e4tter f\u00fcr Minuten und Zehntelsekunden, was ein klares und gut lesbares Zifferblatt beibeh\u00e4lt, ideal f\u00fcr einen sportlichen Stil mit edler \u00c4sthetik.<\/p>\n<p data-start=\"921\" data-end=\"1281\">Das Geh\u00e4use ist aus rostfreiem Edelstahl 316L gefertigt, was Korrosionsbest\u00e4ndigkeit und Langlebigkeit im t\u00e4glichen Gebrauch gew\u00e4hrleistet, und wird durch Saphirglas f\u00fcr maximalen Schutz vor Kratzern und exzellente Sichtbarkeit erg\u00e4nzt. Das Ergebnis ist eine elegante, sportliche und zuverl\u00e4ssige Uhr, perfekt sowohl f\u00fcr den Alltag als auch f\u00fcr Sammler und Liebhaber moderner Uhrmacherkunst.<\/p>","protected":false},"excerpt":{"rendered":"<p>Diese Modifikation kombiniert die sportliche Eleganz klassischer Uhrendesigns mit der Zuverl\u00e4ssigkeit eines <strong data-start=\"286\" data-end=\"337\">Hochpr\u00e4zises japanisches Meca-Quarz-Uhrwerk<\/strong>. Eine Hommage, die die Essenz ikonischer Uhren respektiert, neu interpretiert mit modernen Materialien und einer detailgenauen Konstruktion.<\/p>","protected":false},"featured_media":4638,"comment_status":"open","ping_status":"closed","template":"","meta":{"_acf_changed":false,"_joinchat":[]},"product_cat":[100],"product_tag":[],"class_list":{"0":"post-4645","1":"product","2":"type-product","3":"status-publish","4":"has-post-thumbnail","6":"product_cat-nautiko","8":"first","9":"instock","10":"sale","11":"taxable","12":"shipping-taxable","13":"purchasable","14":"product-type-simple","swatches":"rey-swatches","show_selected":""},"acf":[],"yoast_head":"<!-- This site is optimized with the Yoast SEO plugin v27.4 - https:\/\/yoast.com\/product\/yoast-seo-wordpress\/ -->\n<title>Nautiko Chrono Blue | Timeworks\u2122 | Custom Watches<\/title>\n<meta name=\"description\" content=\"Este mod combina la elegancia deportiva de los dise\u00f1os cl\u00e1sicos de relojer\u00eda con la fiabilidad de un movimiento meca-quartz japon\u00e9s de alta precisi\u00f3n. Un homenaje que respeta la esencia de los relojes ic\u00f3nicos, reinterpretado con materiales modernos y una construcci\u00f3n cuidada al detalle.\" \/>\n<meta name=\"robots\" content=\"index, follow, max-snippet:-1, max-image-preview:large, max-video-preview:-1\" \/>\n<link rel=\"canonical\" href=\"https:\/\/timeworksmods.com\/de\/produkt\/nautiko-chrono-blue\/\" \/>\n<meta property=\"og:locale\" content=\"de_DE\" \/>\n<meta property=\"og:type\" content=\"article\" \/>\n<meta property=\"og:title\" content=\"Nautiko Chrono Blue | Timeworks\u2122 | Custom Watches\" \/>\n<meta property=\"og:description\" content=\"Este mod combina la elegancia deportiva de los dise\u00f1os cl\u00e1sicos de relojer\u00eda con la fiabilidad de un movimiento meca-quartz japon\u00e9s de alta precisi\u00f3n. Un homenaje que respeta la esencia de los relojes ic\u00f3nicos, reinterpretado con materiales modernos y una construcci\u00f3n cuidada al detalle.\" \/>\n<meta property=\"og:url\" content=\"https:\/\/timeworksmods.com\/de\/produkt\/nautiko-chrono-blue\/\" \/>\n<meta property=\"og:site_name\" content=\"Timeworks\u2122 | Custom Watches\" \/>\n<meta property=\"article:publisher\" content=\"https:\/\/www.facebook.com\/timeworksmods\/\" \/>\n<meta property=\"article:modified_time\" content=\"2026-04-13T06:34:51+00:00\" \/>\n<meta property=\"og:image\" content=\"https:\/\/timeworksmods.com\/wp-content\/uploads\/2026\/02\/f08b7ac8aa30a2a9ab34394e200e1a71.jpg\" \/>\n\t<meta property=\"og:image:width\" content=\"1600\" \/>\n\t<meta property=\"og:image:height\" content=\"1600\" \/>\n\t<meta property=\"og:image:type\" content=\"image\/jpeg\" \/>\n<meta name=\"twitter:card\" content=\"summary_large_image\" \/>\n<meta name=\"twitter:label1\" content=\"Gesch\u00e4tzte Lesezeit\" \/>\n\t<meta name=\"twitter:data1\" content=\"1\u00a0Minute\" \/>\n<script type=\"application\/ld+json\" class=\"yoast-schema-graph\">{\"@context\":\"https:\\\/\\\/schema.org\",\"@graph\":[{\"@type\":\"WebPage\",\"@id\":\"https:\\\/\\\/timeworksmods.com\\\/producto\\\/nautiko-chrono-blue\\\/\",\"url\":\"https:\\\/\\\/timeworksmods.com\\\/producto\\\/nautiko-chrono-blue\\\/\",\"name\":\"Nautiko Chrono Blue | Timeworks\u2122 | Custom Watches\",\"isPartOf\":{\"@id\":\"https:\\\/\\\/timeworksmods.com\\\/#website\"},\"primaryImageOfPage\":{\"@id\":\"https:\\\/\\\/timeworksmods.com\\\/producto\\\/nautiko-chrono-blue\\\/#primaryimage\"},\"image\":{\"@id\":\"https:\\\/\\\/timeworksmods.com\\\/producto\\\/nautiko-chrono-blue\\\/#primaryimage\"},\"thumbnailUrl\":\"https:\\\/\\\/timeworksmods.com\\\/wp-content\\\/uploads\\\/2026\\\/02\\\/f08b7ac8aa30a2a9ab34394e200e1a71.jpg\",\"datePublished\":\"2026-02-24T19:29:09+00:00\",\"dateModified\":\"2026-04-13T06:34:51+00:00\",\"description\":\"Este mod combina la elegancia deportiva de los dise\u00f1os cl\u00e1sicos de relojer\u00eda con la fiabilidad de un movimiento meca-quartz japon\u00e9s de alta precisi\u00f3n. Un homenaje que respeta la esencia de los relojes ic\u00f3nicos, reinterpretado con materiales modernos y una construcci\u00f3n cuidada al detalle.\",\"breadcrumb\":{\"@id\":\"https:\\\/\\\/timeworksmods.com\\\/producto\\\/nautiko-chrono-blue\\\/#breadcrumb\"},\"inLanguage\":\"de\",\"potentialAction\":[{\"@type\":\"ReadAction\",\"target\":[\"https:\\\/\\\/timeworksmods.com\\\/producto\\\/nautiko-chrono-blue\\\/\"]}]},{\"@type\":\"ImageObject\",\"inLanguage\":\"de\",\"@id\":\"https:\\\/\\\/timeworksmods.com\\\/producto\\\/nautiko-chrono-blue\\\/#primaryimage\",\"url\":\"https:\\\/\\\/timeworksmods.com\\\/wp-content\\\/uploads\\\/2026\\\/02\\\/f08b7ac8aa30a2a9ab34394e200e1a71.jpg\",\"contentUrl\":\"https:\\\/\\\/timeworksmods.com\\\/wp-content\\\/uploads\\\/2026\\\/02\\\/f08b7ac8aa30a2a9ab34394e200e1a71.jpg\",\"width\":1600,\"height\":1600},{\"@type\":\"BreadcrumbList\",\"@id\":\"https:\\\/\\\/timeworksmods.com\\\/producto\\\/nautiko-chrono-blue\\\/#breadcrumb\",\"itemListElement\":[{\"@type\":\"ListItem\",\"position\":1,\"name\":\"Portada\",\"item\":\"https:\\\/\\\/timeworksmods.com\\\/\"},{\"@type\":\"ListItem\",\"position\":2,\"name\":\"Tienda\",\"item\":\"https:\\\/\\\/timeworksmods.com\\\/tienda\\\/\"},{\"@type\":\"ListItem\",\"position\":3,\"name\":\"Nautiko Chrono Blue\"}]},{\"@type\":\"WebSite\",\"@id\":\"https:\\\/\\\/timeworksmods.com\\\/#website\",\"url\":\"https:\\\/\\\/timeworksmods.com\\\/\",\"name\":\"Timeworks\u2122 | Seiko Mods\",\"description\":\"Tu Tienda de Mods Personalizados\",\"publisher\":{\"@id\":\"https:\\\/\\\/timeworksmods.com\\\/#organization\"},\"alternateName\":\"Timeworks\u2122 | Seiko Mods\",\"potentialAction\":[{\"@type\":\"SearchAction\",\"target\":{\"@type\":\"EntryPoint\",\"urlTemplate\":\"https:\\\/\\\/timeworksmods.com\\\/?s={search_term_string}\"},\"query-input\":{\"@type\":\"PropertyValueSpecification\",\"valueRequired\":true,\"valueName\":\"search_term_string\"}}],\"inLanguage\":\"de\"},{\"@type\":\"Organization\",\"@id\":\"https:\\\/\\\/timeworksmods.com\\\/#organization\",\"name\":\"Timeworks\u2122 | Seiko Mods\",\"alternateName\":\"Timeworks\u2122 | Custom Seiko Mods\",\"url\":\"https:\\\/\\\/timeworksmods.com\\\/\",\"logo\":{\"@type\":\"ImageObject\",\"inLanguage\":\"de\",\"@id\":\"https:\\\/\\\/timeworksmods.com\\\/#\\\/schema\\\/logo\\\/image\\\/\",\"url\":\"https:\\\/\\\/timeworksmods.com\\\/wp-content\\\/uploads\\\/2025\\\/12\\\/148510031349642de5ca0c544f31b2ef.png\",\"contentUrl\":\"https:\\\/\\\/timeworksmods.com\\\/wp-content\\\/uploads\\\/2025\\\/12\\\/148510031349642de5ca0c544f31b2ef.png\",\"width\":512,\"height\":512,\"caption\":\"Timeworks\u2122 | Seiko Mods\"},\"image\":{\"@id\":\"https:\\\/\\\/timeworksmods.com\\\/#\\\/schema\\\/logo\\\/image\\\/\"},\"sameAs\":[\"https:\\\/\\\/www.facebook.com\\\/timeworksmods\\\/\",\"https:\\\/\\\/www.instagram.com\\\/timeworksmods\\\/\",\"https:\\\/\\\/www.tiktok.com\\\/@timeworksmods\"]}]}<\/script>\n<!-- \/ Yoast SEO plugin. -->","yoast_head_json":{"title":"Nautiko Chrono Blue | Timeworks\u2122 | Custom Watches","description":"Diese Modifikation kombiniert die sportliche Eleganz klassischer Uhrendesigns mit der Zuverl\u00e4ssigkeit eines hochpr\u00e4zisen japanischen Meca-Quartz-Uhrwerks. Eine Hommage, die die Essenz ikonischer Uhren respektiert und mit modernen Materialien und einer detailreichen Konstruktion neu interpretiert wird.","robots":{"index":"index","follow":"follow","max-snippet":"max-snippet:-1","max-image-preview":"max-image-preview:large","max-video-preview":"max-video-preview:-1"},"canonical":"https:\/\/timeworksmods.com\/de\/produkt\/nautiko-chrono-blue\/","og_locale":"de_DE","og_type":"article","og_title":"Nautiko Chrono Blue | Timeworks\u2122 | Custom Watches","og_description":"Este mod combina la elegancia deportiva de los dise\u00f1os cl\u00e1sicos de relojer\u00eda con la fiabilidad de un movimiento meca-quartz japon\u00e9s de alta precisi\u00f3n. Un homenaje que respeta la esencia de los relojes ic\u00f3nicos, reinterpretado con materiales modernos y una construcci\u00f3n cuidada al detalle.","og_url":"https:\/\/timeworksmods.com\/de\/produkt\/nautiko-chrono-blue\/","og_site_name":"Timeworks\u2122 | Custom Watches","article_publisher":"https:\/\/www.facebook.com\/timeworksmods\/","article_modified_time":"2026-04-13T06:34:51+00:00","og_image":[{"width":1600,"height":1600,"url":"https:\/\/timeworksmods.com\/wp-content\/uploads\/2026\/02\/f08b7ac8aa30a2a9ab34394e200e1a71.jpg","type":"image\/jpeg"}],"twitter_card":"summary_large_image","twitter_misc":{"Gesch\u00e4tzte Lesezeit":"1\u00a0Minute"},"schema":{"@context":"https:\/\/schema.org","@graph":[{"@type":"WebPage","@id":"https:\/\/timeworksmods.com\/producto\/nautiko-chrono-blue\/","url":"https:\/\/timeworksmods.com\/producto\/nautiko-chrono-blue\/","name":"Nautiko Chrono Blue | Timeworks\u2122 | Custom Watches","isPartOf":{"@id":"https:\/\/timeworksmods.com\/#website"},"primaryImageOfPage":{"@id":"https:\/\/timeworksmods.com\/producto\/nautiko-chrono-blue\/#primaryimage"},"image":{"@id":"https:\/\/timeworksmods.com\/producto\/nautiko-chrono-blue\/#primaryimage"},"thumbnailUrl":"https:\/\/timeworksmods.com\/wp-content\/uploads\/2026\/02\/f08b7ac8aa30a2a9ab34394e200e1a71.jpg","datePublished":"2026-02-24T19:29:09+00:00","dateModified":"2026-04-13T06:34:51+00:00","description":"Diese Modifikation kombiniert die sportliche Eleganz klassischer Uhrendesigns mit der Zuverl\u00e4ssigkeit eines hochpr\u00e4zisen japanischen Meca-Quartz-Uhrwerks. Eine Hommage, die die Essenz ikonischer Uhren respektiert und mit modernen Materialien und einer detailreichen Konstruktion neu interpretiert wird.","breadcrumb":{"@id":"https:\/\/timeworksmods.com\/producto\/nautiko-chrono-blue\/#breadcrumb"},"inLanguage":"de","potentialAction":[{"@type":"ReadAction","target":["https:\/\/timeworksmods.com\/producto\/nautiko-chrono-blue\/"]}]},{"@type":"ImageObject","inLanguage":"de","@id":"https:\/\/timeworksmods.com\/producto\/nautiko-chrono-blue\/#primaryimage","url":"https:\/\/timeworksmods.com\/wp-content\/uploads\/2026\/02\/f08b7ac8aa30a2a9ab34394e200e1a71.jpg","contentUrl":"https:\/\/timeworksmods.com\/wp-content\/uploads\/2026\/02\/f08b7ac8aa30a2a9ab34394e200e1a71.jpg","width":1600,"height":1600},{"@type":"BreadcrumbList","@id":"https:\/\/timeworksmods.com\/producto\/nautiko-chrono-blue\/#breadcrumb","itemListElement":[{"@type":"ListItem","position":1,"name":"Portada","item":"https:\/\/timeworksmods.com\/"},{"@type":"ListItem","position":2,"name":"Tienda","item":"https:\/\/timeworksmods.com\/tienda\/"},{"@type":"ListItem","position":3,"name":"Nautiko Chrono Blue"}]},{"@type":"WebSite","@id":"https:\/\/timeworksmods.com\/#website","url":"https:\/\/timeworksmods.com\/","name":"Timeworks\u2122 | Seiko Umbauten","description":"Dein personalisierter Mod-Shop","publisher":{"@id":"https:\/\/timeworksmods.com\/#organization"},"alternateName":"Timeworks\u2122 | Seiko Mods","potentialAction":[{"@type":"SearchAction","target":{"@type":"EntryPoint","urlTemplate":"https:\/\/timeworksmods.com\/?s={search_term_string}"},"query-input":{"@type":"PropertyValueSpecification","valueRequired":true,"valueName":"search_term_string"}}],"inLanguage":"de"},{"@type":"Organization","@id":"https:\/\/timeworksmods.com\/#organization","name":"Timeworks\u2122 | Seiko Umbauten","alternateName":"Timeworks\u2122 | Custom Seiko Mods","url":"https:\/\/timeworksmods.com\/","logo":{"@type":"ImageObject","inLanguage":"de","@id":"https:\/\/timeworksmods.com\/#\/schema\/logo\/image\/","url":"https:\/\/timeworksmods.com\/wp-content\/uploads\/2025\/12\/148510031349642de5ca0c544f31b2ef.png","contentUrl":"https:\/\/timeworksmods.com\/wp-content\/uploads\/2025\/12\/148510031349642de5ca0c544f31b2ef.png","width":512,"height":512,"caption":"Timeworks\u2122 | Seiko Mods"},"image":{"@id":"https:\/\/timeworksmods.com\/#\/schema\/logo\/image\/"},"sameAs":["https:\/\/www.facebook.com\/timeworksmods\/","https:\/\/www.instagram.com\/timeworksmods\/","https:\/\/www.tiktok.com\/@timeworksmods"]}]}},"_links":{"self":[{"href":"https:\/\/timeworksmods.com\/de\/wp-json\/wp\/v2\/product\/4645","targetHints":{"allow":["GET"]}}],"collection":[{"href":"https:\/\/timeworksmods.com\/de\/wp-json\/wp\/v2\/product"}],"about":[{"href":"https:\/\/timeworksmods.com\/de\/wp-json\/wp\/v2\/types\/product"}],"replies":[{"embeddable":true,"href":"https:\/\/timeworksmods.com\/de\/wp-json\/wp\/v2\/comments?post=4645"}],"wp:featuredmedia":[{"embeddable":true,"href":"https:\/\/timeworksmods.com\/de\/wp-json\/wp\/v2\/media\/4638"}],"wp:attachment":[{"href":"https:\/\/timeworksmods.com\/de\/wp-json\/wp\/v2\/media?parent=4645"}],"wp:term":[{"taxonomy":"product_cat","embeddable":true,"href":"https:\/\/timeworksmods.com\/de\/wp-json\/wp\/v2\/product_cat?post=4645"},{"taxonomy":"product_tag","embeddable":true,"href":"https:\/\/timeworksmods.com\/de\/wp-json\/wp\/v2\/product_tag?post=4645"}],"curies":[{"name":"wp","href":"https:\/\/api.w.org\/{rel}","templated":true}]}}