{"id":4881,"date":"2026-03-26T13:48:04","date_gmt":"2026-03-26T12:48:04","guid":{"rendered":"https:\/\/timeworksmods.com\/?post_type=product&#038;p=4881"},"modified":"2026-04-13T08:31:32","modified_gmt":"2026-04-13T06:31:32","slug":"tudeiko-blue","status":"publish","type":"product","link":"https:\/\/timeworksmods.com\/de\/produkt\/tudeiko-blue\/","title":{"rendered":"Tudeiko Blau"},"content":{"rendered":"<p data-start=\"126\" data-end=\"441\">Inspiriert von einem der gro\u00dfen Vorbilder der professionellen Taucheruhrmacherei, pr\u00e4sentiert dieses Modell ein robustes, funktionales und zeitloses Design. Es handelt sich um eine zeitgen\u00f6ssische Neuinterpretation, die ein japanisches Automatikwerk von bew\u00e4hrter Zuverl\u00e4ssigkeit sowie hochwertige Materialien integriert, konzipiert sowohl f\u00fcr den t\u00e4glichen Gebrauch als auch f\u00fcr anspruchsvolle Umgebungen, denen Sie mit voller Zuversicht begegnen k\u00f6nnen.<\/p>\n<p data-start=\"443\" data-end=\"749\">Das japanische Kaliber arbeitet mit 21.600 Halbschwingungen pro Stunde (3 Hz), verf\u00fcgt \u00fcber automatischen und manuellen Aufzug, eine Sekundenstoppfunktion (Hacking) f\u00fcr eine genaue Zeiteinstellung und bietet eine Gangreserve von ca. 41 Stunden, was einen stabilen und kontinuierlichen Betrieb in jeder Situation gew\u00e4hrleistet.<\/p>\n<p data-start=\"751\" data-end=\"1320\">Das Geh\u00e4use aus Edelstahl 316L bietet eine hohe Best\u00e4ndigkeit gegen Korrosion, Druck und t\u00e4glichen Verschlei\u00df und ist mit einer unidirektionalen Taucherl\u00fcnette kombiniert, die f\u00fcr die praktische und pr\u00e4zise Zeitmessung von Zeitintervallen konzipiert ist. Komplettiert wird das Ganze durch ein Saphirglas, das einen \u00fcberragenden Schutz vor Kratzern und eine ausgezeichnete Lesbarkeit gew\u00e4hrleistet. Das Ergebnis ist eine sportliche, elegante und \u00e4u\u00dferst zuverl\u00e4ssige Uhr, die sowohl f\u00fcr den t\u00e4glichen Gebrauch als auch f\u00fcr Liebhaber mechanischer Taucheruhren gedacht ist.<\/p>","protected":false},"excerpt":{"rendered":"<p>Inspiriert von einem der gro\u00dfen Vorbilder der professionellen Taucheruhrmacherei, pr\u00e4sentiert dieses Modell ein robustes, funktionales und zeitloses Design. Es handelt sich um eine zeitgen\u00f6ssische Neuinterpretation, die ein japanisches Automatikwerk von bew\u00e4hrter Zuverl\u00e4ssigkeit sowie hochwertige Materialien integriert, konzipiert sowohl f\u00fcr den t\u00e4glichen Gebrauch als auch f\u00fcr anspruchsvolle Umgebungen, denen Sie mit voller Zuversicht begegnen k\u00f6nnen.<\/p>","protected":false},"featured_media":4875,"comment_status":"open","ping_status":"closed","template":"","meta":{"_acf_changed":false,"_joinchat":[]},"product_cat":[261],"product_tag":[],"class_list":{"0":"post-4881","1":"product","2":"type-product","3":"status-publish","4":"has-post-thumbnail","6":"product_cat-tudeiko","8":"first","9":"instock","10":"sale","11":"taxable","12":"shipping-taxable","13":"purchasable","14":"product-type-simple","swatches":"rey-swatches","show_selected":""},"acf":[],"yoast_head":"<!-- This site is optimized with the Yoast SEO plugin v27.4 - https:\/\/yoast.com\/product\/yoast-seo-wordpress\/ -->\n<title>Tudeiko Blue | Timeworks\u2122 | Custom Watches<\/title>\n<meta name=\"description\" content=\"Inspirado en uno de los grandes referentes de la relojer\u00eda de buceo profesional, este modelo presenta un dise\u00f1o robusto, funcional y atemporal. Se trata de una reinterpretaci\u00f3n contempor\u00e1nea que incorpora un movimiento autom\u00e1tico japon\u00e9s de probada fiabilidad, junto con materiales de alta calidad, pensada tanto para el uso diario como para afrontar entornos exigentes con total confianza.\" \/>\n<meta name=\"robots\" content=\"index, follow, max-snippet:-1, max-image-preview:large, max-video-preview:-1\" \/>\n<link rel=\"canonical\" href=\"https:\/\/timeworksmods.com\/de\/produkt\/tudeiko-blue\/\" \/>\n<meta property=\"og:locale\" content=\"de_DE\" \/>\n<meta property=\"og:type\" content=\"article\" \/>\n<meta property=\"og:title\" content=\"Tudeiko Blue | Timeworks\u2122 | Custom Watches\" \/>\n<meta property=\"og:description\" content=\"Inspirado en uno de los grandes referentes de la relojer\u00eda de buceo profesional, este modelo presenta un dise\u00f1o robusto, funcional y atemporal. Se trata de una reinterpretaci\u00f3n contempor\u00e1nea que incorpora un movimiento autom\u00e1tico japon\u00e9s de probada fiabilidad, junto con materiales de alta calidad, pensada tanto para el uso diario como para afrontar entornos exigentes con total confianza.\" \/>\n<meta property=\"og:url\" content=\"https:\/\/timeworksmods.com\/de\/produkt\/tudeiko-blue\/\" \/>\n<meta property=\"og:site_name\" content=\"Timeworks\u2122 | Custom Watches\" \/>\n<meta property=\"article:publisher\" content=\"https:\/\/www.facebook.com\/timeworksmods\/\" \/>\n<meta property=\"article:modified_time\" content=\"2026-04-13T06:31:32+00:00\" \/>\n<meta property=\"og:image\" content=\"https:\/\/timeworksmods.com\/wp-content\/uploads\/2026\/03\/maquetatudeikoblue_cleanup.jpg\" \/>\n\t<meta property=\"og:image:width\" content=\"1200\" \/>\n\t<meta property=\"og:image:height\" content=\"1200\" \/>\n\t<meta property=\"og:image:type\" content=\"image\/jpeg\" \/>\n<meta name=\"twitter:card\" content=\"summary_large_image\" \/>\n<meta name=\"twitter:label1\" content=\"Gesch\u00e4tzte Lesezeit\" \/>\n\t<meta name=\"twitter:data1\" content=\"1\u00a0Minute\" \/>\n<script type=\"application\/ld+json\" class=\"yoast-schema-graph\">{\"@context\":\"https:\\\/\\\/schema.org\",\"@graph\":[{\"@type\":\"WebPage\",\"@id\":\"https:\\\/\\\/timeworksmods.com\\\/producto\\\/tudeiko-blue\\\/\",\"url\":\"https:\\\/\\\/timeworksmods.com\\\/producto\\\/tudeiko-blue\\\/\",\"name\":\"Tudeiko Blue | Timeworks\u2122 | Custom Watches\",\"isPartOf\":{\"@id\":\"https:\\\/\\\/timeworksmods.com\\\/#website\"},\"primaryImageOfPage\":{\"@id\":\"https:\\\/\\\/timeworksmods.com\\\/producto\\\/tudeiko-blue\\\/#primaryimage\"},\"image\":{\"@id\":\"https:\\\/\\\/timeworksmods.com\\\/producto\\\/tudeiko-blue\\\/#primaryimage\"},\"thumbnailUrl\":\"https:\\\/\\\/timeworksmods.com\\\/wp-content\\\/uploads\\\/2026\\\/03\\\/maquetatudeikoblue_cleanup.jpg\",\"datePublished\":\"2026-03-26T12:48:04+00:00\",\"dateModified\":\"2026-04-13T06:31:32+00:00\",\"description\":\"Inspirado en uno de los grandes referentes de la relojer\u00eda de buceo profesional, este modelo presenta un dise\u00f1o robusto, funcional y atemporal. Se trata de una reinterpretaci\u00f3n contempor\u00e1nea que incorpora un movimiento autom\u00e1tico japon\u00e9s de probada fiabilidad, junto con materiales de alta calidad, pensada tanto para el uso diario como para afrontar entornos exigentes con total confianza.\",\"breadcrumb\":{\"@id\":\"https:\\\/\\\/timeworksmods.com\\\/producto\\\/tudeiko-blue\\\/#breadcrumb\"},\"inLanguage\":\"de\",\"potentialAction\":[{\"@type\":\"ReadAction\",\"target\":[\"https:\\\/\\\/timeworksmods.com\\\/producto\\\/tudeiko-blue\\\/\"]}]},{\"@type\":\"ImageObject\",\"inLanguage\":\"de\",\"@id\":\"https:\\\/\\\/timeworksmods.com\\\/producto\\\/tudeiko-blue\\\/#primaryimage\",\"url\":\"https:\\\/\\\/timeworksmods.com\\\/wp-content\\\/uploads\\\/2026\\\/03\\\/maquetatudeikoblue_cleanup.jpg\",\"contentUrl\":\"https:\\\/\\\/timeworksmods.com\\\/wp-content\\\/uploads\\\/2026\\\/03\\\/maquetatudeikoblue_cleanup.jpg\",\"width\":1200,\"height\":1200},{\"@type\":\"BreadcrumbList\",\"@id\":\"https:\\\/\\\/timeworksmods.com\\\/producto\\\/tudeiko-blue\\\/#breadcrumb\",\"itemListElement\":[{\"@type\":\"ListItem\",\"position\":1,\"name\":\"Portada\",\"item\":\"https:\\\/\\\/timeworksmods.com\\\/\"},{\"@type\":\"ListItem\",\"position\":2,\"name\":\"Tienda\",\"item\":\"https:\\\/\\\/timeworksmods.com\\\/tienda\\\/\"},{\"@type\":\"ListItem\",\"position\":3,\"name\":\"Tudeiko Blue\"}]},{\"@type\":\"WebSite\",\"@id\":\"https:\\\/\\\/timeworksmods.com\\\/#website\",\"url\":\"https:\\\/\\\/timeworksmods.com\\\/\",\"name\":\"Timeworks\u2122 | Seiko Mods\",\"description\":\"Tu Tienda de Mods Personalizados\",\"publisher\":{\"@id\":\"https:\\\/\\\/timeworksmods.com\\\/#organization\"},\"alternateName\":\"Timeworks\u2122 | Seiko Mods\",\"potentialAction\":[{\"@type\":\"SearchAction\",\"target\":{\"@type\":\"EntryPoint\",\"urlTemplate\":\"https:\\\/\\\/timeworksmods.com\\\/?s={search_term_string}\"},\"query-input\":{\"@type\":\"PropertyValueSpecification\",\"valueRequired\":true,\"valueName\":\"search_term_string\"}}],\"inLanguage\":\"de\"},{\"@type\":\"Organization\",\"@id\":\"https:\\\/\\\/timeworksmods.com\\\/#organization\",\"name\":\"Timeworks\u2122 | Seiko Mods\",\"alternateName\":\"Timeworks\u2122 | Custom Seiko Mods\",\"url\":\"https:\\\/\\\/timeworksmods.com\\\/\",\"logo\":{\"@type\":\"ImageObject\",\"inLanguage\":\"de\",\"@id\":\"https:\\\/\\\/timeworksmods.com\\\/#\\\/schema\\\/logo\\\/image\\\/\",\"url\":\"https:\\\/\\\/timeworksmods.com\\\/wp-content\\\/uploads\\\/2025\\\/12\\\/148510031349642de5ca0c544f31b2ef.png\",\"contentUrl\":\"https:\\\/\\\/timeworksmods.com\\\/wp-content\\\/uploads\\\/2025\\\/12\\\/148510031349642de5ca0c544f31b2ef.png\",\"width\":512,\"height\":512,\"caption\":\"Timeworks\u2122 | Seiko Mods\"},\"image\":{\"@id\":\"https:\\\/\\\/timeworksmods.com\\\/#\\\/schema\\\/logo\\\/image\\\/\"},\"sameAs\":[\"https:\\\/\\\/www.facebook.com\\\/timeworksmods\\\/\",\"https:\\\/\\\/www.instagram.com\\\/timeworksmods\\\/\",\"https:\\\/\\\/www.tiktok.com\\\/@timeworksmods\"]}]}<\/script>\n<!-- \/ Yoast SEO plugin. -->","yoast_head_json":{"title":"Tudeiko Blue | Timeworks\u2122 | Custom Watches","description":"Inspiriert von einem der gro\u00dfen Vorbilder der professionellen Taucheruhrmacherei, pr\u00e4sentiert dieses Modell ein robustes, funktionales und zeitloses Design. Es handelt sich um eine zeitgen\u00f6ssische Neuinterpretation, die ein japanisches Automatikwerk von bew\u00e4hrter Zuverl\u00e4ssigkeit sowie hochwertige Materialien integriert, konzipiert sowohl f\u00fcr den t\u00e4glichen Gebrauch als auch f\u00fcr anspruchsvolle Umgebungen, denen Sie mit voller Zuversicht begegnen k\u00f6nnen.","robots":{"index":"index","follow":"follow","max-snippet":"max-snippet:-1","max-image-preview":"max-image-preview:large","max-video-preview":"max-video-preview:-1"},"canonical":"https:\/\/timeworksmods.com\/de\/produkt\/tudeiko-blue\/","og_locale":"de_DE","og_type":"article","og_title":"Tudeiko Blue | Timeworks\u2122 | Custom Watches","og_description":"Inspirado en uno de los grandes referentes de la relojer\u00eda de buceo profesional, este modelo presenta un dise\u00f1o robusto, funcional y atemporal. Se trata de una reinterpretaci\u00f3n contempor\u00e1nea que incorpora un movimiento autom\u00e1tico japon\u00e9s de probada fiabilidad, junto con materiales de alta calidad, pensada tanto para el uso diario como para afrontar entornos exigentes con total confianza.","og_url":"https:\/\/timeworksmods.com\/de\/produkt\/tudeiko-blue\/","og_site_name":"Timeworks\u2122 | Custom Watches","article_publisher":"https:\/\/www.facebook.com\/timeworksmods\/","article_modified_time":"2026-04-13T06:31:32+00:00","og_image":[{"width":1200,"height":1200,"url":"https:\/\/timeworksmods.com\/wp-content\/uploads\/2026\/03\/maquetatudeikoblue_cleanup.jpg","type":"image\/jpeg"}],"twitter_card":"summary_large_image","twitter_misc":{"Gesch\u00e4tzte Lesezeit":"1\u00a0Minute"},"schema":{"@context":"https:\/\/schema.org","@graph":[{"@type":"WebPage","@id":"https:\/\/timeworksmods.com\/producto\/tudeiko-blue\/","url":"https:\/\/timeworksmods.com\/producto\/tudeiko-blue\/","name":"Tudeiko Blue | Timeworks\u2122 | Custom Watches","isPartOf":{"@id":"https:\/\/timeworksmods.com\/#website"},"primaryImageOfPage":{"@id":"https:\/\/timeworksmods.com\/producto\/tudeiko-blue\/#primaryimage"},"image":{"@id":"https:\/\/timeworksmods.com\/producto\/tudeiko-blue\/#primaryimage"},"thumbnailUrl":"https:\/\/timeworksmods.com\/wp-content\/uploads\/2026\/03\/maquetatudeikoblue_cleanup.jpg","datePublished":"2026-03-26T12:48:04+00:00","dateModified":"2026-04-13T06:31:32+00:00","description":"Inspiriert von einem der gro\u00dfen Vorbilder der professionellen Taucheruhrmacherei, pr\u00e4sentiert dieses Modell ein robustes, funktionales und zeitloses Design. Es handelt sich um eine zeitgen\u00f6ssische Neuinterpretation, die ein japanisches Automatikwerk von bew\u00e4hrter Zuverl\u00e4ssigkeit sowie hochwertige Materialien integriert, konzipiert sowohl f\u00fcr den t\u00e4glichen Gebrauch als auch f\u00fcr anspruchsvolle Umgebungen, denen Sie mit voller Zuversicht begegnen k\u00f6nnen.","breadcrumb":{"@id":"https:\/\/timeworksmods.com\/producto\/tudeiko-blue\/#breadcrumb"},"inLanguage":"de","potentialAction":[{"@type":"ReadAction","target":["https:\/\/timeworksmods.com\/producto\/tudeiko-blue\/"]}]},{"@type":"ImageObject","inLanguage":"de","@id":"https:\/\/timeworksmods.com\/producto\/tudeiko-blue\/#primaryimage","url":"https:\/\/timeworksmods.com\/wp-content\/uploads\/2026\/03\/maquetatudeikoblue_cleanup.jpg","contentUrl":"https:\/\/timeworksmods.com\/wp-content\/uploads\/2026\/03\/maquetatudeikoblue_cleanup.jpg","width":1200,"height":1200},{"@type":"BreadcrumbList","@id":"https:\/\/timeworksmods.com\/producto\/tudeiko-blue\/#breadcrumb","itemListElement":[{"@type":"ListItem","position":1,"name":"Portada","item":"https:\/\/timeworksmods.com\/"},{"@type":"ListItem","position":2,"name":"Tienda","item":"https:\/\/timeworksmods.com\/tienda\/"},{"@type":"ListItem","position":3,"name":"Tudeiko Blue"}]},{"@type":"WebSite","@id":"https:\/\/timeworksmods.com\/#website","url":"https:\/\/timeworksmods.com\/","name":"Timeworks\u2122 | Seiko Umbauten","description":"Dein personalisierter Mod-Shop","publisher":{"@id":"https:\/\/timeworksmods.com\/#organization"},"alternateName":"Timeworks\u2122 | Seiko Mods","potentialAction":[{"@type":"SearchAction","target":{"@type":"EntryPoint","urlTemplate":"https:\/\/timeworksmods.com\/?s={search_term_string}"},"query-input":{"@type":"PropertyValueSpecification","valueRequired":true,"valueName":"search_term_string"}}],"inLanguage":"de"},{"@type":"Organization","@id":"https:\/\/timeworksmods.com\/#organization","name":"Timeworks\u2122 | Seiko Umbauten","alternateName":"Timeworks\u2122 | Custom Seiko Mods","url":"https:\/\/timeworksmods.com\/","logo":{"@type":"ImageObject","inLanguage":"de","@id":"https:\/\/timeworksmods.com\/#\/schema\/logo\/image\/","url":"https:\/\/timeworksmods.com\/wp-content\/uploads\/2025\/12\/148510031349642de5ca0c544f31b2ef.png","contentUrl":"https:\/\/timeworksmods.com\/wp-content\/uploads\/2025\/12\/148510031349642de5ca0c544f31b2ef.png","width":512,"height":512,"caption":"Timeworks\u2122 | Seiko Mods"},"image":{"@id":"https:\/\/timeworksmods.com\/#\/schema\/logo\/image\/"},"sameAs":["https:\/\/www.facebook.com\/timeworksmods\/","https:\/\/www.instagram.com\/timeworksmods\/","https:\/\/www.tiktok.com\/@timeworksmods"]}]}},"_links":{"self":[{"href":"https:\/\/timeworksmods.com\/de\/wp-json\/wp\/v2\/product\/4881","targetHints":{"allow":["GET"]}}],"collection":[{"href":"https:\/\/timeworksmods.com\/de\/wp-json\/wp\/v2\/product"}],"about":[{"href":"https:\/\/timeworksmods.com\/de\/wp-json\/wp\/v2\/types\/product"}],"replies":[{"embeddable":true,"href":"https:\/\/timeworksmods.com\/de\/wp-json\/wp\/v2\/comments?post=4881"}],"wp:featuredmedia":[{"embeddable":true,"href":"https:\/\/timeworksmods.com\/de\/wp-json\/wp\/v2\/media\/4875"}],"wp:attachment":[{"href":"https:\/\/timeworksmods.com\/de\/wp-json\/wp\/v2\/media?parent=4881"}],"wp:term":[{"taxonomy":"product_cat","embeddable":true,"href":"https:\/\/timeworksmods.com\/de\/wp-json\/wp\/v2\/product_cat?post=4881"},{"taxonomy":"product_tag","embeddable":true,"href":"https:\/\/timeworksmods.com\/de\/wp-json\/wp\/v2\/product_tag?post=4881"}],"curies":[{"name":"wp","href":"https:\/\/api.w.org\/{rel}","templated":true}]}}