{"id":5001,"date":"2026-03-27T17:38:27","date_gmt":"2026-03-27T16:38:27","guid":{"rendered":"https:\/\/timeworksmods.com\/?post_type=product&#038;p=5001"},"modified":"2026-04-13T08:28:29","modified_gmt":"2026-04-13T06:28:29","slug":"santeiko-fck-95-white","status":"publish","type":"product","link":"https:\/\/timeworksmods.com\/de\/produkt\/santeiko-fck-95-white\/","title":{"rendered":"Santeiko Fck 95 Wei\u00df"},"content":{"rendered":"<p data-start=\"196\" data-end=\"558\">Inspiriert von den gro\u00dfen Ikonen der eleganten und der Luftfahrtuhrmacherei, bietet dieses Mod ein quadratisches Design mit klaren Linien, sichtbarer Verschraubung in der L\u00fcnette und einer perfekten Verschmelzung von klassischer Eleganz und utilitaristischem Charakter. Eine moderne Neuinterpretation, ausgestattet mit <strong data-start=\"471\" data-end=\"526\">automatische japanische Uhrwerk von bew\u00e4hrter Zuverl\u00e4ssigkeit<\/strong> und hochwertige Materialien.<\/p>\n<p data-start=\"560\" data-end=\"824\">Das japanische Kaliber arbeitet mit 21.600 Halbschwingungen pro Stunde (3 Hz), verf\u00fcgt \u00fcber automatischen und manuellen Aufzug, eine Sekundenstopp-Funktion (Hacking) f\u00fcr eine genaue Zeiteinstellung und bietet eine Gangreserve von ca. 41 Stunden, ideal f\u00fcr den kontinuierlichen Gebrauch.<\/p>\n<p data-start=\"826\" data-end=\"1340\">Das Geh\u00e4use aus Edelstahl 316L bietet hohe Best\u00e4ndigkeit gegen Korrosion und allt\u00e4gliche St\u00f6\u00dfe, verst\u00e4rkt durch die L\u00fcnette mit sichtbarer Verschraubung, die seine \u00e4sthetische Identit\u00e4t unterstreicht. Abgerundet wird es durch Saphirglas, das \u00fcberlegenen Schutz vor Kratzern und makellose Sichtverh\u00e4ltnisse in jeder Umgebung gew\u00e4hrleistet. Das Ergebnis ist eine elegante, robuste und \u00e4u\u00dferst zuverl\u00e4ssige Uhr, die sowohl f\u00fcr den t\u00e4glichen Gebrauch als auch f\u00fcr Liebhaber klassisch und raffiniert inspirierter mechanischer Uhrmacherkunst gedacht ist.<\/p>","protected":false},"excerpt":{"rendered":"<p>Dieser Mod kombiniert die bahnbrechende Eleganz fr\u00fcher moderner Armbanduhren mit der Zuverl\u00e4ssigkeit eines <strong data-start=\"262\" data-end=\"313\">japanischen Hochpr\u00e4zisions-Automatikwerks<\/strong>. Eine Hommage, die die Essenz der klassischen Designs respektiert, neu interpretiert mit zeitgen\u00f6ssischen Materialien und einer pr\u00e4zisen und sorgf\u00e4ltigen Konstruktion.<\/p>","protected":false},"featured_media":4996,"comment_status":"open","ping_status":"closed","template":"","meta":{"_acf_changed":false,"_joinchat":[]},"product_cat":[106],"product_tag":[],"class_list":{"0":"post-5001","1":"product","2":"type-product","3":"status-publish","4":"has-post-thumbnail","6":"product_cat-santeiko","8":"first","9":"instock","10":"sale","11":"taxable","12":"shipping-taxable","13":"purchasable","14":"product-type-simple","swatches":"rey-swatches","show_selected":""},"acf":[],"yoast_head":"<!-- This site is optimized with the Yoast SEO plugin v27.4 - https:\/\/yoast.com\/product\/yoast-seo-wordpress\/ -->\n<title>Santeiko Fck 95 White | Timeworks\u2122 | Seiko Mods<\/title>\n<meta name=\"description\" content=\"Este mod combina la elegancia pionera de los primeros relojes de pulsera modernos con la fiabilidad de un movimiento autom\u00e1tico japon\u00e9s de alta precisi\u00f3n. Un homenaje que respeta la esencia de los dise\u00f1os cl\u00e1sicos, reinterpretado con materiales contempor\u00e1neos y una construcci\u00f3n precisa y cuidada.\" \/>\n<meta name=\"robots\" content=\"index, follow, max-snippet:-1, max-image-preview:large, max-video-preview:-1\" \/>\n<link rel=\"canonical\" href=\"https:\/\/timeworksmods.com\/de\/produkt\/santeiko-fck-95-white\/\" \/>\n<meta property=\"og:locale\" content=\"de_DE\" \/>\n<meta property=\"og:type\" content=\"article\" \/>\n<meta property=\"og:title\" content=\"Santeiko Fck 95 White | Timeworks\u2122 | Seiko Mods\" \/>\n<meta property=\"og:description\" content=\"Este mod combina la elegancia pionera de los primeros relojes de pulsera modernos con la fiabilidad de un movimiento autom\u00e1tico japon\u00e9s de alta precisi\u00f3n. Un homenaje que respeta la esencia de los dise\u00f1os cl\u00e1sicos, reinterpretado con materiales contempor\u00e1neos y una construcci\u00f3n precisa y cuidada.\" \/>\n<meta property=\"og:url\" content=\"https:\/\/timeworksmods.com\/de\/produkt\/santeiko-fck-95-white\/\" \/>\n<meta property=\"og:site_name\" content=\"Timeworks\u2122 | Seiko Mods\" \/>\n<meta property=\"article:publisher\" content=\"https:\/\/www.facebook.com\/timeworksmods\/\" \/>\n<meta property=\"article:modified_time\" content=\"2026-04-13T06:28:29+00:00\" \/>\n<meta property=\"og:image\" content=\"https:\/\/timeworksmods.com\/wp-content\/uploads\/2026\/03\/maquetasanteikofck95white.jpg\" \/>\n\t<meta property=\"og:image:width\" content=\"1200\" \/>\n\t<meta property=\"og:image:height\" content=\"1200\" \/>\n\t<meta property=\"og:image:type\" content=\"image\/jpeg\" \/>\n<meta name=\"twitter:card\" content=\"summary_large_image\" \/>\n<meta name=\"twitter:label1\" content=\"Gesch\u00e4tzte Lesezeit\" \/>\n\t<meta name=\"twitter:data1\" content=\"1\u00a0Minute\" \/>\n<script type=\"application\/ld+json\" class=\"yoast-schema-graph\">{\"@context\":\"https:\\\/\\\/schema.org\",\"@graph\":[{\"@type\":\"WebPage\",\"@id\":\"https:\\\/\\\/timeworksmods.com\\\/producto\\\/santeiko-fck-95-white\\\/\",\"url\":\"https:\\\/\\\/timeworksmods.com\\\/producto\\\/santeiko-fck-95-white\\\/\",\"name\":\"Santeiko Fck 95 White | Timeworks\u2122 | Seiko Mods\",\"isPartOf\":{\"@id\":\"https:\\\/\\\/timeworksmods.com\\\/#website\"},\"primaryImageOfPage\":{\"@id\":\"https:\\\/\\\/timeworksmods.com\\\/producto\\\/santeiko-fck-95-white\\\/#primaryimage\"},\"image\":{\"@id\":\"https:\\\/\\\/timeworksmods.com\\\/producto\\\/santeiko-fck-95-white\\\/#primaryimage\"},\"thumbnailUrl\":\"https:\\\/\\\/timeworksmods.com\\\/wp-content\\\/uploads\\\/2026\\\/03\\\/maquetasanteikofck95white.jpg\",\"datePublished\":\"2026-03-27T16:38:27+00:00\",\"dateModified\":\"2026-04-13T06:28:29+00:00\",\"description\":\"Este mod combina la elegancia pionera de los primeros relojes de pulsera modernos con la fiabilidad de un movimiento autom\u00e1tico japon\u00e9s de alta precisi\u00f3n. Un homenaje que respeta la esencia de los dise\u00f1os cl\u00e1sicos, reinterpretado con materiales contempor\u00e1neos y una construcci\u00f3n precisa y cuidada.\",\"breadcrumb\":{\"@id\":\"https:\\\/\\\/timeworksmods.com\\\/producto\\\/santeiko-fck-95-white\\\/#breadcrumb\"},\"inLanguage\":\"de\",\"potentialAction\":[{\"@type\":\"ReadAction\",\"target\":[\"https:\\\/\\\/timeworksmods.com\\\/producto\\\/santeiko-fck-95-white\\\/\"]}]},{\"@type\":\"ImageObject\",\"inLanguage\":\"de\",\"@id\":\"https:\\\/\\\/timeworksmods.com\\\/producto\\\/santeiko-fck-95-white\\\/#primaryimage\",\"url\":\"https:\\\/\\\/timeworksmods.com\\\/wp-content\\\/uploads\\\/2026\\\/03\\\/maquetasanteikofck95white.jpg\",\"contentUrl\":\"https:\\\/\\\/timeworksmods.com\\\/wp-content\\\/uploads\\\/2026\\\/03\\\/maquetasanteikofck95white.jpg\",\"width\":1200,\"height\":1200},{\"@type\":\"BreadcrumbList\",\"@id\":\"https:\\\/\\\/timeworksmods.com\\\/producto\\\/santeiko-fck-95-white\\\/#breadcrumb\",\"itemListElement\":[{\"@type\":\"ListItem\",\"position\":1,\"name\":\"Portada\",\"item\":\"https:\\\/\\\/timeworksmods.com\\\/\"},{\"@type\":\"ListItem\",\"position\":2,\"name\":\"Tienda\",\"item\":\"https:\\\/\\\/timeworksmods.com\\\/tienda\\\/\"},{\"@type\":\"ListItem\",\"position\":3,\"name\":\"Santeiko Fck 95 White\"}]},{\"@type\":\"WebSite\",\"@id\":\"https:\\\/\\\/timeworksmods.com\\\/#website\",\"url\":\"https:\\\/\\\/timeworksmods.com\\\/\",\"name\":\"Timeworks\u2122 | Seiko Mods\",\"description\":\"Tu Tienda de Seiko Mods Personalizados\",\"publisher\":{\"@id\":\"https:\\\/\\\/timeworksmods.com\\\/#organization\"},\"alternateName\":\"Timeworks\u2122 | Seiko Mods\",\"potentialAction\":[{\"@type\":\"SearchAction\",\"target\":{\"@type\":\"EntryPoint\",\"urlTemplate\":\"https:\\\/\\\/timeworksmods.com\\\/?s={search_term_string}\"},\"query-input\":{\"@type\":\"PropertyValueSpecification\",\"valueRequired\":true,\"valueName\":\"search_term_string\"}}],\"inLanguage\":\"de\"},{\"@type\":\"Organization\",\"@id\":\"https:\\\/\\\/timeworksmods.com\\\/#organization\",\"name\":\"Timeworks\u2122 | Seiko Mods\",\"alternateName\":\"Timeworks\u2122 | Custom Seiko Mods\",\"url\":\"https:\\\/\\\/timeworksmods.com\\\/\",\"logo\":{\"@type\":\"ImageObject\",\"inLanguage\":\"de\",\"@id\":\"https:\\\/\\\/timeworksmods.com\\\/#\\\/schema\\\/logo\\\/image\\\/\",\"url\":\"https:\\\/\\\/timeworksmods.com\\\/wp-content\\\/uploads\\\/2025\\\/12\\\/148510031349642de5ca0c544f31b2ef.png\",\"contentUrl\":\"https:\\\/\\\/timeworksmods.com\\\/wp-content\\\/uploads\\\/2025\\\/12\\\/148510031349642de5ca0c544f31b2ef.png\",\"width\":512,\"height\":512,\"caption\":\"Timeworks\u2122 | Seiko Mods\"},\"image\":{\"@id\":\"https:\\\/\\\/timeworksmods.com\\\/#\\\/schema\\\/logo\\\/image\\\/\"},\"sameAs\":[\"https:\\\/\\\/www.facebook.com\\\/timeworksmods\\\/\",\"https:\\\/\\\/www.instagram.com\\\/timeworksmods\\\/\",\"https:\\\/\\\/www.tiktok.com\\\/@timeworksmods\"]}]}<\/script>\n<!-- \/ Yoast SEO plugin. -->","yoast_head_json":{"title":"Santeiko Fck 95 Wei\u00df | Timeworks\u2122 | Seiko Mods","description":"Diese Modifikation verbindet die wegweisende Eleganz fr\u00fcher moderner Armbanduhren mit der Zuverl\u00e4ssigkeit eines hochpr\u00e4zisen japanischen Automatikwerks. Eine Hommage, die die Essenz klassischer Designs respektiert, neu interpretiert mit zeitgen\u00f6ssischen Materialien und einer pr\u00e4zisen und sorgf\u00e4ltigen Konstruktion.","robots":{"index":"index","follow":"follow","max-snippet":"max-snippet:-1","max-image-preview":"max-image-preview:large","max-video-preview":"max-video-preview:-1"},"canonical":"https:\/\/timeworksmods.com\/de\/produkt\/santeiko-fck-95-white\/","og_locale":"de_DE","og_type":"article","og_title":"Santeiko Fck 95 White | Timeworks\u2122 | Seiko Mods","og_description":"Este mod combina la elegancia pionera de los primeros relojes de pulsera modernos con la fiabilidad de un movimiento autom\u00e1tico japon\u00e9s de alta precisi\u00f3n. Un homenaje que respeta la esencia de los dise\u00f1os cl\u00e1sicos, reinterpretado con materiales contempor\u00e1neos y una construcci\u00f3n precisa y cuidada.","og_url":"https:\/\/timeworksmods.com\/de\/produkt\/santeiko-fck-95-white\/","og_site_name":"Timeworks\u2122 | Seiko Mods","article_publisher":"https:\/\/www.facebook.com\/timeworksmods\/","article_modified_time":"2026-04-13T06:28:29+00:00","og_image":[{"width":1200,"height":1200,"url":"https:\/\/timeworksmods.com\/wp-content\/uploads\/2026\/03\/maquetasanteikofck95white.jpg","type":"image\/jpeg"}],"twitter_card":"summary_large_image","twitter_misc":{"Gesch\u00e4tzte Lesezeit":"1\u00a0Minute"},"schema":{"@context":"https:\/\/schema.org","@graph":[{"@type":"WebPage","@id":"https:\/\/timeworksmods.com\/producto\/santeiko-fck-95-white\/","url":"https:\/\/timeworksmods.com\/producto\/santeiko-fck-95-white\/","name":"Santeiko Fck 95 Wei\u00df | Timeworks\u2122 | Seiko Mods","isPartOf":{"@id":"https:\/\/timeworksmods.com\/#website"},"primaryImageOfPage":{"@id":"https:\/\/timeworksmods.com\/producto\/santeiko-fck-95-white\/#primaryimage"},"image":{"@id":"https:\/\/timeworksmods.com\/producto\/santeiko-fck-95-white\/#primaryimage"},"thumbnailUrl":"https:\/\/timeworksmods.com\/wp-content\/uploads\/2026\/03\/maquetasanteikofck95white.jpg","datePublished":"2026-03-27T16:38:27+00:00","dateModified":"2026-04-13T06:28:29+00:00","description":"Diese Modifikation verbindet die wegweisende Eleganz fr\u00fcher moderner Armbanduhren mit der Zuverl\u00e4ssigkeit eines hochpr\u00e4zisen japanischen Automatikwerks. Eine Hommage, die die Essenz klassischer Designs respektiert, neu interpretiert mit zeitgen\u00f6ssischen Materialien und einer pr\u00e4zisen und sorgf\u00e4ltigen Konstruktion.","breadcrumb":{"@id":"https:\/\/timeworksmods.com\/producto\/santeiko-fck-95-white\/#breadcrumb"},"inLanguage":"de","potentialAction":[{"@type":"ReadAction","target":["https:\/\/timeworksmods.com\/producto\/santeiko-fck-95-white\/"]}]},{"@type":"ImageObject","inLanguage":"de","@id":"https:\/\/timeworksmods.com\/producto\/santeiko-fck-95-white\/#primaryimage","url":"https:\/\/timeworksmods.com\/wp-content\/uploads\/2026\/03\/maquetasanteikofck95white.jpg","contentUrl":"https:\/\/timeworksmods.com\/wp-content\/uploads\/2026\/03\/maquetasanteikofck95white.jpg","width":1200,"height":1200},{"@type":"BreadcrumbList","@id":"https:\/\/timeworksmods.com\/producto\/santeiko-fck-95-white\/#breadcrumb","itemListElement":[{"@type":"ListItem","position":1,"name":"Portada","item":"https:\/\/timeworksmods.com\/"},{"@type":"ListItem","position":2,"name":"Tienda","item":"https:\/\/timeworksmods.com\/tienda\/"},{"@type":"ListItem","position":3,"name":"Santeiko Fck 95 White"}]},{"@type":"WebSite","@id":"https:\/\/timeworksmods.com\/#website","url":"https:\/\/timeworksmods.com\/","name":"Timeworks\u2122 | Seiko Umbauten","description":"Dein Shop f\u00fcr individuelle Seiko-Mods","publisher":{"@id":"https:\/\/timeworksmods.com\/#organization"},"alternateName":"Timeworks\u2122 | Seiko Mods","potentialAction":[{"@type":"SearchAction","target":{"@type":"EntryPoint","urlTemplate":"https:\/\/timeworksmods.com\/?s={search_term_string}"},"query-input":{"@type":"PropertyValueSpecification","valueRequired":true,"valueName":"search_term_string"}}],"inLanguage":"de"},{"@type":"Organization","@id":"https:\/\/timeworksmods.com\/#organization","name":"Timeworks\u2122 | Seiko Umbauten","alternateName":"Timeworks\u2122 | Custom Seiko Mods","url":"https:\/\/timeworksmods.com\/","logo":{"@type":"ImageObject","inLanguage":"de","@id":"https:\/\/timeworksmods.com\/#\/schema\/logo\/image\/","url":"https:\/\/timeworksmods.com\/wp-content\/uploads\/2025\/12\/148510031349642de5ca0c544f31b2ef.png","contentUrl":"https:\/\/timeworksmods.com\/wp-content\/uploads\/2025\/12\/148510031349642de5ca0c544f31b2ef.png","width":512,"height":512,"caption":"Timeworks\u2122 | Seiko Mods"},"image":{"@id":"https:\/\/timeworksmods.com\/#\/schema\/logo\/image\/"},"sameAs":["https:\/\/www.facebook.com\/timeworksmods\/","https:\/\/www.instagram.com\/timeworksmods\/","https:\/\/www.tiktok.com\/@timeworksmods"]}]}},"_links":{"self":[{"href":"https:\/\/timeworksmods.com\/de\/wp-json\/wp\/v2\/product\/5001","targetHints":{"allow":["GET"]}}],"collection":[{"href":"https:\/\/timeworksmods.com\/de\/wp-json\/wp\/v2\/product"}],"about":[{"href":"https:\/\/timeworksmods.com\/de\/wp-json\/wp\/v2\/types\/product"}],"replies":[{"embeddable":true,"href":"https:\/\/timeworksmods.com\/de\/wp-json\/wp\/v2\/comments?post=5001"}],"wp:featuredmedia":[{"embeddable":true,"href":"https:\/\/timeworksmods.com\/de\/wp-json\/wp\/v2\/media\/4996"}],"wp:attachment":[{"href":"https:\/\/timeworksmods.com\/de\/wp-json\/wp\/v2\/media?parent=5001"}],"wp:term":[{"taxonomy":"product_cat","embeddable":true,"href":"https:\/\/timeworksmods.com\/de\/wp-json\/wp\/v2\/product_cat?post=5001"},{"taxonomy":"product_tag","embeddable":true,"href":"https:\/\/timeworksmods.com\/de\/wp-json\/wp\/v2\/product_tag?post=5001"}],"curies":[{"name":"wp","href":"https:\/\/api.w.org\/{rel}","templated":true}]}}