{"id":751,"date":"2025-12-06T12:53:07","date_gmt":"2025-12-06T12:53:07","guid":{"rendered":"https:\/\/timeworksmods.com\/?post_type=product&#038;p=751"},"modified":"2026-04-13T08:54:57","modified_gmt":"2026-04-13T06:54:57","slug":"gmteiko-batman","status":"publish","type":"product","link":"https:\/\/timeworksmods.com\/de\/product\/gmteiko-batman\/","title":{"rendered":"GMTeiko Batman"},"content":{"rendered":"<p data-start=\"197\" data-end=\"632\">Inspiriert von den gro\u00dfen Ikonen der Reiseuhrmacherei, bietet dieses Modell ein funktionales, abenteuerliches und \u00e4sthetisch ansprechendes Design. Ein St\u00fcck, das die Essenz von Reiseuhren in einer modernen Neuinterpretation wiedergibt, ausgestattet mit <strong data-start=\"433\" data-end=\"488\">automatische japanische Uhrwerk von bew\u00e4hrter Zuverl\u00e4ssigkeit<\/strong> und hochwertige Materialien, ideal sowohl f\u00fcr den t\u00e4glichen Gebrauch als auch f\u00fcr diejenigen, die mehrere Zeitzonen pr\u00e4zise kontrollieren m\u00fcssen.<\/p>\n<p data-start=\"634\" data-end=\"1039\">Das japanische Kaliber arbeitet mit 21.600 Halbschwingungen pro Stunde (3 Hz), verf\u00fcgt \u00fcber automatischen und manuellen Aufzug, eine Sekundenstoppfunktion (Hacking) f\u00fcr eine genaue Zeiteinstellung und verf\u00fcgt zudem \u00fcber einen unabh\u00e4ngigen GMT-Zeiger, mit dem eine zweite Zeitzone verfolgt werden kann. Es bietet eine Gangreserve von etwa 41 Stunden und garantiert so einen kontinuierlichen und zuverl\u00e4ssigen Betrieb in jeder Situation.<\/p>\n<p data-start=\"1041\" data-end=\"1528\">Das Geh\u00e4use aus rostfreiem Stahl 316L bietet hervorragende Best\u00e4ndigkeit gegen Korrosion, Feuchtigkeit und Abnutzung, kombiniert mit einer drehbaren L\u00fcnette im GMT-Stil, ausgestattet mit Keramikeinsatz, die herausragende Kratzfestigkeit und langlebige Farben bietet. Ihre 24-Stunden-Skala erm\u00f6glicht das einfache Ablesen einer zweiten Zeitzone. Sie wird durch Saphirglas vervollst\u00e4ndigt, das \u00fcberlegenen Schutz vor Kratzern und optimale Sicht bei allen Lichtverh\u00e4ltnissen gew\u00e4hrleistet.<\/p>\n<p data-start=\"1530\" data-end=\"1765\">Das Ergebnis ist eine vielseitige, funktionale und anspruchsvolle Uhr, die f\u00fcr den t\u00e4glichen Gebrauch und f\u00fcr Liebhaber mechanischer Uhren gedacht ist, die ein St\u00fcck mit Reiseinspiration, modernen Eigenschaften und garantierter Zuverl\u00e4ssigkeit suchen.<\/p>","protected":false},"excerpt":{"rendered":"<p>Diese Modifikation kombiniert die klassische \u00c4sthetik von internationalen Reiseuhren mit der Zuverl\u00e4ssigkeit eines <strong data-start=\"279\" data-end=\"330\">japanischen Hochpr\u00e4zisions-Automatikwerks<\/strong>. Die klassischen Designs der 80er Jahre werden mit akribischer Liebe zum Detail neu interpretiert und bieten ein elegantes, funktionales und zuverl\u00e4ssiges St\u00fcck f\u00fcr diejenigen, die eine vielseitige und hochwertige Uhr suchen.<\/p>","protected":false},"featured_media":741,"comment_status":"open","ping_status":"closed","template":"","meta":{"_acf_changed":false,"_joinchat":[]},"product_cat":[98],"product_tag":[],"class_list":{"0":"post-751","1":"product","2":"type-product","3":"status-publish","4":"has-post-thumbnail","6":"product_cat-gmteiko","7":"pa_gmteiko-version-gmteiko-batman","9":"first","10":"instock","11":"sale","12":"taxable","13":"shipping-taxable","14":"purchasable","15":"product-type-simple","swatches":"rey-swatches","show_selected":""},"acf":[],"yoast_head":"<!-- This site is optimized with the Yoast SEO plugin v27.4 - https:\/\/yoast.com\/product\/yoast-seo-wordpress\/ -->\n<title>GMTeiko Batman | Timeworks\u2122 | Seiko Mods<\/title>\n<meta name=\"description\" content=\"Este mod combina la est\u00e9tica cl\u00e1sica de los relojes de viaje internacionales con la fiabilidad de un movimiento autom\u00e1tico japon\u00e9s de alta precisi\u00f3n. Reinterpreta los dise\u00f1os cl\u00e1sicos de los a\u00f1os 80 con una atenci\u00f3n meticulosa a los detalles, ofreciendo una pieza elegante, funcional y confiable para quienes buscan un reloj vers\u00e1til y de calidad.\" \/>\n<meta name=\"robots\" content=\"index, follow, max-snippet:-1, max-image-preview:large, max-video-preview:-1\" \/>\n<link rel=\"canonical\" href=\"https:\/\/timeworksmods.com\/de\/product\/gmteiko-batman\/\" \/>\n<meta property=\"og:locale\" content=\"de_DE\" \/>\n<meta property=\"og:type\" content=\"article\" \/>\n<meta property=\"og:title\" content=\"GMTeiko Batman | Timeworks\u2122 | Seiko Mods\" \/>\n<meta property=\"og:description\" content=\"Este mod combina la est\u00e9tica cl\u00e1sica de los relojes de viaje internacionales con la fiabilidad de un movimiento autom\u00e1tico japon\u00e9s de alta precisi\u00f3n. Reinterpreta los dise\u00f1os cl\u00e1sicos de los a\u00f1os 80 con una atenci\u00f3n meticulosa a los detalles, ofreciendo una pieza elegante, funcional y confiable para quienes buscan un reloj vers\u00e1til y de calidad.\" \/>\n<meta property=\"og:url\" content=\"https:\/\/timeworksmods.com\/de\/product\/gmteiko-batman\/\" \/>\n<meta property=\"og:site_name\" content=\"Timeworks\u2122 | Seiko Mods\" \/>\n<meta property=\"article:modified_time\" content=\"2026-04-13T06:54:57+00:00\" \/>\n<meta property=\"og:image\" content=\"https:\/\/timeworksmods.com\/wp-content\/uploads\/2025\/12\/2e65f2f2fdaf6c699b223c61b1b5ab89.jpg\" \/>\n\t<meta property=\"og:image:width\" content=\"1200\" \/>\n\t<meta property=\"og:image:height\" content=\"1200\" \/>\n\t<meta property=\"og:image:type\" content=\"image\/jpeg\" \/>\n<meta name=\"twitter:card\" content=\"summary_large_image\" \/>\n<meta name=\"twitter:label1\" content=\"Gesch\u00e4tzte Lesezeit\" \/>\n\t<meta name=\"twitter:data1\" content=\"1\u00a0Minute\" \/>\n<script type=\"application\/ld+json\" class=\"yoast-schema-graph\">{\"@context\":\"https:\\\/\\\/schema.org\",\"@graph\":[{\"@type\":\"WebPage\",\"@id\":\"https:\\\/\\\/timeworksmods.com\\\/producto\\\/gmteiko-batman\\\/\",\"url\":\"https:\\\/\\\/timeworksmods.com\\\/producto\\\/gmteiko-batman\\\/\",\"name\":\"GMTeiko Batman | Timeworks\u2122 | Seiko Mods\",\"isPartOf\":{\"@id\":\"https:\\\/\\\/timeworksmods.com\\\/#website\"},\"primaryImageOfPage\":{\"@id\":\"https:\\\/\\\/timeworksmods.com\\\/producto\\\/gmteiko-batman\\\/#primaryimage\"},\"image\":{\"@id\":\"https:\\\/\\\/timeworksmods.com\\\/producto\\\/gmteiko-batman\\\/#primaryimage\"},\"thumbnailUrl\":\"https:\\\/\\\/timeworksmods.com\\\/wp-content\\\/uploads\\\/2025\\\/12\\\/2e65f2f2fdaf6c699b223c61b1b5ab89.jpg\",\"datePublished\":\"2025-12-06T12:53:07+00:00\",\"dateModified\":\"2026-04-13T06:54:57+00:00\",\"description\":\"Este mod combina la est\u00e9tica cl\u00e1sica de los relojes de viaje internacionales con la fiabilidad de un movimiento autom\u00e1tico japon\u00e9s de alta precisi\u00f3n. Reinterpreta los dise\u00f1os cl\u00e1sicos de los a\u00f1os 80 con una atenci\u00f3n meticulosa a los detalles, ofreciendo una pieza elegante, funcional y confiable para quienes buscan un reloj vers\u00e1til y de calidad.\",\"breadcrumb\":{\"@id\":\"https:\\\/\\\/timeworksmods.com\\\/producto\\\/gmteiko-batman\\\/#breadcrumb\"},\"inLanguage\":\"de\",\"potentialAction\":[{\"@type\":\"ReadAction\",\"target\":[\"https:\\\/\\\/timeworksmods.com\\\/producto\\\/gmteiko-batman\\\/\"]}]},{\"@type\":\"ImageObject\",\"inLanguage\":\"de\",\"@id\":\"https:\\\/\\\/timeworksmods.com\\\/producto\\\/gmteiko-batman\\\/#primaryimage\",\"url\":\"https:\\\/\\\/timeworksmods.com\\\/wp-content\\\/uploads\\\/2025\\\/12\\\/2e65f2f2fdaf6c699b223c61b1b5ab89.jpg\",\"contentUrl\":\"https:\\\/\\\/timeworksmods.com\\\/wp-content\\\/uploads\\\/2025\\\/12\\\/2e65f2f2fdaf6c699b223c61b1b5ab89.jpg\",\"width\":1200,\"height\":1200},{\"@type\":\"BreadcrumbList\",\"@id\":\"https:\\\/\\\/timeworksmods.com\\\/producto\\\/gmteiko-batman\\\/#breadcrumb\",\"itemListElement\":[{\"@type\":\"ListItem\",\"position\":1,\"name\":\"Portada\",\"item\":\"https:\\\/\\\/timeworksmods.com\\\/\"},{\"@type\":\"ListItem\",\"position\":2,\"name\":\"Tienda\",\"item\":\"https:\\\/\\\/timeworksmods.com\\\/tienda\\\/\"},{\"@type\":\"ListItem\",\"position\":3,\"name\":\"GMTeiko Batman\"}]},{\"@type\":\"WebSite\",\"@id\":\"https:\\\/\\\/timeworksmods.com\\\/#website\",\"url\":\"https:\\\/\\\/timeworksmods.com\\\/\",\"name\":\"Timeworks\u2122 | Seiko Mods\",\"description\":\"Tu Tienda de Seiko Mods Personalizados\",\"publisher\":{\"@id\":\"https:\\\/\\\/timeworksmods.com\\\/#organization\"},\"alternateName\":\"Timeworks\u2122 | Seiko Mods\",\"potentialAction\":[{\"@type\":\"SearchAction\",\"target\":{\"@type\":\"EntryPoint\",\"urlTemplate\":\"https:\\\/\\\/timeworksmods.com\\\/?s={search_term_string}\"},\"query-input\":{\"@type\":\"PropertyValueSpecification\",\"valueRequired\":true,\"valueName\":\"search_term_string\"}}],\"inLanguage\":\"de\"},{\"@type\":\"Organization\",\"@id\":\"https:\\\/\\\/timeworksmods.com\\\/#organization\",\"name\":\"Timeworks\u2122 | Seiko Mods\",\"alternateName\":\"Timeworks\u2122 | Seiko Mods\",\"url\":\"https:\\\/\\\/timeworksmods.com\\\/\",\"logo\":{\"@type\":\"ImageObject\",\"inLanguage\":\"de\",\"@id\":\"https:\\\/\\\/timeworksmods.com\\\/#\\\/schema\\\/logo\\\/image\\\/\",\"url\":\"https:\\\/\\\/timeworksmods.com\\\/wp-content\\\/uploads\\\/2025\\\/12\\\/ad972f10e0800b49d76fed33a21f6698.png\",\"contentUrl\":\"https:\\\/\\\/timeworksmods.com\\\/wp-content\\\/uploads\\\/2025\\\/12\\\/ad972f10e0800b49d76fed33a21f6698.png\",\"width\":1500,\"height\":200,\"caption\":\"Timeworks\u2122 | Seiko Mods\"},\"image\":{\"@id\":\"https:\\\/\\\/timeworksmods.com\\\/#\\\/schema\\\/logo\\\/image\\\/\"}}]}<\/script>\n<!-- \/ Yoast SEO plugin. -->","yoast_head_json":{"title":"GMTeiko Batman | Timeworks\u2122 | Seiko Mods","description":"Diese Modifikation kombiniert die klassische \u00c4sthetik von internationalen Reiseuhren mit der Zuverl\u00e4ssigkeit eines hochpr\u00e4zisen japanischen Automatikwerks. Sie interpretiert klassische Designs der 1980er Jahre mit akribischer Liebe zum Detail neu und bietet ein elegantes, funktionales und zuverl\u00e4ssiges St\u00fcck f\u00fcr alle, die eine vielseitige und hochwertige Uhr suchen.","robots":{"index":"index","follow":"follow","max-snippet":"max-snippet:-1","max-image-preview":"max-image-preview:large","max-video-preview":"max-video-preview:-1"},"canonical":"https:\/\/timeworksmods.com\/de\/product\/gmteiko-batman\/","og_locale":"de_DE","og_type":"article","og_title":"GMTeiko Batman | Timeworks\u2122 | Seiko Mods","og_description":"Este mod combina la est\u00e9tica cl\u00e1sica de los relojes de viaje internacionales con la fiabilidad de un movimiento autom\u00e1tico japon\u00e9s de alta precisi\u00f3n. Reinterpreta los dise\u00f1os cl\u00e1sicos de los a\u00f1os 80 con una atenci\u00f3n meticulosa a los detalles, ofreciendo una pieza elegante, funcional y confiable para quienes buscan un reloj vers\u00e1til y de calidad.","og_url":"https:\/\/timeworksmods.com\/de\/product\/gmteiko-batman\/","og_site_name":"Timeworks\u2122 | Seiko Mods","article_modified_time":"2026-04-13T06:54:57+00:00","og_image":[{"width":1200,"height":1200,"url":"https:\/\/timeworksmods.com\/wp-content\/uploads\/2025\/12\/2e65f2f2fdaf6c699b223c61b1b5ab89.jpg","type":"image\/jpeg"}],"twitter_card":"summary_large_image","twitter_misc":{"Gesch\u00e4tzte Lesezeit":"1\u00a0Minute"},"schema":{"@context":"https:\/\/schema.org","@graph":[{"@type":"WebPage","@id":"https:\/\/timeworksmods.com\/producto\/gmteiko-batman\/","url":"https:\/\/timeworksmods.com\/producto\/gmteiko-batman\/","name":"GMTeiko Batman | Timeworks\u2122 | Seiko Mods","isPartOf":{"@id":"https:\/\/timeworksmods.com\/#website"},"primaryImageOfPage":{"@id":"https:\/\/timeworksmods.com\/producto\/gmteiko-batman\/#primaryimage"},"image":{"@id":"https:\/\/timeworksmods.com\/producto\/gmteiko-batman\/#primaryimage"},"thumbnailUrl":"https:\/\/timeworksmods.com\/wp-content\/uploads\/2025\/12\/2e65f2f2fdaf6c699b223c61b1b5ab89.jpg","datePublished":"2025-12-06T12:53:07+00:00","dateModified":"2026-04-13T06:54:57+00:00","description":"Diese Modifikation kombiniert die klassische \u00c4sthetik von internationalen Reiseuhren mit der Zuverl\u00e4ssigkeit eines hochpr\u00e4zisen japanischen Automatikwerks. Sie interpretiert klassische Designs der 1980er Jahre mit akribischer Liebe zum Detail neu und bietet ein elegantes, funktionales und zuverl\u00e4ssiges St\u00fcck f\u00fcr alle, die eine vielseitige und hochwertige Uhr suchen.","breadcrumb":{"@id":"https:\/\/timeworksmods.com\/producto\/gmteiko-batman\/#breadcrumb"},"inLanguage":"de","potentialAction":[{"@type":"ReadAction","target":["https:\/\/timeworksmods.com\/producto\/gmteiko-batman\/"]}]},{"@type":"ImageObject","inLanguage":"de","@id":"https:\/\/timeworksmods.com\/producto\/gmteiko-batman\/#primaryimage","url":"https:\/\/timeworksmods.com\/wp-content\/uploads\/2025\/12\/2e65f2f2fdaf6c699b223c61b1b5ab89.jpg","contentUrl":"https:\/\/timeworksmods.com\/wp-content\/uploads\/2025\/12\/2e65f2f2fdaf6c699b223c61b1b5ab89.jpg","width":1200,"height":1200},{"@type":"BreadcrumbList","@id":"https:\/\/timeworksmods.com\/producto\/gmteiko-batman\/#breadcrumb","itemListElement":[{"@type":"ListItem","position":1,"name":"Portada","item":"https:\/\/timeworksmods.com\/"},{"@type":"ListItem","position":2,"name":"Tienda","item":"https:\/\/timeworksmods.com\/tienda\/"},{"@type":"ListItem","position":3,"name":"GMTeiko Batman"}]},{"@type":"WebSite","@id":"https:\/\/timeworksmods.com\/#website","url":"https:\/\/timeworksmods.com\/","name":"Timeworks\u2122 | Seiko Umbauten","description":"Dein Shop f\u00fcr individuelle Seiko-Mods","publisher":{"@id":"https:\/\/timeworksmods.com\/#organization"},"alternateName":"Timeworks\u2122 | Seiko Mods","potentialAction":[{"@type":"SearchAction","target":{"@type":"EntryPoint","urlTemplate":"https:\/\/timeworksmods.com\/?s={search_term_string}"},"query-input":{"@type":"PropertyValueSpecification","valueRequired":true,"valueName":"search_term_string"}}],"inLanguage":"de"},{"@type":"Organization","@id":"https:\/\/timeworksmods.com\/#organization","name":"Timeworks\u2122 | Seiko Umbauten","alternateName":"Timeworks\u2122 | Seiko Mods","url":"https:\/\/timeworksmods.com\/","logo":{"@type":"ImageObject","inLanguage":"de","@id":"https:\/\/timeworksmods.com\/#\/schema\/logo\/image\/","url":"https:\/\/timeworksmods.com\/wp-content\/uploads\/2025\/12\/ad972f10e0800b49d76fed33a21f6698.png","contentUrl":"https:\/\/timeworksmods.com\/wp-content\/uploads\/2025\/12\/ad972f10e0800b49d76fed33a21f6698.png","width":1500,"height":200,"caption":"Timeworks\u2122 | Seiko Mods"},"image":{"@id":"https:\/\/timeworksmods.com\/#\/schema\/logo\/image\/"}}]}},"_links":{"self":[{"href":"https:\/\/timeworksmods.com\/de\/wp-json\/wp\/v2\/product\/751","targetHints":{"allow":["GET"]}}],"collection":[{"href":"https:\/\/timeworksmods.com\/de\/wp-json\/wp\/v2\/product"}],"about":[{"href":"https:\/\/timeworksmods.com\/de\/wp-json\/wp\/v2\/types\/product"}],"replies":[{"embeddable":true,"href":"https:\/\/timeworksmods.com\/de\/wp-json\/wp\/v2\/comments?post=751"}],"wp:featuredmedia":[{"embeddable":true,"href":"https:\/\/timeworksmods.com\/de\/wp-json\/wp\/v2\/media\/741"}],"wp:attachment":[{"href":"https:\/\/timeworksmods.com\/de\/wp-json\/wp\/v2\/media?parent=751"}],"wp:term":[{"taxonomy":"product_cat","embeddable":true,"href":"https:\/\/timeworksmods.com\/de\/wp-json\/wp\/v2\/product_cat?post=751"},{"taxonomy":"product_tag","embeddable":true,"href":"https:\/\/timeworksmods.com\/de\/wp-json\/wp\/v2\/product_tag?post=751"}],"curies":[{"name":"wp","href":"https:\/\/api.w.org\/{rel}","templated":true}]}}