{"id":772,"date":"2025-12-06T13:06:42","date_gmt":"2025-12-06T13:06:42","guid":{"rendered":"https:\/\/timeworksmods.com\/?post_type=product&#038;p=772"},"modified":"2026-04-13T08:53:43","modified_gmt":"2026-04-13T06:53:43","slug":"seikoland-blue","status":"publish","type":"product","link":"https:\/\/timeworksmods.com\/de\/produkt\/seikoland-blue\/","title":{"rendered":"Seikoland Blau"},"content":{"rendered":"<p data-start=\"188\" data-end=\"533\">Diese Modifikation hebt die charakteristische Robustheit professioneller Taucheruhren hervor und kombiniert sie mit der Zuverl\u00e4ssigkeit eines <strong data-start=\"305\" data-end=\"356\">japanischen Hochpr\u00e4zisions-Automatikwerks<\/strong>. Es ist mit einem Automatikwerk ausgestattet, das f\u00fcr seine Pr\u00e4zision, Haltbarkeit und einfache Wartung gesch\u00e4tzt wird und eine gleichbleibende Leistung in jeder Umgebung gew\u00e4hrleistet.<\/p>\n<p data-start=\"535\" data-end=\"858\">Seine Konstruktion basiert auf Edelstahl 316L, einem Material, das hochkorrosions- und verschlei\u00dfbest\u00e4ndig ist und sich ideal f\u00fcr eine Uhr eignet, die f\u00fcr extreme Belastungen ausgelegt ist. Das Saphirglas bietet zus\u00e4tzlichen Schutz vor Kratzern und bewahrt die Klarheit und Sch\u00e4rfe des Zifferblatts auch nach langer Nutzungsdauer.<\/p>\n<p data-start=\"860\" data-end=\"1314\">Jede Komponente wurde mit besonderer Sorgfalt ausgew\u00e4hlt, was zu einer Uhr f\u00fchrt, die nicht nur der Uhrmachertradition huldigt, sondern auch eine moderne Neuinterpretation durch hochwertige Materialien und eine pr\u00e4zise und sorgf\u00e4ltig ausgef\u00fchrte Konstruktion bietet. Das Ergebnis ist ein Mod, der den klassischen Geist von Werkzeuguhren bewahrt und gleichzeitig f\u00fcr heutige Standards in Bezug auf Widerstandsf\u00e4higkeit, Funktionalit\u00e4t und \u00c4sthetik optimiert ist.<\/p>","protected":false},"excerpt":{"rendered":"<p>Diese Modifikation kombiniert die charakteristische Robustheit professioneller Taucheruhren mit der Zuverl\u00e4ssigkeit eines <strong data-start=\"257\" data-end=\"308\">japanischen Hochpr\u00e4zisions-Automatikwerks<\/strong>. Eine Hommage, die die Uhrmachertradition respektiert, neu interpretiert mit hochwertigen Materialien und einer pr\u00e4zisen und sorgf\u00e4ltigen Konstruktion.<\/p>","protected":false},"featured_media":736,"comment_status":"open","ping_status":"closed","template":"","meta":{"_acf_changed":false,"_joinchat":[]},"product_cat":[108],"product_tag":[],"class_list":{"0":"post-772","1":"product","2":"type-product","3":"status-publish","4":"has-post-thumbnail","6":"product_cat-seikoland","8":"first","9":"instock","10":"sale","11":"taxable","12":"shipping-taxable","13":"purchasable","14":"product-type-simple","swatches":"rey-swatches","show_selected":""},"acf":[],"yoast_head":"<!-- This site is optimized with the Yoast SEO plugin v27.4 - https:\/\/yoast.com\/product\/yoast-seo-wordpress\/ -->\n<title>Seikoland Blue | Timeworks\u2122 | Seiko Mods<\/title>\n<meta name=\"description\" content=\"Este mod combina la robustez caracter\u00edstica de los relojes de buceo profesionales con la fiabilidad de un movimiento autom\u00e1tico japon\u00e9s de alta precisi\u00f3n. Un homenaje que respeta la tradici\u00f3n relojera, reinterpretado con materiales de calidad y una construcci\u00f3n precisa y cuidada.\" \/>\n<meta name=\"robots\" content=\"index, follow, max-snippet:-1, max-image-preview:large, max-video-preview:-1\" \/>\n<link rel=\"canonical\" href=\"https:\/\/timeworksmods.com\/de\/produkt\/seikoland-blue\/\" \/>\n<meta property=\"og:locale\" content=\"de_DE\" \/>\n<meta property=\"og:type\" content=\"article\" \/>\n<meta property=\"og:title\" content=\"Seikoland Blue | Timeworks\u2122 | Seiko Mods\" \/>\n<meta property=\"og:description\" content=\"Este mod combina la robustez caracter\u00edstica de los relojes de buceo profesionales con la fiabilidad de un movimiento autom\u00e1tico japon\u00e9s de alta precisi\u00f3n. Un homenaje que respeta la tradici\u00f3n relojera, reinterpretado con materiales de calidad y una construcci\u00f3n precisa y cuidada.\" \/>\n<meta property=\"og:url\" content=\"https:\/\/timeworksmods.com\/de\/produkt\/seikoland-blue\/\" \/>\n<meta property=\"og:site_name\" content=\"Timeworks\u2122 | Seiko Mods\" \/>\n<meta property=\"article:publisher\" content=\"https:\/\/www.facebook.com\/timeworksmods\/\" \/>\n<meta property=\"article:modified_time\" content=\"2026-04-13T06:53:43+00:00\" \/>\n<meta property=\"og:image\" content=\"https:\/\/timeworksmods.com\/wp-content\/uploads\/2025\/12\/6bc24fc1ab650b25b4114e93a98f1eba.jpg\" \/>\n\t<meta property=\"og:image:width\" content=\"1200\" \/>\n\t<meta property=\"og:image:height\" content=\"1200\" \/>\n\t<meta property=\"og:image:type\" content=\"image\/jpeg\" \/>\n<meta name=\"twitter:card\" content=\"summary_large_image\" \/>\n<meta name=\"twitter:label1\" content=\"Gesch\u00e4tzte Lesezeit\" \/>\n\t<meta name=\"twitter:data1\" content=\"1\u00a0Minute\" \/>\n<script type=\"application\/ld+json\" class=\"yoast-schema-graph\">{\"@context\":\"https:\\\/\\\/schema.org\",\"@graph\":[{\"@type\":\"WebPage\",\"@id\":\"https:\\\/\\\/timeworksmods.com\\\/producto\\\/seikoland-blue\\\/\",\"url\":\"https:\\\/\\\/timeworksmods.com\\\/producto\\\/seikoland-blue\\\/\",\"name\":\"Seikoland Blue | Timeworks\u2122 | Seiko Mods\",\"isPartOf\":{\"@id\":\"https:\\\/\\\/timeworksmods.com\\\/#website\"},\"primaryImageOfPage\":{\"@id\":\"https:\\\/\\\/timeworksmods.com\\\/producto\\\/seikoland-blue\\\/#primaryimage\"},\"image\":{\"@id\":\"https:\\\/\\\/timeworksmods.com\\\/producto\\\/seikoland-blue\\\/#primaryimage\"},\"thumbnailUrl\":\"https:\\\/\\\/timeworksmods.com\\\/wp-content\\\/uploads\\\/2025\\\/12\\\/6bc24fc1ab650b25b4114e93a98f1eba.jpg\",\"datePublished\":\"2025-12-06T13:06:42+00:00\",\"dateModified\":\"2026-04-13T06:53:43+00:00\",\"description\":\"Este mod combina la robustez caracter\u00edstica de los relojes de buceo profesionales con la fiabilidad de un movimiento autom\u00e1tico japon\u00e9s de alta precisi\u00f3n. Un homenaje que respeta la tradici\u00f3n relojera, reinterpretado con materiales de calidad y una construcci\u00f3n precisa y cuidada.\",\"breadcrumb\":{\"@id\":\"https:\\\/\\\/timeworksmods.com\\\/producto\\\/seikoland-blue\\\/#breadcrumb\"},\"inLanguage\":\"de\",\"potentialAction\":[{\"@type\":\"ReadAction\",\"target\":[\"https:\\\/\\\/timeworksmods.com\\\/producto\\\/seikoland-blue\\\/\"]}]},{\"@type\":\"ImageObject\",\"inLanguage\":\"de\",\"@id\":\"https:\\\/\\\/timeworksmods.com\\\/producto\\\/seikoland-blue\\\/#primaryimage\",\"url\":\"https:\\\/\\\/timeworksmods.com\\\/wp-content\\\/uploads\\\/2025\\\/12\\\/6bc24fc1ab650b25b4114e93a98f1eba.jpg\",\"contentUrl\":\"https:\\\/\\\/timeworksmods.com\\\/wp-content\\\/uploads\\\/2025\\\/12\\\/6bc24fc1ab650b25b4114e93a98f1eba.jpg\",\"width\":1200,\"height\":1200},{\"@type\":\"BreadcrumbList\",\"@id\":\"https:\\\/\\\/timeworksmods.com\\\/producto\\\/seikoland-blue\\\/#breadcrumb\",\"itemListElement\":[{\"@type\":\"ListItem\",\"position\":1,\"name\":\"Portada\",\"item\":\"https:\\\/\\\/timeworksmods.com\\\/\"},{\"@type\":\"ListItem\",\"position\":2,\"name\":\"Tienda\",\"item\":\"https:\\\/\\\/timeworksmods.com\\\/tienda\\\/\"},{\"@type\":\"ListItem\",\"position\":3,\"name\":\"Seikoland Blue\"}]},{\"@type\":\"WebSite\",\"@id\":\"https:\\\/\\\/timeworksmods.com\\\/#website\",\"url\":\"https:\\\/\\\/timeworksmods.com\\\/\",\"name\":\"Timeworks\u2122 | Seiko Mods\",\"description\":\"Tu Tienda de Seiko Mods Personalizados\",\"publisher\":{\"@id\":\"https:\\\/\\\/timeworksmods.com\\\/#organization\"},\"alternateName\":\"Timeworks\u2122 | Seiko Mods\",\"potentialAction\":[{\"@type\":\"SearchAction\",\"target\":{\"@type\":\"EntryPoint\",\"urlTemplate\":\"https:\\\/\\\/timeworksmods.com\\\/?s={search_term_string}\"},\"query-input\":{\"@type\":\"PropertyValueSpecification\",\"valueRequired\":true,\"valueName\":\"search_term_string\"}}],\"inLanguage\":\"de\"},{\"@type\":\"Organization\",\"@id\":\"https:\\\/\\\/timeworksmods.com\\\/#organization\",\"name\":\"Timeworks\u2122 | Seiko Mods\",\"alternateName\":\"Timeworks\u2122 | Custom Seiko Mods\",\"url\":\"https:\\\/\\\/timeworksmods.com\\\/\",\"logo\":{\"@type\":\"ImageObject\",\"inLanguage\":\"de\",\"@id\":\"https:\\\/\\\/timeworksmods.com\\\/#\\\/schema\\\/logo\\\/image\\\/\",\"url\":\"https:\\\/\\\/timeworksmods.com\\\/wp-content\\\/uploads\\\/2025\\\/12\\\/148510031349642de5ca0c544f31b2ef.png\",\"contentUrl\":\"https:\\\/\\\/timeworksmods.com\\\/wp-content\\\/uploads\\\/2025\\\/12\\\/148510031349642de5ca0c544f31b2ef.png\",\"width\":512,\"height\":512,\"caption\":\"Timeworks\u2122 | Seiko Mods\"},\"image\":{\"@id\":\"https:\\\/\\\/timeworksmods.com\\\/#\\\/schema\\\/logo\\\/image\\\/\"},\"sameAs\":[\"https:\\\/\\\/www.facebook.com\\\/timeworksmods\\\/\",\"https:\\\/\\\/www.instagram.com\\\/timeworksmods\\\/\",\"https:\\\/\\\/www.tiktok.com\\\/@timeworksmods\"]}]}<\/script>\n<!-- \/ Yoast SEO plugin. -->","yoast_head_json":{"title":"Seikoland Blau | Timeworks\u2122 | Seiko Mods","description":"Diese Mod kombiniert die charakteristische Robustheit professioneller Taucheruhren mit der Zuverl\u00e4ssigkeit eines hochpr\u00e4zisen japanischen Automatikwerks. Eine Hommage, die die Uhrmachertradition respektiert, neu interpretiert mit hochwertigen Materialien und einer pr\u00e4zisen und gepflegten Konstruktion.","robots":{"index":"index","follow":"follow","max-snippet":"max-snippet:-1","max-image-preview":"max-image-preview:large","max-video-preview":"max-video-preview:-1"},"canonical":"https:\/\/timeworksmods.com\/de\/produkt\/seikoland-blue\/","og_locale":"de_DE","og_type":"article","og_title":"Seikoland Blue | Timeworks\u2122 | Seiko Mods","og_description":"Este mod combina la robustez caracter\u00edstica de los relojes de buceo profesionales con la fiabilidad de un movimiento autom\u00e1tico japon\u00e9s de alta precisi\u00f3n. Un homenaje que respeta la tradici\u00f3n relojera, reinterpretado con materiales de calidad y una construcci\u00f3n precisa y cuidada.","og_url":"https:\/\/timeworksmods.com\/de\/produkt\/seikoland-blue\/","og_site_name":"Timeworks\u2122 | Seiko Mods","article_publisher":"https:\/\/www.facebook.com\/timeworksmods\/","article_modified_time":"2026-04-13T06:53:43+00:00","og_image":[{"width":1200,"height":1200,"url":"https:\/\/timeworksmods.com\/wp-content\/uploads\/2025\/12\/6bc24fc1ab650b25b4114e93a98f1eba.jpg","type":"image\/jpeg"}],"twitter_card":"summary_large_image","twitter_misc":{"Gesch\u00e4tzte Lesezeit":"1\u00a0Minute"},"schema":{"@context":"https:\/\/schema.org","@graph":[{"@type":"WebPage","@id":"https:\/\/timeworksmods.com\/producto\/seikoland-blue\/","url":"https:\/\/timeworksmods.com\/producto\/seikoland-blue\/","name":"Seikoland Blau | Timeworks\u2122 | Seiko Mods","isPartOf":{"@id":"https:\/\/timeworksmods.com\/#website"},"primaryImageOfPage":{"@id":"https:\/\/timeworksmods.com\/producto\/seikoland-blue\/#primaryimage"},"image":{"@id":"https:\/\/timeworksmods.com\/producto\/seikoland-blue\/#primaryimage"},"thumbnailUrl":"https:\/\/timeworksmods.com\/wp-content\/uploads\/2025\/12\/6bc24fc1ab650b25b4114e93a98f1eba.jpg","datePublished":"2025-12-06T13:06:42+00:00","dateModified":"2026-04-13T06:53:43+00:00","description":"Diese Mod kombiniert die charakteristische Robustheit professioneller Taucheruhren mit der Zuverl\u00e4ssigkeit eines hochpr\u00e4zisen japanischen Automatikwerks. Eine Hommage, die die Uhrmachertradition respektiert, neu interpretiert mit hochwertigen Materialien und einer pr\u00e4zisen und gepflegten Konstruktion.","breadcrumb":{"@id":"https:\/\/timeworksmods.com\/producto\/seikoland-blue\/#breadcrumb"},"inLanguage":"de","potentialAction":[{"@type":"ReadAction","target":["https:\/\/timeworksmods.com\/producto\/seikoland-blue\/"]}]},{"@type":"ImageObject","inLanguage":"de","@id":"https:\/\/timeworksmods.com\/producto\/seikoland-blue\/#primaryimage","url":"https:\/\/timeworksmods.com\/wp-content\/uploads\/2025\/12\/6bc24fc1ab650b25b4114e93a98f1eba.jpg","contentUrl":"https:\/\/timeworksmods.com\/wp-content\/uploads\/2025\/12\/6bc24fc1ab650b25b4114e93a98f1eba.jpg","width":1200,"height":1200},{"@type":"BreadcrumbList","@id":"https:\/\/timeworksmods.com\/producto\/seikoland-blue\/#breadcrumb","itemListElement":[{"@type":"ListItem","position":1,"name":"Portada","item":"https:\/\/timeworksmods.com\/"},{"@type":"ListItem","position":2,"name":"Tienda","item":"https:\/\/timeworksmods.com\/tienda\/"},{"@type":"ListItem","position":3,"name":"Seikoland Blue"}]},{"@type":"WebSite","@id":"https:\/\/timeworksmods.com\/#website","url":"https:\/\/timeworksmods.com\/","name":"Timeworks\u2122 | Seiko Umbauten","description":"Dein Shop f\u00fcr individuelle Seiko-Mods","publisher":{"@id":"https:\/\/timeworksmods.com\/#organization"},"alternateName":"Timeworks\u2122 | Seiko Mods","potentialAction":[{"@type":"SearchAction","target":{"@type":"EntryPoint","urlTemplate":"https:\/\/timeworksmods.com\/?s={search_term_string}"},"query-input":{"@type":"PropertyValueSpecification","valueRequired":true,"valueName":"search_term_string"}}],"inLanguage":"de"},{"@type":"Organization","@id":"https:\/\/timeworksmods.com\/#organization","name":"Timeworks\u2122 | Seiko Umbauten","alternateName":"Timeworks\u2122 | Custom Seiko Mods","url":"https:\/\/timeworksmods.com\/","logo":{"@type":"ImageObject","inLanguage":"de","@id":"https:\/\/timeworksmods.com\/#\/schema\/logo\/image\/","url":"https:\/\/timeworksmods.com\/wp-content\/uploads\/2025\/12\/148510031349642de5ca0c544f31b2ef.png","contentUrl":"https:\/\/timeworksmods.com\/wp-content\/uploads\/2025\/12\/148510031349642de5ca0c544f31b2ef.png","width":512,"height":512,"caption":"Timeworks\u2122 | Seiko Mods"},"image":{"@id":"https:\/\/timeworksmods.com\/#\/schema\/logo\/image\/"},"sameAs":["https:\/\/www.facebook.com\/timeworksmods\/","https:\/\/www.instagram.com\/timeworksmods\/","https:\/\/www.tiktok.com\/@timeworksmods"]}]}},"_links":{"self":[{"href":"https:\/\/timeworksmods.com\/de\/wp-json\/wp\/v2\/product\/772","targetHints":{"allow":["GET"]}}],"collection":[{"href":"https:\/\/timeworksmods.com\/de\/wp-json\/wp\/v2\/product"}],"about":[{"href":"https:\/\/timeworksmods.com\/de\/wp-json\/wp\/v2\/types\/product"}],"replies":[{"embeddable":true,"href":"https:\/\/timeworksmods.com\/de\/wp-json\/wp\/v2\/comments?post=772"}],"wp:featuredmedia":[{"embeddable":true,"href":"https:\/\/timeworksmods.com\/de\/wp-json\/wp\/v2\/media\/736"}],"wp:attachment":[{"href":"https:\/\/timeworksmods.com\/de\/wp-json\/wp\/v2\/media?parent=772"}],"wp:term":[{"taxonomy":"product_cat","embeddable":true,"href":"https:\/\/timeworksmods.com\/de\/wp-json\/wp\/v2\/product_cat?post=772"},{"taxonomy":"product_tag","embeddable":true,"href":"https:\/\/timeworksmods.com\/de\/wp-json\/wp\/v2\/product_tag?post=772"}],"curies":[{"name":"wp","href":"https:\/\/api.w.org\/{rel}","templated":true}]}}