{"id":949,"date":"2025-12-06T17:12:35","date_gmt":"2025-12-06T17:12:35","guid":{"rendered":"https:\/\/timeworksmods.com\/?post_type=product&#038;p=949"},"modified":"2026-04-13T08:52:21","modified_gmt":"2026-04-13T06:52:21","slug":"nautiko-metallic-green","status":"publish","type":"product","link":"https:\/\/timeworksmods.com\/de\/produkt\/nautiko-metallic-green\/","title":{"rendered":"Nautiko Metallisch Gr\u00fcn"},"content":{"rendered":"<p data-start=\"201\" data-end=\"561\">Inspiriert von den gro\u00dfen Ikonen der luxuri\u00f6sen Sportuhrmacherei, bietet dieses Mod ein raffiniertes Design mit integrierten Linien und einer perfekten Balance zwischen Eleganz und Sportlichkeit. Diese Neuinterpretation bewahrt die Essenz klassischer Luxusuhren und integriert <strong data-start=\"474\" data-end=\"526\">Japanische automatische Bewegung hoher Zuverl\u00e4ssigkeit<\/strong> und erstklassige Materialien.<\/p>\n<p data-start=\"563\" data-end=\"993\">Im Inneren verf\u00fcgt er \u00fcber ein japanisches Uhrwerk ohne Datumsanzeige, das besonders f\u00fcr seine saubere und symmetrische \u00c4sthetik auf dem Zifferblatt gesch\u00e4tzt wird. Es l\u00e4uft mit 21.600 Halbschwingungen pro Stunde (3 Hz), verf\u00fcgt \u00fcber einen automatischen und manuellen Aufzug sowie eine Sekundenstoppfunktion (Hacking) f\u00fcr eine pr\u00e4zise Zeiteinstellung. Es hat 24 Steine und eine Gangreserve von etwa 41 Stunden, was einen stabilen, effizienten und langlebigen Betrieb gew\u00e4hrleistet.<\/p>\n<p data-start=\"995\" data-end=\"1389\">Das Geh\u00e4use ist aus Edelstahl 316L gefertigt, was eine hohe Korrosions- und Widerstandsf\u00e4higkeit im t\u00e4glichen Gebrauch bietet, und wird durch Saphirglas erg\u00e4nzt, das einen hervorragenden Kratzschutz und optimale Sichtbarkeit gew\u00e4hrleistet. Das Ergebnis ist eine elegante, sportliche und mechanisch zuverl\u00e4ssige Uhr, ideal f\u00fcr den t\u00e4glichen Gebrauch sowie f\u00fcr Sammler und Liebhaber mechanischer Uhren.<\/p>","protected":false},"excerpt":{"rendered":"<p>Diese Modifikation kombiniert die sportliche Eleganz klassischer Uhrendesigns mit der Zuverl\u00e4ssigkeit eines <strong data-start=\"286\" data-end=\"337\">japanischen Hochpr\u00e4zisions-Automatikwerks<\/strong>. Eine Hommage, die die Essenz ikonischer Uhren respektiert, neu interpretiert mit modernen Materialien und einer detailgenauen Konstruktion.<\/p>","protected":false},"featured_media":865,"comment_status":"open","ping_status":"closed","template":"","meta":{"_acf_changed":false,"_joinchat":[]},"product_cat":[100],"product_tag":[],"class_list":{"0":"post-949","1":"product","2":"type-product","3":"status-publish","4":"has-post-thumbnail","6":"product_cat-nautiko","8":"first","9":"instock","10":"sale","11":"taxable","12":"shipping-taxable","13":"purchasable","14":"product-type-simple","swatches":"rey-swatches","show_selected":""},"acf":[],"yoast_head":"<!-- This site is optimized with the Yoast SEO plugin v27.4 - https:\/\/yoast.com\/product\/yoast-seo-wordpress\/ -->\n<title>Nautiko Metallic Green | Timeworks\u2122 | Custom Watches<\/title>\n<meta name=\"description\" content=\"Este mod combina la elegancia deportiva de los dise\u00f1os cl\u00e1sicos de relojer\u00eda con la fiabilidad de un movimiento autom\u00e1tico japon\u00e9s de alta precisi\u00f3n. Un homenaje que respeta la esencia de los relojes ic\u00f3nicos, reinterpretado con materiales modernos y una construcci\u00f3n cuidada al detalle.\" \/>\n<meta name=\"robots\" content=\"index, follow, max-snippet:-1, max-image-preview:large, max-video-preview:-1\" \/>\n<link rel=\"canonical\" href=\"https:\/\/timeworksmods.com\/de\/produkt\/nautiko-metallic-green\/\" \/>\n<meta property=\"og:locale\" content=\"de_DE\" \/>\n<meta property=\"og:type\" content=\"article\" \/>\n<meta property=\"og:title\" content=\"Nautiko Metallic Green | Timeworks\u2122 | Custom Watches\" \/>\n<meta property=\"og:description\" content=\"Este mod combina la elegancia deportiva de los dise\u00f1os cl\u00e1sicos de relojer\u00eda con la fiabilidad de un movimiento autom\u00e1tico japon\u00e9s de alta precisi\u00f3n. Un homenaje que respeta la esencia de los relojes ic\u00f3nicos, reinterpretado con materiales modernos y una construcci\u00f3n cuidada al detalle.\" \/>\n<meta property=\"og:url\" content=\"https:\/\/timeworksmods.com\/de\/produkt\/nautiko-metallic-green\/\" \/>\n<meta property=\"og:site_name\" content=\"Timeworks\u2122 | Custom Watches\" \/>\n<meta property=\"article:publisher\" content=\"https:\/\/www.facebook.com\/timeworksmods\/\" \/>\n<meta property=\"article:modified_time\" content=\"2026-04-13T06:52:21+00:00\" \/>\n<meta property=\"og:image\" content=\"https:\/\/timeworksmods.com\/wp-content\/uploads\/2025\/12\/3b3dbaf68507998acd6a5a5254ab2d76.jpg\" \/>\n\t<meta property=\"og:image:width\" content=\"1200\" \/>\n\t<meta property=\"og:image:height\" content=\"1200\" \/>\n\t<meta property=\"og:image:type\" content=\"image\/jpeg\" \/>\n<meta name=\"twitter:card\" content=\"summary_large_image\" \/>\n<meta name=\"twitter:label1\" content=\"Gesch\u00e4tzte Lesezeit\" \/>\n\t<meta name=\"twitter:data1\" content=\"1\u00a0Minute\" \/>\n<script type=\"application\/ld+json\" class=\"yoast-schema-graph\">{\"@context\":\"https:\\\/\\\/schema.org\",\"@graph\":[{\"@type\":\"WebPage\",\"@id\":\"https:\\\/\\\/timeworksmods.com\\\/producto\\\/nautiko-metallic-green\\\/\",\"url\":\"https:\\\/\\\/timeworksmods.com\\\/producto\\\/nautiko-metallic-green\\\/\",\"name\":\"Nautiko Metallic Green | Timeworks\u2122 | Custom Watches\",\"isPartOf\":{\"@id\":\"https:\\\/\\\/timeworksmods.com\\\/#website\"},\"primaryImageOfPage\":{\"@id\":\"https:\\\/\\\/timeworksmods.com\\\/producto\\\/nautiko-metallic-green\\\/#primaryimage\"},\"image\":{\"@id\":\"https:\\\/\\\/timeworksmods.com\\\/producto\\\/nautiko-metallic-green\\\/#primaryimage\"},\"thumbnailUrl\":\"https:\\\/\\\/timeworksmods.com\\\/wp-content\\\/uploads\\\/2025\\\/12\\\/3b3dbaf68507998acd6a5a5254ab2d76.jpg\",\"datePublished\":\"2025-12-06T17:12:35+00:00\",\"dateModified\":\"2026-04-13T06:52:21+00:00\",\"description\":\"Este mod combina la elegancia deportiva de los dise\u00f1os cl\u00e1sicos de relojer\u00eda con la fiabilidad de un movimiento autom\u00e1tico japon\u00e9s de alta precisi\u00f3n. Un homenaje que respeta la esencia de los relojes ic\u00f3nicos, reinterpretado con materiales modernos y una construcci\u00f3n cuidada al detalle.\",\"breadcrumb\":{\"@id\":\"https:\\\/\\\/timeworksmods.com\\\/producto\\\/nautiko-metallic-green\\\/#breadcrumb\"},\"inLanguage\":\"de\",\"potentialAction\":[{\"@type\":\"ReadAction\",\"target\":[\"https:\\\/\\\/timeworksmods.com\\\/producto\\\/nautiko-metallic-green\\\/\"]}]},{\"@type\":\"ImageObject\",\"inLanguage\":\"de\",\"@id\":\"https:\\\/\\\/timeworksmods.com\\\/producto\\\/nautiko-metallic-green\\\/#primaryimage\",\"url\":\"https:\\\/\\\/timeworksmods.com\\\/wp-content\\\/uploads\\\/2025\\\/12\\\/3b3dbaf68507998acd6a5a5254ab2d76.jpg\",\"contentUrl\":\"https:\\\/\\\/timeworksmods.com\\\/wp-content\\\/uploads\\\/2025\\\/12\\\/3b3dbaf68507998acd6a5a5254ab2d76.jpg\",\"width\":1200,\"height\":1200},{\"@type\":\"BreadcrumbList\",\"@id\":\"https:\\\/\\\/timeworksmods.com\\\/producto\\\/nautiko-metallic-green\\\/#breadcrumb\",\"itemListElement\":[{\"@type\":\"ListItem\",\"position\":1,\"name\":\"Portada\",\"item\":\"https:\\\/\\\/timeworksmods.com\\\/\"},{\"@type\":\"ListItem\",\"position\":2,\"name\":\"Tienda\",\"item\":\"https:\\\/\\\/timeworksmods.com\\\/tienda\\\/\"},{\"@type\":\"ListItem\",\"position\":3,\"name\":\"Nautiko Metallic Green\"}]},{\"@type\":\"WebSite\",\"@id\":\"https:\\\/\\\/timeworksmods.com\\\/#website\",\"url\":\"https:\\\/\\\/timeworksmods.com\\\/\",\"name\":\"Timeworks\u2122 | Seiko Mods\",\"description\":\"Tu Tienda de Mods Personalizados\",\"publisher\":{\"@id\":\"https:\\\/\\\/timeworksmods.com\\\/#organization\"},\"alternateName\":\"Timeworks\u2122 | Seiko Mods\",\"potentialAction\":[{\"@type\":\"SearchAction\",\"target\":{\"@type\":\"EntryPoint\",\"urlTemplate\":\"https:\\\/\\\/timeworksmods.com\\\/?s={search_term_string}\"},\"query-input\":{\"@type\":\"PropertyValueSpecification\",\"valueRequired\":true,\"valueName\":\"search_term_string\"}}],\"inLanguage\":\"de\"},{\"@type\":\"Organization\",\"@id\":\"https:\\\/\\\/timeworksmods.com\\\/#organization\",\"name\":\"Timeworks\u2122 | Seiko Mods\",\"alternateName\":\"Timeworks\u2122 | Custom Seiko Mods\",\"url\":\"https:\\\/\\\/timeworksmods.com\\\/\",\"logo\":{\"@type\":\"ImageObject\",\"inLanguage\":\"de\",\"@id\":\"https:\\\/\\\/timeworksmods.com\\\/#\\\/schema\\\/logo\\\/image\\\/\",\"url\":\"https:\\\/\\\/timeworksmods.com\\\/wp-content\\\/uploads\\\/2025\\\/12\\\/148510031349642de5ca0c544f31b2ef.png\",\"contentUrl\":\"https:\\\/\\\/timeworksmods.com\\\/wp-content\\\/uploads\\\/2025\\\/12\\\/148510031349642de5ca0c544f31b2ef.png\",\"width\":512,\"height\":512,\"caption\":\"Timeworks\u2122 | Seiko Mods\"},\"image\":{\"@id\":\"https:\\\/\\\/timeworksmods.com\\\/#\\\/schema\\\/logo\\\/image\\\/\"},\"sameAs\":[\"https:\\\/\\\/www.facebook.com\\\/timeworksmods\\\/\",\"https:\\\/\\\/www.instagram.com\\\/timeworksmods\\\/\",\"https:\\\/\\\/www.tiktok.com\\\/@timeworksmods\"]}]}<\/script>\n<!-- \/ Yoast SEO plugin. -->","yoast_head_json":{"title":"Nautiko Metallic Green | Timeworks\u2122 | Custom Watches","description":"Diese Modifikation kombiniert die sportliche Eleganz klassischer Uhrendesigns mit der Zuverl\u00e4ssigkeit eines hochpr\u00e4zisen japanischen Automatikwerks. Eine Hommage, die die Essenz ikonischer Uhren respektiert, neu interpretiert mit modernen Materialien und einer detailverliebten Konstruktion.","robots":{"index":"index","follow":"follow","max-snippet":"max-snippet:-1","max-image-preview":"max-image-preview:large","max-video-preview":"max-video-preview:-1"},"canonical":"https:\/\/timeworksmods.com\/de\/produkt\/nautiko-metallic-green\/","og_locale":"de_DE","og_type":"article","og_title":"Nautiko Metallic Green | Timeworks\u2122 | Custom Watches","og_description":"Este mod combina la elegancia deportiva de los dise\u00f1os cl\u00e1sicos de relojer\u00eda con la fiabilidad de un movimiento autom\u00e1tico japon\u00e9s de alta precisi\u00f3n. Un homenaje que respeta la esencia de los relojes ic\u00f3nicos, reinterpretado con materiales modernos y una construcci\u00f3n cuidada al detalle.","og_url":"https:\/\/timeworksmods.com\/de\/produkt\/nautiko-metallic-green\/","og_site_name":"Timeworks\u2122 | Custom Watches","article_publisher":"https:\/\/www.facebook.com\/timeworksmods\/","article_modified_time":"2026-04-13T06:52:21+00:00","og_image":[{"width":1200,"height":1200,"url":"https:\/\/timeworksmods.com\/wp-content\/uploads\/2025\/12\/3b3dbaf68507998acd6a5a5254ab2d76.jpg","type":"image\/jpeg"}],"twitter_card":"summary_large_image","twitter_misc":{"Gesch\u00e4tzte Lesezeit":"1\u00a0Minute"},"schema":{"@context":"https:\/\/schema.org","@graph":[{"@type":"WebPage","@id":"https:\/\/timeworksmods.com\/producto\/nautiko-metallic-green\/","url":"https:\/\/timeworksmods.com\/producto\/nautiko-metallic-green\/","name":"Nautiko Metallic Green | Timeworks\u2122 | Custom Watches","isPartOf":{"@id":"https:\/\/timeworksmods.com\/#website"},"primaryImageOfPage":{"@id":"https:\/\/timeworksmods.com\/producto\/nautiko-metallic-green\/#primaryimage"},"image":{"@id":"https:\/\/timeworksmods.com\/producto\/nautiko-metallic-green\/#primaryimage"},"thumbnailUrl":"https:\/\/timeworksmods.com\/wp-content\/uploads\/2025\/12\/3b3dbaf68507998acd6a5a5254ab2d76.jpg","datePublished":"2025-12-06T17:12:35+00:00","dateModified":"2026-04-13T06:52:21+00:00","description":"Diese Modifikation kombiniert die sportliche Eleganz klassischer Uhrendesigns mit der Zuverl\u00e4ssigkeit eines hochpr\u00e4zisen japanischen Automatikwerks. Eine Hommage, die die Essenz ikonischer Uhren respektiert, neu interpretiert mit modernen Materialien und einer detailverliebten Konstruktion.","breadcrumb":{"@id":"https:\/\/timeworksmods.com\/producto\/nautiko-metallic-green\/#breadcrumb"},"inLanguage":"de","potentialAction":[{"@type":"ReadAction","target":["https:\/\/timeworksmods.com\/producto\/nautiko-metallic-green\/"]}]},{"@type":"ImageObject","inLanguage":"de","@id":"https:\/\/timeworksmods.com\/producto\/nautiko-metallic-green\/#primaryimage","url":"https:\/\/timeworksmods.com\/wp-content\/uploads\/2025\/12\/3b3dbaf68507998acd6a5a5254ab2d76.jpg","contentUrl":"https:\/\/timeworksmods.com\/wp-content\/uploads\/2025\/12\/3b3dbaf68507998acd6a5a5254ab2d76.jpg","width":1200,"height":1200},{"@type":"BreadcrumbList","@id":"https:\/\/timeworksmods.com\/producto\/nautiko-metallic-green\/#breadcrumb","itemListElement":[{"@type":"ListItem","position":1,"name":"Portada","item":"https:\/\/timeworksmods.com\/"},{"@type":"ListItem","position":2,"name":"Tienda","item":"https:\/\/timeworksmods.com\/tienda\/"},{"@type":"ListItem","position":3,"name":"Nautiko Metallic Green"}]},{"@type":"WebSite","@id":"https:\/\/timeworksmods.com\/#website","url":"https:\/\/timeworksmods.com\/","name":"Timeworks\u2122 | Seiko Umbauten","description":"Dein personalisierter Mod-Shop","publisher":{"@id":"https:\/\/timeworksmods.com\/#organization"},"alternateName":"Timeworks\u2122 | Seiko Mods","potentialAction":[{"@type":"SearchAction","target":{"@type":"EntryPoint","urlTemplate":"https:\/\/timeworksmods.com\/?s={search_term_string}"},"query-input":{"@type":"PropertyValueSpecification","valueRequired":true,"valueName":"search_term_string"}}],"inLanguage":"de"},{"@type":"Organization","@id":"https:\/\/timeworksmods.com\/#organization","name":"Timeworks\u2122 | Seiko Umbauten","alternateName":"Timeworks\u2122 | Custom Seiko Mods","url":"https:\/\/timeworksmods.com\/","logo":{"@type":"ImageObject","inLanguage":"de","@id":"https:\/\/timeworksmods.com\/#\/schema\/logo\/image\/","url":"https:\/\/timeworksmods.com\/wp-content\/uploads\/2025\/12\/148510031349642de5ca0c544f31b2ef.png","contentUrl":"https:\/\/timeworksmods.com\/wp-content\/uploads\/2025\/12\/148510031349642de5ca0c544f31b2ef.png","width":512,"height":512,"caption":"Timeworks\u2122 | Seiko Mods"},"image":{"@id":"https:\/\/timeworksmods.com\/#\/schema\/logo\/image\/"},"sameAs":["https:\/\/www.facebook.com\/timeworksmods\/","https:\/\/www.instagram.com\/timeworksmods\/","https:\/\/www.tiktok.com\/@timeworksmods"]}]}},"_links":{"self":[{"href":"https:\/\/timeworksmods.com\/de\/wp-json\/wp\/v2\/product\/949","targetHints":{"allow":["GET"]}}],"collection":[{"href":"https:\/\/timeworksmods.com\/de\/wp-json\/wp\/v2\/product"}],"about":[{"href":"https:\/\/timeworksmods.com\/de\/wp-json\/wp\/v2\/types\/product"}],"replies":[{"embeddable":true,"href":"https:\/\/timeworksmods.com\/de\/wp-json\/wp\/v2\/comments?post=949"}],"wp:featuredmedia":[{"embeddable":true,"href":"https:\/\/timeworksmods.com\/de\/wp-json\/wp\/v2\/media\/865"}],"wp:attachment":[{"href":"https:\/\/timeworksmods.com\/de\/wp-json\/wp\/v2\/media?parent=949"}],"wp:term":[{"taxonomy":"product_cat","embeddable":true,"href":"https:\/\/timeworksmods.com\/de\/wp-json\/wp\/v2\/product_cat?post=949"},{"taxonomy":"product_tag","embeddable":true,"href":"https:\/\/timeworksmods.com\/de\/wp-json\/wp\/v2\/product_tag?post=949"}],"curies":[{"name":"wp","href":"https:\/\/api.w.org\/{rel}","templated":true}]}}