{"id":957,"date":"2025-12-06T17:29:55","date_gmt":"2025-12-06T17:29:55","guid":{"rendered":"https:\/\/timeworksmods.com\/?post_type=product&#038;p=957"},"modified":"2026-04-13T08:50:55","modified_gmt":"2026-04-13T06:50:55","slug":"exploreiko-white","status":"publish","type":"product","link":"https:\/\/timeworksmods.com\/de\/produkt\/exploreiko-white\/","title":{"rendered":"Erkunden-eiko Wei\u00df"},"content":{"rendered":"<p data-start=\"206\" data-end=\"613\">Inspiriert von den gro\u00dfen Ikonen der Uhrmacherei f\u00fcr Abenteuer und Erkundung, bietet dieser Mod ein robustes, funktionales Design mit maximaler Ablesbarkeit. Ein St\u00fcck, das f\u00fcr diejenigen konzipiert wurde, die Zuverl\u00e4ssigkeit in jeder Umgebung suchen, und die Essenz von Explorationsuhren in einer modernen Neuinterpretation mit einem <strong data-start=\"525\" data-end=\"581\">Japanische Automatikbewegung bew\u00e4hrter Widerstandsf\u00e4higkeit<\/strong> und hochwertige Materialien.<\/p>\n<p data-start=\"615\" data-end=\"986\">Das japanische Kaliber arbeitet mit 21.600 Halbschwingungen pro Stunde (3 Hz), verf\u00fcgt \u00fcber automatischen und manuellen Aufzug, eine Sekundenstoppfunktion (Hacking) f\u00fcr eine pr\u00e4zise Zeiteinstellung und eine GMT-Funktion mit einem unabh\u00e4ngigen 24-Stunden-Zeiger, ideal f\u00fcr die Verfolgung einer zweiten Zeitzone. Es bietet eine Gangreserve von etwa 41 Stunden, perfekt f\u00fcr den kontinuierlichen Gebrauch.<\/p>\n<p data-start=\"988\" data-end=\"1419\">Das Geh\u00e4use aus 316L-Edelstahl bietet eine hohe Best\u00e4ndigkeit gegen Korrosion und allt\u00e4gliche St\u00f6\u00dfe, w\u00e4hrend das Saphirglas \u00fcberlegenen Schutz vor Kratzern und makellose Lesbarkeit selbst unter anspruchsvollen Bedingungen gew\u00e4hrleistet. Das Ergebnis ist eine robuste, funktionale und \u00e4u\u00dferst zuverl\u00e4ssige Uhr, die sowohl f\u00fcr den t\u00e4glichen Gebrauch als auch f\u00fcr diejenigen konzipiert ist, die Pr\u00e4zision in Abenteuer- und Erkundungsumgebungen ben\u00f6tigen.<\/p>","protected":false},"excerpt":{"rendered":"<p>Diese von Erkundungsuhren inspirierte Modifikation kombiniert bew\u00e4hrte Zuverl\u00e4ssigkeit mit einem abenteuerlichen Geist, neu interpretiert mit zeitgem\u00e4\u00dfen Materialien und pr\u00e4ziser, sorgf\u00e4ltiger Verarbeitung. Eine Hommage an die Essenz von Abenteuer und Erkundung, konzipiert f\u00fcr diejenigen, die eine robuste, funktionale und hochwertige Uhr suchen.<\/p>","protected":false},"featured_media":878,"comment_status":"open","ping_status":"closed","template":"","meta":{"_acf_changed":false,"_joinchat":[]},"product_cat":[99],"product_tag":[],"class_list":{"0":"post-957","1":"product","2":"type-product","3":"status-publish","4":"has-post-thumbnail","6":"product_cat-exploreiko","8":"first","9":"instock","10":"sale","11":"taxable","12":"shipping-taxable","13":"purchasable","14":"product-type-simple","swatches":"rey-swatches","show_selected":""},"acf":[],"yoast_head":"<!-- This site is optimized with the Yoast SEO plugin v27.4 - https:\/\/yoast.com\/product\/yoast-seo-wordpress\/ -->\n<title>Exploreiko White | Timeworks\u2122 | Seiko Mods<\/title>\n<meta name=\"description\" content=\"Este mod inspirado en los relojes de exploraci\u00f3n combina fiabilidad comprobada con un esp\u00edritu aventurero, reinterpretado con materiales contempor\u00e1neos y una construcci\u00f3n precisa y cuidada. Un tributo a la esencia de la aventura y la exploraci\u00f3n, pensado para quienes buscan un reloj robusto, funcional y de alta calidad.\" \/>\n<meta name=\"robots\" content=\"index, follow, max-snippet:-1, max-image-preview:large, max-video-preview:-1\" \/>\n<link rel=\"canonical\" href=\"https:\/\/timeworksmods.com\/de\/produkt\/exploreiko-white\/\" \/>\n<meta property=\"og:locale\" content=\"de_DE\" \/>\n<meta property=\"og:type\" content=\"article\" \/>\n<meta property=\"og:title\" content=\"Exploreiko White | Timeworks\u2122 | Seiko Mods\" \/>\n<meta property=\"og:description\" content=\"Este mod inspirado en los relojes de exploraci\u00f3n combina fiabilidad comprobada con un esp\u00edritu aventurero, reinterpretado con materiales contempor\u00e1neos y una construcci\u00f3n precisa y cuidada. Un tributo a la esencia de la aventura y la exploraci\u00f3n, pensado para quienes buscan un reloj robusto, funcional y de alta calidad.\" \/>\n<meta property=\"og:url\" content=\"https:\/\/timeworksmods.com\/de\/produkt\/exploreiko-white\/\" \/>\n<meta property=\"og:site_name\" content=\"Timeworks\u2122 | Seiko Mods\" \/>\n<meta property=\"article:publisher\" content=\"https:\/\/www.facebook.com\/timeworksmods\/\" \/>\n<meta property=\"article:modified_time\" content=\"2026-04-13T06:50:55+00:00\" \/>\n<meta property=\"og:image\" content=\"https:\/\/timeworksmods.com\/wp-content\/uploads\/2025\/12\/dd8eb9f23fbd362da0e3f4e70b878c16.jpg\" \/>\n\t<meta property=\"og:image:width\" content=\"1200\" \/>\n\t<meta property=\"og:image:height\" content=\"1200\" \/>\n\t<meta property=\"og:image:type\" content=\"image\/jpeg\" \/>\n<meta name=\"twitter:card\" content=\"summary_large_image\" \/>\n<meta name=\"twitter:label1\" content=\"Gesch\u00e4tzte Lesezeit\" \/>\n\t<meta name=\"twitter:data1\" content=\"1\u00a0Minute\" \/>\n<script type=\"application\/ld+json\" class=\"yoast-schema-graph\">{\"@context\":\"https:\\\/\\\/schema.org\",\"@graph\":[{\"@type\":\"WebPage\",\"@id\":\"https:\\\/\\\/timeworksmods.com\\\/producto\\\/exploreiko-white\\\/\",\"url\":\"https:\\\/\\\/timeworksmods.com\\\/producto\\\/exploreiko-white\\\/\",\"name\":\"Exploreiko White | Timeworks\u2122 | Seiko Mods\",\"isPartOf\":{\"@id\":\"https:\\\/\\\/timeworksmods.com\\\/#website\"},\"primaryImageOfPage\":{\"@id\":\"https:\\\/\\\/timeworksmods.com\\\/producto\\\/exploreiko-white\\\/#primaryimage\"},\"image\":{\"@id\":\"https:\\\/\\\/timeworksmods.com\\\/producto\\\/exploreiko-white\\\/#primaryimage\"},\"thumbnailUrl\":\"https:\\\/\\\/timeworksmods.com\\\/wp-content\\\/uploads\\\/2025\\\/12\\\/dd8eb9f23fbd362da0e3f4e70b878c16.jpg\",\"datePublished\":\"2025-12-06T17:29:55+00:00\",\"dateModified\":\"2026-04-13T06:50:55+00:00\",\"description\":\"Este mod inspirado en los relojes de exploraci\u00f3n combina fiabilidad comprobada con un esp\u00edritu aventurero, reinterpretado con materiales contempor\u00e1neos y una construcci\u00f3n precisa y cuidada. Un tributo a la esencia de la aventura y la exploraci\u00f3n, pensado para quienes buscan un reloj robusto, funcional y de alta calidad.\",\"breadcrumb\":{\"@id\":\"https:\\\/\\\/timeworksmods.com\\\/producto\\\/exploreiko-white\\\/#breadcrumb\"},\"inLanguage\":\"de\",\"potentialAction\":[{\"@type\":\"ReadAction\",\"target\":[\"https:\\\/\\\/timeworksmods.com\\\/producto\\\/exploreiko-white\\\/\"]}]},{\"@type\":\"ImageObject\",\"inLanguage\":\"de\",\"@id\":\"https:\\\/\\\/timeworksmods.com\\\/producto\\\/exploreiko-white\\\/#primaryimage\",\"url\":\"https:\\\/\\\/timeworksmods.com\\\/wp-content\\\/uploads\\\/2025\\\/12\\\/dd8eb9f23fbd362da0e3f4e70b878c16.jpg\",\"contentUrl\":\"https:\\\/\\\/timeworksmods.com\\\/wp-content\\\/uploads\\\/2025\\\/12\\\/dd8eb9f23fbd362da0e3f4e70b878c16.jpg\",\"width\":1200,\"height\":1200},{\"@type\":\"BreadcrumbList\",\"@id\":\"https:\\\/\\\/timeworksmods.com\\\/producto\\\/exploreiko-white\\\/#breadcrumb\",\"itemListElement\":[{\"@type\":\"ListItem\",\"position\":1,\"name\":\"Portada\",\"item\":\"https:\\\/\\\/timeworksmods.com\\\/\"},{\"@type\":\"ListItem\",\"position\":2,\"name\":\"Tienda\",\"item\":\"https:\\\/\\\/timeworksmods.com\\\/tienda\\\/\"},{\"@type\":\"ListItem\",\"position\":3,\"name\":\"Exploreiko White\"}]},{\"@type\":\"WebSite\",\"@id\":\"https:\\\/\\\/timeworksmods.com\\\/#website\",\"url\":\"https:\\\/\\\/timeworksmods.com\\\/\",\"name\":\"Timeworks\u2122 | Seiko Mods\",\"description\":\"Tu Tienda de Seiko Mods Personalizados\",\"publisher\":{\"@id\":\"https:\\\/\\\/timeworksmods.com\\\/#organization\"},\"alternateName\":\"Timeworks\u2122 | Seiko Mods\",\"potentialAction\":[{\"@type\":\"SearchAction\",\"target\":{\"@type\":\"EntryPoint\",\"urlTemplate\":\"https:\\\/\\\/timeworksmods.com\\\/?s={search_term_string}\"},\"query-input\":{\"@type\":\"PropertyValueSpecification\",\"valueRequired\":true,\"valueName\":\"search_term_string\"}}],\"inLanguage\":\"de\"},{\"@type\":\"Organization\",\"@id\":\"https:\\\/\\\/timeworksmods.com\\\/#organization\",\"name\":\"Timeworks\u2122 | Seiko Mods\",\"alternateName\":\"Timeworks\u2122 | Custom Seiko Mods\",\"url\":\"https:\\\/\\\/timeworksmods.com\\\/\",\"logo\":{\"@type\":\"ImageObject\",\"inLanguage\":\"de\",\"@id\":\"https:\\\/\\\/timeworksmods.com\\\/#\\\/schema\\\/logo\\\/image\\\/\",\"url\":\"https:\\\/\\\/timeworksmods.com\\\/wp-content\\\/uploads\\\/2025\\\/12\\\/148510031349642de5ca0c544f31b2ef.png\",\"contentUrl\":\"https:\\\/\\\/timeworksmods.com\\\/wp-content\\\/uploads\\\/2025\\\/12\\\/148510031349642de5ca0c544f31b2ef.png\",\"width\":512,\"height\":512,\"caption\":\"Timeworks\u2122 | Seiko Mods\"},\"image\":{\"@id\":\"https:\\\/\\\/timeworksmods.com\\\/#\\\/schema\\\/logo\\\/image\\\/\"},\"sameAs\":[\"https:\\\/\\\/www.facebook.com\\\/timeworksmods\\\/\",\"https:\\\/\\\/www.instagram.com\\\/timeworksmods\\\/\",\"https:\\\/\\\/www.tiktok.com\\\/@timeworksmods\"]}]}<\/script>\n<!-- \/ Yoast SEO plugin. -->","yoast_head_json":{"title":"Exploreiko White | Timeworks\u2122 | Seiko Mods","description":"Diese von Erkundungsuhren inspirierte Modifikation kombiniert bew\u00e4hrte Zuverl\u00e4ssigkeit mit einem abenteuerlichen Geist, neu interpretiert mit zeitgem\u00e4\u00dfen Materialien und pr\u00e4ziser, sorgf\u00e4ltiger Verarbeitung. Eine Hommage an die Essenz von Abenteuer und Erkundung, konzipiert f\u00fcr diejenigen, die eine robuste, funktionale und hochwertige Uhr suchen.","robots":{"index":"index","follow":"follow","max-snippet":"max-snippet:-1","max-image-preview":"max-image-preview:large","max-video-preview":"max-video-preview:-1"},"canonical":"https:\/\/timeworksmods.com\/de\/produkt\/exploreiko-white\/","og_locale":"de_DE","og_type":"article","og_title":"Exploreiko White | Timeworks\u2122 | Seiko Mods","og_description":"Este mod inspirado en los relojes de exploraci\u00f3n combina fiabilidad comprobada con un esp\u00edritu aventurero, reinterpretado con materiales contempor\u00e1neos y una construcci\u00f3n precisa y cuidada. Un tributo a la esencia de la aventura y la exploraci\u00f3n, pensado para quienes buscan un reloj robusto, funcional y de alta calidad.","og_url":"https:\/\/timeworksmods.com\/de\/produkt\/exploreiko-white\/","og_site_name":"Timeworks\u2122 | Seiko Mods","article_publisher":"https:\/\/www.facebook.com\/timeworksmods\/","article_modified_time":"2026-04-13T06:50:55+00:00","og_image":[{"width":1200,"height":1200,"url":"https:\/\/timeworksmods.com\/wp-content\/uploads\/2025\/12\/dd8eb9f23fbd362da0e3f4e70b878c16.jpg","type":"image\/jpeg"}],"twitter_card":"summary_large_image","twitter_misc":{"Gesch\u00e4tzte Lesezeit":"1\u00a0Minute"},"schema":{"@context":"https:\/\/schema.org","@graph":[{"@type":"WebPage","@id":"https:\/\/timeworksmods.com\/producto\/exploreiko-white\/","url":"https:\/\/timeworksmods.com\/producto\/exploreiko-white\/","name":"Exploreiko White | Timeworks\u2122 | Seiko Mods","isPartOf":{"@id":"https:\/\/timeworksmods.com\/#website"},"primaryImageOfPage":{"@id":"https:\/\/timeworksmods.com\/producto\/exploreiko-white\/#primaryimage"},"image":{"@id":"https:\/\/timeworksmods.com\/producto\/exploreiko-white\/#primaryimage"},"thumbnailUrl":"https:\/\/timeworksmods.com\/wp-content\/uploads\/2025\/12\/dd8eb9f23fbd362da0e3f4e70b878c16.jpg","datePublished":"2025-12-06T17:29:55+00:00","dateModified":"2026-04-13T06:50:55+00:00","description":"Diese von Erkundungsuhren inspirierte Modifikation kombiniert bew\u00e4hrte Zuverl\u00e4ssigkeit mit einem abenteuerlichen Geist, neu interpretiert mit zeitgem\u00e4\u00dfen Materialien und pr\u00e4ziser, sorgf\u00e4ltiger Verarbeitung. Eine Hommage an die Essenz von Abenteuer und Erkundung, konzipiert f\u00fcr diejenigen, die eine robuste, funktionale und hochwertige Uhr suchen.","breadcrumb":{"@id":"https:\/\/timeworksmods.com\/producto\/exploreiko-white\/#breadcrumb"},"inLanguage":"de","potentialAction":[{"@type":"ReadAction","target":["https:\/\/timeworksmods.com\/producto\/exploreiko-white\/"]}]},{"@type":"ImageObject","inLanguage":"de","@id":"https:\/\/timeworksmods.com\/producto\/exploreiko-white\/#primaryimage","url":"https:\/\/timeworksmods.com\/wp-content\/uploads\/2025\/12\/dd8eb9f23fbd362da0e3f4e70b878c16.jpg","contentUrl":"https:\/\/timeworksmods.com\/wp-content\/uploads\/2025\/12\/dd8eb9f23fbd362da0e3f4e70b878c16.jpg","width":1200,"height":1200},{"@type":"BreadcrumbList","@id":"https:\/\/timeworksmods.com\/producto\/exploreiko-white\/#breadcrumb","itemListElement":[{"@type":"ListItem","position":1,"name":"Portada","item":"https:\/\/timeworksmods.com\/"},{"@type":"ListItem","position":2,"name":"Tienda","item":"https:\/\/timeworksmods.com\/tienda\/"},{"@type":"ListItem","position":3,"name":"Exploreiko White"}]},{"@type":"WebSite","@id":"https:\/\/timeworksmods.com\/#website","url":"https:\/\/timeworksmods.com\/","name":"Timeworks\u2122 | Seiko Umbauten","description":"Dein Shop f\u00fcr individuelle Seiko-Mods","publisher":{"@id":"https:\/\/timeworksmods.com\/#organization"},"alternateName":"Timeworks\u2122 | Seiko Mods","potentialAction":[{"@type":"SearchAction","target":{"@type":"EntryPoint","urlTemplate":"https:\/\/timeworksmods.com\/?s={search_term_string}"},"query-input":{"@type":"PropertyValueSpecification","valueRequired":true,"valueName":"search_term_string"}}],"inLanguage":"de"},{"@type":"Organization","@id":"https:\/\/timeworksmods.com\/#organization","name":"Timeworks\u2122 | Seiko Umbauten","alternateName":"Timeworks\u2122 | Custom Seiko Mods","url":"https:\/\/timeworksmods.com\/","logo":{"@type":"ImageObject","inLanguage":"de","@id":"https:\/\/timeworksmods.com\/#\/schema\/logo\/image\/","url":"https:\/\/timeworksmods.com\/wp-content\/uploads\/2025\/12\/148510031349642de5ca0c544f31b2ef.png","contentUrl":"https:\/\/timeworksmods.com\/wp-content\/uploads\/2025\/12\/148510031349642de5ca0c544f31b2ef.png","width":512,"height":512,"caption":"Timeworks\u2122 | Seiko Mods"},"image":{"@id":"https:\/\/timeworksmods.com\/#\/schema\/logo\/image\/"},"sameAs":["https:\/\/www.facebook.com\/timeworksmods\/","https:\/\/www.instagram.com\/timeworksmods\/","https:\/\/www.tiktok.com\/@timeworksmods"]}]}},"_links":{"self":[{"href":"https:\/\/timeworksmods.com\/de\/wp-json\/wp\/v2\/product\/957","targetHints":{"allow":["GET"]}}],"collection":[{"href":"https:\/\/timeworksmods.com\/de\/wp-json\/wp\/v2\/product"}],"about":[{"href":"https:\/\/timeworksmods.com\/de\/wp-json\/wp\/v2\/types\/product"}],"replies":[{"embeddable":true,"href":"https:\/\/timeworksmods.com\/de\/wp-json\/wp\/v2\/comments?post=957"}],"wp:featuredmedia":[{"embeddable":true,"href":"https:\/\/timeworksmods.com\/de\/wp-json\/wp\/v2\/media\/878"}],"wp:attachment":[{"href":"https:\/\/timeworksmods.com\/de\/wp-json\/wp\/v2\/media?parent=957"}],"wp:term":[{"taxonomy":"product_cat","embeddable":true,"href":"https:\/\/timeworksmods.com\/de\/wp-json\/wp\/v2\/product_cat?post=957"},{"taxonomy":"product_tag","embeddable":true,"href":"https:\/\/timeworksmods.com\/de\/wp-json\/wp\/v2\/product_tag?post=957"}],"curies":[{"name":"wp","href":"https:\/\/api.w.org\/{rel}","templated":true}]}}