{"id":179,"date":"2025-12-01T14:50:22","date_gmt":"2025-12-01T14:50:22","guid":{"rendered":"https:\/\/timeworksmods.com\/terms-conditions\/"},"modified":"2026-04-17T10:40:13","modified_gmt":"2026-04-17T08:40:13","slug":"terminos-condiciones","status":"publish","type":"page","link":"https:\/\/timeworksmods.com\/en\/terms-and-conditions\/","title":{"rendered":"Terms and conditions"},"content":{"rendered":"<div data-elementor-type=\"wp-page\" data-elementor-id=\"179\" class=\"elementor elementor-179\" data-elementor-post-type=\"page\">\n\t\t\t\t<div class=\"e-con-top elementor-element elementor-element-7209719a e-flex e-con-boxed e-con e-parent\" data-id=\"7209719a\" data-element_type=\"container\" data-e-type=\"container\">\n\t\t\t\t\t<div class=\"e-con-inner\">\n\t\t<div class=\"elementor-element elementor-element-ff44d55 e-con-full e-flex e-con e-child\" data-id=\"ff44d55\" data-element_type=\"container\" data-e-type=\"container\">\n\t\t\t\t<\/div>\n\t\t\t\t\t<\/div>\n\t\t\t\t<\/div>\n\t\t<div class=\"e-con-top elementor-element elementor-element-19ad693 e-flex e-con-boxed e-con e-parent\" data-id=\"19ad693\" data-element_type=\"container\" data-e-type=\"container\">\n\t\t\t\t\t<div class=\"e-con-inner\">\n\t\t\t\t<div class=\"elementor-element elementor-element-a3500e9 elementor-widget elementor-widget-text-editor\" data-id=\"a3500e9\" data-element_type=\"widget\" data-e-type=\"widget\" data-widget_type=\"text-editor.default\">\n\t\t\t\t\t\t\t\t\t<h4 class=\"wp-block-heading\">Information we collect<\/h4>\n<p>When you visit our site or make a purchase, we may collect the following data:<\/p>\n<ul>\n<li>Site usage information (cookies, IP address, browser, etc.)<\/li>\n<li>Full name<\/li>\n<li>Shipping and billing address<\/li>\n<li>Email address<\/li>\n<li>Phone number<\/li>\n<li>Payment information (via secure gateways, we do not store bank details)<\/li>\n<\/ul>\n<h2 class=\"wp-block-heading\">\u00a0<\/h2>\n<h4 class=\"wp-block-heading\">Use of information<\/h4>\n<p>We use the information collected to:<\/p>\n<ul>\n<li>Comply with legal and fiscal requirements<\/li>\n<li>Process and send your orders<\/li>\n<li>To provide you with support and customer care<\/li>\n<li>Personalise your experience on our site<\/li>\n<li>Send updates about orders, promotions, or offers (only if you have given your consent)<\/li>\n<\/ul>\n<h2 class=\"wp-block-heading\">\u00a0<\/h2>\n<h4 class=\"wp-block-heading\">Share your information<\/h4>\n<p>Timworks Mods does not sell or rent your personal information to third parties. However, we may share certain data with:<\/p>\n<ul>\n<li>Legal authorities if required by law<\/li>\n<li>Payment Service Providers (like PayPal, Stripe, etc.)<\/li>\n<li>Courier companies for sending your orders<\/li>\n<li>Data and marketing analysis platforms, for the sole purpose of service improvement<\/li>\n<\/ul>\n<h2 class=\"wp-block-heading\">\u00a0<\/h2>\n<h4 class=\"wp-block-heading\">Your data security<\/h4>\n<p>We take reasonable steps to protect your personal information from loss, unauthorised access, alteration, or disclosure. We use security protocols such as SSL encryption and restricted access to our systems.<\/p>\n<h2 class=\"wp-block-heading\">\u00a0<\/h2>\n<h4 class=\"wp-block-heading\">Cookies<\/h4>\n<p>Our website uses cookies to improve your browsing experience. You can choose to disable them in your browser settings, although this may affect some site functionality.<\/p>\n<h2 class=\"wp-block-heading\">\u00a0<\/h2>\n<h4 class=\"wp-block-heading\">Your rights<\/h4>\n<p data-start=\"2241\" data-end=\"2293\">Depending on your location, you may be entitled to:<\/p>\n<ul data-start=\"2295\" data-end=\"2478\">\n<li data-start=\"2295\" data-end=\"2348\">\n<p data-start=\"2297\" data-end=\"2348\">Access the personal data we hold about you<\/p>\n<\/li>\n<li data-start=\"2349\" data-end=\"2385\">\n<p data-start=\"2351\" data-end=\"2385\">Correct errors in your information<\/p>\n<\/li>\n<li data-start=\"2386\" data-end=\"2425\">\n<p data-start=\"2388\" data-end=\"2425\">Request the deletion of your data<\/p>\n<\/li>\n<li data-start=\"2426\" data-end=\"2478\">\n<p data-start=\"2428\" data-end=\"2478\">Withdraw your consent for the use of your data<\/p>\n<\/li>\n<\/ul>\n<p data-start=\"2480\" data-end=\"2572\">To exercise any of these rights, you can write to us at:\u00a0<a href=\"mailto:info@timeworksmods.com\"><strong>info@timeworksmods.com<\/strong><\/a><\/p>\n<h2 class=\"wp-block-heading\">\u00a0<\/h2>\n<h4 class=\"wp-block-heading\">Changes to this policy<\/h4>\n<p>We may update this Privacy Policy from time to time. We will notify you of significant changes by posting on the website or by email.<\/p>\n<p><!-- \/wp:paragraph --><\/p>\t\t\t\t\t\t\t\t<\/div>\n\t\t\t\t\t<\/div>\n\t\t\t\t<\/div>\n\t\t\t\t<\/div>","protected":false},"excerpt":{"rendered":"<p>Informaci\u00f3n que recopilamos Cuando visitas nuestro sitio o realizas una compra, podemos recopilar los siguientes datos: Informaci\u00f3n de uso del sitio (cookies, direcci\u00f3n IP, navegador, etc.) Nombre completo Direcci\u00f3n de env\u00edo y facturaci\u00f3n Direcci\u00f3n de correo electr\u00f3nico N\u00famero de tel\u00e9fono Informaci\u00f3n de pago (a trav\u00e9s de pasarelas seguras, no almacenamos datos bancarios) \u00a0 Uso de [&hellip;]<\/p>\n","protected":false},"author":1,"featured_media":0,"parent":0,"menu_order":0,"comment_status":"closed","ping_status":"closed","template":"template-builder.php","meta":{"_acf_changed":false,"_joinchat":[],"footnotes":""},"class_list":["post-179","page","type-page","status-publish","hentry"],"acf":[],"yoast_head":"<!-- This site is optimized with the Yoast SEO plugin v27.5 - https:\/\/yoast.com\/product\/yoast-seo-wordpress\/ -->\n<title>T\u00e9rminos y condiciones | Timeworks\u2122 | Custom Watches<\/title>\n<meta name=\"description\" content=\"Consulta los T\u00e9rminos y Condiciones de Timeworks Mods. Informaci\u00f3n sobre el uso de nuestra tienda, compras, responsabilidades y derechos de los clientes.\" \/>\n<meta name=\"robots\" content=\"noindex, nofollow\" \/>\n<meta property=\"og:locale\" content=\"en_GB\" \/>\n<meta property=\"og:type\" content=\"article\" \/>\n<meta property=\"og:title\" content=\"T\u00e9rminos y condiciones | Timeworks\u2122 | Custom Watches\" \/>\n<meta property=\"og:description\" content=\"Consulta los T\u00e9rminos y Condiciones de Timeworks Mods. Informaci\u00f3n sobre el uso de nuestra tienda, compras, responsabilidades y derechos de los clientes.\" \/>\n<meta property=\"og:url\" content=\"https:\/\/timeworksmods.com\/en\/terms-and-conditions\/\" \/>\n<meta property=\"og:site_name\" content=\"Timeworks\u2122 | Custom Watches\" \/>\n<meta property=\"article:publisher\" content=\"https:\/\/www.facebook.com\/timeworksmods\/\" \/>\n<meta property=\"article:modified_time\" content=\"2026-04-17T08:40:13+00:00\" \/>\n<meta property=\"og:image\" content=\"https:\/\/timeworksmods.com\/wp-content\/uploads\/2025\/12\/ad972f10e0800b49d76fed33a21f6698.png\" \/>\n\t<meta property=\"og:image:width\" content=\"1500\" \/>\n\t<meta property=\"og:image:height\" content=\"200\" \/>\n\t<meta property=\"og:image:type\" content=\"image\/png\" \/>\n<meta name=\"twitter:card\" content=\"summary_large_image\" \/>\n<meta name=\"twitter:label1\" content=\"Estimated reading time\" \/>\n\t<meta name=\"twitter:data1\" content=\"2 minutes\" \/>\n<script type=\"application\/ld+json\" class=\"yoast-schema-graph\">{\"@context\":\"https:\\\/\\\/schema.org\",\"@graph\":[{\"@type\":\"WebPage\",\"@id\":\"https:\\\/\\\/timeworksmods.com\\\/terminos-condiciones\\\/\",\"url\":\"https:\\\/\\\/timeworksmods.com\\\/terminos-condiciones\\\/\",\"name\":\"T\u00e9rminos y condiciones | Timeworks\u2122 | Custom Watches\",\"isPartOf\":{\"@id\":\"https:\\\/\\\/timeworksmods.com\\\/#website\"},\"datePublished\":\"2025-12-01T14:50:22+00:00\",\"dateModified\":\"2026-04-17T08:40:13+00:00\",\"description\":\"Consulta los T\u00e9rminos y Condiciones de Timeworks Mods. Informaci\u00f3n sobre el uso de nuestra tienda, compras, responsabilidades y derechos de los clientes.\",\"breadcrumb\":{\"@id\":\"https:\\\/\\\/timeworksmods.com\\\/terminos-condiciones\\\/#breadcrumb\"},\"inLanguage\":\"en-GB\",\"potentialAction\":[{\"@type\":\"ReadAction\",\"target\":[\"https:\\\/\\\/timeworksmods.com\\\/terminos-condiciones\\\/\"]}]},{\"@type\":\"BreadcrumbList\",\"@id\":\"https:\\\/\\\/timeworksmods.com\\\/terminos-condiciones\\\/#breadcrumb\",\"itemListElement\":[{\"@type\":\"ListItem\",\"position\":1,\"name\":\"Portada\",\"item\":\"https:\\\/\\\/timeworksmods.com\\\/\"},{\"@type\":\"ListItem\",\"position\":2,\"name\":\"T\u00e9rminos y condiciones\"}]},{\"@type\":\"WebSite\",\"@id\":\"https:\\\/\\\/timeworksmods.com\\\/#website\",\"url\":\"https:\\\/\\\/timeworksmods.com\\\/\",\"name\":\"Timeworks\u2122 | Seiko Mods\",\"description\":\"Tu Tienda de Mods Personalizados\",\"publisher\":{\"@id\":\"https:\\\/\\\/timeworksmods.com\\\/#organization\"},\"alternateName\":\"Timeworks\u2122 | Seiko Mods\",\"potentialAction\":[{\"@type\":\"SearchAction\",\"target\":{\"@type\":\"EntryPoint\",\"urlTemplate\":\"https:\\\/\\\/timeworksmods.com\\\/?s={search_term_string}\"},\"query-input\":{\"@type\":\"PropertyValueSpecification\",\"valueRequired\":true,\"valueName\":\"search_term_string\"}}],\"inLanguage\":\"en-GB\"},{\"@type\":\"Organization\",\"@id\":\"https:\\\/\\\/timeworksmods.com\\\/#organization\",\"name\":\"Timeworks\u2122 | Seiko Mods\",\"alternateName\":\"Timeworks\u2122 | Custom Seiko Mods\",\"url\":\"https:\\\/\\\/timeworksmods.com\\\/\",\"logo\":{\"@type\":\"ImageObject\",\"inLanguage\":\"en-GB\",\"@id\":\"https:\\\/\\\/timeworksmods.com\\\/#\\\/schema\\\/logo\\\/image\\\/\",\"url\":\"https:\\\/\\\/timeworksmods.com\\\/wp-content\\\/uploads\\\/2025\\\/12\\\/148510031349642de5ca0c544f31b2ef.png\",\"contentUrl\":\"https:\\\/\\\/timeworksmods.com\\\/wp-content\\\/uploads\\\/2025\\\/12\\\/148510031349642de5ca0c544f31b2ef.png\",\"width\":512,\"height\":512,\"caption\":\"Timeworks\u2122 | Seiko Mods\"},\"image\":{\"@id\":\"https:\\\/\\\/timeworksmods.com\\\/#\\\/schema\\\/logo\\\/image\\\/\"},\"sameAs\":[\"https:\\\/\\\/www.facebook.com\\\/timeworksmods\\\/\",\"https:\\\/\\\/www.instagram.com\\\/timeworksmods\\\/\",\"https:\\\/\\\/www.tiktok.com\\\/@timeworksmods\"]}]}<\/script>\n<!-- \/ Yoast SEO plugin. -->","yoast_head_json":{"title":"Terms and Conditions | Timeworks\u2122 | Custom Watches","description":"Please check the Timeworks Mods Terms and Conditions. Information on the use of our shop, purchases, responsibilities, and customer rights.","robots":{"index":"noindex","follow":"nofollow"},"og_locale":"en_GB","og_type":"article","og_title":"T\u00e9rminos y condiciones | Timeworks\u2122 | Custom Watches","og_description":"Consulta los T\u00e9rminos y Condiciones de Timeworks Mods. Informaci\u00f3n sobre el uso de nuestra tienda, compras, responsabilidades y derechos de los clientes.","og_url":"https:\/\/timeworksmods.com\/en\/terms-and-conditions\/","og_site_name":"Timeworks\u2122 | Custom Watches","article_publisher":"https:\/\/www.facebook.com\/timeworksmods\/","article_modified_time":"2026-04-17T08:40:13+00:00","og_image":[{"width":1500,"height":200,"url":"https:\/\/timeworksmods.com\/wp-content\/uploads\/2025\/12\/ad972f10e0800b49d76fed33a21f6698.png","type":"image\/png"}],"twitter_card":"summary_large_image","twitter_misc":{"Estimated reading time":"2 minutes"},"schema":{"@context":"https:\/\/schema.org","@graph":[{"@type":"WebPage","@id":"https:\/\/timeworksmods.com\/terminos-condiciones\/","url":"https:\/\/timeworksmods.com\/terminos-condiciones\/","name":"Terms and Conditions | Timeworks\u2122 | Custom Watches","isPartOf":{"@id":"https:\/\/timeworksmods.com\/#website"},"datePublished":"2025-12-01T14:50:22+00:00","dateModified":"2026-04-17T08:40:13+00:00","description":"Please check the Timeworks Mods Terms and Conditions. Information on the use of our shop, purchases, responsibilities, and customer rights.","breadcrumb":{"@id":"https:\/\/timeworksmods.com\/terminos-condiciones\/#breadcrumb"},"inLanguage":"en-GB","potentialAction":[{"@type":"ReadAction","target":["https:\/\/timeworksmods.com\/terminos-condiciones\/"]}]},{"@type":"BreadcrumbList","@id":"https:\/\/timeworksmods.com\/terminos-condiciones\/#breadcrumb","itemListElement":[{"@type":"ListItem","position":1,"name":"Portada","item":"https:\/\/timeworksmods.com\/"},{"@type":"ListItem","position":2,"name":"T\u00e9rminos y condiciones"}]},{"@type":"WebSite","@id":"https:\/\/timeworksmods.com\/#website","url":"https:\/\/timeworksmods.com\/","name":"Timeworks\u2122 | Seiko Mods","description":"Your Custom Mod Shop","publisher":{"@id":"https:\/\/timeworksmods.com\/#organization"},"alternateName":"Timeworks\u2122 | Seiko Mods","potentialAction":[{"@type":"SearchAction","target":{"@type":"EntryPoint","urlTemplate":"https:\/\/timeworksmods.com\/?s={search_term_string}"},"query-input":{"@type":"PropertyValueSpecification","valueRequired":true,"valueName":"search_term_string"}}],"inLanguage":"en-GB"},{"@type":"Organization","@id":"https:\/\/timeworksmods.com\/#organization","name":"Timeworks\u2122 | Seiko Mods","alternateName":"Timeworks\u2122 | Custom Seiko Mods","url":"https:\/\/timeworksmods.com\/","logo":{"@type":"ImageObject","inLanguage":"en-GB","@id":"https:\/\/timeworksmods.com\/#\/schema\/logo\/image\/","url":"https:\/\/timeworksmods.com\/wp-content\/uploads\/2025\/12\/148510031349642de5ca0c544f31b2ef.png","contentUrl":"https:\/\/timeworksmods.com\/wp-content\/uploads\/2025\/12\/148510031349642de5ca0c544f31b2ef.png","width":512,"height":512,"caption":"Timeworks\u2122 | Seiko Mods"},"image":{"@id":"https:\/\/timeworksmods.com\/#\/schema\/logo\/image\/"},"sameAs":["https:\/\/www.facebook.com\/timeworksmods\/","https:\/\/www.instagram.com\/timeworksmods\/","https:\/\/www.tiktok.com\/@timeworksmods"]}]}},"_links":{"self":[{"href":"https:\/\/timeworksmods.com\/en\/wp-json\/wp\/v2\/pages\/179","targetHints":{"allow":["GET"]}}],"collection":[{"href":"https:\/\/timeworksmods.com\/en\/wp-json\/wp\/v2\/pages"}],"about":[{"href":"https:\/\/timeworksmods.com\/en\/wp-json\/wp\/v2\/types\/page"}],"author":[{"embeddable":true,"href":"https:\/\/timeworksmods.com\/en\/wp-json\/wp\/v2\/users\/1"}],"replies":[{"embeddable":true,"href":"https:\/\/timeworksmods.com\/en\/wp-json\/wp\/v2\/comments?post=179"}],"version-history":[{"count":11,"href":"https:\/\/timeworksmods.com\/en\/wp-json\/wp\/v2\/pages\/179\/revisions"}],"predecessor-version":[{"id":5610,"href":"https:\/\/timeworksmods.com\/en\/wp-json\/wp\/v2\/pages\/179\/revisions\/5610"}],"wp:attachment":[{"href":"https:\/\/timeworksmods.com\/en\/wp-json\/wp\/v2\/media?parent=179"}],"curies":[{"name":"wp","href":"https:\/\/api.w.org\/{rel}","templated":true}]}}