{"id":180,"date":"2025-12-01T21:39:29","date_gmt":"2025-12-01T21:39:29","guid":{"rendered":"https:\/\/timeworksmods.com\/privacy-policy-2\/"},"modified":"2026-04-15T21:19:37","modified_gmt":"2026-04-15T19:19:37","slug":"preguntas-frecuentes","status":"publish","type":"page","link":"https:\/\/timeworksmods.com\/en\/frequently-asked-questions\/","title":{"rendered":"Frequently Asked Questions"},"content":{"rendered":"<div data-elementor-type=\"wp-page\" data-elementor-id=\"180\" class=\"elementor elementor-180\" data-elementor-post-type=\"page\">\n\t\t\t\t<div class=\"e-con-top elementor-element elementor-element-5cb0dd7f e-flex e-con-boxed e-con e-parent\" data-id=\"5cb0dd7f\" data-element_type=\"container\" data-e-type=\"container\">\n\t\t\t\t\t<div class=\"e-con-inner\">\n\t\t<div class=\"elementor-element elementor-element-4bed2c40 e-con-full e-flex e-con e-child\" data-id=\"4bed2c40\" data-element_type=\"container\" data-e-type=\"container\">\n\t\t\t\t<\/div>\n\t\t\t\t\t<\/div>\n\t\t\t\t<\/div>\n\t\t<div class=\"e-con-top elementor-element elementor-element-2862ca95 e-flex e-con-boxed e-con e-parent\" data-id=\"2862ca95\" data-element_type=\"container\" data-e-type=\"container\">\n\t\t\t\t\t<div class=\"e-con-inner\">\n\t\t\t\t<div class=\"elementor-element elementor-element-80a0dde elementor-widget elementor-widget-text-editor\" data-id=\"80a0dde\" data-element_type=\"widget\" data-e-type=\"widget\" data-widget_type=\"text-editor.default\">\n\t\t\t\t\t\t\t\t\t<div class=\"heading-primary-wrap\"><p>Our team knows that every modded watch is a special piece. Whether you're just starting out in the world of Seiko mods or are a collector, here we answer the most common questions about our builds.<strong> the measure<\/strong>, <strong>modification processes<\/strong>, <strong>shipping times<\/strong>,<strong>Parts compatibility<\/strong>, <strong>warranties and more<\/strong>.<\/p><p>Our mission is to give you confidence and support at every step of the buying process. If you cannot find the design<strong> the measure <\/strong>y busca algo espec\u00edfico, no dudes en contactarnos. Estamos aqu\u00ed para ayudarte a construirlo y dar con el <strong>personalised watch <\/strong>perfect for you.<\/p><\/div><p><!-- \/wp:paragraph --><\/p>\t\t\t\t\t\t\t\t<\/div>\n\t\t\t\t<div class=\"elementor-element elementor-element-c403f9d elementor-widget elementor-widget-spacer\" data-id=\"c403f9d\" data-element_type=\"widget\" data-e-type=\"widget\" data-widget_type=\"spacer.default\">\n\t\t\t\t\t\t\t<div class=\"elementor-spacer\">\n\t\t\t<div class=\"elementor-spacer-inner\"><\/div>\n\t\t<\/div>\n\t\t\t\t\t\t<\/div>\n\t\t\t\t\t<\/div>\n\t\t\t\t<\/div>\n\t\t<div class=\"e-con-top elementor-element elementor-element-d64948e e-flex e-con-boxed e-con e-parent\" data-id=\"d64948e\" data-element_type=\"container\" data-e-type=\"container\">\n\t\t\t\t\t<div class=\"e-con-inner\">\n\t\t\t\t<div class=\"elementor-element elementor-element-b67594a elementor-widget elementor-widget-ucaddon_content_accordion\" data-id=\"b67594a\" data-element_type=\"widget\" data-e-type=\"widget\" data-widget_type=\"ucaddon_content_accordion.default\">\n\t\t\t\t<div class=\"elementor-widget-container\">\n\t\t\t\t\t\n<!-- start Content Accordion -->\n\t\t<link id='font-awesome-css' href='https:\/\/timeworksmods.com\/wp-content\/plugins\/unlimited-elements-for-elementor-premium\/assets_libraries\/font-awesome6\/fontawesome-all.min.css' type='text\/css' rel='stylesheet' >\n\t\t<link id='font-awesome-4-shim-css' href='https:\/\/timeworksmods.com\/wp-content\/plugins\/unlimited-elements-for-elementor-premium\/assets_libraries\/font-awesome6\/fontawesome-v4-shims.min.css' type='text\/css' rel='stylesheet' >\n\n<style>\/* widget: Content Accordion *\/\n\n\n\n#uc_content_accordion_elementor_b67594a *{\n  box-sizing: border-box;\n}\n\n#uc_content_accordion_elementor_b67594a .ue_heading_title{\n  margin:0;\n  flex-grow:1;\n  display:flex;\n  flex-direction:row;\n}\n\n#uc_content_accordion_elementor_b67594a .uc_container .uc-heading{\n\tdisplay:flex;\n    align-items:center;\n\toverflow:hidden;\n\tcursor:pointer;  \n}\n\n#uc_content_accordion_elementor_b67594a .uc_container .uc_content{\n    display:none;\n}\n\n#uc_content_accordion_elementor_b67594a .uc_container .uc-heading span.ue_accordion_icon{\n\tdisplay:flex;\n    align-items:center;\n   \tjustify-content:center;\n    flex-grow:0;\n    flex-shrink:0;\n}\n\n#uc_content_accordion_elementor_b67594a .uc_ac_box.uc-item-active span.uc_dactive{\n\tdisplay:none;\n}\n\n#uc_content_accordion_elementor_b67594a .uc_ac_box:not(.uc-item-active) span.uc_active{\n\tdisplay:none;\n}\n\n#uc_content_accordion_elementor_b67594a span.ue_accordion_icon svg{\n  height:1em;\n  width:1em;\n}\n\n#uc_content_accordion_elementor_b67594a .uc_container .uc_btn {\n    text-align: center;\n    display: inline-block;\n    text-decoration: none;\n    transition: ease-in-out all 0.25s;\n}\n\n#uc_content_accordion_elementor_b67594a .ue-item-image img{\n  width:100%;\n  display:block;\n  object-fit:cover;\n}\n\n<\/style>\n\n<div class=\"uc_material_accordion\"  id=\"uc_content_accordion_elementor_b67594a\"  data-name=\"\" data-scroll=\"off\" data-offset=\"0\" data-closeothers=\"true\" data-set-hash=\"false\" data-transition-duration=\"400\" >\n  <div class=\"uc_container uc-items-wrapper\">\n    \n\n\t\t\n\n\n<div id=\"#ue-tab1\" class=\"uc_ac_box elementor-repeater-item-eac5f2e uc-item-active\" style=\"background-color:;\">\n  <a href=\"javascript:void(0)\" class=\"uc-heading uc_trigger\" role=\"button\">\n    <span class=\"uc_dactive bbb ue_accordion_icon\"><i class='fas fa-plus'><\/i><\/span> \n    <span class=\"uc_active bbb ue_accordion_icon\"><i class='fas fa-minus'><\/i><\/span>\n    <div class=\"ue_heading_title\">Is the watch you're looking for not in the catalogue?<\/div>\n  <\/a>\n  \n  <div class=\"uc_content\" style='display:block'>\n        \n      \n         \n                        \n              <div class=\"ue-item-title\"><\/div>\n      \n              <div class=\"ue-item-text\"><p>Some models are not listed in the catalogue due to the vast variety of Seiko Mods available. If you have seen a model on another page or have a specific reference, please contact us and enquire with no obligation. We can create it for you at the most competitive price on the market.<\/p><\/div>\n      \n              \n      <\/div> \n<\/div>\n\n\n\n\n\n<div id=\"#ue-tab2\" class=\"uc_ac_box elementor-repeater-item-8ecd29f\" style=\"background-color:;\">\n  <a href=\"javascript:void(0)\" class=\"uc-heading uc_trigger\" role=\"button\">\n    <span class=\"uc_dactive bbb ue_accordion_icon\"><i class='fas fa-plus'><\/i><\/span> \n    <span class=\"uc_active bbb ue_accordion_icon\"><i class='fas fa-minus'><\/i><\/span>\n    <div class=\"ue_heading_title\">How do I customise my watch?<\/div>\n  <\/a>\n  \n  <div class=\"uc_content\" >\n        \n      \n         \n                        \n              <div class=\"ue-item-title\"><\/div>\n      \n              <div class=\"ue-item-text\"><p>To offer you the best possible customisation service, you'll need to contact us directly via\u00a0<a href=\"https:\/\/wa.me\/34684485188\">WhatsApp<\/a>\u00a0o\u00a0<a href=\"mailto:info@timeworksmods-com-488696.hostingersite.com\">E-mail<\/a>. This way we can learn about your specific preferences and needs.<br data-start=\"351\" data-end=\"354\" \/>Once you contact us, we'll get back to you as soon as possible and guide you in choosing the components: you'll be able to select from different cases, dials, hands, and straps to create a unique, made-to-measure watch.<br data-start=\"578\" data-end=\"581\" \/>This personalised advice service is at no extra cost; it's included with your purchase because we believe every watch should reflect your style, free of complications or additional charges.<\/p><\/div>\n      \n              \n      <\/div> \n<\/div>\n\n\n\n\n\n<div id=\"#ue-tab3\" class=\"uc_ac_box elementor-repeater-item-9d20f3b\" style=\"background-color:;\">\n  <a href=\"javascript:void(0)\" class=\"uc-heading uc_trigger\" role=\"button\">\n    <span class=\"uc_dactive bbb ue_accordion_icon\"><i class='fas fa-plus'><\/i><\/span> \n    <span class=\"uc_active bbb ue_accordion_icon\"><i class='fas fa-minus'><\/i><\/span>\n    <div class=\"ue_heading_title\">Can I contact Timeworks Mods?<\/div>\n  <\/a>\n  \n  <div class=\"uc_content\" >\n        \n      \n         \n                        \n              <div class=\"ue-item-title\"><\/div>\n      \n              <div class=\"ue-item-text\"><p>You can contact us for any enquiries via <a href=\"mailto:info@timeworksmods.com\"><em>E-mail<\/em><\/a> o <a href=\"https:\/\/wa.me\/34684485188\"><em>WhatsApp<\/em><\/a>. You will find the information in the section\u00a0<em><a href=\"https:\/\/timeworksmods.com\/en\/contact\/\">Contact<\/a>.<\/em><\/p><\/div>\n      \n              \n      <\/div> \n<\/div>\n\n\n\n\n\n<div id=\"#ue-tab4\" class=\"uc_ac_box elementor-repeater-item-a06b156\" style=\"background-color:;\">\n  <a href=\"javascript:void(0)\" class=\"uc-heading uc_trigger\" role=\"button\">\n    <span class=\"uc_dactive bbb ue_accordion_icon\"><i class='fas fa-plus'><\/i><\/span> \n    <span class=\"uc_active bbb ue_accordion_icon\"><i class='fas fa-minus'><\/i><\/span>\n    <div class=\"ue_heading_title\">Which countries do you ship to?<\/div>\n  <\/a>\n  \n  <div class=\"uc_content\" >\n        \n      \n         \n                        \n              <div class=\"ue-item-title\"><\/div>\n      \n              <div class=\"ue-item-text\"><p>Currently, we only ship to Spain, Germany, France, and Italy. We do not ship to any other destinations outside of these countries.<\/p><\/div>\n      \n              \n      <\/div> \n<\/div>\n\n\n\n\n\n<div id=\"#ue-tab5\" class=\"uc_ac_box elementor-repeater-item-089ba66\" style=\"background-color:;\">\n  <a href=\"javascript:void(0)\" class=\"uc-heading uc_trigger\" role=\"button\">\n    <span class=\"uc_dactive bbb ue_accordion_icon\"><i class='fas fa-plus'><\/i><\/span> \n    <span class=\"uc_active bbb ue_accordion_icon\"><i class='fas fa-minus'><\/i><\/span>\n    <div class=\"ue_heading_title\">How long will it take to receive my order?<\/div>\n  <\/a>\n  \n  <div class=\"uc_content\" >\n        \n      \n         \n                        \n              <div class=\"ue-item-title\"><\/div>\n      \n              <div class=\"ue-item-text\"><p>All our orders have an estimated preparation and shipping time of 10 to 20 working days. Each watch is carefully prepared to order, ensuring the quality and finish of each piece. We appreciate your patience and understanding as we work to get your order to you as quickly as possible and in perfect condition.<\/p><\/div>\n      \n              \n      <\/div> \n<\/div>\n\n\n\n\n\n<div id=\"#ue-tab6\" class=\"uc_ac_box elementor-repeater-item-9b497f4\" style=\"background-color:;\">\n  <a href=\"javascript:void(0)\" class=\"uc-heading uc_trigger\" role=\"button\">\n    <span class=\"uc_dactive bbb ue_accordion_icon\"><i class='fas fa-plus'><\/i><\/span> \n    <span class=\"uc_active bbb ue_accordion_icon\"><i class='fas fa-minus'><\/i><\/span>\n    <div class=\"ue_heading_title\">Are we affiliated with any brands?<\/div>\n  <\/a>\n  \n  <div class=\"uc_content\" >\n        \n      \n         \n                        \n              <div class=\"ue-item-title\"><\/div>\n      \n              <div class=\"ue-item-text\"><p>We are not affiliated with or associated with Seiko. Our watches are\u00a0<em data-start=\"139\" data-end=\"145\">mods<\/em>\u00a0customised with aftermarket parts, with the exception of the movement, which is manufactured by TMI (Time Module Inc.), a company belonging to the Seiko group. The brands mentioned belong to their respective owners.<\/p><\/div>\n      \n              \n      <\/div> \n<\/div>\n\n\n\n\n\n<div id=\"#ue-tab7\" class=\"uc_ac_box elementor-repeater-item-d104ac8\" style=\"background-color:;\">\n  <a href=\"javascript:void(0)\" class=\"uc-heading uc_trigger\" role=\"button\">\n    <span class=\"uc_dactive bbb ue_accordion_icon\"><i class='fas fa-plus'><\/i><\/span> \n    <span class=\"uc_active bbb ue_accordion_icon\"><i class='fas fa-minus'><\/i><\/span>\n    <div class=\"ue_heading_title\">Can I return a product?<\/div>\n  <\/a>\n  \n  <div class=\"uc_content\" >\n        \n      \n         \n                        \n              <div class=\"ue-item-title\"><\/div>\n      \n              <div class=\"ue-item-text\"><p data-start=\"104\" data-end=\"286\">Our watches are made to order; each piece is unique and specifically requested for each customer. Nevertheless, we want your experience to be completely satisfactory.<\/p>\n<p data-start=\"288\" data-end=\"564\">Therefore, we offer returns within 14 days of receiving your order, provided the watch is in perfect condition and shows no signs of wear. Please note that the costs for shipping and collecting the return are the responsibility of the customer.<\/p>\n<p data-start=\"566\" data-end=\"809\">Our commitment is to maintain the most competitive price on the market without compromising on quality, while also providing you with the peace of mind that you can return your watch if it doesn't meet your expectations. (Excluding custom watches).<\/p><\/div>\n      \n              \n      <\/div> \n<\/div>\n\n\n\n\n\n<div id=\"#ue-tab8\" class=\"uc_ac_box elementor-repeater-item-750c514\" style=\"background-color:;\">\n  <a href=\"javascript:void(0)\" class=\"uc-heading uc_trigger\" role=\"button\">\n    <span class=\"uc_dactive bbb ue_accordion_icon\"><i class='fas fa-plus'><\/i><\/span> \n    <span class=\"uc_active bbb ue_accordion_icon\"><i class='fas fa-minus'><\/i><\/span>\n    <div class=\"ue_heading_title\">Do the watches come with a warranty?<\/div>\n  <\/a>\n  \n  <div class=\"uc_content\" >\n        \n      \n         \n                        \n              <div class=\"ue-item-title\"><\/div>\n      \n              <div class=\"ue-item-text\"><p data-start=\"94\" data-end=\"290\">All our watches feature <strong data-start=\"129\" data-end=\"151\">2-year warranty<\/strong> <strong>Commercial<\/strong> from the date of purchase. This warranty covers any manufacturing defects and issues related to the watch's operation.<\/p>\n<p data-start=\"292\" data-end=\"480\">We want you to enjoy your watch with complete peace of mind, so if your watch develops a fault during this period, we will repair or replace it as appropriate.<\/p>\n<p data-start=\"482\" data-end=\"608\"><strong data-start=\"482\" data-end=\"497\">Important:<\/strong> The warranty does not cover damage caused by misuse, accidents, contact with liquids or water, drops, or natural wear and tear from everyday use.<\/p><\/div>\n      \n              \n      <\/div> \n<\/div>\n\n  <\/div>\n<\/div>\n<!-- end Content Accordion -->\t\t\t\t<\/div>\n\t\t\t\t<\/div>\n\t\t\t\t<div class=\"elementor-element elementor-element-00e1961 elementor-widget elementor-widget-spacer\" data-id=\"00e1961\" data-element_type=\"widget\" data-e-type=\"widget\" data-widget_type=\"spacer.default\">\n\t\t\t\t\t\t\t<div class=\"elementor-spacer\">\n\t\t\t<div class=\"elementor-spacer-inner\"><\/div>\n\t\t<\/div>\n\t\t\t\t\t\t<\/div>\n\t\t\t\t\t<\/div>\n\t\t\t\t<\/div>\n\t\t\t\t<\/div>","protected":false},"excerpt":{"rendered":"<p>Nuestro equipo sabe que cada reloj mod es una pieza especial. Tanto si empiezas en el mundo de los Seiko mods como si eres coleccionista, aqu\u00ed respondemos a las preguntas m\u00e1s comunes sobre nuestras construcciones a medida, procesos de modificaci\u00f3n, tiempos de env\u00edo,compatibilidad de piezas, garant\u00edas y m\u00e1s. Nuestra misi\u00f3n es darte confianza y apoyo [&hellip;]<\/p>\n","protected":false},"author":1,"featured_media":0,"parent":0,"menu_order":0,"comment_status":"closed","ping_status":"closed","template":"template-builder.php","meta":{"_acf_changed":false,"_joinchat":[],"footnotes":""},"class_list":["post-180","page","type-page","status-publish","hentry"],"acf":[],"yoast_head":"<!-- This site is optimized with the Yoast SEO plugin v27.4 - https:\/\/yoast.com\/product\/yoast-seo-wordpress\/ -->\n<title>Preguntas frecuentes | Timeworks\u2122<\/title>\n<meta name=\"description\" content=\"Consulta nuestras preguntas frecuentes para obtener informaci\u00f3n sobre env\u00edos y devoluciones. Inf\u00f3rmate sobre nuestros relojes personalizados.\" \/>\n<meta name=\"robots\" content=\"index, follow, max-snippet:-1, max-image-preview:large, max-video-preview:-1\" \/>\n<link rel=\"canonical\" href=\"https:\/\/timeworksmods.com\/en\/frequently-asked-questions\/\" \/>\n<meta property=\"og:locale\" content=\"en_GB\" \/>\n<meta property=\"og:type\" content=\"article\" \/>\n<meta property=\"og:title\" content=\"Preguntas frecuentes | Timeworks\u2122\" \/>\n<meta property=\"og:description\" content=\"Consulta nuestras preguntas frecuentes para obtener informaci\u00f3n sobre env\u00edos y devoluciones. Inf\u00f3rmate sobre nuestros relojes personalizados.\" \/>\n<meta property=\"og:url\" content=\"https:\/\/timeworksmods.com\/en\/frequently-asked-questions\/\" \/>\n<meta property=\"og:site_name\" content=\"Timeworks\u2122 | Seiko Mods\" \/>\n<meta property=\"article:modified_time\" content=\"2026-04-15T19:19:37+00:00\" \/>\n<meta property=\"og:image\" content=\"https:\/\/timeworksmods.com\/wp-content\/uploads\/2025\/12\/ad972f10e0800b49d76fed33a21f6698.png\" \/>\n\t<meta property=\"og:image:width\" content=\"1500\" \/>\n\t<meta property=\"og:image:height\" content=\"200\" \/>\n\t<meta property=\"og:image:type\" content=\"image\/png\" \/>\n<meta name=\"twitter:card\" content=\"summary_large_image\" \/>\n<meta name=\"twitter:label1\" content=\"Estimated reading time\" \/>\n\t<meta name=\"twitter:data1\" content=\"3 minutes\" \/>\n<script type=\"application\/ld+json\" class=\"yoast-schema-graph\">{\"@context\":\"https:\\\/\\\/schema.org\",\"@graph\":[{\"@type\":\"WebPage\",\"@id\":\"https:\\\/\\\/timeworksmods.com\\\/preguntas-frecuentes\\\/\",\"url\":\"https:\\\/\\\/timeworksmods.com\\\/preguntas-frecuentes\\\/\",\"name\":\"Preguntas frecuentes | Timeworks\u2122\",\"isPartOf\":{\"@id\":\"https:\\\/\\\/timeworksmods.com\\\/#website\"},\"datePublished\":\"2025-12-01T21:39:29+00:00\",\"dateModified\":\"2026-04-15T19:19:37+00:00\",\"description\":\"Consulta nuestras preguntas frecuentes para obtener informaci\u00f3n sobre env\u00edos y devoluciones. Inf\u00f3rmate sobre nuestros relojes personalizados.\",\"breadcrumb\":{\"@id\":\"https:\\\/\\\/timeworksmods.com\\\/preguntas-frecuentes\\\/#breadcrumb\"},\"inLanguage\":\"en-GB\",\"potentialAction\":[{\"@type\":\"ReadAction\",\"target\":[\"https:\\\/\\\/timeworksmods.com\\\/preguntas-frecuentes\\\/\"]}]},{\"@type\":\"BreadcrumbList\",\"@id\":\"https:\\\/\\\/timeworksmods.com\\\/preguntas-frecuentes\\\/#breadcrumb\",\"itemListElement\":[{\"@type\":\"ListItem\",\"position\":1,\"name\":\"Portada\",\"item\":\"https:\\\/\\\/timeworksmods.com\\\/\"},{\"@type\":\"ListItem\",\"position\":2,\"name\":\"Preguntas Frecuentes\"}]},{\"@type\":\"WebSite\",\"@id\":\"https:\\\/\\\/timeworksmods.com\\\/#website\",\"url\":\"https:\\\/\\\/timeworksmods.com\\\/\",\"name\":\"Timeworks\u2122 | Seiko Mods\",\"description\":\"Tu Tienda de Seiko Mods Personalizados\",\"publisher\":{\"@id\":\"https:\\\/\\\/timeworksmods.com\\\/#organization\"},\"alternateName\":\"Timeworks\u2122 | Seiko Mods\",\"potentialAction\":[{\"@type\":\"SearchAction\",\"target\":{\"@type\":\"EntryPoint\",\"urlTemplate\":\"https:\\\/\\\/timeworksmods.com\\\/?s={search_term_string}\"},\"query-input\":{\"@type\":\"PropertyValueSpecification\",\"valueRequired\":true,\"valueName\":\"search_term_string\"}}],\"inLanguage\":\"en-GB\"},{\"@type\":\"Organization\",\"@id\":\"https:\\\/\\\/timeworksmods.com\\\/#organization\",\"name\":\"Timeworks\u2122 | Seiko Mods\",\"alternateName\":\"Timeworks\u2122 | Seiko Mods\",\"url\":\"https:\\\/\\\/timeworksmods.com\\\/\",\"logo\":{\"@type\":\"ImageObject\",\"inLanguage\":\"en-GB\",\"@id\":\"https:\\\/\\\/timeworksmods.com\\\/#\\\/schema\\\/logo\\\/image\\\/\",\"url\":\"https:\\\/\\\/timeworksmods.com\\\/wp-content\\\/uploads\\\/2025\\\/12\\\/ad972f10e0800b49d76fed33a21f6698.png\",\"contentUrl\":\"https:\\\/\\\/timeworksmods.com\\\/wp-content\\\/uploads\\\/2025\\\/12\\\/ad972f10e0800b49d76fed33a21f6698.png\",\"width\":1500,\"height\":200,\"caption\":\"Timeworks\u2122 | Seiko Mods\"},\"image\":{\"@id\":\"https:\\\/\\\/timeworksmods.com\\\/#\\\/schema\\\/logo\\\/image\\\/\"}}]}<\/script>\n<!-- \/ Yoast SEO plugin. -->","yoast_head_json":{"title":"Frequently Asked Questions | Timeworks\u2122","description":"Consult our FAQs for information on shipping and returns. Learn about our custom watches.","robots":{"index":"index","follow":"follow","max-snippet":"max-snippet:-1","max-image-preview":"max-image-preview:large","max-video-preview":"max-video-preview:-1"},"canonical":"https:\/\/timeworksmods.com\/en\/frequently-asked-questions\/","og_locale":"en_GB","og_type":"article","og_title":"Preguntas frecuentes | Timeworks\u2122","og_description":"Consulta nuestras preguntas frecuentes para obtener informaci\u00f3n sobre env\u00edos y devoluciones. Inf\u00f3rmate sobre nuestros relojes personalizados.","og_url":"https:\/\/timeworksmods.com\/en\/frequently-asked-questions\/","og_site_name":"Timeworks\u2122 | Seiko Mods","article_modified_time":"2026-04-15T19:19:37+00:00","og_image":[{"width":1500,"height":200,"url":"https:\/\/timeworksmods.com\/wp-content\/uploads\/2025\/12\/ad972f10e0800b49d76fed33a21f6698.png","type":"image\/png"}],"twitter_card":"summary_large_image","twitter_misc":{"Estimated reading time":"3 minutes"},"schema":{"@context":"https:\/\/schema.org","@graph":[{"@type":"WebPage","@id":"https:\/\/timeworksmods.com\/preguntas-frecuentes\/","url":"https:\/\/timeworksmods.com\/preguntas-frecuentes\/","name":"Frequently Asked Questions | Timeworks\u2122","isPartOf":{"@id":"https:\/\/timeworksmods.com\/#website"},"datePublished":"2025-12-01T21:39:29+00:00","dateModified":"2026-04-15T19:19:37+00:00","description":"Consult our FAQs for information on shipping and returns. Learn about our custom watches.","breadcrumb":{"@id":"https:\/\/timeworksmods.com\/preguntas-frecuentes\/#breadcrumb"},"inLanguage":"en-GB","potentialAction":[{"@type":"ReadAction","target":["https:\/\/timeworksmods.com\/preguntas-frecuentes\/"]}]},{"@type":"BreadcrumbList","@id":"https:\/\/timeworksmods.com\/preguntas-frecuentes\/#breadcrumb","itemListElement":[{"@type":"ListItem","position":1,"name":"Portada","item":"https:\/\/timeworksmods.com\/"},{"@type":"ListItem","position":2,"name":"Preguntas Frecuentes"}]},{"@type":"WebSite","@id":"https:\/\/timeworksmods.com\/#website","url":"https:\/\/timeworksmods.com\/","name":"Timeworks\u2122 | Seiko Mods","description":"Your Custom Seiko Mods Shop","publisher":{"@id":"https:\/\/timeworksmods.com\/#organization"},"alternateName":"Timeworks\u2122 | Seiko Mods","potentialAction":[{"@type":"SearchAction","target":{"@type":"EntryPoint","urlTemplate":"https:\/\/timeworksmods.com\/?s={search_term_string}"},"query-input":{"@type":"PropertyValueSpecification","valueRequired":true,"valueName":"search_term_string"}}],"inLanguage":"en-GB"},{"@type":"Organization","@id":"https:\/\/timeworksmods.com\/#organization","name":"Timeworks\u2122 | Seiko Mods","alternateName":"Timeworks\u2122 | Seiko Mods","url":"https:\/\/timeworksmods.com\/","logo":{"@type":"ImageObject","inLanguage":"en-GB","@id":"https:\/\/timeworksmods.com\/#\/schema\/logo\/image\/","url":"https:\/\/timeworksmods.com\/wp-content\/uploads\/2025\/12\/ad972f10e0800b49d76fed33a21f6698.png","contentUrl":"https:\/\/timeworksmods.com\/wp-content\/uploads\/2025\/12\/ad972f10e0800b49d76fed33a21f6698.png","width":1500,"height":200,"caption":"Timeworks\u2122 | Seiko Mods"},"image":{"@id":"https:\/\/timeworksmods.com\/#\/schema\/logo\/image\/"}}]}},"_links":{"self":[{"href":"https:\/\/timeworksmods.com\/en\/wp-json\/wp\/v2\/pages\/180","targetHints":{"allow":["GET"]}}],"collection":[{"href":"https:\/\/timeworksmods.com\/en\/wp-json\/wp\/v2\/pages"}],"about":[{"href":"https:\/\/timeworksmods.com\/en\/wp-json\/wp\/v2\/types\/page"}],"author":[{"embeddable":true,"href":"https:\/\/timeworksmods.com\/en\/wp-json\/wp\/v2\/users\/1"}],"replies":[{"embeddable":true,"href":"https:\/\/timeworksmods.com\/en\/wp-json\/wp\/v2\/comments?post=180"}],"version-history":[{"count":65,"href":"https:\/\/timeworksmods.com\/en\/wp-json\/wp\/v2\/pages\/180\/revisions"}],"predecessor-version":[{"id":5563,"href":"https:\/\/timeworksmods.com\/en\/wp-json\/wp\/v2\/pages\/180\/revisions\/5563"}],"wp:attachment":[{"href":"https:\/\/timeworksmods.com\/en\/wp-json\/wp\/v2\/media?parent=180"}],"curies":[{"name":"wp","href":"https:\/\/api.w.org\/{rel}","templated":true}]}}