{"id":2691,"date":"2025-12-18T10:03:34","date_gmt":"2025-12-18T09:03:34","guid":{"rendered":"https:\/\/timeworksmods.com\/?page_id=2691"},"modified":"2026-04-17T10:36:28","modified_gmt":"2026-04-17T08:36:28","slug":"aviso-legal","status":"publish","type":"page","link":"https:\/\/timeworksmods.com\/en\/legal-notice\/","title":{"rendered":"Legal notice"},"content":{"rendered":"<div data-elementor-type=\"wp-page\" data-elementor-id=\"2691\" class=\"elementor elementor-2691\" data-elementor-post-type=\"page\">\n\t\t\t\t<div class=\"e-con-top elementor-element elementor-element-4f2af731 e-flex e-con-boxed e-con e-parent\" data-id=\"4f2af731\" data-element_type=\"container\" data-e-type=\"container\">\n\t\t\t\t\t<div class=\"e-con-inner\">\n\t\t<div class=\"elementor-element elementor-element-1f6db296 e-con-full e-flex e-con e-child\" data-id=\"1f6db296\" data-element_type=\"container\" data-e-type=\"container\">\n\t\t\t\t<\/div>\n\t\t\t\t\t<\/div>\n\t\t\t\t<\/div>\n\t\t<div class=\"e-con-top elementor-element elementor-element-1a5c123b e-flex e-con-boxed e-con e-parent\" data-id=\"1a5c123b\" data-element_type=\"container\" data-e-type=\"container\">\n\t\t\t\t\t<div class=\"e-con-inner\">\n\t\t\t\t<div class=\"elementor-element elementor-element-680c758f elementor-widget elementor-widget-text-editor\" data-id=\"680c758f\" data-element_type=\"widget\" data-e-type=\"widget\" data-widget_type=\"text-editor.default\">\n\t\t\t\t\t\t\t\t\t<h2 class=\"wp-block-heading\">No brand affiliation<\/h2>\n<p data-start=\"392\" data-end=\"740\">At Timeworks Mods, we specialise in creating and selling high-quality custom watches that utilise Time Module Inc. (TMI) movements, a subsidiary of Seiko Instruments Inc. (SII). Our watches are designed with passion and respect for watchmaking tradition, employing high-quality, hand-assembled parts.<\/p>\n<p data-start=\"742\" data-end=\"770\"><strong data-start=\"742\" data-end=\"768\">Important clarification:<\/strong><\/p>\n<ul data-start=\"772\" data-end=\"1953\">\n<li data-start=\"772\" data-end=\"1182\">\n<p data-start=\"774\" data-end=\"1182\"><strong data-start=\"774\" data-end=\"803\">Not affiliated with Seiko<\/strong>\u00a0Timeworks Mods is not affiliated with, associated with, authorised by, endorsed by, or in any way officially connected with Seiko Company or any of its subsidiaries. The watches we sell are custom modifications using original movements. Our products are independent and should not be considered products issued directly by Seiko.<\/p>\n<\/li>\n<li data-start=\"1184\" data-end=\"1441\">\n<p data-start=\"1186\" data-end=\"1441\"><strong data-start=\"1186\" data-end=\"1216\">Origin of components:<\/strong> We use movements manufactured by Time Module Inc. (TMI), acquired through legitimate channels and integrated into our bespoke creations. Each watch is assembled and adjusted with the utmost care by our watchmakers.<\/p>\n<\/li>\n<li data-start=\"1443\" data-end=\"1753\">\n<p data-start=\"1445\" data-end=\"1753\"><strong data-start=\"1445\" data-end=\"1475\">Customisation and quality<\/strong> Each watch is a unique piece, manually adjusted to ensure precision within the manufacturer's standards. Our customisation process is a tribute to traditional watchmaking, offering our clients an exclusive, high-quality design.<\/p>\n<\/li>\n<li data-start=\"1755\" data-end=\"1953\">\n<p data-start=\"1757\" data-end=\"1953\"><strong data-start=\"1757\" data-end=\"1793\">Commitment to Transparency<\/strong>\u00a0We guarantee that our clients will clearly understand the independent nature of our creations and the lack of affiliation with any brand.<\/p>\n<\/li>\n<\/ul>\n<p data-start=\"1955\" data-end=\"2059\">For any queries, you can contact us at\u00a0<strong data-start=\"1999\" data-end=\"2025\"><a class=\"decorated-link cursor-pointer\" rel=\"noopener\" data-start=\"2001\" data-end=\"2023\">info@timeworksmods.com<\/a><\/strong>\u00a0<\/p>\n<p data-start=\"1955\" data-end=\"2059\">\u00a0<\/p>\n<h2 class=\"wp-block-heading\">Timeworks Mods Terms of Service<\/h2>\n<p data-start=\"2108\" data-end=\"2471\">This website is operated by \u00c1ngel S\u00e1nchez Dur\u00e1n, a sole trader, trading as Timeworks Mods. Throughout the site, the terms \u201cwe\u201d, \u201cus\u201d and \u201cour\u201d refer to Timeworks Mods. Your use of this website, including all information, tools and services available from this site, is conditioned upon your acceptance of these terms and policies.<\/p>\n<div class=\"wp-block-group\">\u00a0<\/div>\n<p data-start=\"1665\" data-end=\"1955\"><strong data-start=\"1665\" data-end=\"1696\">Acceptance of Terms<\/strong><br data-start=\"1696\" data-end=\"1699\" \/>By accessing or using this website, you accept the terms and conditions set out herein, including any additional policies mentioned on the website. By making purchases or interacting with our services, you agree to be bound by these Terms of Service.<\/p>\n<p data-start=\"1957\" data-end=\"2355\"><strong data-start=\"1957\" data-end=\"1978\">Age and Legal Use<\/strong><br data-start=\"1978\" data-end=\"1981\" \/>You must be of legal age to use our site and purchase products. The use of the site and the products offered must be legal and authorised, without transmitting viruses or harmful code that may affect the functionality of the website. We reserve the right to refuse orders or services for any reason and to limit the sale of products at our discretion.<\/p>\n<p data-start=\"2357\" data-end=\"2826\"><strong data-start=\"2357\" data-end=\"2385\">Information and Accuracy<\/strong><br data-start=\"2385\" data-end=\"2388\" \/>All information you provide when registering or purchasing must be complete and accurate, and it is your responsibility to update it when necessary. We do our best to display products accurately, but we cannot guarantee that colours will be reproduced exactly on your screen. Products, prices and availability are subject to change without notice, and some products may be available online only.<\/p>\n<p data-start=\"2828\" data-end=\"3055\"><strong data-start=\"2828\" data-end=\"2852\">Production and Shipping<\/strong><br data-start=\"2852\" data-end=\"2855\" \/>All our watches are produced to order, with a manufacturing and shipping time of between 10 and 20 days. We reserve the right to modify or discontinue products and services without prior notice.<\/p>\n<p data-start=\"3057\" data-end=\"3250\"><strong data-start=\"3057\" data-end=\"3096\">Third-Party Tools and Links<\/strong><br data-start=\"3096\" data-end=\"3099\" \/>The use of third-party tools or links is provided \u201cas is\u201d and we assume no responsibility for external content, security, or transactions.<\/p>\n<p data-start=\"3252\" data-end=\"3530\"><strong data-start=\"3252\" data-end=\"3288\">Comments and Feedback<\/strong><br data-start=\"3288\" data-end=\"3291\" \/>By submitting comments or ideas, you agree that Timeworks Mods may use them freely without compensation or any obligation of confidentiality. Comments must not infringe third-party rights or include offensive or malicious material.<\/p>\n<p data-start=\"3532\" data-end=\"3928\"><strong data-start=\"3532\" data-end=\"3570\">Personal Information and Privacy:<\/strong><br data-start=\"3570\" data-end=\"3573\" \/>The personal information we collect is handled according to our Privacy Policy, in compliance with the GDPR and the LOPDGDD, ensuring its correct use for processing orders, fulfilling legal obligations, and providing customer service. Users have the right to access, rectify, or delete their data, as well as withdraw their consent for its use.<\/p>\n<p data-start=\"3930\" data-end=\"4318\"><strong data-start=\"3930\" data-end=\"3964\">Limitation of Liability<\/strong><br data-start=\"3964\" data-end=\"3967\" \/>Timeworks Mods does not guarantee specific results from the use of the site or the absence of errors, and shall not be liable for direct, indirect or consequential damages arising from the use of the products or services. We reserve the right to terminate your access to the site if you breach these terms, and any dispute will be governed by the laws of Spain.<\/p>\n<p data-start=\"4320\" data-end=\"4495\"><strong data-start=\"4320\" data-end=\"4348\">Supplier information:<\/strong><br data-start=\"4348\" data-end=\"4351\" \/>Timeworks Mods \u2013 Freelance: \u00c1ngel S\u00e1nchez Dur\u00e1n<br data-start=\"4401\" data-end=\"4404\" \/>Address: Ba\u00f1os 18, Alange (06840), Badajoz, Spain<br data-start=\"4435\" data-end=\"4438\" \/>Email:\u00a0<a class=\"decorated-link cursor-pointer\" rel=\"noopener\" data-start=\"4445\" data-end=\"4467\">info@timeworksmods.com<\/a><br data-start=\"4467\" data-end=\"4470\" \/>Telephone: +34 684 485 188<\/p>\n<p><!-- \/wp:paragraph --><\/p>\t\t\t\t\t\t\t\t<\/div>\n\t\t\t\t\t<\/div>\n\t\t\t\t<\/div>\n\t\t\t\t<\/div>","protected":false},"excerpt":{"rendered":"<p>SIN AFILIACI\u00d3N DE MARCA En\u00a0Timeworks Mods, nos especializamos en crear y vender relojes personalizados de alta calidad que utilizan movimientos\u00a0Time Module Inc. (TMI), una subsidiaria de\u00a0Seiko Instruments Inc. (SII). Nuestros relojes est\u00e1n dise\u00f1ados con pasi\u00f3n y respeto por la tradici\u00f3n relojera, empleando piezas de alta calidad ensambladas a mano. Aclaraci\u00f3n importante: Sin afiliaci\u00f3n con Seiko:\u00a0Timeworks [&hellip;]<\/p>\n","protected":false},"author":1,"featured_media":0,"parent":0,"menu_order":0,"comment_status":"closed","ping_status":"closed","template":"template-builder.php","meta":{"_acf_changed":false,"_joinchat":[],"footnotes":""},"class_list":["post-2691","page","type-page","status-publish","hentry"],"acf":[],"yoast_head":"<!-- This site is optimized with the Yoast SEO plugin v27.4 - https:\/\/yoast.com\/product\/yoast-seo-wordpress\/ -->\n<title>Aviso legal | Timeworks\u2122 | Custom Watches<\/title>\n<meta name=\"description\" content=\"Consulta el Aviso Legal de Timeworks Seiko Mods. Informaci\u00f3n sobre t\u00e9rminos, responsabilidades y condiciones de uso de nuestra web.\" \/>\n<meta name=\"robots\" content=\"noindex, nofollow\" \/>\n<meta property=\"og:locale\" content=\"en_GB\" \/>\n<meta property=\"og:type\" content=\"article\" \/>\n<meta property=\"og:title\" content=\"Aviso legal | Timeworks\u2122 | Custom Watches\" \/>\n<meta property=\"og:description\" content=\"Consulta el Aviso Legal de Timeworks Seiko Mods. Informaci\u00f3n sobre t\u00e9rminos, responsabilidades y condiciones de uso de nuestra web.\" \/>\n<meta property=\"og:url\" content=\"https:\/\/timeworksmods.com\/en\/legal-notice\/\" \/>\n<meta property=\"og:site_name\" content=\"Timeworks\u2122 | Custom Watches\" \/>\n<meta property=\"article:publisher\" content=\"https:\/\/www.facebook.com\/timeworksmods\/\" \/>\n<meta property=\"article:modified_time\" content=\"2026-04-17T08:36:28+00:00\" \/>\n<meta property=\"og:image\" content=\"https:\/\/timeworksmods.com\/wp-content\/uploads\/2025\/12\/ad972f10e0800b49d76fed33a21f6698.png\" \/>\n\t<meta property=\"og:image:width\" content=\"1500\" \/>\n\t<meta property=\"og:image:height\" content=\"200\" \/>\n\t<meta property=\"og:image:type\" content=\"image\/png\" \/>\n<meta name=\"twitter:card\" content=\"summary_large_image\" \/>\n<meta name=\"twitter:label1\" content=\"Estimated reading time\" \/>\n\t<meta name=\"twitter:data1\" content=\"4 minutes\" \/>\n<script type=\"application\/ld+json\" class=\"yoast-schema-graph\">{\"@context\":\"https:\\\/\\\/schema.org\",\"@graph\":[{\"@type\":\"WebPage\",\"@id\":\"https:\\\/\\\/timeworksmods.com\\\/aviso-legal\\\/\",\"url\":\"https:\\\/\\\/timeworksmods.com\\\/aviso-legal\\\/\",\"name\":\"Aviso legal | Timeworks\u2122 | Custom Watches\",\"isPartOf\":{\"@id\":\"https:\\\/\\\/timeworksmods.com\\\/#website\"},\"datePublished\":\"2025-12-18T09:03:34+00:00\",\"dateModified\":\"2026-04-17T08:36:28+00:00\",\"description\":\"Consulta el Aviso Legal de Timeworks Seiko Mods. Informaci\u00f3n sobre t\u00e9rminos, responsabilidades y condiciones de uso de nuestra web.\",\"breadcrumb\":{\"@id\":\"https:\\\/\\\/timeworksmods.com\\\/aviso-legal\\\/#breadcrumb\"},\"inLanguage\":\"en-GB\",\"potentialAction\":[{\"@type\":\"ReadAction\",\"target\":[\"https:\\\/\\\/timeworksmods.com\\\/aviso-legal\\\/\"]}]},{\"@type\":\"BreadcrumbList\",\"@id\":\"https:\\\/\\\/timeworksmods.com\\\/aviso-legal\\\/#breadcrumb\",\"itemListElement\":[{\"@type\":\"ListItem\",\"position\":1,\"name\":\"Portada\",\"item\":\"https:\\\/\\\/timeworksmods.com\\\/\"},{\"@type\":\"ListItem\",\"position\":2,\"name\":\"Aviso legal\"}]},{\"@type\":\"WebSite\",\"@id\":\"https:\\\/\\\/timeworksmods.com\\\/#website\",\"url\":\"https:\\\/\\\/timeworksmods.com\\\/\",\"name\":\"Timeworks\u2122 | Seiko Mods\",\"description\":\"Tu Tienda de Mods Personalizados\",\"publisher\":{\"@id\":\"https:\\\/\\\/timeworksmods.com\\\/#organization\"},\"alternateName\":\"Timeworks\u2122 | Seiko Mods\",\"potentialAction\":[{\"@type\":\"SearchAction\",\"target\":{\"@type\":\"EntryPoint\",\"urlTemplate\":\"https:\\\/\\\/timeworksmods.com\\\/?s={search_term_string}\"},\"query-input\":{\"@type\":\"PropertyValueSpecification\",\"valueRequired\":true,\"valueName\":\"search_term_string\"}}],\"inLanguage\":\"en-GB\"},{\"@type\":\"Organization\",\"@id\":\"https:\\\/\\\/timeworksmods.com\\\/#organization\",\"name\":\"Timeworks\u2122 | Seiko Mods\",\"alternateName\":\"Timeworks\u2122 | Custom Seiko Mods\",\"url\":\"https:\\\/\\\/timeworksmods.com\\\/\",\"logo\":{\"@type\":\"ImageObject\",\"inLanguage\":\"en-GB\",\"@id\":\"https:\\\/\\\/timeworksmods.com\\\/#\\\/schema\\\/logo\\\/image\\\/\",\"url\":\"https:\\\/\\\/timeworksmods.com\\\/wp-content\\\/uploads\\\/2025\\\/12\\\/148510031349642de5ca0c544f31b2ef.png\",\"contentUrl\":\"https:\\\/\\\/timeworksmods.com\\\/wp-content\\\/uploads\\\/2025\\\/12\\\/148510031349642de5ca0c544f31b2ef.png\",\"width\":512,\"height\":512,\"caption\":\"Timeworks\u2122 | Seiko Mods\"},\"image\":{\"@id\":\"https:\\\/\\\/timeworksmods.com\\\/#\\\/schema\\\/logo\\\/image\\\/\"},\"sameAs\":[\"https:\\\/\\\/www.facebook.com\\\/timeworksmods\\\/\",\"https:\\\/\\\/www.instagram.com\\\/timeworksmods\\\/\",\"https:\\\/\\\/www.tiktok.com\\\/@timeworksmods\"]}]}<\/script>\n<!-- \/ Yoast SEO plugin. -->","yoast_head_json":{"title":"Aviso legal | Timeworks\u2122 | Custom Watches","description":"Consult the Timeworks Seiko Mods Legal Notice. Information on the terms, liabilities, and conditions of use of our website.","robots":{"index":"noindex","follow":"nofollow"},"og_locale":"en_GB","og_type":"article","og_title":"Aviso legal | Timeworks\u2122 | Custom Watches","og_description":"Consulta el Aviso Legal de Timeworks Seiko Mods. Informaci\u00f3n sobre t\u00e9rminos, responsabilidades y condiciones de uso de nuestra web.","og_url":"https:\/\/timeworksmods.com\/en\/legal-notice\/","og_site_name":"Timeworks\u2122 | Custom Watches","article_publisher":"https:\/\/www.facebook.com\/timeworksmods\/","article_modified_time":"2026-04-17T08:36:28+00:00","og_image":[{"width":1500,"height":200,"url":"https:\/\/timeworksmods.com\/wp-content\/uploads\/2025\/12\/ad972f10e0800b49d76fed33a21f6698.png","type":"image\/png"}],"twitter_card":"summary_large_image","twitter_misc":{"Estimated reading time":"4 minutes"},"schema":{"@context":"https:\/\/schema.org","@graph":[{"@type":"WebPage","@id":"https:\/\/timeworksmods.com\/aviso-legal\/","url":"https:\/\/timeworksmods.com\/aviso-legal\/","name":"Aviso legal | Timeworks\u2122 | Custom Watches","isPartOf":{"@id":"https:\/\/timeworksmods.com\/#website"},"datePublished":"2025-12-18T09:03:34+00:00","dateModified":"2026-04-17T08:36:28+00:00","description":"Consult the Timeworks Seiko Mods Legal Notice. Information on the terms, liabilities, and conditions of use of our website.","breadcrumb":{"@id":"https:\/\/timeworksmods.com\/aviso-legal\/#breadcrumb"},"inLanguage":"en-GB","potentialAction":[{"@type":"ReadAction","target":["https:\/\/timeworksmods.com\/aviso-legal\/"]}]},{"@type":"BreadcrumbList","@id":"https:\/\/timeworksmods.com\/aviso-legal\/#breadcrumb","itemListElement":[{"@type":"ListItem","position":1,"name":"Portada","item":"https:\/\/timeworksmods.com\/"},{"@type":"ListItem","position":2,"name":"Aviso legal"}]},{"@type":"WebSite","@id":"https:\/\/timeworksmods.com\/#website","url":"https:\/\/timeworksmods.com\/","name":"Timeworks\u2122 | Seiko Mods","description":"Your Custom Mod Shop","publisher":{"@id":"https:\/\/timeworksmods.com\/#organization"},"alternateName":"Timeworks\u2122 | Seiko Mods","potentialAction":[{"@type":"SearchAction","target":{"@type":"EntryPoint","urlTemplate":"https:\/\/timeworksmods.com\/?s={search_term_string}"},"query-input":{"@type":"PropertyValueSpecification","valueRequired":true,"valueName":"search_term_string"}}],"inLanguage":"en-GB"},{"@type":"Organization","@id":"https:\/\/timeworksmods.com\/#organization","name":"Timeworks\u2122 | Seiko Mods","alternateName":"Timeworks\u2122 | Custom Seiko Mods","url":"https:\/\/timeworksmods.com\/","logo":{"@type":"ImageObject","inLanguage":"en-GB","@id":"https:\/\/timeworksmods.com\/#\/schema\/logo\/image\/","url":"https:\/\/timeworksmods.com\/wp-content\/uploads\/2025\/12\/148510031349642de5ca0c544f31b2ef.png","contentUrl":"https:\/\/timeworksmods.com\/wp-content\/uploads\/2025\/12\/148510031349642de5ca0c544f31b2ef.png","width":512,"height":512,"caption":"Timeworks\u2122 | Seiko Mods"},"image":{"@id":"https:\/\/timeworksmods.com\/#\/schema\/logo\/image\/"},"sameAs":["https:\/\/www.facebook.com\/timeworksmods\/","https:\/\/www.instagram.com\/timeworksmods\/","https:\/\/www.tiktok.com\/@timeworksmods"]}]}},"_links":{"self":[{"href":"https:\/\/timeworksmods.com\/en\/wp-json\/wp\/v2\/pages\/2691","targetHints":{"allow":["GET"]}}],"collection":[{"href":"https:\/\/timeworksmods.com\/en\/wp-json\/wp\/v2\/pages"}],"about":[{"href":"https:\/\/timeworksmods.com\/en\/wp-json\/wp\/v2\/types\/page"}],"author":[{"embeddable":true,"href":"https:\/\/timeworksmods.com\/en\/wp-json\/wp\/v2\/users\/1"}],"replies":[{"embeddable":true,"href":"https:\/\/timeworksmods.com\/en\/wp-json\/wp\/v2\/comments?post=2691"}],"version-history":[{"count":12,"href":"https:\/\/timeworksmods.com\/en\/wp-json\/wp\/v2\/pages\/2691\/revisions"}],"predecessor-version":[{"id":5604,"href":"https:\/\/timeworksmods.com\/en\/wp-json\/wp\/v2\/pages\/2691\/revisions\/5604"}],"wp:attachment":[{"href":"https:\/\/timeworksmods.com\/en\/wp-json\/wp\/v2\/media?parent=2691"}],"curies":[{"name":"wp","href":"https:\/\/api.w.org\/{rel}","templated":true}]}}