{"id":1242,"date":"2025-12-08T13:51:15","date_gmt":"2025-12-08T13:51:15","guid":{"rendered":"https:\/\/timeworksmods.com\/?post_type=product&#038;p=1242"},"modified":"2026-04-13T08:38:36","modified_gmt":"2026-04-13T06:38:36","slug":"seikomariner-vintage","status":"publish","type":"product","link":"https:\/\/timeworksmods.com\/en\/product\/seikomariner-vintage\/","title":{"rendered":"Seikomariner Vintage"},"content":{"rendered":"<p data-start=\"126\" data-end=\"441\">Inspired by the great icons of professional diving watchmaking, this mod offers a robust, functional, and timeless design. A modern reinterpretation equipped with a proven Japanese automatic movement and high-quality materials, ideal for both daily wear and demanding environments.<\/p>\n<p data-start=\"443\" data-end=\"749\">The Japanese movement operates at 21,600 alternations per hour (3 Hz), features automatic and manual winding, a hacking second function for precise time setting, and offers an approximate power reserve of 41 hours, ensuring stable and continuous operation in any situation.<\/p>\n<p data-start=\"751\" data-end=\"1320\">The 316L stainless steel case offers high resistance to corrosion, pressure, and daily wear, and is combined with a diver-style unidirectional rotating bezel, designed for practical and accurate timing of intervals. The ensemble is completed by a sapphire crystal, ensuring superior protection against scratches and excellent legibility. The result is a sporty, elegant, and highly reliable watch, intended for both everyday use and enthusiasts of diving-inspired mechanical watchmaking.<\/p>","protected":false},"excerpt":{"rendered":"<p>Inspired by the great icons of professional dive watchmaking, this mod offers a robust, functional, and timeless design. A modern reinterpretation equipped with proven Japanese mechanics and high-quality materials, ideal for both daily use and demanding environments.<\/p>","protected":false},"featured_media":1163,"comment_status":"open","ping_status":"closed","template":"","meta":{"_acf_changed":false,"_joinchat":[]},"product_cat":[101],"product_tag":[],"class_list":{"0":"post-1242","1":"product","2":"type-product","3":"status-publish","4":"has-post-thumbnail","6":"product_cat-seikomariner","7":"pa_seikomariner-version-seikomariner-vintage","9":"first","10":"instock","11":"sale","12":"taxable","13":"shipping-taxable","14":"purchasable","15":"product-type-simple","swatches":"rey-swatches","show_selected":""},"acf":[],"yoast_head":"<!-- This site is optimized with the Yoast SEO plugin v27.4 - https:\/\/yoast.com\/product\/yoast-seo-wordpress\/ -->\n<title>Seikomariner Vintage | Timeworks\u2122 | Custom Watches<\/title>\n<meta name=\"description\" content=\"Inspirado en los grandes iconos de la relojer\u00eda de buceo profesional, este mod ofrece un dise\u00f1o robusto, funcional y atemporal. Una reinterpretaci\u00f3n moderna equipada con mec\u00e1nica japonesa de probada fiabilidad y materiales de alta calidad, ideal tanto para el uso diario como para entornos exigentes.\" \/>\n<meta name=\"robots\" content=\"index, follow, max-snippet:-1, max-image-preview:large, max-video-preview:-1\" \/>\n<link rel=\"canonical\" href=\"https:\/\/timeworksmods.com\/en\/product\/seikomariner-vintage\/\" \/>\n<meta property=\"og:locale\" content=\"en_GB\" \/>\n<meta property=\"og:type\" content=\"article\" \/>\n<meta property=\"og:title\" content=\"Seikomariner Vintage | Timeworks\u2122 | Custom Watches\" \/>\n<meta property=\"og:description\" content=\"Inspirado en los grandes iconos de la relojer\u00eda de buceo profesional, este mod ofrece un dise\u00f1o robusto, funcional y atemporal. Una reinterpretaci\u00f3n moderna equipada con mec\u00e1nica japonesa de probada fiabilidad y materiales de alta calidad, ideal tanto para el uso diario como para entornos exigentes.\" \/>\n<meta property=\"og:url\" content=\"https:\/\/timeworksmods.com\/en\/product\/seikomariner-vintage\/\" \/>\n<meta property=\"og:site_name\" content=\"Timeworks\u2122 | Custom Watches\" \/>\n<meta property=\"article:publisher\" content=\"https:\/\/www.facebook.com\/timeworksmods\/\" \/>\n<meta property=\"article:modified_time\" content=\"2026-04-13T06:38:36+00:00\" \/>\n<meta property=\"og:image\" content=\"https:\/\/timeworksmods.com\/wp-content\/uploads\/2025\/12\/6e7d2da6d3953058db75714ac400b584.jpg\" \/>\n\t<meta property=\"og:image:width\" content=\"1200\" \/>\n\t<meta property=\"og:image:height\" content=\"1200\" \/>\n\t<meta property=\"og:image:type\" content=\"image\/jpeg\" \/>\n<meta name=\"twitter:card\" content=\"summary_large_image\" \/>\n<meta name=\"twitter:label1\" content=\"Estimated reading time\" \/>\n\t<meta name=\"twitter:data1\" content=\"1 minute\" \/>\n<script type=\"application\/ld+json\" class=\"yoast-schema-graph\">{\"@context\":\"https:\\\/\\\/schema.org\",\"@graph\":[{\"@type\":\"WebPage\",\"@id\":\"https:\\\/\\\/timeworksmods.com\\\/producto\\\/seikomariner-vintage\\\/\",\"url\":\"https:\\\/\\\/timeworksmods.com\\\/producto\\\/seikomariner-vintage\\\/\",\"name\":\"Seikomariner Vintage | Timeworks\u2122 | Custom Watches\",\"isPartOf\":{\"@id\":\"https:\\\/\\\/timeworksmods.com\\\/#website\"},\"primaryImageOfPage\":{\"@id\":\"https:\\\/\\\/timeworksmods.com\\\/producto\\\/seikomariner-vintage\\\/#primaryimage\"},\"image\":{\"@id\":\"https:\\\/\\\/timeworksmods.com\\\/producto\\\/seikomariner-vintage\\\/#primaryimage\"},\"thumbnailUrl\":\"https:\\\/\\\/timeworksmods.com\\\/wp-content\\\/uploads\\\/2025\\\/12\\\/6e7d2da6d3953058db75714ac400b584.jpg\",\"datePublished\":\"2025-12-08T13:51:15+00:00\",\"dateModified\":\"2026-04-13T06:38:36+00:00\",\"description\":\"Inspirado en los grandes iconos de la relojer\u00eda de buceo profesional, este mod ofrece un dise\u00f1o robusto, funcional y atemporal. Una reinterpretaci\u00f3n moderna equipada con mec\u00e1nica japonesa de probada fiabilidad y materiales de alta calidad, ideal tanto para el uso diario como para entornos exigentes.\",\"breadcrumb\":{\"@id\":\"https:\\\/\\\/timeworksmods.com\\\/producto\\\/seikomariner-vintage\\\/#breadcrumb\"},\"inLanguage\":\"en-GB\",\"potentialAction\":[{\"@type\":\"ReadAction\",\"target\":[\"https:\\\/\\\/timeworksmods.com\\\/producto\\\/seikomariner-vintage\\\/\"]}]},{\"@type\":\"ImageObject\",\"inLanguage\":\"en-GB\",\"@id\":\"https:\\\/\\\/timeworksmods.com\\\/producto\\\/seikomariner-vintage\\\/#primaryimage\",\"url\":\"https:\\\/\\\/timeworksmods.com\\\/wp-content\\\/uploads\\\/2025\\\/12\\\/6e7d2da6d3953058db75714ac400b584.jpg\",\"contentUrl\":\"https:\\\/\\\/timeworksmods.com\\\/wp-content\\\/uploads\\\/2025\\\/12\\\/6e7d2da6d3953058db75714ac400b584.jpg\",\"width\":1200,\"height\":1200},{\"@type\":\"BreadcrumbList\",\"@id\":\"https:\\\/\\\/timeworksmods.com\\\/producto\\\/seikomariner-vintage\\\/#breadcrumb\",\"itemListElement\":[{\"@type\":\"ListItem\",\"position\":1,\"name\":\"Portada\",\"item\":\"https:\\\/\\\/timeworksmods.com\\\/\"},{\"@type\":\"ListItem\",\"position\":2,\"name\":\"Tienda\",\"item\":\"https:\\\/\\\/timeworksmods.com\\\/tienda\\\/\"},{\"@type\":\"ListItem\",\"position\":3,\"name\":\"Seikomariner Vintage\"}]},{\"@type\":\"WebSite\",\"@id\":\"https:\\\/\\\/timeworksmods.com\\\/#website\",\"url\":\"https:\\\/\\\/timeworksmods.com\\\/\",\"name\":\"Timeworks\u2122 | Seiko Mods\",\"description\":\"Tu Tienda de Mods Personalizados\",\"publisher\":{\"@id\":\"https:\\\/\\\/timeworksmods.com\\\/#organization\"},\"alternateName\":\"Timeworks\u2122 | Seiko Mods\",\"potentialAction\":[{\"@type\":\"SearchAction\",\"target\":{\"@type\":\"EntryPoint\",\"urlTemplate\":\"https:\\\/\\\/timeworksmods.com\\\/?s={search_term_string}\"},\"query-input\":{\"@type\":\"PropertyValueSpecification\",\"valueRequired\":true,\"valueName\":\"search_term_string\"}}],\"inLanguage\":\"en-GB\"},{\"@type\":\"Organization\",\"@id\":\"https:\\\/\\\/timeworksmods.com\\\/#organization\",\"name\":\"Timeworks\u2122 | Seiko Mods\",\"alternateName\":\"Timeworks\u2122 | Custom Seiko Mods\",\"url\":\"https:\\\/\\\/timeworksmods.com\\\/\",\"logo\":{\"@type\":\"ImageObject\",\"inLanguage\":\"en-GB\",\"@id\":\"https:\\\/\\\/timeworksmods.com\\\/#\\\/schema\\\/logo\\\/image\\\/\",\"url\":\"https:\\\/\\\/timeworksmods.com\\\/wp-content\\\/uploads\\\/2025\\\/12\\\/148510031349642de5ca0c544f31b2ef.png\",\"contentUrl\":\"https:\\\/\\\/timeworksmods.com\\\/wp-content\\\/uploads\\\/2025\\\/12\\\/148510031349642de5ca0c544f31b2ef.png\",\"width\":512,\"height\":512,\"caption\":\"Timeworks\u2122 | Seiko Mods\"},\"image\":{\"@id\":\"https:\\\/\\\/timeworksmods.com\\\/#\\\/schema\\\/logo\\\/image\\\/\"},\"sameAs\":[\"https:\\\/\\\/www.facebook.com\\\/timeworksmods\\\/\",\"https:\\\/\\\/www.instagram.com\\\/timeworksmods\\\/\",\"https:\\\/\\\/www.tiktok.com\\\/@timeworksmods\"]}]}<\/script>\n<!-- \/ Yoast SEO plugin. -->","yoast_head_json":{"title":"Seikomariner Vintage | Timeworks\u2122 | Custom Watches","description":"Inspired by the great icons of professional dive watchmaking, this mod offers a robust, functional, and timeless design. A modern reinterpretation equipped with proven Japanese mechanics and high-quality materials, ideal for both daily use and demanding environments.","robots":{"index":"index","follow":"follow","max-snippet":"max-snippet:-1","max-image-preview":"max-image-preview:large","max-video-preview":"max-video-preview:-1"},"canonical":"https:\/\/timeworksmods.com\/en\/product\/seikomariner-vintage\/","og_locale":"en_GB","og_type":"article","og_title":"Seikomariner Vintage | Timeworks\u2122 | Custom Watches","og_description":"Inspirado en los grandes iconos de la relojer\u00eda de buceo profesional, este mod ofrece un dise\u00f1o robusto, funcional y atemporal. Una reinterpretaci\u00f3n moderna equipada con mec\u00e1nica japonesa de probada fiabilidad y materiales de alta calidad, ideal tanto para el uso diario como para entornos exigentes.","og_url":"https:\/\/timeworksmods.com\/en\/product\/seikomariner-vintage\/","og_site_name":"Timeworks\u2122 | Custom Watches","article_publisher":"https:\/\/www.facebook.com\/timeworksmods\/","article_modified_time":"2026-04-13T06:38:36+00:00","og_image":[{"width":1200,"height":1200,"url":"https:\/\/timeworksmods.com\/wp-content\/uploads\/2025\/12\/6e7d2da6d3953058db75714ac400b584.jpg","type":"image\/jpeg"}],"twitter_card":"summary_large_image","twitter_misc":{"Estimated reading time":"1 minute"},"schema":{"@context":"https:\/\/schema.org","@graph":[{"@type":"WebPage","@id":"https:\/\/timeworksmods.com\/producto\/seikomariner-vintage\/","url":"https:\/\/timeworksmods.com\/producto\/seikomariner-vintage\/","name":"Seikomariner Vintage | Timeworks\u2122 | Custom Watches","isPartOf":{"@id":"https:\/\/timeworksmods.com\/#website"},"primaryImageOfPage":{"@id":"https:\/\/timeworksmods.com\/producto\/seikomariner-vintage\/#primaryimage"},"image":{"@id":"https:\/\/timeworksmods.com\/producto\/seikomariner-vintage\/#primaryimage"},"thumbnailUrl":"https:\/\/timeworksmods.com\/wp-content\/uploads\/2025\/12\/6e7d2da6d3953058db75714ac400b584.jpg","datePublished":"2025-12-08T13:51:15+00:00","dateModified":"2026-04-13T06:38:36+00:00","description":"Inspired by the great icons of professional dive watchmaking, this mod offers a robust, functional, and timeless design. A modern reinterpretation equipped with proven Japanese mechanics and high-quality materials, ideal for both daily use and demanding environments.","breadcrumb":{"@id":"https:\/\/timeworksmods.com\/producto\/seikomariner-vintage\/#breadcrumb"},"inLanguage":"en-GB","potentialAction":[{"@type":"ReadAction","target":["https:\/\/timeworksmods.com\/producto\/seikomariner-vintage\/"]}]},{"@type":"ImageObject","inLanguage":"en-GB","@id":"https:\/\/timeworksmods.com\/producto\/seikomariner-vintage\/#primaryimage","url":"https:\/\/timeworksmods.com\/wp-content\/uploads\/2025\/12\/6e7d2da6d3953058db75714ac400b584.jpg","contentUrl":"https:\/\/timeworksmods.com\/wp-content\/uploads\/2025\/12\/6e7d2da6d3953058db75714ac400b584.jpg","width":1200,"height":1200},{"@type":"BreadcrumbList","@id":"https:\/\/timeworksmods.com\/producto\/seikomariner-vintage\/#breadcrumb","itemListElement":[{"@type":"ListItem","position":1,"name":"Portada","item":"https:\/\/timeworksmods.com\/"},{"@type":"ListItem","position":2,"name":"Tienda","item":"https:\/\/timeworksmods.com\/tienda\/"},{"@type":"ListItem","position":3,"name":"Seikomariner Vintage"}]},{"@type":"WebSite","@id":"https:\/\/timeworksmods.com\/#website","url":"https:\/\/timeworksmods.com\/","name":"Timeworks\u2122 | Seiko Mods","description":"Tu Tienda de Mods Personalizados","publisher":{"@id":"https:\/\/timeworksmods.com\/#organization"},"alternateName":"Timeworks\u2122 | Seiko Mods","potentialAction":[{"@type":"SearchAction","target":{"@type":"EntryPoint","urlTemplate":"https:\/\/timeworksmods.com\/?s={search_term_string}"},"query-input":{"@type":"PropertyValueSpecification","valueRequired":true,"valueName":"search_term_string"}}],"inLanguage":"en-GB"},{"@type":"Organization","@id":"https:\/\/timeworksmods.com\/#organization","name":"Timeworks\u2122 | Seiko Mods","alternateName":"Timeworks\u2122 | Custom Seiko Mods","url":"https:\/\/timeworksmods.com\/","logo":{"@type":"ImageObject","inLanguage":"en-GB","@id":"https:\/\/timeworksmods.com\/#\/schema\/logo\/image\/","url":"https:\/\/timeworksmods.com\/wp-content\/uploads\/2025\/12\/148510031349642de5ca0c544f31b2ef.png","contentUrl":"https:\/\/timeworksmods.com\/wp-content\/uploads\/2025\/12\/148510031349642de5ca0c544f31b2ef.png","width":512,"height":512,"caption":"Timeworks\u2122 | Seiko Mods"},"image":{"@id":"https:\/\/timeworksmods.com\/#\/schema\/logo\/image\/"},"sameAs":["https:\/\/www.facebook.com\/timeworksmods\/","https:\/\/www.instagram.com\/timeworksmods\/","https:\/\/www.tiktok.com\/@timeworksmods"]}]}},"_links":{"self":[{"href":"https:\/\/timeworksmods.com\/en\/wp-json\/wp\/v2\/product\/1242","targetHints":{"allow":["GET"]}}],"collection":[{"href":"https:\/\/timeworksmods.com\/en\/wp-json\/wp\/v2\/product"}],"about":[{"href":"https:\/\/timeworksmods.com\/en\/wp-json\/wp\/v2\/types\/product"}],"replies":[{"embeddable":true,"href":"https:\/\/timeworksmods.com\/en\/wp-json\/wp\/v2\/comments?post=1242"}],"wp:featuredmedia":[{"embeddable":true,"href":"https:\/\/timeworksmods.com\/en\/wp-json\/wp\/v2\/media\/1163"}],"wp:attachment":[{"href":"https:\/\/timeworksmods.com\/en\/wp-json\/wp\/v2\/media?parent=1242"}],"wp:term":[{"taxonomy":"product_cat","embeddable":true,"href":"https:\/\/timeworksmods.com\/en\/wp-json\/wp\/v2\/product_cat?post=1242"},{"taxonomy":"product_tag","embeddable":true,"href":"https:\/\/timeworksmods.com\/en\/wp-json\/wp\/v2\/product_tag?post=1242"}],"curies":[{"name":"wp","href":"https:\/\/api.w.org\/{rel}","templated":true}]}}