{"id":179,"date":"2025-12-01T14:50:22","date_gmt":"2025-12-01T14:50:22","guid":{"rendered":"https:\/\/timeworksmods.com\/terms-conditions\/"},"modified":"2026-04-10T10:07:05","modified_gmt":"2026-04-10T08:07:05","slug":"terminos-condiciones","status":"publish","type":"page","link":"https:\/\/timeworksmods.com\/fr\/terminos-condiciones\/","title":{"rendered":"T\u00e9rminos y condiciones"},"content":{"rendered":"<div data-elementor-type=\"wp-page\" data-elementor-id=\"179\" class=\"elementor elementor-179\" data-elementor-post-type=\"page\">\n\t\t\t\t<div class=\"e-con-top elementor-element elementor-element-7209719a e-flex e-con-boxed e-con e-parent\" data-id=\"7209719a\" data-element_type=\"container\" data-e-type=\"container\">\n\t\t\t\t\t<div class=\"e-con-inner\">\n\t\t<div class=\"elementor-element elementor-element-ff44d55 e-con-full e-flex e-con e-child\" data-id=\"ff44d55\" data-element_type=\"container\" data-e-type=\"container\">\n\t\t\t\t<\/div>\n\t\t\t\t\t<\/div>\n\t\t\t\t<\/div>\n\t\t<div class=\"e-con-top elementor-element elementor-element-19ad693 e-flex e-con-boxed e-con e-parent\" data-id=\"19ad693\" data-element_type=\"container\" data-e-type=\"container\">\n\t\t\t\t\t<div class=\"e-con-inner\">\n\t\t\t\t<div class=\"elementor-element elementor-element-a3500e9 elementor-widget elementor-widget-text-editor\" data-id=\"a3500e9\" data-element_type=\"widget\" data-e-type=\"widget\" data-widget_type=\"text-editor.default\">\n\t\t\t\t\t\t\t\t\t<h4 class=\"wp-block-heading\">Informations que nous collectons<\/h4><p>Lorsque vous visitez notre site ou effectuez un achat, nous pouvons collecter les donn\u00e9es suivantes :<\/p><ul><li>Informations d'utilisation du site (cookies, adresse IP, navigateur, etc.)<\/li><li>Nombre entier<\/li><li>Adresse de livraison et de facturation<\/li><li>Adresse de courriel<\/li><li>Num\u00e9ro de t\u00e9l\u00e9phone<\/li><li>Informations de paiement (via des passerelles s\u00e9curis\u00e9es, nous ne stockons pas de donn\u00e9es bancaires)<\/li><\/ul><h2 class=\"wp-block-heading\">\u00a0<\/h2><h4 class=\"wp-block-heading\">Utilisation de l'information<\/h4><p>Nous utilisons les informations recueillies pour :<\/p><ul><li>Respecter les exigences l\u00e9gales et fiscales<\/li><li>Traiter et exp\u00e9dier vos commandes<\/li><li>Vous fournir un support et un service client<\/li><li>Personnaliser votre exp\u00e9rience sur notre site<\/li><li>Envoyer des mises \u00e0 jour sur les commandes, les promotions ou les offres (uniquement si vous avez donn\u00e9 votre consentement)<\/li><\/ul><h2 class=\"wp-block-heading\">\u00a0<\/h2><h4 class=\"wp-block-heading\">Partager vos informations<\/h4><p>Mods de Timworks <strong>NON<\/strong>\u00a0Ne vende ni loue vos informations personnelles \u00e0 des tiers. Cependant, nous pouvons partager certaines donn\u00e9es avec :<\/p><ul><li>Autorit\u00e9s l\u00e9gales si cela \u00e9tait requis par la loi<\/li><li>Prestataires de services de paiement (comme PayPal, Stripe, etc.)<\/li><li>Entreprises de messagerie pour l'exp\u00e9dition de vos commandes<\/li><li>Plateformes d'analyse de donn\u00e9es et de marketing, \u00e0 des fins d'am\u00e9lioration du service uniquement<\/li><\/ul><h2 class=\"wp-block-heading\">\u00a0<\/h2><h4 class=\"wp-block-heading\">S\u00e9curit\u00e9 de tes donn\u00e9es<\/h4><p>Nous prenons des mesures raisonnables pour prot\u00e9ger vos informations personnelles contre la perte, l'acc\u00e8s non autoris\u00e9, la modification ou la divulgation. Nous utilisons des protocoles de s\u00e9curit\u00e9 tels que le cryptage SSL et un acc\u00e8s restreint \u00e0 nos syst\u00e8mes.<\/p><h2 class=\"wp-block-heading\">\u00a0<\/h2><h4 class=\"wp-block-heading\">Biscuits<\/h4><p>Notre site utilise des cookies pour am\u00e9liorer votre exp\u00e9rience de navigation. Vous pouvez choisir de les d\u00e9sactiver dans les param\u00e8tres de votre navigateur, bien que cela puisse affecter certaines fonctionnalit\u00e9s du site.<\/p><h2 class=\"wp-block-heading\">\u00a0<\/h2><h4 class=\"wp-block-heading\">Vos droits<\/h4><p data-start=\"2241\" data-end=\"2293\">Selon votre emplacement, vous pourriez avoir droit \u00e0 :<\/p><ul data-start=\"2295\" data-end=\"2478\"><li data-start=\"2295\" data-end=\"2348\"><p data-start=\"2297\" data-end=\"2348\">Acc\u00e9der aux donn\u00e9es personnelles que nous avons sur vous<\/p><\/li><li data-start=\"2349\" data-end=\"2385\"><p data-start=\"2351\" data-end=\"2385\">Corriger les erreurs dans tes informations<\/p><\/li><li data-start=\"2386\" data-end=\"2425\"><p data-start=\"2388\" data-end=\"2425\">Demander la suppression de vos donn\u00e9es<\/p><\/li><li data-start=\"2426\" data-end=\"2478\"><p data-start=\"2428\" data-end=\"2478\">Retirer votre consentement \u00e0 l'utilisation de vos donn\u00e9es<\/p><\/li><\/ul><p data-start=\"2480\" data-end=\"2572\">Pour exercer l'un de ces droits, vous pouvez nous \u00e9crire \u00e0 :\u00a0<a href=\"mailto:info@timeworksmods.com\"><strong>info@timeworksmods.com<\/strong><\/a><\/p><h2 class=\"wp-block-heading\">\u00a0<\/h2><h4 class=\"wp-block-heading\">Changements dans cette politique<\/h4><p>Nous pouvons actualiser cette Politique de Confidentialit\u00e9 de temps \u00e0 autre. Nous vous informerons de tout changement important sur le site web ou par e-mail.<\/p><p><!-- \/wp:paragraph --><\/p>\t\t\t\t\t\t\t\t<\/div>\n\t\t\t\t\t<\/div>\n\t\t\t\t<\/div>\n\t\t\t\t<\/div>","protected":false},"excerpt":{"rendered":"<p>Informaci\u00f3n que recopilamos Cuando visitas nuestro sitio o realizas una compra, podemos recopilar los siguientes datos: Informaci\u00f3n de uso del sitio (cookies, direcci\u00f3n IP, navegador, etc.) Nombre completo Direcci\u00f3n de env\u00edo y facturaci\u00f3n Direcci\u00f3n de correo electr\u00f3nico N\u00famero de tel\u00e9fono Informaci\u00f3n de pago (a trav\u00e9s de pasarelas seguras, no almacenamos datos bancarios) \u00a0 Uso de [&hellip;]<\/p>\n","protected":false},"author":1,"featured_media":0,"parent":0,"menu_order":0,"comment_status":"closed","ping_status":"closed","template":"template-builder.php","meta":{"_acf_changed":false,"_joinchat":[],"footnotes":""},"class_list":["post-179","page","type-page","status-publish","hentry"],"acf":[],"yoast_head":"<!-- This site is optimized with the Yoast SEO plugin v27.4 - https:\/\/yoast.com\/product\/yoast-seo-wordpress\/ -->\n<title>T\u00e9rminos y condiciones | Timeworks\u2122 | Seiko Mods<\/title>\n<meta name=\"description\" content=\"Consulta los T\u00e9rminos y Condiciones de Timeworks Mods. Informaci\u00f3n sobre el uso de nuestra tienda, compras, responsabilidades y derechos de los clientes.\" \/>\n<meta name=\"robots\" content=\"noindex, nofollow\" \/>\n<meta property=\"og:locale\" content=\"fr_FR\" \/>\n<meta property=\"og:type\" content=\"article\" \/>\n<meta property=\"og:title\" content=\"T\u00e9rminos y condiciones | Timeworks\u2122 | Seiko Mods\" \/>\n<meta property=\"og:description\" content=\"Consulta los T\u00e9rminos y Condiciones de Timeworks Mods. Informaci\u00f3n sobre el uso de nuestra tienda, compras, responsabilidades y derechos de los clientes.\" \/>\n<meta property=\"og:url\" content=\"https:\/\/timeworksmods.com\/fr\/terminos-condiciones\/\" \/>\n<meta property=\"og:site_name\" content=\"Timeworks\u2122 | Seiko Mods\" \/>\n<meta property=\"article:modified_time\" content=\"2026-04-10T08:07:05+00:00\" \/>\n<meta property=\"og:image\" content=\"https:\/\/timeworksmods.com\/wp-content\/uploads\/2025\/12\/ad972f10e0800b49d76fed33a21f6698.png\" \/>\n\t<meta property=\"og:image:width\" content=\"1500\" \/>\n\t<meta property=\"og:image:height\" content=\"200\" \/>\n\t<meta property=\"og:image:type\" content=\"image\/png\" \/>\n<meta name=\"twitter:card\" content=\"summary_large_image\" \/>\n<meta name=\"twitter:label1\" content=\"Dur\u00e9e de lecture estim\u00e9e\" \/>\n\t<meta name=\"twitter:data1\" content=\"2 minutes\" \/>\n<script type=\"application\/ld+json\" class=\"yoast-schema-graph\">{\"@context\":\"https:\\\/\\\/schema.org\",\"@graph\":[{\"@type\":\"WebPage\",\"@id\":\"https:\\\/\\\/timeworksmods.com\\\/terminos-condiciones\\\/\",\"url\":\"https:\\\/\\\/timeworksmods.com\\\/terminos-condiciones\\\/\",\"name\":\"T\u00e9rminos y condiciones | Timeworks\u2122 | Seiko Mods\",\"isPartOf\":{\"@id\":\"https:\\\/\\\/timeworksmods.com\\\/#website\"},\"datePublished\":\"2025-12-01T14:50:22+00:00\",\"dateModified\":\"2026-04-10T08:07:05+00:00\",\"description\":\"Consulta los T\u00e9rminos y Condiciones de Timeworks Mods. Informaci\u00f3n sobre el uso de nuestra tienda, compras, responsabilidades y derechos de los clientes.\",\"breadcrumb\":{\"@id\":\"https:\\\/\\\/timeworksmods.com\\\/terminos-condiciones\\\/#breadcrumb\"},\"inLanguage\":\"fr-FR\",\"potentialAction\":[{\"@type\":\"ReadAction\",\"target\":[\"https:\\\/\\\/timeworksmods.com\\\/terminos-condiciones\\\/\"]}]},{\"@type\":\"BreadcrumbList\",\"@id\":\"https:\\\/\\\/timeworksmods.com\\\/terminos-condiciones\\\/#breadcrumb\",\"itemListElement\":[{\"@type\":\"ListItem\",\"position\":1,\"name\":\"Portada\",\"item\":\"https:\\\/\\\/timeworksmods.com\\\/\"},{\"@type\":\"ListItem\",\"position\":2,\"name\":\"T\u00e9rminos y condiciones\"}]},{\"@type\":\"WebSite\",\"@id\":\"https:\\\/\\\/timeworksmods.com\\\/#website\",\"url\":\"https:\\\/\\\/timeworksmods.com\\\/\",\"name\":\"Timeworks\u2122 | Seiko Mods\",\"description\":\"Tu Tienda de Seiko Mods Personalizados\",\"publisher\":{\"@id\":\"https:\\\/\\\/timeworksmods.com\\\/#organization\"},\"alternateName\":\"Timeworks\u2122 | Seiko Mods\",\"potentialAction\":[{\"@type\":\"SearchAction\",\"target\":{\"@type\":\"EntryPoint\",\"urlTemplate\":\"https:\\\/\\\/timeworksmods.com\\\/?s={search_term_string}\"},\"query-input\":{\"@type\":\"PropertyValueSpecification\",\"valueRequired\":true,\"valueName\":\"search_term_string\"}}],\"inLanguage\":\"fr-FR\"},{\"@type\":\"Organization\",\"@id\":\"https:\\\/\\\/timeworksmods.com\\\/#organization\",\"name\":\"Timeworks\u2122 | Seiko Mods\",\"alternateName\":\"Timeworks\u2122 | Seiko Mods\",\"url\":\"https:\\\/\\\/timeworksmods.com\\\/\",\"logo\":{\"@type\":\"ImageObject\",\"inLanguage\":\"fr-FR\",\"@id\":\"https:\\\/\\\/timeworksmods.com\\\/#\\\/schema\\\/logo\\\/image\\\/\",\"url\":\"https:\\\/\\\/timeworksmods.com\\\/wp-content\\\/uploads\\\/2025\\\/12\\\/ad972f10e0800b49d76fed33a21f6698.png\",\"contentUrl\":\"https:\\\/\\\/timeworksmods.com\\\/wp-content\\\/uploads\\\/2025\\\/12\\\/ad972f10e0800b49d76fed33a21f6698.png\",\"width\":1500,\"height\":200,\"caption\":\"Timeworks\u2122 | Seiko Mods\"},\"image\":{\"@id\":\"https:\\\/\\\/timeworksmods.com\\\/#\\\/schema\\\/logo\\\/image\\\/\"}}]}<\/script>\n<!-- \/ Yoast SEO plugin. -->","yoast_head_json":{"title":"T\u00e9rminos y condiciones | Timeworks\u2122 | Seiko Mods","description":"Consulta los T\u00e9rminos y Condiciones de Timeworks Mods. Informaci\u00f3n sobre el uso de nuestra tienda, compras, responsabilidades y derechos de los clientes.","robots":{"index":"noindex","follow":"nofollow"},"og_locale":"fr_FR","og_type":"article","og_title":"T\u00e9rminos y condiciones | Timeworks\u2122 | Seiko Mods","og_description":"Consulta los T\u00e9rminos y Condiciones de Timeworks Mods. Informaci\u00f3n sobre el uso de nuestra tienda, compras, responsabilidades y derechos de los clientes.","og_url":"https:\/\/timeworksmods.com\/fr\/terminos-condiciones\/","og_site_name":"Timeworks\u2122 | Seiko Mods","article_modified_time":"2026-04-10T08:07:05+00:00","og_image":[{"width":1500,"height":200,"url":"https:\/\/timeworksmods.com\/wp-content\/uploads\/2025\/12\/ad972f10e0800b49d76fed33a21f6698.png","type":"image\/png"}],"twitter_card":"summary_large_image","twitter_misc":{"Dur\u00e9e de lecture estim\u00e9e":"2 minutes"},"schema":{"@context":"https:\/\/schema.org","@graph":[{"@type":"WebPage","@id":"https:\/\/timeworksmods.com\/terminos-condiciones\/","url":"https:\/\/timeworksmods.com\/terminos-condiciones\/","name":"T\u00e9rminos y condiciones | Timeworks\u2122 | Seiko Mods","isPartOf":{"@id":"https:\/\/timeworksmods.com\/#website"},"datePublished":"2025-12-01T14:50:22+00:00","dateModified":"2026-04-10T08:07:05+00:00","description":"Consulta los T\u00e9rminos y Condiciones de Timeworks Mods. Informaci\u00f3n sobre el uso de nuestra tienda, compras, responsabilidades y derechos de los clientes.","breadcrumb":{"@id":"https:\/\/timeworksmods.com\/terminos-condiciones\/#breadcrumb"},"inLanguage":"fr-FR","potentialAction":[{"@type":"ReadAction","target":["https:\/\/timeworksmods.com\/terminos-condiciones\/"]}]},{"@type":"BreadcrumbList","@id":"https:\/\/timeworksmods.com\/terminos-condiciones\/#breadcrumb","itemListElement":[{"@type":"ListItem","position":1,"name":"Portada","item":"https:\/\/timeworksmods.com\/"},{"@type":"ListItem","position":2,"name":"T\u00e9rminos y condiciones"}]},{"@type":"WebSite","@id":"https:\/\/timeworksmods.com\/#website","url":"https:\/\/timeworksmods.com\/","name":"Timeworks\u2122 | Mods Seiko","description":"Votre boutique de modifications Seiko personnalis\u00e9es","publisher":{"@id":"https:\/\/timeworksmods.com\/#organization"},"alternateName":"Timeworks\u2122 | Seiko Mods","potentialAction":[{"@type":"SearchAction","target":{"@type":"EntryPoint","urlTemplate":"https:\/\/timeworksmods.com\/?s={search_term_string}"},"query-input":{"@type":"PropertyValueSpecification","valueRequired":true,"valueName":"search_term_string"}}],"inLanguage":"fr-FR"},{"@type":"Organization","@id":"https:\/\/timeworksmods.com\/#organization","name":"Timeworks\u2122 | Mods Seiko","alternateName":"Timeworks\u2122 | Seiko Mods","url":"https:\/\/timeworksmods.com\/","logo":{"@type":"ImageObject","inLanguage":"fr-FR","@id":"https:\/\/timeworksmods.com\/#\/schema\/logo\/image\/","url":"https:\/\/timeworksmods.com\/wp-content\/uploads\/2025\/12\/ad972f10e0800b49d76fed33a21f6698.png","contentUrl":"https:\/\/timeworksmods.com\/wp-content\/uploads\/2025\/12\/ad972f10e0800b49d76fed33a21f6698.png","width":1500,"height":200,"caption":"Timeworks\u2122 | Seiko Mods"},"image":{"@id":"https:\/\/timeworksmods.com\/#\/schema\/logo\/image\/"}}]}},"_links":{"self":[{"href":"https:\/\/timeworksmods.com\/fr\/wp-json\/wp\/v2\/pages\/179","targetHints":{"allow":["GET"]}}],"collection":[{"href":"https:\/\/timeworksmods.com\/fr\/wp-json\/wp\/v2\/pages"}],"about":[{"href":"https:\/\/timeworksmods.com\/fr\/wp-json\/wp\/v2\/types\/page"}],"author":[{"embeddable":true,"href":"https:\/\/timeworksmods.com\/fr\/wp-json\/wp\/v2\/users\/1"}],"replies":[{"embeddable":true,"href":"https:\/\/timeworksmods.com\/fr\/wp-json\/wp\/v2\/comments?post=179"}],"version-history":[{"count":8,"href":"https:\/\/timeworksmods.com\/fr\/wp-json\/wp\/v2\/pages\/179\/revisions"}],"predecessor-version":[{"id":4615,"href":"https:\/\/timeworksmods.com\/fr\/wp-json\/wp\/v2\/pages\/179\/revisions\/4615"}],"wp:attachment":[{"href":"https:\/\/timeworksmods.com\/fr\/wp-json\/wp\/v2\/media?parent=179"}],"curies":[{"name":"wp","href":"https:\/\/api.w.org\/{rel}","templated":true}]}}