{"id":2669,"date":"2025-12-18T09:42:43","date_gmt":"2025-12-18T08:42:43","guid":{"rendered":"https:\/\/timeworksmods.com\/?page_id=2669"},"modified":"2026-02-21T09:25:42","modified_gmt":"2026-02-21T08:25:42","slug":"garantia","status":"publish","type":"page","link":"https:\/\/timeworksmods.com\/fr\/garantie\/","title":{"rendered":"Garantie"},"content":{"rendered":"<div data-elementor-type=\"wp-page\" data-elementor-id=\"2669\" class=\"elementor elementor-2669\" data-elementor-post-type=\"page\">\n\t\t\t\t<div class=\"e-con-top elementor-element elementor-element-4f2af731 e-flex e-con-boxed e-con e-parent\" data-id=\"4f2af731\" data-element_type=\"container\" data-e-type=\"container\">\n\t\t\t\t\t<div class=\"e-con-inner\">\n\t\t<div class=\"elementor-element elementor-element-1f6db296 e-con-full e-flex e-con e-child\" data-id=\"1f6db296\" data-element_type=\"container\" data-e-type=\"container\">\n\t\t\t\t<\/div>\n\t\t\t\t\t<\/div>\n\t\t\t\t<\/div>\n\t\t<div class=\"e-con-top elementor-element elementor-element-1a5c123b e-flex e-con-boxed e-con e-parent\" data-id=\"1a5c123b\" data-element_type=\"container\" data-e-type=\"container\">\n\t\t\t\t\t<div class=\"e-con-inner\">\n\t\t\t\t<div class=\"elementor-element elementor-element-680c758f elementor-widget elementor-widget-text-editor\" data-id=\"680c758f\" data-element_type=\"widget\" data-e-type=\"widget\" data-widget_type=\"text-editor.default\">\n\t\t\t\t\t\t\t\t\t<p data-start=\"158\" data-end=\"251\"><strong data-start=\"203\" data-end=\"225\">Date d'entr\u00e9e en vigueur :<\/strong> 18 d\u00e9cembre 2025<\/p><p data-start=\"253\" data-end=\"567\">En <strong data-start=\"256\" data-end=\"274\">Modules Timeworks<\/strong>, nous nous engageons sur la qualit\u00e9 et le savoir-faire de nos montres personnalis\u00e9es. Notre objectif est de garantir la satisfaction et la confiance de nos clients dans nos produits. Cette politique de garantie d\u00e9crit la couverture et les proc\u00e9dures de demande de service sous garantie.<\/p><h3 data-start=\"569\" data-end=\"597\">Couverture de garantie<\/h3><p data-start=\"598\" data-end=\"770\"><strong data-start=\"598\" data-end=\"622\">Produits couverts :<\/strong> Cette garantie s'applique aux montres personnalis\u00e9es de <strong data-start=\"676\" data-end=\"694\">Modules Timeworks<\/strong>, acquis directement aupr\u00e8s de Timeworks Mods ou de revendeurs agr\u00e9\u00e9s.<\/p><p data-start=\"772\" data-end=\"792\">La garantie couvre :<\/p><ul data-start=\"793\" data-end=\"1087\"><li data-start=\"793\" data-end=\"884\"><p data-start=\"795\" data-end=\"884\">D\u00e9fauts de mat\u00e9riaux et de main-d'\u0153uvre dans des conditions normales d'utilisation et d'entretien.<\/p><\/li><li data-start=\"885\" data-end=\"971\"><p data-start=\"887\" data-end=\"971\">R\u00e9paration ou remplacement des pi\u00e8ces n\u00e9cessaires pour corriger les d\u00e9fauts de fabrication.<\/p><\/li><li data-start=\"972\" data-end=\"1087\"><p data-start=\"974\" data-end=\"1087\">Mouvements cessant de fonctionner correctement et n'ayant pas \u00e9t\u00e9 expos\u00e9s \u00e0 des liquides de mani\u00e8re inappropri\u00e9e.<\/p><\/li><\/ul><p data-start=\"1089\" data-end=\"1219\"><strong data-start=\"1089\" data-end=\"1113\">P\u00e9riode de garantie<\/strong> La garantie a une dur\u00e9e de <strong data-start=\"1148\" data-end=\"1158\">2 ans<\/strong> \u00e0 compter de la date d'achat d'origine par le premier acheteur.<\/p><h3 data-start=\"1221\" data-end=\"1251\">Exclusions de garantie<\/h3><p data-start=\"1252\" data-end=\"1367\">Cette garantie <strong data-start=\"1266\" data-end=\"1332\">ne couvre pas les dommages caus\u00e9s par des facteurs externes ou une mauvaise utilisation<\/strong>, y, entre otras cosas:<\/p><ul data-start=\"1368\" data-end=\"1750\"><li data-start=\"1368\" data-end=\"1413\"><p data-start=\"1370\" data-end=\"1413\">Accidents, abus, n\u00e9gligence ou mauvaise utilisation.<\/p><\/li><li data-start=\"1414\" data-end=\"1480\"><p data-start=\"1416\" data-end=\"1480\">Ouverture du bo\u00eetier de la montre ou modifications non autoris\u00e9es.<\/p><\/li><li data-start=\"1481\" data-end=\"1544\"><p data-start=\"1483\" data-end=\"1544\">Non-respect des instructions d'utilisation ou d'entretien.<\/p><\/li><li data-start=\"1545\" data-end=\"1609\"><p data-start=\"1547\" data-end=\"1609\">Usure normale, rayures, d\u00e9coloration ou perte de brillance.<\/p><\/li><li data-start=\"1610\" data-end=\"1750\"><p data-start=\"1612\" data-end=\"1750\">Entr\u00e9e d'eau, car il n'est pas possible de v\u00e9rifier si le dommage a \u00e9t\u00e9 caus\u00e9 par une mauvaise utilisation du client (couronne ouverte ou pression sup\u00e9rieure \u00e0 celle admise par le mod\u00e8le).<\/p><\/li><\/ul><h3 data-start=\"1752\" data-end=\"1800\">Proc\u00e9dure de demande de garantie<\/h3><ol data-start=\"1801\" data-end=\"2470\"><li data-start=\"1801\" data-end=\"2009\"><p data-start=\"1804\" data-end=\"2009\"><strong data-start=\"1804\" data-end=\"1817\">Contact :<\/strong> Pour initier une demande de garantie, contactez <strong data-start=\"1868\" data-end=\"1886\">Modules Timeworks<\/strong> en <strong data-start=\"1890\" data-end=\"1916\"><a class=\"decorated-link cursor-pointer\" rel=\"noopener\" data-start=\"1892\" data-end=\"1914\">info@timeworksmods.com<\/a><\/strong>\u00a0pour d\u00e9terminer le probl\u00e8me et la solution la plus appropri\u00e9e.<\/p><\/li><li data-start=\"2010\" data-end=\"2113\"><p data-start=\"2013\" data-end=\"2113\"><strong data-start=\"2013\" data-end=\"2039\">Re\u00e7u d'achat<\/strong> La preuve d'achat originale, telle qu'une facture ou un re\u00e7u, sera demand\u00e9e.<\/p><\/li><li data-start=\"2114\" data-end=\"2322\"><p data-start=\"2117\" data-end=\"2322\"><strong data-start=\"2117\" data-end=\"2137\">Frais de port :<\/strong> Le client est responsable de renvoyer le produit d\u00e9fectueux \u00e0 <strong data-start=\"2199\" data-end=\"2217\">Modules Timeworks<\/strong>. Si la r\u00e9clamation est valide, nous prendrons en charge l'exp\u00e9dition de retour de la montre r\u00e9par\u00e9e ou remplac\u00e9e.<\/p><\/li><li data-start=\"2323\" data-end=\"2470\"><p data-start=\"2326\" data-end=\"2470\"><strong data-start=\"2326\" data-end=\"2350\">Processus de r\u00e9vision<\/strong> Une fois re\u00e7u, nous inspecterons le produit et vous informerons de l'\u00e9tat de votre r\u00e9clamation dans un d\u00e9lai raisonnable.<\/p><\/li><\/ol><h3 data-start=\"2472\" data-end=\"2505\">Clause de non-responsabilit\u00e9<\/h3><p data-start=\"2506\" data-end=\"2743\"><strong data-start=\"2506\" data-end=\"2524\">Modules Timeworks<\/strong> ne sera responsable des dommages indirects ou cons\u00e9cutifs r\u00e9sultant de l'utilisation du produit ou de toute violation de cette garantie. Les garanties implicites sont limit\u00e9es \u00e0 la dur\u00e9e de cette garantie expresse.<\/p><p data-start=\"2745\" data-end=\"2899\">Cette garantie vous conf\u00e8re des droits l\u00e9gaux sp\u00e9cifiques, et vous pourriez avoir d'autres droits suppl\u00e9mentaires en vertu de la l\u00e9gislation applicable dans votre juridiction.<\/p><h3 data-start=\"2901\" data-end=\"2939\">Changements dans la politique de garantie<\/h3><p data-start=\"2940\" data-end=\"3135\"><strong data-start=\"2940\" data-end=\"2958\">Modules Timeworks<\/strong> se r\u00e9serve le droit de mettre \u00e0 jour ou de modifier cette politique de garantie \u00e0 tout moment. Les modifications seront publi\u00e9es sur notre site Web et entreront en vigueur imm\u00e9diatement.<\/p><p data-start=\"3137\" data-end=\"3255\">Pour toute question ou information suppl\u00e9mentaire concernant la garantie, contactez notre service client\u00e8le.<\/p><p><!-- \/wp:paragraph --><\/p>\t\t\t\t\t\t\t\t<\/div>\n\t\t\t\t\t<\/div>\n\t\t\t\t<\/div>\n\t\t\t\t<\/div>","protected":false},"excerpt":{"rendered":"<p>Fecha de vigencia: 18 de diciembre de 2025 En Timeworks Mods, nos comprometemos con la calidad y la artesan\u00eda de nuestros relojes personalizados. Nuestro objetivo es garantizar la satisfacci\u00f3n del cliente y la confianza en nuestros productos. Esta Pol\u00edtica de Garant\u00eda describe la cobertura y los procedimientos para solicitar el servicio de garant\u00eda. Cobertura de [&hellip;]<\/p>\n","protected":false},"author":1,"featured_media":0,"parent":0,"menu_order":0,"comment_status":"closed","ping_status":"closed","template":"template-builder.php","meta":{"_acf_changed":false,"_joinchat":[],"footnotes":""},"class_list":["post-2669","page","type-page","status-publish","hentry"],"acf":[],"yoast_head":"<!-- This site is optimized with the Yoast SEO plugin v27.4 - https:\/\/yoast.com\/product\/yoast-seo-wordpress\/ -->\n<title>Pol\u00edtica de Garant\u00eda<\/title>\n<meta name=\"description\" content=\"Conoce la garant\u00eda de Timeworks Mods y c\u00f3mo protegemos tus compras. Informaci\u00f3n sobre cobertura y condiciones aplicables.\" \/>\n<meta name=\"robots\" content=\"index, follow, max-snippet:-1, max-image-preview:large, max-video-preview:-1\" \/>\n<link rel=\"canonical\" href=\"https:\/\/timeworksmods.com\/fr\/garantie\/\" \/>\n<meta property=\"og:locale\" content=\"fr_FR\" \/>\n<meta property=\"og:type\" content=\"article\" \/>\n<meta property=\"og:title\" content=\"Pol\u00edtica de Garant\u00eda\" \/>\n<meta property=\"og:description\" content=\"Conoce la garant\u00eda de Timeworks Mods y c\u00f3mo protegemos tus compras. Informaci\u00f3n sobre cobertura y condiciones aplicables.\" \/>\n<meta property=\"og:url\" content=\"https:\/\/timeworksmods.com\/fr\/garantie\/\" \/>\n<meta property=\"og:site_name\" content=\"Timeworks\u2122 | Seiko Mods\" \/>\n<meta property=\"article:modified_time\" content=\"2026-02-21T08:25:42+00:00\" \/>\n<meta property=\"og:image\" content=\"https:\/\/timeworksmods.com\/wp-content\/uploads\/2025\/12\/ad972f10e0800b49d76fed33a21f6698.png\" \/>\n\t<meta property=\"og:image:width\" content=\"1500\" \/>\n\t<meta property=\"og:image:height\" content=\"200\" \/>\n\t<meta property=\"og:image:type\" content=\"image\/png\" \/>\n<meta name=\"twitter:card\" content=\"summary_large_image\" \/>\n<meta name=\"twitter:label1\" content=\"Dur\u00e9e de lecture estim\u00e9e\" \/>\n\t<meta name=\"twitter:data1\" content=\"2 minutes\" \/>\n<script type=\"application\/ld+json\" class=\"yoast-schema-graph\">{\"@context\":\"https:\\\/\\\/schema.org\",\"@graph\":[{\"@type\":\"WebPage\",\"@id\":\"https:\\\/\\\/timeworksmods.com\\\/garantia\\\/\",\"url\":\"https:\\\/\\\/timeworksmods.com\\\/garantia\\\/\",\"name\":\"Pol\u00edtica de Garant\u00eda\",\"isPartOf\":{\"@id\":\"https:\\\/\\\/timeworksmods.com\\\/#website\"},\"datePublished\":\"2025-12-18T08:42:43+00:00\",\"dateModified\":\"2026-02-21T08:25:42+00:00\",\"description\":\"Conoce la garant\u00eda de Timeworks Mods y c\u00f3mo protegemos tus compras. Informaci\u00f3n sobre cobertura y condiciones aplicables.\",\"breadcrumb\":{\"@id\":\"https:\\\/\\\/timeworksmods.com\\\/garantia\\\/#breadcrumb\"},\"inLanguage\":\"fr-FR\",\"potentialAction\":[{\"@type\":\"ReadAction\",\"target\":[\"https:\\\/\\\/timeworksmods.com\\\/garantia\\\/\"]}]},{\"@type\":\"BreadcrumbList\",\"@id\":\"https:\\\/\\\/timeworksmods.com\\\/garantia\\\/#breadcrumb\",\"itemListElement\":[{\"@type\":\"ListItem\",\"position\":1,\"name\":\"Portada\",\"item\":\"https:\\\/\\\/timeworksmods.com\\\/\"},{\"@type\":\"ListItem\",\"position\":2,\"name\":\"Garant\u00eda\"}]},{\"@type\":\"WebSite\",\"@id\":\"https:\\\/\\\/timeworksmods.com\\\/#website\",\"url\":\"https:\\\/\\\/timeworksmods.com\\\/\",\"name\":\"Timeworks\u2122 | Seiko Mods\",\"description\":\"Tu Tienda de Seiko Mods Personalizados\",\"publisher\":{\"@id\":\"https:\\\/\\\/timeworksmods.com\\\/#organization\"},\"alternateName\":\"Timeworks\u2122 | Seiko Mods\",\"potentialAction\":[{\"@type\":\"SearchAction\",\"target\":{\"@type\":\"EntryPoint\",\"urlTemplate\":\"https:\\\/\\\/timeworksmods.com\\\/?s={search_term_string}\"},\"query-input\":{\"@type\":\"PropertyValueSpecification\",\"valueRequired\":true,\"valueName\":\"search_term_string\"}}],\"inLanguage\":\"fr-FR\"},{\"@type\":\"Organization\",\"@id\":\"https:\\\/\\\/timeworksmods.com\\\/#organization\",\"name\":\"Timeworks\u2122 | Seiko Mods\",\"alternateName\":\"Timeworks\u2122 | Seiko Mods\",\"url\":\"https:\\\/\\\/timeworksmods.com\\\/\",\"logo\":{\"@type\":\"ImageObject\",\"inLanguage\":\"fr-FR\",\"@id\":\"https:\\\/\\\/timeworksmods.com\\\/#\\\/schema\\\/logo\\\/image\\\/\",\"url\":\"https:\\\/\\\/timeworksmods.com\\\/wp-content\\\/uploads\\\/2025\\\/12\\\/ad972f10e0800b49d76fed33a21f6698.png\",\"contentUrl\":\"https:\\\/\\\/timeworksmods.com\\\/wp-content\\\/uploads\\\/2025\\\/12\\\/ad972f10e0800b49d76fed33a21f6698.png\",\"width\":1500,\"height\":200,\"caption\":\"Timeworks\u2122 | Seiko Mods\"},\"image\":{\"@id\":\"https:\\\/\\\/timeworksmods.com\\\/#\\\/schema\\\/logo\\\/image\\\/\"}}]}<\/script>\n<!-- \/ Yoast SEO plugin. -->","yoast_head_json":{"title":"Politique de Garantie","description":"D\u00e9couvrez la garantie Timeworks Mods et comment nous prot\u00e9geons vos achats. Informations sur la couverture et les conditions applicables.","robots":{"index":"index","follow":"follow","max-snippet":"max-snippet:-1","max-image-preview":"max-image-preview:large","max-video-preview":"max-video-preview:-1"},"canonical":"https:\/\/timeworksmods.com\/fr\/garantie\/","og_locale":"fr_FR","og_type":"article","og_title":"Pol\u00edtica de Garant\u00eda","og_description":"Conoce la garant\u00eda de Timeworks Mods y c\u00f3mo protegemos tus compras. Informaci\u00f3n sobre cobertura y condiciones aplicables.","og_url":"https:\/\/timeworksmods.com\/fr\/garantie\/","og_site_name":"Timeworks\u2122 | Seiko Mods","article_modified_time":"2026-02-21T08:25:42+00:00","og_image":[{"width":1500,"height":200,"url":"https:\/\/timeworksmods.com\/wp-content\/uploads\/2025\/12\/ad972f10e0800b49d76fed33a21f6698.png","type":"image\/png"}],"twitter_card":"summary_large_image","twitter_misc":{"Dur\u00e9e de lecture estim\u00e9e":"2 minutes"},"schema":{"@context":"https:\/\/schema.org","@graph":[{"@type":"WebPage","@id":"https:\/\/timeworksmods.com\/garantia\/","url":"https:\/\/timeworksmods.com\/garantia\/","name":"Politique de Garantie","isPartOf":{"@id":"https:\/\/timeworksmods.com\/#website"},"datePublished":"2025-12-18T08:42:43+00:00","dateModified":"2026-02-21T08:25:42+00:00","description":"D\u00e9couvrez la garantie Timeworks Mods et comment nous prot\u00e9geons vos achats. Informations sur la couverture et les conditions applicables.","breadcrumb":{"@id":"https:\/\/timeworksmods.com\/garantia\/#breadcrumb"},"inLanguage":"fr-FR","potentialAction":[{"@type":"ReadAction","target":["https:\/\/timeworksmods.com\/garantia\/"]}]},{"@type":"BreadcrumbList","@id":"https:\/\/timeworksmods.com\/garantia\/#breadcrumb","itemListElement":[{"@type":"ListItem","position":1,"name":"Portada","item":"https:\/\/timeworksmods.com\/"},{"@type":"ListItem","position":2,"name":"Garant\u00eda"}]},{"@type":"WebSite","@id":"https:\/\/timeworksmods.com\/#website","url":"https:\/\/timeworksmods.com\/","name":"Timeworks\u2122 | Mods Seiko","description":"Votre boutique de modifications Seiko personnalis\u00e9es","publisher":{"@id":"https:\/\/timeworksmods.com\/#organization"},"alternateName":"Timeworks\u2122 | Seiko Mods","potentialAction":[{"@type":"SearchAction","target":{"@type":"EntryPoint","urlTemplate":"https:\/\/timeworksmods.com\/?s={search_term_string}"},"query-input":{"@type":"PropertyValueSpecification","valueRequired":true,"valueName":"search_term_string"}}],"inLanguage":"fr-FR"},{"@type":"Organization","@id":"https:\/\/timeworksmods.com\/#organization","name":"Timeworks\u2122 | Mods Seiko","alternateName":"Timeworks\u2122 | Seiko Mods","url":"https:\/\/timeworksmods.com\/","logo":{"@type":"ImageObject","inLanguage":"fr-FR","@id":"https:\/\/timeworksmods.com\/#\/schema\/logo\/image\/","url":"https:\/\/timeworksmods.com\/wp-content\/uploads\/2025\/12\/ad972f10e0800b49d76fed33a21f6698.png","contentUrl":"https:\/\/timeworksmods.com\/wp-content\/uploads\/2025\/12\/ad972f10e0800b49d76fed33a21f6698.png","width":1500,"height":200,"caption":"Timeworks\u2122 | Seiko Mods"},"image":{"@id":"https:\/\/timeworksmods.com\/#\/schema\/logo\/image\/"}}]}},"_links":{"self":[{"href":"https:\/\/timeworksmods.com\/fr\/wp-json\/wp\/v2\/pages\/2669","targetHints":{"allow":["GET"]}}],"collection":[{"href":"https:\/\/timeworksmods.com\/fr\/wp-json\/wp\/v2\/pages"}],"about":[{"href":"https:\/\/timeworksmods.com\/fr\/wp-json\/wp\/v2\/types\/page"}],"author":[{"embeddable":true,"href":"https:\/\/timeworksmods.com\/fr\/wp-json\/wp\/v2\/users\/1"}],"replies":[{"embeddable":true,"href":"https:\/\/timeworksmods.com\/fr\/wp-json\/wp\/v2\/comments?post=2669"}],"version-history":[{"count":8,"href":"https:\/\/timeworksmods.com\/fr\/wp-json\/wp\/v2\/pages\/2669\/revisions"}],"predecessor-version":[{"id":4612,"href":"https:\/\/timeworksmods.com\/fr\/wp-json\/wp\/v2\/pages\/2669\/revisions\/4612"}],"wp:attachment":[{"href":"https:\/\/timeworksmods.com\/fr\/wp-json\/wp\/v2\/media?parent=2669"}],"curies":[{"name":"wp","href":"https:\/\/api.w.org\/{rel}","templated":true}]}}