{"id":2683,"date":"2025-12-18T09:56:02","date_gmt":"2025-12-18T08:56:02","guid":{"rendered":"https:\/\/timeworksmods.com\/?page_id=2683"},"modified":"2026-04-10T10:07:08","modified_gmt":"2026-04-10T08:07:08","slug":"politicas-de-privacidad","status":"publish","type":"page","link":"https:\/\/timeworksmods.com\/fr\/politicas-de-privacidad\/","title":{"rendered":"Politiques de confidentialit\u00e9"},"content":{"rendered":"<div data-elementor-type=\"wp-page\" data-elementor-id=\"2683\" class=\"elementor elementor-2683\" data-elementor-post-type=\"page\">\n\t\t\t\t<div class=\"e-con-top elementor-element elementor-element-4f2af731 e-flex e-con-boxed e-con e-parent\" data-id=\"4f2af731\" data-element_type=\"container\" data-e-type=\"container\">\n\t\t\t\t\t<div class=\"e-con-inner\">\n\t\t<div class=\"elementor-element elementor-element-1f6db296 e-con-full e-flex e-con e-child\" data-id=\"1f6db296\" data-element_type=\"container\" data-e-type=\"container\">\n\t\t\t\t<\/div>\n\t\t\t\t\t<\/div>\n\t\t\t\t<\/div>\n\t\t<div class=\"e-con-top elementor-element elementor-element-1a5c123b e-flex e-con-boxed e-con e-parent\" data-id=\"1a5c123b\" data-element_type=\"container\" data-e-type=\"container\">\n\t\t\t\t\t<div class=\"e-con-inner\">\n\t\t\t\t<div class=\"elementor-element elementor-element-680c758f elementor-widget elementor-widget-text-editor\" data-id=\"680c758f\" data-element_type=\"widget\" data-e-type=\"widget\" data-widget_type=\"text-editor.default\">\n\t\t\t\t\t\t\t\t\t<h3 data-start=\"569\" data-end=\"597\">Identidad del responsable<\/h3>\n<ul data-start=\"349\" data-end=\"582\">\n<li data-start=\"349\" data-end=\"419\">\n<p data-start=\"351\" data-end=\"419\"><strong data-start=\"351\" data-end=\"373\">Titular de la web:<\/strong>\u00a0\u00c1ngel S\u00e1nchez Dur\u00e1n, aut\u00f3nomo en Espa\u00f1a<\/p>\n<\/li>\n<li data-start=\"420\" data-end=\"460\">\n<p data-start=\"422\" data-end=\"460\"><strong data-start=\"422\" data-end=\"443\">Nombre comercial:<\/strong>\u00a0Modules Timeworks<\/p>\n<\/li>\n<li data-start=\"461\" data-end=\"500\">\n<p data-start=\"463\" data-end=\"500\"><strong data-start=\"463\" data-end=\"477\">Direcci\u00f3n:<\/strong>\u00a0Ba\u00f1os 18, Alange (06840), Badajoz<\/p>\n<\/li>\n<li data-start=\"501\" data-end=\"550\">\n<p data-start=\"503\" data-end=\"550\"><strong data-start=\"503\" data-end=\"526\">Correo electr\u00f3nico:<\/strong>\u00a0info@timeworksmods.com<\/p>\n<\/li>\n<li data-start=\"551\" data-end=\"582\">\n<p data-start=\"553\" data-end=\"582\"><strong data-start=\"553\" data-end=\"566\">Tel\u00e9fono:<\/strong>\u00a0+34 684 48 51 88<\/p>\n<\/li>\n<\/ul>\n<p data-start=\"584\" data-end=\"717\">Timeworks Mods est responsable du traitement des donn\u00e9es personnelles que vous nous fournissez lors de l'utilisation de notre site Web ou lors d'une commande.<\/p>\n<p data-start=\"584\" data-end=\"717\">\u00a0<\/p>\n<h3 data-start=\"569\" data-end=\"597\">Datos que recopilamos<\/h3>\n<p data-start=\"754\" data-end=\"821\">Cuando visitas nuestra web o realizas un pedido, podemos recopilar:<\/p>\n<ul data-start=\"823\" data-end=\"1131\">\n<li data-start=\"823\" data-end=\"895\">\n<p data-start=\"825\" data-end=\"895\">Informaci\u00f3n de uso del sitio: cookies, direcci\u00f3n IP, navegador, etc.<\/p>\n<\/li>\n<li data-start=\"896\" data-end=\"915\">\n<p data-start=\"898\" data-end=\"915\">Nombre entier<\/p>\n<\/li>\n<li data-start=\"916\" data-end=\"952\">\n<p data-start=\"918\" data-end=\"952\">Adresse de livraison et de facturation<\/p>\n<\/li>\n<li data-start=\"953\" data-end=\"988\">\n<p data-start=\"955\" data-end=\"988\">Adresse de courriel<\/p>\n<\/li>\n<li data-start=\"989\" data-end=\"1011\">\n<p data-start=\"991\" data-end=\"1011\">Num\u00e9ro de t\u00e9l\u00e9phone<\/p>\n<\/li>\n<li data-start=\"1012\" data-end=\"1131\">\n<p data-start=\"1014\" data-end=\"1131\">Informaci\u00f3n de pago (procesada mediante pasarelas seguras como PayPal o Stripe;\u00a0<strong data-start=\"1094\" data-end=\"1128\">no almacenamos datos bancarios<\/strong>)<\/p>\n<\/li>\n<\/ul>\n<p>\u00a0<\/p>\n<h3 data-start=\"569\" data-end=\"597\">Finalidad del tratamiento<\/h3>\n<p data-start=\"1172\" data-end=\"1210\">Utilizamos los datos recopilados para:<\/p>\n<ul data-start=\"1212\" data-end=\"1476\">\n<li data-start=\"1212\" data-end=\"1245\">\n<p data-start=\"1214\" data-end=\"1245\">Traiter et exp\u00e9dier vos commandes<\/p>\n<\/li>\n<li data-start=\"1246\" data-end=\"1293\">\n<p data-start=\"1248\" data-end=\"1293\">Cumplir con obligaciones legales y fiscales<\/p>\n<\/li>\n<li data-start=\"1294\" data-end=\"1335\">\n<p data-start=\"1296\" data-end=\"1335\">Brindar atenci\u00f3n y soporte al cliente<\/p>\n<\/li>\n<li data-start=\"1336\" data-end=\"1377\">\n<p data-start=\"1338\" data-end=\"1377\">Personalizar tu experiencia en la web<\/p>\n<\/li>\n<li data-start=\"1378\" data-end=\"1476\">\n<p data-start=\"1380\" data-end=\"1476\">Enviar informaci\u00f3n sobre pedidos, promociones o novedades (solo si has dado tu consentimiento)<\/p>\n<\/li>\n<\/ul>\n<p>\u00a0<\/p>\n<h3 data-start=\"569\" data-end=\"597\">Compartir tus datos<\/h3>\n<p data-start=\"1511\" data-end=\"1604\">No vendemos ni alquilamos tus datos personales a terceros. Podemos compartir informaci\u00f3n con:<\/p>\n<ul data-start=\"1606\" data-end=\"1859\">\n<li data-start=\"1606\" data-end=\"1657\">\n<p data-start=\"1608\" data-end=\"1657\">Autoridades legales, si fuera requerido por ley<\/p>\n<\/li>\n<li data-start=\"1658\" data-end=\"1717\">\n<p data-start=\"1660\" data-end=\"1717\">Proveedores de servicios de pago (PayPal, Stripe, etc.)<\/p>\n<\/li>\n<li data-start=\"1718\" data-end=\"1773\">\n<p data-start=\"1720\" data-end=\"1773\">Entreprises de messagerie pour l'exp\u00e9dition de vos commandes<\/p>\n<\/li>\n<li data-start=\"1774\" data-end=\"1859\">\n<p data-start=\"1776\" data-end=\"1859\">Plataformas de an\u00e1lisis de datos o marketing, \u00fanicamente para mejorar el servicio<\/p>\n<\/li>\n<\/ul>\n<p>\u00a0<\/p>\n<div class=\"wp-block-group\">\n<h3 data-start=\"569\" data-end=\"597\">S\u00e9curit\u00e9 de tes donn\u00e9es<\/h3>\n<\/div>\n<p data-start=\"1897\" data-end=\"2057\">Nous mettons en \u0153uvre des mesures techniques et organisationnelles pour prot\u00e9ger vos donn\u00e9es personnelles contre la perte, l'acc\u00e8s non autoris\u00e9, la modification ou la divulgation. Celles-ci comprennent :<\/p>\n<ul data-start=\"2059\" data-end=\"2131\">\n<li data-start=\"2059\" data-end=\"2088\">\n<p data-start=\"2061\" data-end=\"2088\">Certificado SSL en la web<\/p>\n<\/li>\n<li data-start=\"2089\" data-end=\"2131\">\n<p data-start=\"2091\" data-end=\"2131\">Acceso restringido a sistemas internos<\/p>\n<\/li>\n<\/ul>\n<p>\u00a0<\/p>\n<h3 data-start=\"569\" data-end=\"597\">Biscuits<\/h3>\n<p data-start=\"2154\" data-end=\"2224\">Nuestra web utiliza cookies para mejorar la experiencia de navegaci\u00f3n:<\/p>\n<ul data-start=\"2226\" data-end=\"2357\">\n<li data-start=\"2226\" data-end=\"2294\">\n<p data-start=\"2228\" data-end=\"2294\">Cookies funcionales: necesarias para el funcionamiento de la web<\/p>\n<\/li>\n<li data-start=\"2295\" data-end=\"2357\">\n<p data-start=\"2297\" data-end=\"2357\">Cookies anal\u00edticas: para medir y analizar el uso del sitio<\/p>\n<\/li>\n<\/ul>\n<p data-start=\"2359\" data-end=\"2478\">Vous pouvez d\u00e9sactiver les cookies dans les param\u00e8tres de votre navigateur, bien que certaines fonctionnalit\u00e9s puissent \u00eatre affect\u00e9es.<\/p>\n<p data-start=\"2359\" data-end=\"2478\">\u00a0<\/p>\n<h3 data-start=\"569\" data-end=\"597\">Derechos de los usuarios<\/h3>\n<p data-start=\"2518\" data-end=\"2562\">Conform\u00e9ment \u00e0 la r\u00e9glementation en vigueur, vous pouvez :<\/p>\n<ul data-start=\"2564\" data-end=\"2736\">\n<li data-start=\"2564\" data-end=\"2598\">\n<p data-start=\"2566\" data-end=\"2598\">Acceder a tus datos personales<\/p>\n<\/li>\n<li data-start=\"2599\" data-end=\"2639\">\n<p data-start=\"2601\" data-end=\"2639\">Rectificar errores en tu informaci\u00f3n<\/p>\n<\/li>\n<li data-start=\"2640\" data-end=\"2681\">\n<p data-start=\"2642\" data-end=\"2681\">Demander la suppression de vos donn\u00e9es<\/p>\n<\/li>\n<li data-start=\"2682\" data-end=\"2736\">\n<p data-start=\"2684\" data-end=\"2736\">Retirer votre consentement \u00e0 l'utilisation de vos donn\u00e9es<\/p>\n<\/li>\n<\/ul>\n<p data-start=\"2738\" data-end=\"2815\">Para ejercer estos derechos, env\u00edanos un correo a:\u00a0<b>info@timeworksmods.com<\/b><\/p>\n<p data-start=\"2738\" data-end=\"2815\">\u00a0<\/p>\n<h3 data-start=\"569\" data-end=\"597\">Cambios en esta Pol\u00edtica<\/h3>\n<p>Timeworks Mods peut mettre \u00e0 jour cette politique de confidentialit\u00e9 de temps \u00e0 autre. Les changements importants seront signal\u00e9s sur le site Web ou par courriel.<\/p>\n<p><!-- \/wp:paragraph --><\/p>\t\t\t\t\t\t\t\t<\/div>\n\t\t\t\t\t<\/div>\n\t\t\t\t<\/div>\n\t\t\t\t<\/div>","protected":false},"excerpt":{"rendered":"<p>Identidad del responsable Titular de la web:\u00a0\u00c1ngel S\u00e1nchez Dur\u00e1n, aut\u00f3nomo en Espa\u00f1a Nombre comercial:\u00a0Timeworks Mods Direcci\u00f3n:\u00a0Ba\u00f1os 18, Alange (06840), Badajoz Correo electr\u00f3nico:\u00a0info@timeworksmods.com Tel\u00e9fono:\u00a0+34 684 48 51 88 Timeworks Mods es responsable del tratamiento de los datos personales que nos facilites al utilizar nuestra web o realizar un pedido. \u00a0 Datos que recopilamos Cuando visitas nuestra [&hellip;]<\/p>\n","protected":false},"author":1,"featured_media":0,"parent":0,"menu_order":0,"comment_status":"closed","ping_status":"closed","template":"template-builder.php","meta":{"_acf_changed":false,"_joinchat":[],"footnotes":""},"class_list":["post-2683","page","type-page","status-publish","hentry"],"acf":[],"yoast_head":"<!-- This site is optimized with the Yoast SEO plugin v27.4 - https:\/\/yoast.com\/product\/yoast-seo-wordpress\/ -->\n<title>Pol\u00edticas de privacidad | Timeworks\u2122 | Seiko Mods<\/title>\n<meta name=\"description\" content=\"Timeworks Mods asegura la protecci\u00f3n de tus datos. Revisa nuestra Pol\u00edtica de Privacidad y conoce c\u00f3mo manejamos tu informaci\u00f3n.\" \/>\n<meta name=\"robots\" content=\"noindex, nofollow\" \/>\n<meta property=\"og:locale\" content=\"fr_FR\" \/>\n<meta property=\"og:type\" content=\"article\" \/>\n<meta property=\"og:title\" content=\"Pol\u00edticas de privacidad | Timeworks\u2122 | Seiko Mods\" \/>\n<meta property=\"og:description\" content=\"Timeworks Mods asegura la protecci\u00f3n de tus datos. Revisa nuestra Pol\u00edtica de Privacidad y conoce c\u00f3mo manejamos tu informaci\u00f3n.\" \/>\n<meta property=\"og:url\" content=\"https:\/\/timeworksmods.com\/fr\/politicas-de-privacidad\/\" \/>\n<meta property=\"og:site_name\" content=\"Timeworks\u2122 | Seiko Mods\" \/>\n<meta property=\"article:modified_time\" content=\"2026-04-10T08:07:08+00:00\" \/>\n<meta property=\"og:image\" content=\"https:\/\/timeworksmods.com\/wp-content\/uploads\/2025\/12\/ad972f10e0800b49d76fed33a21f6698.png\" \/>\n\t<meta property=\"og:image:width\" content=\"1500\" \/>\n\t<meta property=\"og:image:height\" content=\"200\" \/>\n\t<meta property=\"og:image:type\" content=\"image\/png\" \/>\n<meta name=\"twitter:card\" content=\"summary_large_image\" \/>\n<meta name=\"twitter:label1\" content=\"Dur\u00e9e de lecture estim\u00e9e\" \/>\n\t<meta name=\"twitter:data1\" content=\"2 minutes\" \/>\n<script type=\"application\/ld+json\" class=\"yoast-schema-graph\">{\"@context\":\"https:\\\/\\\/schema.org\",\"@graph\":[{\"@type\":\"WebPage\",\"@id\":\"https:\\\/\\\/timeworksmods.com\\\/politicas-de-privacidad\\\/\",\"url\":\"https:\\\/\\\/timeworksmods.com\\\/politicas-de-privacidad\\\/\",\"name\":\"Pol\u00edticas de privacidad | Timeworks\u2122 | Seiko Mods\",\"isPartOf\":{\"@id\":\"https:\\\/\\\/timeworksmods.com\\\/#website\"},\"datePublished\":\"2025-12-18T08:56:02+00:00\",\"dateModified\":\"2026-04-10T08:07:08+00:00\",\"description\":\"Timeworks Mods asegura la protecci\u00f3n de tus datos. Revisa nuestra Pol\u00edtica de Privacidad y conoce c\u00f3mo manejamos tu informaci\u00f3n.\",\"breadcrumb\":{\"@id\":\"https:\\\/\\\/timeworksmods.com\\\/politicas-de-privacidad\\\/#breadcrumb\"},\"inLanguage\":\"fr-FR\",\"potentialAction\":[{\"@type\":\"ReadAction\",\"target\":[\"https:\\\/\\\/timeworksmods.com\\\/politicas-de-privacidad\\\/\"]}]},{\"@type\":\"BreadcrumbList\",\"@id\":\"https:\\\/\\\/timeworksmods.com\\\/politicas-de-privacidad\\\/#breadcrumb\",\"itemListElement\":[{\"@type\":\"ListItem\",\"position\":1,\"name\":\"Portada\",\"item\":\"https:\\\/\\\/timeworksmods.com\\\/\"},{\"@type\":\"ListItem\",\"position\":2,\"name\":\"Pol\u00edticas de privacidad\"}]},{\"@type\":\"WebSite\",\"@id\":\"https:\\\/\\\/timeworksmods.com\\\/#website\",\"url\":\"https:\\\/\\\/timeworksmods.com\\\/\",\"name\":\"Timeworks\u2122 | Seiko Mods\",\"description\":\"Tu Tienda de Seiko Mods Personalizados\",\"publisher\":{\"@id\":\"https:\\\/\\\/timeworksmods.com\\\/#organization\"},\"alternateName\":\"Timeworks\u2122 | Seiko Mods\",\"potentialAction\":[{\"@type\":\"SearchAction\",\"target\":{\"@type\":\"EntryPoint\",\"urlTemplate\":\"https:\\\/\\\/timeworksmods.com\\\/?s={search_term_string}\"},\"query-input\":{\"@type\":\"PropertyValueSpecification\",\"valueRequired\":true,\"valueName\":\"search_term_string\"}}],\"inLanguage\":\"fr-FR\"},{\"@type\":\"Organization\",\"@id\":\"https:\\\/\\\/timeworksmods.com\\\/#organization\",\"name\":\"Timeworks\u2122 | Seiko Mods\",\"alternateName\":\"Timeworks\u2122 | Seiko Mods\",\"url\":\"https:\\\/\\\/timeworksmods.com\\\/\",\"logo\":{\"@type\":\"ImageObject\",\"inLanguage\":\"fr-FR\",\"@id\":\"https:\\\/\\\/timeworksmods.com\\\/#\\\/schema\\\/logo\\\/image\\\/\",\"url\":\"https:\\\/\\\/timeworksmods.com\\\/wp-content\\\/uploads\\\/2025\\\/12\\\/ad972f10e0800b49d76fed33a21f6698.png\",\"contentUrl\":\"https:\\\/\\\/timeworksmods.com\\\/wp-content\\\/uploads\\\/2025\\\/12\\\/ad972f10e0800b49d76fed33a21f6698.png\",\"width\":1500,\"height\":200,\"caption\":\"Timeworks\u2122 | Seiko Mods\"},\"image\":{\"@id\":\"https:\\\/\\\/timeworksmods.com\\\/#\\\/schema\\\/logo\\\/image\\\/\"}}]}<\/script>\n<!-- \/ Yoast SEO plugin. -->","yoast_head_json":{"title":"Pol\u00edticas de privacidad | Timeworks\u2122 | Seiko Mods","description":"Timeworks Mods asegura la protecci\u00f3n de tus datos. Revisa nuestra Pol\u00edtica de Privacidad y conoce c\u00f3mo manejamos tu informaci\u00f3n.","robots":{"index":"noindex","follow":"nofollow"},"og_locale":"fr_FR","og_type":"article","og_title":"Pol\u00edticas de privacidad | Timeworks\u2122 | Seiko Mods","og_description":"Timeworks Mods asegura la protecci\u00f3n de tus datos. Revisa nuestra Pol\u00edtica de Privacidad y conoce c\u00f3mo manejamos tu informaci\u00f3n.","og_url":"https:\/\/timeworksmods.com\/fr\/politicas-de-privacidad\/","og_site_name":"Timeworks\u2122 | Seiko Mods","article_modified_time":"2026-04-10T08:07:08+00:00","og_image":[{"width":1500,"height":200,"url":"https:\/\/timeworksmods.com\/wp-content\/uploads\/2025\/12\/ad972f10e0800b49d76fed33a21f6698.png","type":"image\/png"}],"twitter_card":"summary_large_image","twitter_misc":{"Dur\u00e9e de lecture estim\u00e9e":"2 minutes"},"schema":{"@context":"https:\/\/schema.org","@graph":[{"@type":"WebPage","@id":"https:\/\/timeworksmods.com\/politicas-de-privacidad\/","url":"https:\/\/timeworksmods.com\/politicas-de-privacidad\/","name":"Pol\u00edticas de privacidad | Timeworks\u2122 | Seiko Mods","isPartOf":{"@id":"https:\/\/timeworksmods.com\/#website"},"datePublished":"2025-12-18T08:56:02+00:00","dateModified":"2026-04-10T08:07:08+00:00","description":"Timeworks Mods asegura la protecci\u00f3n de tus datos. Revisa nuestra Pol\u00edtica de Privacidad y conoce c\u00f3mo manejamos tu informaci\u00f3n.","breadcrumb":{"@id":"https:\/\/timeworksmods.com\/politicas-de-privacidad\/#breadcrumb"},"inLanguage":"fr-FR","potentialAction":[{"@type":"ReadAction","target":["https:\/\/timeworksmods.com\/politicas-de-privacidad\/"]}]},{"@type":"BreadcrumbList","@id":"https:\/\/timeworksmods.com\/politicas-de-privacidad\/#breadcrumb","itemListElement":[{"@type":"ListItem","position":1,"name":"Portada","item":"https:\/\/timeworksmods.com\/"},{"@type":"ListItem","position":2,"name":"Pol\u00edticas de privacidad"}]},{"@type":"WebSite","@id":"https:\/\/timeworksmods.com\/#website","url":"https:\/\/timeworksmods.com\/","name":"Timeworks\u2122 | Mods Seiko","description":"Votre boutique de modifications Seiko personnalis\u00e9es","publisher":{"@id":"https:\/\/timeworksmods.com\/#organization"},"alternateName":"Timeworks\u2122 | Seiko Mods","potentialAction":[{"@type":"SearchAction","target":{"@type":"EntryPoint","urlTemplate":"https:\/\/timeworksmods.com\/?s={search_term_string}"},"query-input":{"@type":"PropertyValueSpecification","valueRequired":true,"valueName":"search_term_string"}}],"inLanguage":"fr-FR"},{"@type":"Organization","@id":"https:\/\/timeworksmods.com\/#organization","name":"Timeworks\u2122 | Mods Seiko","alternateName":"Timeworks\u2122 | Seiko Mods","url":"https:\/\/timeworksmods.com\/","logo":{"@type":"ImageObject","inLanguage":"fr-FR","@id":"https:\/\/timeworksmods.com\/#\/schema\/logo\/image\/","url":"https:\/\/timeworksmods.com\/wp-content\/uploads\/2025\/12\/ad972f10e0800b49d76fed33a21f6698.png","contentUrl":"https:\/\/timeworksmods.com\/wp-content\/uploads\/2025\/12\/ad972f10e0800b49d76fed33a21f6698.png","width":1500,"height":200,"caption":"Timeworks\u2122 | Seiko Mods"},"image":{"@id":"https:\/\/timeworksmods.com\/#\/schema\/logo\/image\/"}}]}},"_links":{"self":[{"href":"https:\/\/timeworksmods.com\/fr\/wp-json\/wp\/v2\/pages\/2683","targetHints":{"allow":["GET"]}}],"collection":[{"href":"https:\/\/timeworksmods.com\/fr\/wp-json\/wp\/v2\/pages"}],"about":[{"href":"https:\/\/timeworksmods.com\/fr\/wp-json\/wp\/v2\/types\/page"}],"author":[{"embeddable":true,"href":"https:\/\/timeworksmods.com\/fr\/wp-json\/wp\/v2\/users\/1"}],"replies":[{"embeddable":true,"href":"https:\/\/timeworksmods.com\/fr\/wp-json\/wp\/v2\/comments?post=2683"}],"version-history":[{"count":5,"href":"https:\/\/timeworksmods.com\/fr\/wp-json\/wp\/v2\/pages\/2683\/revisions"}],"predecessor-version":[{"id":2688,"href":"https:\/\/timeworksmods.com\/fr\/wp-json\/wp\/v2\/pages\/2683\/revisions\/2688"}],"wp:attachment":[{"href":"https:\/\/timeworksmods.com\/fr\/wp-json\/wp\/v2\/media?parent=2683"}],"curies":[{"name":"wp","href":"https:\/\/api.w.org\/{rel}","templated":true}]}}