{"id":2691,"date":"2025-12-18T10:03:34","date_gmt":"2025-12-18T09:03:34","guid":{"rendered":"https:\/\/timeworksmods.com\/?page_id=2691"},"modified":"2026-04-10T10:07:59","modified_gmt":"2026-04-10T08:07:59","slug":"aviso-legal","status":"publish","type":"page","link":"https:\/\/timeworksmods.com\/fr\/mentions-legales\/","title":{"rendered":"Mentions l\u00e9gales"},"content":{"rendered":"<div data-elementor-type=\"wp-page\" data-elementor-id=\"2691\" class=\"elementor elementor-2691\" data-elementor-post-type=\"page\">\n\t\t\t\t<div class=\"e-con-top elementor-element elementor-element-4f2af731 e-flex e-con-boxed e-con e-parent\" data-id=\"4f2af731\" data-element_type=\"container\" data-e-type=\"container\">\n\t\t\t\t\t<div class=\"e-con-inner\">\n\t\t<div class=\"elementor-element elementor-element-1f6db296 e-con-full e-flex e-con e-child\" data-id=\"1f6db296\" data-element_type=\"container\" data-e-type=\"container\">\n\t\t\t\t<\/div>\n\t\t\t\t\t<\/div>\n\t\t\t\t<\/div>\n\t\t<div class=\"e-con-top elementor-element elementor-element-1a5c123b e-flex e-con-boxed e-con e-parent\" data-id=\"1a5c123b\" data-element_type=\"container\" data-e-type=\"container\">\n\t\t\t\t\t<div class=\"e-con-inner\">\n\t\t\t\t<div class=\"elementor-element elementor-element-680c758f elementor-widget elementor-widget-text-editor\" data-id=\"680c758f\" data-element_type=\"widget\" data-e-type=\"widget\" data-widget_type=\"text-editor.default\">\n\t\t\t\t\t\t\t\t\t<h2 class=\"wp-block-heading\">SIN AFILIACI\u00d3N DE MARCA<\/h2>\n<p data-start=\"392\" data-end=\"740\">En\u00a0<strong data-start=\"395\" data-end=\"413\">Modules Timeworks<\/strong>, nos especializamos en crear y vender relojes personalizados de alta calidad que utilizan movimientos\u00a0<strong data-start=\"516\" data-end=\"550\">Time Module Inc. (TMI)<\/strong>, una subsidiaria de\u00a0<strong data-start=\"571\" data-end=\"603\">Seiko Instruments Inc. (SII)<\/strong>. Nuestros relojes est\u00e1n dise\u00f1ados con pasi\u00f3n y respeto por la tradici\u00f3n relojera, empleando piezas de alta calidad ensambladas a mano.<\/p>\n<p data-start=\"742\" data-end=\"770\"><strong data-start=\"742\" data-end=\"768\">Aclaraci\u00f3n importante:<\/strong><\/p>\n<ul data-start=\"772\" data-end=\"1953\">\n<li data-start=\"772\" data-end=\"1182\">\n<p data-start=\"774\" data-end=\"1182\"><strong data-start=\"774\" data-end=\"803\">Sin afiliaci\u00f3n con Seiko:<\/strong>\u00a0Timeworks Mods no est\u00e1 afiliado, asociado, autorizado, avalado ni en ning\u00fan sentido oficialmente relacionado con\u00a0<strong data-start=\"917\" data-end=\"934\">Seiko Company<\/strong>\u00a0ni con ninguna de sus subsidiarias. Los relojes que vendemos son\u00a0<strong data-start=\"1000\" data-end=\"1033\">modificaciones personalizadas<\/strong> que utilizan movimientos originales. Nuestros productos son independientes y no deben considerarse como productos emitidos directamente por Seiko.<\/p>\n<\/li>\n<li data-start=\"1184\" data-end=\"1441\">\n<p data-start=\"1186\" data-end=\"1441\"><strong data-start=\"1186\" data-end=\"1216\">Origen de los componentes:<\/strong> Utilizamos movimientos fabricados por <strong data-start=\"516\" data-end=\"550\">Time Module Inc. (TMI)<\/strong>, adquiridos a trav\u00e9s de canales leg\u00edtimos e integrados en nuestras creaciones personalizadas. Cada reloj es ensamblado y ajustado con m\u00e1ximo cuidado por nuestros relojeros.<\/p>\n<\/li>\n<li data-start=\"1443\" data-end=\"1753\">\n<p data-start=\"1445\" data-end=\"1753\"><strong data-start=\"1445\" data-end=\"1475\">Personalizaci\u00f3n y calidad:<\/strong> Cada reloj es una pieza \u00fanica, ajustada manualmente para asegurar precisi\u00f3n dentro de los est\u00e1ndares del fabricante. Nuestro proceso de personalizaci\u00f3n es un tributo a la relojer\u00eda tradicional, ofreciendo a nuestros clientes <strong data-start=\"1709\" data-end=\"1750\">un dise\u00f1o exclusivo y de alta calidad<\/strong>.<\/p>\n<\/li>\n<li data-start=\"1755\" data-end=\"1953\">\n<p data-start=\"1757\" data-end=\"1953\"><strong data-start=\"1757\" data-end=\"1793\">Compromiso con la transparencia:<\/strong>\u00a0Garantizamos que nuestros clientes comprendan claramente la naturaleza independiente de nuestras creaciones y la\u00a0<strong data-start=\"1907\" data-end=\"1950\">falta de afiliaci\u00f3n con cualquier marca<\/strong>.<\/p>\n<\/li>\n<\/ul>\n<p data-start=\"1955\" data-end=\"2059\">Para cualquier duda, puedes contactarnos en\u00a0<strong data-start=\"1999\" data-end=\"2025\"><a class=\"decorated-link cursor-pointer\" rel=\"noopener\" data-start=\"2001\" data-end=\"2023\">info@timeworksmods.com<\/a><\/strong>\u00a0<\/p>\n<p data-start=\"1955\" data-end=\"2059\">\u00a0<\/p>\n<h2 class=\"wp-block-heading\">T\u00e9rminos de Servicio de Timeworks Mods<\/h2>\n<p data-start=\"2108\" data-end=\"2471\">Este sitio web es operado por\u00a0<strong data-start=\"2138\" data-end=\"2175\">\u00c1ngel S\u00e1nchez Dur\u00e1n, aut\u00f3nomo<\/strong>, comercializando como\u00a0<strong data-start=\"2198\" data-end=\"2216\">Modules Timeworks<\/strong>. A lo largo del sitio, los t\u00e9rminos \u201cnosotros\u201d, \u201cnos\u201d y \u201cnuestro\u201d se refieren a\u00a0<strong data-start=\"2297\" data-end=\"2315\">Modules Timeworks<\/strong>. El uso de este sitio web, incluyendo informaci\u00f3n, herramientas y servicios disponibles, est\u00e1 condicionado a la aceptaci\u00f3n de estos t\u00e9rminos y pol\u00edticas.<\/p>\n<div class=\"wp-block-group\">\u00a0<\/div>\n<p data-start=\"1665\" data-end=\"1955\"><strong data-start=\"1665\" data-end=\"1696\">Aceptaci\u00f3n de los T\u00e9rminos:<\/strong><br data-start=\"1696\" data-end=\"1699\" \/>En acc\u00e9dant ou en utilisant ce site web, vous acceptez les termes et conditions \u00e9nonc\u00e9s dans les pr\u00e9sentes, y compris les politiques suppl\u00e9mentaires mentionn\u00e9es sur le site web. En effectuant des achats ou en interagissant avec nos services, vous acceptez d'\u00eatre li\u00e9 par ces Conditions d'utilisation.<\/p>\n<p data-start=\"1957\" data-end=\"2355\"><strong data-start=\"1957\" data-end=\"1978\">Edad y Uso Legal:<\/strong><br data-start=\"1978\" data-end=\"1981\" \/>Debes ser mayor de edad para utilizar nuestro sitio y comprar productos. El uso del sitio y de los productos ofrecidos debe ser legal y autorizado, sin transmitir virus ni c\u00f3digos da\u00f1inos que puedan afectar la funcionalidad de la web. Nos reservamos el derecho de rechazar pedidos o servicios por cualquier motivo y de limitar la venta de productos seg\u00fan nuestra discreci\u00f3n.<\/p>\n<p data-start=\"2357\" data-end=\"2826\"><strong data-start=\"2357\" data-end=\"2385\">Informaci\u00f3n y Exactitud:<\/strong><br data-start=\"2385\" data-end=\"2388\" \/>Toutes les informations fournies lors de votre inscription ou de votre achat doivent \u00eatre compl\u00e8tes et exactes, et il est de votre responsabilit\u00e9 de les mettre \u00e0 jour si n\u00e9cessaire. Nous faisons de notre mieux pour afficher les produits avec pr\u00e9cision, mais nous ne pouvons garantir que les couleurs seront reproduites exactement sur votre \u00e9cran. Les produits, prix et disponibilit\u00e9 sont susceptibles de changer sans pr\u00e9avis, et certains produits peuvent \u00eatre disponibles exclusivement en ligne.<\/p>\n<p data-start=\"2828\" data-end=\"3055\"><strong data-start=\"2828\" data-end=\"2852\">Producci\u00f3n y Env\u00edos:<\/strong><br data-start=\"2852\" data-end=\"2855\" \/>Toutes nos montres sont produites sur commande, avec un d\u00e9lai de fabrication et d'exp\u00e9dition de 10 \u00e0 20 jours. Nous nous r\u00e9servons le droit de modifier ou d'interrompre des produits et services sans pr\u00e9avis.<\/p>\n<p data-start=\"3057\" data-end=\"3250\"><strong data-start=\"3057\" data-end=\"3096\">Herramientas y Enlaces de Terceros:<\/strong><br data-start=\"3096\" data-end=\"3099\" \/>El uso de herramientas o enlaces de terceros se proporciona \u201ctal cual\u201d y no asumimos responsabilidad por contenido, seguridad o transacciones externas.<\/p>\n<p data-start=\"3252\" data-end=\"3530\"><strong data-start=\"3252\" data-end=\"3288\">Comentarios y Retroalimentaci\u00f3n:<\/strong><br data-start=\"3288\" data-end=\"3291\" \/>Al enviarnos comentarios o ideas, aceptas que Timeworks Mods pueda utilizarlos libremente sin compensaci\u00f3n ni obligaci\u00f3n de confidencialidad. Los comentarios no deben infringir derechos de terceros ni incluir material ofensivo o malicioso.<\/p>\n<p data-start=\"3532\" data-end=\"3928\"><strong data-start=\"3532\" data-end=\"3570\">Informations personnelles et confidentialit\u00e9<\/strong><br data-start=\"3570\" data-end=\"3573\" \/>Les informations personnelles que nous collectons sont trait\u00e9es conform\u00e9ment \u00e0 notre Politique de Confidentialit\u00e9, en conformit\u00e9 avec le RGPD et la LOPDGDD, garantissant leur utilisation correcte pour traiter les commandes, nous conformer \u00e0 nos obligations l\u00e9gales et fournir un service client. Les utilisateurs ont le droit d'acc\u00e9der, de rectifier ou de supprimer leurs donn\u00e9es, ainsi que de retirer leur consentement \u00e0 leur utilisation.<\/p>\n<p data-start=\"3930\" data-end=\"4318\"><strong data-start=\"3930\" data-end=\"3964\">Limitaci\u00f3n de Responsabilidad:<\/strong><br data-start=\"3964\" data-end=\"3967\" \/>Timeworks Mods ne garantit pas les r\u00e9sultats sp\u00e9cifiques de l'utilisation du site ni l'absence d'erreurs, et ne sera pas tenu responsable des dommages directs, indirects ou cons\u00e9cutifs d\u00e9coulant de l'utilisation des produits ou services. Nous nous r\u00e9servons le droit de mettre fin \u00e0 votre acc\u00e8s au site si vous enfreignez ces conditions, et tout litige sera r\u00e9gi par les lois de l'Espagne.<\/p>\n<p data-start=\"4320\" data-end=\"4495\"><strong data-start=\"4320\" data-end=\"4348\">Informaci\u00f3n del proveedor:<\/strong><br data-start=\"4348\" data-end=\"4351\" \/>Timeworks Mods \u2013 Aut\u00f3nomo: \u00c1ngel S\u00e1nchez Dur\u00e1n<br data-start=\"4401\" data-end=\"4404\" \/>Direcci\u00f3n: Ba\u00f1os 18, Alange (06840), Badajoz, Espa\u00f1a<br data-start=\"4435\" data-end=\"4438\" \/>Courriel :\u00a0<a class=\"decorated-link cursor-pointer\" rel=\"noopener\" data-start=\"4445\" data-end=\"4467\">info@timeworksmods.com<\/a><br data-start=\"4467\" data-end=\"4470\" \/>Tel\u00e9fono: +34 684 485 188<\/p>\n<p><!-- \/wp:paragraph --><\/p>\t\t\t\t\t\t\t\t<\/div>\n\t\t\t\t\t<\/div>\n\t\t\t\t<\/div>\n\t\t\t\t<\/div>","protected":false},"excerpt":{"rendered":"<p>SIN AFILIACI\u00d3N DE MARCA En\u00a0Timeworks Mods, nos especializamos en crear y vender relojes personalizados de alta calidad que utilizan movimientos\u00a0Time Module Inc. (TMI), una subsidiaria de\u00a0Seiko Instruments Inc. (SII). Nuestros relojes est\u00e1n dise\u00f1ados con pasi\u00f3n y respeto por la tradici\u00f3n relojera, empleando piezas de alta calidad ensambladas a mano. Aclaraci\u00f3n importante: Sin afiliaci\u00f3n con Seiko:\u00a0Timeworks [&hellip;]<\/p>\n","protected":false},"author":1,"featured_media":0,"parent":0,"menu_order":0,"comment_status":"closed","ping_status":"closed","template":"template-builder.php","meta":{"_acf_changed":false,"_joinchat":[],"footnotes":""},"class_list":["post-2691","page","type-page","status-publish","hentry"],"acf":[],"yoast_head":"<!-- This site is optimized with the Yoast SEO plugin v27.4 - https:\/\/yoast.com\/product\/yoast-seo-wordpress\/ -->\n<title>Aviso legal | Timeworks\u2122 | Seiko Mods<\/title>\n<meta name=\"description\" content=\"Consulta el Aviso Legal de Timeworks Seiko Mods. Informaci\u00f3n sobre t\u00e9rminos, responsabilidades y condiciones de uso de nuestra web.\" \/>\n<meta name=\"robots\" content=\"noindex, nofollow\" \/>\n<meta property=\"og:locale\" content=\"fr_FR\" \/>\n<meta property=\"og:type\" content=\"article\" \/>\n<meta property=\"og:title\" content=\"Aviso legal | Timeworks\u2122 | Seiko Mods\" \/>\n<meta property=\"og:description\" content=\"Consulta el Aviso Legal de Timeworks Seiko Mods. Informaci\u00f3n sobre t\u00e9rminos, responsabilidades y condiciones de uso de nuestra web.\" \/>\n<meta property=\"og:url\" content=\"https:\/\/timeworksmods.com\/fr\/mentions-legales\/\" \/>\n<meta property=\"og:site_name\" content=\"Timeworks\u2122 | Seiko Mods\" \/>\n<meta property=\"article:modified_time\" content=\"2026-04-10T08:07:59+00:00\" \/>\n<meta property=\"og:image\" content=\"https:\/\/timeworksmods.com\/wp-content\/uploads\/2025\/12\/ad972f10e0800b49d76fed33a21f6698.png\" \/>\n\t<meta property=\"og:image:width\" content=\"1500\" \/>\n\t<meta property=\"og:image:height\" content=\"200\" \/>\n\t<meta property=\"og:image:type\" content=\"image\/png\" \/>\n<meta name=\"twitter:card\" content=\"summary_large_image\" \/>\n<meta name=\"twitter:label1\" content=\"Est. reading time\" \/>\n\t<meta name=\"twitter:data1\" content=\"4 minutes\" \/>\n<script type=\"application\/ld+json\" class=\"yoast-schema-graph\">{\"@context\":\"https:\\\/\\\/schema.org\",\"@graph\":[{\"@type\":\"WebPage\",\"@id\":\"https:\\\/\\\/timeworksmods.com\\\/aviso-legal\\\/\",\"url\":\"https:\\\/\\\/timeworksmods.com\\\/aviso-legal\\\/\",\"name\":\"Aviso legal | Timeworks\u2122 | Seiko Mods\",\"isPartOf\":{\"@id\":\"https:\\\/\\\/timeworksmods.com\\\/#website\"},\"datePublished\":\"2025-12-18T09:03:34+00:00\",\"dateModified\":\"2026-04-10T08:07:59+00:00\",\"description\":\"Consulta el Aviso Legal de Timeworks Seiko Mods. Informaci\u00f3n sobre t\u00e9rminos, responsabilidades y condiciones de uso de nuestra web.\",\"breadcrumb\":{\"@id\":\"https:\\\/\\\/timeworksmods.com\\\/aviso-legal\\\/#breadcrumb\"},\"inLanguage\":\"fr-FR\",\"potentialAction\":[{\"@type\":\"ReadAction\",\"target\":[\"https:\\\/\\\/timeworksmods.com\\\/aviso-legal\\\/\"]}]},{\"@type\":\"BreadcrumbList\",\"@id\":\"https:\\\/\\\/timeworksmods.com\\\/aviso-legal\\\/#breadcrumb\",\"itemListElement\":[{\"@type\":\"ListItem\",\"position\":1,\"name\":\"Portada\",\"item\":\"https:\\\/\\\/timeworksmods.com\\\/\"},{\"@type\":\"ListItem\",\"position\":2,\"name\":\"Aviso legal\"}]},{\"@type\":\"WebSite\",\"@id\":\"https:\\\/\\\/timeworksmods.com\\\/#website\",\"url\":\"https:\\\/\\\/timeworksmods.com\\\/\",\"name\":\"Timeworks\u2122 | Seiko Mods\",\"description\":\"Tu Tienda de Seiko Mods Personalizados\",\"publisher\":{\"@id\":\"https:\\\/\\\/timeworksmods.com\\\/#organization\"},\"alternateName\":\"Timeworks\u2122 | Seiko Mods\",\"potentialAction\":[{\"@type\":\"SearchAction\",\"target\":{\"@type\":\"EntryPoint\",\"urlTemplate\":\"https:\\\/\\\/timeworksmods.com\\\/?s={search_term_string}\"},\"query-input\":{\"@type\":\"PropertyValueSpecification\",\"valueRequired\":true,\"valueName\":\"search_term_string\"}}],\"inLanguage\":\"fr-FR\"},{\"@type\":\"Organization\",\"@id\":\"https:\\\/\\\/timeworksmods.com\\\/#organization\",\"name\":\"Timeworks\u2122 | Seiko Mods\",\"alternateName\":\"Timeworks\u2122 | Seiko Mods\",\"url\":\"https:\\\/\\\/timeworksmods.com\\\/\",\"logo\":{\"@type\":\"ImageObject\",\"inLanguage\":\"fr-FR\",\"@id\":\"https:\\\/\\\/timeworksmods.com\\\/#\\\/schema\\\/logo\\\/image\\\/\",\"url\":\"https:\\\/\\\/timeworksmods.com\\\/wp-content\\\/uploads\\\/2025\\\/12\\\/ad972f10e0800b49d76fed33a21f6698.png\",\"contentUrl\":\"https:\\\/\\\/timeworksmods.com\\\/wp-content\\\/uploads\\\/2025\\\/12\\\/ad972f10e0800b49d76fed33a21f6698.png\",\"width\":1500,\"height\":200,\"caption\":\"Timeworks\u2122 | Seiko Mods\"},\"image\":{\"@id\":\"https:\\\/\\\/timeworksmods.com\\\/#\\\/schema\\\/logo\\\/image\\\/\"}}]}<\/script>\n<!-- \/ Yoast SEO plugin. -->","yoast_head_json":{"title":"Mentions l\u00e9gales | Timeworks\u2122 | Seiko Mods","description":"Consulter l'Avis Juridique de Timeworks Seiko Mods. Informations sur les termes, les responsabilit\u00e9s et les conditions d'utilisation de notre site web.","robots":{"index":"noindex","follow":"nofollow"},"og_locale":"fr_FR","og_type":"article","og_title":"Aviso legal | Timeworks\u2122 | Seiko Mods","og_description":"Consulta el Aviso Legal de Timeworks Seiko Mods. Informaci\u00f3n sobre t\u00e9rminos, responsabilidades y condiciones de uso de nuestra web.","og_url":"https:\/\/timeworksmods.com\/fr\/mentions-legales\/","og_site_name":"Timeworks\u2122 | Seiko Mods","article_modified_time":"2026-04-10T08:07:59+00:00","og_image":[{"width":1500,"height":200,"url":"https:\/\/timeworksmods.com\/wp-content\/uploads\/2025\/12\/ad972f10e0800b49d76fed33a21f6698.png","type":"image\/png"}],"twitter_card":"summary_large_image","twitter_misc":{"Est. reading time":"4 minutes"},"schema":{"@context":"https:\/\/schema.org","@graph":[{"@type":"WebPage","@id":"https:\/\/timeworksmods.com\/aviso-legal\/","url":"https:\/\/timeworksmods.com\/aviso-legal\/","name":"Mentions l\u00e9gales | Timeworks\u2122 | Seiko Mods","isPartOf":{"@id":"https:\/\/timeworksmods.com\/#website"},"datePublished":"2025-12-18T09:03:34+00:00","dateModified":"2026-04-10T08:07:59+00:00","description":"Consulter l'Avis Juridique de Timeworks Seiko Mods. Informations sur les termes, les responsabilit\u00e9s et les conditions d'utilisation de notre site web.","breadcrumb":{"@id":"https:\/\/timeworksmods.com\/aviso-legal\/#breadcrumb"},"inLanguage":"fr-FR","potentialAction":[{"@type":"ReadAction","target":["https:\/\/timeworksmods.com\/aviso-legal\/"]}]},{"@type":"BreadcrumbList","@id":"https:\/\/timeworksmods.com\/aviso-legal\/#breadcrumb","itemListElement":[{"@type":"ListItem","position":1,"name":"Portada","item":"https:\/\/timeworksmods.com\/"},{"@type":"ListItem","position":2,"name":"Aviso legal"}]},{"@type":"WebSite","@id":"https:\/\/timeworksmods.com\/#website","url":"https:\/\/timeworksmods.com\/","name":"Timeworks\u2122 | Mods Seiko","description":"Votre boutique de modifications Seiko personnalis\u00e9es","publisher":{"@id":"https:\/\/timeworksmods.com\/#organization"},"alternateName":"Timeworks\u2122 | Seiko Mods","potentialAction":[{"@type":"SearchAction","target":{"@type":"EntryPoint","urlTemplate":"https:\/\/timeworksmods.com\/?s={search_term_string}"},"query-input":{"@type":"PropertyValueSpecification","valueRequired":true,"valueName":"search_term_string"}}],"inLanguage":"fr-FR"},{"@type":"Organization","@id":"https:\/\/timeworksmods.com\/#organization","name":"Timeworks\u2122 | Mods Seiko","alternateName":"Timeworks\u2122 | Seiko Mods","url":"https:\/\/timeworksmods.com\/","logo":{"@type":"ImageObject","inLanguage":"fr-FR","@id":"https:\/\/timeworksmods.com\/#\/schema\/logo\/image\/","url":"https:\/\/timeworksmods.com\/wp-content\/uploads\/2025\/12\/ad972f10e0800b49d76fed33a21f6698.png","contentUrl":"https:\/\/timeworksmods.com\/wp-content\/uploads\/2025\/12\/ad972f10e0800b49d76fed33a21f6698.png","width":1500,"height":200,"caption":"Timeworks\u2122 | Seiko Mods"},"image":{"@id":"https:\/\/timeworksmods.com\/#\/schema\/logo\/image\/"}}]}},"_links":{"self":[{"href":"https:\/\/timeworksmods.com\/fr\/wp-json\/wp\/v2\/pages\/2691","targetHints":{"allow":["GET"]}}],"collection":[{"href":"https:\/\/timeworksmods.com\/fr\/wp-json\/wp\/v2\/pages"}],"about":[{"href":"https:\/\/timeworksmods.com\/fr\/wp-json\/wp\/v2\/types\/page"}],"author":[{"embeddable":true,"href":"https:\/\/timeworksmods.com\/fr\/wp-json\/wp\/v2\/users\/1"}],"replies":[{"embeddable":true,"href":"https:\/\/timeworksmods.com\/fr\/wp-json\/wp\/v2\/comments?post=2691"}],"version-history":[{"count":9,"href":"https:\/\/timeworksmods.com\/fr\/wp-json\/wp\/v2\/pages\/2691\/revisions"}],"predecessor-version":[{"id":4611,"href":"https:\/\/timeworksmods.com\/fr\/wp-json\/wp\/v2\/pages\/2691\/revisions\/4611"}],"wp:attachment":[{"href":"https:\/\/timeworksmods.com\/fr\/wp-json\/wp\/v2\/media?parent=2691"}],"curies":[{"name":"wp","href":"https:\/\/api.w.org\/{rel}","templated":true}]}}