{"id":1042,"date":"2025-12-06T18:38:48","date_gmt":"2025-12-06T18:38:48","guid":{"rendered":"https:\/\/timeworksmods.com\/?post_type=product&#038;p=1042"},"modified":"2026-04-13T08:47:34","modified_gmt":"2026-04-13T06:47:34","slug":"paneiko-black","status":"publish","type":"product","link":"https:\/\/timeworksmods.com\/fr\/produit\/paneiko-black\/","title":{"rendered":"Paneiko Black"},"content":{"rendered":"<p data-start=\"211\" data-end=\"617\">Inspirado en los grandes iconos de la relojer\u00eda de inspiraci\u00f3n militar y n\u00e1utica, este mod ofrece un dise\u00f1o robusto, funcional y de gran presencia, con excelente legibilidad y un estilo distintivo en la corona que aporta seguridad adicional y garantiza una buena estanqueidad. Una reinterpretaci\u00f3n moderna equipada con <strong data-start=\"530\" data-end=\"585\">mouvement automatique japonais \u00e9prouv\u00e9 et fiable<\/strong> et des mat\u00e9riaux de haute qualit\u00e9.<\/p>\n<p data-start=\"619\" data-end=\"884\">El calibre japon\u00e9s opera a 21.600 alternancias por hora (3 Hz), dispone de remonte autom\u00e1tico y manual, funci\u00f3n de parada de segundero (hacking) para un ajuste exacto de la hora, y ofrece una reserva de marcha aproximada de 41 horas, ideal para un uso continuado.<\/p>\n<p data-start=\"886\" data-end=\"1319\">La caja de acero inoxidable 316L proporciona una elevada resistencia a la corrosi\u00f3n y a los impactos cotidianos. Se completa con cristal de zafiro, asegurando una protecci\u00f3n superior frente a ara\u00f1azos y una visibilidad impecable en cualquier entorno. El resultado es un reloj robusto, funcional y altamente fiable, pensado tanto para el uso diario como para los entusiastas de la relojer\u00eda mec\u00e1nica de estilo militar y profesional.<\/p>","protected":false},"excerpt":{"rendered":"<p>Este mod combina la robustez funcional de los dise\u00f1os cl\u00e1sicos de relojer\u00eda de inspiraci\u00f3n militar con la fiabilidad de un <strong data-start=\"299\" data-end=\"350\">mouvement automatique japonais de haute pr\u00e9cision<\/strong>. Un homenaje que honra la esencia del estilo italiano ic\u00f3nico, reinterpretado con materiales contempor\u00e1neos y una construcci\u00f3n meticulosa.<\/p>","protected":false},"featured_media":977,"comment_status":"open","ping_status":"closed","template":"","meta":{"_acf_changed":false,"_joinchat":[]},"product_cat":[102],"product_tag":[],"class_list":{"0":"post-1042","1":"product","2":"type-product","3":"status-publish","4":"has-post-thumbnail","6":"product_cat-paneiko","8":"first","9":"instock","10":"sale","11":"taxable","12":"shipping-taxable","13":"purchasable","14":"product-type-simple","swatches":"rey-swatches","show_selected":""},"acf":[],"yoast_head":"<!-- This site is optimized with the Yoast SEO plugin v27.4 - https:\/\/yoast.com\/product\/yoast-seo-wordpress\/ -->\n<title>Paneiko Black | Timeworks\u2122 | Seiko Mods<\/title>\n<meta name=\"description\" content=\"Este mod combina la robustez funcional de los dise\u00f1os cl\u00e1sicos de relojer\u00eda de inspiraci\u00f3n militar con la fiabilidad de un movimiento autom\u00e1tico japon\u00e9s de alta precisi\u00f3n. Un homenaje que honra la esencia del estilo italiano ic\u00f3nico, reinterpretado con materiales contempor\u00e1neos y una construcci\u00f3n meticulosa.\" \/>\n<meta name=\"robots\" content=\"index, follow, max-snippet:-1, max-image-preview:large, max-video-preview:-1\" \/>\n<link rel=\"canonical\" href=\"https:\/\/timeworksmods.com\/fr\/produit\/paneiko-black\/\" \/>\n<meta property=\"og:locale\" content=\"fr_FR\" \/>\n<meta property=\"og:type\" content=\"article\" \/>\n<meta property=\"og:title\" content=\"Paneiko Black | Timeworks\u2122 | Seiko Mods\" \/>\n<meta property=\"og:description\" content=\"Este mod combina la robustez funcional de los dise\u00f1os cl\u00e1sicos de relojer\u00eda de inspiraci\u00f3n militar con la fiabilidad de un movimiento autom\u00e1tico japon\u00e9s de alta precisi\u00f3n. Un homenaje que honra la esencia del estilo italiano ic\u00f3nico, reinterpretado con materiales contempor\u00e1neos y una construcci\u00f3n meticulosa.\" \/>\n<meta property=\"og:url\" content=\"https:\/\/timeworksmods.com\/fr\/produit\/paneiko-black\/\" \/>\n<meta property=\"og:site_name\" content=\"Timeworks\u2122 | Seiko Mods\" \/>\n<meta property=\"article:modified_time\" content=\"2026-04-13T06:47:34+00:00\" \/>\n<meta property=\"og:image\" content=\"https:\/\/timeworksmods.com\/wp-content\/uploads\/2025\/12\/cc1aa436277138f61cda703991069eaf.jpg\" \/>\n\t<meta property=\"og:image:width\" content=\"1200\" \/>\n\t<meta property=\"og:image:height\" content=\"1200\" \/>\n\t<meta property=\"og:image:type\" content=\"image\/jpeg\" \/>\n<meta name=\"twitter:card\" content=\"summary_large_image\" \/>\n<meta name=\"twitter:label1\" content=\"Dur\u00e9e de lecture estim\u00e9e\" \/>\n\t<meta name=\"twitter:data1\" content=\"1 minute\" \/>\n<script type=\"application\/ld+json\" class=\"yoast-schema-graph\">{\"@context\":\"https:\\\/\\\/schema.org\",\"@graph\":[{\"@type\":\"WebPage\",\"@id\":\"https:\\\/\\\/timeworksmods.com\\\/producto\\\/paneiko-black\\\/\",\"url\":\"https:\\\/\\\/timeworksmods.com\\\/producto\\\/paneiko-black\\\/\",\"name\":\"Paneiko Black | Timeworks\u2122 | Seiko Mods\",\"isPartOf\":{\"@id\":\"https:\\\/\\\/timeworksmods.com\\\/#website\"},\"primaryImageOfPage\":{\"@id\":\"https:\\\/\\\/timeworksmods.com\\\/producto\\\/paneiko-black\\\/#primaryimage\"},\"image\":{\"@id\":\"https:\\\/\\\/timeworksmods.com\\\/producto\\\/paneiko-black\\\/#primaryimage\"},\"thumbnailUrl\":\"https:\\\/\\\/timeworksmods.com\\\/wp-content\\\/uploads\\\/2025\\\/12\\\/cc1aa436277138f61cda703991069eaf.jpg\",\"datePublished\":\"2025-12-06T18:38:48+00:00\",\"dateModified\":\"2026-04-13T06:47:34+00:00\",\"description\":\"Este mod combina la robustez funcional de los dise\u00f1os cl\u00e1sicos de relojer\u00eda de inspiraci\u00f3n militar con la fiabilidad de un movimiento autom\u00e1tico japon\u00e9s de alta precisi\u00f3n. Un homenaje que honra la esencia del estilo italiano ic\u00f3nico, reinterpretado con materiales contempor\u00e1neos y una construcci\u00f3n meticulosa.\",\"breadcrumb\":{\"@id\":\"https:\\\/\\\/timeworksmods.com\\\/producto\\\/paneiko-black\\\/#breadcrumb\"},\"inLanguage\":\"fr-FR\",\"potentialAction\":[{\"@type\":\"ReadAction\",\"target\":[\"https:\\\/\\\/timeworksmods.com\\\/producto\\\/paneiko-black\\\/\"]}]},{\"@type\":\"ImageObject\",\"inLanguage\":\"fr-FR\",\"@id\":\"https:\\\/\\\/timeworksmods.com\\\/producto\\\/paneiko-black\\\/#primaryimage\",\"url\":\"https:\\\/\\\/timeworksmods.com\\\/wp-content\\\/uploads\\\/2025\\\/12\\\/cc1aa436277138f61cda703991069eaf.jpg\",\"contentUrl\":\"https:\\\/\\\/timeworksmods.com\\\/wp-content\\\/uploads\\\/2025\\\/12\\\/cc1aa436277138f61cda703991069eaf.jpg\",\"width\":1200,\"height\":1200},{\"@type\":\"BreadcrumbList\",\"@id\":\"https:\\\/\\\/timeworksmods.com\\\/producto\\\/paneiko-black\\\/#breadcrumb\",\"itemListElement\":[{\"@type\":\"ListItem\",\"position\":1,\"name\":\"Portada\",\"item\":\"https:\\\/\\\/timeworksmods.com\\\/\"},{\"@type\":\"ListItem\",\"position\":2,\"name\":\"Tienda\",\"item\":\"https:\\\/\\\/timeworksmods.com\\\/tienda\\\/\"},{\"@type\":\"ListItem\",\"position\":3,\"name\":\"Paneiko Black\"}]},{\"@type\":\"WebSite\",\"@id\":\"https:\\\/\\\/timeworksmods.com\\\/#website\",\"url\":\"https:\\\/\\\/timeworksmods.com\\\/\",\"name\":\"Timeworks\u2122 | Seiko Mods\",\"description\":\"Tu Tienda de Seiko Mods Personalizados\",\"publisher\":{\"@id\":\"https:\\\/\\\/timeworksmods.com\\\/#organization\"},\"alternateName\":\"Timeworks\u2122 | Seiko Mods\",\"potentialAction\":[{\"@type\":\"SearchAction\",\"target\":{\"@type\":\"EntryPoint\",\"urlTemplate\":\"https:\\\/\\\/timeworksmods.com\\\/?s={search_term_string}\"},\"query-input\":{\"@type\":\"PropertyValueSpecification\",\"valueRequired\":true,\"valueName\":\"search_term_string\"}}],\"inLanguage\":\"fr-FR\"},{\"@type\":\"Organization\",\"@id\":\"https:\\\/\\\/timeworksmods.com\\\/#organization\",\"name\":\"Timeworks\u2122 | Seiko Mods\",\"alternateName\":\"Timeworks\u2122 | Seiko Mods\",\"url\":\"https:\\\/\\\/timeworksmods.com\\\/\",\"logo\":{\"@type\":\"ImageObject\",\"inLanguage\":\"fr-FR\",\"@id\":\"https:\\\/\\\/timeworksmods.com\\\/#\\\/schema\\\/logo\\\/image\\\/\",\"url\":\"https:\\\/\\\/timeworksmods.com\\\/wp-content\\\/uploads\\\/2025\\\/12\\\/ad972f10e0800b49d76fed33a21f6698.png\",\"contentUrl\":\"https:\\\/\\\/timeworksmods.com\\\/wp-content\\\/uploads\\\/2025\\\/12\\\/ad972f10e0800b49d76fed33a21f6698.png\",\"width\":1500,\"height\":200,\"caption\":\"Timeworks\u2122 | Seiko Mods\"},\"image\":{\"@id\":\"https:\\\/\\\/timeworksmods.com\\\/#\\\/schema\\\/logo\\\/image\\\/\"}}]}<\/script>\n<!-- \/ Yoast SEO plugin. -->","yoast_head_json":{"title":"Paneiko Black | Timeworks\u2122 | Seiko Mods","description":"Este mod combina la robustez funcional de los dise\u00f1os cl\u00e1sicos de relojer\u00eda de inspiraci\u00f3n militar con la fiabilidad de un movimiento autom\u00e1tico japon\u00e9s de alta precisi\u00f3n. Un homenaje que honra la esencia del estilo italiano ic\u00f3nico, reinterpretado con materiales contempor\u00e1neos y una construcci\u00f3n meticulosa.","robots":{"index":"index","follow":"follow","max-snippet":"max-snippet:-1","max-image-preview":"max-image-preview:large","max-video-preview":"max-video-preview:-1"},"canonical":"https:\/\/timeworksmods.com\/fr\/produit\/paneiko-black\/","og_locale":"fr_FR","og_type":"article","og_title":"Paneiko Black | Timeworks\u2122 | Seiko Mods","og_description":"Este mod combina la robustez funcional de los dise\u00f1os cl\u00e1sicos de relojer\u00eda de inspiraci\u00f3n militar con la fiabilidad de un movimiento autom\u00e1tico japon\u00e9s de alta precisi\u00f3n. Un homenaje que honra la esencia del estilo italiano ic\u00f3nico, reinterpretado con materiales contempor\u00e1neos y una construcci\u00f3n meticulosa.","og_url":"https:\/\/timeworksmods.com\/fr\/produit\/paneiko-black\/","og_site_name":"Timeworks\u2122 | Seiko Mods","article_modified_time":"2026-04-13T06:47:34+00:00","og_image":[{"width":1200,"height":1200,"url":"https:\/\/timeworksmods.com\/wp-content\/uploads\/2025\/12\/cc1aa436277138f61cda703991069eaf.jpg","type":"image\/jpeg"}],"twitter_card":"summary_large_image","twitter_misc":{"Dur\u00e9e de lecture estim\u00e9e":"1 minute"},"schema":{"@context":"https:\/\/schema.org","@graph":[{"@type":"WebPage","@id":"https:\/\/timeworksmods.com\/producto\/paneiko-black\/","url":"https:\/\/timeworksmods.com\/producto\/paneiko-black\/","name":"Paneiko Black | Timeworks\u2122 | Seiko Mods","isPartOf":{"@id":"https:\/\/timeworksmods.com\/#website"},"primaryImageOfPage":{"@id":"https:\/\/timeworksmods.com\/producto\/paneiko-black\/#primaryimage"},"image":{"@id":"https:\/\/timeworksmods.com\/producto\/paneiko-black\/#primaryimage"},"thumbnailUrl":"https:\/\/timeworksmods.com\/wp-content\/uploads\/2025\/12\/cc1aa436277138f61cda703991069eaf.jpg","datePublished":"2025-12-06T18:38:48+00:00","dateModified":"2026-04-13T06:47:34+00:00","description":"Este mod combina la robustez funcional de los dise\u00f1os cl\u00e1sicos de relojer\u00eda de inspiraci\u00f3n militar con la fiabilidad de un movimiento autom\u00e1tico japon\u00e9s de alta precisi\u00f3n. Un homenaje que honra la esencia del estilo italiano ic\u00f3nico, reinterpretado con materiales contempor\u00e1neos y una construcci\u00f3n meticulosa.","breadcrumb":{"@id":"https:\/\/timeworksmods.com\/producto\/paneiko-black\/#breadcrumb"},"inLanguage":"fr-FR","potentialAction":[{"@type":"ReadAction","target":["https:\/\/timeworksmods.com\/producto\/paneiko-black\/"]}]},{"@type":"ImageObject","inLanguage":"fr-FR","@id":"https:\/\/timeworksmods.com\/producto\/paneiko-black\/#primaryimage","url":"https:\/\/timeworksmods.com\/wp-content\/uploads\/2025\/12\/cc1aa436277138f61cda703991069eaf.jpg","contentUrl":"https:\/\/timeworksmods.com\/wp-content\/uploads\/2025\/12\/cc1aa436277138f61cda703991069eaf.jpg","width":1200,"height":1200},{"@type":"BreadcrumbList","@id":"https:\/\/timeworksmods.com\/producto\/paneiko-black\/#breadcrumb","itemListElement":[{"@type":"ListItem","position":1,"name":"Portada","item":"https:\/\/timeworksmods.com\/"},{"@type":"ListItem","position":2,"name":"Tienda","item":"https:\/\/timeworksmods.com\/tienda\/"},{"@type":"ListItem","position":3,"name":"Paneiko Black"}]},{"@type":"WebSite","@id":"https:\/\/timeworksmods.com\/#website","url":"https:\/\/timeworksmods.com\/","name":"Timeworks\u2122 | Mods Seiko","description":"Votre boutique de modifications Seiko personnalis\u00e9es","publisher":{"@id":"https:\/\/timeworksmods.com\/#organization"},"alternateName":"Timeworks\u2122 | Seiko Mods","potentialAction":[{"@type":"SearchAction","target":{"@type":"EntryPoint","urlTemplate":"https:\/\/timeworksmods.com\/?s={search_term_string}"},"query-input":{"@type":"PropertyValueSpecification","valueRequired":true,"valueName":"search_term_string"}}],"inLanguage":"fr-FR"},{"@type":"Organization","@id":"https:\/\/timeworksmods.com\/#organization","name":"Timeworks\u2122 | Mods Seiko","alternateName":"Timeworks\u2122 | Seiko Mods","url":"https:\/\/timeworksmods.com\/","logo":{"@type":"ImageObject","inLanguage":"fr-FR","@id":"https:\/\/timeworksmods.com\/#\/schema\/logo\/image\/","url":"https:\/\/timeworksmods.com\/wp-content\/uploads\/2025\/12\/ad972f10e0800b49d76fed33a21f6698.png","contentUrl":"https:\/\/timeworksmods.com\/wp-content\/uploads\/2025\/12\/ad972f10e0800b49d76fed33a21f6698.png","width":1500,"height":200,"caption":"Timeworks\u2122 | Seiko Mods"},"image":{"@id":"https:\/\/timeworksmods.com\/#\/schema\/logo\/image\/"}}]}},"_links":{"self":[{"href":"https:\/\/timeworksmods.com\/fr\/wp-json\/wp\/v2\/product\/1042","targetHints":{"allow":["GET"]}}],"collection":[{"href":"https:\/\/timeworksmods.com\/fr\/wp-json\/wp\/v2\/product"}],"about":[{"href":"https:\/\/timeworksmods.com\/fr\/wp-json\/wp\/v2\/types\/product"}],"replies":[{"embeddable":true,"href":"https:\/\/timeworksmods.com\/fr\/wp-json\/wp\/v2\/comments?post=1042"}],"wp:featuredmedia":[{"embeddable":true,"href":"https:\/\/timeworksmods.com\/fr\/wp-json\/wp\/v2\/media\/977"}],"wp:attachment":[{"href":"https:\/\/timeworksmods.com\/fr\/wp-json\/wp\/v2\/media?parent=1042"}],"wp:term":[{"taxonomy":"product_cat","embeddable":true,"href":"https:\/\/timeworksmods.com\/fr\/wp-json\/wp\/v2\/product_cat?post=1042"},{"taxonomy":"product_tag","embeddable":true,"href":"https:\/\/timeworksmods.com\/fr\/wp-json\/wp\/v2\/product_tag?post=1042"}],"curies":[{"name":"wp","href":"https:\/\/api.w.org\/{rel}","templated":true}]}}