{"id":1237,"date":"2025-12-08T13:44:33","date_gmt":"2025-12-08T13:44:33","guid":{"rendered":"https:\/\/timeworksmods.com\/?post_type=product&#038;p=1237"},"modified":"2026-04-13T08:39:30","modified_gmt":"2026-04-13T06:39:30","slug":"speedseiko","status":"publish","type":"product","link":"https:\/\/timeworksmods.com\/fr\/produit\/speedseiko\/","title":{"rendered":"Speedseiko"},"content":{"rendered":"<p data-start=\"191\" data-end=\"497\">Inspirado en los cron\u00f3grafos m\u00e1s emblem\u00e1ticos de la historia de la relojer\u00eda y la exploraci\u00f3n, este mod ofrece un dise\u00f1o que simboliza precisi\u00f3n, fiabilidad extrema y esp\u00edritu de superaci\u00f3n. Una reinterpretaci\u00f3n moderna que fusiona est\u00e9tica instrumental, ingenier\u00eda japonesa y materiales de alta calidad.<\/p>\n<p data-start=\"499\" data-end=\"931\">\u00c0 l'int\u00e9rieur, il est \u00e9quip\u00e9 d'un <strong data-start=\"524\" data-end=\"565\">calibre m\u00e9ca-quartz de haute pr\u00e9cision<\/strong>, dise\u00f1ado para el cronometraje exacto, que combina la exactitud del cuarzo con la respuesta mec\u00e1nica del cron\u00f3grafo. Ofrece un arranque instant\u00e1neo del segundero central, pulsaciones firmes y precisas, totalizadores perfectamente sincronizados y una fiabilidad excepcional incluso bajo uso intensivo, ideal para medir el tiempo con exactitud en cualquier entorno.<\/p>\n<p data-start=\"933\" data-end=\"1405\">La caja de acero inoxidable 316L aporta robustez y resistencia frente a impactos, vibraciones y desgaste diario. El conjunto se remata con cristal de zafiro antirreflejos, garantizando m\u00e1xima legibilidad incluso a plena luz, como exige un aut\u00e9ntico reloj herramienta de alto rendimiento. El resultado es un cron\u00f3grafo de car\u00e1cter t\u00e9cnico y deportivo, con alma de explorador, pensado para quienes viven la relojer\u00eda con la misma pasi\u00f3n con la que se desaf\u00edan los l\u00edmites.<\/p>","protected":false},"excerpt":{"rendered":"<p>Inspirado en los grandes pilares de la relojer\u00eda suiza, este mod ofrece un dise\u00f1o que combina historia, tecnolog\u00eda y est\u00e9tica atemporal. Una reinterpretaci\u00f3n moderna equipada con <strong data-start=\"345\" data-end=\"396\">mouvement automatique japonais de haute pr\u00e9cision<\/strong>, et une ex\u00e9cution soign\u00e9e dans les moindres d\u00e9tails.<\/p>","protected":false},"featured_media":1153,"comment_status":"open","ping_status":"closed","template":"","meta":{"_acf_changed":false,"_joinchat":[]},"product_cat":[103],"product_tag":[],"class_list":{"0":"post-1237","1":"product","2":"type-product","3":"status-publish","4":"has-post-thumbnail","6":"product_cat-speedseiko","8":"first","9":"instock","10":"sale","11":"taxable","12":"shipping-taxable","13":"purchasable","14":"product-type-simple","swatches":"rey-swatches","show_selected":""},"acf":[],"yoast_head":"<!-- This site is optimized with the Yoast SEO plugin v27.4 - https:\/\/yoast.com\/product\/yoast-seo-wordpress\/ -->\n<title>Speedseiko | Timeworks\u2122 | Seiko Mods<\/title>\n<meta name=\"description\" content=\"Inspirado en los grandes pilares de la relojer\u00eda suiza, este mod ofrece un dise\u00f1o que combina historia, tecnolog\u00eda y est\u00e9tica atemporal. Una reinterpretaci\u00f3n moderna equipada con movimiento autom\u00e1tico japon\u00e9s de alta precisi\u00f3n, y una ejecuci\u00f3n cuidada hasta el m\u00e1s m\u00ednimo detalle.\" \/>\n<meta name=\"robots\" content=\"index, follow, max-snippet:-1, max-image-preview:large, max-video-preview:-1\" \/>\n<link rel=\"canonical\" href=\"https:\/\/timeworksmods.com\/fr\/produit\/speedseiko\/\" \/>\n<meta property=\"og:locale\" content=\"fr_FR\" \/>\n<meta property=\"og:type\" content=\"article\" \/>\n<meta property=\"og:title\" content=\"Speedseiko | Timeworks\u2122 | Seiko Mods\" \/>\n<meta property=\"og:description\" content=\"Inspirado en los grandes pilares de la relojer\u00eda suiza, este mod ofrece un dise\u00f1o que combina historia, tecnolog\u00eda y est\u00e9tica atemporal. Una reinterpretaci\u00f3n moderna equipada con movimiento autom\u00e1tico japon\u00e9s de alta precisi\u00f3n, y una ejecuci\u00f3n cuidada hasta el m\u00e1s m\u00ednimo detalle.\" \/>\n<meta property=\"og:url\" content=\"https:\/\/timeworksmods.com\/fr\/produit\/speedseiko\/\" \/>\n<meta property=\"og:site_name\" content=\"Timeworks\u2122 | Seiko Mods\" \/>\n<meta property=\"article:modified_time\" content=\"2026-04-13T06:39:30+00:00\" \/>\n<meta property=\"og:image\" content=\"https:\/\/timeworksmods.com\/wp-content\/uploads\/2025\/12\/55b1927fdafef39c48e5b73b5d61ea60.jpg\" \/>\n\t<meta property=\"og:image:width\" content=\"1200\" \/>\n\t<meta property=\"og:image:height\" content=\"1200\" \/>\n\t<meta property=\"og:image:type\" content=\"image\/jpeg\" \/>\n<meta name=\"twitter:card\" content=\"summary_large_image\" \/>\n<meta name=\"twitter:label1\" content=\"Dur\u00e9e de lecture estim\u00e9e\" \/>\n\t<meta name=\"twitter:data1\" content=\"1 minute\" \/>\n<script type=\"application\/ld+json\" class=\"yoast-schema-graph\">{\"@context\":\"https:\\\/\\\/schema.org\",\"@graph\":[{\"@type\":\"WebPage\",\"@id\":\"https:\\\/\\\/timeworksmods.com\\\/producto\\\/speedseiko\\\/\",\"url\":\"https:\\\/\\\/timeworksmods.com\\\/producto\\\/speedseiko\\\/\",\"name\":\"Speedseiko | Timeworks\u2122 | Seiko Mods\",\"isPartOf\":{\"@id\":\"https:\\\/\\\/timeworksmods.com\\\/#website\"},\"primaryImageOfPage\":{\"@id\":\"https:\\\/\\\/timeworksmods.com\\\/producto\\\/speedseiko\\\/#primaryimage\"},\"image\":{\"@id\":\"https:\\\/\\\/timeworksmods.com\\\/producto\\\/speedseiko\\\/#primaryimage\"},\"thumbnailUrl\":\"https:\\\/\\\/timeworksmods.com\\\/wp-content\\\/uploads\\\/2025\\\/12\\\/55b1927fdafef39c48e5b73b5d61ea60.jpg\",\"datePublished\":\"2025-12-08T13:44:33+00:00\",\"dateModified\":\"2026-04-13T06:39:30+00:00\",\"description\":\"Inspirado en los grandes pilares de la relojer\u00eda suiza, este mod ofrece un dise\u00f1o que combina historia, tecnolog\u00eda y est\u00e9tica atemporal. Una reinterpretaci\u00f3n moderna equipada con movimiento autom\u00e1tico japon\u00e9s de alta precisi\u00f3n, y una ejecuci\u00f3n cuidada hasta el m\u00e1s m\u00ednimo detalle.\",\"breadcrumb\":{\"@id\":\"https:\\\/\\\/timeworksmods.com\\\/producto\\\/speedseiko\\\/#breadcrumb\"},\"inLanguage\":\"fr-FR\",\"potentialAction\":[{\"@type\":\"ReadAction\",\"target\":[\"https:\\\/\\\/timeworksmods.com\\\/producto\\\/speedseiko\\\/\"]}]},{\"@type\":\"ImageObject\",\"inLanguage\":\"fr-FR\",\"@id\":\"https:\\\/\\\/timeworksmods.com\\\/producto\\\/speedseiko\\\/#primaryimage\",\"url\":\"https:\\\/\\\/timeworksmods.com\\\/wp-content\\\/uploads\\\/2025\\\/12\\\/55b1927fdafef39c48e5b73b5d61ea60.jpg\",\"contentUrl\":\"https:\\\/\\\/timeworksmods.com\\\/wp-content\\\/uploads\\\/2025\\\/12\\\/55b1927fdafef39c48e5b73b5d61ea60.jpg\",\"width\":1200,\"height\":1200},{\"@type\":\"BreadcrumbList\",\"@id\":\"https:\\\/\\\/timeworksmods.com\\\/producto\\\/speedseiko\\\/#breadcrumb\",\"itemListElement\":[{\"@type\":\"ListItem\",\"position\":1,\"name\":\"Portada\",\"item\":\"https:\\\/\\\/timeworksmods.com\\\/\"},{\"@type\":\"ListItem\",\"position\":2,\"name\":\"Tienda\",\"item\":\"https:\\\/\\\/timeworksmods.com\\\/tienda\\\/\"},{\"@type\":\"ListItem\",\"position\":3,\"name\":\"Speedseiko\"}]},{\"@type\":\"WebSite\",\"@id\":\"https:\\\/\\\/timeworksmods.com\\\/#website\",\"url\":\"https:\\\/\\\/timeworksmods.com\\\/\",\"name\":\"Timeworks\u2122 | Seiko Mods\",\"description\":\"Tu Tienda de Seiko Mods Personalizados\",\"publisher\":{\"@id\":\"https:\\\/\\\/timeworksmods.com\\\/#organization\"},\"alternateName\":\"Timeworks\u2122 | Seiko Mods\",\"potentialAction\":[{\"@type\":\"SearchAction\",\"target\":{\"@type\":\"EntryPoint\",\"urlTemplate\":\"https:\\\/\\\/timeworksmods.com\\\/?s={search_term_string}\"},\"query-input\":{\"@type\":\"PropertyValueSpecification\",\"valueRequired\":true,\"valueName\":\"search_term_string\"}}],\"inLanguage\":\"fr-FR\"},{\"@type\":\"Organization\",\"@id\":\"https:\\\/\\\/timeworksmods.com\\\/#organization\",\"name\":\"Timeworks\u2122 | Seiko Mods\",\"alternateName\":\"Timeworks\u2122 | Seiko Mods\",\"url\":\"https:\\\/\\\/timeworksmods.com\\\/\",\"logo\":{\"@type\":\"ImageObject\",\"inLanguage\":\"fr-FR\",\"@id\":\"https:\\\/\\\/timeworksmods.com\\\/#\\\/schema\\\/logo\\\/image\\\/\",\"url\":\"https:\\\/\\\/timeworksmods.com\\\/wp-content\\\/uploads\\\/2025\\\/12\\\/ad972f10e0800b49d76fed33a21f6698.png\",\"contentUrl\":\"https:\\\/\\\/timeworksmods.com\\\/wp-content\\\/uploads\\\/2025\\\/12\\\/ad972f10e0800b49d76fed33a21f6698.png\",\"width\":1500,\"height\":200,\"caption\":\"Timeworks\u2122 | Seiko Mods\"},\"image\":{\"@id\":\"https:\\\/\\\/timeworksmods.com\\\/#\\\/schema\\\/logo\\\/image\\\/\"}}]}<\/script>\n<!-- \/ Yoast SEO plugin. -->","yoast_head_json":{"title":"Speedseiko | Timeworks\u2122 | Seiko Mods","description":"Inspirado en los grandes pilares de la relojer\u00eda suiza, este mod ofrece un dise\u00f1o que combina historia, tecnolog\u00eda y est\u00e9tica atemporal. Una reinterpretaci\u00f3n moderna equipada con movimiento autom\u00e1tico japon\u00e9s de alta precisi\u00f3n, y una ejecuci\u00f3n cuidada hasta el m\u00e1s m\u00ednimo detalle.","robots":{"index":"index","follow":"follow","max-snippet":"max-snippet:-1","max-image-preview":"max-image-preview:large","max-video-preview":"max-video-preview:-1"},"canonical":"https:\/\/timeworksmods.com\/fr\/produit\/speedseiko\/","og_locale":"fr_FR","og_type":"article","og_title":"Speedseiko | Timeworks\u2122 | Seiko Mods","og_description":"Inspirado en los grandes pilares de la relojer\u00eda suiza, este mod ofrece un dise\u00f1o que combina historia, tecnolog\u00eda y est\u00e9tica atemporal. Una reinterpretaci\u00f3n moderna equipada con movimiento autom\u00e1tico japon\u00e9s de alta precisi\u00f3n, y una ejecuci\u00f3n cuidada hasta el m\u00e1s m\u00ednimo detalle.","og_url":"https:\/\/timeworksmods.com\/fr\/produit\/speedseiko\/","og_site_name":"Timeworks\u2122 | Seiko Mods","article_modified_time":"2026-04-13T06:39:30+00:00","og_image":[{"width":1200,"height":1200,"url":"https:\/\/timeworksmods.com\/wp-content\/uploads\/2025\/12\/55b1927fdafef39c48e5b73b5d61ea60.jpg","type":"image\/jpeg"}],"twitter_card":"summary_large_image","twitter_misc":{"Dur\u00e9e de lecture estim\u00e9e":"1 minute"},"schema":{"@context":"https:\/\/schema.org","@graph":[{"@type":"WebPage","@id":"https:\/\/timeworksmods.com\/producto\/speedseiko\/","url":"https:\/\/timeworksmods.com\/producto\/speedseiko\/","name":"Speedseiko | Timeworks\u2122 | Seiko Mods","isPartOf":{"@id":"https:\/\/timeworksmods.com\/#website"},"primaryImageOfPage":{"@id":"https:\/\/timeworksmods.com\/producto\/speedseiko\/#primaryimage"},"image":{"@id":"https:\/\/timeworksmods.com\/producto\/speedseiko\/#primaryimage"},"thumbnailUrl":"https:\/\/timeworksmods.com\/wp-content\/uploads\/2025\/12\/55b1927fdafef39c48e5b73b5d61ea60.jpg","datePublished":"2025-12-08T13:44:33+00:00","dateModified":"2026-04-13T06:39:30+00:00","description":"Inspirado en los grandes pilares de la relojer\u00eda suiza, este mod ofrece un dise\u00f1o que combina historia, tecnolog\u00eda y est\u00e9tica atemporal. Una reinterpretaci\u00f3n moderna equipada con movimiento autom\u00e1tico japon\u00e9s de alta precisi\u00f3n, y una ejecuci\u00f3n cuidada hasta el m\u00e1s m\u00ednimo detalle.","breadcrumb":{"@id":"https:\/\/timeworksmods.com\/producto\/speedseiko\/#breadcrumb"},"inLanguage":"fr-FR","potentialAction":[{"@type":"ReadAction","target":["https:\/\/timeworksmods.com\/producto\/speedseiko\/"]}]},{"@type":"ImageObject","inLanguage":"fr-FR","@id":"https:\/\/timeworksmods.com\/producto\/speedseiko\/#primaryimage","url":"https:\/\/timeworksmods.com\/wp-content\/uploads\/2025\/12\/55b1927fdafef39c48e5b73b5d61ea60.jpg","contentUrl":"https:\/\/timeworksmods.com\/wp-content\/uploads\/2025\/12\/55b1927fdafef39c48e5b73b5d61ea60.jpg","width":1200,"height":1200},{"@type":"BreadcrumbList","@id":"https:\/\/timeworksmods.com\/producto\/speedseiko\/#breadcrumb","itemListElement":[{"@type":"ListItem","position":1,"name":"Portada","item":"https:\/\/timeworksmods.com\/"},{"@type":"ListItem","position":2,"name":"Tienda","item":"https:\/\/timeworksmods.com\/tienda\/"},{"@type":"ListItem","position":3,"name":"Speedseiko"}]},{"@type":"WebSite","@id":"https:\/\/timeworksmods.com\/#website","url":"https:\/\/timeworksmods.com\/","name":"Timeworks\u2122 | Mods Seiko","description":"Votre boutique de modifications Seiko personnalis\u00e9es","publisher":{"@id":"https:\/\/timeworksmods.com\/#organization"},"alternateName":"Timeworks\u2122 | Seiko Mods","potentialAction":[{"@type":"SearchAction","target":{"@type":"EntryPoint","urlTemplate":"https:\/\/timeworksmods.com\/?s={search_term_string}"},"query-input":{"@type":"PropertyValueSpecification","valueRequired":true,"valueName":"search_term_string"}}],"inLanguage":"fr-FR"},{"@type":"Organization","@id":"https:\/\/timeworksmods.com\/#organization","name":"Timeworks\u2122 | Mods Seiko","alternateName":"Timeworks\u2122 | Seiko Mods","url":"https:\/\/timeworksmods.com\/","logo":{"@type":"ImageObject","inLanguage":"fr-FR","@id":"https:\/\/timeworksmods.com\/#\/schema\/logo\/image\/","url":"https:\/\/timeworksmods.com\/wp-content\/uploads\/2025\/12\/ad972f10e0800b49d76fed33a21f6698.png","contentUrl":"https:\/\/timeworksmods.com\/wp-content\/uploads\/2025\/12\/ad972f10e0800b49d76fed33a21f6698.png","width":1500,"height":200,"caption":"Timeworks\u2122 | Seiko Mods"},"image":{"@id":"https:\/\/timeworksmods.com\/#\/schema\/logo\/image\/"}}]}},"_links":{"self":[{"href":"https:\/\/timeworksmods.com\/fr\/wp-json\/wp\/v2\/product\/1237","targetHints":{"allow":["GET"]}}],"collection":[{"href":"https:\/\/timeworksmods.com\/fr\/wp-json\/wp\/v2\/product"}],"about":[{"href":"https:\/\/timeworksmods.com\/fr\/wp-json\/wp\/v2\/types\/product"}],"replies":[{"embeddable":true,"href":"https:\/\/timeworksmods.com\/fr\/wp-json\/wp\/v2\/comments?post=1237"}],"wp:featuredmedia":[{"embeddable":true,"href":"https:\/\/timeworksmods.com\/fr\/wp-json\/wp\/v2\/media\/1153"}],"wp:attachment":[{"href":"https:\/\/timeworksmods.com\/fr\/wp-json\/wp\/v2\/media?parent=1237"}],"wp:term":[{"taxonomy":"product_cat","embeddable":true,"href":"https:\/\/timeworksmods.com\/fr\/wp-json\/wp\/v2\/product_cat?post=1237"},{"taxonomy":"product_tag","embeddable":true,"href":"https:\/\/timeworksmods.com\/fr\/wp-json\/wp\/v2\/product_tag?post=1237"}],"curies":[{"name":"wp","href":"https:\/\/api.w.org\/{rel}","templated":true}]}}