{"id":1240,"date":"2025-12-08T13:48:48","date_gmt":"2025-12-08T13:48:48","guid":{"rendered":"https:\/\/timeworksmods.com\/?post_type=product&#038;p=1240"},"modified":"2026-04-14T15:16:31","modified_gmt":"2026-04-14T13:16:31","slug":"seikomaster-007","status":"publish","type":"product","link":"https:\/\/timeworksmods.com\/fr\/produit\/seikomaster-007\/","title":{"rendered":"Seikomaster 007"},"content":{"rendered":"<p data-start=\"111\" data-end=\"426\">Inspir\u00e9 par les grands ic\u00f4nes de l'horlogerie sportive et de plong\u00e9e, ce mod offre un design robuste, fonctionnel et intemporel. Une r\u00e9interpr\u00e9tation moderne \u00e9quip\u00e9e d'un mouvement automatique japonais d'une fiabilit\u00e9 \u00e9prouv\u00e9e et de mat\u00e9riaux de haute qualit\u00e9, id\u00e9al pour un usage quotidien comme pour des environnements exigeants.<\/p>\n<p data-start=\"428\" data-end=\"735\">Le calibre japonais fonctionne \u00e0 21\u00a0600 alternances par heure (3 Hz), dispose d'un remontage automatique et manuel, d'une fonction d'arr\u00eat de la trotteuse (hacking) pour un r\u00e9glage pr\u00e9cis de l'heure et offre une r\u00e9serve de marche d'environ 41\u00a0heures, garantissant un fonctionnement stable et continu en toute situation.<\/p>\n<p data-start=\"737\" data-end=\"1278\">Le bo\u00eetier en acier inoxydable 316L offre une r\u00e9sistance \u00e9lev\u00e9e \u00e0 la corrosion, \u00e0 la pression et \u00e0 l'usure quotidienne, et est associ\u00e9 \u00e0 une lunette de style plongeuse, utile pour chronom\u00e9trer des intervalles de temps de mani\u00e8re simple et pr\u00e9cise. L'ensemble est compl\u00e9t\u00e9 par un verre saphir, qui assure une excellente protection contre les rayures et une visibilit\u00e9 impeccable. Le r\u00e9sultat est une montre sportive, \u00e9l\u00e9gante et tr\u00e8s fiable, con\u00e7ue aussi bien pour un usage quotidien que pour les amateurs d'horlogerie m\u00e9canique d'inspiration sous-marine.<\/p>","protected":false},"excerpt":{"rendered":"<p>Inspir\u00e9 par l'un des grands piliers de l'horlogerie suisse, ce mod offre un design alliant \u00e9l\u00e9gance, technologie et esprit d'aventure. Une r\u00e9interpr\u00e9tation moderne \u00e9quip\u00e9e de <strong data-start=\"348\" data-end=\"399\">mouvement automatique japonais de haute pr\u00e9cision<\/strong>, et une ex\u00e9cution soign\u00e9e dans les moindres d\u00e9tails.<\/p>","protected":false},"featured_media":1155,"comment_status":"open","ping_status":"closed","template":"","meta":{"_acf_changed":false,"_joinchat":[]},"product_cat":[110],"product_tag":[],"class_list":{"0":"post-1240","1":"product","2":"type-product","3":"status-publish","4":"has-post-thumbnail","6":"product_cat-seikomaster","8":"first","9":"instock","10":"sale","11":"taxable","12":"shipping-taxable","13":"purchasable","14":"product-type-simple","swatches":"rey-swatches","show_selected":""},"acf":[],"yoast_head":"<!-- This site is optimized with the Yoast SEO plugin v27.4 - https:\/\/yoast.com\/product\/yoast-seo-wordpress\/ -->\n<title>Seikomaster 007 | Timeworks\u2122 | Seiko Mods<\/title>\n<meta name=\"description\" content=\"Inspirado en uno de los grandes pilares de la relojer\u00eda suiza, este mod ofrece un dise\u00f1o que combina elegancia, tecnolog\u00eda y esp\u00edritu aventurero. Una reinterpretaci\u00f3n moderna equipada con movimiento autom\u00e1tico japon\u00e9s de alta precisi\u00f3n, y una ejecuci\u00f3n cuidada hasta el m\u00e1s m\u00ednimo detalle.\" \/>\n<meta name=\"robots\" content=\"index, follow, max-snippet:-1, max-image-preview:large, max-video-preview:-1\" \/>\n<link rel=\"canonical\" href=\"https:\/\/timeworksmods.com\/fr\/produit\/seikomaster-007\/\" \/>\n<meta property=\"og:locale\" content=\"fr_FR\" \/>\n<meta property=\"og:type\" content=\"article\" \/>\n<meta property=\"og:title\" content=\"Seikomaster 007 | Timeworks\u2122 | Seiko Mods\" \/>\n<meta property=\"og:description\" content=\"Inspirado en uno de los grandes pilares de la relojer\u00eda suiza, este mod ofrece un dise\u00f1o que combina elegancia, tecnolog\u00eda y esp\u00edritu aventurero. Una reinterpretaci\u00f3n moderna equipada con movimiento autom\u00e1tico japon\u00e9s de alta precisi\u00f3n, y una ejecuci\u00f3n cuidada hasta el m\u00e1s m\u00ednimo detalle.\" \/>\n<meta property=\"og:url\" content=\"https:\/\/timeworksmods.com\/fr\/produit\/seikomaster-007\/\" \/>\n<meta property=\"og:site_name\" content=\"Timeworks\u2122 | Seiko Mods\" \/>\n<meta property=\"article:modified_time\" content=\"2026-04-14T13:16:31+00:00\" \/>\n<meta property=\"og:image\" content=\"https:\/\/timeworksmods.com\/wp-content\/uploads\/2025\/12\/285f89b802bcb2651801455c86d78f2a.jpg\" \/>\n\t<meta property=\"og:image:width\" content=\"1200\" \/>\n\t<meta property=\"og:image:height\" content=\"1200\" \/>\n\t<meta property=\"og:image:type\" content=\"image\/jpeg\" \/>\n<meta name=\"twitter:card\" content=\"summary_large_image\" \/>\n<meta name=\"twitter:label1\" content=\"Dur\u00e9e de lecture estim\u00e9e\" \/>\n\t<meta name=\"twitter:data1\" content=\"1 minute\" \/>\n<script type=\"application\/ld+json\" class=\"yoast-schema-graph\">{\"@context\":\"https:\\\/\\\/schema.org\",\"@graph\":[{\"@type\":\"WebPage\",\"@id\":\"https:\\\/\\\/timeworksmods.com\\\/producto\\\/seikomaster-007\\\/\",\"url\":\"https:\\\/\\\/timeworksmods.com\\\/producto\\\/seikomaster-007\\\/\",\"name\":\"Seikomaster 007 | Timeworks\u2122 | Seiko Mods\",\"isPartOf\":{\"@id\":\"https:\\\/\\\/timeworksmods.com\\\/#website\"},\"primaryImageOfPage\":{\"@id\":\"https:\\\/\\\/timeworksmods.com\\\/producto\\\/seikomaster-007\\\/#primaryimage\"},\"image\":{\"@id\":\"https:\\\/\\\/timeworksmods.com\\\/producto\\\/seikomaster-007\\\/#primaryimage\"},\"thumbnailUrl\":\"https:\\\/\\\/timeworksmods.com\\\/wp-content\\\/uploads\\\/2025\\\/12\\\/285f89b802bcb2651801455c86d78f2a.jpg\",\"datePublished\":\"2025-12-08T13:48:48+00:00\",\"dateModified\":\"2026-04-14T13:16:31+00:00\",\"description\":\"Inspirado en uno de los grandes pilares de la relojer\u00eda suiza, este mod ofrece un dise\u00f1o que combina elegancia, tecnolog\u00eda y esp\u00edritu aventurero. Una reinterpretaci\u00f3n moderna equipada con movimiento autom\u00e1tico japon\u00e9s de alta precisi\u00f3n, y una ejecuci\u00f3n cuidada hasta el m\u00e1s m\u00ednimo detalle.\",\"breadcrumb\":{\"@id\":\"https:\\\/\\\/timeworksmods.com\\\/producto\\\/seikomaster-007\\\/#breadcrumb\"},\"inLanguage\":\"fr-FR\",\"potentialAction\":[{\"@type\":\"ReadAction\",\"target\":[\"https:\\\/\\\/timeworksmods.com\\\/producto\\\/seikomaster-007\\\/\"]}]},{\"@type\":\"ImageObject\",\"inLanguage\":\"fr-FR\",\"@id\":\"https:\\\/\\\/timeworksmods.com\\\/producto\\\/seikomaster-007\\\/#primaryimage\",\"url\":\"https:\\\/\\\/timeworksmods.com\\\/wp-content\\\/uploads\\\/2025\\\/12\\\/285f89b802bcb2651801455c86d78f2a.jpg\",\"contentUrl\":\"https:\\\/\\\/timeworksmods.com\\\/wp-content\\\/uploads\\\/2025\\\/12\\\/285f89b802bcb2651801455c86d78f2a.jpg\",\"width\":1200,\"height\":1200},{\"@type\":\"BreadcrumbList\",\"@id\":\"https:\\\/\\\/timeworksmods.com\\\/producto\\\/seikomaster-007\\\/#breadcrumb\",\"itemListElement\":[{\"@type\":\"ListItem\",\"position\":1,\"name\":\"Portada\",\"item\":\"https:\\\/\\\/timeworksmods.com\\\/\"},{\"@type\":\"ListItem\",\"position\":2,\"name\":\"Tienda\",\"item\":\"https:\\\/\\\/timeworksmods.com\\\/tienda\\\/\"},{\"@type\":\"ListItem\",\"position\":3,\"name\":\"Seikomaster 007\"}]},{\"@type\":\"WebSite\",\"@id\":\"https:\\\/\\\/timeworksmods.com\\\/#website\",\"url\":\"https:\\\/\\\/timeworksmods.com\\\/\",\"name\":\"Timeworks\u2122 | Seiko Mods\",\"description\":\"Tu Tienda de Seiko Mods Personalizados\",\"publisher\":{\"@id\":\"https:\\\/\\\/timeworksmods.com\\\/#organization\"},\"alternateName\":\"Timeworks\u2122 | Seiko Mods\",\"potentialAction\":[{\"@type\":\"SearchAction\",\"target\":{\"@type\":\"EntryPoint\",\"urlTemplate\":\"https:\\\/\\\/timeworksmods.com\\\/?s={search_term_string}\"},\"query-input\":{\"@type\":\"PropertyValueSpecification\",\"valueRequired\":true,\"valueName\":\"search_term_string\"}}],\"inLanguage\":\"fr-FR\"},{\"@type\":\"Organization\",\"@id\":\"https:\\\/\\\/timeworksmods.com\\\/#organization\",\"name\":\"Timeworks\u2122 | Seiko Mods\",\"alternateName\":\"Timeworks\u2122 | Seiko Mods\",\"url\":\"https:\\\/\\\/timeworksmods.com\\\/\",\"logo\":{\"@type\":\"ImageObject\",\"inLanguage\":\"fr-FR\",\"@id\":\"https:\\\/\\\/timeworksmods.com\\\/#\\\/schema\\\/logo\\\/image\\\/\",\"url\":\"https:\\\/\\\/timeworksmods.com\\\/wp-content\\\/uploads\\\/2025\\\/12\\\/ad972f10e0800b49d76fed33a21f6698.png\",\"contentUrl\":\"https:\\\/\\\/timeworksmods.com\\\/wp-content\\\/uploads\\\/2025\\\/12\\\/ad972f10e0800b49d76fed33a21f6698.png\",\"width\":1500,\"height\":200,\"caption\":\"Timeworks\u2122 | Seiko Mods\"},\"image\":{\"@id\":\"https:\\\/\\\/timeworksmods.com\\\/#\\\/schema\\\/logo\\\/image\\\/\"}}]}<\/script>\n<!-- \/ Yoast SEO plugin. -->","yoast_head_json":{"title":"Seikomaster 007 | Timeworks\u2122 | Modifications Seiko","description":"Inspir\u00e9 d'un des plus grands piliers de l'horlogerie suisse, ce mod offre un design qui allie \u00e9l\u00e9gance, technologie et esprit d'aventure. Une r\u00e9interpr\u00e9tation moderne \u00e9quip\u00e9e d'un mouvement automatique japonais de haute pr\u00e9cision, et une ex\u00e9cution soign\u00e9e dans les moindres d\u00e9tails.","robots":{"index":"index","follow":"follow","max-snippet":"max-snippet:-1","max-image-preview":"max-image-preview:large","max-video-preview":"max-video-preview:-1"},"canonical":"https:\/\/timeworksmods.com\/fr\/produit\/seikomaster-007\/","og_locale":"fr_FR","og_type":"article","og_title":"Seikomaster 007 | Timeworks\u2122 | Seiko Mods","og_description":"Inspirado en uno de los grandes pilares de la relojer\u00eda suiza, este mod ofrece un dise\u00f1o que combina elegancia, tecnolog\u00eda y esp\u00edritu aventurero. Una reinterpretaci\u00f3n moderna equipada con movimiento autom\u00e1tico japon\u00e9s de alta precisi\u00f3n, y una ejecuci\u00f3n cuidada hasta el m\u00e1s m\u00ednimo detalle.","og_url":"https:\/\/timeworksmods.com\/fr\/produit\/seikomaster-007\/","og_site_name":"Timeworks\u2122 | Seiko Mods","article_modified_time":"2026-04-14T13:16:31+00:00","og_image":[{"width":1200,"height":1200,"url":"https:\/\/timeworksmods.com\/wp-content\/uploads\/2025\/12\/285f89b802bcb2651801455c86d78f2a.jpg","type":"image\/jpeg"}],"twitter_card":"summary_large_image","twitter_misc":{"Dur\u00e9e de lecture estim\u00e9e":"1 minute"},"schema":{"@context":"https:\/\/schema.org","@graph":[{"@type":"WebPage","@id":"https:\/\/timeworksmods.com\/producto\/seikomaster-007\/","url":"https:\/\/timeworksmods.com\/producto\/seikomaster-007\/","name":"Seikomaster 007 | Timeworks\u2122 | Modifications Seiko","isPartOf":{"@id":"https:\/\/timeworksmods.com\/#website"},"primaryImageOfPage":{"@id":"https:\/\/timeworksmods.com\/producto\/seikomaster-007\/#primaryimage"},"image":{"@id":"https:\/\/timeworksmods.com\/producto\/seikomaster-007\/#primaryimage"},"thumbnailUrl":"https:\/\/timeworksmods.com\/wp-content\/uploads\/2025\/12\/285f89b802bcb2651801455c86d78f2a.jpg","datePublished":"2025-12-08T13:48:48+00:00","dateModified":"2026-04-14T13:16:31+00:00","description":"Inspir\u00e9 d'un des plus grands piliers de l'horlogerie suisse, ce mod offre un design qui allie \u00e9l\u00e9gance, technologie et esprit d'aventure. Une r\u00e9interpr\u00e9tation moderne \u00e9quip\u00e9e d'un mouvement automatique japonais de haute pr\u00e9cision, et une ex\u00e9cution soign\u00e9e dans les moindres d\u00e9tails.","breadcrumb":{"@id":"https:\/\/timeworksmods.com\/producto\/seikomaster-007\/#breadcrumb"},"inLanguage":"fr-FR","potentialAction":[{"@type":"ReadAction","target":["https:\/\/timeworksmods.com\/producto\/seikomaster-007\/"]}]},{"@type":"ImageObject","inLanguage":"fr-FR","@id":"https:\/\/timeworksmods.com\/producto\/seikomaster-007\/#primaryimage","url":"https:\/\/timeworksmods.com\/wp-content\/uploads\/2025\/12\/285f89b802bcb2651801455c86d78f2a.jpg","contentUrl":"https:\/\/timeworksmods.com\/wp-content\/uploads\/2025\/12\/285f89b802bcb2651801455c86d78f2a.jpg","width":1200,"height":1200},{"@type":"BreadcrumbList","@id":"https:\/\/timeworksmods.com\/producto\/seikomaster-007\/#breadcrumb","itemListElement":[{"@type":"ListItem","position":1,"name":"Portada","item":"https:\/\/timeworksmods.com\/"},{"@type":"ListItem","position":2,"name":"Tienda","item":"https:\/\/timeworksmods.com\/tienda\/"},{"@type":"ListItem","position":3,"name":"Seikomaster 007"}]},{"@type":"WebSite","@id":"https:\/\/timeworksmods.com\/#website","url":"https:\/\/timeworksmods.com\/","name":"Timeworks\u2122 | Mods Seiko","description":"Votre boutique de modifications Seiko personnalis\u00e9es","publisher":{"@id":"https:\/\/timeworksmods.com\/#organization"},"alternateName":"Timeworks\u2122 | Seiko Mods","potentialAction":[{"@type":"SearchAction","target":{"@type":"EntryPoint","urlTemplate":"https:\/\/timeworksmods.com\/?s={search_term_string}"},"query-input":{"@type":"PropertyValueSpecification","valueRequired":true,"valueName":"search_term_string"}}],"inLanguage":"fr-FR"},{"@type":"Organization","@id":"https:\/\/timeworksmods.com\/#organization","name":"Timeworks\u2122 | Mods Seiko","alternateName":"Timeworks\u2122 | Seiko Mods","url":"https:\/\/timeworksmods.com\/","logo":{"@type":"ImageObject","inLanguage":"fr-FR","@id":"https:\/\/timeworksmods.com\/#\/schema\/logo\/image\/","url":"https:\/\/timeworksmods.com\/wp-content\/uploads\/2025\/12\/ad972f10e0800b49d76fed33a21f6698.png","contentUrl":"https:\/\/timeworksmods.com\/wp-content\/uploads\/2025\/12\/ad972f10e0800b49d76fed33a21f6698.png","width":1500,"height":200,"caption":"Timeworks\u2122 | Seiko Mods"},"image":{"@id":"https:\/\/timeworksmods.com\/#\/schema\/logo\/image\/"}}]}},"_links":{"self":[{"href":"https:\/\/timeworksmods.com\/fr\/wp-json\/wp\/v2\/product\/1240","targetHints":{"allow":["GET"]}}],"collection":[{"href":"https:\/\/timeworksmods.com\/fr\/wp-json\/wp\/v2\/product"}],"about":[{"href":"https:\/\/timeworksmods.com\/fr\/wp-json\/wp\/v2\/types\/product"}],"replies":[{"embeddable":true,"href":"https:\/\/timeworksmods.com\/fr\/wp-json\/wp\/v2\/comments?post=1240"}],"wp:featuredmedia":[{"embeddable":true,"href":"https:\/\/timeworksmods.com\/fr\/wp-json\/wp\/v2\/media\/1155"}],"wp:attachment":[{"href":"https:\/\/timeworksmods.com\/fr\/wp-json\/wp\/v2\/media?parent=1240"}],"wp:term":[{"taxonomy":"product_cat","embeddable":true,"href":"https:\/\/timeworksmods.com\/fr\/wp-json\/wp\/v2\/product_cat?post=1240"},{"taxonomy":"product_tag","embeddable":true,"href":"https:\/\/timeworksmods.com\/fr\/wp-json\/wp\/v2\/product_tag?post=1240"}],"curies":[{"name":"wp","href":"https:\/\/api.w.org\/{rel}","templated":true}]}}