{"id":1242,"date":"2025-12-08T13:51:15","date_gmt":"2025-12-08T13:51:15","guid":{"rendered":"https:\/\/timeworksmods.com\/?post_type=product&#038;p=1242"},"modified":"2026-04-13T08:38:36","modified_gmt":"2026-04-13T06:38:36","slug":"seikomariner-vintage","status":"publish","type":"product","link":"https:\/\/timeworksmods.com\/fr\/produit\/seikomariner-vintage\/","title":{"rendered":"Seikomariner Vintage"},"content":{"rendered":"<p data-start=\"126\" data-end=\"441\">Inspir\u00e9 des grandes ic\u00f4nes de l'horlogerie de plong\u00e9e professionnelle, ce mod offre un design robuste, fonctionnel et intemporel. Une r\u00e9interpr\u00e9tation moderne \u00e9quip\u00e9e d'un mouvement automatique japonais d'une fiabilit\u00e9 \u00e9prouv\u00e9e et de mat\u00e9riaux de haute qualit\u00e9, id\u00e9al aussi bien pour un usage quotidien que pour des environnements exigeants.<\/p>\n<p data-start=\"443\" data-end=\"749\">Le calibre japonais fonctionne \u00e0 21 600 alternances par heure (3 Hz), dispose d'un remontage automatique et manuel, d'une fonction d'arr\u00eat de la seconde (hacking) pour un r\u00e9glage pr\u00e9cis de l'heure et offre une r\u00e9serve de marche d'environ 41 heures, garantissant un fonctionnement stable et continu en toutes circonstances.<\/p>\n<p data-start=\"751\" data-end=\"1320\">Le bo\u00eetier en acier inoxydable 316L offre une r\u00e9sistance \u00e9lev\u00e9e \u00e0 la corrosion, \u00e0 la pression et \u00e0 l'usure quotidienne, et est associ\u00e9 \u00e0 une lunette tournante unidirectionnelle de style plongeuse, con\u00e7ue pour mesurer des intervalles de temps de mani\u00e8re pratique et pr\u00e9cise. L'ensemble est compl\u00e9t\u00e9 par un verre saphir, qui assure une protection sup\u00e9rieure contre les rayures et une excellente lisibilit\u00e9. Le r\u00e9sultat est une montre sportive, \u00e9l\u00e9gante et tr\u00e8s fiable, con\u00e7ue aussi bien pour un usage quotidien que pour les amateurs d'horlogerie m\u00e9canique d'inspiration sous-marine.<\/p>","protected":false},"excerpt":{"rendered":"<p>Inspir\u00e9 des grandes ic\u00f4nes de l'horlogerie de plong\u00e9e professionnelle, ce mod offre un design robuste, fonctionnel et intemporel. Une r\u00e9interpr\u00e9tation moderne \u00e9quip\u00e9e d'une m\u00e9canique japonaise \u00e9prouv\u00e9e et de mat\u00e9riaux de haute qualit\u00e9, id\u00e9ale tant pour un usage quotidien que pour des environnements exigeants.<\/p>","protected":false},"featured_media":1163,"comment_status":"open","ping_status":"closed","template":"","meta":{"_acf_changed":false,"_joinchat":[]},"product_cat":[101],"product_tag":[],"class_list":{"0":"post-1242","1":"product","2":"type-product","3":"status-publish","4":"has-post-thumbnail","6":"product_cat-seikomariner","7":"pa_seikomariner-version-seikomariner-vintage","9":"first","10":"instock","11":"sale","12":"taxable","13":"shipping-taxable","14":"purchasable","15":"product-type-simple","swatches":"rey-swatches","show_selected":""},"acf":[],"yoast_head":"<!-- This site is optimized with the Yoast SEO plugin v27.4 - https:\/\/yoast.com\/product\/yoast-seo-wordpress\/ -->\n<title>Seikomariner Vintage | Timeworks\u2122 | Seiko Mods<\/title>\n<meta name=\"description\" content=\"Inspirado en los grandes iconos de la relojer\u00eda de buceo profesional, este mod ofrece un dise\u00f1o robusto, funcional y atemporal. Una reinterpretaci\u00f3n moderna equipada con mec\u00e1nica japonesa de probada fiabilidad y materiales de alta calidad, ideal tanto para el uso diario como para entornos exigentes.\" \/>\n<meta name=\"robots\" content=\"index, follow, max-snippet:-1, max-image-preview:large, max-video-preview:-1\" \/>\n<link rel=\"canonical\" href=\"https:\/\/timeworksmods.com\/fr\/produit\/seikomariner-vintage\/\" \/>\n<meta property=\"og:locale\" content=\"fr_FR\" \/>\n<meta property=\"og:type\" content=\"article\" \/>\n<meta property=\"og:title\" content=\"Seikomariner Vintage | Timeworks\u2122 | Seiko Mods\" \/>\n<meta property=\"og:description\" content=\"Inspirado en los grandes iconos de la relojer\u00eda de buceo profesional, este mod ofrece un dise\u00f1o robusto, funcional y atemporal. Una reinterpretaci\u00f3n moderna equipada con mec\u00e1nica japonesa de probada fiabilidad y materiales de alta calidad, ideal tanto para el uso diario como para entornos exigentes.\" \/>\n<meta property=\"og:url\" content=\"https:\/\/timeworksmods.com\/fr\/produit\/seikomariner-vintage\/\" \/>\n<meta property=\"og:site_name\" content=\"Timeworks\u2122 | Seiko Mods\" \/>\n<meta property=\"article:modified_time\" content=\"2026-04-13T06:38:36+00:00\" \/>\n<meta property=\"og:image\" content=\"https:\/\/timeworksmods.com\/wp-content\/uploads\/2025\/12\/6e7d2da6d3953058db75714ac400b584.jpg\" \/>\n\t<meta property=\"og:image:width\" content=\"1200\" \/>\n\t<meta property=\"og:image:height\" content=\"1200\" \/>\n\t<meta property=\"og:image:type\" content=\"image\/jpeg\" \/>\n<meta name=\"twitter:card\" content=\"summary_large_image\" \/>\n<meta name=\"twitter:label1\" content=\"Dur\u00e9e de lecture estim\u00e9e\" \/>\n\t<meta name=\"twitter:data1\" content=\"1 minute\" \/>\n<script type=\"application\/ld+json\" class=\"yoast-schema-graph\">{\"@context\":\"https:\\\/\\\/schema.org\",\"@graph\":[{\"@type\":\"WebPage\",\"@id\":\"https:\\\/\\\/timeworksmods.com\\\/producto\\\/seikomariner-vintage\\\/\",\"url\":\"https:\\\/\\\/timeworksmods.com\\\/producto\\\/seikomariner-vintage\\\/\",\"name\":\"Seikomariner Vintage | Timeworks\u2122 | Seiko Mods\",\"isPartOf\":{\"@id\":\"https:\\\/\\\/timeworksmods.com\\\/#website\"},\"primaryImageOfPage\":{\"@id\":\"https:\\\/\\\/timeworksmods.com\\\/producto\\\/seikomariner-vintage\\\/#primaryimage\"},\"image\":{\"@id\":\"https:\\\/\\\/timeworksmods.com\\\/producto\\\/seikomariner-vintage\\\/#primaryimage\"},\"thumbnailUrl\":\"https:\\\/\\\/timeworksmods.com\\\/wp-content\\\/uploads\\\/2025\\\/12\\\/6e7d2da6d3953058db75714ac400b584.jpg\",\"datePublished\":\"2025-12-08T13:51:15+00:00\",\"dateModified\":\"2026-04-13T06:38:36+00:00\",\"description\":\"Inspirado en los grandes iconos de la relojer\u00eda de buceo profesional, este mod ofrece un dise\u00f1o robusto, funcional y atemporal. Una reinterpretaci\u00f3n moderna equipada con mec\u00e1nica japonesa de probada fiabilidad y materiales de alta calidad, ideal tanto para el uso diario como para entornos exigentes.\",\"breadcrumb\":{\"@id\":\"https:\\\/\\\/timeworksmods.com\\\/producto\\\/seikomariner-vintage\\\/#breadcrumb\"},\"inLanguage\":\"fr-FR\",\"potentialAction\":[{\"@type\":\"ReadAction\",\"target\":[\"https:\\\/\\\/timeworksmods.com\\\/producto\\\/seikomariner-vintage\\\/\"]}]},{\"@type\":\"ImageObject\",\"inLanguage\":\"fr-FR\",\"@id\":\"https:\\\/\\\/timeworksmods.com\\\/producto\\\/seikomariner-vintage\\\/#primaryimage\",\"url\":\"https:\\\/\\\/timeworksmods.com\\\/wp-content\\\/uploads\\\/2025\\\/12\\\/6e7d2da6d3953058db75714ac400b584.jpg\",\"contentUrl\":\"https:\\\/\\\/timeworksmods.com\\\/wp-content\\\/uploads\\\/2025\\\/12\\\/6e7d2da6d3953058db75714ac400b584.jpg\",\"width\":1200,\"height\":1200},{\"@type\":\"BreadcrumbList\",\"@id\":\"https:\\\/\\\/timeworksmods.com\\\/producto\\\/seikomariner-vintage\\\/#breadcrumb\",\"itemListElement\":[{\"@type\":\"ListItem\",\"position\":1,\"name\":\"Portada\",\"item\":\"https:\\\/\\\/timeworksmods.com\\\/\"},{\"@type\":\"ListItem\",\"position\":2,\"name\":\"Tienda\",\"item\":\"https:\\\/\\\/timeworksmods.com\\\/tienda\\\/\"},{\"@type\":\"ListItem\",\"position\":3,\"name\":\"Seikomariner Vintage\"}]},{\"@type\":\"WebSite\",\"@id\":\"https:\\\/\\\/timeworksmods.com\\\/#website\",\"url\":\"https:\\\/\\\/timeworksmods.com\\\/\",\"name\":\"Timeworks\u2122 | Seiko Mods\",\"description\":\"Tu Tienda de Seiko Mods Personalizados\",\"publisher\":{\"@id\":\"https:\\\/\\\/timeworksmods.com\\\/#organization\"},\"alternateName\":\"Timeworks\u2122 | Seiko Mods\",\"potentialAction\":[{\"@type\":\"SearchAction\",\"target\":{\"@type\":\"EntryPoint\",\"urlTemplate\":\"https:\\\/\\\/timeworksmods.com\\\/?s={search_term_string}\"},\"query-input\":{\"@type\":\"PropertyValueSpecification\",\"valueRequired\":true,\"valueName\":\"search_term_string\"}}],\"inLanguage\":\"fr-FR\"},{\"@type\":\"Organization\",\"@id\":\"https:\\\/\\\/timeworksmods.com\\\/#organization\",\"name\":\"Timeworks\u2122 | Seiko Mods\",\"alternateName\":\"Timeworks\u2122 | Seiko Mods\",\"url\":\"https:\\\/\\\/timeworksmods.com\\\/\",\"logo\":{\"@type\":\"ImageObject\",\"inLanguage\":\"fr-FR\",\"@id\":\"https:\\\/\\\/timeworksmods.com\\\/#\\\/schema\\\/logo\\\/image\\\/\",\"url\":\"https:\\\/\\\/timeworksmods.com\\\/wp-content\\\/uploads\\\/2025\\\/12\\\/ad972f10e0800b49d76fed33a21f6698.png\",\"contentUrl\":\"https:\\\/\\\/timeworksmods.com\\\/wp-content\\\/uploads\\\/2025\\\/12\\\/ad972f10e0800b49d76fed33a21f6698.png\",\"width\":1500,\"height\":200,\"caption\":\"Timeworks\u2122 | Seiko Mods\"},\"image\":{\"@id\":\"https:\\\/\\\/timeworksmods.com\\\/#\\\/schema\\\/logo\\\/image\\\/\"}}]}<\/script>\n<!-- \/ Yoast SEO plugin. -->","yoast_head_json":{"title":"Seikomariner Vintage | Timeworks\u2122 | Seiko Mods","description":"Inspir\u00e9 des grandes ic\u00f4nes de l'horlogerie de plong\u00e9e professionnelle, ce mod offre un design robuste, fonctionnel et intemporel. Une r\u00e9interpr\u00e9tation moderne \u00e9quip\u00e9e d'une m\u00e9canique japonaise \u00e9prouv\u00e9e et de mat\u00e9riaux de haute qualit\u00e9, id\u00e9ale tant pour un usage quotidien que pour des environnements exigeants.","robots":{"index":"index","follow":"follow","max-snippet":"max-snippet:-1","max-image-preview":"max-image-preview:large","max-video-preview":"max-video-preview:-1"},"canonical":"https:\/\/timeworksmods.com\/fr\/produit\/seikomariner-vintage\/","og_locale":"fr_FR","og_type":"article","og_title":"Seikomariner Vintage | Timeworks\u2122 | Seiko Mods","og_description":"Inspirado en los grandes iconos de la relojer\u00eda de buceo profesional, este mod ofrece un dise\u00f1o robusto, funcional y atemporal. Una reinterpretaci\u00f3n moderna equipada con mec\u00e1nica japonesa de probada fiabilidad y materiales de alta calidad, ideal tanto para el uso diario como para entornos exigentes.","og_url":"https:\/\/timeworksmods.com\/fr\/produit\/seikomariner-vintage\/","og_site_name":"Timeworks\u2122 | Seiko Mods","article_modified_time":"2026-04-13T06:38:36+00:00","og_image":[{"width":1200,"height":1200,"url":"https:\/\/timeworksmods.com\/wp-content\/uploads\/2025\/12\/6e7d2da6d3953058db75714ac400b584.jpg","type":"image\/jpeg"}],"twitter_card":"summary_large_image","twitter_misc":{"Dur\u00e9e de lecture estim\u00e9e":"1 minute"},"schema":{"@context":"https:\/\/schema.org","@graph":[{"@type":"WebPage","@id":"https:\/\/timeworksmods.com\/producto\/seikomariner-vintage\/","url":"https:\/\/timeworksmods.com\/producto\/seikomariner-vintage\/","name":"Seikomariner Vintage | Timeworks\u2122 | Seiko Mods","isPartOf":{"@id":"https:\/\/timeworksmods.com\/#website"},"primaryImageOfPage":{"@id":"https:\/\/timeworksmods.com\/producto\/seikomariner-vintage\/#primaryimage"},"image":{"@id":"https:\/\/timeworksmods.com\/producto\/seikomariner-vintage\/#primaryimage"},"thumbnailUrl":"https:\/\/timeworksmods.com\/wp-content\/uploads\/2025\/12\/6e7d2da6d3953058db75714ac400b584.jpg","datePublished":"2025-12-08T13:51:15+00:00","dateModified":"2026-04-13T06:38:36+00:00","description":"Inspir\u00e9 des grandes ic\u00f4nes de l'horlogerie de plong\u00e9e professionnelle, ce mod offre un design robuste, fonctionnel et intemporel. Une r\u00e9interpr\u00e9tation moderne \u00e9quip\u00e9e d'une m\u00e9canique japonaise \u00e9prouv\u00e9e et de mat\u00e9riaux de haute qualit\u00e9, id\u00e9ale tant pour un usage quotidien que pour des environnements exigeants.","breadcrumb":{"@id":"https:\/\/timeworksmods.com\/producto\/seikomariner-vintage\/#breadcrumb"},"inLanguage":"fr-FR","potentialAction":[{"@type":"ReadAction","target":["https:\/\/timeworksmods.com\/producto\/seikomariner-vintage\/"]}]},{"@type":"ImageObject","inLanguage":"fr-FR","@id":"https:\/\/timeworksmods.com\/producto\/seikomariner-vintage\/#primaryimage","url":"https:\/\/timeworksmods.com\/wp-content\/uploads\/2025\/12\/6e7d2da6d3953058db75714ac400b584.jpg","contentUrl":"https:\/\/timeworksmods.com\/wp-content\/uploads\/2025\/12\/6e7d2da6d3953058db75714ac400b584.jpg","width":1200,"height":1200},{"@type":"BreadcrumbList","@id":"https:\/\/timeworksmods.com\/producto\/seikomariner-vintage\/#breadcrumb","itemListElement":[{"@type":"ListItem","position":1,"name":"Portada","item":"https:\/\/timeworksmods.com\/"},{"@type":"ListItem","position":2,"name":"Tienda","item":"https:\/\/timeworksmods.com\/tienda\/"},{"@type":"ListItem","position":3,"name":"Seikomariner Vintage"}]},{"@type":"WebSite","@id":"https:\/\/timeworksmods.com\/#website","url":"https:\/\/timeworksmods.com\/","name":"Timeworks\u2122 | Mods Seiko","description":"Votre boutique de modifications Seiko personnalis\u00e9es","publisher":{"@id":"https:\/\/timeworksmods.com\/#organization"},"alternateName":"Timeworks\u2122 | Seiko Mods","potentialAction":[{"@type":"SearchAction","target":{"@type":"EntryPoint","urlTemplate":"https:\/\/timeworksmods.com\/?s={search_term_string}"},"query-input":{"@type":"PropertyValueSpecification","valueRequired":true,"valueName":"search_term_string"}}],"inLanguage":"fr-FR"},{"@type":"Organization","@id":"https:\/\/timeworksmods.com\/#organization","name":"Timeworks\u2122 | Mods Seiko","alternateName":"Timeworks\u2122 | Seiko Mods","url":"https:\/\/timeworksmods.com\/","logo":{"@type":"ImageObject","inLanguage":"fr-FR","@id":"https:\/\/timeworksmods.com\/#\/schema\/logo\/image\/","url":"https:\/\/timeworksmods.com\/wp-content\/uploads\/2025\/12\/ad972f10e0800b49d76fed33a21f6698.png","contentUrl":"https:\/\/timeworksmods.com\/wp-content\/uploads\/2025\/12\/ad972f10e0800b49d76fed33a21f6698.png","width":1500,"height":200,"caption":"Timeworks\u2122 | Seiko Mods"},"image":{"@id":"https:\/\/timeworksmods.com\/#\/schema\/logo\/image\/"}}]}},"_links":{"self":[{"href":"https:\/\/timeworksmods.com\/fr\/wp-json\/wp\/v2\/product\/1242","targetHints":{"allow":["GET"]}}],"collection":[{"href":"https:\/\/timeworksmods.com\/fr\/wp-json\/wp\/v2\/product"}],"about":[{"href":"https:\/\/timeworksmods.com\/fr\/wp-json\/wp\/v2\/types\/product"}],"replies":[{"embeddable":true,"href":"https:\/\/timeworksmods.com\/fr\/wp-json\/wp\/v2\/comments?post=1242"}],"wp:featuredmedia":[{"embeddable":true,"href":"https:\/\/timeworksmods.com\/fr\/wp-json\/wp\/v2\/media\/1163"}],"wp:attachment":[{"href":"https:\/\/timeworksmods.com\/fr\/wp-json\/wp\/v2\/media?parent=1242"}],"wp:term":[{"taxonomy":"product_cat","embeddable":true,"href":"https:\/\/timeworksmods.com\/fr\/wp-json\/wp\/v2\/product_cat?post=1242"},{"taxonomy":"product_tag","embeddable":true,"href":"https:\/\/timeworksmods.com\/fr\/wp-json\/wp\/v2\/product_tag?post=1242"}],"curies":[{"name":"wp","href":"https:\/\/api.w.org\/{rel}","templated":true}]}}