{"id":3022,"date":"2025-12-23T20:15:32","date_gmt":"2025-12-23T19:15:32","guid":{"rendered":"https:\/\/timeworksmods.com\/?post_type=product&#038;p=3022"},"modified":"2026-04-13T08:36:41","modified_gmt":"2026-04-13T06:36:41","slug":"nautiko-blue-openheart","status":"publish","type":"product","link":"https:\/\/timeworksmods.com\/fr\/produit\/nautiko-blue-openheart\/","title":{"rendered":"Nautiko Bleu C\u0153ur ouvert"},"content":{"rendered":"<p data-start=\"201\" data-end=\"561\">Inspir\u00e9 des grandes ic\u00f4nes de l'horlogerie sportive de luxe, ce mod propose un design sophistiqu\u00e9, aux lignes int\u00e9gr\u00e9es et \u00e0 l'\u00e9quilibre parfait entre \u00e9l\u00e9gance et sportivit\u00e9. Cette r\u00e9interpr\u00e9tation conserve l'essence des montres de luxe classiques, en y int\u00e9grant <strong data-start=\"474\" data-end=\"526\">mouvement automatique japonais de haute fiabilit\u00e9<\/strong> et des mat\u00e9riaux de premi\u00e8re qualit\u00e9.<\/p>\n<p data-start=\"563\" data-end=\"993\">\u00c0 l'int\u00e9rieur, il abrite un mouvement japonais sans date, particuli\u00e8rement appr\u00e9ci\u00e9 pour son esth\u00e9tique \u00e9pur\u00e9e et sym\u00e9trique sur le cadran. Il fonctionne \u00e0 21 600 alternances par heure (3 Hz), dispose d'un remontage automatique et manuel, ainsi que d'une fonction d'arr\u00eat de la seconde (hacking) pour un r\u00e9glage pr\u00e9cis de l'heure. Il compte 24 rubis et une r\u00e9serve de marche d'environ 41 heures, garantissant un fonctionnement stable, efficace et durable.<\/p>\n<p data-start=\"995\" data-end=\"1389\">Le bo\u00eetier est fabriqu\u00e9 en acier inoxydable 316L, offrant une r\u00e9sistance \u00e9lev\u00e9e \u00e0 la corrosion et \u00e0 une utilisation quotidienne, et est compl\u00e9t\u00e9 par un verre saphir, qui apporte une excellente protection contre les rayures et une visibilit\u00e9 optimale. Le r\u00e9sultat est une montre \u00e9l\u00e9gante, sportive et m\u00e9caniquement fiable, id\u00e9ale pour un usage quotidien ainsi que pour les collectionneurs et les amateurs d'horlogerie m\u00e9canique.<\/p>","protected":false},"excerpt":{"rendered":"<p>Cette mode combine l'\u00e9l\u00e9gance sportive des designs classiques de l'horlogerie avec la fiabilit\u00e9 d'un <strong data-start=\"286\" data-end=\"337\">mouvement automatique japonais de haute pr\u00e9cision<\/strong>. Un hommage qui respecte l'essence des montres iconiques, r\u00e9interpr\u00e9t\u00e9es avec des mat\u00e9riaux modernes et une construction soign\u00e9e dans le moindre d\u00e9tail.<\/p>","protected":false},"featured_media":3023,"comment_status":"open","ping_status":"closed","template":"","meta":{"_acf_changed":false,"_joinchat":[]},"product_cat":[100],"product_tag":[],"class_list":{"0":"post-3022","1":"product","2":"type-product","3":"status-publish","4":"has-post-thumbnail","6":"product_cat-nautiko","8":"first","9":"instock","10":"sale","11":"taxable","12":"shipping-taxable","13":"purchasable","14":"product-type-simple","swatches":"rey-swatches","show_selected":""},"acf":[],"yoast_head":"<!-- This site is optimized with the Yoast SEO plugin v27.4 - https:\/\/yoast.com\/product\/yoast-seo-wordpress\/ -->\n<title>Nautiko Blue Openheart | Timeworks\u2122 | Seiko Mods<\/title>\n<meta name=\"description\" content=\"Este mod combina la elegancia deportiva de los dise\u00f1os cl\u00e1sicos de relojer\u00eda con la fiabilidad de un movimiento autom\u00e1tico japon\u00e9s de alta precisi\u00f3n. Un homenaje que respeta la esencia de los relojes ic\u00f3nicos, reinterpretado con materiales modernos y una construcci\u00f3n cuidada al detalle.\" \/>\n<meta name=\"robots\" content=\"index, follow, max-snippet:-1, max-image-preview:large, max-video-preview:-1\" \/>\n<link rel=\"canonical\" href=\"https:\/\/timeworksmods.com\/fr\/produit\/nautiko-blue-openheart\/\" \/>\n<meta property=\"og:locale\" content=\"fr_FR\" \/>\n<meta property=\"og:type\" content=\"article\" \/>\n<meta property=\"og:title\" content=\"Nautiko Blue Openheart | Timeworks\u2122 | Seiko Mods\" \/>\n<meta property=\"og:description\" content=\"Este mod combina la elegancia deportiva de los dise\u00f1os cl\u00e1sicos de relojer\u00eda con la fiabilidad de un movimiento autom\u00e1tico japon\u00e9s de alta precisi\u00f3n. Un homenaje que respeta la esencia de los relojes ic\u00f3nicos, reinterpretado con materiales modernos y una construcci\u00f3n cuidada al detalle.\" \/>\n<meta property=\"og:url\" content=\"https:\/\/timeworksmods.com\/fr\/produit\/nautiko-blue-openheart\/\" \/>\n<meta property=\"og:site_name\" content=\"Timeworks\u2122 | Seiko Mods\" \/>\n<meta property=\"article:modified_time\" content=\"2026-04-13T06:36:41+00:00\" \/>\n<meta property=\"og:image\" content=\"https:\/\/timeworksmods.com\/wp-content\/uploads\/2025\/12\/09d37c08f7b129e96277388757530c72.jpg\" \/>\n\t<meta property=\"og:image:width\" content=\"1200\" \/>\n\t<meta property=\"og:image:height\" content=\"1200\" \/>\n\t<meta property=\"og:image:type\" content=\"image\/jpeg\" \/>\n<meta name=\"twitter:card\" content=\"summary_large_image\" \/>\n<meta name=\"twitter:label1\" content=\"Dur\u00e9e de lecture estim\u00e9e\" \/>\n\t<meta name=\"twitter:data1\" content=\"1 minute\" \/>\n<script type=\"application\/ld+json\" class=\"yoast-schema-graph\">{\"@context\":\"https:\\\/\\\/schema.org\",\"@graph\":[{\"@type\":\"WebPage\",\"@id\":\"https:\\\/\\\/timeworksmods.com\\\/producto\\\/nautiko-blue-openheart\\\/\",\"url\":\"https:\\\/\\\/timeworksmods.com\\\/producto\\\/nautiko-blue-openheart\\\/\",\"name\":\"Nautiko Blue Openheart | Timeworks\u2122 | Seiko Mods\",\"isPartOf\":{\"@id\":\"https:\\\/\\\/timeworksmods.com\\\/#website\"},\"primaryImageOfPage\":{\"@id\":\"https:\\\/\\\/timeworksmods.com\\\/producto\\\/nautiko-blue-openheart\\\/#primaryimage\"},\"image\":{\"@id\":\"https:\\\/\\\/timeworksmods.com\\\/producto\\\/nautiko-blue-openheart\\\/#primaryimage\"},\"thumbnailUrl\":\"https:\\\/\\\/timeworksmods.com\\\/wp-content\\\/uploads\\\/2025\\\/12\\\/09d37c08f7b129e96277388757530c72.jpg\",\"datePublished\":\"2025-12-23T19:15:32+00:00\",\"dateModified\":\"2026-04-13T06:36:41+00:00\",\"description\":\"Este mod combina la elegancia deportiva de los dise\u00f1os cl\u00e1sicos de relojer\u00eda con la fiabilidad de un movimiento autom\u00e1tico japon\u00e9s de alta precisi\u00f3n. Un homenaje que respeta la esencia de los relojes ic\u00f3nicos, reinterpretado con materiales modernos y una construcci\u00f3n cuidada al detalle.\",\"breadcrumb\":{\"@id\":\"https:\\\/\\\/timeworksmods.com\\\/producto\\\/nautiko-blue-openheart\\\/#breadcrumb\"},\"inLanguage\":\"fr-FR\",\"potentialAction\":[{\"@type\":\"ReadAction\",\"target\":[\"https:\\\/\\\/timeworksmods.com\\\/producto\\\/nautiko-blue-openheart\\\/\"]}]},{\"@type\":\"ImageObject\",\"inLanguage\":\"fr-FR\",\"@id\":\"https:\\\/\\\/timeworksmods.com\\\/producto\\\/nautiko-blue-openheart\\\/#primaryimage\",\"url\":\"https:\\\/\\\/timeworksmods.com\\\/wp-content\\\/uploads\\\/2025\\\/12\\\/09d37c08f7b129e96277388757530c72.jpg\",\"contentUrl\":\"https:\\\/\\\/timeworksmods.com\\\/wp-content\\\/uploads\\\/2025\\\/12\\\/09d37c08f7b129e96277388757530c72.jpg\",\"width\":1200,\"height\":1200},{\"@type\":\"BreadcrumbList\",\"@id\":\"https:\\\/\\\/timeworksmods.com\\\/producto\\\/nautiko-blue-openheart\\\/#breadcrumb\",\"itemListElement\":[{\"@type\":\"ListItem\",\"position\":1,\"name\":\"Portada\",\"item\":\"https:\\\/\\\/timeworksmods.com\\\/\"},{\"@type\":\"ListItem\",\"position\":2,\"name\":\"Tienda\",\"item\":\"https:\\\/\\\/timeworksmods.com\\\/tienda\\\/\"},{\"@type\":\"ListItem\",\"position\":3,\"name\":\"Nautiko Blue Openheart\"}]},{\"@type\":\"WebSite\",\"@id\":\"https:\\\/\\\/timeworksmods.com\\\/#website\",\"url\":\"https:\\\/\\\/timeworksmods.com\\\/\",\"name\":\"Timeworks\u2122 | Seiko Mods\",\"description\":\"Tu Tienda de Seiko Mods Personalizados\",\"publisher\":{\"@id\":\"https:\\\/\\\/timeworksmods.com\\\/#organization\"},\"alternateName\":\"Timeworks\u2122 | Seiko Mods\",\"potentialAction\":[{\"@type\":\"SearchAction\",\"target\":{\"@type\":\"EntryPoint\",\"urlTemplate\":\"https:\\\/\\\/timeworksmods.com\\\/?s={search_term_string}\"},\"query-input\":{\"@type\":\"PropertyValueSpecification\",\"valueRequired\":true,\"valueName\":\"search_term_string\"}}],\"inLanguage\":\"fr-FR\"},{\"@type\":\"Organization\",\"@id\":\"https:\\\/\\\/timeworksmods.com\\\/#organization\",\"name\":\"Timeworks\u2122 | Seiko Mods\",\"alternateName\":\"Timeworks\u2122 | Seiko Mods\",\"url\":\"https:\\\/\\\/timeworksmods.com\\\/\",\"logo\":{\"@type\":\"ImageObject\",\"inLanguage\":\"fr-FR\",\"@id\":\"https:\\\/\\\/timeworksmods.com\\\/#\\\/schema\\\/logo\\\/image\\\/\",\"url\":\"https:\\\/\\\/timeworksmods.com\\\/wp-content\\\/uploads\\\/2025\\\/12\\\/ad972f10e0800b49d76fed33a21f6698.png\",\"contentUrl\":\"https:\\\/\\\/timeworksmods.com\\\/wp-content\\\/uploads\\\/2025\\\/12\\\/ad972f10e0800b49d76fed33a21f6698.png\",\"width\":1500,\"height\":200,\"caption\":\"Timeworks\u2122 | Seiko Mods\"},\"image\":{\"@id\":\"https:\\\/\\\/timeworksmods.com\\\/#\\\/schema\\\/logo\\\/image\\\/\"}}]}<\/script>\n<!-- \/ Yoast SEO plugin. -->","yoast_head_json":{"title":"Nautiko Blue Openheart | Timeworks\u2122 | Modifications Seiko","description":"Ce mod\u00e8le associe l'\u00e9l\u00e9gance sportive des designs horlogers classiques \u00e0 la fiabilit\u00e9 d'un mouvement automatique japonais de haute pr\u00e9cision. Un hommage qui respecte l'essence des montres iconiques, r\u00e9interpr\u00e9t\u00e9 avec des mat\u00e9riaux modernes et une construction soign\u00e9e dans les moindres d\u00e9tails.","robots":{"index":"index","follow":"follow","max-snippet":"max-snippet:-1","max-image-preview":"max-image-preview:large","max-video-preview":"max-video-preview:-1"},"canonical":"https:\/\/timeworksmods.com\/fr\/produit\/nautiko-blue-openheart\/","og_locale":"fr_FR","og_type":"article","og_title":"Nautiko Blue Openheart | Timeworks\u2122 | Seiko Mods","og_description":"Este mod combina la elegancia deportiva de los dise\u00f1os cl\u00e1sicos de relojer\u00eda con la fiabilidad de un movimiento autom\u00e1tico japon\u00e9s de alta precisi\u00f3n. Un homenaje que respeta la esencia de los relojes ic\u00f3nicos, reinterpretado con materiales modernos y una construcci\u00f3n cuidada al detalle.","og_url":"https:\/\/timeworksmods.com\/fr\/produit\/nautiko-blue-openheart\/","og_site_name":"Timeworks\u2122 | Seiko Mods","article_modified_time":"2026-04-13T06:36:41+00:00","og_image":[{"width":1200,"height":1200,"url":"https:\/\/timeworksmods.com\/wp-content\/uploads\/2025\/12\/09d37c08f7b129e96277388757530c72.jpg","type":"image\/jpeg"}],"twitter_card":"summary_large_image","twitter_misc":{"Dur\u00e9e de lecture estim\u00e9e":"1 minute"},"schema":{"@context":"https:\/\/schema.org","@graph":[{"@type":"WebPage","@id":"https:\/\/timeworksmods.com\/producto\/nautiko-blue-openheart\/","url":"https:\/\/timeworksmods.com\/producto\/nautiko-blue-openheart\/","name":"Nautiko Blue Openheart | Timeworks\u2122 | Modifications Seiko","isPartOf":{"@id":"https:\/\/timeworksmods.com\/#website"},"primaryImageOfPage":{"@id":"https:\/\/timeworksmods.com\/producto\/nautiko-blue-openheart\/#primaryimage"},"image":{"@id":"https:\/\/timeworksmods.com\/producto\/nautiko-blue-openheart\/#primaryimage"},"thumbnailUrl":"https:\/\/timeworksmods.com\/wp-content\/uploads\/2025\/12\/09d37c08f7b129e96277388757530c72.jpg","datePublished":"2025-12-23T19:15:32+00:00","dateModified":"2026-04-13T06:36:41+00:00","description":"Ce mod\u00e8le associe l'\u00e9l\u00e9gance sportive des designs horlogers classiques \u00e0 la fiabilit\u00e9 d'un mouvement automatique japonais de haute pr\u00e9cision. Un hommage qui respecte l'essence des montres iconiques, r\u00e9interpr\u00e9t\u00e9 avec des mat\u00e9riaux modernes et une construction soign\u00e9e dans les moindres d\u00e9tails.","breadcrumb":{"@id":"https:\/\/timeworksmods.com\/producto\/nautiko-blue-openheart\/#breadcrumb"},"inLanguage":"fr-FR","potentialAction":[{"@type":"ReadAction","target":["https:\/\/timeworksmods.com\/producto\/nautiko-blue-openheart\/"]}]},{"@type":"ImageObject","inLanguage":"fr-FR","@id":"https:\/\/timeworksmods.com\/producto\/nautiko-blue-openheart\/#primaryimage","url":"https:\/\/timeworksmods.com\/wp-content\/uploads\/2025\/12\/09d37c08f7b129e96277388757530c72.jpg","contentUrl":"https:\/\/timeworksmods.com\/wp-content\/uploads\/2025\/12\/09d37c08f7b129e96277388757530c72.jpg","width":1200,"height":1200},{"@type":"BreadcrumbList","@id":"https:\/\/timeworksmods.com\/producto\/nautiko-blue-openheart\/#breadcrumb","itemListElement":[{"@type":"ListItem","position":1,"name":"Portada","item":"https:\/\/timeworksmods.com\/"},{"@type":"ListItem","position":2,"name":"Tienda","item":"https:\/\/timeworksmods.com\/tienda\/"},{"@type":"ListItem","position":3,"name":"Nautiko Blue Openheart"}]},{"@type":"WebSite","@id":"https:\/\/timeworksmods.com\/#website","url":"https:\/\/timeworksmods.com\/","name":"Timeworks\u2122 | Mods Seiko","description":"Votre boutique de modifications Seiko personnalis\u00e9es","publisher":{"@id":"https:\/\/timeworksmods.com\/#organization"},"alternateName":"Timeworks\u2122 | Seiko Mods","potentialAction":[{"@type":"SearchAction","target":{"@type":"EntryPoint","urlTemplate":"https:\/\/timeworksmods.com\/?s={search_term_string}"},"query-input":{"@type":"PropertyValueSpecification","valueRequired":true,"valueName":"search_term_string"}}],"inLanguage":"fr-FR"},{"@type":"Organization","@id":"https:\/\/timeworksmods.com\/#organization","name":"Timeworks\u2122 | Mods Seiko","alternateName":"Timeworks\u2122 | Seiko Mods","url":"https:\/\/timeworksmods.com\/","logo":{"@type":"ImageObject","inLanguage":"fr-FR","@id":"https:\/\/timeworksmods.com\/#\/schema\/logo\/image\/","url":"https:\/\/timeworksmods.com\/wp-content\/uploads\/2025\/12\/ad972f10e0800b49d76fed33a21f6698.png","contentUrl":"https:\/\/timeworksmods.com\/wp-content\/uploads\/2025\/12\/ad972f10e0800b49d76fed33a21f6698.png","width":1500,"height":200,"caption":"Timeworks\u2122 | Seiko Mods"},"image":{"@id":"https:\/\/timeworksmods.com\/#\/schema\/logo\/image\/"}}]}},"_links":{"self":[{"href":"https:\/\/timeworksmods.com\/fr\/wp-json\/wp\/v2\/product\/3022","targetHints":{"allow":["GET"]}}],"collection":[{"href":"https:\/\/timeworksmods.com\/fr\/wp-json\/wp\/v2\/product"}],"about":[{"href":"https:\/\/timeworksmods.com\/fr\/wp-json\/wp\/v2\/types\/product"}],"replies":[{"embeddable":true,"href":"https:\/\/timeworksmods.com\/fr\/wp-json\/wp\/v2\/comments?post=3022"}],"wp:featuredmedia":[{"embeddable":true,"href":"https:\/\/timeworksmods.com\/fr\/wp-json\/wp\/v2\/media\/3023"}],"wp:attachment":[{"href":"https:\/\/timeworksmods.com\/fr\/wp-json\/wp\/v2\/media?parent=3022"}],"wp:term":[{"taxonomy":"product_cat","embeddable":true,"href":"https:\/\/timeworksmods.com\/fr\/wp-json\/wp\/v2\/product_cat?post=3022"},{"taxonomy":"product_tag","embeddable":true,"href":"https:\/\/timeworksmods.com\/fr\/wp-json\/wp\/v2\/product_tag?post=3022"}],"curies":[{"name":"wp","href":"https:\/\/api.w.org\/{rel}","templated":true}]}}