{"id":3108,"date":"2025-12-29T18:21:40","date_gmt":"2025-12-29T17:21:40","guid":{"rendered":"https:\/\/timeworksmods.com\/?post_type=product&#038;p=3108"},"modified":"2026-04-13T08:36:31","modified_gmt":"2026-04-13T06:36:31","slug":"seitona-gold-green","status":"publish","type":"product","link":"https:\/\/timeworksmods.com\/fr\/product\/seitona-gold-green\/","title":{"rendered":"Seitona Or Vert"},"content":{"rendered":"<p data-start=\"177\" data-end=\"459\">Inspir\u00e9 des chronographes les plus embl\u00e9matiques du sport automobile et de l'horlogerie sportive, ce mod offre un design refl\u00e9tant la vitesse, la pr\u00e9cision et l'esprit de comp\u00e9tition. Une r\u00e9interpr\u00e9tation moderne qui fusionne l'esth\u00e9tique racing, l'ing\u00e9nierie japonaise et des mat\u00e9riaux de haute qualit\u00e9.<\/p>\n<p data-start=\"461\" data-end=\"896\">\u00c0 l'int\u00e9rieur, il est \u00e9quip\u00e9 d'un <strong data-start=\"486\" data-end=\"527\">calibre m\u00e9ca-quartz de haute pr\u00e9cision<\/strong>, con\u00e7u pour le chronom\u00e9trage sportif, alliant la pr\u00e9cision du quartz \u00e0 la r\u00e9activit\u00e9 m\u00e9canique du chronographe. Il offre un d\u00e9marrage instantan\u00e9 de la seconde centrale, des pulsations fermes et pr\u00e9cises, des totaliseurs parfaitement synchronis\u00e9s et une fiabilit\u00e9 exceptionnelle m\u00eame en cas d'utilisation intensive, id\u00e9al pour mesurer le temps avec pr\u00e9cision dans n'importe quel environnement.<\/p>\n<p data-start=\"898\" data-end=\"1338\">Le bo\u00eetier en acier inoxydable 316L apporte robustesse et r\u00e9sistance aux chocs, aux vibrations et \u00e0 l'usure quotidienne. L'ensemble est surmont\u00e9 d'un verre saphir antireflet, garantissant une lisibilit\u00e9 maximale m\u00eame en pleine lumi\u00e8re, comme l'exige une authentique montre de comp\u00e9tition. Le r\u00e9sultat est un chronographe au caract\u00e8re sportif, \u00e0 l'\u00e2me de course, pens\u00e9 pour ceux qui vivent l'horlogerie avec la m\u00eame passion que la vitesse.<\/p>","protected":false},"excerpt":{"rendered":"<p>Inspir\u00e9 des chronographes les plus embl\u00e9matiques du sport automobile, ce mod allie vitesse, pr\u00e9cision et \u00e9l\u00e9gance sportive. Une pi\u00e8ce qui fusionne l'h\u00e9ritage des montres de course avec la fiabilit\u00e9 d'un <strong data-start=\"357\" data-end=\"408\">mouvement automatique japonais de haute pr\u00e9cision<\/strong>, r\u00e9interpr\u00e9t\u00e9e avec une attention m\u00e9ticuleuse aux d\u00e9tails.<\/p>","protected":false},"featured_media":3115,"comment_status":"open","ping_status":"closed","template":"","meta":{"_acf_changed":false,"_joinchat":[]},"product_cat":[111],"product_tag":[],"class_list":{"0":"post-3108","1":"product","2":"type-product","3":"status-publish","4":"has-post-thumbnail","6":"product_cat-seitona","8":"first","9":"instock","10":"sale","11":"taxable","12":"shipping-taxable","13":"purchasable","14":"product-type-simple","swatches":"rey-swatches","show_selected":""},"acf":[],"yoast_head":"<!-- This site is optimized with the Yoast SEO plugin v27.4 - https:\/\/yoast.com\/product\/yoast-seo-wordpress\/ -->\n<title>Seitona Gold Green | Timeworks\u2122 | Seiko Mods<\/title>\n<meta name=\"description\" content=\"Inspirado en los cron\u00f3grafos m\u00e1s emblem\u00e1ticos del automovilismo, este mod combina velocidad, precisi\u00f3n y elegancia deportiva. Una pieza que fusiona la herencia de los relojes de carreras con la fiabilidad de un movimiento autom\u00e1tico japon\u00e9s de alta precisi\u00f3n, reinterpretada con atenci\u00f3n minuciosa al detalle.\" \/>\n<meta name=\"robots\" content=\"index, follow, max-snippet:-1, max-image-preview:large, max-video-preview:-1\" \/>\n<link rel=\"canonical\" href=\"https:\/\/timeworksmods.com\/fr\/product\/seitona-gold-green\/\" \/>\n<meta property=\"og:locale\" content=\"fr_FR\" \/>\n<meta property=\"og:type\" content=\"article\" \/>\n<meta property=\"og:title\" content=\"Seitona Gold Green | Timeworks\u2122 | Seiko Mods\" \/>\n<meta property=\"og:description\" content=\"Inspirado en los cron\u00f3grafos m\u00e1s emblem\u00e1ticos del automovilismo, este mod combina velocidad, precisi\u00f3n y elegancia deportiva. Una pieza que fusiona la herencia de los relojes de carreras con la fiabilidad de un movimiento autom\u00e1tico japon\u00e9s de alta precisi\u00f3n, reinterpretada con atenci\u00f3n minuciosa al detalle.\" \/>\n<meta property=\"og:url\" content=\"https:\/\/timeworksmods.com\/fr\/product\/seitona-gold-green\/\" \/>\n<meta property=\"og:site_name\" content=\"Timeworks\u2122 | Seiko Mods\" \/>\n<meta property=\"article:modified_time\" content=\"2026-04-13T06:36:31+00:00\" \/>\n<meta property=\"og:image\" content=\"https:\/\/timeworksmods.com\/wp-content\/uploads\/2025\/12\/feab05aa91085b7a8012516bc3533958.jpg\" \/>\n\t<meta property=\"og:image:width\" content=\"1200\" \/>\n\t<meta property=\"og:image:height\" content=\"1200\" \/>\n\t<meta property=\"og:image:type\" content=\"image\/jpeg\" \/>\n<meta name=\"twitter:card\" content=\"summary_large_image\" \/>\n<meta name=\"twitter:label1\" content=\"Est. reading time\" \/>\n\t<meta name=\"twitter:data1\" content=\"1 minute\" \/>\n<script type=\"application\/ld+json\" class=\"yoast-schema-graph\">{\"@context\":\"https:\\\/\\\/schema.org\",\"@graph\":[{\"@type\":\"WebPage\",\"@id\":\"https:\\\/\\\/timeworksmods.com\\\/producto\\\/seitona-gold-green\\\/\",\"url\":\"https:\\\/\\\/timeworksmods.com\\\/producto\\\/seitona-gold-green\\\/\",\"name\":\"Seitona Gold Green | Timeworks\u2122 | Seiko Mods\",\"isPartOf\":{\"@id\":\"https:\\\/\\\/timeworksmods.com\\\/#website\"},\"primaryImageOfPage\":{\"@id\":\"https:\\\/\\\/timeworksmods.com\\\/producto\\\/seitona-gold-green\\\/#primaryimage\"},\"image\":{\"@id\":\"https:\\\/\\\/timeworksmods.com\\\/producto\\\/seitona-gold-green\\\/#primaryimage\"},\"thumbnailUrl\":\"https:\\\/\\\/timeworksmods.com\\\/wp-content\\\/uploads\\\/2025\\\/12\\\/feab05aa91085b7a8012516bc3533958.jpg\",\"datePublished\":\"2025-12-29T17:21:40+00:00\",\"dateModified\":\"2026-04-13T06:36:31+00:00\",\"description\":\"Inspirado en los cron\u00f3grafos m\u00e1s emblem\u00e1ticos del automovilismo, este mod combina velocidad, precisi\u00f3n y elegancia deportiva. Una pieza que fusiona la herencia de los relojes de carreras con la fiabilidad de un movimiento autom\u00e1tico japon\u00e9s de alta precisi\u00f3n, reinterpretada con atenci\u00f3n minuciosa al detalle.\",\"breadcrumb\":{\"@id\":\"https:\\\/\\\/timeworksmods.com\\\/producto\\\/seitona-gold-green\\\/#breadcrumb\"},\"inLanguage\":\"fr-FR\",\"potentialAction\":[{\"@type\":\"ReadAction\",\"target\":[\"https:\\\/\\\/timeworksmods.com\\\/producto\\\/seitona-gold-green\\\/\"]}]},{\"@type\":\"ImageObject\",\"inLanguage\":\"fr-FR\",\"@id\":\"https:\\\/\\\/timeworksmods.com\\\/producto\\\/seitona-gold-green\\\/#primaryimage\",\"url\":\"https:\\\/\\\/timeworksmods.com\\\/wp-content\\\/uploads\\\/2025\\\/12\\\/feab05aa91085b7a8012516bc3533958.jpg\",\"contentUrl\":\"https:\\\/\\\/timeworksmods.com\\\/wp-content\\\/uploads\\\/2025\\\/12\\\/feab05aa91085b7a8012516bc3533958.jpg\",\"width\":1200,\"height\":1200},{\"@type\":\"BreadcrumbList\",\"@id\":\"https:\\\/\\\/timeworksmods.com\\\/producto\\\/seitona-gold-green\\\/#breadcrumb\",\"itemListElement\":[{\"@type\":\"ListItem\",\"position\":1,\"name\":\"Portada\",\"item\":\"https:\\\/\\\/timeworksmods.com\\\/\"},{\"@type\":\"ListItem\",\"position\":2,\"name\":\"Tienda\",\"item\":\"https:\\\/\\\/timeworksmods.com\\\/tienda\\\/\"},{\"@type\":\"ListItem\",\"position\":3,\"name\":\"Seitona Gold Green\"}]},{\"@type\":\"WebSite\",\"@id\":\"https:\\\/\\\/timeworksmods.com\\\/#website\",\"url\":\"https:\\\/\\\/timeworksmods.com\\\/\",\"name\":\"Timeworks\u2122 | Seiko Mods\",\"description\":\"Tu Tienda de Seiko Mods Personalizados\",\"publisher\":{\"@id\":\"https:\\\/\\\/timeworksmods.com\\\/#organization\"},\"alternateName\":\"Timeworks\u2122 | Seiko Mods\",\"potentialAction\":[{\"@type\":\"SearchAction\",\"target\":{\"@type\":\"EntryPoint\",\"urlTemplate\":\"https:\\\/\\\/timeworksmods.com\\\/?s={search_term_string}\"},\"query-input\":{\"@type\":\"PropertyValueSpecification\",\"valueRequired\":true,\"valueName\":\"search_term_string\"}}],\"inLanguage\":\"fr-FR\"},{\"@type\":\"Organization\",\"@id\":\"https:\\\/\\\/timeworksmods.com\\\/#organization\",\"name\":\"Timeworks\u2122 | Seiko Mods\",\"alternateName\":\"Timeworks\u2122 | Seiko Mods\",\"url\":\"https:\\\/\\\/timeworksmods.com\\\/\",\"logo\":{\"@type\":\"ImageObject\",\"inLanguage\":\"fr-FR\",\"@id\":\"https:\\\/\\\/timeworksmods.com\\\/#\\\/schema\\\/logo\\\/image\\\/\",\"url\":\"https:\\\/\\\/timeworksmods.com\\\/wp-content\\\/uploads\\\/2025\\\/12\\\/ad972f10e0800b49d76fed33a21f6698.png\",\"contentUrl\":\"https:\\\/\\\/timeworksmods.com\\\/wp-content\\\/uploads\\\/2025\\\/12\\\/ad972f10e0800b49d76fed33a21f6698.png\",\"width\":1500,\"height\":200,\"caption\":\"Timeworks\u2122 | Seiko Mods\"},\"image\":{\"@id\":\"https:\\\/\\\/timeworksmods.com\\\/#\\\/schema\\\/logo\\\/image\\\/\"}}]}<\/script>\n<!-- \/ Yoast SEO plugin. -->","yoast_head_json":{"title":"Seitona Gold Green | Timeworks\u2122 | Seiko Mods","description":"Inspir\u00e9 des chronographes les plus embl\u00e9matiques du sport automobile, ce mod allie vitesse, pr\u00e9cision et \u00e9l\u00e9gance sportive. Une pi\u00e8ce qui fusionne l'h\u00e9ritage des garde-temps de course avec la fiabilit\u00e9 d'un mouvement automatique japonais de haute pr\u00e9cision, r\u00e9interpr\u00e9t\u00e9e avec une attention m\u00e9ticuleuse aux d\u00e9tails.","robots":{"index":"index","follow":"follow","max-snippet":"max-snippet:-1","max-image-preview":"max-image-preview:large","max-video-preview":"max-video-preview:-1"},"canonical":"https:\/\/timeworksmods.com\/fr\/product\/seitona-gold-green\/","og_locale":"fr_FR","og_type":"article","og_title":"Seitona Gold Green | Timeworks\u2122 | Seiko Mods","og_description":"Inspirado en los cron\u00f3grafos m\u00e1s emblem\u00e1ticos del automovilismo, este mod combina velocidad, precisi\u00f3n y elegancia deportiva. Una pieza que fusiona la herencia de los relojes de carreras con la fiabilidad de un movimiento autom\u00e1tico japon\u00e9s de alta precisi\u00f3n, reinterpretada con atenci\u00f3n minuciosa al detalle.","og_url":"https:\/\/timeworksmods.com\/fr\/product\/seitona-gold-green\/","og_site_name":"Timeworks\u2122 | Seiko Mods","article_modified_time":"2026-04-13T06:36:31+00:00","og_image":[{"width":1200,"height":1200,"url":"https:\/\/timeworksmods.com\/wp-content\/uploads\/2025\/12\/feab05aa91085b7a8012516bc3533958.jpg","type":"image\/jpeg"}],"twitter_card":"summary_large_image","twitter_misc":{"Est. reading time":"1 minute"},"schema":{"@context":"https:\/\/schema.org","@graph":[{"@type":"WebPage","@id":"https:\/\/timeworksmods.com\/producto\/seitona-gold-green\/","url":"https:\/\/timeworksmods.com\/producto\/seitona-gold-green\/","name":"Seitona Gold Green | Timeworks\u2122 | Seiko Mods","isPartOf":{"@id":"https:\/\/timeworksmods.com\/#website"},"primaryImageOfPage":{"@id":"https:\/\/timeworksmods.com\/producto\/seitona-gold-green\/#primaryimage"},"image":{"@id":"https:\/\/timeworksmods.com\/producto\/seitona-gold-green\/#primaryimage"},"thumbnailUrl":"https:\/\/timeworksmods.com\/wp-content\/uploads\/2025\/12\/feab05aa91085b7a8012516bc3533958.jpg","datePublished":"2025-12-29T17:21:40+00:00","dateModified":"2026-04-13T06:36:31+00:00","description":"Inspir\u00e9 des chronographes les plus embl\u00e9matiques du sport automobile, ce mod allie vitesse, pr\u00e9cision et \u00e9l\u00e9gance sportive. Une pi\u00e8ce qui fusionne l'h\u00e9ritage des garde-temps de course avec la fiabilit\u00e9 d'un mouvement automatique japonais de haute pr\u00e9cision, r\u00e9interpr\u00e9t\u00e9e avec une attention m\u00e9ticuleuse aux d\u00e9tails.","breadcrumb":{"@id":"https:\/\/timeworksmods.com\/producto\/seitona-gold-green\/#breadcrumb"},"inLanguage":"fr-FR","potentialAction":[{"@type":"ReadAction","target":["https:\/\/timeworksmods.com\/producto\/seitona-gold-green\/"]}]},{"@type":"ImageObject","inLanguage":"fr-FR","@id":"https:\/\/timeworksmods.com\/producto\/seitona-gold-green\/#primaryimage","url":"https:\/\/timeworksmods.com\/wp-content\/uploads\/2025\/12\/feab05aa91085b7a8012516bc3533958.jpg","contentUrl":"https:\/\/timeworksmods.com\/wp-content\/uploads\/2025\/12\/feab05aa91085b7a8012516bc3533958.jpg","width":1200,"height":1200},{"@type":"BreadcrumbList","@id":"https:\/\/timeworksmods.com\/producto\/seitona-gold-green\/#breadcrumb","itemListElement":[{"@type":"ListItem","position":1,"name":"Portada","item":"https:\/\/timeworksmods.com\/"},{"@type":"ListItem","position":2,"name":"Tienda","item":"https:\/\/timeworksmods.com\/tienda\/"},{"@type":"ListItem","position":3,"name":"Seitona Gold Green"}]},{"@type":"WebSite","@id":"https:\/\/timeworksmods.com\/#website","url":"https:\/\/timeworksmods.com\/","name":"Timeworks\u2122 | Mods Seiko","description":"Votre boutique de modifications Seiko personnalis\u00e9es","publisher":{"@id":"https:\/\/timeworksmods.com\/#organization"},"alternateName":"Timeworks\u2122 | Seiko Mods","potentialAction":[{"@type":"SearchAction","target":{"@type":"EntryPoint","urlTemplate":"https:\/\/timeworksmods.com\/?s={search_term_string}"},"query-input":{"@type":"PropertyValueSpecification","valueRequired":true,"valueName":"search_term_string"}}],"inLanguage":"fr-FR"},{"@type":"Organization","@id":"https:\/\/timeworksmods.com\/#organization","name":"Timeworks\u2122 | Mods Seiko","alternateName":"Timeworks\u2122 | Seiko Mods","url":"https:\/\/timeworksmods.com\/","logo":{"@type":"ImageObject","inLanguage":"fr-FR","@id":"https:\/\/timeworksmods.com\/#\/schema\/logo\/image\/","url":"https:\/\/timeworksmods.com\/wp-content\/uploads\/2025\/12\/ad972f10e0800b49d76fed33a21f6698.png","contentUrl":"https:\/\/timeworksmods.com\/wp-content\/uploads\/2025\/12\/ad972f10e0800b49d76fed33a21f6698.png","width":1500,"height":200,"caption":"Timeworks\u2122 | Seiko Mods"},"image":{"@id":"https:\/\/timeworksmods.com\/#\/schema\/logo\/image\/"}}]}},"_links":{"self":[{"href":"https:\/\/timeworksmods.com\/fr\/wp-json\/wp\/v2\/product\/3108","targetHints":{"allow":["GET"]}}],"collection":[{"href":"https:\/\/timeworksmods.com\/fr\/wp-json\/wp\/v2\/product"}],"about":[{"href":"https:\/\/timeworksmods.com\/fr\/wp-json\/wp\/v2\/types\/product"}],"replies":[{"embeddable":true,"href":"https:\/\/timeworksmods.com\/fr\/wp-json\/wp\/v2\/comments?post=3108"}],"wp:featuredmedia":[{"embeddable":true,"href":"https:\/\/timeworksmods.com\/fr\/wp-json\/wp\/v2\/media\/3115"}],"wp:attachment":[{"href":"https:\/\/timeworksmods.com\/fr\/wp-json\/wp\/v2\/media?parent=3108"}],"wp:term":[{"taxonomy":"product_cat","embeddable":true,"href":"https:\/\/timeworksmods.com\/fr\/wp-json\/wp\/v2\/product_cat?post=3108"},{"taxonomy":"product_tag","embeddable":true,"href":"https:\/\/timeworksmods.com\/fr\/wp-json\/wp\/v2\/product_tag?post=3108"}],"curies":[{"name":"wp","href":"https:\/\/api.w.org\/{rel}","templated":true}]}}