{"id":4645,"date":"2026-02-24T20:29:09","date_gmt":"2026-02-24T19:29:09","guid":{"rendered":"https:\/\/timeworksmods.com\/?post_type=product&#038;p=4645"},"modified":"2026-04-13T08:34:51","modified_gmt":"2026-04-13T06:34:51","slug":"nautiko-chrono-blue","status":"publish","type":"product","link":"https:\/\/timeworksmods.com\/fr\/produit\/nautiko-chrono-blue\/","title":{"rendered":"Nautiko Chrono Bleu"},"content":{"rendered":"<p data-start=\"218\" data-end=\"540\">Inspir\u00e9 par les grandes ic\u00f4nes de l'horlogerie sportive de luxe, ce mod pr\u00e9sente un design sophistiqu\u00e9, avec des lignes int\u00e9gr\u00e9es et un \u00e9quilibre parfait entre \u00e9l\u00e9gance et sportivit\u00e9. Il conserve l'essence des montres de luxe classiques, tout en int\u00e9grant des mat\u00e9riaux de premi\u00e8re qualit\u00e9 et un fonctionnement fiable et pr\u00e9cis.<\/p>\n<p data-start=\"542\" data-end=\"919\">En su interior equipa el <strong data-start=\"567\" data-end=\"592\">movimiento Seiko VK61<\/strong>, un calibre hybride \u00e0 quartz avec fonction chronographe m\u00e9canique, particuli\u00e8rement appr\u00e9ci\u00e9 pour sa pr\u00e9cision et sa facilit\u00e9 d'utilisation. Il offre un remontage automatique du chronographe, une trotteuse centrale et des sous-cadrans pour les minutes et les dixi\u00e8mes de seconde, tout en conservant un cadran \u00e9pur\u00e9 et lisible, id\u00e9al pour un style sportif \u00e0 l'esth\u00e9tique raffin\u00e9e.<\/p>\n<p data-start=\"921\" data-end=\"1281\">La caja est\u00e1 fabricada en acero inoxidable 316L, asegurando resistencia a la corrosi\u00f3n y al uso diario, y se completa con cristal de zafiro para m\u00e1xima protecci\u00f3n contra ara\u00f1azos y una visibilidad excelente. El resultado es un reloj elegante, deportivo y confiable, perfecto tanto para el d\u00eda a d\u00eda como para coleccionistas y amantes de la relojer\u00eda moderna.<\/p>","protected":false},"excerpt":{"rendered":"<p>Cette mode combine l'\u00e9l\u00e9gance sportive des designs classiques de l'horlogerie avec la fiabilit\u00e9 d'un <strong data-start=\"286\" data-end=\"337\">movimiento meca-quartz japon\u00e9s de alta precisi\u00f3n<\/strong>. Un hommage qui respecte l'essence des montres iconiques, r\u00e9interpr\u00e9t\u00e9es avec des mat\u00e9riaux modernes et une construction soign\u00e9e dans le moindre d\u00e9tail.<\/p>","protected":false},"featured_media":4638,"comment_status":"open","ping_status":"closed","template":"","meta":{"_acf_changed":false,"_joinchat":[]},"product_cat":[100],"product_tag":[],"class_list":{"0":"post-4645","1":"product","2":"type-product","3":"status-publish","4":"has-post-thumbnail","6":"product_cat-nautiko","8":"first","9":"instock","10":"sale","11":"taxable","12":"shipping-taxable","13":"purchasable","14":"product-type-simple","swatches":"rey-swatches","show_selected":""},"acf":[],"yoast_head":"<!-- This site is optimized with the Yoast SEO plugin v27.4 - https:\/\/yoast.com\/product\/yoast-seo-wordpress\/ -->\n<title>Nautiko Chrono Blue | Timeworks\u2122 | Seiko Mods<\/title>\n<meta name=\"description\" content=\"Este mod combina la elegancia deportiva de los dise\u00f1os cl\u00e1sicos de relojer\u00eda con la fiabilidad de un movimiento meca-quartz japon\u00e9s de alta precisi\u00f3n. Un homenaje que respeta la esencia de los relojes ic\u00f3nicos, reinterpretado con materiales modernos y una construcci\u00f3n cuidada al detalle.\" \/>\n<meta name=\"robots\" content=\"index, follow, max-snippet:-1, max-image-preview:large, max-video-preview:-1\" \/>\n<link rel=\"canonical\" href=\"https:\/\/timeworksmods.com\/fr\/produit\/nautiko-chrono-blue\/\" \/>\n<meta property=\"og:locale\" content=\"fr_FR\" \/>\n<meta property=\"og:type\" content=\"article\" \/>\n<meta property=\"og:title\" content=\"Nautiko Chrono Blue | Timeworks\u2122 | Seiko Mods\" \/>\n<meta property=\"og:description\" content=\"Este mod combina la elegancia deportiva de los dise\u00f1os cl\u00e1sicos de relojer\u00eda con la fiabilidad de un movimiento meca-quartz japon\u00e9s de alta precisi\u00f3n. Un homenaje que respeta la esencia de los relojes ic\u00f3nicos, reinterpretado con materiales modernos y una construcci\u00f3n cuidada al detalle.\" \/>\n<meta property=\"og:url\" content=\"https:\/\/timeworksmods.com\/fr\/produit\/nautiko-chrono-blue\/\" \/>\n<meta property=\"og:site_name\" content=\"Timeworks\u2122 | Seiko Mods\" \/>\n<meta property=\"article:modified_time\" content=\"2026-04-13T06:34:51+00:00\" \/>\n<meta property=\"og:image\" content=\"https:\/\/timeworksmods.com\/wp-content\/uploads\/2026\/02\/f08b7ac8aa30a2a9ab34394e200e1a71.jpg\" \/>\n\t<meta property=\"og:image:width\" content=\"1600\" \/>\n\t<meta property=\"og:image:height\" content=\"1600\" \/>\n\t<meta property=\"og:image:type\" content=\"image\/jpeg\" \/>\n<meta name=\"twitter:card\" content=\"summary_large_image\" \/>\n<meta name=\"twitter:label1\" content=\"Dur\u00e9e de lecture estim\u00e9e\" \/>\n\t<meta name=\"twitter:data1\" content=\"1 minute\" \/>\n<script type=\"application\/ld+json\" class=\"yoast-schema-graph\">{\"@context\":\"https:\\\/\\\/schema.org\",\"@graph\":[{\"@type\":\"WebPage\",\"@id\":\"https:\\\/\\\/timeworksmods.com\\\/producto\\\/nautiko-chrono-blue\\\/\",\"url\":\"https:\\\/\\\/timeworksmods.com\\\/producto\\\/nautiko-chrono-blue\\\/\",\"name\":\"Nautiko Chrono Blue | Timeworks\u2122 | Seiko Mods\",\"isPartOf\":{\"@id\":\"https:\\\/\\\/timeworksmods.com\\\/#website\"},\"primaryImageOfPage\":{\"@id\":\"https:\\\/\\\/timeworksmods.com\\\/producto\\\/nautiko-chrono-blue\\\/#primaryimage\"},\"image\":{\"@id\":\"https:\\\/\\\/timeworksmods.com\\\/producto\\\/nautiko-chrono-blue\\\/#primaryimage\"},\"thumbnailUrl\":\"https:\\\/\\\/timeworksmods.com\\\/wp-content\\\/uploads\\\/2026\\\/02\\\/f08b7ac8aa30a2a9ab34394e200e1a71.jpg\",\"datePublished\":\"2026-02-24T19:29:09+00:00\",\"dateModified\":\"2026-04-13T06:34:51+00:00\",\"description\":\"Este mod combina la elegancia deportiva de los dise\u00f1os cl\u00e1sicos de relojer\u00eda con la fiabilidad de un movimiento meca-quartz japon\u00e9s de alta precisi\u00f3n. Un homenaje que respeta la esencia de los relojes ic\u00f3nicos, reinterpretado con materiales modernos y una construcci\u00f3n cuidada al detalle.\",\"breadcrumb\":{\"@id\":\"https:\\\/\\\/timeworksmods.com\\\/producto\\\/nautiko-chrono-blue\\\/#breadcrumb\"},\"inLanguage\":\"fr-FR\",\"potentialAction\":[{\"@type\":\"ReadAction\",\"target\":[\"https:\\\/\\\/timeworksmods.com\\\/producto\\\/nautiko-chrono-blue\\\/\"]}]},{\"@type\":\"ImageObject\",\"inLanguage\":\"fr-FR\",\"@id\":\"https:\\\/\\\/timeworksmods.com\\\/producto\\\/nautiko-chrono-blue\\\/#primaryimage\",\"url\":\"https:\\\/\\\/timeworksmods.com\\\/wp-content\\\/uploads\\\/2026\\\/02\\\/f08b7ac8aa30a2a9ab34394e200e1a71.jpg\",\"contentUrl\":\"https:\\\/\\\/timeworksmods.com\\\/wp-content\\\/uploads\\\/2026\\\/02\\\/f08b7ac8aa30a2a9ab34394e200e1a71.jpg\",\"width\":1600,\"height\":1600},{\"@type\":\"BreadcrumbList\",\"@id\":\"https:\\\/\\\/timeworksmods.com\\\/producto\\\/nautiko-chrono-blue\\\/#breadcrumb\",\"itemListElement\":[{\"@type\":\"ListItem\",\"position\":1,\"name\":\"Portada\",\"item\":\"https:\\\/\\\/timeworksmods.com\\\/\"},{\"@type\":\"ListItem\",\"position\":2,\"name\":\"Tienda\",\"item\":\"https:\\\/\\\/timeworksmods.com\\\/tienda\\\/\"},{\"@type\":\"ListItem\",\"position\":3,\"name\":\"Nautiko Chrono Blue\"}]},{\"@type\":\"WebSite\",\"@id\":\"https:\\\/\\\/timeworksmods.com\\\/#website\",\"url\":\"https:\\\/\\\/timeworksmods.com\\\/\",\"name\":\"Timeworks\u2122 | Seiko Mods\",\"description\":\"Tu Tienda de Seiko Mods Personalizados\",\"publisher\":{\"@id\":\"https:\\\/\\\/timeworksmods.com\\\/#organization\"},\"alternateName\":\"Timeworks\u2122 | Seiko Mods\",\"potentialAction\":[{\"@type\":\"SearchAction\",\"target\":{\"@type\":\"EntryPoint\",\"urlTemplate\":\"https:\\\/\\\/timeworksmods.com\\\/?s={search_term_string}\"},\"query-input\":{\"@type\":\"PropertyValueSpecification\",\"valueRequired\":true,\"valueName\":\"search_term_string\"}}],\"inLanguage\":\"fr-FR\"},{\"@type\":\"Organization\",\"@id\":\"https:\\\/\\\/timeworksmods.com\\\/#organization\",\"name\":\"Timeworks\u2122 | Seiko Mods\",\"alternateName\":\"Timeworks\u2122 | Seiko Mods\",\"url\":\"https:\\\/\\\/timeworksmods.com\\\/\",\"logo\":{\"@type\":\"ImageObject\",\"inLanguage\":\"fr-FR\",\"@id\":\"https:\\\/\\\/timeworksmods.com\\\/#\\\/schema\\\/logo\\\/image\\\/\",\"url\":\"https:\\\/\\\/timeworksmods.com\\\/wp-content\\\/uploads\\\/2025\\\/12\\\/ad972f10e0800b49d76fed33a21f6698.png\",\"contentUrl\":\"https:\\\/\\\/timeworksmods.com\\\/wp-content\\\/uploads\\\/2025\\\/12\\\/ad972f10e0800b49d76fed33a21f6698.png\",\"width\":1500,\"height\":200,\"caption\":\"Timeworks\u2122 | Seiko Mods\"},\"image\":{\"@id\":\"https:\\\/\\\/timeworksmods.com\\\/#\\\/schema\\\/logo\\\/image\\\/\"}}]}<\/script>\n<!-- \/ Yoast SEO plugin. -->","yoast_head_json":{"title":"Nautiko Chrono Blue | Timeworks\u2122 | Seiko Mods","description":"Cette montre allie l'\u00e9l\u00e9gance sportive des designs horlogers classiques \u00e0 la fiabilit\u00e9 d'un mouvement m\u00e9ca-quartz japonais de haute pr\u00e9cision. Un hommage qui respecte l'essence des montres iconiques, r\u00e9interpr\u00e9t\u00e9 avec des mat\u00e9riaux modernes et une construction soign\u00e9e dans les moindres d\u00e9tails.","robots":{"index":"index","follow":"follow","max-snippet":"max-snippet:-1","max-image-preview":"max-image-preview:large","max-video-preview":"max-video-preview:-1"},"canonical":"https:\/\/timeworksmods.com\/fr\/produit\/nautiko-chrono-blue\/","og_locale":"fr_FR","og_type":"article","og_title":"Nautiko Chrono Blue | Timeworks\u2122 | Seiko Mods","og_description":"Este mod combina la elegancia deportiva de los dise\u00f1os cl\u00e1sicos de relojer\u00eda con la fiabilidad de un movimiento meca-quartz japon\u00e9s de alta precisi\u00f3n. Un homenaje que respeta la esencia de los relojes ic\u00f3nicos, reinterpretado con materiales modernos y una construcci\u00f3n cuidada al detalle.","og_url":"https:\/\/timeworksmods.com\/fr\/produit\/nautiko-chrono-blue\/","og_site_name":"Timeworks\u2122 | Seiko Mods","article_modified_time":"2026-04-13T06:34:51+00:00","og_image":[{"width":1600,"height":1600,"url":"https:\/\/timeworksmods.com\/wp-content\/uploads\/2026\/02\/f08b7ac8aa30a2a9ab34394e200e1a71.jpg","type":"image\/jpeg"}],"twitter_card":"summary_large_image","twitter_misc":{"Dur\u00e9e de lecture estim\u00e9e":"1 minute"},"schema":{"@context":"https:\/\/schema.org","@graph":[{"@type":"WebPage","@id":"https:\/\/timeworksmods.com\/producto\/nautiko-chrono-blue\/","url":"https:\/\/timeworksmods.com\/producto\/nautiko-chrono-blue\/","name":"Nautiko Chrono Blue | Timeworks\u2122 | Seiko Mods","isPartOf":{"@id":"https:\/\/timeworksmods.com\/#website"},"primaryImageOfPage":{"@id":"https:\/\/timeworksmods.com\/producto\/nautiko-chrono-blue\/#primaryimage"},"image":{"@id":"https:\/\/timeworksmods.com\/producto\/nautiko-chrono-blue\/#primaryimage"},"thumbnailUrl":"https:\/\/timeworksmods.com\/wp-content\/uploads\/2026\/02\/f08b7ac8aa30a2a9ab34394e200e1a71.jpg","datePublished":"2026-02-24T19:29:09+00:00","dateModified":"2026-04-13T06:34:51+00:00","description":"Cette montre allie l'\u00e9l\u00e9gance sportive des designs horlogers classiques \u00e0 la fiabilit\u00e9 d'un mouvement m\u00e9ca-quartz japonais de haute pr\u00e9cision. Un hommage qui respecte l'essence des montres iconiques, r\u00e9interpr\u00e9t\u00e9 avec des mat\u00e9riaux modernes et une construction soign\u00e9e dans les moindres d\u00e9tails.","breadcrumb":{"@id":"https:\/\/timeworksmods.com\/producto\/nautiko-chrono-blue\/#breadcrumb"},"inLanguage":"fr-FR","potentialAction":[{"@type":"ReadAction","target":["https:\/\/timeworksmods.com\/producto\/nautiko-chrono-blue\/"]}]},{"@type":"ImageObject","inLanguage":"fr-FR","@id":"https:\/\/timeworksmods.com\/producto\/nautiko-chrono-blue\/#primaryimage","url":"https:\/\/timeworksmods.com\/wp-content\/uploads\/2026\/02\/f08b7ac8aa30a2a9ab34394e200e1a71.jpg","contentUrl":"https:\/\/timeworksmods.com\/wp-content\/uploads\/2026\/02\/f08b7ac8aa30a2a9ab34394e200e1a71.jpg","width":1600,"height":1600},{"@type":"BreadcrumbList","@id":"https:\/\/timeworksmods.com\/producto\/nautiko-chrono-blue\/#breadcrumb","itemListElement":[{"@type":"ListItem","position":1,"name":"Portada","item":"https:\/\/timeworksmods.com\/"},{"@type":"ListItem","position":2,"name":"Tienda","item":"https:\/\/timeworksmods.com\/tienda\/"},{"@type":"ListItem","position":3,"name":"Nautiko Chrono Blue"}]},{"@type":"WebSite","@id":"https:\/\/timeworksmods.com\/#website","url":"https:\/\/timeworksmods.com\/","name":"Timeworks\u2122 | Mods Seiko","description":"Votre boutique de modifications Seiko personnalis\u00e9es","publisher":{"@id":"https:\/\/timeworksmods.com\/#organization"},"alternateName":"Timeworks\u2122 | Seiko Mods","potentialAction":[{"@type":"SearchAction","target":{"@type":"EntryPoint","urlTemplate":"https:\/\/timeworksmods.com\/?s={search_term_string}"},"query-input":{"@type":"PropertyValueSpecification","valueRequired":true,"valueName":"search_term_string"}}],"inLanguage":"fr-FR"},{"@type":"Organization","@id":"https:\/\/timeworksmods.com\/#organization","name":"Timeworks\u2122 | Mods Seiko","alternateName":"Timeworks\u2122 | Seiko Mods","url":"https:\/\/timeworksmods.com\/","logo":{"@type":"ImageObject","inLanguage":"fr-FR","@id":"https:\/\/timeworksmods.com\/#\/schema\/logo\/image\/","url":"https:\/\/timeworksmods.com\/wp-content\/uploads\/2025\/12\/ad972f10e0800b49d76fed33a21f6698.png","contentUrl":"https:\/\/timeworksmods.com\/wp-content\/uploads\/2025\/12\/ad972f10e0800b49d76fed33a21f6698.png","width":1500,"height":200,"caption":"Timeworks\u2122 | Seiko Mods"},"image":{"@id":"https:\/\/timeworksmods.com\/#\/schema\/logo\/image\/"}}]}},"_links":{"self":[{"href":"https:\/\/timeworksmods.com\/fr\/wp-json\/wp\/v2\/product\/4645","targetHints":{"allow":["GET"]}}],"collection":[{"href":"https:\/\/timeworksmods.com\/fr\/wp-json\/wp\/v2\/product"}],"about":[{"href":"https:\/\/timeworksmods.com\/fr\/wp-json\/wp\/v2\/types\/product"}],"replies":[{"embeddable":true,"href":"https:\/\/timeworksmods.com\/fr\/wp-json\/wp\/v2\/comments?post=4645"}],"wp:featuredmedia":[{"embeddable":true,"href":"https:\/\/timeworksmods.com\/fr\/wp-json\/wp\/v2\/media\/4638"}],"wp:attachment":[{"href":"https:\/\/timeworksmods.com\/fr\/wp-json\/wp\/v2\/media?parent=4645"}],"wp:term":[{"taxonomy":"product_cat","embeddable":true,"href":"https:\/\/timeworksmods.com\/fr\/wp-json\/wp\/v2\/product_cat?post=4645"},{"taxonomy":"product_tag","embeddable":true,"href":"https:\/\/timeworksmods.com\/fr\/wp-json\/wp\/v2\/product_tag?post=4645"}],"curies":[{"name":"wp","href":"https:\/\/api.w.org\/{rel}","templated":true}]}}