{"id":4683,"date":"2026-02-27T13:06:59","date_gmt":"2026-02-27T12:06:59","guid":{"rendered":"https:\/\/timeworksmods.com\/?post_type=product&#038;p=4683"},"modified":"2026-04-01T14:56:06","modified_gmt":"2026-04-01T13:56:06","slug":"santeiko-two-tones-express","status":"publish","type":"product","link":"https:\/\/timeworksmods.com\/fr\/produit\/santeiko-two-tones-express\/","title":{"rendered":"Santeiko Two-Tones (Express)"},"content":{"rendered":"<p data-start=\"196\" data-end=\"558\">Inspir\u00e9 par les grandes ic\u00f4nes de l'horlogerie habill\u00e9e et de l'aviation, ce mod propose un design carr\u00e9 aux lignes \u00e9pur\u00e9es, avec une visserie visible sur la lunette et une fusion parfaite entre \u00e9l\u00e9gance classique et caract\u00e8re utilitaire. Une r\u00e9interpr\u00e9tation moderne \u00e9quip\u00e9e de <strong data-start=\"471\" data-end=\"526\">mouvement automatique japonais \u00e9prouv\u00e9 et fiable<\/strong> et des mat\u00e9riaux de haute qualit\u00e9.<\/p>\n<p data-start=\"560\" data-end=\"824\">Le calibre japonais op\u00e8re \u00e0 21 600 alternances par heure (3 Hz), dispose d'un remontage automatique et manuel, d'une fonction d'arr\u00eat de la trotteuse (hacking) pour un r\u00e9glage pr\u00e9cis de l'heure et offre une r\u00e9serve de marche approximative de 41 heures, id\u00e9ale pour une utilisation continue.<\/p>\n<p data-start=\"826\" data-end=\"1340\">Le bo\u00eetier en acier inoxydable 316L offre une r\u00e9sistance \u00e9lev\u00e9e \u00e0 la corrosion et aux chocs quotidiens, rehauss\u00e9e par sa lunette avec vis apparentes qui renforce son identit\u00e9 esth\u00e9tique. Il est compl\u00e9t\u00e9 par un verre saphir, garantissant une protection sup\u00e9rieure contre les rayures et une visibilit\u00e9 impeccable en toutes circonstances. Le r\u00e9sultat est une montre \u00e9l\u00e9gante, robuste et hautement fiable, con\u00e7ue aussi bien pour un usage quotidien que pour les amateurs d'horlogerie m\u00e9canique \u00e0 l'inspiration classique et raffin\u00e9e.<\/p>","protected":false},"excerpt":{"rendered":"<p>Ce mod combine l'\u00e9l\u00e9gance avant-gardiste des premi\u00e8res montres-bracelets modernes avec la fiabilit\u00e9 d'un <strong data-start=\"262\" data-end=\"313\">mouvement automatique japonais de haute pr\u00e9cision<\/strong>. Un hommage qui respecte l'essence des designs classiques, r\u00e9interpr\u00e9t\u00e9 avec des mat\u00e9riaux contemporains et une construction pr\u00e9cise et soign\u00e9e.<\/p>","protected":false},"featured_media":1060,"comment_status":"open","ping_status":"closed","template":"","meta":{"_acf_changed":false,"_joinchat":[]},"product_cat":[208],"product_tag":[],"class_list":{"0":"post-4683","1":"product","2":"type-product","3":"status-publish","4":"has-post-thumbnail","6":"product_cat-entrega-express","8":"first","9":"instock","10":"taxable","11":"shipping-taxable","12":"purchasable","13":"product-type-simple","swatches":"rey-swatches","show_selected":""},"acf":[],"yoast_head":"<!-- This site is optimized with the Yoast SEO plugin v27.4 - https:\/\/yoast.com\/product\/yoast-seo-wordpress\/ -->\n<title>Santeiko Two-Tones (Express) | Timeworks\u2122 | Seiko Mods<\/title>\n<meta name=\"description\" content=\"Este mod combina la elegancia pionera de los primeros relojes de pulsera modernos con la fiabilidad de un movimiento autom\u00e1tico japon\u00e9s de alta precisi\u00f3n. Un homenaje que respeta la esencia de los dise\u00f1os cl\u00e1sicos, reinterpretado con materiales contempor\u00e1neos y una construcci\u00f3n precisa y cuidada.\" \/>\n<meta name=\"robots\" content=\"index, follow, max-snippet:-1, max-image-preview:large, max-video-preview:-1\" \/>\n<link rel=\"canonical\" href=\"https:\/\/timeworksmods.com\/fr\/produit\/santeiko-two-tones-express\/\" \/>\n<meta property=\"og:locale\" content=\"fr_FR\" \/>\n<meta property=\"og:type\" content=\"article\" \/>\n<meta property=\"og:title\" content=\"Santeiko Two-Tones (Express) | Timeworks\u2122 | Seiko Mods\" \/>\n<meta property=\"og:description\" content=\"Este mod combina la elegancia pionera de los primeros relojes de pulsera modernos con la fiabilidad de un movimiento autom\u00e1tico japon\u00e9s de alta precisi\u00f3n. Un homenaje que respeta la esencia de los dise\u00f1os cl\u00e1sicos, reinterpretado con materiales contempor\u00e1neos y una construcci\u00f3n precisa y cuidada.\" \/>\n<meta property=\"og:url\" content=\"https:\/\/timeworksmods.com\/fr\/produit\/santeiko-two-tones-express\/\" \/>\n<meta property=\"og:site_name\" content=\"Timeworks\u2122 | Seiko Mods\" \/>\n<meta property=\"article:modified_time\" content=\"2026-04-01T13:56:06+00:00\" \/>\n<meta property=\"og:image\" content=\"https:\/\/timeworksmods.com\/wp-content\/uploads\/2025\/12\/299a23a2291e2126b91d54f3601ec162.jpg\" \/>\n\t<meta property=\"og:image:width\" content=\"1200\" \/>\n\t<meta property=\"og:image:height\" content=\"1200\" \/>\n\t<meta property=\"og:image:type\" content=\"image\/jpeg\" \/>\n<meta name=\"twitter:card\" content=\"summary_large_image\" \/>\n<meta name=\"twitter:label1\" content=\"Dur\u00e9e de lecture estim\u00e9e\" \/>\n\t<meta name=\"twitter:data1\" content=\"1 minute\" \/>\n<script type=\"application\/ld+json\" class=\"yoast-schema-graph\">{\"@context\":\"https:\\\/\\\/schema.org\",\"@graph\":[{\"@type\":\"WebPage\",\"@id\":\"https:\\\/\\\/timeworksmods.com\\\/producto\\\/santeiko-two-tones-express\\\/\",\"url\":\"https:\\\/\\\/timeworksmods.com\\\/producto\\\/santeiko-two-tones-express\\\/\",\"name\":\"Santeiko Two-Tones (Express) | Timeworks\u2122 | Seiko Mods\",\"isPartOf\":{\"@id\":\"https:\\\/\\\/timeworksmods.com\\\/#website\"},\"primaryImageOfPage\":{\"@id\":\"https:\\\/\\\/timeworksmods.com\\\/producto\\\/santeiko-two-tones-express\\\/#primaryimage\"},\"image\":{\"@id\":\"https:\\\/\\\/timeworksmods.com\\\/producto\\\/santeiko-two-tones-express\\\/#primaryimage\"},\"thumbnailUrl\":\"https:\\\/\\\/timeworksmods.com\\\/wp-content\\\/uploads\\\/2025\\\/12\\\/299a23a2291e2126b91d54f3601ec162.jpg\",\"datePublished\":\"2026-02-27T12:06:59+00:00\",\"dateModified\":\"2026-04-01T13:56:06+00:00\",\"description\":\"Este mod combina la elegancia pionera de los primeros relojes de pulsera modernos con la fiabilidad de un movimiento autom\u00e1tico japon\u00e9s de alta precisi\u00f3n. Un homenaje que respeta la esencia de los dise\u00f1os cl\u00e1sicos, reinterpretado con materiales contempor\u00e1neos y una construcci\u00f3n precisa y cuidada.\",\"breadcrumb\":{\"@id\":\"https:\\\/\\\/timeworksmods.com\\\/producto\\\/santeiko-two-tones-express\\\/#breadcrumb\"},\"inLanguage\":\"fr-FR\",\"potentialAction\":[{\"@type\":\"ReadAction\",\"target\":[\"https:\\\/\\\/timeworksmods.com\\\/producto\\\/santeiko-two-tones-express\\\/\"]}]},{\"@type\":\"ImageObject\",\"inLanguage\":\"fr-FR\",\"@id\":\"https:\\\/\\\/timeworksmods.com\\\/producto\\\/santeiko-two-tones-express\\\/#primaryimage\",\"url\":\"https:\\\/\\\/timeworksmods.com\\\/wp-content\\\/uploads\\\/2025\\\/12\\\/299a23a2291e2126b91d54f3601ec162.jpg\",\"contentUrl\":\"https:\\\/\\\/timeworksmods.com\\\/wp-content\\\/uploads\\\/2025\\\/12\\\/299a23a2291e2126b91d54f3601ec162.jpg\",\"width\":1200,\"height\":1200},{\"@type\":\"BreadcrumbList\",\"@id\":\"https:\\\/\\\/timeworksmods.com\\\/producto\\\/santeiko-two-tones-express\\\/#breadcrumb\",\"itemListElement\":[{\"@type\":\"ListItem\",\"position\":1,\"name\":\"Portada\",\"item\":\"https:\\\/\\\/timeworksmods.com\\\/\"},{\"@type\":\"ListItem\",\"position\":2,\"name\":\"Tienda\",\"item\":\"https:\\\/\\\/timeworksmods.com\\\/tienda\\\/\"},{\"@type\":\"ListItem\",\"position\":3,\"name\":\"Santeiko Two-Tones (Express)\"}]},{\"@type\":\"WebSite\",\"@id\":\"https:\\\/\\\/timeworksmods.com\\\/#website\",\"url\":\"https:\\\/\\\/timeworksmods.com\\\/\",\"name\":\"Timeworks\u2122 | Seiko Mods\",\"description\":\"Tu Tienda de Seiko Mods Personalizados\",\"publisher\":{\"@id\":\"https:\\\/\\\/timeworksmods.com\\\/#organization\"},\"alternateName\":\"Timeworks\u2122 | Seiko Mods\",\"potentialAction\":[{\"@type\":\"SearchAction\",\"target\":{\"@type\":\"EntryPoint\",\"urlTemplate\":\"https:\\\/\\\/timeworksmods.com\\\/?s={search_term_string}\"},\"query-input\":{\"@type\":\"PropertyValueSpecification\",\"valueRequired\":true,\"valueName\":\"search_term_string\"}}],\"inLanguage\":\"fr-FR\"},{\"@type\":\"Organization\",\"@id\":\"https:\\\/\\\/timeworksmods.com\\\/#organization\",\"name\":\"Timeworks\u2122 | Seiko Mods\",\"alternateName\":\"Timeworks\u2122 | Seiko Mods\",\"url\":\"https:\\\/\\\/timeworksmods.com\\\/\",\"logo\":{\"@type\":\"ImageObject\",\"inLanguage\":\"fr-FR\",\"@id\":\"https:\\\/\\\/timeworksmods.com\\\/#\\\/schema\\\/logo\\\/image\\\/\",\"url\":\"https:\\\/\\\/timeworksmods.com\\\/wp-content\\\/uploads\\\/2025\\\/12\\\/ad972f10e0800b49d76fed33a21f6698.png\",\"contentUrl\":\"https:\\\/\\\/timeworksmods.com\\\/wp-content\\\/uploads\\\/2025\\\/12\\\/ad972f10e0800b49d76fed33a21f6698.png\",\"width\":1500,\"height\":200,\"caption\":\"Timeworks\u2122 | Seiko Mods\"},\"image\":{\"@id\":\"https:\\\/\\\/timeworksmods.com\\\/#\\\/schema\\\/logo\\\/image\\\/\"}}]}<\/script>\n<!-- \/ Yoast SEO plugin. -->","yoast_head_json":{"title":"Santeiko Two-Tones (Express) | Timeworks\u2122 | Seiko Mods","description":"Cette montre combine l'\u00e9l\u00e9gance pionni\u00e8re des premi\u00e8res montres-bracelets modernes avec la fiabilit\u00e9 d'un mouvement automatique japonais de haute pr\u00e9cision. Un hommage qui respecte l'essence des designs classiques, r\u00e9interpr\u00e9t\u00e9 avec des mat\u00e9riaux contemporains et une construction pr\u00e9cise et soign\u00e9e.","robots":{"index":"index","follow":"follow","max-snippet":"max-snippet:-1","max-image-preview":"max-image-preview:large","max-video-preview":"max-video-preview:-1"},"canonical":"https:\/\/timeworksmods.com\/fr\/produit\/santeiko-two-tones-express\/","og_locale":"fr_FR","og_type":"article","og_title":"Santeiko Two-Tones (Express) | Timeworks\u2122 | Seiko Mods","og_description":"Este mod combina la elegancia pionera de los primeros relojes de pulsera modernos con la fiabilidad de un movimiento autom\u00e1tico japon\u00e9s de alta precisi\u00f3n. Un homenaje que respeta la esencia de los dise\u00f1os cl\u00e1sicos, reinterpretado con materiales contempor\u00e1neos y una construcci\u00f3n precisa y cuidada.","og_url":"https:\/\/timeworksmods.com\/fr\/produit\/santeiko-two-tones-express\/","og_site_name":"Timeworks\u2122 | Seiko Mods","article_modified_time":"2026-04-01T13:56:06+00:00","og_image":[{"width":1200,"height":1200,"url":"https:\/\/timeworksmods.com\/wp-content\/uploads\/2025\/12\/299a23a2291e2126b91d54f3601ec162.jpg","type":"image\/jpeg"}],"twitter_card":"summary_large_image","twitter_misc":{"Dur\u00e9e de lecture estim\u00e9e":"1 minute"},"schema":{"@context":"https:\/\/schema.org","@graph":[{"@type":"WebPage","@id":"https:\/\/timeworksmods.com\/producto\/santeiko-two-tones-express\/","url":"https:\/\/timeworksmods.com\/producto\/santeiko-two-tones-express\/","name":"Santeiko Two-Tones (Express) | Timeworks\u2122 | Seiko Mods","isPartOf":{"@id":"https:\/\/timeworksmods.com\/#website"},"primaryImageOfPage":{"@id":"https:\/\/timeworksmods.com\/producto\/santeiko-two-tones-express\/#primaryimage"},"image":{"@id":"https:\/\/timeworksmods.com\/producto\/santeiko-two-tones-express\/#primaryimage"},"thumbnailUrl":"https:\/\/timeworksmods.com\/wp-content\/uploads\/2025\/12\/299a23a2291e2126b91d54f3601ec162.jpg","datePublished":"2026-02-27T12:06:59+00:00","dateModified":"2026-04-01T13:56:06+00:00","description":"Cette montre combine l'\u00e9l\u00e9gance pionni\u00e8re des premi\u00e8res montres-bracelets modernes avec la fiabilit\u00e9 d'un mouvement automatique japonais de haute pr\u00e9cision. Un hommage qui respecte l'essence des designs classiques, r\u00e9interpr\u00e9t\u00e9 avec des mat\u00e9riaux contemporains et une construction pr\u00e9cise et soign\u00e9e.","breadcrumb":{"@id":"https:\/\/timeworksmods.com\/producto\/santeiko-two-tones-express\/#breadcrumb"},"inLanguage":"fr-FR","potentialAction":[{"@type":"ReadAction","target":["https:\/\/timeworksmods.com\/producto\/santeiko-two-tones-express\/"]}]},{"@type":"ImageObject","inLanguage":"fr-FR","@id":"https:\/\/timeworksmods.com\/producto\/santeiko-two-tones-express\/#primaryimage","url":"https:\/\/timeworksmods.com\/wp-content\/uploads\/2025\/12\/299a23a2291e2126b91d54f3601ec162.jpg","contentUrl":"https:\/\/timeworksmods.com\/wp-content\/uploads\/2025\/12\/299a23a2291e2126b91d54f3601ec162.jpg","width":1200,"height":1200},{"@type":"BreadcrumbList","@id":"https:\/\/timeworksmods.com\/producto\/santeiko-two-tones-express\/#breadcrumb","itemListElement":[{"@type":"ListItem","position":1,"name":"Portada","item":"https:\/\/timeworksmods.com\/"},{"@type":"ListItem","position":2,"name":"Tienda","item":"https:\/\/timeworksmods.com\/tienda\/"},{"@type":"ListItem","position":3,"name":"Santeiko Two-Tones (Express)"}]},{"@type":"WebSite","@id":"https:\/\/timeworksmods.com\/#website","url":"https:\/\/timeworksmods.com\/","name":"Timeworks\u2122 | Mods Seiko","description":"Votre boutique de modifications Seiko personnalis\u00e9es","publisher":{"@id":"https:\/\/timeworksmods.com\/#organization"},"alternateName":"Timeworks\u2122 | Seiko Mods","potentialAction":[{"@type":"SearchAction","target":{"@type":"EntryPoint","urlTemplate":"https:\/\/timeworksmods.com\/?s={search_term_string}"},"query-input":{"@type":"PropertyValueSpecification","valueRequired":true,"valueName":"search_term_string"}}],"inLanguage":"fr-FR"},{"@type":"Organization","@id":"https:\/\/timeworksmods.com\/#organization","name":"Timeworks\u2122 | Mods Seiko","alternateName":"Timeworks\u2122 | Seiko Mods","url":"https:\/\/timeworksmods.com\/","logo":{"@type":"ImageObject","inLanguage":"fr-FR","@id":"https:\/\/timeworksmods.com\/#\/schema\/logo\/image\/","url":"https:\/\/timeworksmods.com\/wp-content\/uploads\/2025\/12\/ad972f10e0800b49d76fed33a21f6698.png","contentUrl":"https:\/\/timeworksmods.com\/wp-content\/uploads\/2025\/12\/ad972f10e0800b49d76fed33a21f6698.png","width":1500,"height":200,"caption":"Timeworks\u2122 | Seiko Mods"},"image":{"@id":"https:\/\/timeworksmods.com\/#\/schema\/logo\/image\/"}}]}},"_links":{"self":[{"href":"https:\/\/timeworksmods.com\/fr\/wp-json\/wp\/v2\/product\/4683","targetHints":{"allow":["GET"]}}],"collection":[{"href":"https:\/\/timeworksmods.com\/fr\/wp-json\/wp\/v2\/product"}],"about":[{"href":"https:\/\/timeworksmods.com\/fr\/wp-json\/wp\/v2\/types\/product"}],"replies":[{"embeddable":true,"href":"https:\/\/timeworksmods.com\/fr\/wp-json\/wp\/v2\/comments?post=4683"}],"wp:featuredmedia":[{"embeddable":true,"href":"https:\/\/timeworksmods.com\/fr\/wp-json\/wp\/v2\/media\/1060"}],"wp:attachment":[{"href":"https:\/\/timeworksmods.com\/fr\/wp-json\/wp\/v2\/media?parent=4683"}],"wp:term":[{"taxonomy":"product_cat","embeddable":true,"href":"https:\/\/timeworksmods.com\/fr\/wp-json\/wp\/v2\/product_cat?post=4683"},{"taxonomy":"product_tag","embeddable":true,"href":"https:\/\/timeworksmods.com\/fr\/wp-json\/wp\/v2\/product_tag?post=4683"}],"curies":[{"name":"wp","href":"https:\/\/api.w.org\/{rel}","templated":true}]}}