{"id":4921,"date":"2026-03-26T17:50:37","date_gmt":"2026-03-26T16:50:37","guid":{"rendered":"https:\/\/timeworksmods.com\/?post_type=product&#038;p=4921"},"modified":"2026-04-13T08:30:42","modified_gmt":"2026-04-13T06:30:42","slug":"royal-seikoak-chrono-panda","status":"publish","type":"product","link":"https:\/\/timeworksmods.com\/fr\/produit\/royal-seikoak-chrono-panda\/","title":{"rendered":"Royal Oak Sea-Dweller Chrono Panda"},"content":{"rendered":"<p data-start=\"204\" data-end=\"499\">Inspir\u00e9 par les grandes ic\u00f4nes de l'horlogerie de luxe sportive, ce mod offre un design \u00e9l\u00e9gant, sportif et avant-gardiste, avec une lunette distinctive et des lignes sophistiqu\u00e9es. Une r\u00e9interpr\u00e9tation moderne \u00e9quip\u00e9e de <strong data-start=\"422\" data-end=\"464\">mouvement \u00e0 quartz de haute pr\u00e9cision<\/strong> et des mat\u00e9riaux de premi\u00e8re qualit\u00e9.<\/p>\n<p data-start=\"501\" data-end=\"894\">En son int\u00e9rieur, il est \u00e9quip\u00e9 d'un mouvement m\u00e9ca-quartz chronographe qui combine la pr\u00e9cision du quartz avec la sensation m\u00e9canique lors de l'actionnement du chronographe. Il offre une fonction chronographe, des sous-cadrans fonctionnels pour la mesure du temps et un balayage fluide de la trotteuse du chronographe, offrant une exp\u00e9rience sportive et pr\u00e9cise, avec un minimum d'entretien et une excellente fiabilit\u00e9.<\/p>\n<p data-start=\"896\" data-end=\"1307\">Le bo\u00eetier en acier inoxydable 316L offre une r\u00e9sistance \u00e9lev\u00e9e \u00e0 la corrosion et aux chocs du quotidien, tandis que le verre saphir assure une protection sup\u00e9rieure contre les rayures et une visibilit\u00e9 impeccable. Le r\u00e9sultat est une montre \u00e9l\u00e9gante, sportive et tr\u00e8s fiable, parfaite pour un usage quotidien comme pour ceux qui recherchent l'esth\u00e9tique du luxe sportif avec la pr\u00e9cision du quartz.<\/p>","protected":false},"excerpt":{"rendered":"<p>Ce mod allie la sophistication sportive des designs horlogers classiques \u00e0 la fiabilit\u00e9 d'un <strong data-start=\"274\" data-end=\"325\">mouvement automatique japonais de haute pr\u00e9cision<\/strong>. Un hommage qui respecte l'essence des montres embl\u00e9matiques, r\u00e9interpr\u00e9t\u00e9 avec des mat\u00e9riaux modernes et une ex\u00e9cution m\u00e9ticuleuse.<\/p>","protected":false},"featured_media":4913,"comment_status":"open","ping_status":"closed","template":"","meta":{"_acf_changed":false,"_joinchat":[]},"product_cat":[104],"product_tag":[],"class_list":{"0":"post-4921","1":"product","2":"type-product","3":"status-publish","4":"has-post-thumbnail","6":"product_cat-royal-seikoak","8":"first","9":"instock","10":"sale","11":"taxable","12":"shipping-taxable","13":"purchasable","14":"product-type-simple","swatches":"rey-swatches","show_selected":""},"acf":[],"yoast_head":"<!-- This site is optimized with the Yoast SEO plugin v27.4 - https:\/\/yoast.com\/product\/yoast-seo-wordpress\/ -->\n<title>Royal Seikoak Chrono Panda | Timeworks\u2122 | Seiko Mods<\/title>\n<meta name=\"description\" content=\"Este mod combina la sofisticaci\u00f3n deportiva de los dise\u00f1os cl\u00e1sicos de relojer\u00eda con la fiabilidad de un movimiento autom\u00e1tico japon\u00e9s de alta precisi\u00f3n. Un homenaje que respeta la esencia de los relojes ic\u00f3nicos, reinterpretado con materiales modernos y una ejecuci\u00f3n meticulosa.\" \/>\n<meta name=\"robots\" content=\"index, follow, max-snippet:-1, max-image-preview:large, max-video-preview:-1\" \/>\n<link rel=\"canonical\" href=\"https:\/\/timeworksmods.com\/fr\/produit\/royal-seikoak-chrono-panda\/\" \/>\n<meta property=\"og:locale\" content=\"fr_FR\" \/>\n<meta property=\"og:type\" content=\"article\" \/>\n<meta property=\"og:title\" content=\"Royal Seikoak Chrono Panda | Timeworks\u2122 | Seiko Mods\" \/>\n<meta property=\"og:description\" content=\"Este mod combina la sofisticaci\u00f3n deportiva de los dise\u00f1os cl\u00e1sicos de relojer\u00eda con la fiabilidad de un movimiento autom\u00e1tico japon\u00e9s de alta precisi\u00f3n. Un homenaje que respeta la esencia de los relojes ic\u00f3nicos, reinterpretado con materiales modernos y una ejecuci\u00f3n meticulosa.\" \/>\n<meta property=\"og:url\" content=\"https:\/\/timeworksmods.com\/fr\/produit\/royal-seikoak-chrono-panda\/\" \/>\n<meta property=\"og:site_name\" content=\"Timeworks\u2122 | Seiko Mods\" \/>\n<meta property=\"article:modified_time\" content=\"2026-04-13T06:30:42+00:00\" \/>\n<meta property=\"og:image\" content=\"https:\/\/timeworksmods.com\/wp-content\/uploads\/2026\/03\/maquetaroyalseikoakchronopanda.jpg\" \/>\n\t<meta property=\"og:image:width\" content=\"1200\" \/>\n\t<meta property=\"og:image:height\" content=\"1200\" \/>\n\t<meta property=\"og:image:type\" content=\"image\/jpeg\" \/>\n<meta name=\"twitter:card\" content=\"summary_large_image\" \/>\n<meta name=\"twitter:label1\" content=\"Dur\u00e9e de lecture estim\u00e9e\" \/>\n\t<meta name=\"twitter:data1\" content=\"1 minute\" \/>\n<script type=\"application\/ld+json\" class=\"yoast-schema-graph\">{\"@context\":\"https:\\\/\\\/schema.org\",\"@graph\":[{\"@type\":\"WebPage\",\"@id\":\"https:\\\/\\\/timeworksmods.com\\\/producto\\\/royal-seikoak-chrono-panda\\\/\",\"url\":\"https:\\\/\\\/timeworksmods.com\\\/producto\\\/royal-seikoak-chrono-panda\\\/\",\"name\":\"Royal Seikoak Chrono Panda | Timeworks\u2122 | Seiko Mods\",\"isPartOf\":{\"@id\":\"https:\\\/\\\/timeworksmods.com\\\/#website\"},\"primaryImageOfPage\":{\"@id\":\"https:\\\/\\\/timeworksmods.com\\\/producto\\\/royal-seikoak-chrono-panda\\\/#primaryimage\"},\"image\":{\"@id\":\"https:\\\/\\\/timeworksmods.com\\\/producto\\\/royal-seikoak-chrono-panda\\\/#primaryimage\"},\"thumbnailUrl\":\"https:\\\/\\\/timeworksmods.com\\\/wp-content\\\/uploads\\\/2026\\\/03\\\/maquetaroyalseikoakchronopanda.jpg\",\"datePublished\":\"2026-03-26T16:50:37+00:00\",\"dateModified\":\"2026-04-13T06:30:42+00:00\",\"description\":\"Este mod combina la sofisticaci\u00f3n deportiva de los dise\u00f1os cl\u00e1sicos de relojer\u00eda con la fiabilidad de un movimiento autom\u00e1tico japon\u00e9s de alta precisi\u00f3n. Un homenaje que respeta la esencia de los relojes ic\u00f3nicos, reinterpretado con materiales modernos y una ejecuci\u00f3n meticulosa.\",\"breadcrumb\":{\"@id\":\"https:\\\/\\\/timeworksmods.com\\\/producto\\\/royal-seikoak-chrono-panda\\\/#breadcrumb\"},\"inLanguage\":\"fr-FR\",\"potentialAction\":[{\"@type\":\"ReadAction\",\"target\":[\"https:\\\/\\\/timeworksmods.com\\\/producto\\\/royal-seikoak-chrono-panda\\\/\"]}]},{\"@type\":\"ImageObject\",\"inLanguage\":\"fr-FR\",\"@id\":\"https:\\\/\\\/timeworksmods.com\\\/producto\\\/royal-seikoak-chrono-panda\\\/#primaryimage\",\"url\":\"https:\\\/\\\/timeworksmods.com\\\/wp-content\\\/uploads\\\/2026\\\/03\\\/maquetaroyalseikoakchronopanda.jpg\",\"contentUrl\":\"https:\\\/\\\/timeworksmods.com\\\/wp-content\\\/uploads\\\/2026\\\/03\\\/maquetaroyalseikoakchronopanda.jpg\",\"width\":1200,\"height\":1200},{\"@type\":\"BreadcrumbList\",\"@id\":\"https:\\\/\\\/timeworksmods.com\\\/producto\\\/royal-seikoak-chrono-panda\\\/#breadcrumb\",\"itemListElement\":[{\"@type\":\"ListItem\",\"position\":1,\"name\":\"Portada\",\"item\":\"https:\\\/\\\/timeworksmods.com\\\/\"},{\"@type\":\"ListItem\",\"position\":2,\"name\":\"Tienda\",\"item\":\"https:\\\/\\\/timeworksmods.com\\\/tienda\\\/\"},{\"@type\":\"ListItem\",\"position\":3,\"name\":\"Royal Seikoak Chrono Panda\"}]},{\"@type\":\"WebSite\",\"@id\":\"https:\\\/\\\/timeworksmods.com\\\/#website\",\"url\":\"https:\\\/\\\/timeworksmods.com\\\/\",\"name\":\"Timeworks\u2122 | Seiko Mods\",\"description\":\"Tu Tienda de Seiko Mods Personalizados\",\"publisher\":{\"@id\":\"https:\\\/\\\/timeworksmods.com\\\/#organization\"},\"alternateName\":\"Timeworks\u2122 | Seiko Mods\",\"potentialAction\":[{\"@type\":\"SearchAction\",\"target\":{\"@type\":\"EntryPoint\",\"urlTemplate\":\"https:\\\/\\\/timeworksmods.com\\\/?s={search_term_string}\"},\"query-input\":{\"@type\":\"PropertyValueSpecification\",\"valueRequired\":true,\"valueName\":\"search_term_string\"}}],\"inLanguage\":\"fr-FR\"},{\"@type\":\"Organization\",\"@id\":\"https:\\\/\\\/timeworksmods.com\\\/#organization\",\"name\":\"Timeworks\u2122 | Seiko Mods\",\"alternateName\":\"Timeworks\u2122 | Seiko Mods\",\"url\":\"https:\\\/\\\/timeworksmods.com\\\/\",\"logo\":{\"@type\":\"ImageObject\",\"inLanguage\":\"fr-FR\",\"@id\":\"https:\\\/\\\/timeworksmods.com\\\/#\\\/schema\\\/logo\\\/image\\\/\",\"url\":\"https:\\\/\\\/timeworksmods.com\\\/wp-content\\\/uploads\\\/2025\\\/12\\\/ad972f10e0800b49d76fed33a21f6698.png\",\"contentUrl\":\"https:\\\/\\\/timeworksmods.com\\\/wp-content\\\/uploads\\\/2025\\\/12\\\/ad972f10e0800b49d76fed33a21f6698.png\",\"width\":1500,\"height\":200,\"caption\":\"Timeworks\u2122 | Seiko Mods\"},\"image\":{\"@id\":\"https:\\\/\\\/timeworksmods.com\\\/#\\\/schema\\\/logo\\\/image\\\/\"}}]}<\/script>\n<!-- \/ Yoast SEO plugin. -->","yoast_head_json":{"title":"Royal Seikoak Chrono Panda | Timeworks\u2122 | Seiko Mods","description":"Ce mod combine la sophistication sportive des designs horlogers classiques avec la fiabilit\u00e9 d'un mouvement automatique japonais de haute pr\u00e9cision. Un hommage qui respecte l'essence des montres embl\u00e9matiques, r\u00e9interpr\u00e9t\u00e9 avec des mat\u00e9riaux modernes et une ex\u00e9cution m\u00e9ticuleuse.","robots":{"index":"index","follow":"follow","max-snippet":"max-snippet:-1","max-image-preview":"max-image-preview:large","max-video-preview":"max-video-preview:-1"},"canonical":"https:\/\/timeworksmods.com\/fr\/produit\/royal-seikoak-chrono-panda\/","og_locale":"fr_FR","og_type":"article","og_title":"Royal Seikoak Chrono Panda | Timeworks\u2122 | Seiko Mods","og_description":"Este mod combina la sofisticaci\u00f3n deportiva de los dise\u00f1os cl\u00e1sicos de relojer\u00eda con la fiabilidad de un movimiento autom\u00e1tico japon\u00e9s de alta precisi\u00f3n. Un homenaje que respeta la esencia de los relojes ic\u00f3nicos, reinterpretado con materiales modernos y una ejecuci\u00f3n meticulosa.","og_url":"https:\/\/timeworksmods.com\/fr\/produit\/royal-seikoak-chrono-panda\/","og_site_name":"Timeworks\u2122 | Seiko Mods","article_modified_time":"2026-04-13T06:30:42+00:00","og_image":[{"width":1200,"height":1200,"url":"https:\/\/timeworksmods.com\/wp-content\/uploads\/2026\/03\/maquetaroyalseikoakchronopanda.jpg","type":"image\/jpeg"}],"twitter_card":"summary_large_image","twitter_misc":{"Dur\u00e9e de lecture estim\u00e9e":"1 minute"},"schema":{"@context":"https:\/\/schema.org","@graph":[{"@type":"WebPage","@id":"https:\/\/timeworksmods.com\/producto\/royal-seikoak-chrono-panda\/","url":"https:\/\/timeworksmods.com\/producto\/royal-seikoak-chrono-panda\/","name":"Royal Seikoak Chrono Panda | Timeworks\u2122 | Seiko Mods","isPartOf":{"@id":"https:\/\/timeworksmods.com\/#website"},"primaryImageOfPage":{"@id":"https:\/\/timeworksmods.com\/producto\/royal-seikoak-chrono-panda\/#primaryimage"},"image":{"@id":"https:\/\/timeworksmods.com\/producto\/royal-seikoak-chrono-panda\/#primaryimage"},"thumbnailUrl":"https:\/\/timeworksmods.com\/wp-content\/uploads\/2026\/03\/maquetaroyalseikoakchronopanda.jpg","datePublished":"2026-03-26T16:50:37+00:00","dateModified":"2026-04-13T06:30:42+00:00","description":"Ce mod combine la sophistication sportive des designs horlogers classiques avec la fiabilit\u00e9 d'un mouvement automatique japonais de haute pr\u00e9cision. Un hommage qui respecte l'essence des montres embl\u00e9matiques, r\u00e9interpr\u00e9t\u00e9 avec des mat\u00e9riaux modernes et une ex\u00e9cution m\u00e9ticuleuse.","breadcrumb":{"@id":"https:\/\/timeworksmods.com\/producto\/royal-seikoak-chrono-panda\/#breadcrumb"},"inLanguage":"fr-FR","potentialAction":[{"@type":"ReadAction","target":["https:\/\/timeworksmods.com\/producto\/royal-seikoak-chrono-panda\/"]}]},{"@type":"ImageObject","inLanguage":"fr-FR","@id":"https:\/\/timeworksmods.com\/producto\/royal-seikoak-chrono-panda\/#primaryimage","url":"https:\/\/timeworksmods.com\/wp-content\/uploads\/2026\/03\/maquetaroyalseikoakchronopanda.jpg","contentUrl":"https:\/\/timeworksmods.com\/wp-content\/uploads\/2026\/03\/maquetaroyalseikoakchronopanda.jpg","width":1200,"height":1200},{"@type":"BreadcrumbList","@id":"https:\/\/timeworksmods.com\/producto\/royal-seikoak-chrono-panda\/#breadcrumb","itemListElement":[{"@type":"ListItem","position":1,"name":"Portada","item":"https:\/\/timeworksmods.com\/"},{"@type":"ListItem","position":2,"name":"Tienda","item":"https:\/\/timeworksmods.com\/tienda\/"},{"@type":"ListItem","position":3,"name":"Royal Seikoak Chrono Panda"}]},{"@type":"WebSite","@id":"https:\/\/timeworksmods.com\/#website","url":"https:\/\/timeworksmods.com\/","name":"Timeworks\u2122 | Mods Seiko","description":"Votre boutique de modifications Seiko personnalis\u00e9es","publisher":{"@id":"https:\/\/timeworksmods.com\/#organization"},"alternateName":"Timeworks\u2122 | Seiko Mods","potentialAction":[{"@type":"SearchAction","target":{"@type":"EntryPoint","urlTemplate":"https:\/\/timeworksmods.com\/?s={search_term_string}"},"query-input":{"@type":"PropertyValueSpecification","valueRequired":true,"valueName":"search_term_string"}}],"inLanguage":"fr-FR"},{"@type":"Organization","@id":"https:\/\/timeworksmods.com\/#organization","name":"Timeworks\u2122 | Mods Seiko","alternateName":"Timeworks\u2122 | Seiko Mods","url":"https:\/\/timeworksmods.com\/","logo":{"@type":"ImageObject","inLanguage":"fr-FR","@id":"https:\/\/timeworksmods.com\/#\/schema\/logo\/image\/","url":"https:\/\/timeworksmods.com\/wp-content\/uploads\/2025\/12\/ad972f10e0800b49d76fed33a21f6698.png","contentUrl":"https:\/\/timeworksmods.com\/wp-content\/uploads\/2025\/12\/ad972f10e0800b49d76fed33a21f6698.png","width":1500,"height":200,"caption":"Timeworks\u2122 | Seiko Mods"},"image":{"@id":"https:\/\/timeworksmods.com\/#\/schema\/logo\/image\/"}}]}},"_links":{"self":[{"href":"https:\/\/timeworksmods.com\/fr\/wp-json\/wp\/v2\/product\/4921","targetHints":{"allow":["GET"]}}],"collection":[{"href":"https:\/\/timeworksmods.com\/fr\/wp-json\/wp\/v2\/product"}],"about":[{"href":"https:\/\/timeworksmods.com\/fr\/wp-json\/wp\/v2\/types\/product"}],"replies":[{"embeddable":true,"href":"https:\/\/timeworksmods.com\/fr\/wp-json\/wp\/v2\/comments?post=4921"}],"wp:featuredmedia":[{"embeddable":true,"href":"https:\/\/timeworksmods.com\/fr\/wp-json\/wp\/v2\/media\/4913"}],"wp:attachment":[{"href":"https:\/\/timeworksmods.com\/fr\/wp-json\/wp\/v2\/media?parent=4921"}],"wp:term":[{"taxonomy":"product_cat","embeddable":true,"href":"https:\/\/timeworksmods.com\/fr\/wp-json\/wp\/v2\/product_cat?post=4921"},{"taxonomy":"product_tag","embeddable":true,"href":"https:\/\/timeworksmods.com\/fr\/wp-json\/wp\/v2\/product_tag?post=4921"}],"curies":[{"name":"wp","href":"https:\/\/api.w.org\/{rel}","templated":true}]}}