{"id":4954,"date":"2026-03-27T11:31:32","date_gmt":"2026-03-27T10:31:32","guid":{"rendered":"https:\/\/timeworksmods.com\/?post_type=product&#038;p=4954"},"modified":"2026-04-13T08:30:22","modified_gmt":"2026-04-13T06:30:22","slug":"royal-seikoak-gold-black","status":"publish","type":"product","link":"https:\/\/timeworksmods.com\/fr\/produit\/royal-seikoak-gold-black\/","title":{"rendered":"Royal Seikoak Or Noir"},"content":{"rendered":"<p data-start=\"199\" data-end=\"504\">Inspir\u00e9 par les grandes ic\u00f4nes de l'horlogerie de luxe sportive, ce mod offre un design \u00e9l\u00e9gant, sportif et avant-gardiste, avec une lunette distinctive et des lignes sophistiqu\u00e9es. Une r\u00e9interpr\u00e9tation moderne \u00e9quip\u00e9e de <strong data-start=\"417\" data-end=\"472\">mouvement automatique japonais \u00e9prouv\u00e9 et fiable<\/strong> y materiales de alta calidad.<\/p>\n<p data-start=\"506\" data-end=\"770\">El calibre japon\u00e9s opera a 21.600 alternancias por hora (3 Hz), dispone de remonte autom\u00e1tico y manual, funci\u00f3n de parada de segundero (hacking) para un ajuste exacto de la hora y ofrece una reserva de marcha aproximada de 41 horas, ideal para un uso continuado.<\/p>\n<p data-start=\"772\" data-end=\"1149\">La caja de acero inoxidable 316L proporciona una elevada resistencia a la corrosi\u00f3n y a los impactos cotidianos, mientras que el cristal de zafiro asegura una protecci\u00f3n superior frente a ara\u00f1azos y una visibilidad impecable. El resultado es un reloj elegante, deportivo y altamente fiable, pensado tanto para el uso diario como para los entusiastas de la relojer\u00eda mec\u00e1nica.<\/p>","protected":false},"excerpt":{"rendered":"<p>Ce mod allie la sophistication sportive des designs horlogers classiques \u00e0 la fiabilit\u00e9 d'un <strong data-start=\"263\" data-end=\"314\">mouvement automatique japonais de haute pr\u00e9cision<\/strong>. Un hommage qui respecte l'essence des montres embl\u00e9matiques, r\u00e9interpr\u00e9t\u00e9 avec des mat\u00e9riaux modernes et une ex\u00e9cution m\u00e9ticuleuse.<\/p>","protected":false},"featured_media":4936,"comment_status":"open","ping_status":"closed","template":"","meta":{"_acf_changed":false,"_joinchat":[]},"product_cat":[104],"product_tag":[],"class_list":{"0":"post-4954","1":"product","2":"type-product","3":"status-publish","4":"has-post-thumbnail","6":"product_cat-royal-seikoak","8":"first","9":"instock","10":"sale","11":"taxable","12":"shipping-taxable","13":"purchasable","14":"product-type-simple","swatches":"rey-swatches","show_selected":""},"acf":[],"yoast_head":"<!-- This site is optimized with the Yoast SEO plugin v27.4 - https:\/\/yoast.com\/product\/yoast-seo-wordpress\/ -->\n<title>Royal Seikoak Gold Black | Timeworks\u2122 | Seiko Mods<\/title>\n<meta name=\"description\" content=\"Este mod combina la sofisticaci\u00f3n deportiva de los dise\u00f1os cl\u00e1sicos de relojer\u00eda con la fiabilidad de un movimiento autom\u00e1tico japon\u00e9s de alta precisi\u00f3n. Un homenaje que respeta la esencia de los relojes ic\u00f3nicos, reinterpretado con materiales modernos y una ejecuci\u00f3n meticulosa.\" \/>\n<meta name=\"robots\" content=\"index, follow, max-snippet:-1, max-image-preview:large, max-video-preview:-1\" \/>\n<link rel=\"canonical\" href=\"https:\/\/timeworksmods.com\/fr\/produit\/royal-seikoak-gold-black\/\" \/>\n<meta property=\"og:locale\" content=\"fr_FR\" \/>\n<meta property=\"og:type\" content=\"article\" \/>\n<meta property=\"og:title\" content=\"Royal Seikoak Gold Black | Timeworks\u2122 | Seiko Mods\" \/>\n<meta property=\"og:description\" content=\"Este mod combina la sofisticaci\u00f3n deportiva de los dise\u00f1os cl\u00e1sicos de relojer\u00eda con la fiabilidad de un movimiento autom\u00e1tico japon\u00e9s de alta precisi\u00f3n. Un homenaje que respeta la esencia de los relojes ic\u00f3nicos, reinterpretado con materiales modernos y una ejecuci\u00f3n meticulosa.\" \/>\n<meta property=\"og:url\" content=\"https:\/\/timeworksmods.com\/fr\/produit\/royal-seikoak-gold-black\/\" \/>\n<meta property=\"og:site_name\" content=\"Timeworks\u2122 | Seiko Mods\" \/>\n<meta property=\"article:modified_time\" content=\"2026-04-13T06:30:22+00:00\" \/>\n<meta property=\"og:image\" content=\"https:\/\/timeworksmods.com\/wp-content\/uploads\/2026\/03\/maquetaroyalseikoakgoldblack.jpg\" \/>\n\t<meta property=\"og:image:width\" content=\"1200\" \/>\n\t<meta property=\"og:image:height\" content=\"1200\" \/>\n\t<meta property=\"og:image:type\" content=\"image\/jpeg\" \/>\n<meta name=\"twitter:card\" content=\"summary_large_image\" \/>\n<meta name=\"twitter:label1\" content=\"Dur\u00e9e de lecture estim\u00e9e\" \/>\n\t<meta name=\"twitter:data1\" content=\"1 minute\" \/>\n<script type=\"application\/ld+json\" class=\"yoast-schema-graph\">{\"@context\":\"https:\\\/\\\/schema.org\",\"@graph\":[{\"@type\":\"WebPage\",\"@id\":\"https:\\\/\\\/timeworksmods.com\\\/producto\\\/royal-seikoak-gold-black\\\/\",\"url\":\"https:\\\/\\\/timeworksmods.com\\\/producto\\\/royal-seikoak-gold-black\\\/\",\"name\":\"Royal Seikoak Gold Black | Timeworks\u2122 | Seiko Mods\",\"isPartOf\":{\"@id\":\"https:\\\/\\\/timeworksmods.com\\\/#website\"},\"primaryImageOfPage\":{\"@id\":\"https:\\\/\\\/timeworksmods.com\\\/producto\\\/royal-seikoak-gold-black\\\/#primaryimage\"},\"image\":{\"@id\":\"https:\\\/\\\/timeworksmods.com\\\/producto\\\/royal-seikoak-gold-black\\\/#primaryimage\"},\"thumbnailUrl\":\"https:\\\/\\\/timeworksmods.com\\\/wp-content\\\/uploads\\\/2026\\\/03\\\/maquetaroyalseikoakgoldblack.jpg\",\"datePublished\":\"2026-03-27T10:31:32+00:00\",\"dateModified\":\"2026-04-13T06:30:22+00:00\",\"description\":\"Este mod combina la sofisticaci\u00f3n deportiva de los dise\u00f1os cl\u00e1sicos de relojer\u00eda con la fiabilidad de un movimiento autom\u00e1tico japon\u00e9s de alta precisi\u00f3n. Un homenaje que respeta la esencia de los relojes ic\u00f3nicos, reinterpretado con materiales modernos y una ejecuci\u00f3n meticulosa.\",\"breadcrumb\":{\"@id\":\"https:\\\/\\\/timeworksmods.com\\\/producto\\\/royal-seikoak-gold-black\\\/#breadcrumb\"},\"inLanguage\":\"fr-FR\",\"potentialAction\":[{\"@type\":\"ReadAction\",\"target\":[\"https:\\\/\\\/timeworksmods.com\\\/producto\\\/royal-seikoak-gold-black\\\/\"]}]},{\"@type\":\"ImageObject\",\"inLanguage\":\"fr-FR\",\"@id\":\"https:\\\/\\\/timeworksmods.com\\\/producto\\\/royal-seikoak-gold-black\\\/#primaryimage\",\"url\":\"https:\\\/\\\/timeworksmods.com\\\/wp-content\\\/uploads\\\/2026\\\/03\\\/maquetaroyalseikoakgoldblack.jpg\",\"contentUrl\":\"https:\\\/\\\/timeworksmods.com\\\/wp-content\\\/uploads\\\/2026\\\/03\\\/maquetaroyalseikoakgoldblack.jpg\",\"width\":1200,\"height\":1200},{\"@type\":\"BreadcrumbList\",\"@id\":\"https:\\\/\\\/timeworksmods.com\\\/producto\\\/royal-seikoak-gold-black\\\/#breadcrumb\",\"itemListElement\":[{\"@type\":\"ListItem\",\"position\":1,\"name\":\"Portada\",\"item\":\"https:\\\/\\\/timeworksmods.com\\\/\"},{\"@type\":\"ListItem\",\"position\":2,\"name\":\"Tienda\",\"item\":\"https:\\\/\\\/timeworksmods.com\\\/tienda\\\/\"},{\"@type\":\"ListItem\",\"position\":3,\"name\":\"Royal Seikoak Gold Black\"}]},{\"@type\":\"WebSite\",\"@id\":\"https:\\\/\\\/timeworksmods.com\\\/#website\",\"url\":\"https:\\\/\\\/timeworksmods.com\\\/\",\"name\":\"Timeworks\u2122 | Seiko Mods\",\"description\":\"Tu Tienda de Seiko Mods Personalizados\",\"publisher\":{\"@id\":\"https:\\\/\\\/timeworksmods.com\\\/#organization\"},\"alternateName\":\"Timeworks\u2122 | Seiko Mods\",\"potentialAction\":[{\"@type\":\"SearchAction\",\"target\":{\"@type\":\"EntryPoint\",\"urlTemplate\":\"https:\\\/\\\/timeworksmods.com\\\/?s={search_term_string}\"},\"query-input\":{\"@type\":\"PropertyValueSpecification\",\"valueRequired\":true,\"valueName\":\"search_term_string\"}}],\"inLanguage\":\"fr-FR\"},{\"@type\":\"Organization\",\"@id\":\"https:\\\/\\\/timeworksmods.com\\\/#organization\",\"name\":\"Timeworks\u2122 | Seiko Mods\",\"alternateName\":\"Timeworks\u2122 | Seiko Mods\",\"url\":\"https:\\\/\\\/timeworksmods.com\\\/\",\"logo\":{\"@type\":\"ImageObject\",\"inLanguage\":\"fr-FR\",\"@id\":\"https:\\\/\\\/timeworksmods.com\\\/#\\\/schema\\\/logo\\\/image\\\/\",\"url\":\"https:\\\/\\\/timeworksmods.com\\\/wp-content\\\/uploads\\\/2025\\\/12\\\/ad972f10e0800b49d76fed33a21f6698.png\",\"contentUrl\":\"https:\\\/\\\/timeworksmods.com\\\/wp-content\\\/uploads\\\/2025\\\/12\\\/ad972f10e0800b49d76fed33a21f6698.png\",\"width\":1500,\"height\":200,\"caption\":\"Timeworks\u2122 | Seiko Mods\"},\"image\":{\"@id\":\"https:\\\/\\\/timeworksmods.com\\\/#\\\/schema\\\/logo\\\/image\\\/\"}}]}<\/script>\n<!-- \/ Yoast SEO plugin. -->","yoast_head_json":{"title":"Royal Seikoak Gold Black | Timeworks\u2122 | Seiko Mods","description":"Ce mod combine la sophistication sportive des designs horlogers classiques avec la fiabilit\u00e9 d'un mouvement automatique japonais de haute pr\u00e9cision. Un hommage qui respecte l'essence des montres embl\u00e9matiques, r\u00e9interpr\u00e9t\u00e9 avec des mat\u00e9riaux modernes et une ex\u00e9cution m\u00e9ticuleuse.","robots":{"index":"index","follow":"follow","max-snippet":"max-snippet:-1","max-image-preview":"max-image-preview:large","max-video-preview":"max-video-preview:-1"},"canonical":"https:\/\/timeworksmods.com\/fr\/produit\/royal-seikoak-gold-black\/","og_locale":"fr_FR","og_type":"article","og_title":"Royal Seikoak Gold Black | Timeworks\u2122 | Seiko Mods","og_description":"Este mod combina la sofisticaci\u00f3n deportiva de los dise\u00f1os cl\u00e1sicos de relojer\u00eda con la fiabilidad de un movimiento autom\u00e1tico japon\u00e9s de alta precisi\u00f3n. Un homenaje que respeta la esencia de los relojes ic\u00f3nicos, reinterpretado con materiales modernos y una ejecuci\u00f3n meticulosa.","og_url":"https:\/\/timeworksmods.com\/fr\/produit\/royal-seikoak-gold-black\/","og_site_name":"Timeworks\u2122 | Seiko Mods","article_modified_time":"2026-04-13T06:30:22+00:00","og_image":[{"width":1200,"height":1200,"url":"https:\/\/timeworksmods.com\/wp-content\/uploads\/2026\/03\/maquetaroyalseikoakgoldblack.jpg","type":"image\/jpeg"}],"twitter_card":"summary_large_image","twitter_misc":{"Dur\u00e9e de lecture estim\u00e9e":"1 minute"},"schema":{"@context":"https:\/\/schema.org","@graph":[{"@type":"WebPage","@id":"https:\/\/timeworksmods.com\/producto\/royal-seikoak-gold-black\/","url":"https:\/\/timeworksmods.com\/producto\/royal-seikoak-gold-black\/","name":"Royal Seikoak Gold Black | Timeworks\u2122 | Seiko Mods","isPartOf":{"@id":"https:\/\/timeworksmods.com\/#website"},"primaryImageOfPage":{"@id":"https:\/\/timeworksmods.com\/producto\/royal-seikoak-gold-black\/#primaryimage"},"image":{"@id":"https:\/\/timeworksmods.com\/producto\/royal-seikoak-gold-black\/#primaryimage"},"thumbnailUrl":"https:\/\/timeworksmods.com\/wp-content\/uploads\/2026\/03\/maquetaroyalseikoakgoldblack.jpg","datePublished":"2026-03-27T10:31:32+00:00","dateModified":"2026-04-13T06:30:22+00:00","description":"Ce mod combine la sophistication sportive des designs horlogers classiques avec la fiabilit\u00e9 d'un mouvement automatique japonais de haute pr\u00e9cision. Un hommage qui respecte l'essence des montres embl\u00e9matiques, r\u00e9interpr\u00e9t\u00e9 avec des mat\u00e9riaux modernes et une ex\u00e9cution m\u00e9ticuleuse.","breadcrumb":{"@id":"https:\/\/timeworksmods.com\/producto\/royal-seikoak-gold-black\/#breadcrumb"},"inLanguage":"fr-FR","potentialAction":[{"@type":"ReadAction","target":["https:\/\/timeworksmods.com\/producto\/royal-seikoak-gold-black\/"]}]},{"@type":"ImageObject","inLanguage":"fr-FR","@id":"https:\/\/timeworksmods.com\/producto\/royal-seikoak-gold-black\/#primaryimage","url":"https:\/\/timeworksmods.com\/wp-content\/uploads\/2026\/03\/maquetaroyalseikoakgoldblack.jpg","contentUrl":"https:\/\/timeworksmods.com\/wp-content\/uploads\/2026\/03\/maquetaroyalseikoakgoldblack.jpg","width":1200,"height":1200},{"@type":"BreadcrumbList","@id":"https:\/\/timeworksmods.com\/producto\/royal-seikoak-gold-black\/#breadcrumb","itemListElement":[{"@type":"ListItem","position":1,"name":"Portada","item":"https:\/\/timeworksmods.com\/"},{"@type":"ListItem","position":2,"name":"Tienda","item":"https:\/\/timeworksmods.com\/tienda\/"},{"@type":"ListItem","position":3,"name":"Royal Seikoak Gold Black"}]},{"@type":"WebSite","@id":"https:\/\/timeworksmods.com\/#website","url":"https:\/\/timeworksmods.com\/","name":"Timeworks\u2122 | Mods Seiko","description":"Votre boutique de modifications Seiko personnalis\u00e9es","publisher":{"@id":"https:\/\/timeworksmods.com\/#organization"},"alternateName":"Timeworks\u2122 | Seiko Mods","potentialAction":[{"@type":"SearchAction","target":{"@type":"EntryPoint","urlTemplate":"https:\/\/timeworksmods.com\/?s={search_term_string}"},"query-input":{"@type":"PropertyValueSpecification","valueRequired":true,"valueName":"search_term_string"}}],"inLanguage":"fr-FR"},{"@type":"Organization","@id":"https:\/\/timeworksmods.com\/#organization","name":"Timeworks\u2122 | Mods Seiko","alternateName":"Timeworks\u2122 | Seiko Mods","url":"https:\/\/timeworksmods.com\/","logo":{"@type":"ImageObject","inLanguage":"fr-FR","@id":"https:\/\/timeworksmods.com\/#\/schema\/logo\/image\/","url":"https:\/\/timeworksmods.com\/wp-content\/uploads\/2025\/12\/ad972f10e0800b49d76fed33a21f6698.png","contentUrl":"https:\/\/timeworksmods.com\/wp-content\/uploads\/2025\/12\/ad972f10e0800b49d76fed33a21f6698.png","width":1500,"height":200,"caption":"Timeworks\u2122 | Seiko Mods"},"image":{"@id":"https:\/\/timeworksmods.com\/#\/schema\/logo\/image\/"}}]}},"_links":{"self":[{"href":"https:\/\/timeworksmods.com\/fr\/wp-json\/wp\/v2\/product\/4954","targetHints":{"allow":["GET"]}}],"collection":[{"href":"https:\/\/timeworksmods.com\/fr\/wp-json\/wp\/v2\/product"}],"about":[{"href":"https:\/\/timeworksmods.com\/fr\/wp-json\/wp\/v2\/types\/product"}],"replies":[{"embeddable":true,"href":"https:\/\/timeworksmods.com\/fr\/wp-json\/wp\/v2\/comments?post=4954"}],"wp:featuredmedia":[{"embeddable":true,"href":"https:\/\/timeworksmods.com\/fr\/wp-json\/wp\/v2\/media\/4936"}],"wp:attachment":[{"href":"https:\/\/timeworksmods.com\/fr\/wp-json\/wp\/v2\/media?parent=4954"}],"wp:term":[{"taxonomy":"product_cat","embeddable":true,"href":"https:\/\/timeworksmods.com\/fr\/wp-json\/wp\/v2\/product_cat?post=4954"},{"taxonomy":"product_tag","embeddable":true,"href":"https:\/\/timeworksmods.com\/fr\/wp-json\/wp\/v2\/product_tag?post=4954"}],"curies":[{"name":"wp","href":"https:\/\/api.w.org\/{rel}","templated":true}]}}