{"id":752,"date":"2025-12-06T12:54:15","date_gmt":"2025-12-06T12:54:15","guid":{"rendered":"https:\/\/timeworksmods.com\/?post_type=product&#038;p=752"},"modified":"2026-04-13T08:54:49","modified_gmt":"2026-04-13T06:54:49","slug":"gmteiko-coke","status":"publish","type":"product","link":"https:\/\/timeworksmods.com\/fr\/produit\/gmteiko-coke\/","title":{"rendered":"GMTeiko Coca"},"content":{"rendered":"<p data-start=\"197\" data-end=\"632\">Inspir\u00e9 des grandes ic\u00f4nes de l'horlogerie de voyage, ce mod offre un design fonctionnel, aventureux et esth\u00e9tiquement attrayant. Une pi\u00e8ce qui transpose l'essence des montres de voyage dans une r\u00e9interpr\u00e9tation moderne, \u00e9quip\u00e9e de <strong data-start=\"433\" data-end=\"488\">mouvement automatique japonais \u00e9prouv\u00e9 et fiable<\/strong> et des mat\u00e9riaux de premi\u00e8re qualit\u00e9, id\u00e9ales aussi bien pour un usage quotidien que pour ceux qui doivent contr\u00f4ler plusieurs fuseaux horaires avec pr\u00e9cision.<\/p>\n<p data-start=\"634\" data-end=\"1039\">Le calibre japonais fonctionne \u00e0 21 600 alternances par heure (3 Hz), dispose d\u2019un remontage automatique et manuel, d\u2019une fonction d\u2019arr\u00eat de la seconde (hacking) pour un r\u00e9glage pr\u00e9cis de l\u2019heure, et int\u00e8gre en outre une aiguille GMT ind\u00e9pendante permettant de suivre un second fuseau horaire. Il offre une r\u00e9serve de marche d\u2019environ 41 heures, garantissant un fonctionnement continu et fiable en toute situation.<\/p>\n<p data-start=\"1041\" data-end=\"1528\">Le bo\u00eetier en acier inoxydable 316L offre une excellente r\u00e9sistance \u00e0 la corrosion, \u00e0 l'humidit\u00e9 et \u00e0 l'usure, associ\u00e9 \u00e0 une lunette tournante de style GMT, \u00e9quip\u00e9e d'un insert en c\u00e9ramique, qui apporte une r\u00e9sistance exceptionnelle aux rayures et des couleurs durables. Son \u00e9chelle de 24 heures permet de lire facilement un deuxi\u00e8me fuseau horaire. Il est compl\u00e9t\u00e9 par un verre saphir, qui assure une protection sup\u00e9rieure contre les rayures et une visibilit\u00e9 optimale en toute condition lumineuse.<\/p>\n<p data-start=\"1530\" data-end=\"1765\">Le r\u00e9sultat est une montre polyvalente, fonctionnelle et sophistiqu\u00e9e, con\u00e7ue pour un usage quotidien et pour les amateurs de montres m\u00e9caniques \u00e0 la recherche d'une pi\u00e8ce d'inspiration voyageuse, dot\u00e9e de fonctionnalit\u00e9s modernes et d'une fiabilit\u00e9 garantie.<\/p>","protected":false},"excerpt":{"rendered":"<p>Ce module combine l'esth\u00e9tique classique des montres de voyage internationales avec la fiabilit\u00e9 d'un <strong data-start=\"279\" data-end=\"330\">mouvement automatique japonais de haute pr\u00e9cision<\/strong>. R\u00e9interpr\u00e9tant les designs classiques des ann\u00e9es 80 avec une attention m\u00e9ticuleuse aux d\u00e9tails, offrant ainsi une pi\u00e8ce \u00e9l\u00e9gante, fonctionnelle et fiable pour ceux qui recherchent une montre polyvalente et de qualit\u00e9.<\/p>","protected":false},"featured_media":743,"comment_status":"open","ping_status":"closed","template":"","meta":{"_acf_changed":false,"_joinchat":[]},"product_cat":[98],"product_tag":[],"class_list":{"0":"post-752","1":"product","2":"type-product","3":"status-publish","4":"has-post-thumbnail","6":"product_cat-gmteiko","7":"pa_gmteiko-version-gmteiko-coke","9":"first","10":"instock","11":"sale","12":"taxable","13":"shipping-taxable","14":"purchasable","15":"product-type-simple","swatches":"rey-swatches","show_selected":""},"acf":[],"yoast_head":"<!-- This site is optimized with the Yoast SEO plugin v27.4 - https:\/\/yoast.com\/product\/yoast-seo-wordpress\/ -->\n<title>GMTeiko Coke | Timeworks\u2122 | Seiko Mods<\/title>\n<meta name=\"description\" content=\"Este mod combina la est\u00e9tica cl\u00e1sica de los relojes de viaje internacionales con la fiabilidad de un movimiento autom\u00e1tico japon\u00e9s de alta precisi\u00f3n. Reinterpreta los dise\u00f1os cl\u00e1sicos de los a\u00f1os 80 con una atenci\u00f3n meticulosa a los detalles, ofreciendo una pieza elegante, funcional y confiable para quienes buscan un reloj vers\u00e1til y de calidad.\" \/>\n<meta name=\"robots\" content=\"index, follow, max-snippet:-1, max-image-preview:large, max-video-preview:-1\" \/>\n<link rel=\"canonical\" href=\"https:\/\/timeworksmods.com\/fr\/produit\/gmteiko-coke\/\" \/>\n<meta property=\"og:locale\" content=\"fr_FR\" \/>\n<meta property=\"og:type\" content=\"article\" \/>\n<meta property=\"og:title\" content=\"GMTeiko Coke | Timeworks\u2122 | Seiko Mods\" \/>\n<meta property=\"og:description\" content=\"Este mod combina la est\u00e9tica cl\u00e1sica de los relojes de viaje internacionales con la fiabilidad de un movimiento autom\u00e1tico japon\u00e9s de alta precisi\u00f3n. Reinterpreta los dise\u00f1os cl\u00e1sicos de los a\u00f1os 80 con una atenci\u00f3n meticulosa a los detalles, ofreciendo una pieza elegante, funcional y confiable para quienes buscan un reloj vers\u00e1til y de calidad.\" \/>\n<meta property=\"og:url\" content=\"https:\/\/timeworksmods.com\/fr\/produit\/gmteiko-coke\/\" \/>\n<meta property=\"og:site_name\" content=\"Timeworks\u2122 | Seiko Mods\" \/>\n<meta property=\"article:modified_time\" content=\"2026-04-13T06:54:49+00:00\" \/>\n<meta property=\"og:image\" content=\"https:\/\/timeworksmods.com\/wp-content\/uploads\/2025\/12\/5c572eca050594c7bc3c36e7e8ab9550.jpg\" \/>\n\t<meta property=\"og:image:width\" content=\"1200\" \/>\n\t<meta property=\"og:image:height\" content=\"1200\" \/>\n\t<meta property=\"og:image:type\" content=\"image\/jpeg\" \/>\n<meta name=\"twitter:card\" content=\"summary_large_image\" \/>\n<meta name=\"twitter:label1\" content=\"Dur\u00e9e de lecture estim\u00e9e\" \/>\n\t<meta name=\"twitter:data1\" content=\"1 minute\" \/>\n<script type=\"application\/ld+json\" class=\"yoast-schema-graph\">{\"@context\":\"https:\\\/\\\/schema.org\",\"@graph\":[{\"@type\":\"WebPage\",\"@id\":\"https:\\\/\\\/timeworksmods.com\\\/producto\\\/gmteiko-coke\\\/\",\"url\":\"https:\\\/\\\/timeworksmods.com\\\/producto\\\/gmteiko-coke\\\/\",\"name\":\"GMTeiko Coke | Timeworks\u2122 | Seiko Mods\",\"isPartOf\":{\"@id\":\"https:\\\/\\\/timeworksmods.com\\\/#website\"},\"primaryImageOfPage\":{\"@id\":\"https:\\\/\\\/timeworksmods.com\\\/producto\\\/gmteiko-coke\\\/#primaryimage\"},\"image\":{\"@id\":\"https:\\\/\\\/timeworksmods.com\\\/producto\\\/gmteiko-coke\\\/#primaryimage\"},\"thumbnailUrl\":\"https:\\\/\\\/timeworksmods.com\\\/wp-content\\\/uploads\\\/2025\\\/12\\\/5c572eca050594c7bc3c36e7e8ab9550.jpg\",\"datePublished\":\"2025-12-06T12:54:15+00:00\",\"dateModified\":\"2026-04-13T06:54:49+00:00\",\"description\":\"Este mod combina la est\u00e9tica cl\u00e1sica de los relojes de viaje internacionales con la fiabilidad de un movimiento autom\u00e1tico japon\u00e9s de alta precisi\u00f3n. Reinterpreta los dise\u00f1os cl\u00e1sicos de los a\u00f1os 80 con una atenci\u00f3n meticulosa a los detalles, ofreciendo una pieza elegante, funcional y confiable para quienes buscan un reloj vers\u00e1til y de calidad.\",\"breadcrumb\":{\"@id\":\"https:\\\/\\\/timeworksmods.com\\\/producto\\\/gmteiko-coke\\\/#breadcrumb\"},\"inLanguage\":\"fr-FR\",\"potentialAction\":[{\"@type\":\"ReadAction\",\"target\":[\"https:\\\/\\\/timeworksmods.com\\\/producto\\\/gmteiko-coke\\\/\"]}]},{\"@type\":\"ImageObject\",\"inLanguage\":\"fr-FR\",\"@id\":\"https:\\\/\\\/timeworksmods.com\\\/producto\\\/gmteiko-coke\\\/#primaryimage\",\"url\":\"https:\\\/\\\/timeworksmods.com\\\/wp-content\\\/uploads\\\/2025\\\/12\\\/5c572eca050594c7bc3c36e7e8ab9550.jpg\",\"contentUrl\":\"https:\\\/\\\/timeworksmods.com\\\/wp-content\\\/uploads\\\/2025\\\/12\\\/5c572eca050594c7bc3c36e7e8ab9550.jpg\",\"width\":1200,\"height\":1200},{\"@type\":\"BreadcrumbList\",\"@id\":\"https:\\\/\\\/timeworksmods.com\\\/producto\\\/gmteiko-coke\\\/#breadcrumb\",\"itemListElement\":[{\"@type\":\"ListItem\",\"position\":1,\"name\":\"Portada\",\"item\":\"https:\\\/\\\/timeworksmods.com\\\/\"},{\"@type\":\"ListItem\",\"position\":2,\"name\":\"Tienda\",\"item\":\"https:\\\/\\\/timeworksmods.com\\\/tienda\\\/\"},{\"@type\":\"ListItem\",\"position\":3,\"name\":\"GMTeiko Coke\"}]},{\"@type\":\"WebSite\",\"@id\":\"https:\\\/\\\/timeworksmods.com\\\/#website\",\"url\":\"https:\\\/\\\/timeworksmods.com\\\/\",\"name\":\"Timeworks\u2122 | Seiko Mods\",\"description\":\"Tu Tienda de Seiko Mods Personalizados\",\"publisher\":{\"@id\":\"https:\\\/\\\/timeworksmods.com\\\/#organization\"},\"alternateName\":\"Timeworks\u2122 | Seiko Mods\",\"potentialAction\":[{\"@type\":\"SearchAction\",\"target\":{\"@type\":\"EntryPoint\",\"urlTemplate\":\"https:\\\/\\\/timeworksmods.com\\\/?s={search_term_string}\"},\"query-input\":{\"@type\":\"PropertyValueSpecification\",\"valueRequired\":true,\"valueName\":\"search_term_string\"}}],\"inLanguage\":\"fr-FR\"},{\"@type\":\"Organization\",\"@id\":\"https:\\\/\\\/timeworksmods.com\\\/#organization\",\"name\":\"Timeworks\u2122 | Seiko Mods\",\"alternateName\":\"Timeworks\u2122 | Seiko Mods\",\"url\":\"https:\\\/\\\/timeworksmods.com\\\/\",\"logo\":{\"@type\":\"ImageObject\",\"inLanguage\":\"fr-FR\",\"@id\":\"https:\\\/\\\/timeworksmods.com\\\/#\\\/schema\\\/logo\\\/image\\\/\",\"url\":\"https:\\\/\\\/timeworksmods.com\\\/wp-content\\\/uploads\\\/2025\\\/12\\\/ad972f10e0800b49d76fed33a21f6698.png\",\"contentUrl\":\"https:\\\/\\\/timeworksmods.com\\\/wp-content\\\/uploads\\\/2025\\\/12\\\/ad972f10e0800b49d76fed33a21f6698.png\",\"width\":1500,\"height\":200,\"caption\":\"Timeworks\u2122 | Seiko Mods\"},\"image\":{\"@id\":\"https:\\\/\\\/timeworksmods.com\\\/#\\\/schema\\\/logo\\\/image\\\/\"}}]}<\/script>\n<!-- \/ Yoast SEO plugin. -->","yoast_head_json":{"title":"GMTeiko Coke | Timeworks\u2122 | Seiko Mods","description":"Ce mod combine l'esth\u00e9tique classique des montres de voyage internationales avec la fiabilit\u00e9 d'un mouvement automatique japonais de haute pr\u00e9cision. Il r\u00e9interpr\u00e8te les designs classiques des ann\u00e9es 80 avec une attention m\u00e9ticuleuse aux d\u00e9tails, offrant une pi\u00e8ce \u00e9l\u00e9gante, fonctionnelle et fiable pour ceux qui recherchent une montre polyvalente et de qualit\u00e9.","robots":{"index":"index","follow":"follow","max-snippet":"max-snippet:-1","max-image-preview":"max-image-preview:large","max-video-preview":"max-video-preview:-1"},"canonical":"https:\/\/timeworksmods.com\/fr\/produit\/gmteiko-coke\/","og_locale":"fr_FR","og_type":"article","og_title":"GMTeiko Coke | Timeworks\u2122 | Seiko Mods","og_description":"Este mod combina la est\u00e9tica cl\u00e1sica de los relojes de viaje internacionales con la fiabilidad de un movimiento autom\u00e1tico japon\u00e9s de alta precisi\u00f3n. Reinterpreta los dise\u00f1os cl\u00e1sicos de los a\u00f1os 80 con una atenci\u00f3n meticulosa a los detalles, ofreciendo una pieza elegante, funcional y confiable para quienes buscan un reloj vers\u00e1til y de calidad.","og_url":"https:\/\/timeworksmods.com\/fr\/produit\/gmteiko-coke\/","og_site_name":"Timeworks\u2122 | Seiko Mods","article_modified_time":"2026-04-13T06:54:49+00:00","og_image":[{"width":1200,"height":1200,"url":"https:\/\/timeworksmods.com\/wp-content\/uploads\/2025\/12\/5c572eca050594c7bc3c36e7e8ab9550.jpg","type":"image\/jpeg"}],"twitter_card":"summary_large_image","twitter_misc":{"Dur\u00e9e de lecture estim\u00e9e":"1 minute"},"schema":{"@context":"https:\/\/schema.org","@graph":[{"@type":"WebPage","@id":"https:\/\/timeworksmods.com\/producto\/gmteiko-coke\/","url":"https:\/\/timeworksmods.com\/producto\/gmteiko-coke\/","name":"GMTeiko Coke | Timeworks\u2122 | Seiko Mods","isPartOf":{"@id":"https:\/\/timeworksmods.com\/#website"},"primaryImageOfPage":{"@id":"https:\/\/timeworksmods.com\/producto\/gmteiko-coke\/#primaryimage"},"image":{"@id":"https:\/\/timeworksmods.com\/producto\/gmteiko-coke\/#primaryimage"},"thumbnailUrl":"https:\/\/timeworksmods.com\/wp-content\/uploads\/2025\/12\/5c572eca050594c7bc3c36e7e8ab9550.jpg","datePublished":"2025-12-06T12:54:15+00:00","dateModified":"2026-04-13T06:54:49+00:00","description":"Ce mod combine l'esth\u00e9tique classique des montres de voyage internationales avec la fiabilit\u00e9 d'un mouvement automatique japonais de haute pr\u00e9cision. Il r\u00e9interpr\u00e8te les designs classiques des ann\u00e9es 80 avec une attention m\u00e9ticuleuse aux d\u00e9tails, offrant une pi\u00e8ce \u00e9l\u00e9gante, fonctionnelle et fiable pour ceux qui recherchent une montre polyvalente et de qualit\u00e9.","breadcrumb":{"@id":"https:\/\/timeworksmods.com\/producto\/gmteiko-coke\/#breadcrumb"},"inLanguage":"fr-FR","potentialAction":[{"@type":"ReadAction","target":["https:\/\/timeworksmods.com\/producto\/gmteiko-coke\/"]}]},{"@type":"ImageObject","inLanguage":"fr-FR","@id":"https:\/\/timeworksmods.com\/producto\/gmteiko-coke\/#primaryimage","url":"https:\/\/timeworksmods.com\/wp-content\/uploads\/2025\/12\/5c572eca050594c7bc3c36e7e8ab9550.jpg","contentUrl":"https:\/\/timeworksmods.com\/wp-content\/uploads\/2025\/12\/5c572eca050594c7bc3c36e7e8ab9550.jpg","width":1200,"height":1200},{"@type":"BreadcrumbList","@id":"https:\/\/timeworksmods.com\/producto\/gmteiko-coke\/#breadcrumb","itemListElement":[{"@type":"ListItem","position":1,"name":"Portada","item":"https:\/\/timeworksmods.com\/"},{"@type":"ListItem","position":2,"name":"Tienda","item":"https:\/\/timeworksmods.com\/tienda\/"},{"@type":"ListItem","position":3,"name":"GMTeiko Coke"}]},{"@type":"WebSite","@id":"https:\/\/timeworksmods.com\/#website","url":"https:\/\/timeworksmods.com\/","name":"Timeworks\u2122 | Mods Seiko","description":"Votre boutique de modifications Seiko personnalis\u00e9es","publisher":{"@id":"https:\/\/timeworksmods.com\/#organization"},"alternateName":"Timeworks\u2122 | Seiko Mods","potentialAction":[{"@type":"SearchAction","target":{"@type":"EntryPoint","urlTemplate":"https:\/\/timeworksmods.com\/?s={search_term_string}"},"query-input":{"@type":"PropertyValueSpecification","valueRequired":true,"valueName":"search_term_string"}}],"inLanguage":"fr-FR"},{"@type":"Organization","@id":"https:\/\/timeworksmods.com\/#organization","name":"Timeworks\u2122 | Mods Seiko","alternateName":"Timeworks\u2122 | Seiko Mods","url":"https:\/\/timeworksmods.com\/","logo":{"@type":"ImageObject","inLanguage":"fr-FR","@id":"https:\/\/timeworksmods.com\/#\/schema\/logo\/image\/","url":"https:\/\/timeworksmods.com\/wp-content\/uploads\/2025\/12\/ad972f10e0800b49d76fed33a21f6698.png","contentUrl":"https:\/\/timeworksmods.com\/wp-content\/uploads\/2025\/12\/ad972f10e0800b49d76fed33a21f6698.png","width":1500,"height":200,"caption":"Timeworks\u2122 | Seiko Mods"},"image":{"@id":"https:\/\/timeworksmods.com\/#\/schema\/logo\/image\/"}}]}},"_links":{"self":[{"href":"https:\/\/timeworksmods.com\/fr\/wp-json\/wp\/v2\/product\/752","targetHints":{"allow":["GET"]}}],"collection":[{"href":"https:\/\/timeworksmods.com\/fr\/wp-json\/wp\/v2\/product"}],"about":[{"href":"https:\/\/timeworksmods.com\/fr\/wp-json\/wp\/v2\/types\/product"}],"replies":[{"embeddable":true,"href":"https:\/\/timeworksmods.com\/fr\/wp-json\/wp\/v2\/comments?post=752"}],"wp:featuredmedia":[{"embeddable":true,"href":"https:\/\/timeworksmods.com\/fr\/wp-json\/wp\/v2\/media\/743"}],"wp:attachment":[{"href":"https:\/\/timeworksmods.com\/fr\/wp-json\/wp\/v2\/media?parent=752"}],"wp:term":[{"taxonomy":"product_cat","embeddable":true,"href":"https:\/\/timeworksmods.com\/fr\/wp-json\/wp\/v2\/product_cat?post=752"},{"taxonomy":"product_tag","embeddable":true,"href":"https:\/\/timeworksmods.com\/fr\/wp-json\/wp\/v2\/product_tag?post=752"}],"curies":[{"name":"wp","href":"https:\/\/api.w.org\/{rel}","templated":true}]}}