{"id":769,"date":"2025-12-06T13:03:34","date_gmt":"2025-12-06T13:03:34","guid":{"rendered":"https:\/\/timeworksmods.com\/?post_type=product&#038;p=769"},"modified":"2026-04-13T08:54:33","modified_gmt":"2026-04-13T06:54:33","slug":"gmteiko-sprite","status":"publish","type":"product","link":"https:\/\/timeworksmods.com\/fr\/product\/gmteiko-sprite\/","title":{"rendered":"GMTeiko Sprite"},"content":{"rendered":"<p data-start=\"197\" data-end=\"632\">Inspirado en los grandes iconos de la relojer\u00eda de viaje, este mod ofrece un dise\u00f1o funcional, aventurero y est\u00e9ticamente atractivo. Una pieza que traslada la esencia de los relojes de viaje a una reinterpretaci\u00f3n moderna, equipada con <strong data-start=\"433\" data-end=\"488\">mouvement automatique japonais \u00e9prouv\u00e9 et fiable<\/strong> y materiales de primera calidad, ideal tanto para el uso diario como para quienes necesitan controlar m\u00faltiples husos horarios con precisi\u00f3n.<\/p>\n<p data-start=\"634\" data-end=\"1039\">El calibre japon\u00e9s opera a 21.600 alternancias por hora (3 Hz), dispone de remonte autom\u00e1tico y manual, funci\u00f3n de parada de segundero (hacking) para un ajuste exacto de la hora y, adem\u00e1s, incorpora una aguja GMT independiente que permite rastrear un segundo huso horario. Ofrece una reserva de marcha de aproximadamente 41 horas, garantizando un funcionamiento continuo y fiable en cualquier situaci\u00f3n.<\/p>\n<p data-start=\"1041\" data-end=\"1528\">La caja de acero inoxidable 316L proporciona una excelente resistencia a la corrosi\u00f3n, la humedad y el desgaste, combin\u00e1ndose con un bisel giratorio de estilo GMT, equipado con inserto cer\u00e1mico, que aporta resistencia sobresaliente a los ara\u00f1azos y colores duraderos. Su escala de 24 horas permite leer f\u00e1cilmente un segundo huso horario. Se completa con cristal de zafiro, que asegura una protecci\u00f3n superior frente a ara\u00f1azos y una visibilidad \u00f3ptima bajo cualquier condici\u00f3n de luz.<\/p>\n<p data-start=\"1530\" data-end=\"1765\">El resultado es un reloj vers\u00e1til, funcional y sofisticado, pensado para el uso cotidiano y para los entusiastas de la relojer\u00eda mec\u00e1nica que buscan una pieza de inspiraci\u00f3n viajera con prestaciones modernas y fiabilidad garantizada.<\/p>","protected":false},"excerpt":{"rendered":"<p>Este mod combina la est\u00e9tica cl\u00e1sica de los relojes de viaje internacionales con la fiabilidad de un <strong data-start=\"279\" data-end=\"330\">mouvement automatique japonais de haute pr\u00e9cision<\/strong>. Reinterpreta los dise\u00f1os cl\u00e1sicos de los a\u00f1os 80 con una atenci\u00f3n meticulosa a los detalles, ofreciendo una pieza elegante, funcional y confiable para quienes buscan un reloj vers\u00e1til y de calidad.<\/p>","protected":false},"featured_media":747,"comment_status":"open","ping_status":"closed","template":"","meta":{"_acf_changed":false,"_joinchat":[]},"product_cat":[98],"product_tag":[],"class_list":{"0":"post-769","1":"product","2":"type-product","3":"status-publish","4":"has-post-thumbnail","6":"product_cat-gmteiko","7":"pa_gmteiko-version-gmteiko-sprite","9":"first","10":"instock","11":"sale","12":"taxable","13":"shipping-taxable","14":"purchasable","15":"product-type-simple","swatches":"rey-swatches","show_selected":""},"acf":[],"yoast_head":"<!-- This site is optimized with the Yoast SEO plugin v27.4 - https:\/\/yoast.com\/product\/yoast-seo-wordpress\/ -->\n<title>GMTeiko Sprite | Timeworks\u2122 | Seiko Mods<\/title>\n<meta name=\"description\" content=\"Este mod combina la est\u00e9tica cl\u00e1sica de los relojes de viaje internacionales con la fiabilidad de un movimiento autom\u00e1tico japon\u00e9s de alta precisi\u00f3n. Reinterpreta los dise\u00f1os cl\u00e1sicos de los a\u00f1os 80 con una atenci\u00f3n meticulosa a los detalles, ofreciendo una pieza elegante, funcional y confiable para quienes buscan un reloj vers\u00e1til y de calidad.\" \/>\n<meta name=\"robots\" content=\"index, follow, max-snippet:-1, max-image-preview:large, max-video-preview:-1\" \/>\n<link rel=\"canonical\" href=\"https:\/\/timeworksmods.com\/fr\/product\/gmteiko-sprite\/\" \/>\n<meta property=\"og:locale\" content=\"fr_FR\" \/>\n<meta property=\"og:type\" content=\"article\" \/>\n<meta property=\"og:title\" content=\"GMTeiko Sprite | Timeworks\u2122 | Seiko Mods\" \/>\n<meta property=\"og:description\" content=\"Este mod combina la est\u00e9tica cl\u00e1sica de los relojes de viaje internacionales con la fiabilidad de un movimiento autom\u00e1tico japon\u00e9s de alta precisi\u00f3n. Reinterpreta los dise\u00f1os cl\u00e1sicos de los a\u00f1os 80 con una atenci\u00f3n meticulosa a los detalles, ofreciendo una pieza elegante, funcional y confiable para quienes buscan un reloj vers\u00e1til y de calidad.\" \/>\n<meta property=\"og:url\" content=\"https:\/\/timeworksmods.com\/fr\/product\/gmteiko-sprite\/\" \/>\n<meta property=\"og:site_name\" content=\"Timeworks\u2122 | Seiko Mods\" \/>\n<meta property=\"article:modified_time\" content=\"2026-04-13T06:54:33+00:00\" \/>\n<meta property=\"og:image\" content=\"https:\/\/timeworksmods.com\/wp-content\/uploads\/2025\/12\/8d317bdcf4aafcfc22149d77babee96d.jpg\" \/>\n\t<meta property=\"og:image:width\" content=\"1200\" \/>\n\t<meta property=\"og:image:height\" content=\"1200\" \/>\n\t<meta property=\"og:image:type\" content=\"image\/jpeg\" \/>\n<meta name=\"twitter:card\" content=\"summary_large_image\" \/>\n<meta name=\"twitter:label1\" content=\"Est. reading time\" \/>\n\t<meta name=\"twitter:data1\" content=\"1 minute\" \/>\n<script type=\"application\/ld+json\" class=\"yoast-schema-graph\">{\"@context\":\"https:\\\/\\\/schema.org\",\"@graph\":[{\"@type\":\"WebPage\",\"@id\":\"https:\\\/\\\/timeworksmods.com\\\/producto\\\/gmteiko-sprite\\\/\",\"url\":\"https:\\\/\\\/timeworksmods.com\\\/producto\\\/gmteiko-sprite\\\/\",\"name\":\"GMTeiko Sprite | Timeworks\u2122 | Seiko Mods\",\"isPartOf\":{\"@id\":\"https:\\\/\\\/timeworksmods.com\\\/#website\"},\"primaryImageOfPage\":{\"@id\":\"https:\\\/\\\/timeworksmods.com\\\/producto\\\/gmteiko-sprite\\\/#primaryimage\"},\"image\":{\"@id\":\"https:\\\/\\\/timeworksmods.com\\\/producto\\\/gmteiko-sprite\\\/#primaryimage\"},\"thumbnailUrl\":\"https:\\\/\\\/timeworksmods.com\\\/wp-content\\\/uploads\\\/2025\\\/12\\\/8d317bdcf4aafcfc22149d77babee96d.jpg\",\"datePublished\":\"2025-12-06T13:03:34+00:00\",\"dateModified\":\"2026-04-13T06:54:33+00:00\",\"description\":\"Este mod combina la est\u00e9tica cl\u00e1sica de los relojes de viaje internacionales con la fiabilidad de un movimiento autom\u00e1tico japon\u00e9s de alta precisi\u00f3n. Reinterpreta los dise\u00f1os cl\u00e1sicos de los a\u00f1os 80 con una atenci\u00f3n meticulosa a los detalles, ofreciendo una pieza elegante, funcional y confiable para quienes buscan un reloj vers\u00e1til y de calidad.\",\"breadcrumb\":{\"@id\":\"https:\\\/\\\/timeworksmods.com\\\/producto\\\/gmteiko-sprite\\\/#breadcrumb\"},\"inLanguage\":\"fr-FR\",\"potentialAction\":[{\"@type\":\"ReadAction\",\"target\":[\"https:\\\/\\\/timeworksmods.com\\\/producto\\\/gmteiko-sprite\\\/\"]}]},{\"@type\":\"ImageObject\",\"inLanguage\":\"fr-FR\",\"@id\":\"https:\\\/\\\/timeworksmods.com\\\/producto\\\/gmteiko-sprite\\\/#primaryimage\",\"url\":\"https:\\\/\\\/timeworksmods.com\\\/wp-content\\\/uploads\\\/2025\\\/12\\\/8d317bdcf4aafcfc22149d77babee96d.jpg\",\"contentUrl\":\"https:\\\/\\\/timeworksmods.com\\\/wp-content\\\/uploads\\\/2025\\\/12\\\/8d317bdcf4aafcfc22149d77babee96d.jpg\",\"width\":1200,\"height\":1200},{\"@type\":\"BreadcrumbList\",\"@id\":\"https:\\\/\\\/timeworksmods.com\\\/producto\\\/gmteiko-sprite\\\/#breadcrumb\",\"itemListElement\":[{\"@type\":\"ListItem\",\"position\":1,\"name\":\"Portada\",\"item\":\"https:\\\/\\\/timeworksmods.com\\\/\"},{\"@type\":\"ListItem\",\"position\":2,\"name\":\"Tienda\",\"item\":\"https:\\\/\\\/timeworksmods.com\\\/tienda\\\/\"},{\"@type\":\"ListItem\",\"position\":3,\"name\":\"GMTeiko Sprite\"}]},{\"@type\":\"WebSite\",\"@id\":\"https:\\\/\\\/timeworksmods.com\\\/#website\",\"url\":\"https:\\\/\\\/timeworksmods.com\\\/\",\"name\":\"Timeworks\u2122 | Seiko Mods\",\"description\":\"Tu Tienda de Seiko Mods Personalizados\",\"publisher\":{\"@id\":\"https:\\\/\\\/timeworksmods.com\\\/#organization\"},\"alternateName\":\"Timeworks\u2122 | Seiko Mods\",\"potentialAction\":[{\"@type\":\"SearchAction\",\"target\":{\"@type\":\"EntryPoint\",\"urlTemplate\":\"https:\\\/\\\/timeworksmods.com\\\/?s={search_term_string}\"},\"query-input\":{\"@type\":\"PropertyValueSpecification\",\"valueRequired\":true,\"valueName\":\"search_term_string\"}}],\"inLanguage\":\"fr-FR\"},{\"@type\":\"Organization\",\"@id\":\"https:\\\/\\\/timeworksmods.com\\\/#organization\",\"name\":\"Timeworks\u2122 | Seiko Mods\",\"alternateName\":\"Timeworks\u2122 | Seiko Mods\",\"url\":\"https:\\\/\\\/timeworksmods.com\\\/\",\"logo\":{\"@type\":\"ImageObject\",\"inLanguage\":\"fr-FR\",\"@id\":\"https:\\\/\\\/timeworksmods.com\\\/#\\\/schema\\\/logo\\\/image\\\/\",\"url\":\"https:\\\/\\\/timeworksmods.com\\\/wp-content\\\/uploads\\\/2025\\\/12\\\/ad972f10e0800b49d76fed33a21f6698.png\",\"contentUrl\":\"https:\\\/\\\/timeworksmods.com\\\/wp-content\\\/uploads\\\/2025\\\/12\\\/ad972f10e0800b49d76fed33a21f6698.png\",\"width\":1500,\"height\":200,\"caption\":\"Timeworks\u2122 | Seiko Mods\"},\"image\":{\"@id\":\"https:\\\/\\\/timeworksmods.com\\\/#\\\/schema\\\/logo\\\/image\\\/\"}}]}<\/script>\n<!-- \/ Yoast SEO plugin. -->","yoast_head_json":{"title":"GMTeiko Sprite | Timeworks\u2122 | Seiko Mods","description":"Este mod combina la est\u00e9tica cl\u00e1sica de los relojes de viaje internacionales con la fiabilidad de un movimiento autom\u00e1tico japon\u00e9s de alta precisi\u00f3n. Reinterpreta los dise\u00f1os cl\u00e1sicos de los a\u00f1os 80 con una atenci\u00f3n meticulosa a los detalles, ofreciendo una pieza elegante, funcional y confiable para quienes buscan un reloj vers\u00e1til y de calidad.","robots":{"index":"index","follow":"follow","max-snippet":"max-snippet:-1","max-image-preview":"max-image-preview:large","max-video-preview":"max-video-preview:-1"},"canonical":"https:\/\/timeworksmods.com\/fr\/product\/gmteiko-sprite\/","og_locale":"fr_FR","og_type":"article","og_title":"GMTeiko Sprite | Timeworks\u2122 | Seiko Mods","og_description":"Este mod combina la est\u00e9tica cl\u00e1sica de los relojes de viaje internacionales con la fiabilidad de un movimiento autom\u00e1tico japon\u00e9s de alta precisi\u00f3n. Reinterpreta los dise\u00f1os cl\u00e1sicos de los a\u00f1os 80 con una atenci\u00f3n meticulosa a los detalles, ofreciendo una pieza elegante, funcional y confiable para quienes buscan un reloj vers\u00e1til y de calidad.","og_url":"https:\/\/timeworksmods.com\/fr\/product\/gmteiko-sprite\/","og_site_name":"Timeworks\u2122 | Seiko Mods","article_modified_time":"2026-04-13T06:54:33+00:00","og_image":[{"width":1200,"height":1200,"url":"https:\/\/timeworksmods.com\/wp-content\/uploads\/2025\/12\/8d317bdcf4aafcfc22149d77babee96d.jpg","type":"image\/jpeg"}],"twitter_card":"summary_large_image","twitter_misc":{"Est. reading time":"1 minute"},"schema":{"@context":"https:\/\/schema.org","@graph":[{"@type":"WebPage","@id":"https:\/\/timeworksmods.com\/producto\/gmteiko-sprite\/","url":"https:\/\/timeworksmods.com\/producto\/gmteiko-sprite\/","name":"GMTeiko Sprite | Timeworks\u2122 | Seiko Mods","isPartOf":{"@id":"https:\/\/timeworksmods.com\/#website"},"primaryImageOfPage":{"@id":"https:\/\/timeworksmods.com\/producto\/gmteiko-sprite\/#primaryimage"},"image":{"@id":"https:\/\/timeworksmods.com\/producto\/gmteiko-sprite\/#primaryimage"},"thumbnailUrl":"https:\/\/timeworksmods.com\/wp-content\/uploads\/2025\/12\/8d317bdcf4aafcfc22149d77babee96d.jpg","datePublished":"2025-12-06T13:03:34+00:00","dateModified":"2026-04-13T06:54:33+00:00","description":"Este mod combina la est\u00e9tica cl\u00e1sica de los relojes de viaje internacionales con la fiabilidad de un movimiento autom\u00e1tico japon\u00e9s de alta precisi\u00f3n. Reinterpreta los dise\u00f1os cl\u00e1sicos de los a\u00f1os 80 con una atenci\u00f3n meticulosa a los detalles, ofreciendo una pieza elegante, funcional y confiable para quienes buscan un reloj vers\u00e1til y de calidad.","breadcrumb":{"@id":"https:\/\/timeworksmods.com\/producto\/gmteiko-sprite\/#breadcrumb"},"inLanguage":"fr-FR","potentialAction":[{"@type":"ReadAction","target":["https:\/\/timeworksmods.com\/producto\/gmteiko-sprite\/"]}]},{"@type":"ImageObject","inLanguage":"fr-FR","@id":"https:\/\/timeworksmods.com\/producto\/gmteiko-sprite\/#primaryimage","url":"https:\/\/timeworksmods.com\/wp-content\/uploads\/2025\/12\/8d317bdcf4aafcfc22149d77babee96d.jpg","contentUrl":"https:\/\/timeworksmods.com\/wp-content\/uploads\/2025\/12\/8d317bdcf4aafcfc22149d77babee96d.jpg","width":1200,"height":1200},{"@type":"BreadcrumbList","@id":"https:\/\/timeworksmods.com\/producto\/gmteiko-sprite\/#breadcrumb","itemListElement":[{"@type":"ListItem","position":1,"name":"Portada","item":"https:\/\/timeworksmods.com\/"},{"@type":"ListItem","position":2,"name":"Tienda","item":"https:\/\/timeworksmods.com\/tienda\/"},{"@type":"ListItem","position":3,"name":"GMTeiko Sprite"}]},{"@type":"WebSite","@id":"https:\/\/timeworksmods.com\/#website","url":"https:\/\/timeworksmods.com\/","name":"Timeworks\u2122 | Mods Seiko","description":"Votre boutique de modifications Seiko personnalis\u00e9es","publisher":{"@id":"https:\/\/timeworksmods.com\/#organization"},"alternateName":"Timeworks\u2122 | Seiko Mods","potentialAction":[{"@type":"SearchAction","target":{"@type":"EntryPoint","urlTemplate":"https:\/\/timeworksmods.com\/?s={search_term_string}"},"query-input":{"@type":"PropertyValueSpecification","valueRequired":true,"valueName":"search_term_string"}}],"inLanguage":"fr-FR"},{"@type":"Organization","@id":"https:\/\/timeworksmods.com\/#organization","name":"Timeworks\u2122 | Mods Seiko","alternateName":"Timeworks\u2122 | Seiko Mods","url":"https:\/\/timeworksmods.com\/","logo":{"@type":"ImageObject","inLanguage":"fr-FR","@id":"https:\/\/timeworksmods.com\/#\/schema\/logo\/image\/","url":"https:\/\/timeworksmods.com\/wp-content\/uploads\/2025\/12\/ad972f10e0800b49d76fed33a21f6698.png","contentUrl":"https:\/\/timeworksmods.com\/wp-content\/uploads\/2025\/12\/ad972f10e0800b49d76fed33a21f6698.png","width":1500,"height":200,"caption":"Timeworks\u2122 | Seiko Mods"},"image":{"@id":"https:\/\/timeworksmods.com\/#\/schema\/logo\/image\/"}}]}},"_links":{"self":[{"href":"https:\/\/timeworksmods.com\/fr\/wp-json\/wp\/v2\/product\/769","targetHints":{"allow":["GET"]}}],"collection":[{"href":"https:\/\/timeworksmods.com\/fr\/wp-json\/wp\/v2\/product"}],"about":[{"href":"https:\/\/timeworksmods.com\/fr\/wp-json\/wp\/v2\/types\/product"}],"replies":[{"embeddable":true,"href":"https:\/\/timeworksmods.com\/fr\/wp-json\/wp\/v2\/comments?post=769"}],"wp:featuredmedia":[{"embeddable":true,"href":"https:\/\/timeworksmods.com\/fr\/wp-json\/wp\/v2\/media\/747"}],"wp:attachment":[{"href":"https:\/\/timeworksmods.com\/fr\/wp-json\/wp\/v2\/media?parent=769"}],"wp:term":[{"taxonomy":"product_cat","embeddable":true,"href":"https:\/\/timeworksmods.com\/fr\/wp-json\/wp\/v2\/product_cat?post=769"},{"taxonomy":"product_tag","embeddable":true,"href":"https:\/\/timeworksmods.com\/fr\/wp-json\/wp\/v2\/product_tag?post=769"}],"curies":[{"name":"wp","href":"https:\/\/api.w.org\/{rel}","templated":true}]}}