{"id":933,"date":"2025-12-06T16:30:42","date_gmt":"2025-12-06T16:30:42","guid":{"rendered":"https:\/\/timeworksmods.com\/?post_type=product&#038;p=933"},"modified":"2026-04-13T08:53:25","modified_gmt":"2026-04-13T06:53:25","slug":"seikonaut-black","status":"publish","type":"product","link":"https:\/\/timeworksmods.com\/fr\/produit\/seikonaut-black\/","title":{"rendered":"Seikonaut Noir"},"content":{"rendered":"<p data-start=\"179\" data-end=\"465\">Inspir\u00e9 des ic\u00f4nes contemporaines de l'horlogerie sportive de luxe, ce mod offre un design moderne, confortable et polyvalent. Une r\u00e9interpr\u00e9tation qui conserve l'essence des montres de sport, tout en int\u00e9grant des composants et mat\u00e9riaux de haute qualit\u00e9 pour un usage quotidien et exigeant.<\/p>\n<p data-start=\"467\" data-end=\"769\">\u00c9quiper <strong data-start=\"477\" data-end=\"553\">mouvement automatique japonais reconnu pour sa fiabilit\u00e9 et sa durabilit\u00e9<\/strong>. Il fonctionne \u00e0 21 600 alternances par heure (3 Hz), dispose d'un remontage automatique et manuel, d'une fonction d'arr\u00eat de seconde (hacking) pour un r\u00e9glage pr\u00e9cis, et offre une r\u00e9serve de marche d'environ 41 heures.<\/p>\n<p data-start=\"771\" data-end=\"1076\">Le bo\u00eetier est fabriqu\u00e9 en acier inoxydable 316L, r\u00e9sistant \u00e0 la corrosion et \u00e0 l'usure, et est compl\u00e9t\u00e9 par un verre saphir, garantissant une r\u00e9sistance \u00e9lev\u00e9e aux rayures et une excellente transparence. L'ensemble offre un \u00e9quilibre parfait entre design sportif, pr\u00e9cision m\u00e9canique et robustesse.<\/p>","protected":false},"excerpt":{"rendered":"<p>Inspir\u00e9 par les ic\u00f4nes contemporaines de l'horlogerie de sport de luxe, ce mod offre un design moderne, confortable et polyvalent. Une pi\u00e8ce qui capture l'essence des montres de sport classiques, r\u00e9interpr\u00e9t\u00e9e avec la pr\u00e9cision et la fiabilit\u00e9 d'un <strong data-start=\"395\" data-end=\"444\">mouvement automatique japonais de haute qualit\u00e9<\/strong>, et construite avec des mat\u00e9riaux actuels de premi\u00e8re cat\u00e9gorie.<\/p>","protected":false},"featured_media":871,"comment_status":"open","ping_status":"closed","template":"","meta":{"_acf_changed":false,"_joinchat":[]},"product_cat":[105],"product_tag":[],"class_list":{"0":"post-933","1":"product","2":"type-product","3":"status-publish","4":"has-post-thumbnail","6":"product_cat-seikonaut","8":"first","9":"instock","10":"sale","11":"taxable","12":"shipping-taxable","13":"purchasable","14":"product-type-simple","swatches":"rey-swatches","show_selected":""},"acf":[],"yoast_head":"<!-- This site is optimized with the Yoast SEO plugin v27.4 - https:\/\/yoast.com\/product\/yoast-seo-wordpress\/ -->\n<title>Seikonaut Black | Timeworks\u2122 | Seiko Mods<\/title>\n<meta name=\"description\" content=\"Inspirado en los iconos contempor\u00e1neos de la relojer\u00eda deportiva de lujo, este mod ofrece un dise\u00f1o moderno, c\u00f3modo y vers\u00e1til. Una pieza que captura la esencia de los relojes deportivos cl\u00e1sicos, reinterpretada con la precisi\u00f3n y fiabilidad de un movimiento autom\u00e1tico japon\u00e9s de alta calidad, y construida con materiales actuales de primera categor\u00eda.\" \/>\n<meta name=\"robots\" content=\"index, follow, max-snippet:-1, max-image-preview:large, max-video-preview:-1\" \/>\n<link rel=\"canonical\" href=\"https:\/\/timeworksmods.com\/fr\/produit\/seikonaut-black\/\" \/>\n<meta property=\"og:locale\" content=\"fr_FR\" \/>\n<meta property=\"og:type\" content=\"article\" \/>\n<meta property=\"og:title\" content=\"Seikonaut Black | Timeworks\u2122 | Seiko Mods\" \/>\n<meta property=\"og:description\" content=\"Inspirado en los iconos contempor\u00e1neos de la relojer\u00eda deportiva de lujo, este mod ofrece un dise\u00f1o moderno, c\u00f3modo y vers\u00e1til. Una pieza que captura la esencia de los relojes deportivos cl\u00e1sicos, reinterpretada con la precisi\u00f3n y fiabilidad de un movimiento autom\u00e1tico japon\u00e9s de alta calidad, y construida con materiales actuales de primera categor\u00eda.\" \/>\n<meta property=\"og:url\" content=\"https:\/\/timeworksmods.com\/fr\/produit\/seikonaut-black\/\" \/>\n<meta property=\"og:site_name\" content=\"Timeworks\u2122 | Seiko Mods\" \/>\n<meta property=\"article:publisher\" content=\"https:\/\/www.facebook.com\/timeworksmods\/\" \/>\n<meta property=\"article:modified_time\" content=\"2026-04-13T06:53:25+00:00\" \/>\n<meta property=\"og:image\" content=\"https:\/\/timeworksmods.com\/wp-content\/uploads\/2025\/12\/aeb3135b436aa55373822c010763dd54.jpg\" \/>\n\t<meta property=\"og:image:width\" content=\"1200\" \/>\n\t<meta property=\"og:image:height\" content=\"1200\" \/>\n\t<meta property=\"og:image:type\" content=\"image\/jpeg\" \/>\n<meta name=\"twitter:card\" content=\"summary_large_image\" \/>\n<meta name=\"twitter:label1\" content=\"Dur\u00e9e de lecture estim\u00e9e\" \/>\n\t<meta name=\"twitter:data1\" content=\"1 minute\" \/>\n<script type=\"application\/ld+json\" class=\"yoast-schema-graph\">{\"@context\":\"https:\\\/\\\/schema.org\",\"@graph\":[{\"@type\":\"WebPage\",\"@id\":\"https:\\\/\\\/timeworksmods.com\\\/producto\\\/seikonaut-black\\\/\",\"url\":\"https:\\\/\\\/timeworksmods.com\\\/producto\\\/seikonaut-black\\\/\",\"name\":\"Seikonaut Black | Timeworks\u2122 | Seiko Mods\",\"isPartOf\":{\"@id\":\"https:\\\/\\\/timeworksmods.com\\\/#website\"},\"primaryImageOfPage\":{\"@id\":\"https:\\\/\\\/timeworksmods.com\\\/producto\\\/seikonaut-black\\\/#primaryimage\"},\"image\":{\"@id\":\"https:\\\/\\\/timeworksmods.com\\\/producto\\\/seikonaut-black\\\/#primaryimage\"},\"thumbnailUrl\":\"https:\\\/\\\/timeworksmods.com\\\/wp-content\\\/uploads\\\/2025\\\/12\\\/aeb3135b436aa55373822c010763dd54.jpg\",\"datePublished\":\"2025-12-06T16:30:42+00:00\",\"dateModified\":\"2026-04-13T06:53:25+00:00\",\"description\":\"Inspirado en los iconos contempor\u00e1neos de la relojer\u00eda deportiva de lujo, este mod ofrece un dise\u00f1o moderno, c\u00f3modo y vers\u00e1til. Una pieza que captura la esencia de los relojes deportivos cl\u00e1sicos, reinterpretada con la precisi\u00f3n y fiabilidad de un movimiento autom\u00e1tico japon\u00e9s de alta calidad, y construida con materiales actuales de primera categor\u00eda.\",\"breadcrumb\":{\"@id\":\"https:\\\/\\\/timeworksmods.com\\\/producto\\\/seikonaut-black\\\/#breadcrumb\"},\"inLanguage\":\"fr-FR\",\"potentialAction\":[{\"@type\":\"ReadAction\",\"target\":[\"https:\\\/\\\/timeworksmods.com\\\/producto\\\/seikonaut-black\\\/\"]}]},{\"@type\":\"ImageObject\",\"inLanguage\":\"fr-FR\",\"@id\":\"https:\\\/\\\/timeworksmods.com\\\/producto\\\/seikonaut-black\\\/#primaryimage\",\"url\":\"https:\\\/\\\/timeworksmods.com\\\/wp-content\\\/uploads\\\/2025\\\/12\\\/aeb3135b436aa55373822c010763dd54.jpg\",\"contentUrl\":\"https:\\\/\\\/timeworksmods.com\\\/wp-content\\\/uploads\\\/2025\\\/12\\\/aeb3135b436aa55373822c010763dd54.jpg\",\"width\":1200,\"height\":1200},{\"@type\":\"BreadcrumbList\",\"@id\":\"https:\\\/\\\/timeworksmods.com\\\/producto\\\/seikonaut-black\\\/#breadcrumb\",\"itemListElement\":[{\"@type\":\"ListItem\",\"position\":1,\"name\":\"Portada\",\"item\":\"https:\\\/\\\/timeworksmods.com\\\/\"},{\"@type\":\"ListItem\",\"position\":2,\"name\":\"Tienda\",\"item\":\"https:\\\/\\\/timeworksmods.com\\\/tienda\\\/\"},{\"@type\":\"ListItem\",\"position\":3,\"name\":\"Seikonaut Black\"}]},{\"@type\":\"WebSite\",\"@id\":\"https:\\\/\\\/timeworksmods.com\\\/#website\",\"url\":\"https:\\\/\\\/timeworksmods.com\\\/\",\"name\":\"Timeworks\u2122 | Seiko Mods\",\"description\":\"Tu Tienda de Seiko Mods Personalizados\",\"publisher\":{\"@id\":\"https:\\\/\\\/timeworksmods.com\\\/#organization\"},\"alternateName\":\"Timeworks\u2122 | Seiko Mods\",\"potentialAction\":[{\"@type\":\"SearchAction\",\"target\":{\"@type\":\"EntryPoint\",\"urlTemplate\":\"https:\\\/\\\/timeworksmods.com\\\/?s={search_term_string}\"},\"query-input\":{\"@type\":\"PropertyValueSpecification\",\"valueRequired\":true,\"valueName\":\"search_term_string\"}}],\"inLanguage\":\"fr-FR\"},{\"@type\":\"Organization\",\"@id\":\"https:\\\/\\\/timeworksmods.com\\\/#organization\",\"name\":\"Timeworks\u2122 | Seiko Mods\",\"alternateName\":\"Timeworks\u2122 | Custom Seiko Mods\",\"url\":\"https:\\\/\\\/timeworksmods.com\\\/\",\"logo\":{\"@type\":\"ImageObject\",\"inLanguage\":\"fr-FR\",\"@id\":\"https:\\\/\\\/timeworksmods.com\\\/#\\\/schema\\\/logo\\\/image\\\/\",\"url\":\"https:\\\/\\\/timeworksmods.com\\\/wp-content\\\/uploads\\\/2025\\\/12\\\/148510031349642de5ca0c544f31b2ef.png\",\"contentUrl\":\"https:\\\/\\\/timeworksmods.com\\\/wp-content\\\/uploads\\\/2025\\\/12\\\/148510031349642de5ca0c544f31b2ef.png\",\"width\":512,\"height\":512,\"caption\":\"Timeworks\u2122 | Seiko Mods\"},\"image\":{\"@id\":\"https:\\\/\\\/timeworksmods.com\\\/#\\\/schema\\\/logo\\\/image\\\/\"},\"sameAs\":[\"https:\\\/\\\/www.facebook.com\\\/timeworksmods\\\/\",\"https:\\\/\\\/www.instagram.com\\\/timeworksmods\\\/\",\"https:\\\/\\\/www.tiktok.com\\\/@timeworksmods\"]}]}<\/script>\n<!-- \/ Yoast SEO plugin. -->","yoast_head_json":{"title":"Seikonaut Noir | Timeworks\u2122 | Mods Seiko","description":"Inspir\u00e9 par les ic\u00f4nes contemporaines de l'horlogerie de sport de luxe, ce mod offre un design moderne, confortable et polyvalent. Une pi\u00e8ce qui capture l'essence des montres de sport classiques, r\u00e9interpr\u00e9t\u00e9e avec la pr\u00e9cision et la fiabilit\u00e9 d'un mouvement automatique japonais de haute qualit\u00e9, et construite avec des mat\u00e9riaux actuels de premi\u00e8re cat\u00e9gorie.","robots":{"index":"index","follow":"follow","max-snippet":"max-snippet:-1","max-image-preview":"max-image-preview:large","max-video-preview":"max-video-preview:-1"},"canonical":"https:\/\/timeworksmods.com\/fr\/produit\/seikonaut-black\/","og_locale":"fr_FR","og_type":"article","og_title":"Seikonaut Black | Timeworks\u2122 | Seiko Mods","og_description":"Inspirado en los iconos contempor\u00e1neos de la relojer\u00eda deportiva de lujo, este mod ofrece un dise\u00f1o moderno, c\u00f3modo y vers\u00e1til. Una pieza que captura la esencia de los relojes deportivos cl\u00e1sicos, reinterpretada con la precisi\u00f3n y fiabilidad de un movimiento autom\u00e1tico japon\u00e9s de alta calidad, y construida con materiales actuales de primera categor\u00eda.","og_url":"https:\/\/timeworksmods.com\/fr\/produit\/seikonaut-black\/","og_site_name":"Timeworks\u2122 | Seiko Mods","article_publisher":"https:\/\/www.facebook.com\/timeworksmods\/","article_modified_time":"2026-04-13T06:53:25+00:00","og_image":[{"width":1200,"height":1200,"url":"https:\/\/timeworksmods.com\/wp-content\/uploads\/2025\/12\/aeb3135b436aa55373822c010763dd54.jpg","type":"image\/jpeg"}],"twitter_card":"summary_large_image","twitter_misc":{"Dur\u00e9e de lecture estim\u00e9e":"1 minute"},"schema":{"@context":"https:\/\/schema.org","@graph":[{"@type":"WebPage","@id":"https:\/\/timeworksmods.com\/producto\/seikonaut-black\/","url":"https:\/\/timeworksmods.com\/producto\/seikonaut-black\/","name":"Seikonaut Noir | Timeworks\u2122 | Mods Seiko","isPartOf":{"@id":"https:\/\/timeworksmods.com\/#website"},"primaryImageOfPage":{"@id":"https:\/\/timeworksmods.com\/producto\/seikonaut-black\/#primaryimage"},"image":{"@id":"https:\/\/timeworksmods.com\/producto\/seikonaut-black\/#primaryimage"},"thumbnailUrl":"https:\/\/timeworksmods.com\/wp-content\/uploads\/2025\/12\/aeb3135b436aa55373822c010763dd54.jpg","datePublished":"2025-12-06T16:30:42+00:00","dateModified":"2026-04-13T06:53:25+00:00","description":"Inspir\u00e9 par les ic\u00f4nes contemporaines de l'horlogerie de sport de luxe, ce mod offre un design moderne, confortable et polyvalent. Une pi\u00e8ce qui capture l'essence des montres de sport classiques, r\u00e9interpr\u00e9t\u00e9e avec la pr\u00e9cision et la fiabilit\u00e9 d'un mouvement automatique japonais de haute qualit\u00e9, et construite avec des mat\u00e9riaux actuels de premi\u00e8re cat\u00e9gorie.","breadcrumb":{"@id":"https:\/\/timeworksmods.com\/producto\/seikonaut-black\/#breadcrumb"},"inLanguage":"fr-FR","potentialAction":[{"@type":"ReadAction","target":["https:\/\/timeworksmods.com\/producto\/seikonaut-black\/"]}]},{"@type":"ImageObject","inLanguage":"fr-FR","@id":"https:\/\/timeworksmods.com\/producto\/seikonaut-black\/#primaryimage","url":"https:\/\/timeworksmods.com\/wp-content\/uploads\/2025\/12\/aeb3135b436aa55373822c010763dd54.jpg","contentUrl":"https:\/\/timeworksmods.com\/wp-content\/uploads\/2025\/12\/aeb3135b436aa55373822c010763dd54.jpg","width":1200,"height":1200},{"@type":"BreadcrumbList","@id":"https:\/\/timeworksmods.com\/producto\/seikonaut-black\/#breadcrumb","itemListElement":[{"@type":"ListItem","position":1,"name":"Portada","item":"https:\/\/timeworksmods.com\/"},{"@type":"ListItem","position":2,"name":"Tienda","item":"https:\/\/timeworksmods.com\/tienda\/"},{"@type":"ListItem","position":3,"name":"Seikonaut Black"}]},{"@type":"WebSite","@id":"https:\/\/timeworksmods.com\/#website","url":"https:\/\/timeworksmods.com\/","name":"Timeworks\u2122 | Mods Seiko","description":"Votre boutique de modifications Seiko personnalis\u00e9es","publisher":{"@id":"https:\/\/timeworksmods.com\/#organization"},"alternateName":"Timeworks\u2122 | Seiko Mods","potentialAction":[{"@type":"SearchAction","target":{"@type":"EntryPoint","urlTemplate":"https:\/\/timeworksmods.com\/?s={search_term_string}"},"query-input":{"@type":"PropertyValueSpecification","valueRequired":true,"valueName":"search_term_string"}}],"inLanguage":"fr-FR"},{"@type":"Organization","@id":"https:\/\/timeworksmods.com\/#organization","name":"Timeworks\u2122 | Mods Seiko","alternateName":"Timeworks\u2122 | Custom Seiko Mods","url":"https:\/\/timeworksmods.com\/","logo":{"@type":"ImageObject","inLanguage":"fr-FR","@id":"https:\/\/timeworksmods.com\/#\/schema\/logo\/image\/","url":"https:\/\/timeworksmods.com\/wp-content\/uploads\/2025\/12\/148510031349642de5ca0c544f31b2ef.png","contentUrl":"https:\/\/timeworksmods.com\/wp-content\/uploads\/2025\/12\/148510031349642de5ca0c544f31b2ef.png","width":512,"height":512,"caption":"Timeworks\u2122 | Seiko Mods"},"image":{"@id":"https:\/\/timeworksmods.com\/#\/schema\/logo\/image\/"},"sameAs":["https:\/\/www.facebook.com\/timeworksmods\/","https:\/\/www.instagram.com\/timeworksmods\/","https:\/\/www.tiktok.com\/@timeworksmods"]}]}},"_links":{"self":[{"href":"https:\/\/timeworksmods.com\/fr\/wp-json\/wp\/v2\/product\/933","targetHints":{"allow":["GET"]}}],"collection":[{"href":"https:\/\/timeworksmods.com\/fr\/wp-json\/wp\/v2\/product"}],"about":[{"href":"https:\/\/timeworksmods.com\/fr\/wp-json\/wp\/v2\/types\/product"}],"replies":[{"embeddable":true,"href":"https:\/\/timeworksmods.com\/fr\/wp-json\/wp\/v2\/comments?post=933"}],"wp:featuredmedia":[{"embeddable":true,"href":"https:\/\/timeworksmods.com\/fr\/wp-json\/wp\/v2\/media\/871"}],"wp:attachment":[{"href":"https:\/\/timeworksmods.com\/fr\/wp-json\/wp\/v2\/media?parent=933"}],"wp:term":[{"taxonomy":"product_cat","embeddable":true,"href":"https:\/\/timeworksmods.com\/fr\/wp-json\/wp\/v2\/product_cat?post=933"},{"taxonomy":"product_tag","embeddable":true,"href":"https:\/\/timeworksmods.com\/fr\/wp-json\/wp\/v2\/product_tag?post=933"}],"curies":[{"name":"wp","href":"https:\/\/api.w.org\/{rel}","templated":true}]}}