{"id":179,"date":"2025-12-01T14:50:22","date_gmt":"2025-12-01T14:50:22","guid":{"rendered":"https:\/\/timeworksmods.com\/terms-conditions\/"},"modified":"2026-04-10T10:07:05","modified_gmt":"2026-04-10T08:07:05","slug":"terminos-condiciones","status":"publish","type":"page","link":"https:\/\/timeworksmods.com\/it\/terminos-condiciones\/","title":{"rendered":"T\u00e9rminos y condiciones"},"content":{"rendered":"<div data-elementor-type=\"wp-page\" data-elementor-id=\"179\" class=\"elementor elementor-179\" data-elementor-post-type=\"page\">\n\t\t\t\t<div class=\"e-con-top elementor-element elementor-element-7209719a e-flex e-con-boxed e-con e-parent\" data-id=\"7209719a\" data-element_type=\"container\" data-e-type=\"container\">\n\t\t\t\t\t<div class=\"e-con-inner\">\n\t\t<div class=\"elementor-element elementor-element-ff44d55 e-con-full e-flex e-con e-child\" data-id=\"ff44d55\" data-element_type=\"container\" data-e-type=\"container\">\n\t\t\t\t<\/div>\n\t\t\t\t\t<\/div>\n\t\t\t\t<\/div>\n\t\t<div class=\"e-con-top elementor-element elementor-element-19ad693 e-flex e-con-boxed e-con e-parent\" data-id=\"19ad693\" data-element_type=\"container\" data-e-type=\"container\">\n\t\t\t\t\t<div class=\"e-con-inner\">\n\t\t\t\t<div class=\"elementor-element elementor-element-a3500e9 elementor-widget elementor-widget-text-editor\" data-id=\"a3500e9\" data-element_type=\"widget\" data-e-type=\"widget\" data-widget_type=\"text-editor.default\">\n\t\t\t\t\t\t\t\t\t<h4 class=\"wp-block-heading\">Informazioni che raccogliamo<\/h4><p>Quando visiti il nostro sito o effettui un acquisto, possiamo raccogliere i seguenti dati:<\/p><ul><li>Informazioni sull'utilizzo del sito (cookie, indirizzo IP, browser, ecc.)<\/li><li>Nome completo<\/li><li>Indirizzo di spedizione e fatturazione<\/li><li>Indirizzo email<\/li><li>Numero di telefono<\/li><li>Informazioni di pagamento (tramite gateway sicuri, non memorizziamo dati bancari)<\/li><\/ul><h2 class=\"wp-block-heading\">\u00a0<\/h2><h4 class=\"wp-block-heading\">Utilizzo delle informazioni<\/h4><p>Utilizziamo le informazioni raccolte per:<\/p><ul><li>Adempiere ai requisiti legali e fiscali<\/li><li>Elaborare e inviare i tuoi ordini<\/li><li>Offrire supporto e assistenza clienti<\/li><li>Personalizza la tua esperienza sul nostro sito<\/li><li>Inviare aggiornamenti su ordini, promozioni o offerte (solo se hai acconsentito)<\/li><\/ul><h2 class=\"wp-block-heading\">\u00a0<\/h2><h4 class=\"wp-block-heading\">Condividere le tue informazioni<\/h4><p>Timworks Mods <strong>NO<\/strong>\u00a0Non veniamo n\u00e9 affittiamo le tue informazioni personali a terzi. Tuttavia, possiamo condividere determinati dati con:<\/p><ul><li>Autorit\u00e0 legali se richiesto dalla legge<\/li><li>Fornitori di servizi di pagamento (come PayPal, Stripe, ecc.)<\/li><li>Aziende di corriere per l'invio dei tuoi ordini<\/li><li>Piattaforme di analisi dati e marketing, al solo scopo di miglioramento del servizio<\/li><\/ul><h2 class=\"wp-block-heading\">\u00a0<\/h2><h4 class=\"wp-block-heading\">Sicurezza dei tuoi dati<\/h4><p>Adottiamo misure ragionevoli per proteggere le tue informazioni personali da perdite, accessi non autorizzati, alterazioni o divulgazioni. Utilizziamo protocolli di sicurezza come la crittografia SSL e l'accesso ristretto ai nostri sistemi.<\/p><h2 class=\"wp-block-heading\">\u00a0<\/h2><h4 class=\"wp-block-heading\">Biscotti<\/h4><p>Il nostro sito utilizza cookie per migliorare la tua esperienza di navigazione. Puoi scegliere di disattivarli dalle impostazioni del tuo browser, anche se ci\u00f2 potrebbe influire su alcune funzionalit\u00e0 del sito.<\/p><h2 class=\"wp-block-heading\">\u00a0<\/h2><h4 class=\"wp-block-heading\">I tuoi diritti<\/h4><p data-start=\"2241\" data-end=\"2293\">A seconda della tua posizione, potresti avere diritto a:<\/p><ul data-start=\"2295\" data-end=\"2478\"><li data-start=\"2295\" data-end=\"2348\"><p data-start=\"2297\" data-end=\"2348\">Accedere ai dati personali che abbiamo su di te<\/p><\/li><li data-start=\"2349\" data-end=\"2385\"><p data-start=\"2351\" data-end=\"2385\">Correggere errori nelle tue informazioni<\/p><\/li><li data-start=\"2386\" data-end=\"2425\"><p data-start=\"2388\" data-end=\"2425\">Richiedi la cancellazione dei tuoi dati<\/p><\/li><li data-start=\"2426\" data-end=\"2478\"><p data-start=\"2428\" data-end=\"2478\">Revocare il tuo consenso all'uso dei tuoi dati<\/p><\/li><\/ul><p data-start=\"2480\" data-end=\"2572\">Per esercitare uno qualsiasi di questi diritti, puoi scriverci a:\u00a0<a href=\"mailto:info@timeworksmods.com\"><strong>info@timeworksmods.com<\/strong><\/a><\/p><h2 class=\"wp-block-heading\">\u00a0<\/h2><h4 class=\"wp-block-heading\">Modifiche a questa politica<\/h4><p>Potremmo aggiornare questa Informativa sulla privacy di tanto in tanto. Ti informeremo di eventuali modifiche sostanziali tramite il sito web o via email.<\/p><p><!-- \/wp:paragraph --><\/p>\t\t\t\t\t\t\t\t<\/div>\n\t\t\t\t\t<\/div>\n\t\t\t\t<\/div>\n\t\t\t\t<\/div>","protected":false},"excerpt":{"rendered":"<p>Informaci\u00f3n que recopilamos Cuando visitas nuestro sitio o realizas una compra, podemos recopilar los siguientes datos: Informaci\u00f3n de uso del sitio (cookies, direcci\u00f3n IP, navegador, etc.) Nombre completo Direcci\u00f3n de env\u00edo y facturaci\u00f3n Direcci\u00f3n de correo electr\u00f3nico N\u00famero de tel\u00e9fono Informaci\u00f3n de pago (a trav\u00e9s de pasarelas seguras, no almacenamos datos bancarios) \u00a0 Uso de [&hellip;]<\/p>\n","protected":false},"author":1,"featured_media":0,"parent":0,"menu_order":0,"comment_status":"closed","ping_status":"closed","template":"template-builder.php","meta":{"_acf_changed":false,"_joinchat":[],"footnotes":""},"class_list":["post-179","page","type-page","status-publish","hentry"],"acf":[],"yoast_head":"<!-- This site is optimized with the Yoast SEO plugin v27.4 - https:\/\/yoast.com\/product\/yoast-seo-wordpress\/ -->\n<title>T\u00e9rminos y condiciones | Timeworks\u2122 | Seiko Mods<\/title>\n<meta name=\"description\" content=\"Consulta los T\u00e9rminos y Condiciones de Timeworks Mods. Informaci\u00f3n sobre el uso de nuestra tienda, compras, responsabilidades y derechos de los clientes.\" \/>\n<meta name=\"robots\" content=\"noindex, nofollow\" \/>\n<meta property=\"og:locale\" content=\"it_IT\" \/>\n<meta property=\"og:type\" content=\"article\" \/>\n<meta property=\"og:title\" content=\"T\u00e9rminos y condiciones | Timeworks\u2122 | Seiko Mods\" \/>\n<meta property=\"og:description\" content=\"Consulta los T\u00e9rminos y Condiciones de Timeworks Mods. Informaci\u00f3n sobre el uso de nuestra tienda, compras, responsabilidades y derechos de los clientes.\" \/>\n<meta property=\"og:url\" content=\"https:\/\/timeworksmods.com\/it\/terminos-condiciones\/\" \/>\n<meta property=\"og:site_name\" content=\"Timeworks\u2122 | Seiko Mods\" \/>\n<meta property=\"article:modified_time\" content=\"2026-04-10T08:07:05+00:00\" \/>\n<meta property=\"og:image\" content=\"https:\/\/timeworksmods.com\/wp-content\/uploads\/2025\/12\/ad972f10e0800b49d76fed33a21f6698.png\" \/>\n\t<meta property=\"og:image:width\" content=\"1500\" \/>\n\t<meta property=\"og:image:height\" content=\"200\" \/>\n\t<meta property=\"og:image:type\" content=\"image\/png\" \/>\n<meta name=\"twitter:card\" content=\"summary_large_image\" \/>\n<meta name=\"twitter:label1\" content=\"Est. reading time\" \/>\n\t<meta name=\"twitter:data1\" content=\"2 minuti\" \/>\n<script type=\"application\/ld+json\" class=\"yoast-schema-graph\">{\"@context\":\"https:\\\/\\\/schema.org\",\"@graph\":[{\"@type\":\"WebPage\",\"@id\":\"https:\\\/\\\/timeworksmods.com\\\/terminos-condiciones\\\/\",\"url\":\"https:\\\/\\\/timeworksmods.com\\\/terminos-condiciones\\\/\",\"name\":\"T\u00e9rminos y condiciones | Timeworks\u2122 | Seiko Mods\",\"isPartOf\":{\"@id\":\"https:\\\/\\\/timeworksmods.com\\\/#website\"},\"datePublished\":\"2025-12-01T14:50:22+00:00\",\"dateModified\":\"2026-04-10T08:07:05+00:00\",\"description\":\"Consulta los T\u00e9rminos y Condiciones de Timeworks Mods. Informaci\u00f3n sobre el uso de nuestra tienda, compras, responsabilidades y derechos de los clientes.\",\"breadcrumb\":{\"@id\":\"https:\\\/\\\/timeworksmods.com\\\/terminos-condiciones\\\/#breadcrumb\"},\"inLanguage\":\"it-IT\",\"potentialAction\":[{\"@type\":\"ReadAction\",\"target\":[\"https:\\\/\\\/timeworksmods.com\\\/terminos-condiciones\\\/\"]}]},{\"@type\":\"BreadcrumbList\",\"@id\":\"https:\\\/\\\/timeworksmods.com\\\/terminos-condiciones\\\/#breadcrumb\",\"itemListElement\":[{\"@type\":\"ListItem\",\"position\":1,\"name\":\"Portada\",\"item\":\"https:\\\/\\\/timeworksmods.com\\\/\"},{\"@type\":\"ListItem\",\"position\":2,\"name\":\"T\u00e9rminos y condiciones\"}]},{\"@type\":\"WebSite\",\"@id\":\"https:\\\/\\\/timeworksmods.com\\\/#website\",\"url\":\"https:\\\/\\\/timeworksmods.com\\\/\",\"name\":\"Timeworks\u2122 | Seiko Mods\",\"description\":\"Tu Tienda de Seiko Mods Personalizados\",\"publisher\":{\"@id\":\"https:\\\/\\\/timeworksmods.com\\\/#organization\"},\"alternateName\":\"Timeworks\u2122 | Seiko Mods\",\"potentialAction\":[{\"@type\":\"SearchAction\",\"target\":{\"@type\":\"EntryPoint\",\"urlTemplate\":\"https:\\\/\\\/timeworksmods.com\\\/?s={search_term_string}\"},\"query-input\":{\"@type\":\"PropertyValueSpecification\",\"valueRequired\":true,\"valueName\":\"search_term_string\"}}],\"inLanguage\":\"it-IT\"},{\"@type\":\"Organization\",\"@id\":\"https:\\\/\\\/timeworksmods.com\\\/#organization\",\"name\":\"Timeworks\u2122 | Seiko Mods\",\"alternateName\":\"Timeworks\u2122 | Seiko Mods\",\"url\":\"https:\\\/\\\/timeworksmods.com\\\/\",\"logo\":{\"@type\":\"ImageObject\",\"inLanguage\":\"it-IT\",\"@id\":\"https:\\\/\\\/timeworksmods.com\\\/#\\\/schema\\\/logo\\\/image\\\/\",\"url\":\"https:\\\/\\\/timeworksmods.com\\\/wp-content\\\/uploads\\\/2025\\\/12\\\/ad972f10e0800b49d76fed33a21f6698.png\",\"contentUrl\":\"https:\\\/\\\/timeworksmods.com\\\/wp-content\\\/uploads\\\/2025\\\/12\\\/ad972f10e0800b49d76fed33a21f6698.png\",\"width\":1500,\"height\":200,\"caption\":\"Timeworks\u2122 | Seiko Mods\"},\"image\":{\"@id\":\"https:\\\/\\\/timeworksmods.com\\\/#\\\/schema\\\/logo\\\/image\\\/\"}}]}<\/script>\n<!-- \/ Yoast SEO plugin. -->","yoast_head_json":{"title":"T\u00e9rminos y condiciones | Timeworks\u2122 | Seiko Mods","description":"Consulta i Termini e Condizioni di Timeworks Mods. Informazioni sull'utilizzo del nostro negozio, sugli acquisti, sulle responsabilit\u00e0 e sui diritti dei clienti.","robots":{"index":"noindex","follow":"nofollow"},"og_locale":"it_IT","og_type":"article","og_title":"T\u00e9rminos y condiciones | Timeworks\u2122 | Seiko Mods","og_description":"Consulta los T\u00e9rminos y Condiciones de Timeworks Mods. Informaci\u00f3n sobre el uso de nuestra tienda, compras, responsabilidades y derechos de los clientes.","og_url":"https:\/\/timeworksmods.com\/it\/terminos-condiciones\/","og_site_name":"Timeworks\u2122 | Seiko Mods","article_modified_time":"2026-04-10T08:07:05+00:00","og_image":[{"width":1500,"height":200,"url":"https:\/\/timeworksmods.com\/wp-content\/uploads\/2025\/12\/ad972f10e0800b49d76fed33a21f6698.png","type":"image\/png"}],"twitter_card":"summary_large_image","twitter_misc":{"Est. reading time":"2 minuti"},"schema":{"@context":"https:\/\/schema.org","@graph":[{"@type":"WebPage","@id":"https:\/\/timeworksmods.com\/terminos-condiciones\/","url":"https:\/\/timeworksmods.com\/terminos-condiciones\/","name":"T\u00e9rminos y condiciones | Timeworks\u2122 | Seiko Mods","isPartOf":{"@id":"https:\/\/timeworksmods.com\/#website"},"datePublished":"2025-12-01T14:50:22+00:00","dateModified":"2026-04-10T08:07:05+00:00","description":"Consulta i Termini e Condizioni di Timeworks Mods. Informazioni sull'utilizzo del nostro negozio, sugli acquisti, sulle responsabilit\u00e0 e sui diritti dei clienti.","breadcrumb":{"@id":"https:\/\/timeworksmods.com\/terminos-condiciones\/#breadcrumb"},"inLanguage":"it-IT","potentialAction":[{"@type":"ReadAction","target":["https:\/\/timeworksmods.com\/terminos-condiciones\/"]}]},{"@type":"BreadcrumbList","@id":"https:\/\/timeworksmods.com\/terminos-condiciones\/#breadcrumb","itemListElement":[{"@type":"ListItem","position":1,"name":"Portada","item":"https:\/\/timeworksmods.com\/"},{"@type":"ListItem","position":2,"name":"T\u00e9rminos y condiciones"}]},{"@type":"WebSite","@id":"https:\/\/timeworksmods.com\/#website","url":"https:\/\/timeworksmods.com\/","name":"Timeworks\u2122 | Modifiche Seiko","description":"La Tua Bottega di Modifiche Seiko Personalizzate","publisher":{"@id":"https:\/\/timeworksmods.com\/#organization"},"alternateName":"Timeworks\u2122 | Seiko Mods","potentialAction":[{"@type":"SearchAction","target":{"@type":"EntryPoint","urlTemplate":"https:\/\/timeworksmods.com\/?s={search_term_string}"},"query-input":{"@type":"PropertyValueSpecification","valueRequired":true,"valueName":"search_term_string"}}],"inLanguage":"it-IT"},{"@type":"Organization","@id":"https:\/\/timeworksmods.com\/#organization","name":"Timeworks\u2122 | Modifiche Seiko","alternateName":"Timeworks\u2122 | Seiko Mods","url":"https:\/\/timeworksmods.com\/","logo":{"@type":"ImageObject","inLanguage":"it-IT","@id":"https:\/\/timeworksmods.com\/#\/schema\/logo\/image\/","url":"https:\/\/timeworksmods.com\/wp-content\/uploads\/2025\/12\/ad972f10e0800b49d76fed33a21f6698.png","contentUrl":"https:\/\/timeworksmods.com\/wp-content\/uploads\/2025\/12\/ad972f10e0800b49d76fed33a21f6698.png","width":1500,"height":200,"caption":"Timeworks\u2122 | Seiko Mods"},"image":{"@id":"https:\/\/timeworksmods.com\/#\/schema\/logo\/image\/"}}]}},"_links":{"self":[{"href":"https:\/\/timeworksmods.com\/it\/wp-json\/wp\/v2\/pages\/179","targetHints":{"allow":["GET"]}}],"collection":[{"href":"https:\/\/timeworksmods.com\/it\/wp-json\/wp\/v2\/pages"}],"about":[{"href":"https:\/\/timeworksmods.com\/it\/wp-json\/wp\/v2\/types\/page"}],"author":[{"embeddable":true,"href":"https:\/\/timeworksmods.com\/it\/wp-json\/wp\/v2\/users\/1"}],"replies":[{"embeddable":true,"href":"https:\/\/timeworksmods.com\/it\/wp-json\/wp\/v2\/comments?post=179"}],"version-history":[{"count":8,"href":"https:\/\/timeworksmods.com\/it\/wp-json\/wp\/v2\/pages\/179\/revisions"}],"predecessor-version":[{"id":4615,"href":"https:\/\/timeworksmods.com\/it\/wp-json\/wp\/v2\/pages\/179\/revisions\/4615"}],"wp:attachment":[{"href":"https:\/\/timeworksmods.com\/it\/wp-json\/wp\/v2\/media?parent=179"}],"curies":[{"name":"wp","href":"https:\/\/api.w.org\/{rel}","templated":true}]}}