{"id":180,"date":"2025-12-01T21:39:29","date_gmt":"2025-12-01T21:39:29","guid":{"rendered":"https:\/\/timeworksmods.com\/privacy-policy-2\/"},"modified":"2026-04-15T21:19:37","modified_gmt":"2026-04-15T19:19:37","slug":"preguntas-frecuentes","status":"publish","type":"page","link":"https:\/\/timeworksmods.com\/it\/preguntas-frecuentes\/","title":{"rendered":"Preguntas Frecuentes"},"content":{"rendered":"<div data-elementor-type=\"wp-page\" data-elementor-id=\"180\" class=\"elementor elementor-180\" data-elementor-post-type=\"page\">\n\t\t\t\t<div class=\"e-con-top elementor-element elementor-element-5cb0dd7f e-flex e-con-boxed e-con e-parent\" data-id=\"5cb0dd7f\" data-element_type=\"container\" data-e-type=\"container\">\n\t\t\t\t\t<div class=\"e-con-inner\">\n\t\t<div class=\"elementor-element elementor-element-4bed2c40 e-con-full e-flex e-con e-child\" data-id=\"4bed2c40\" data-element_type=\"container\" data-e-type=\"container\">\n\t\t\t\t<\/div>\n\t\t\t\t\t<\/div>\n\t\t\t\t<\/div>\n\t\t<div class=\"e-con-top elementor-element elementor-element-2862ca95 e-flex e-con-boxed e-con e-parent\" data-id=\"2862ca95\" data-element_type=\"container\" data-e-type=\"container\">\n\t\t\t\t\t<div class=\"e-con-inner\">\n\t\t\t\t<div class=\"elementor-element elementor-element-80a0dde elementor-widget elementor-widget-text-editor\" data-id=\"80a0dde\" data-element_type=\"widget\" data-e-type=\"widget\" data-widget_type=\"text-editor.default\">\n\t\t\t\t\t\t\t\t\t<div class=\"heading-primary-wrap\"><p>Nuestro equipo sabe que cada reloj mod es una pieza especial. Tanto si empiezas en el mundo de los Seiko mods como si eres coleccionista, aqu\u00ed respondemos a las preguntas m\u00e1s comunes sobre nuestras construcciones<strong> a medida<\/strong>, <strong>procesos de modificaci\u00f3n<\/strong>, <strong>tempi di spedizione<\/strong>,<strong>compatibilidad de piezas<\/strong>, <strong>garant\u00edas y m\u00e1s<\/strong>.<\/p><p>Nuestra misi\u00f3n es darte confianza y apoyo en cada paso del proceso de compra. Si no puedes encontrar el dise\u00f1o<strong> a medida <\/strong>y buscas algo espec\u00edfico, no dudes en contactarnos. Estamos aqu\u00ed para ayudarte a construirlo y dar con el <strong>reloj personalizado <\/strong>perfecto para ti.<\/p><\/div><p><!-- \/wp:paragraph --><\/p>\t\t\t\t\t\t\t\t<\/div>\n\t\t\t\t<div class=\"elementor-element elementor-element-c403f9d elementor-widget elementor-widget-spacer\" data-id=\"c403f9d\" data-element_type=\"widget\" data-e-type=\"widget\" data-widget_type=\"spacer.default\">\n\t\t\t\t\t\t\t<div class=\"elementor-spacer\">\n\t\t\t<div class=\"elementor-spacer-inner\"><\/div>\n\t\t<\/div>\n\t\t\t\t\t\t<\/div>\n\t\t\t\t\t<\/div>\n\t\t\t\t<\/div>\n\t\t<div class=\"e-con-top elementor-element elementor-element-d64948e e-flex e-con-boxed e-con e-parent\" data-id=\"d64948e\" data-element_type=\"container\" data-e-type=\"container\">\n\t\t\t\t\t<div class=\"e-con-inner\">\n\t\t\t\t<div class=\"elementor-element elementor-element-b67594a elementor-widget elementor-widget-ucaddon_content_accordion\" data-id=\"b67594a\" data-element_type=\"widget\" data-e-type=\"widget\" data-widget_type=\"ucaddon_content_accordion.default\">\n\t\t\t\t<div class=\"elementor-widget-container\">\n\t\t\t\t\t\n<!-- start Content Accordion -->\n\t\t<link id='font-awesome-css' href='https:\/\/timeworksmods.com\/wp-content\/plugins\/unlimited-elements-for-elementor-premium\/assets_libraries\/font-awesome6\/fontawesome-all.min.css' type='text\/css' rel='stylesheet' >\n\t\t<link id='font-awesome-4-shim-css' href='https:\/\/timeworksmods.com\/wp-content\/plugins\/unlimited-elements-for-elementor-premium\/assets_libraries\/font-awesome6\/fontawesome-v4-shims.min.css' type='text\/css' rel='stylesheet' >\n\n<style>\/* widget: Content Accordion *\/\n\n\n\n#uc_content_accordion_elementor_b67594a *{\n  box-sizing: border-box;\n}\n\n#uc_content_accordion_elementor_b67594a .ue_heading_title{\n  margin:0;\n  flex-grow:1;\n  display:flex;\n  flex-direction:row;\n}\n\n#uc_content_accordion_elementor_b67594a .uc_container .uc-heading{\n\tdisplay:flex;\n    align-items:center;\n\toverflow:hidden;\n\tcursor:pointer;  \n}\n\n#uc_content_accordion_elementor_b67594a .uc_container .uc_content{\n    display:none;\n}\n\n#uc_content_accordion_elementor_b67594a .uc_container .uc-heading span.ue_accordion_icon{\n\tdisplay:flex;\n    align-items:center;\n   \tjustify-content:center;\n    flex-grow:0;\n    flex-shrink:0;\n}\n\n#uc_content_accordion_elementor_b67594a .uc_ac_box.uc-item-active span.uc_dactive{\n\tdisplay:none;\n}\n\n#uc_content_accordion_elementor_b67594a .uc_ac_box:not(.uc-item-active) span.uc_active{\n\tdisplay:none;\n}\n\n#uc_content_accordion_elementor_b67594a span.ue_accordion_icon svg{\n  height:1em;\n  width:1em;\n}\n\n#uc_content_accordion_elementor_b67594a .uc_container .uc_btn {\n    text-align: center;\n    display: inline-block;\n    text-decoration: none;\n    transition: ease-in-out all 0.25s;\n}\n\n#uc_content_accordion_elementor_b67594a .ue-item-image img{\n  width:100%;\n  display:block;\n  object-fit:cover;\n}\n\n<\/style>\n\n<div class=\"uc_material_accordion\"  id=\"uc_content_accordion_elementor_b67594a\"  data-name=\"\" data-scroll=\"off\" data-offset=\"0\" data-closeothers=\"true\" data-set-hash=\"false\" data-transition-duration=\"400\" >\n  <div class=\"uc_container uc-items-wrapper\">\n    \n\n\t\t\n\n\n<div id=\"#ue-tab1\" class=\"uc_ac_box elementor-repeater-item-eac5f2e uc-item-active\" style=\"background-color:;\">\n  <a href=\"javascript:void(0)\" class=\"uc-heading uc_trigger\" role=\"button\">\n    <span class=\"uc_dactive bbb ue_accordion_icon\"><i class='fas fa-plus'><\/i><\/span> \n    <span class=\"uc_active bbb ue_accordion_icon\"><i class='fas fa-minus'><\/i><\/span>\n    <div class=\"ue_heading_title\">\u00bfEl reloj que buscas no est\u00e1 en el cat\u00e1logo?<\/div>\n  <\/a>\n  \n  <div class=\"uc_content\" style='display:block'>\n        \n      \n         \n                        \n              <div class=\"ue-item-title\"><\/div>\n      \n              <div class=\"ue-item-text\"><p>Algunos modelos no se encuentran en el cat\u00e1logo debido a la enorme variedad de Seiko Mods disponibles. Si has visto un modelo en otra p\u00e1gina o tienes una referencia concreta, cont\u00e1ctanos y cons\u00faltanos sin compromiso. Podemos hacerlo para ti con el precio m\u00e1s competitivo del mercado.<\/p><\/div>\n      \n              \n      <\/div> \n<\/div>\n\n\n\n\n\n<div id=\"#ue-tab2\" class=\"uc_ac_box elementor-repeater-item-8ecd29f\" style=\"background-color:;\">\n  <a href=\"javascript:void(0)\" class=\"uc-heading uc_trigger\" role=\"button\">\n    <span class=\"uc_dactive bbb ue_accordion_icon\"><i class='fas fa-plus'><\/i><\/span> \n    <span class=\"uc_active bbb ue_accordion_icon\"><i class='fas fa-minus'><\/i><\/span>\n    <div class=\"ue_heading_title\">\u00bfC\u00f3mo personalizo mi reloj?<\/div>\n  <\/a>\n  \n  <div class=\"uc_content\" >\n        \n      \n         \n                        \n              <div class=\"ue-item-title\"><\/div>\n      \n              <div class=\"ue-item-text\"><p>Para ofrecerte el mejor servicio de personalizaci\u00f3n posible, es necesario que te pongas en contacto con nosotros directamente a trav\u00e9s de\u00a0<a href=\"https:\/\/wa.me\/34684485188\">WhatsApp<\/a>\u00a0o\u00a0<a href=\"mailto:info@timeworksmods-com-488696.hostingersite.com\">E-mail<\/a>. As\u00ed podremos conocer tus preferencias y necesidades espec\u00edficas.<br data-start=\"351\" data-end=\"354\" \/>Una volta che ci contatterai, ti risponderemo il prima possibile e ti guideremo nella scelta dei componenti: potrai selezionare tra diverse casse, quadranti, lancette e cinturini per creare un orologio unico, fatto su misura per te.<br data-start=\"578\" data-end=\"581\" \/>Este servicio de asesoramiento personalizado no tiene ning\u00fan coste extra, est\u00e1 incluido en tu compra, porque creemos que cada reloj debe reflejar tu estilo sin complicaciones ni cargos adicionales.<\/p><\/div>\n      \n              \n      <\/div> \n<\/div>\n\n\n\n\n\n<div id=\"#ue-tab3\" class=\"uc_ac_box elementor-repeater-item-9d20f3b\" style=\"background-color:;\">\n  <a href=\"javascript:void(0)\" class=\"uc-heading uc_trigger\" role=\"button\">\n    <span class=\"uc_dactive bbb ue_accordion_icon\"><i class='fas fa-plus'><\/i><\/span> \n    <span class=\"uc_active bbb ue_accordion_icon\"><i class='fas fa-minus'><\/i><\/span>\n    <div class=\"ue_heading_title\">\u00bfPuedo contactar con Timeworks Mods?<\/div>\n  <\/a>\n  \n  <div class=\"uc_content\" >\n        \n      \n         \n                        \n              <div class=\"ue-item-title\"><\/div>\n      \n              <div class=\"ue-item-text\"><p>Puedes contactar con nosotros para cualquier consulta via <a href=\"mailto:info@timeworksmods.com\"><em>E-mail<\/em><\/a> o <a href=\"https:\/\/wa.me\/34684485188\"><em>Whatsapp<\/em><\/a>. La informaci\u00f3n la encontrar\u00e1s en la secci\u00f3n de\u00a0<em><a href=\"https:\/\/timeworksmods.com\/it\/contatto\/\">Contatto<\/a>.<\/em><\/p><\/div>\n      \n              \n      <\/div> \n<\/div>\n\n\n\n\n\n<div id=\"#ue-tab4\" class=\"uc_ac_box elementor-repeater-item-a06b156\" style=\"background-color:;\">\n  <a href=\"javascript:void(0)\" class=\"uc-heading uc_trigger\" role=\"button\">\n    <span class=\"uc_dactive bbb ue_accordion_icon\"><i class='fas fa-plus'><\/i><\/span> \n    <span class=\"uc_active bbb ue_accordion_icon\"><i class='fas fa-minus'><\/i><\/span>\n    <div class=\"ue_heading_title\">\u00bfA qu\u00e9 pa\u00edses realiz\u00e1is env\u00edos?<\/div>\n  <\/a>\n  \n  <div class=\"uc_content\" >\n        \n      \n         \n                        \n              <div class=\"ue-item-title\"><\/div>\n      \n              <div class=\"ue-item-text\"><p>Actualmente, realizamos env\u00edos \u00fanicamente a Espa\u00f1a, Alemania, Francia e Italia. No realizamos env\u00edos a otros destinos fuera de estos pa\u00edses.<\/p><\/div>\n      \n              \n      <\/div> \n<\/div>\n\n\n\n\n\n<div id=\"#ue-tab5\" class=\"uc_ac_box elementor-repeater-item-089ba66\" style=\"background-color:;\">\n  <a href=\"javascript:void(0)\" class=\"uc-heading uc_trigger\" role=\"button\">\n    <span class=\"uc_dactive bbb ue_accordion_icon\"><i class='fas fa-plus'><\/i><\/span> \n    <span class=\"uc_active bbb ue_accordion_icon\"><i class='fas fa-minus'><\/i><\/span>\n    <div class=\"ue_heading_title\">\u00bfCu\u00e1nto tardar\u00e9 en recibir mi pedido?<\/div>\n  <\/a>\n  \n  <div class=\"uc_content\" >\n        \n      \n         \n                        \n              <div class=\"ue-item-title\"><\/div>\n      \n              <div class=\"ue-item-text\"><p>Tutti i nostri ordini hanno un tempo di preparazione e spedizione stimato di 10-20 giorni lavorativi. Ogni orologio viene preparato meticolosamente su ordinazione, garantendo la qualit\u00e0 e la finitura di ogni pezzo. Apprezziamo la tua pazienza e comprensione mentre lavoriamo per far arrivare il tuo ordine il prima possibile e in perfette condizioni.<\/p><\/div>\n      \n              \n      <\/div> \n<\/div>\n\n\n\n\n\n<div id=\"#ue-tab6\" class=\"uc_ac_box elementor-repeater-item-9b497f4\" style=\"background-color:;\">\n  <a href=\"javascript:void(0)\" class=\"uc-heading uc_trigger\" role=\"button\">\n    <span class=\"uc_dactive bbb ue_accordion_icon\"><i class='fas fa-plus'><\/i><\/span> \n    <span class=\"uc_active bbb ue_accordion_icon\"><i class='fas fa-minus'><\/i><\/span>\n    <div class=\"ue_heading_title\">\u00bfEst\u00e1mos afiliados a alguna marca?<\/div>\n  <\/a>\n  \n  <div class=\"uc_content\" >\n        \n      \n         \n                        \n              <div class=\"ue-item-title\"><\/div>\n      \n              <div class=\"ue-item-text\"><p>Non siamo affiliati n\u00e9 associati a Seiko. I nostri orologi sono\u00a0<em data-start=\"139\" data-end=\"145\">modifiche<\/em>\u00a0personalizzati con parti aftermarket, ad eccezione del movimento, prodotto da TMI (Time Module Inc.), societ\u00e0 del gruppo Seiko. I marchi citati appartengono ai rispettivi proprietari.<\/p><\/div>\n      \n              \n      <\/div> \n<\/div>\n\n\n\n\n\n<div id=\"#ue-tab7\" class=\"uc_ac_box elementor-repeater-item-d104ac8\" style=\"background-color:;\">\n  <a href=\"javascript:void(0)\" class=\"uc-heading uc_trigger\" role=\"button\">\n    <span class=\"uc_dactive bbb ue_accordion_icon\"><i class='fas fa-plus'><\/i><\/span> \n    <span class=\"uc_active bbb ue_accordion_icon\"><i class='fas fa-minus'><\/i><\/span>\n    <div class=\"ue_heading_title\">\u00bfPuedo devolver un producto?<\/div>\n  <\/a>\n  \n  <div class=\"uc_content\" >\n        \n      \n         \n                        \n              <div class=\"ue-item-title\"><\/div>\n      \n              <div class=\"ue-item-text\"><p data-start=\"104\" data-end=\"286\">I nostri orologi sono realizzati su ordinazione; ogni pezzo \u00e8 unico e viene richiesto specificamente per ogni cliente. Ciononostante, vogliamo che la tua esperienza sia del tutto soddisfacente.<\/p>\n<p data-start=\"288\" data-end=\"564\">Per questo motivo, offriamo resi entro\u00a014 giorni\u00a0dalla ricezione dell'ordine, a condizione che l'orologio sia in perfette condizioni e non mostri segni di utilizzo. Tieni presente che le spese di spedizione e di ritiro del reso sono a carico del cliente.<\/p>\n<p data-start=\"566\" data-end=\"809\">Nuestro compromiso es mantener el precio m\u00e1s competitivo del mercado sin comprometer la calidad, y al mismo tiempo brindarte la tranquilidad de que puedes devolver tu reloj si no cumple con tus expectativas. (Excepto relojes personalizados).<\/p><\/div>\n      \n              \n      <\/div> \n<\/div>\n\n\n\n\n\n<div id=\"#ue-tab8\" class=\"uc_ac_box elementor-repeater-item-750c514\" style=\"background-color:;\">\n  <a href=\"javascript:void(0)\" class=\"uc-heading uc_trigger\" role=\"button\">\n    <span class=\"uc_dactive bbb ue_accordion_icon\"><i class='fas fa-plus'><\/i><\/span> \n    <span class=\"uc_active bbb ue_accordion_icon\"><i class='fas fa-minus'><\/i><\/span>\n    <div class=\"ue_heading_title\">\u00bfLos relojes cuentan con garant\u00eda?<\/div>\n  <\/a>\n  \n  <div class=\"uc_content\" >\n        \n      \n         \n                        \n              <div class=\"ue-item-title\"><\/div>\n      \n              <div class=\"ue-item-text\"><p data-start=\"94\" data-end=\"290\">Todos nuestros relojes cuentan con <strong data-start=\"129\" data-end=\"151\">2 a\u00f1os de garant\u00eda<\/strong> <strong>comercial<\/strong> desde la fecha de compra. Esta garant\u00eda cubre cualquier defecto de fabricaci\u00f3n y problemas relacionados con el funcionamiento del reloj.<\/p>\n<p data-start=\"292\" data-end=\"480\">Queremos que disfrutes de tu reloj con total tranquilidad, por eso, si tu reloj presenta alg\u00fan fallo durante este per\u00edodo, nos encargaremos de repararlo o reemplazarlo seg\u00fan corresponda.<\/p>\n<p data-start=\"482\" data-end=\"608\"><strong data-start=\"482\" data-end=\"497\">Importante:<\/strong> La garant\u00eda no cubre da\u00f1os causados por mal uso, accidentes, contacto con l\u00edquidos o agua, ca\u00eddas o desgaste natural por el uso cotidiano.<\/p><\/div>\n      \n              \n      <\/div> \n<\/div>\n\n  <\/div>\n<\/div>\n<!-- end Content Accordion -->\t\t\t\t<\/div>\n\t\t\t\t<\/div>\n\t\t\t\t<div class=\"elementor-element elementor-element-00e1961 elementor-widget elementor-widget-spacer\" data-id=\"00e1961\" data-element_type=\"widget\" data-e-type=\"widget\" data-widget_type=\"spacer.default\">\n\t\t\t\t\t\t\t<div class=\"elementor-spacer\">\n\t\t\t<div class=\"elementor-spacer-inner\"><\/div>\n\t\t<\/div>\n\t\t\t\t\t\t<\/div>\n\t\t\t\t\t<\/div>\n\t\t\t\t<\/div>\n\t\t\t\t<\/div>","protected":false},"excerpt":{"rendered":"<p>Nuestro equipo sabe que cada reloj mod es una pieza especial. Tanto si empiezas en el mundo de los Seiko mods como si eres coleccionista, aqu\u00ed respondemos a las preguntas m\u00e1s comunes sobre nuestras construcciones a medida, procesos de modificaci\u00f3n, tiempos de env\u00edo,compatibilidad de piezas, garant\u00edas y m\u00e1s. Nuestra misi\u00f3n es darte confianza y apoyo [&hellip;]<\/p>\n","protected":false},"author":1,"featured_media":0,"parent":0,"menu_order":0,"comment_status":"closed","ping_status":"closed","template":"template-builder.php","meta":{"_acf_changed":false,"_joinchat":[],"footnotes":""},"class_list":["post-180","page","type-page","status-publish","hentry"],"acf":[],"yoast_head":"<!-- This site is optimized with the Yoast SEO plugin v27.4 - https:\/\/yoast.com\/product\/yoast-seo-wordpress\/ -->\n<title>Preguntas frecuentes | Timeworks\u2122<\/title>\n<meta name=\"description\" content=\"Consulta nuestras preguntas frecuentes para obtener informaci\u00f3n sobre env\u00edos y devoluciones. Inf\u00f3rmate sobre nuestros relojes personalizados.\" \/>\n<meta name=\"robots\" content=\"index, follow, max-snippet:-1, max-image-preview:large, max-video-preview:-1\" \/>\n<link rel=\"canonical\" href=\"https:\/\/timeworksmods.com\/it\/preguntas-frecuentes\/\" \/>\n<meta property=\"og:locale\" content=\"it_IT\" \/>\n<meta property=\"og:type\" content=\"article\" \/>\n<meta property=\"og:title\" content=\"Preguntas frecuentes | Timeworks\u2122\" \/>\n<meta property=\"og:description\" content=\"Consulta nuestras preguntas frecuentes para obtener informaci\u00f3n sobre env\u00edos y devoluciones. Inf\u00f3rmate sobre nuestros relojes personalizados.\" \/>\n<meta property=\"og:url\" content=\"https:\/\/timeworksmods.com\/it\/preguntas-frecuentes\/\" \/>\n<meta property=\"og:site_name\" content=\"Timeworks\u2122 | Seiko Mods\" \/>\n<meta property=\"article:modified_time\" content=\"2026-04-15T19:19:37+00:00\" \/>\n<meta property=\"og:image\" content=\"https:\/\/timeworksmods.com\/wp-content\/uploads\/2025\/12\/ad972f10e0800b49d76fed33a21f6698.png\" \/>\n\t<meta property=\"og:image:width\" content=\"1500\" \/>\n\t<meta property=\"og:image:height\" content=\"200\" \/>\n\t<meta property=\"og:image:type\" content=\"image\/png\" \/>\n<meta name=\"twitter:card\" content=\"summary_large_image\" \/>\n<meta name=\"twitter:label1\" content=\"Est. reading time\" \/>\n\t<meta name=\"twitter:data1\" content=\"3 minuti\" \/>\n<script type=\"application\/ld+json\" class=\"yoast-schema-graph\">{\"@context\":\"https:\\\/\\\/schema.org\",\"@graph\":[{\"@type\":\"WebPage\",\"@id\":\"https:\\\/\\\/timeworksmods.com\\\/preguntas-frecuentes\\\/\",\"url\":\"https:\\\/\\\/timeworksmods.com\\\/preguntas-frecuentes\\\/\",\"name\":\"Preguntas frecuentes | Timeworks\u2122\",\"isPartOf\":{\"@id\":\"https:\\\/\\\/timeworksmods.com\\\/#website\"},\"datePublished\":\"2025-12-01T21:39:29+00:00\",\"dateModified\":\"2026-04-15T19:19:37+00:00\",\"description\":\"Consulta nuestras preguntas frecuentes para obtener informaci\u00f3n sobre env\u00edos y devoluciones. Inf\u00f3rmate sobre nuestros relojes personalizados.\",\"breadcrumb\":{\"@id\":\"https:\\\/\\\/timeworksmods.com\\\/preguntas-frecuentes\\\/#breadcrumb\"},\"inLanguage\":\"it-IT\",\"potentialAction\":[{\"@type\":\"ReadAction\",\"target\":[\"https:\\\/\\\/timeworksmods.com\\\/preguntas-frecuentes\\\/\"]}]},{\"@type\":\"BreadcrumbList\",\"@id\":\"https:\\\/\\\/timeworksmods.com\\\/preguntas-frecuentes\\\/#breadcrumb\",\"itemListElement\":[{\"@type\":\"ListItem\",\"position\":1,\"name\":\"Portada\",\"item\":\"https:\\\/\\\/timeworksmods.com\\\/\"},{\"@type\":\"ListItem\",\"position\":2,\"name\":\"Preguntas Frecuentes\"}]},{\"@type\":\"WebSite\",\"@id\":\"https:\\\/\\\/timeworksmods.com\\\/#website\",\"url\":\"https:\\\/\\\/timeworksmods.com\\\/\",\"name\":\"Timeworks\u2122 | Seiko Mods\",\"description\":\"Tu Tienda de Seiko Mods Personalizados\",\"publisher\":{\"@id\":\"https:\\\/\\\/timeworksmods.com\\\/#organization\"},\"alternateName\":\"Timeworks\u2122 | Seiko Mods\",\"potentialAction\":[{\"@type\":\"SearchAction\",\"target\":{\"@type\":\"EntryPoint\",\"urlTemplate\":\"https:\\\/\\\/timeworksmods.com\\\/?s={search_term_string}\"},\"query-input\":{\"@type\":\"PropertyValueSpecification\",\"valueRequired\":true,\"valueName\":\"search_term_string\"}}],\"inLanguage\":\"it-IT\"},{\"@type\":\"Organization\",\"@id\":\"https:\\\/\\\/timeworksmods.com\\\/#organization\",\"name\":\"Timeworks\u2122 | Seiko Mods\",\"alternateName\":\"Timeworks\u2122 | Seiko Mods\",\"url\":\"https:\\\/\\\/timeworksmods.com\\\/\",\"logo\":{\"@type\":\"ImageObject\",\"inLanguage\":\"it-IT\",\"@id\":\"https:\\\/\\\/timeworksmods.com\\\/#\\\/schema\\\/logo\\\/image\\\/\",\"url\":\"https:\\\/\\\/timeworksmods.com\\\/wp-content\\\/uploads\\\/2025\\\/12\\\/ad972f10e0800b49d76fed33a21f6698.png\",\"contentUrl\":\"https:\\\/\\\/timeworksmods.com\\\/wp-content\\\/uploads\\\/2025\\\/12\\\/ad972f10e0800b49d76fed33a21f6698.png\",\"width\":1500,\"height\":200,\"caption\":\"Timeworks\u2122 | Seiko Mods\"},\"image\":{\"@id\":\"https:\\\/\\\/timeworksmods.com\\\/#\\\/schema\\\/logo\\\/image\\\/\"}}]}<\/script>\n<!-- \/ Yoast SEO plugin. -->","yoast_head_json":{"title":"Preguntas frecuentes | Timeworks\u2122","description":"Consulta le nostre FAQ per informazioni su spedizioni e resi. Scopri i nostri orologi personalizzati.","robots":{"index":"index","follow":"follow","max-snippet":"max-snippet:-1","max-image-preview":"max-image-preview:large","max-video-preview":"max-video-preview:-1"},"canonical":"https:\/\/timeworksmods.com\/it\/preguntas-frecuentes\/","og_locale":"it_IT","og_type":"article","og_title":"Preguntas frecuentes | Timeworks\u2122","og_description":"Consulta nuestras preguntas frecuentes para obtener informaci\u00f3n sobre env\u00edos y devoluciones. Inf\u00f3rmate sobre nuestros relojes personalizados.","og_url":"https:\/\/timeworksmods.com\/it\/preguntas-frecuentes\/","og_site_name":"Timeworks\u2122 | Seiko Mods","article_modified_time":"2026-04-15T19:19:37+00:00","og_image":[{"width":1500,"height":200,"url":"https:\/\/timeworksmods.com\/wp-content\/uploads\/2025\/12\/ad972f10e0800b49d76fed33a21f6698.png","type":"image\/png"}],"twitter_card":"summary_large_image","twitter_misc":{"Est. reading time":"3 minuti"},"schema":{"@context":"https:\/\/schema.org","@graph":[{"@type":"WebPage","@id":"https:\/\/timeworksmods.com\/preguntas-frecuentes\/","url":"https:\/\/timeworksmods.com\/preguntas-frecuentes\/","name":"Preguntas frecuentes | Timeworks\u2122","isPartOf":{"@id":"https:\/\/timeworksmods.com\/#website"},"datePublished":"2025-12-01T21:39:29+00:00","dateModified":"2026-04-15T19:19:37+00:00","description":"Consulta le nostre FAQ per informazioni su spedizioni e resi. Scopri i nostri orologi personalizzati.","breadcrumb":{"@id":"https:\/\/timeworksmods.com\/preguntas-frecuentes\/#breadcrumb"},"inLanguage":"it-IT","potentialAction":[{"@type":"ReadAction","target":["https:\/\/timeworksmods.com\/preguntas-frecuentes\/"]}]},{"@type":"BreadcrumbList","@id":"https:\/\/timeworksmods.com\/preguntas-frecuentes\/#breadcrumb","itemListElement":[{"@type":"ListItem","position":1,"name":"Portada","item":"https:\/\/timeworksmods.com\/"},{"@type":"ListItem","position":2,"name":"Preguntas Frecuentes"}]},{"@type":"WebSite","@id":"https:\/\/timeworksmods.com\/#website","url":"https:\/\/timeworksmods.com\/","name":"Timeworks\u2122 | Modifiche Seiko","description":"La Tua Bottega di Modifiche Seiko Personalizzate","publisher":{"@id":"https:\/\/timeworksmods.com\/#organization"},"alternateName":"Timeworks\u2122 | Seiko Mods","potentialAction":[{"@type":"SearchAction","target":{"@type":"EntryPoint","urlTemplate":"https:\/\/timeworksmods.com\/?s={search_term_string}"},"query-input":{"@type":"PropertyValueSpecification","valueRequired":true,"valueName":"search_term_string"}}],"inLanguage":"it-IT"},{"@type":"Organization","@id":"https:\/\/timeworksmods.com\/#organization","name":"Timeworks\u2122 | Modifiche Seiko","alternateName":"Timeworks\u2122 | Seiko Mods","url":"https:\/\/timeworksmods.com\/","logo":{"@type":"ImageObject","inLanguage":"it-IT","@id":"https:\/\/timeworksmods.com\/#\/schema\/logo\/image\/","url":"https:\/\/timeworksmods.com\/wp-content\/uploads\/2025\/12\/ad972f10e0800b49d76fed33a21f6698.png","contentUrl":"https:\/\/timeworksmods.com\/wp-content\/uploads\/2025\/12\/ad972f10e0800b49d76fed33a21f6698.png","width":1500,"height":200,"caption":"Timeworks\u2122 | Seiko Mods"},"image":{"@id":"https:\/\/timeworksmods.com\/#\/schema\/logo\/image\/"}}]}},"_links":{"self":[{"href":"https:\/\/timeworksmods.com\/it\/wp-json\/wp\/v2\/pages\/180","targetHints":{"allow":["GET"]}}],"collection":[{"href":"https:\/\/timeworksmods.com\/it\/wp-json\/wp\/v2\/pages"}],"about":[{"href":"https:\/\/timeworksmods.com\/it\/wp-json\/wp\/v2\/types\/page"}],"author":[{"embeddable":true,"href":"https:\/\/timeworksmods.com\/it\/wp-json\/wp\/v2\/users\/1"}],"replies":[{"embeddable":true,"href":"https:\/\/timeworksmods.com\/it\/wp-json\/wp\/v2\/comments?post=180"}],"version-history":[{"count":65,"href":"https:\/\/timeworksmods.com\/it\/wp-json\/wp\/v2\/pages\/180\/revisions"}],"predecessor-version":[{"id":5563,"href":"https:\/\/timeworksmods.com\/it\/wp-json\/wp\/v2\/pages\/180\/revisions\/5563"}],"wp:attachment":[{"href":"https:\/\/timeworksmods.com\/it\/wp-json\/wp\/v2\/media?parent=180"}],"curies":[{"name":"wp","href":"https:\/\/api.w.org\/{rel}","templated":true}]}}