{"id":181,"date":"2025-12-03T08:00:10","date_gmt":"2025-12-03T08:00:10","guid":{"rendered":"https:\/\/timeworksmods.com\/returns-exchanges\/"},"modified":"2026-04-10T10:07:09","modified_gmt":"2026-04-10T08:07:09","slug":"politicas-envios-devoluciones","status":"publish","type":"page","link":"https:\/\/timeworksmods.com\/it\/politiche-di-spedizione-e-resi\/","title":{"rendered":"Politica di spedizione e reso"},"content":{"rendered":"<div data-elementor-type=\"wp-page\" data-elementor-id=\"181\" class=\"elementor elementor-181\" data-elementor-post-type=\"page\">\n\t\t\t\t<div class=\"e-con-top elementor-element elementor-element-4f2af731 e-flex e-con-boxed e-con e-parent\" data-id=\"4f2af731\" data-element_type=\"container\" data-e-type=\"container\">\n\t\t\t\t\t<div class=\"e-con-inner\">\n\t\t<div class=\"elementor-element elementor-element-1f6db296 e-con-full e-flex e-con e-child\" data-id=\"1f6db296\" data-element_type=\"container\" data-e-type=\"container\">\n\t\t\t\t<\/div>\n\t\t\t\t\t<\/div>\n\t\t\t\t<\/div>\n\t\t<div class=\"e-con-top elementor-element elementor-element-1a5c123b e-flex e-con-boxed e-con e-parent\" data-id=\"1a5c123b\" data-element_type=\"container\" data-e-type=\"container\">\n\t\t\t\t\t<div class=\"e-con-inner\">\n\t\t\t\t<div class=\"elementor-element elementor-element-680c758f elementor-widget elementor-widget-text-editor\" data-id=\"680c758f\" data-element_type=\"widget\" data-e-type=\"widget\" data-widget_type=\"text-editor.default\">\n\t\t\t\t\t\t\t\t\t<h4 class=\"wp-block-heading\">Spedizioni<\/h4>\n<p data-start=\"133\" data-end=\"542\">Todos nuestros relojes se realizan <strong>bajo encargo<\/strong> per ogni cliente, garantendo la massima personalizzazione e qualit\u00e0 in ogni pezzo. La maggior parte dei nostri orologi sono assemblati da noi in Spagna; tuttavia, a seconda della disponibilit\u00e0 dei pezzi, alcuni orologi possono essere assemblati e spediti direttamente da diversi fornitori internazionali, al fine di velocizzare i tempi di consegna.<\/p>\n<p data-start=\"544\" data-end=\"781\">El plazo estimado de entrega es de <strong>10 a 20 d\u00edas laborables<\/strong> desde la confirmaci\u00f3n del pedido. Una vez enviado, recibir\u00e1s un correo electr\u00f3nico con los datos de seguimiento para que puedas consultar el estado de tu env\u00edo en todo momento.<\/p>\n<p data-start=\"783\" data-end=\"954\">Per qualsiasi domanda sui tempi o sul processo di spedizione, puoi contattarci tramite il nostro <a href=\"mailto:info@timeworksmods.com\"><strong>correo electr\u00f3nico<\/strong><\/a> o <a href=\"https:\/\/wa.me\/34684485188\"><strong>WhatsApp<\/strong><\/a>, disponibles en la secci\u00f3n de contacto.<\/p>\n<p data-start=\"652\" data-end=\"825\">\u00a0<\/p>\n<h4 class=\"wp-block-heading\">Resi<\/h4>\n<p><!-- \/wp:heading --><\/p>\n<p><!-- wp:paragraph --><\/p>\n<p data-start=\"117\" data-end=\"339\">Poich\u00e9 tutti i nostri orologi sono realizzati su misura e su ordinazione, ogni pezzo \u00e8 unico e viene fabbricato appositamente per ogni cliente. Ciononostante, desideriamo che la tua esperienza sia il pi\u00f9 soddisfacente possibile.<\/p>\n<p data-start=\"341\" data-end=\"565\">Ofrecemos devoluciones dentro de un plazo de <strong>14 d\u00edas<\/strong> dalla ricezione dell'ordine, a condizione che l'orologio sia in perfette condizioni e non presenti segni di utilizzo. I costi di reso sono a carico del cliente.<\/p>\n<p data-start=\"567\" data-end=\"781\"><strong data-start=\"567\" data-end=\"582\">Importante:<\/strong> Los relojes personalizados creados mediante nuestro configurador <strong data-start=\"648\" data-end=\"673\">no se pueden devolver<\/strong> in nessun caso, poich\u00e9 sono pezzi unici realizzati su misura per ogni cliente.<\/p>\n<p data-start=\"783\" data-end=\"996\">Per avviare il reso dei prodotti idonei, \u00e8 necessario contattarci preventivamente tramite la nostra e-mail di assistenza clienti: <a class=\"decorated-link cursor-pointer\" rel=\"noopener\" data-start=\"971\" data-end=\"993\">info@timeworksmods.com<\/a>.<\/p>\n<p data-start=\"998\" data-end=\"1104\">Una volta ricevuto il tuo messaggio, ti indicheremo i passaggi da seguire e l'indirizzo di spedizione per il reso.<\/p>\n<p data-start=\"1106\" data-end=\"1386\">Nuestro compromiso es ofrecer productos de alta calidad y personalizados a tu medida, asegurando que puedas devolver tu reloj si no cumple con tus expectativas.<\/p>\n<p><!-- \/wp:paragraph --><\/p>\n<p><!-- wp:heading {\"level\":4} --><\/p>\n<p><!-- \/wp:paragraph --><\/p>\t\t\t\t\t\t\t\t<\/div>\n\t\t\t\t<div class=\"elementor-element elementor-element-f4a683f elementor-widget elementor-widget-spacer\" data-id=\"f4a683f\" data-element_type=\"widget\" data-e-type=\"widget\" data-widget_type=\"spacer.default\">\n\t\t\t\t\t\t\t<div class=\"elementor-spacer\">\n\t\t\t<div class=\"elementor-spacer-inner\"><\/div>\n\t\t<\/div>\n\t\t\t\t\t\t<\/div>\n\t\t\t\t\t<\/div>\n\t\t\t\t<\/div>\n\t\t\t\t<\/div>","protected":false},"excerpt":{"rendered":"<p>Env\u00edos Todos nuestros relojes se realizan bajo encargo para cada cliente, garantizando la m\u00e1xima personalizaci\u00f3n y calidad en cada pieza. La mayor\u00eda de nuestros relojes son ensamblados por nosotros en Espa\u00f1a; sin embargo, dependiendo de la disponibilidad de las piezas, algunos relojes pueden ser ensamblados y enviados directamente desde distintos proveedores internacionales, con el fin [&hellip;]<\/p>\n","protected":false},"author":1,"featured_media":0,"parent":0,"menu_order":0,"comment_status":"closed","ping_status":"closed","template":"template-builder.php","meta":{"_acf_changed":false,"_joinchat":[],"footnotes":""},"class_list":["post-181","page","type-page","status-publish","hentry"],"acf":[],"yoast_head":"<!-- This site is optimized with the Yoast SEO plugin v27.4 - https:\/\/yoast.com\/product\/yoast-seo-wordpress\/ -->\n<title>Pol\u00edtica de env\u00edos y devoluciones | Timeworks\u2122 | Seiko Mods<\/title>\n<meta name=\"description\" content=\"Revisa la pol\u00edtica de env\u00edos y devoluciones de Timeworks Mods y compra con total tranquilidad en nuestra tienda de relojes online.\" \/>\n<meta name=\"robots\" content=\"noindex, nofollow\" \/>\n<meta property=\"og:locale\" content=\"it_IT\" \/>\n<meta property=\"og:type\" content=\"article\" \/>\n<meta property=\"og:title\" content=\"Pol\u00edtica de env\u00edos y devoluciones | Timeworks\u2122 | Seiko Mods\" \/>\n<meta property=\"og:description\" content=\"Revisa la pol\u00edtica de env\u00edos y devoluciones de Timeworks Mods y compra con total tranquilidad en nuestra tienda de relojes online.\" \/>\n<meta property=\"og:url\" content=\"https:\/\/timeworksmods.com\/it\/politiche-di-spedizione-e-resi\/\" \/>\n<meta property=\"og:site_name\" content=\"Timeworks\u2122 | Seiko Mods\" \/>\n<meta property=\"article:modified_time\" content=\"2026-04-10T08:07:09+00:00\" \/>\n<meta property=\"og:image\" content=\"https:\/\/timeworksmods.com\/wp-content\/uploads\/2025\/12\/ad972f10e0800b49d76fed33a21f6698.png\" \/>\n\t<meta property=\"og:image:width\" content=\"1500\" \/>\n\t<meta property=\"og:image:height\" content=\"200\" \/>\n\t<meta property=\"og:image:type\" content=\"image\/png\" \/>\n<meta name=\"twitter:card\" content=\"summary_large_image\" \/>\n<meta name=\"twitter:label1\" content=\"Est. reading time\" \/>\n\t<meta name=\"twitter:data1\" content=\"2 minuti\" \/>\n<script type=\"application\/ld+json\" class=\"yoast-schema-graph\">{\"@context\":\"https:\\\/\\\/schema.org\",\"@graph\":[{\"@type\":\"WebPage\",\"@id\":\"https:\\\/\\\/timeworksmods.com\\\/politicas-envios-devoluciones\\\/\",\"url\":\"https:\\\/\\\/timeworksmods.com\\\/politicas-envios-devoluciones\\\/\",\"name\":\"Pol\u00edtica de env\u00edos y devoluciones | Timeworks\u2122 | Seiko Mods\",\"isPartOf\":{\"@id\":\"https:\\\/\\\/timeworksmods.com\\\/#website\"},\"datePublished\":\"2025-12-03T08:00:10+00:00\",\"dateModified\":\"2026-04-10T08:07:09+00:00\",\"description\":\"Revisa la pol\u00edtica de env\u00edos y devoluciones de Timeworks Mods y compra con total tranquilidad en nuestra tienda de relojes online.\",\"breadcrumb\":{\"@id\":\"https:\\\/\\\/timeworksmods.com\\\/politicas-envios-devoluciones\\\/#breadcrumb\"},\"inLanguage\":\"it-IT\",\"potentialAction\":[{\"@type\":\"ReadAction\",\"target\":[\"https:\\\/\\\/timeworksmods.com\\\/politicas-envios-devoluciones\\\/\"]}]},{\"@type\":\"BreadcrumbList\",\"@id\":\"https:\\\/\\\/timeworksmods.com\\\/politicas-envios-devoluciones\\\/#breadcrumb\",\"itemListElement\":[{\"@type\":\"ListItem\",\"position\":1,\"name\":\"Portada\",\"item\":\"https:\\\/\\\/timeworksmods.com\\\/\"},{\"@type\":\"ListItem\",\"position\":2,\"name\":\"Pol\u00edtica de env\u00edos y devoluciones\"}]},{\"@type\":\"WebSite\",\"@id\":\"https:\\\/\\\/timeworksmods.com\\\/#website\",\"url\":\"https:\\\/\\\/timeworksmods.com\\\/\",\"name\":\"Timeworks\u2122 | Seiko Mods\",\"description\":\"Tu Tienda de Seiko Mods Personalizados\",\"publisher\":{\"@id\":\"https:\\\/\\\/timeworksmods.com\\\/#organization\"},\"alternateName\":\"Timeworks\u2122 | Seiko Mods\",\"potentialAction\":[{\"@type\":\"SearchAction\",\"target\":{\"@type\":\"EntryPoint\",\"urlTemplate\":\"https:\\\/\\\/timeworksmods.com\\\/?s={search_term_string}\"},\"query-input\":{\"@type\":\"PropertyValueSpecification\",\"valueRequired\":true,\"valueName\":\"search_term_string\"}}],\"inLanguage\":\"it-IT\"},{\"@type\":\"Organization\",\"@id\":\"https:\\\/\\\/timeworksmods.com\\\/#organization\",\"name\":\"Timeworks\u2122 | Seiko Mods\",\"alternateName\":\"Timeworks\u2122 | Seiko Mods\",\"url\":\"https:\\\/\\\/timeworksmods.com\\\/\",\"logo\":{\"@type\":\"ImageObject\",\"inLanguage\":\"it-IT\",\"@id\":\"https:\\\/\\\/timeworksmods.com\\\/#\\\/schema\\\/logo\\\/image\\\/\",\"url\":\"https:\\\/\\\/timeworksmods.com\\\/wp-content\\\/uploads\\\/2025\\\/12\\\/ad972f10e0800b49d76fed33a21f6698.png\",\"contentUrl\":\"https:\\\/\\\/timeworksmods.com\\\/wp-content\\\/uploads\\\/2025\\\/12\\\/ad972f10e0800b49d76fed33a21f6698.png\",\"width\":1500,\"height\":200,\"caption\":\"Timeworks\u2122 | Seiko Mods\"},\"image\":{\"@id\":\"https:\\\/\\\/timeworksmods.com\\\/#\\\/schema\\\/logo\\\/image\\\/\"}}]}<\/script>\n<!-- \/ Yoast SEO plugin. -->","yoast_head_json":{"title":"Politica di spedizioni e resi | Timeworks\u2122 | Seiko Mods","description":"Controlla la politica di spedizione e reso di Timeworks Mods e acquista in totale tranquillit\u00e0 nel nostro negozio di orologi online.","robots":{"index":"noindex","follow":"nofollow"},"og_locale":"it_IT","og_type":"article","og_title":"Pol\u00edtica de env\u00edos y devoluciones | Timeworks\u2122 | Seiko Mods","og_description":"Revisa la pol\u00edtica de env\u00edos y devoluciones de Timeworks Mods y compra con total tranquilidad en nuestra tienda de relojes online.","og_url":"https:\/\/timeworksmods.com\/it\/politiche-di-spedizione-e-resi\/","og_site_name":"Timeworks\u2122 | Seiko Mods","article_modified_time":"2026-04-10T08:07:09+00:00","og_image":[{"width":1500,"height":200,"url":"https:\/\/timeworksmods.com\/wp-content\/uploads\/2025\/12\/ad972f10e0800b49d76fed33a21f6698.png","type":"image\/png"}],"twitter_card":"summary_large_image","twitter_misc":{"Est. reading time":"2 minuti"},"schema":{"@context":"https:\/\/schema.org","@graph":[{"@type":"WebPage","@id":"https:\/\/timeworksmods.com\/politicas-envios-devoluciones\/","url":"https:\/\/timeworksmods.com\/politicas-envios-devoluciones\/","name":"Politica di spedizioni e resi | Timeworks\u2122 | Seiko Mods","isPartOf":{"@id":"https:\/\/timeworksmods.com\/#website"},"datePublished":"2025-12-03T08:00:10+00:00","dateModified":"2026-04-10T08:07:09+00:00","description":"Controlla la politica di spedizione e reso di Timeworks Mods e acquista in totale tranquillit\u00e0 nel nostro negozio di orologi online.","breadcrumb":{"@id":"https:\/\/timeworksmods.com\/politicas-envios-devoluciones\/#breadcrumb"},"inLanguage":"it-IT","potentialAction":[{"@type":"ReadAction","target":["https:\/\/timeworksmods.com\/politicas-envios-devoluciones\/"]}]},{"@type":"BreadcrumbList","@id":"https:\/\/timeworksmods.com\/politicas-envios-devoluciones\/#breadcrumb","itemListElement":[{"@type":"ListItem","position":1,"name":"Portada","item":"https:\/\/timeworksmods.com\/"},{"@type":"ListItem","position":2,"name":"Pol\u00edtica de env\u00edos y devoluciones"}]},{"@type":"WebSite","@id":"https:\/\/timeworksmods.com\/#website","url":"https:\/\/timeworksmods.com\/","name":"Timeworks\u2122 | Modifiche Seiko","description":"La Tua Bottega di Modifiche Seiko Personalizzate","publisher":{"@id":"https:\/\/timeworksmods.com\/#organization"},"alternateName":"Timeworks\u2122 | Seiko Mods","potentialAction":[{"@type":"SearchAction","target":{"@type":"EntryPoint","urlTemplate":"https:\/\/timeworksmods.com\/?s={search_term_string}"},"query-input":{"@type":"PropertyValueSpecification","valueRequired":true,"valueName":"search_term_string"}}],"inLanguage":"it-IT"},{"@type":"Organization","@id":"https:\/\/timeworksmods.com\/#organization","name":"Timeworks\u2122 | Modifiche Seiko","alternateName":"Timeworks\u2122 | Seiko Mods","url":"https:\/\/timeworksmods.com\/","logo":{"@type":"ImageObject","inLanguage":"it-IT","@id":"https:\/\/timeworksmods.com\/#\/schema\/logo\/image\/","url":"https:\/\/timeworksmods.com\/wp-content\/uploads\/2025\/12\/ad972f10e0800b49d76fed33a21f6698.png","contentUrl":"https:\/\/timeworksmods.com\/wp-content\/uploads\/2025\/12\/ad972f10e0800b49d76fed33a21f6698.png","width":1500,"height":200,"caption":"Timeworks\u2122 | Seiko Mods"},"image":{"@id":"https:\/\/timeworksmods.com\/#\/schema\/logo\/image\/"}}]}},"_links":{"self":[{"href":"https:\/\/timeworksmods.com\/it\/wp-json\/wp\/v2\/pages\/181","targetHints":{"allow":["GET"]}}],"collection":[{"href":"https:\/\/timeworksmods.com\/it\/wp-json\/wp\/v2\/pages"}],"about":[{"href":"https:\/\/timeworksmods.com\/it\/wp-json\/wp\/v2\/types\/page"}],"author":[{"embeddable":true,"href":"https:\/\/timeworksmods.com\/it\/wp-json\/wp\/v2\/users\/1"}],"replies":[{"embeddable":true,"href":"https:\/\/timeworksmods.com\/it\/wp-json\/wp\/v2\/comments?post=181"}],"version-history":[{"count":41,"href":"https:\/\/timeworksmods.com\/it\/wp-json\/wp\/v2\/pages\/181\/revisions"}],"predecessor-version":[{"id":5435,"href":"https:\/\/timeworksmods.com\/it\/wp-json\/wp\/v2\/pages\/181\/revisions\/5435"}],"wp:attachment":[{"href":"https:\/\/timeworksmods.com\/it\/wp-json\/wp\/v2\/media?parent=181"}],"curies":[{"name":"wp","href":"https:\/\/api.w.org\/{rel}","templated":true}]}}