{"id":184,"date":"2025-12-01T00:17:56","date_gmt":"2025-12-01T00:17:56","guid":{"rendered":"https:\/\/timeworksmods.com\/contact-us\/"},"modified":"2026-04-12T08:27:59","modified_gmt":"2026-04-12T06:27:59","slug":"contacto","status":"publish","type":"page","link":"https:\/\/timeworksmods.com\/it\/contatto\/","title":{"rendered":"Contatto"},"content":{"rendered":"<div data-elementor-type=\"wp-page\" data-elementor-id=\"184\" class=\"elementor elementor-184\" data-elementor-post-type=\"page\">\n\t\t\t\t\t\t<section class=\"elementor-section elementor-top-section elementor-element elementor-element-b92706a elementor-section-boxed elementor-section-height-default elementor-section-height-default\" data-id=\"b92706a\" data-element_type=\"section\" data-e-type=\"section\">\n\t\t\t\t\t\t<div class=\"elementor-container elementor-column-gap-default\">\n\t\t\t\t\t<div class=\"elementor-column elementor-col-100 elementor-top-column elementor-element elementor-element-33a419d\" data-id=\"33a419d\" data-element_type=\"column\" data-e-type=\"column\">\n\t\t\t<div class=\"elementor-column-wrap--33a419d elementor-widget-wrap elementor-element-populated\">\n\t\t\t\t<div class=\"e-con-top elementor-element elementor-element-1a9751a e-con-full e-flex e-con e-child\" data-id=\"1a9751a\" data-element_type=\"container\" data-e-type=\"container\">\n\t\t\t\t<div class=\"elementor-element elementor-element-75367cf elementor-widget elementor-widget-heading\" data-id=\"75367cf\" data-element_type=\"widget\" data-e-type=\"widget\" data-widget_type=\"heading.default\">\n\t\t\t\t\t<h1 class=\"elementor-heading-title elementor-size-default\">Contatto<\/h1>\t\t\t\t<\/div>\n\t\t\t\t<\/div>\n\t\t\t\t<div class=\"elementor-element elementor-element-7861833 elementor-widget-divider--view-line elementor-widget elementor-widget-divider\" data-id=\"7861833\" data-element_type=\"widget\" data-e-type=\"widget\" data-widget_type=\"divider.default\">\n\t\t\t\t\t\t\t<div class=\"elementor-divider\">\n\t\t\t<span class=\"elementor-divider-separator\">\n\t\t\t\t\t\t<\/span>\n\t\t<\/div>\n\t\t\t\t\t\t<\/div>\n\t\t\t\t\t<\/div>\n\t\t<\/div>\n\t\t\t\t\t<\/div>\n\t\t<\/section>\n\t\t\t\t<section class=\"elementor-section elementor-top-section elementor-element elementor-element-4eabb272 elementor-section-boxed elementor-section-height-default elementor-section-height-default\" data-id=\"4eabb272\" data-element_type=\"section\" data-e-type=\"section\">\n\t\t\t\t\t\t<div class=\"elementor-container elementor-column-gap-extended\">\n\t\t\t\t\t<div class=\"elementor-column elementor-col-50 elementor-top-column elementor-element elementor-element-57da8be\" data-id=\"57da8be\" data-element_type=\"column\" data-e-type=\"column\">\n\t\t\t<div class=\"elementor-column-wrap--57da8be elementor-widget-wrap elementor-element-populated\">\n\t\t\t\t\t\t<div class=\"elementor-element elementor-element-397e41c1 elementor-widget elementor-widget-heading\" data-id=\"397e41c1\" data-element_type=\"widget\" data-e-type=\"widget\" data-widget_type=\"heading.default\">\n\t\t\t\t\t<h2 class=\"elementor-heading-title elementor-size-default\">Come possiamo aiutarti?<\/h2>\t\t\t\t<\/div>\n\t\t\t\t<div class=\"elementor-element elementor-element-5c2bc391 elementor-widget elementor-widget-text-editor\" data-id=\"5c2bc391\" data-element_type=\"widget\" data-e-type=\"widget\" data-widget_type=\"text-editor.default\">\n\t\t\t\t\t\t\t\t\t<p>Da<strong> Timeworks<\/strong> Siamo appassionati di orologeria artigianale e modifiche<strong> di orologi personalizzati. Naviga<\/strong> per il nostro sito web e scopri i nostri orologi con movimenti Seiko e costruzioni<strong> uniche<\/strong>, oltre ai componenti di alta qualit\u00e0<strong> dell'orologio. Utilizziamo<\/strong> componenti di altissimo livello e l'artigianalit\u00e0 dell'assemblaggio manuale che c'\u00e8 dietro ogni orologio.<\/p><p>Se hai qualche domanda o hai bisogno di assistenza per un progetto<strong> a misura offriamo<\/strong> assistenza personalizzata tramite WhatsApp o email. Il nostro obiettivo \u00e8 aiutarti a scegliere l'orologio<strong> modificato che<\/strong> meglio si adatti al tuo stile e per rispondere a qualsiasi tua domanda tecnica in modo personalizzato e dettagliato.<\/p><p>Domande frequenti sui nostri<strong> orologi personalizzati sono<\/strong> listate nella sezione di <a href=\"https:\/\/timeworksmods.com\/en\/preguntas-frecuentes\"><strong>Domande frequenti (FAQ)<\/strong><\/a>.<\/p>\t\t\t\t\t\t\t\t<\/div>\n\t\t\t\t<section class=\"elementor-section elementor-inner-section elementor-element elementor-element-6989f2d5 elementor-section-boxed elementor-section-height-default elementor-section-height-default\" data-id=\"6989f2d5\" data-element_type=\"section\" data-e-type=\"section\">\n\t\t\t\t\t\t<div class=\"elementor-container elementor-column-gap-default\">\n\t\t\t\t\t<div class=\"elementor-column elementor-col-33 elementor-inner-column elementor-element elementor-element-4b464690\" data-id=\"4b464690\" data-element_type=\"column\" data-e-type=\"column\">\n\t\t\t<div class=\"elementor-column-wrap--4b464690 elementor-widget-wrap elementor-element-populated\">\n\t\t\t\t\t\t<div class=\"elementor-element elementor-element-2310b44d elementor-widget elementor-widget-heading\" data-id=\"2310b44d\" data-element_type=\"widget\" data-e-type=\"widget\" data-widget_type=\"heading.default\">\n\t\t\t\t\t<h3 class=\"elementor-heading-title elementor-size-default\">Assistenza clienti<\/h3>\t\t\t\t<\/div>\n\t\t\t\t<div class=\"elementor-element elementor-element-7d5f6000 elementor-widget elementor-widget-text-editor\" data-id=\"7d5f6000\" data-element_type=\"widget\" data-e-type=\"widget\" data-widget_type=\"text-editor.default\">\n\t\t\t\t\t\t\t\t\t<p>Luned\u00ec \u2013 Domenica 24h<\/p><p>WhatsApp: <a href=\"https:\/\/wa.me\/34684485188\" data-wplink-edit=\"true\">+34 684 485 188<\/a><br \/>Email: <a href=\"mailto:info@timeworksmods.com\" data-wplink-edit=\"true\">info@timeworksmods.com<\/a><\/p>\t\t\t\t\t\t\t\t<\/div>\n\t\t\t\t\t<\/div>\n\t\t<\/div>\n\t\t\t\t<div class=\"elementor-column elementor-col-33 elementor-inner-column elementor-element elementor-element-4ee94a3e\" data-id=\"4ee94a3e\" data-element_type=\"column\" data-e-type=\"column\">\n\t\t\t<div class=\"elementor-column-wrap--4ee94a3e elementor-widget-wrap elementor-element-populated\">\n\t\t\t\t\t\t<div class=\"elementor-element elementor-element-53eae71e elementor-widget elementor-widget-heading\" data-id=\"53eae71e\" data-element_type=\"widget\" data-e-type=\"widget\" data-widget_type=\"heading.default\">\n\t\t\t\t\t<h3 class=\"elementor-heading-title elementor-size-default\">Reti sociali<\/h3>\t\t\t\t<\/div>\n\t\t\t\t<div class=\"elementor-element elementor-element-0de3848 elementor-widget elementor-widget-text-editor\" data-id=\"0de3848\" data-element_type=\"widget\" data-e-type=\"widget\" data-widget_type=\"text-editor.default\">\n\t\t\t\t\t\t\t\t\t<p>Seguici!<\/p><p>Instagram: <a href=\"https:\/\/www.instagram.com\/timeworksmods\/\">@timeworksmods<\/a><br \/>Facebook <a href=\"https:\/\/www.facebook.com\/timeworksmods\">@timeworksmods<\/a><a href=\"https:\/\/www.facebook.com\/timeworksmods\"><br \/>TikTok: <\/a><a href=\"https:\/\/www.tiktok.com\/@timeworksmods\">@timeworksmods<\/a><\/p>\t\t\t\t\t\t\t\t<\/div>\n\t\t\t\t\t<\/div>\n\t\t<\/div>\n\t\t\t\t<div class=\"elementor-column elementor-col-33 elementor-inner-column elementor-element elementor-element-669328c0 elementor-hidden-desktop elementor-hidden-tablet elementor-hidden-mobile\" data-id=\"669328c0\" data-element_type=\"column\" data-e-type=\"column\">\n\t\t\t<div class=\"elementor-column-wrap--669328c0 elementor-widget-wrap elementor-element-populated\">\n\t\t\t\t\t\t<div class=\"elementor-element elementor-element-47a40343 elementor-widget elementor-widget-heading\" data-id=\"47a40343\" data-element_type=\"widget\" data-e-type=\"widget\" data-widget_type=\"heading.default\">\n\t\t\t\t\t<h3 class=\"elementor-heading-title elementor-size-default\">Newsletter<\/h3>\t\t\t\t<\/div>\n\t\t\t\t<div class=\"elementor-element elementor-element-8a56503 --btn-block-yes elementor-widget elementor-widget-reycore-newsletter\" data-id=\"8a56503\" data-element_type=\"widget\" data-e-type=\"widget\" data-widget_type=\"reycore-newsletter.default\">\n\t\t\t\t<div class=\"elementor-widget-container\">\n\t\t\t\t\t\n\t\t<div class=\"rey-element rey-newsletterForm rey-nlForm--rows-basic\">\n\t\t\t<script>(function() {\n\twindow.mc4wp = window.mc4wp || {\n\t\tlisteners: [],\n\t\tforms: {\n\t\t\ton: function(evt, cb) {\n\t\t\t\twindow.mc4wp.listeners.push(\n\t\t\t\t\t{\n\t\t\t\t\t\tevent   : evt,\n\t\t\t\t\t\tcallback: cb\n\t\t\t\t\t}\n\t\t\t\t);\n\t\t\t}\n\t\t}\n\t}\n})();\n<\/script><!-- Mailchimp for WordPress v4.12.1 - https:\/\/wordpress.org\/plugins\/mailchimp-for-wp\/ --><form id=\"mc4wp-form-1\" class=\"mc4wp-form mc4wp-form-1481\" method=\"post\" data-id=\"1481\" data-name=\"Main form\" action=\"\" ><div class=\"mc4wp-form-fields\"><p>\r\n\t\t\t<input type=\"email\" name=\"EMAIL\" placeholder=\"Inserisci la tua email\" required \/>\r\n\t\t<\/p>\r\n\r\n\t\t<p>\r\n\t\t\t<input type=\"submit\" value=\"ISCRIVITI\" \/>\r\n\t\t<\/p><\/div><label style=\"display: none !important;\">Lascia questo campo vuoto se sei umano: <input type=\"text\" name=\"_mc4wp_honeypot\" value=\"\" tabindex=\"-1\" autocomplete=\"off\" \/><\/label><input type=\"hidden\" name=\"_mc4wp_timestamp\" value=\"1776371034\" \/><input type=\"hidden\" name=\"_mc4wp_form_id\" value=\"1481\" \/><input type=\"hidden\" name=\"_mc4wp_form_element_id\" value=\"mc4wp-form-1\" \/><div class=\"mc4wp-response\"><\/div><input type=\"hidden\" name=\"trp-form-language\" value=\"it\"\/><\/form><!-- \/ Mailchimp for WordPress Plugin -->\t\t<\/div>\n\t\t\t\t\t\t<\/div>\n\t\t\t\t<\/div>\n\t\t\t\t\t<\/div>\n\t\t<\/div>\n\t\t\t\t\t<\/div>\n\t\t<\/section>\n\t\t\t\t\t<\/div>\n\t\t<\/div>\n\t\t\t\t<div class=\"elementor-column elementor-col-50 elementor-top-column elementor-element elementor-element-5278ccce\" data-id=\"5278ccce\" data-element_type=\"column\" data-e-type=\"column\">\n\t\t\t<div class=\"elementor-column-wrap--5278ccce elementor-widget-wrap elementor-element-populated\">\n\t\t\t\t\t\t<div class=\"elementor-element elementor-element-1b446b1e elementor-widget elementor-widget-heading\" data-id=\"1b446b1e\" data-element_type=\"widget\" data-e-type=\"widget\" data-widget_type=\"heading.default\">\n\t\t\t\t\t<h2 class=\"elementor-heading-title elementor-size-default\">Contattaci<\/h2>\t\t\t\t<\/div>\n\t\t\t\t<div class=\"elementor-element elementor-element-73638c6 elementor-widget elementor-widget-reycore-cf7\" data-id=\"73638c6\" data-element_type=\"widget\" data-e-type=\"widget\" data-widget_type=\"reycore-cf7.default\">\n\t\t\t\t<div class=\"elementor-widget-container\">\n\t\t\t\t\t\t\t<div class=\"rey-element rey-cf7\">\n\t\t\t\n<div class=\"wpcf7 no-js\" id=\"wpcf7-f1531-o1\" lang=\"es-ES\" dir=\"ltr\" data-wpcf7-id=\"1531\">\n<div class=\"screen-reader-response\"><p role=\"status\" aria-live=\"polite\" aria-atomic=\"true\"><\/p> <ul><\/ul><\/div>\n<form action=\"\/it\/wp-json\/wp\/v2\/pages\/184#wpcf7-f1531-o1\" method=\"post\" class=\"wpcf7-form init rey-cf7--basic\" aria-label=\"Modulo di contatto\" novalidate=\"novalidate\" data-status=\"init\" data-trp-original-action=\"\/it\/wp-json\/wp\/v2\/pages\/184#wpcf7-f1531-o1\">\n<fieldset class=\"hidden-fields-container\"><input type=\"hidden\" name=\"_wpcf7\" value=\"1531\" \/><input type=\"hidden\" name=\"_wpcf7_version\" value=\"6.1.5\" \/><input type=\"hidden\" name=\"_wpcf7_locale\" value=\"es_ES\" \/><input type=\"hidden\" name=\"_wpcf7_unit_tag\" value=\"wpcf7-f1531-o1\" \/><input type=\"hidden\" name=\"_wpcf7_container_post\" value=\"0\" \/><input type=\"hidden\" name=\"_wpcf7_posted_data_hash\" value=\"\" \/>\n<\/fieldset>\n<p><label> Il tuo nome<br \/>\n<span class=\"wpcf7-form-control-wrap\" data-name=\"your-name\"><input size=\"40\" maxlength=\"400\" class=\"wpcf7-form-control wpcf7-text wpcf7-validates-as-required\" autocomplete=\"name\" aria-required=\"true\" aria-invalid=\"false\" value=\"\" type=\"text\" name=\"your-name\" \/><\/span> <\/label>\n<\/p>\n<p><label> La tua e-mail<br \/>\n<span class=\"wpcf7-form-control-wrap\" data-name=\"your-email\"><input size=\"40\" maxlength=\"400\" class=\"wpcf7-form-control wpcf7-email wpcf7-validates-as-required wpcf7-text wpcf7-validates-as-email\" autocomplete=\"email\" aria-required=\"true\" aria-invalid=\"false\" value=\"\" type=\"email\" name=\"your-email\" \/><\/span> <\/label>\n<\/p>\n<p><label> Oggetto<br \/>\n<span class=\"wpcf7-form-control-wrap\" data-name=\"your-subject\"><input size=\"40\" maxlength=\"400\" class=\"wpcf7-form-control wpcf7-text wpcf7-validates-as-required\" aria-required=\"true\" aria-invalid=\"false\" value=\"\" type=\"text\" name=\"your-subject\" \/><\/span> <\/label>\n<\/p>\n<p><label> Il tuo messaggio<br \/>\n<span class=\"wpcf7-form-control-wrap\" data-name=\"your-message\"><textarea cols=\"40\" rows=\"10\" maxlength=\"2000\" class=\"wpcf7-form-control wpcf7-textarea\" aria-invalid=\"false\" name=\"your-message\"><\/textarea><\/span> <\/label>\n<\/p>\n<p><input class=\"wpcf7-form-control wpcf7-submit has-spinner\" type=\"submit\" value=\"Inviare\" \/>\n<\/p><div class=\"wpcf7-response-output\" aria-hidden=\"true\"><\/div>\n<input type=\"hidden\" name=\"trp-form-language\" value=\"it\"\/><\/form>\n<\/div>\n\t\t<\/div>\n\t\t\t\t\t\t<\/div>\n\t\t\t\t<\/div>\n\t\t\t\t\t<\/div>\n\t\t<\/div>\n\t\t\t\t\t<\/div>\n\t\t<\/section>\n\t\t\t\t<\/div>","protected":false},"excerpt":{"rendered":"<p>Contacto \u00bfC\u00f3mo podemos ayudarte? En Timeworks Mods nos apasiona la relojer\u00eda y los Seiko mods. Navegando por nuestra web podr\u00e1s conocer m\u00e1s sobre nuestros mods, los componentes que utilizamos y el trabajo que hay detr\u00e1s de cada pieza. Si tienes dudas o necesitas orientaci\u00f3n, ofrecemos asistencia personalizada a trav\u00e9s de WhatsApp o correo electr\u00f3nico. Nuestro [&hellip;]<\/p>\n","protected":false},"author":1,"featured_media":0,"parent":0,"menu_order":0,"comment_status":"closed","ping_status":"closed","template":"template-builder.php","meta":{"_acf_changed":false,"_joinchat":[],"footnotes":""},"class_list":["post-184","page","type-page","status-publish","hentry"],"acf":[],"yoast_head":"<!-- This site is optimized with the Yoast SEO plugin v27.4 - https:\/\/yoast.com\/product\/yoast-seo-wordpress\/ -->\n<title>Cont\u00e1ctanos | Soporte personalizado 24\/7 | Timeworks\u2122<\/title>\n<meta name=\"description\" content=\"Contacta con Timeworks Mods para hablar sobre piezas y estilos. Te ofrecemos ayuda personalizada para crear la modificaci\u00f3n perfecta.\" \/>\n<meta name=\"robots\" content=\"index, follow, max-snippet:-1, max-image-preview:large, max-video-preview:-1\" \/>\n<link rel=\"canonical\" href=\"https:\/\/timeworksmods.com\/it\/contatto\/\" \/>\n<meta property=\"og:locale\" content=\"it_IT\" \/>\n<meta property=\"og:type\" content=\"article\" \/>\n<meta property=\"og:title\" content=\"Cont\u00e1ctanos | Soporte personalizado 24\/7 | Timeworks\u2122\" \/>\n<meta property=\"og:description\" content=\"Contacta con Timeworks Mods para hablar sobre piezas y estilos. Te ofrecemos ayuda personalizada para crear la modificaci\u00f3n perfecta.\" \/>\n<meta property=\"og:url\" content=\"https:\/\/timeworksmods.com\/it\/contatto\/\" \/>\n<meta property=\"og:site_name\" content=\"Timeworks\u2122 | Seiko Mods\" \/>\n<meta property=\"article:modified_time\" content=\"2026-04-12T06:27:59+00:00\" \/>\n<meta property=\"og:image\" content=\"https:\/\/timeworksmods.com\/wp-content\/uploads\/2025\/12\/ad972f10e0800b49d76fed33a21f6698.png\" \/>\n\t<meta property=\"og:image:width\" content=\"1500\" \/>\n\t<meta property=\"og:image:height\" content=\"200\" \/>\n\t<meta property=\"og:image:type\" content=\"image\/png\" \/>\n<meta name=\"twitter:card\" content=\"summary_large_image\" \/>\n<meta name=\"twitter:label1\" content=\"Est. reading time\" \/>\n\t<meta name=\"twitter:data1\" content=\"1 minuto\" \/>\n<script type=\"application\/ld+json\" class=\"yoast-schema-graph\">{\"@context\":\"https:\\\/\\\/schema.org\",\"@graph\":[{\"@type\":\"WebPage\",\"@id\":\"https:\\\/\\\/timeworksmods.com\\\/contacto\\\/\",\"url\":\"https:\\\/\\\/timeworksmods.com\\\/contacto\\\/\",\"name\":\"Cont\u00e1ctanos | Soporte personalizado 24\\\/7 | Timeworks\u2122\",\"isPartOf\":{\"@id\":\"https:\\\/\\\/timeworksmods.com\\\/#website\"},\"datePublished\":\"2025-12-01T00:17:56+00:00\",\"dateModified\":\"2026-04-12T06:27:59+00:00\",\"description\":\"Contacta con Timeworks Mods para hablar sobre piezas y estilos. Te ofrecemos ayuda personalizada para crear la modificaci\u00f3n perfecta.\",\"breadcrumb\":{\"@id\":\"https:\\\/\\\/timeworksmods.com\\\/contacto\\\/#breadcrumb\"},\"inLanguage\":\"it-IT\",\"potentialAction\":[{\"@type\":\"ReadAction\",\"target\":[\"https:\\\/\\\/timeworksmods.com\\\/contacto\\\/\"]}]},{\"@type\":\"BreadcrumbList\",\"@id\":\"https:\\\/\\\/timeworksmods.com\\\/contacto\\\/#breadcrumb\",\"itemListElement\":[{\"@type\":\"ListItem\",\"position\":1,\"name\":\"Portada\",\"item\":\"https:\\\/\\\/timeworksmods.com\\\/\"},{\"@type\":\"ListItem\",\"position\":2,\"name\":\"Contacto\"}]},{\"@type\":\"WebSite\",\"@id\":\"https:\\\/\\\/timeworksmods.com\\\/#website\",\"url\":\"https:\\\/\\\/timeworksmods.com\\\/\",\"name\":\"Timeworks\u2122 | Seiko Mods\",\"description\":\"Tu Tienda de Seiko Mods Personalizados\",\"publisher\":{\"@id\":\"https:\\\/\\\/timeworksmods.com\\\/#organization\"},\"alternateName\":\"Timeworks\u2122 | Seiko Mods\",\"potentialAction\":[{\"@type\":\"SearchAction\",\"target\":{\"@type\":\"EntryPoint\",\"urlTemplate\":\"https:\\\/\\\/timeworksmods.com\\\/?s={search_term_string}\"},\"query-input\":{\"@type\":\"PropertyValueSpecification\",\"valueRequired\":true,\"valueName\":\"search_term_string\"}}],\"inLanguage\":\"it-IT\"},{\"@type\":\"Organization\",\"@id\":\"https:\\\/\\\/timeworksmods.com\\\/#organization\",\"name\":\"Timeworks\u2122 | Seiko Mods\",\"alternateName\":\"Timeworks\u2122 | Seiko Mods\",\"url\":\"https:\\\/\\\/timeworksmods.com\\\/\",\"logo\":{\"@type\":\"ImageObject\",\"inLanguage\":\"it-IT\",\"@id\":\"https:\\\/\\\/timeworksmods.com\\\/#\\\/schema\\\/logo\\\/image\\\/\",\"url\":\"https:\\\/\\\/timeworksmods.com\\\/wp-content\\\/uploads\\\/2025\\\/12\\\/ad972f10e0800b49d76fed33a21f6698.png\",\"contentUrl\":\"https:\\\/\\\/timeworksmods.com\\\/wp-content\\\/uploads\\\/2025\\\/12\\\/ad972f10e0800b49d76fed33a21f6698.png\",\"width\":1500,\"height\":200,\"caption\":\"Timeworks\u2122 | Seiko Mods\"},\"image\":{\"@id\":\"https:\\\/\\\/timeworksmods.com\\\/#\\\/schema\\\/logo\\\/image\\\/\"}}]}<\/script>\n<!-- \/ Yoast SEO plugin. -->","yoast_head_json":{"title":"Contattaci | Supporto personalizzato 24\/7 | Timeworks\u2122","description":"Contatta Timeworks Mods per parlare di pezzi e stili. Ti offriremo un aiuto su misura per creare la modifica perfetta.","robots":{"index":"index","follow":"follow","max-snippet":"max-snippet:-1","max-image-preview":"max-image-preview:large","max-video-preview":"max-video-preview:-1"},"canonical":"https:\/\/timeworksmods.com\/it\/contatto\/","og_locale":"it_IT","og_type":"article","og_title":"Cont\u00e1ctanos | Soporte personalizado 24\/7 | Timeworks\u2122","og_description":"Contacta con Timeworks Mods para hablar sobre piezas y estilos. Te ofrecemos ayuda personalizada para crear la modificaci\u00f3n perfecta.","og_url":"https:\/\/timeworksmods.com\/it\/contatto\/","og_site_name":"Timeworks\u2122 | Seiko Mods","article_modified_time":"2026-04-12T06:27:59+00:00","og_image":[{"width":1500,"height":200,"url":"https:\/\/timeworksmods.com\/wp-content\/uploads\/2025\/12\/ad972f10e0800b49d76fed33a21f6698.png","type":"image\/png"}],"twitter_card":"summary_large_image","twitter_misc":{"Est. reading time":"1 minuto"},"schema":{"@context":"https:\/\/schema.org","@graph":[{"@type":"WebPage","@id":"https:\/\/timeworksmods.com\/contacto\/","url":"https:\/\/timeworksmods.com\/contacto\/","name":"Contattaci | Supporto personalizzato 24\/7 | Timeworks\u2122","isPartOf":{"@id":"https:\/\/timeworksmods.com\/#website"},"datePublished":"2025-12-01T00:17:56+00:00","dateModified":"2026-04-12T06:27:59+00:00","description":"Contatta Timeworks Mods per parlare di pezzi e stili. Ti offriremo un aiuto su misura per creare la modifica perfetta.","breadcrumb":{"@id":"https:\/\/timeworksmods.com\/contacto\/#breadcrumb"},"inLanguage":"it-IT","potentialAction":[{"@type":"ReadAction","target":["https:\/\/timeworksmods.com\/contacto\/"]}]},{"@type":"BreadcrumbList","@id":"https:\/\/timeworksmods.com\/contacto\/#breadcrumb","itemListElement":[{"@type":"ListItem","position":1,"name":"Portada","item":"https:\/\/timeworksmods.com\/"},{"@type":"ListItem","position":2,"name":"Contacto"}]},{"@type":"WebSite","@id":"https:\/\/timeworksmods.com\/#website","url":"https:\/\/timeworksmods.com\/","name":"Timeworks\u2122 | Modifiche Seiko","description":"La Tua Bottega di Modifiche Seiko Personalizzate","publisher":{"@id":"https:\/\/timeworksmods.com\/#organization"},"alternateName":"Timeworks\u2122 | Seiko Mods","potentialAction":[{"@type":"SearchAction","target":{"@type":"EntryPoint","urlTemplate":"https:\/\/timeworksmods.com\/?s={search_term_string}"},"query-input":{"@type":"PropertyValueSpecification","valueRequired":true,"valueName":"search_term_string"}}],"inLanguage":"it-IT"},{"@type":"Organization","@id":"https:\/\/timeworksmods.com\/#organization","name":"Timeworks\u2122 | Modifiche Seiko","alternateName":"Timeworks\u2122 | Seiko Mods","url":"https:\/\/timeworksmods.com\/","logo":{"@type":"ImageObject","inLanguage":"it-IT","@id":"https:\/\/timeworksmods.com\/#\/schema\/logo\/image\/","url":"https:\/\/timeworksmods.com\/wp-content\/uploads\/2025\/12\/ad972f10e0800b49d76fed33a21f6698.png","contentUrl":"https:\/\/timeworksmods.com\/wp-content\/uploads\/2025\/12\/ad972f10e0800b49d76fed33a21f6698.png","width":1500,"height":200,"caption":"Timeworks\u2122 | Seiko Mods"},"image":{"@id":"https:\/\/timeworksmods.com\/#\/schema\/logo\/image\/"}}]}},"_links":{"self":[{"href":"https:\/\/timeworksmods.com\/it\/wp-json\/wp\/v2\/pages\/184","targetHints":{"allow":["GET"]}}],"collection":[{"href":"https:\/\/timeworksmods.com\/it\/wp-json\/wp\/v2\/pages"}],"about":[{"href":"https:\/\/timeworksmods.com\/it\/wp-json\/wp\/v2\/types\/page"}],"author":[{"embeddable":true,"href":"https:\/\/timeworksmods.com\/it\/wp-json\/wp\/v2\/users\/1"}],"replies":[{"embeddable":true,"href":"https:\/\/timeworksmods.com\/it\/wp-json\/wp\/v2\/comments?post=184"}],"version-history":[{"count":75,"href":"https:\/\/timeworksmods.com\/it\/wp-json\/wp\/v2\/pages\/184\/revisions"}],"predecessor-version":[{"id":5521,"href":"https:\/\/timeworksmods.com\/it\/wp-json\/wp\/v2\/pages\/184\/revisions\/5521"}],"wp:attachment":[{"href":"https:\/\/timeworksmods.com\/it\/wp-json\/wp\/v2\/media?parent=184"}],"curies":[{"name":"wp","href":"https:\/\/api.w.org\/{rel}","templated":true}]}}