{"id":2669,"date":"2025-12-18T09:42:43","date_gmt":"2025-12-18T08:42:43","guid":{"rendered":"https:\/\/timeworksmods.com\/?page_id=2669"},"modified":"2026-02-21T09:25:42","modified_gmt":"2026-02-21T08:25:42","slug":"garantia","status":"publish","type":"page","link":"https:\/\/timeworksmods.com\/it\/garantia\/","title":{"rendered":"Garanzia"},"content":{"rendered":"<div data-elementor-type=\"wp-page\" data-elementor-id=\"2669\" class=\"elementor elementor-2669\" data-elementor-post-type=\"page\">\n\t\t\t\t<div class=\"e-con-top elementor-element elementor-element-4f2af731 e-flex e-con-boxed e-con e-parent\" data-id=\"4f2af731\" data-element_type=\"container\" data-e-type=\"container\">\n\t\t\t\t\t<div class=\"e-con-inner\">\n\t\t<div class=\"elementor-element elementor-element-1f6db296 e-con-full e-flex e-con e-child\" data-id=\"1f6db296\" data-element_type=\"container\" data-e-type=\"container\">\n\t\t\t\t<\/div>\n\t\t\t\t\t<\/div>\n\t\t\t\t<\/div>\n\t\t<div class=\"e-con-top elementor-element elementor-element-1a5c123b e-flex e-con-boxed e-con e-parent\" data-id=\"1a5c123b\" data-element_type=\"container\" data-e-type=\"container\">\n\t\t\t\t\t<div class=\"e-con-inner\">\n\t\t\t\t<div class=\"elementor-element elementor-element-680c758f elementor-widget elementor-widget-text-editor\" data-id=\"680c758f\" data-element_type=\"widget\" data-e-type=\"widget\" data-widget_type=\"text-editor.default\">\n\t\t\t\t\t\t\t\t\t<p data-start=\"158\" data-end=\"251\"><strong data-start=\"203\" data-end=\"225\">Fecha de vigencia:<\/strong> 18 de diciembre de 2025<\/p><p data-start=\"253\" data-end=\"567\">En <strong data-start=\"256\" data-end=\"274\">Timeworks Mods<\/strong>, ci impegniamo per la qualit\u00e0 e l'artigianalit\u00e0 dei nostri orologi personalizzati. Il nostro obiettivo \u00e8 garantire la soddisfazione del cliente e la fiducia nei nostri prodotti. Questa Politica di Garanzia descrive la copertura e le procedure per richiedere il servizio di garanzia.<\/p><h3 data-start=\"569\" data-end=\"597\">Cobertura de la garant\u00eda<\/h3><p data-start=\"598\" data-end=\"770\"><strong data-start=\"598\" data-end=\"622\">Productos cubiertos:<\/strong> Esta garant\u00eda aplica a los relojes personalizados de <strong data-start=\"676\" data-end=\"694\">Timeworks Mods<\/strong>, adquiridos directamente a Timeworks Mods o a distribuidores autorizados.<\/p><p data-start=\"772\" data-end=\"792\">La garant\u00eda cubre:<\/p><ul data-start=\"793\" data-end=\"1087\"><li data-start=\"793\" data-end=\"884\"><p data-start=\"795\" data-end=\"884\">Defectos en materiales y mano de obra bajo condiciones normales de uso y mantenimiento.<\/p><\/li><li data-start=\"885\" data-end=\"971\"><p data-start=\"887\" data-end=\"971\">Reparaci\u00f3n o reemplazo de piezas necesarias para corregir defectos de fabricaci\u00f3n.<\/p><\/li><li data-start=\"972\" data-end=\"1087\"><p data-start=\"974\" data-end=\"1087\">Movimientos que dejen de funcionar correctamente y que no hayan estado expuestos a l\u00edquidos de manera indebida.<\/p><\/li><\/ul><p data-start=\"1089\" data-end=\"1219\"><strong data-start=\"1089\" data-end=\"1113\">Per\u00edodo de garant\u00eda:<\/strong> La garant\u00eda tiene una duraci\u00f3n de <strong data-start=\"1148\" data-end=\"1158\">2 a\u00f1os<\/strong> desde la fecha de compra original por el primer comprador.<\/p><h3 data-start=\"1221\" data-end=\"1251\">Exclusiones de la garant\u00eda<\/h3><p data-start=\"1252\" data-end=\"1367\">Esta garant\u00eda <strong data-start=\"1266\" data-end=\"1332\">no cubre da\u00f1os causados por factores externos o uso incorrecto<\/strong>, incluyendo, pero no limitado a:<\/p><ul data-start=\"1368\" data-end=\"1750\"><li data-start=\"1368\" data-end=\"1413\"><p data-start=\"1370\" data-end=\"1413\">Accidentes, abuso, negligencia o mal uso.<\/p><\/li><li data-start=\"1414\" data-end=\"1480\"><p data-start=\"1416\" data-end=\"1480\">Apertura de la caja del reloj o modificaciones no autorizadas.<\/p><\/li><li data-start=\"1481\" data-end=\"1544\"><p data-start=\"1483\" data-end=\"1544\">Incumplimiento de las instrucciones de uso o mantenimiento.<\/p><\/li><li data-start=\"1545\" data-end=\"1609\"><p data-start=\"1547\" data-end=\"1609\">Desgaste normal, ara\u00f1azos, decoloraci\u00f3n o p\u00e9rdida de brillo.<\/p><\/li><li data-start=\"1610\" data-end=\"1750\"><p data-start=\"1612\" data-end=\"1750\">Ingresso di acqua, poich\u00e9 non \u00e8 possibile verificare se il danno \u00e8 stato causato da un uso improprio del cliente (corona aperta o pressione superiore a quella ammessa dal modello).<\/p><\/li><\/ul><h3 data-start=\"1752\" data-end=\"1800\">Procedimiento para reclamaciones de garant\u00eda<\/h3><ol data-start=\"1801\" data-end=\"2470\"><li data-start=\"1801\" data-end=\"2009\"><p data-start=\"1804\" data-end=\"2009\"><strong data-start=\"1804\" data-end=\"1817\">Contacto:<\/strong> Para iniciar un reclamo de garant\u00eda, contacta con <strong data-start=\"1868\" data-end=\"1886\">Timeworks Mods<\/strong> en <strong data-start=\"1890\" data-end=\"1916\"><a class=\"decorated-link cursor-pointer\" rel=\"noopener\" data-start=\"1892\" data-end=\"1914\">info@timeworksmods.com<\/a><\/strong>\u00a0para determinar el problema y la soluci\u00f3n m\u00e1s adecuada.<\/p><\/li><li data-start=\"2010\" data-end=\"2113\"><p data-start=\"2013\" data-end=\"2113\"><strong data-start=\"2013\" data-end=\"2039\">Comprobante de compra:<\/strong> Se solicitar\u00e1 el comprobante de compra original, como factura o recibo.<\/p><\/li><li data-start=\"2114\" data-end=\"2322\"><p data-start=\"2117\" data-end=\"2322\"><strong data-start=\"2117\" data-end=\"2137\">Costi di spedizione:<\/strong> Il cliente \u00e8 responsabile dell'invio del prodotto difettoso a <strong data-start=\"2199\" data-end=\"2217\">Timeworks Mods<\/strong>. Se il reclamo \u00e8 valido, copriremo le spese di spedizione per la restituzione dell'orologio riparato o sostituito.<\/p><\/li><li data-start=\"2323\" data-end=\"2470\"><p data-start=\"2326\" data-end=\"2470\"><strong data-start=\"2326\" data-end=\"2350\">Proceso de revisi\u00f3n:<\/strong> Una vez recibido, inspeccionaremos el producto y te informaremos sobre el estado de tu reclamo en un plazo razonable.<\/p><\/li><\/ol><h3 data-start=\"2472\" data-end=\"2505\">Limitaci\u00f3n de responsabilidad<\/h3><p data-start=\"2506\" data-end=\"2743\"><strong data-start=\"2506\" data-end=\"2524\">Timeworks Mods<\/strong> no ser\u00e1 responsable de da\u00f1os indirectos o consecuentes derivados del uso del producto o de cualquier incumplimiento de esta garant\u00eda. Las garant\u00edas impl\u00edcitas est\u00e1n limitadas a la duraci\u00f3n de esta garant\u00eda expresada.<\/p><p data-start=\"2745\" data-end=\"2899\">Esta garant\u00eda otorga derechos legales espec\u00edficos, y es posible que tengas otros derechos adicionales seg\u00fan la legislaci\u00f3n aplicable en tu jurisdicci\u00f3n.<\/p><h3 data-start=\"2901\" data-end=\"2939\">Cambios en la pol\u00edtica de garant\u00eda<\/h3><p data-start=\"2940\" data-end=\"3135\"><strong data-start=\"2940\" data-end=\"2958\">Timeworks Mods<\/strong> se reserva el derecho de actualizar o modificar esta pol\u00edtica de garant\u00eda en cualquier momento. Los cambios se publicar\u00e1n en nuestro sitio web y ser\u00e1n efectivos de inmediato.<\/p><p data-start=\"3137\" data-end=\"3255\">Per qualsiasi domanda o informazione aggiuntiva sulla garanzia, contatta il nostro servizio clienti.<\/p><p><!-- \/wp:paragraph --><\/p>\t\t\t\t\t\t\t\t<\/div>\n\t\t\t\t\t<\/div>\n\t\t\t\t<\/div>\n\t\t\t\t<\/div>","protected":false},"excerpt":{"rendered":"<p>Fecha de vigencia: 18 de diciembre de 2025 En Timeworks Mods, nos comprometemos con la calidad y la artesan\u00eda de nuestros relojes personalizados. Nuestro objetivo es garantizar la satisfacci\u00f3n del cliente y la confianza en nuestros productos. Esta Pol\u00edtica de Garant\u00eda describe la cobertura y los procedimientos para solicitar el servicio de garant\u00eda. Cobertura de [&hellip;]<\/p>\n","protected":false},"author":1,"featured_media":0,"parent":0,"menu_order":0,"comment_status":"closed","ping_status":"closed","template":"template-builder.php","meta":{"_acf_changed":false,"_joinchat":[],"footnotes":""},"class_list":["post-2669","page","type-page","status-publish","hentry"],"acf":[],"yoast_head":"<!-- This site is optimized with the Yoast SEO plugin v27.4 - https:\/\/yoast.com\/product\/yoast-seo-wordpress\/ -->\n<title>Pol\u00edtica de Garant\u00eda<\/title>\n<meta name=\"description\" content=\"Conoce la garant\u00eda de Timeworks Mods y c\u00f3mo protegemos tus compras. Informaci\u00f3n sobre cobertura y condiciones aplicables.\" \/>\n<meta name=\"robots\" content=\"index, follow, max-snippet:-1, max-image-preview:large, max-video-preview:-1\" \/>\n<link rel=\"canonical\" href=\"https:\/\/timeworksmods.com\/it\/garantia\/\" \/>\n<meta property=\"og:locale\" content=\"it_IT\" \/>\n<meta property=\"og:type\" content=\"article\" \/>\n<meta property=\"og:title\" content=\"Pol\u00edtica de Garant\u00eda\" \/>\n<meta property=\"og:description\" content=\"Conoce la garant\u00eda de Timeworks Mods y c\u00f3mo protegemos tus compras. Informaci\u00f3n sobre cobertura y condiciones aplicables.\" \/>\n<meta property=\"og:url\" content=\"https:\/\/timeworksmods.com\/it\/garantia\/\" \/>\n<meta property=\"og:site_name\" content=\"Timeworks\u2122 | Seiko Mods\" \/>\n<meta property=\"article:modified_time\" content=\"2026-02-21T08:25:42+00:00\" \/>\n<meta property=\"og:image\" content=\"https:\/\/timeworksmods.com\/wp-content\/uploads\/2025\/12\/ad972f10e0800b49d76fed33a21f6698.png\" \/>\n\t<meta property=\"og:image:width\" content=\"1500\" \/>\n\t<meta property=\"og:image:height\" content=\"200\" \/>\n\t<meta property=\"og:image:type\" content=\"image\/png\" \/>\n<meta name=\"twitter:card\" content=\"summary_large_image\" \/>\n<meta name=\"twitter:label1\" content=\"Est. reading time\" \/>\n\t<meta name=\"twitter:data1\" content=\"2 minuti\" \/>\n<script type=\"application\/ld+json\" class=\"yoast-schema-graph\">{\"@context\":\"https:\\\/\\\/schema.org\",\"@graph\":[{\"@type\":\"WebPage\",\"@id\":\"https:\\\/\\\/timeworksmods.com\\\/garantia\\\/\",\"url\":\"https:\\\/\\\/timeworksmods.com\\\/garantia\\\/\",\"name\":\"Pol\u00edtica de Garant\u00eda\",\"isPartOf\":{\"@id\":\"https:\\\/\\\/timeworksmods.com\\\/#website\"},\"datePublished\":\"2025-12-18T08:42:43+00:00\",\"dateModified\":\"2026-02-21T08:25:42+00:00\",\"description\":\"Conoce la garant\u00eda de Timeworks Mods y c\u00f3mo protegemos tus compras. Informaci\u00f3n sobre cobertura y condiciones aplicables.\",\"breadcrumb\":{\"@id\":\"https:\\\/\\\/timeworksmods.com\\\/garantia\\\/#breadcrumb\"},\"inLanguage\":\"it-IT\",\"potentialAction\":[{\"@type\":\"ReadAction\",\"target\":[\"https:\\\/\\\/timeworksmods.com\\\/garantia\\\/\"]}]},{\"@type\":\"BreadcrumbList\",\"@id\":\"https:\\\/\\\/timeworksmods.com\\\/garantia\\\/#breadcrumb\",\"itemListElement\":[{\"@type\":\"ListItem\",\"position\":1,\"name\":\"Portada\",\"item\":\"https:\\\/\\\/timeworksmods.com\\\/\"},{\"@type\":\"ListItem\",\"position\":2,\"name\":\"Garant\u00eda\"}]},{\"@type\":\"WebSite\",\"@id\":\"https:\\\/\\\/timeworksmods.com\\\/#website\",\"url\":\"https:\\\/\\\/timeworksmods.com\\\/\",\"name\":\"Timeworks\u2122 | Seiko Mods\",\"description\":\"Tu Tienda de Seiko Mods Personalizados\",\"publisher\":{\"@id\":\"https:\\\/\\\/timeworksmods.com\\\/#organization\"},\"alternateName\":\"Timeworks\u2122 | Seiko Mods\",\"potentialAction\":[{\"@type\":\"SearchAction\",\"target\":{\"@type\":\"EntryPoint\",\"urlTemplate\":\"https:\\\/\\\/timeworksmods.com\\\/?s={search_term_string}\"},\"query-input\":{\"@type\":\"PropertyValueSpecification\",\"valueRequired\":true,\"valueName\":\"search_term_string\"}}],\"inLanguage\":\"it-IT\"},{\"@type\":\"Organization\",\"@id\":\"https:\\\/\\\/timeworksmods.com\\\/#organization\",\"name\":\"Timeworks\u2122 | Seiko Mods\",\"alternateName\":\"Timeworks\u2122 | Seiko Mods\",\"url\":\"https:\\\/\\\/timeworksmods.com\\\/\",\"logo\":{\"@type\":\"ImageObject\",\"inLanguage\":\"it-IT\",\"@id\":\"https:\\\/\\\/timeworksmods.com\\\/#\\\/schema\\\/logo\\\/image\\\/\",\"url\":\"https:\\\/\\\/timeworksmods.com\\\/wp-content\\\/uploads\\\/2025\\\/12\\\/ad972f10e0800b49d76fed33a21f6698.png\",\"contentUrl\":\"https:\\\/\\\/timeworksmods.com\\\/wp-content\\\/uploads\\\/2025\\\/12\\\/ad972f10e0800b49d76fed33a21f6698.png\",\"width\":1500,\"height\":200,\"caption\":\"Timeworks\u2122 | Seiko Mods\"},\"image\":{\"@id\":\"https:\\\/\\\/timeworksmods.com\\\/#\\\/schema\\\/logo\\\/image\\\/\"}}]}<\/script>\n<!-- \/ Yoast SEO plugin. -->","yoast_head_json":{"title":"Pol\u00edtica de Garant\u00eda","description":"Conoce la garant\u00eda de Timeworks Mods y c\u00f3mo protegemos tus compras. Informaci\u00f3n sobre cobertura y condiciones aplicables.","robots":{"index":"index","follow":"follow","max-snippet":"max-snippet:-1","max-image-preview":"max-image-preview:large","max-video-preview":"max-video-preview:-1"},"canonical":"https:\/\/timeworksmods.com\/it\/garantia\/","og_locale":"it_IT","og_type":"article","og_title":"Pol\u00edtica de Garant\u00eda","og_description":"Conoce la garant\u00eda de Timeworks Mods y c\u00f3mo protegemos tus compras. Informaci\u00f3n sobre cobertura y condiciones aplicables.","og_url":"https:\/\/timeworksmods.com\/it\/garantia\/","og_site_name":"Timeworks\u2122 | Seiko Mods","article_modified_time":"2026-02-21T08:25:42+00:00","og_image":[{"width":1500,"height":200,"url":"https:\/\/timeworksmods.com\/wp-content\/uploads\/2025\/12\/ad972f10e0800b49d76fed33a21f6698.png","type":"image\/png"}],"twitter_card":"summary_large_image","twitter_misc":{"Est. reading time":"2 minuti"},"schema":{"@context":"https:\/\/schema.org","@graph":[{"@type":"WebPage","@id":"https:\/\/timeworksmods.com\/garantia\/","url":"https:\/\/timeworksmods.com\/garantia\/","name":"Pol\u00edtica de Garant\u00eda","isPartOf":{"@id":"https:\/\/timeworksmods.com\/#website"},"datePublished":"2025-12-18T08:42:43+00:00","dateModified":"2026-02-21T08:25:42+00:00","description":"Conoce la garant\u00eda de Timeworks Mods y c\u00f3mo protegemos tus compras. Informaci\u00f3n sobre cobertura y condiciones aplicables.","breadcrumb":{"@id":"https:\/\/timeworksmods.com\/garantia\/#breadcrumb"},"inLanguage":"it-IT","potentialAction":[{"@type":"ReadAction","target":["https:\/\/timeworksmods.com\/garantia\/"]}]},{"@type":"BreadcrumbList","@id":"https:\/\/timeworksmods.com\/garantia\/#breadcrumb","itemListElement":[{"@type":"ListItem","position":1,"name":"Portada","item":"https:\/\/timeworksmods.com\/"},{"@type":"ListItem","position":2,"name":"Garant\u00eda"}]},{"@type":"WebSite","@id":"https:\/\/timeworksmods.com\/#website","url":"https:\/\/timeworksmods.com\/","name":"Timeworks\u2122 | Modifiche Seiko","description":"La Tua Bottega di Modifiche Seiko Personalizzate","publisher":{"@id":"https:\/\/timeworksmods.com\/#organization"},"alternateName":"Timeworks\u2122 | Seiko Mods","potentialAction":[{"@type":"SearchAction","target":{"@type":"EntryPoint","urlTemplate":"https:\/\/timeworksmods.com\/?s={search_term_string}"},"query-input":{"@type":"PropertyValueSpecification","valueRequired":true,"valueName":"search_term_string"}}],"inLanguage":"it-IT"},{"@type":"Organization","@id":"https:\/\/timeworksmods.com\/#organization","name":"Timeworks\u2122 | Modifiche Seiko","alternateName":"Timeworks\u2122 | Seiko Mods","url":"https:\/\/timeworksmods.com\/","logo":{"@type":"ImageObject","inLanguage":"it-IT","@id":"https:\/\/timeworksmods.com\/#\/schema\/logo\/image\/","url":"https:\/\/timeworksmods.com\/wp-content\/uploads\/2025\/12\/ad972f10e0800b49d76fed33a21f6698.png","contentUrl":"https:\/\/timeworksmods.com\/wp-content\/uploads\/2025\/12\/ad972f10e0800b49d76fed33a21f6698.png","width":1500,"height":200,"caption":"Timeworks\u2122 | Seiko Mods"},"image":{"@id":"https:\/\/timeworksmods.com\/#\/schema\/logo\/image\/"}}]}},"_links":{"self":[{"href":"https:\/\/timeworksmods.com\/it\/wp-json\/wp\/v2\/pages\/2669","targetHints":{"allow":["GET"]}}],"collection":[{"href":"https:\/\/timeworksmods.com\/it\/wp-json\/wp\/v2\/pages"}],"about":[{"href":"https:\/\/timeworksmods.com\/it\/wp-json\/wp\/v2\/types\/page"}],"author":[{"embeddable":true,"href":"https:\/\/timeworksmods.com\/it\/wp-json\/wp\/v2\/users\/1"}],"replies":[{"embeddable":true,"href":"https:\/\/timeworksmods.com\/it\/wp-json\/wp\/v2\/comments?post=2669"}],"version-history":[{"count":8,"href":"https:\/\/timeworksmods.com\/it\/wp-json\/wp\/v2\/pages\/2669\/revisions"}],"predecessor-version":[{"id":4612,"href":"https:\/\/timeworksmods.com\/it\/wp-json\/wp\/v2\/pages\/2669\/revisions\/4612"}],"wp:attachment":[{"href":"https:\/\/timeworksmods.com\/it\/wp-json\/wp\/v2\/media?parent=2669"}],"curies":[{"name":"wp","href":"https:\/\/api.w.org\/{rel}","templated":true}]}}