{"id":2691,"date":"2025-12-18T10:03:34","date_gmt":"2025-12-18T09:03:34","guid":{"rendered":"https:\/\/timeworksmods.com\/?page_id=2691"},"modified":"2026-04-10T10:07:59","modified_gmt":"2026-04-10T08:07:59","slug":"aviso-legal","status":"publish","type":"page","link":"https:\/\/timeworksmods.com\/it\/aviso-legal\/","title":{"rendered":"Note legali"},"content":{"rendered":"<div data-elementor-type=\"wp-page\" data-elementor-id=\"2691\" class=\"elementor elementor-2691\" data-elementor-post-type=\"page\">\n\t\t\t\t<div class=\"e-con-top elementor-element elementor-element-4f2af731 e-flex e-con-boxed e-con e-parent\" data-id=\"4f2af731\" data-element_type=\"container\" data-e-type=\"container\">\n\t\t\t\t\t<div class=\"e-con-inner\">\n\t\t<div class=\"elementor-element elementor-element-1f6db296 e-con-full e-flex e-con e-child\" data-id=\"1f6db296\" data-element_type=\"container\" data-e-type=\"container\">\n\t\t\t\t<\/div>\n\t\t\t\t\t<\/div>\n\t\t\t\t<\/div>\n\t\t<div class=\"e-con-top elementor-element elementor-element-1a5c123b e-flex e-con-boxed e-con e-parent\" data-id=\"1a5c123b\" data-element_type=\"container\" data-e-type=\"container\">\n\t\t\t\t\t<div class=\"e-con-inner\">\n\t\t\t\t<div class=\"elementor-element elementor-element-680c758f elementor-widget elementor-widget-text-editor\" data-id=\"680c758f\" data-element_type=\"widget\" data-e-type=\"widget\" data-widget_type=\"text-editor.default\">\n\t\t\t\t\t\t\t\t\t<h2 class=\"wp-block-heading\">SIN AFILIACI\u00d3N DE MARCA<\/h2>\n<p data-start=\"392\" data-end=\"740\">En\u00a0<strong data-start=\"395\" data-end=\"413\">Timeworks Mods<\/strong>, nos especializamos en crear y vender relojes personalizados de alta calidad que utilizan movimientos\u00a0<strong data-start=\"516\" data-end=\"550\">Time Module Inc. (TMI)<\/strong>, una subsidiaria de\u00a0<strong data-start=\"571\" data-end=\"603\">Seiko Instruments Inc. (SII)<\/strong>. Nuestros relojes est\u00e1n dise\u00f1ados con pasi\u00f3n y respeto por la tradici\u00f3n relojera, empleando piezas de alta calidad ensambladas a mano.<\/p>\n<p data-start=\"742\" data-end=\"770\"><strong data-start=\"742\" data-end=\"768\">Aclaraci\u00f3n importante:<\/strong><\/p>\n<ul data-start=\"772\" data-end=\"1953\">\n<li data-start=\"772\" data-end=\"1182\">\n<p data-start=\"774\" data-end=\"1182\"><strong data-start=\"774\" data-end=\"803\">Sin afiliaci\u00f3n con Seiko:<\/strong>\u00a0Timeworks Mods no est\u00e1 afiliado, asociado, autorizado, avalado ni en ning\u00fan sentido oficialmente relacionado con\u00a0<strong data-start=\"917\" data-end=\"934\">Seiko Company<\/strong>\u00a0ni con ninguna de sus subsidiarias. Los relojes que vendemos son\u00a0<strong data-start=\"1000\" data-end=\"1033\">modificaciones personalizadas<\/strong> que utilizan movimientos originales. Nuestros productos son independientes y no deben considerarse como productos emitidos directamente por Seiko.<\/p>\n<\/li>\n<li data-start=\"1184\" data-end=\"1441\">\n<p data-start=\"1186\" data-end=\"1441\"><strong data-start=\"1186\" data-end=\"1216\">Origen de los componentes:<\/strong> Utilizamos movimientos fabricados por <strong data-start=\"516\" data-end=\"550\">Time Module Inc. (TMI)<\/strong>, adquiridos a trav\u00e9s de canales leg\u00edtimos e integrados en nuestras creaciones personalizadas. Cada reloj es ensamblado y ajustado con m\u00e1ximo cuidado por nuestros relojeros.<\/p>\n<\/li>\n<li data-start=\"1443\" data-end=\"1753\">\n<p data-start=\"1445\" data-end=\"1753\"><strong data-start=\"1445\" data-end=\"1475\">Personalizaci\u00f3n y calidad:<\/strong> Ogni orologio \u00e8 un pezzo unico, regolato manualmente per garantire la precisione entro gli standard del produttore. Il nostro processo di personalizzazione \u00e8 un omaggio all'orologeria tradizionale, offrendo ai nostri clienti <strong data-start=\"1709\" data-end=\"1750\">un dise\u00f1o exclusivo y de alta calidad<\/strong>.<\/p>\n<\/li>\n<li data-start=\"1755\" data-end=\"1953\">\n<p data-start=\"1757\" data-end=\"1953\"><strong data-start=\"1757\" data-end=\"1793\">Compromiso con la transparencia:<\/strong>\u00a0Garantiamo che i nostri clienti comprendano appieno la natura indipendente delle nostre creazioni e la\u00a0<strong data-start=\"1907\" data-end=\"1950\">falta de afiliaci\u00f3n con cualquier marca<\/strong>.<\/p>\n<\/li>\n<\/ul>\n<p data-start=\"1955\" data-end=\"2059\">Para cualquier duda, puedes contactarnos en\u00a0<strong data-start=\"1999\" data-end=\"2025\"><a class=\"decorated-link cursor-pointer\" rel=\"noopener\" data-start=\"2001\" data-end=\"2023\">info@timeworksmods.com<\/a><\/strong>\u00a0<\/p>\n<p data-start=\"1955\" data-end=\"2059\">\u00a0<\/p>\n<h2 class=\"wp-block-heading\">T\u00e9rminos de Servicio de Timeworks Mods<\/h2>\n<p data-start=\"2108\" data-end=\"2471\">Este sitio web es operado por\u00a0<strong data-start=\"2138\" data-end=\"2175\">\u00c1ngel S\u00e1nchez Dur\u00e1n, aut\u00f3nomo<\/strong>, comercializando como\u00a0<strong data-start=\"2198\" data-end=\"2216\">Timeworks Mods<\/strong>. A lo largo del sitio, los t\u00e9rminos \u201cnosotros\u201d, \u201cnos\u201d y \u201cnuestro\u201d se refieren a\u00a0<strong data-start=\"2297\" data-end=\"2315\">Timeworks Mods<\/strong>. El uso de este sitio web, incluyendo informaci\u00f3n, herramientas y servicios disponibles, est\u00e1 condicionado a la aceptaci\u00f3n de estos t\u00e9rminos y pol\u00edticas.<\/p>\n<div class=\"wp-block-group\">\u00a0<\/div>\n<p data-start=\"1665\" data-end=\"1955\"><strong data-start=\"1665\" data-end=\"1696\">Aceptaci\u00f3n de los T\u00e9rminos:<\/strong><br data-start=\"1696\" data-end=\"1699\" \/>Al acceder o utilizar este sitio web, aceptas los t\u00e9rminos y condiciones establecidos aqu\u00ed, incluyendo pol\u00edticas adicionales mencionadas en la web. Al realizar compras o interactuar con nuestros servicios, aceptas estar sujeto a estos T\u00e9rminos de Servicio.<\/p>\n<p data-start=\"1957\" data-end=\"2355\"><strong data-start=\"1957\" data-end=\"1978\">Edad y Uso Legal:<\/strong><br data-start=\"1978\" data-end=\"1981\" \/>Debes ser mayor de edad para utilizar nuestro sitio y comprar productos. El uso del sitio y de los productos ofrecidos debe ser legal y autorizado, sin transmitir virus ni c\u00f3digos da\u00f1inos que puedan afectar la funcionalidad de la web. Nos reservamos el derecho de rechazar pedidos o servicios por cualquier motivo y de limitar la venta de productos seg\u00fan nuestra discreci\u00f3n.<\/p>\n<p data-start=\"2357\" data-end=\"2826\"><strong data-start=\"2357\" data-end=\"2385\">Informaci\u00f3n y Exactitud:<\/strong><br data-start=\"2385\" data-end=\"2388\" \/>Toda la informaci\u00f3n que proporciones al registrarte o comprar debe ser completa y precisa, y es tu responsabilidad actualizarla cuando sea necesario. Hacemos lo posible por mostrar los productos con precisi\u00f3n, pero no podemos garantizar que los colores se reproduzcan exactamente en tu pantalla. Los productos, precios y disponibilidad pueden cambiar sin previo aviso, y algunos productos pueden estar disponibles exclusivamente en l\u00ednea.<\/p>\n<p data-start=\"2828\" data-end=\"3055\"><strong data-start=\"2828\" data-end=\"2852\">Produzione e Spedizioni:<\/strong><br data-start=\"2852\" data-end=\"2855\" \/>Tutti i nostri orologi sono prodotti su ordinazione, con un tempo di produzione e spedizione compreso tra 10 e 20 giorni. Ci riserviamo il diritto di modificare o interrompere prodotti e servizi senza preavviso.<\/p>\n<p data-start=\"3057\" data-end=\"3250\"><strong data-start=\"3057\" data-end=\"3096\">Herramientas y Enlaces de Terceros:<\/strong><br data-start=\"3096\" data-end=\"3099\" \/>El uso de herramientas o enlaces de terceros se proporciona \u201ctal cual\u201d y no asumimos responsabilidad por contenido, seguridad o transacciones externas.<\/p>\n<p data-start=\"3252\" data-end=\"3530\"><strong data-start=\"3252\" data-end=\"3288\">Comentarios y Retroalimentaci\u00f3n:<\/strong><br data-start=\"3288\" data-end=\"3291\" \/>Al enviarnos comentarios o ideas, aceptas que Timeworks Mods pueda utilizarlos libremente sin compensaci\u00f3n ni obligaci\u00f3n de confidencialidad. Los comentarios no deben infringir derechos de terceros ni incluir material ofensivo o malicioso.<\/p>\n<p data-start=\"3532\" data-end=\"3928\"><strong data-start=\"3532\" data-end=\"3570\">Informaci\u00f3n Personal y Privacidad:<\/strong><br data-start=\"3570\" data-end=\"3573\" \/>Le informazioni personali che raccogliamo vengono trattate in conformit\u00e0 con la nostra Informativa sulla privacy, rispettando il RGPD e la LOPDGDD, garantendone l'uso corretto per l'elaborazione degli ordini, l'adempimento degli obblighi legali e l'offerta di assistenza clienti. Gli utenti hanno il diritto di accedere, rettificare o cancellare i propri dati, nonch\u00e9 di revocare il proprio consenso al loro utilizzo.<\/p>\n<p data-start=\"3930\" data-end=\"4318\"><strong data-start=\"3930\" data-end=\"3964\">Limitaci\u00f3n de Responsabilidad:<\/strong><br data-start=\"3964\" data-end=\"3967\" \/>Timeworks Mods no garantiza resultados espec\u00edficos del uso del sitio ni la ausencia de errores, y no ser\u00e1 responsable de da\u00f1os directos, indirectos o consecuentes derivados del uso de los productos o servicios. Nos reservamos el derecho de terminar tu acceso al sitio si incumples estos t\u00e9rminos, y cualquier disputa se regir\u00e1 por las leyes de Espa\u00f1a.<\/p>\n<p data-start=\"4320\" data-end=\"4495\"><strong data-start=\"4320\" data-end=\"4348\">Informaci\u00f3n del proveedor:<\/strong><br data-start=\"4348\" data-end=\"4351\" \/>Timeworks Mods \u2013 Aut\u00f3nomo: \u00c1ngel S\u00e1nchez Dur\u00e1n<br data-start=\"4401\" data-end=\"4404\" \/>Direcci\u00f3n: Ba\u00f1os 18, Alange (06840), Badajoz, Espa\u00f1a<br data-start=\"4435\" data-end=\"4438\" \/>Email:\u00a0<a class=\"decorated-link cursor-pointer\" rel=\"noopener\" data-start=\"4445\" data-end=\"4467\">info@timeworksmods.com<\/a><br data-start=\"4467\" data-end=\"4470\" \/>Tel\u00e9fono: +34 684 485 188<\/p>\n<p><!-- \/wp:paragraph --><\/p>\t\t\t\t\t\t\t\t<\/div>\n\t\t\t\t\t<\/div>\n\t\t\t\t<\/div>\n\t\t\t\t<\/div>","protected":false},"excerpt":{"rendered":"<p>SIN AFILIACI\u00d3N DE MARCA En\u00a0Timeworks Mods, nos especializamos en crear y vender relojes personalizados de alta calidad que utilizan movimientos\u00a0Time Module Inc. (TMI), una subsidiaria de\u00a0Seiko Instruments Inc. (SII). Nuestros relojes est\u00e1n dise\u00f1ados con pasi\u00f3n y respeto por la tradici\u00f3n relojera, empleando piezas de alta calidad ensambladas a mano. Aclaraci\u00f3n importante: Sin afiliaci\u00f3n con Seiko:\u00a0Timeworks [&hellip;]<\/p>\n","protected":false},"author":1,"featured_media":0,"parent":0,"menu_order":0,"comment_status":"closed","ping_status":"closed","template":"template-builder.php","meta":{"_acf_changed":false,"_joinchat":[],"footnotes":""},"class_list":["post-2691","page","type-page","status-publish","hentry"],"acf":[],"yoast_head":"<!-- This site is optimized with the Yoast SEO plugin v27.4 - https:\/\/yoast.com\/product\/yoast-seo-wordpress\/ -->\n<title>Aviso legal | Timeworks\u2122 | Seiko Mods<\/title>\n<meta name=\"description\" content=\"Consulta el Aviso Legal de Timeworks Seiko Mods. Informaci\u00f3n sobre t\u00e9rminos, responsabilidades y condiciones de uso de nuestra web.\" \/>\n<meta name=\"robots\" content=\"noindex, nofollow\" \/>\n<meta property=\"og:locale\" content=\"it_IT\" \/>\n<meta property=\"og:type\" content=\"article\" \/>\n<meta property=\"og:title\" content=\"Aviso legal | Timeworks\u2122 | Seiko Mods\" \/>\n<meta property=\"og:description\" content=\"Consulta el Aviso Legal de Timeworks Seiko Mods. Informaci\u00f3n sobre t\u00e9rminos, responsabilidades y condiciones de uso de nuestra web.\" \/>\n<meta property=\"og:url\" content=\"https:\/\/timeworksmods.com\/it\/aviso-legal\/\" \/>\n<meta property=\"og:site_name\" content=\"Timeworks\u2122 | Seiko Mods\" \/>\n<meta property=\"article:modified_time\" content=\"2026-04-10T08:07:59+00:00\" \/>\n<meta property=\"og:image\" content=\"https:\/\/timeworksmods.com\/wp-content\/uploads\/2025\/12\/ad972f10e0800b49d76fed33a21f6698.png\" \/>\n\t<meta property=\"og:image:width\" content=\"1500\" \/>\n\t<meta property=\"og:image:height\" content=\"200\" \/>\n\t<meta property=\"og:image:type\" content=\"image\/png\" \/>\n<meta name=\"twitter:card\" content=\"summary_large_image\" \/>\n<meta name=\"twitter:label1\" content=\"Est. reading time\" \/>\n\t<meta name=\"twitter:data1\" content=\"4 minuti\" \/>\n<script type=\"application\/ld+json\" class=\"yoast-schema-graph\">{\"@context\":\"https:\\\/\\\/schema.org\",\"@graph\":[{\"@type\":\"WebPage\",\"@id\":\"https:\\\/\\\/timeworksmods.com\\\/aviso-legal\\\/\",\"url\":\"https:\\\/\\\/timeworksmods.com\\\/aviso-legal\\\/\",\"name\":\"Aviso legal | Timeworks\u2122 | Seiko Mods\",\"isPartOf\":{\"@id\":\"https:\\\/\\\/timeworksmods.com\\\/#website\"},\"datePublished\":\"2025-12-18T09:03:34+00:00\",\"dateModified\":\"2026-04-10T08:07:59+00:00\",\"description\":\"Consulta el Aviso Legal de Timeworks Seiko Mods. Informaci\u00f3n sobre t\u00e9rminos, responsabilidades y condiciones de uso de nuestra web.\",\"breadcrumb\":{\"@id\":\"https:\\\/\\\/timeworksmods.com\\\/aviso-legal\\\/#breadcrumb\"},\"inLanguage\":\"it-IT\",\"potentialAction\":[{\"@type\":\"ReadAction\",\"target\":[\"https:\\\/\\\/timeworksmods.com\\\/aviso-legal\\\/\"]}]},{\"@type\":\"BreadcrumbList\",\"@id\":\"https:\\\/\\\/timeworksmods.com\\\/aviso-legal\\\/#breadcrumb\",\"itemListElement\":[{\"@type\":\"ListItem\",\"position\":1,\"name\":\"Portada\",\"item\":\"https:\\\/\\\/timeworksmods.com\\\/\"},{\"@type\":\"ListItem\",\"position\":2,\"name\":\"Aviso legal\"}]},{\"@type\":\"WebSite\",\"@id\":\"https:\\\/\\\/timeworksmods.com\\\/#website\",\"url\":\"https:\\\/\\\/timeworksmods.com\\\/\",\"name\":\"Timeworks\u2122 | Seiko Mods\",\"description\":\"Tu Tienda de Seiko Mods Personalizados\",\"publisher\":{\"@id\":\"https:\\\/\\\/timeworksmods.com\\\/#organization\"},\"alternateName\":\"Timeworks\u2122 | Seiko Mods\",\"potentialAction\":[{\"@type\":\"SearchAction\",\"target\":{\"@type\":\"EntryPoint\",\"urlTemplate\":\"https:\\\/\\\/timeworksmods.com\\\/?s={search_term_string}\"},\"query-input\":{\"@type\":\"PropertyValueSpecification\",\"valueRequired\":true,\"valueName\":\"search_term_string\"}}],\"inLanguage\":\"it-IT\"},{\"@type\":\"Organization\",\"@id\":\"https:\\\/\\\/timeworksmods.com\\\/#organization\",\"name\":\"Timeworks\u2122 | Seiko Mods\",\"alternateName\":\"Timeworks\u2122 | Seiko Mods\",\"url\":\"https:\\\/\\\/timeworksmods.com\\\/\",\"logo\":{\"@type\":\"ImageObject\",\"inLanguage\":\"it-IT\",\"@id\":\"https:\\\/\\\/timeworksmods.com\\\/#\\\/schema\\\/logo\\\/image\\\/\",\"url\":\"https:\\\/\\\/timeworksmods.com\\\/wp-content\\\/uploads\\\/2025\\\/12\\\/ad972f10e0800b49d76fed33a21f6698.png\",\"contentUrl\":\"https:\\\/\\\/timeworksmods.com\\\/wp-content\\\/uploads\\\/2025\\\/12\\\/ad972f10e0800b49d76fed33a21f6698.png\",\"width\":1500,\"height\":200,\"caption\":\"Timeworks\u2122 | Seiko Mods\"},\"image\":{\"@id\":\"https:\\\/\\\/timeworksmods.com\\\/#\\\/schema\\\/logo\\\/image\\\/\"}}]}<\/script>\n<!-- \/ Yoast SEO plugin. -->","yoast_head_json":{"title":"Aviso legal | Timeworks\u2122 | Seiko Mods","description":"Consulta el Aviso Legal de Timeworks Seiko Mods. Informaci\u00f3n sobre t\u00e9rminos, responsabilidades y condiciones de uso de nuestra web.","robots":{"index":"noindex","follow":"nofollow"},"og_locale":"it_IT","og_type":"article","og_title":"Aviso legal | Timeworks\u2122 | Seiko Mods","og_description":"Consulta el Aviso Legal de Timeworks Seiko Mods. Informaci\u00f3n sobre t\u00e9rminos, responsabilidades y condiciones de uso de nuestra web.","og_url":"https:\/\/timeworksmods.com\/it\/aviso-legal\/","og_site_name":"Timeworks\u2122 | Seiko Mods","article_modified_time":"2026-04-10T08:07:59+00:00","og_image":[{"width":1500,"height":200,"url":"https:\/\/timeworksmods.com\/wp-content\/uploads\/2025\/12\/ad972f10e0800b49d76fed33a21f6698.png","type":"image\/png"}],"twitter_card":"summary_large_image","twitter_misc":{"Est. reading time":"4 minuti"},"schema":{"@context":"https:\/\/schema.org","@graph":[{"@type":"WebPage","@id":"https:\/\/timeworksmods.com\/aviso-legal\/","url":"https:\/\/timeworksmods.com\/aviso-legal\/","name":"Aviso legal | Timeworks\u2122 | Seiko Mods","isPartOf":{"@id":"https:\/\/timeworksmods.com\/#website"},"datePublished":"2025-12-18T09:03:34+00:00","dateModified":"2026-04-10T08:07:59+00:00","description":"Consulta el Aviso Legal de Timeworks Seiko Mods. Informaci\u00f3n sobre t\u00e9rminos, responsabilidades y condiciones de uso de nuestra web.","breadcrumb":{"@id":"https:\/\/timeworksmods.com\/aviso-legal\/#breadcrumb"},"inLanguage":"it-IT","potentialAction":[{"@type":"ReadAction","target":["https:\/\/timeworksmods.com\/aviso-legal\/"]}]},{"@type":"BreadcrumbList","@id":"https:\/\/timeworksmods.com\/aviso-legal\/#breadcrumb","itemListElement":[{"@type":"ListItem","position":1,"name":"Portada","item":"https:\/\/timeworksmods.com\/"},{"@type":"ListItem","position":2,"name":"Aviso legal"}]},{"@type":"WebSite","@id":"https:\/\/timeworksmods.com\/#website","url":"https:\/\/timeworksmods.com\/","name":"Timeworks\u2122 | Modifiche Seiko","description":"La Tua Bottega di Modifiche Seiko Personalizzate","publisher":{"@id":"https:\/\/timeworksmods.com\/#organization"},"alternateName":"Timeworks\u2122 | Seiko Mods","potentialAction":[{"@type":"SearchAction","target":{"@type":"EntryPoint","urlTemplate":"https:\/\/timeworksmods.com\/?s={search_term_string}"},"query-input":{"@type":"PropertyValueSpecification","valueRequired":true,"valueName":"search_term_string"}}],"inLanguage":"it-IT"},{"@type":"Organization","@id":"https:\/\/timeworksmods.com\/#organization","name":"Timeworks\u2122 | Modifiche Seiko","alternateName":"Timeworks\u2122 | Seiko Mods","url":"https:\/\/timeworksmods.com\/","logo":{"@type":"ImageObject","inLanguage":"it-IT","@id":"https:\/\/timeworksmods.com\/#\/schema\/logo\/image\/","url":"https:\/\/timeworksmods.com\/wp-content\/uploads\/2025\/12\/ad972f10e0800b49d76fed33a21f6698.png","contentUrl":"https:\/\/timeworksmods.com\/wp-content\/uploads\/2025\/12\/ad972f10e0800b49d76fed33a21f6698.png","width":1500,"height":200,"caption":"Timeworks\u2122 | Seiko Mods"},"image":{"@id":"https:\/\/timeworksmods.com\/#\/schema\/logo\/image\/"}}]}},"_links":{"self":[{"href":"https:\/\/timeworksmods.com\/it\/wp-json\/wp\/v2\/pages\/2691","targetHints":{"allow":["GET"]}}],"collection":[{"href":"https:\/\/timeworksmods.com\/it\/wp-json\/wp\/v2\/pages"}],"about":[{"href":"https:\/\/timeworksmods.com\/it\/wp-json\/wp\/v2\/types\/page"}],"author":[{"embeddable":true,"href":"https:\/\/timeworksmods.com\/it\/wp-json\/wp\/v2\/users\/1"}],"replies":[{"embeddable":true,"href":"https:\/\/timeworksmods.com\/it\/wp-json\/wp\/v2\/comments?post=2691"}],"version-history":[{"count":9,"href":"https:\/\/timeworksmods.com\/it\/wp-json\/wp\/v2\/pages\/2691\/revisions"}],"predecessor-version":[{"id":4611,"href":"https:\/\/timeworksmods.com\/it\/wp-json\/wp\/v2\/pages\/2691\/revisions\/4611"}],"wp:attachment":[{"href":"https:\/\/timeworksmods.com\/it\/wp-json\/wp\/v2\/media?parent=2691"}],"curies":[{"name":"wp","href":"https:\/\/api.w.org\/{rel}","templated":true}]}}