{"id":1033,"date":"2025-12-06T18:17:44","date_gmt":"2025-12-06T18:17:44","guid":{"rendered":"https:\/\/timeworksmods.com\/?post_type=product&#038;p=1033"},"modified":"2026-04-13T08:48:59","modified_gmt":"2026-04-13T06:48:59","slug":"royal-seikoak-white","status":"publish","type":"product","link":"https:\/\/timeworksmods.com\/it\/product\/royal-seikoak-white\/","title":{"rendered":"Seiko Royal Oak Bianco"},"content":{"rendered":"<p data-start=\"199\" data-end=\"504\">Ispirato alle grandi icone dell'orologeria sportiva di lusso, questo mod offre un design elegante, sportivo e all'avanguardia, con una ghiera distintiva e linee sofisticate. Una reinterpretazione moderna dotata di <strong data-start=\"417\" data-end=\"472\">movimento automatico giapponese di comprovata affidabilit\u00e0<\/strong> e materiali di alta qualit\u00e0.<\/p>\n<p data-start=\"506\" data-end=\"770\">Il calibro giapponese opera a 21.600 alternanze all'ora (3 Hz), dispone di carica automatica e manuale, funzione di fermo del bilanciere (hacking) per una regolazione esatta dell'ora e offre una riserva di carica approssimativa di 41 ore, ideale per un uso continuativo.<\/p>\n<p data-start=\"772\" data-end=\"1149\">La caja de acero inoxidable 316L proporciona una elevada resistencia a la corrosi\u00f3n y a los impactos cotidianos, mientras que el cristal de zafiro asegura una protecci\u00f3n superior frente a ara\u00f1azos y una visibilidad impecable. El resultado es un reloj elegante, deportivo y altamente fiable, pensado tanto para el uso diario como para los entusiastas de la relojer\u00eda mec\u00e1nica.<\/p>","protected":false},"excerpt":{"rendered":"<p>Questa mod combina la sofisticazione sportiva dei design classici degli orologi con l'affidabilit\u00e0 di un <strong data-start=\"263\" data-end=\"314\">movimento automatico giapponese di alta precisione<\/strong>. Un omaggio che rispetta l'essenza degli orologi iconici, reinterpretato con materiali moderni e un'esecuzione meticolosa.<\/p>","protected":false},"featured_media":975,"comment_status":"open","ping_status":"closed","template":"","meta":{"_acf_changed":false,"_joinchat":[]},"product_cat":[104],"product_tag":[],"class_list":{"0":"post-1033","1":"product","2":"type-product","3":"status-publish","4":"has-post-thumbnail","6":"product_cat-royal-seikoak","8":"first","9":"instock","10":"sale","11":"taxable","12":"shipping-taxable","13":"purchasable","14":"product-type-simple","swatches":"rey-swatches","show_selected":""},"acf":[],"yoast_head":"<!-- This site is optimized with the Yoast SEO plugin v27.4 - https:\/\/yoast.com\/product\/yoast-seo-wordpress\/ -->\n<title>Royal Seikoak White | Timeworks\u2122 | Seiko Mods<\/title>\n<meta name=\"description\" content=\"Este mod combina la sofisticaci\u00f3n deportiva de los dise\u00f1os cl\u00e1sicos de relojer\u00eda con la fiabilidad de un movimiento autom\u00e1tico japon\u00e9s de alta precisi\u00f3n. Un homenaje que respeta la esencia de los relojes ic\u00f3nicos, reinterpretado con materiales modernos y una ejecuci\u00f3n meticulosa.\" \/>\n<meta name=\"robots\" content=\"index, follow, max-snippet:-1, max-image-preview:large, max-video-preview:-1\" \/>\n<link rel=\"canonical\" href=\"https:\/\/timeworksmods.com\/it\/product\/royal-seikoak-white\/\" \/>\n<meta property=\"og:locale\" content=\"it_IT\" \/>\n<meta property=\"og:type\" content=\"article\" \/>\n<meta property=\"og:title\" content=\"Royal Seikoak White | Timeworks\u2122 | Seiko Mods\" \/>\n<meta property=\"og:description\" content=\"Este mod combina la sofisticaci\u00f3n deportiva de los dise\u00f1os cl\u00e1sicos de relojer\u00eda con la fiabilidad de un movimiento autom\u00e1tico japon\u00e9s de alta precisi\u00f3n. Un homenaje que respeta la esencia de los relojes ic\u00f3nicos, reinterpretado con materiales modernos y una ejecuci\u00f3n meticulosa.\" \/>\n<meta property=\"og:url\" content=\"https:\/\/timeworksmods.com\/it\/product\/royal-seikoak-white\/\" \/>\n<meta property=\"og:site_name\" content=\"Timeworks\u2122 | Seiko Mods\" \/>\n<meta property=\"article:modified_time\" content=\"2026-04-13T06:48:59+00:00\" \/>\n<meta property=\"og:image\" content=\"https:\/\/timeworksmods.com\/wp-content\/uploads\/2025\/12\/92977ae4d2ba21425a59afb269c2a14e.jpg\" \/>\n\t<meta property=\"og:image:width\" content=\"1200\" \/>\n\t<meta property=\"og:image:height\" content=\"1200\" \/>\n\t<meta property=\"og:image:type\" content=\"image\/jpeg\" \/>\n<meta name=\"twitter:card\" content=\"summary_large_image\" \/>\n<meta name=\"twitter:label1\" content=\"Est. reading time\" \/>\n\t<meta name=\"twitter:data1\" content=\"1 minuto\" \/>\n<script type=\"application\/ld+json\" class=\"yoast-schema-graph\">{\"@context\":\"https:\\\/\\\/schema.org\",\"@graph\":[{\"@type\":\"WebPage\",\"@id\":\"https:\\\/\\\/timeworksmods.com\\\/producto\\\/royal-seikoak-white\\\/\",\"url\":\"https:\\\/\\\/timeworksmods.com\\\/producto\\\/royal-seikoak-white\\\/\",\"name\":\"Royal Seikoak White | Timeworks\u2122 | Seiko Mods\",\"isPartOf\":{\"@id\":\"https:\\\/\\\/timeworksmods.com\\\/#website\"},\"primaryImageOfPage\":{\"@id\":\"https:\\\/\\\/timeworksmods.com\\\/producto\\\/royal-seikoak-white\\\/#primaryimage\"},\"image\":{\"@id\":\"https:\\\/\\\/timeworksmods.com\\\/producto\\\/royal-seikoak-white\\\/#primaryimage\"},\"thumbnailUrl\":\"https:\\\/\\\/timeworksmods.com\\\/wp-content\\\/uploads\\\/2025\\\/12\\\/92977ae4d2ba21425a59afb269c2a14e.jpg\",\"datePublished\":\"2025-12-06T18:17:44+00:00\",\"dateModified\":\"2026-04-13T06:48:59+00:00\",\"description\":\"Este mod combina la sofisticaci\u00f3n deportiva de los dise\u00f1os cl\u00e1sicos de relojer\u00eda con la fiabilidad de un movimiento autom\u00e1tico japon\u00e9s de alta precisi\u00f3n. Un homenaje que respeta la esencia de los relojes ic\u00f3nicos, reinterpretado con materiales modernos y una ejecuci\u00f3n meticulosa.\",\"breadcrumb\":{\"@id\":\"https:\\\/\\\/timeworksmods.com\\\/producto\\\/royal-seikoak-white\\\/#breadcrumb\"},\"inLanguage\":\"it-IT\",\"potentialAction\":[{\"@type\":\"ReadAction\",\"target\":[\"https:\\\/\\\/timeworksmods.com\\\/producto\\\/royal-seikoak-white\\\/\"]}]},{\"@type\":\"ImageObject\",\"inLanguage\":\"it-IT\",\"@id\":\"https:\\\/\\\/timeworksmods.com\\\/producto\\\/royal-seikoak-white\\\/#primaryimage\",\"url\":\"https:\\\/\\\/timeworksmods.com\\\/wp-content\\\/uploads\\\/2025\\\/12\\\/92977ae4d2ba21425a59afb269c2a14e.jpg\",\"contentUrl\":\"https:\\\/\\\/timeworksmods.com\\\/wp-content\\\/uploads\\\/2025\\\/12\\\/92977ae4d2ba21425a59afb269c2a14e.jpg\",\"width\":1200,\"height\":1200},{\"@type\":\"BreadcrumbList\",\"@id\":\"https:\\\/\\\/timeworksmods.com\\\/producto\\\/royal-seikoak-white\\\/#breadcrumb\",\"itemListElement\":[{\"@type\":\"ListItem\",\"position\":1,\"name\":\"Portada\",\"item\":\"https:\\\/\\\/timeworksmods.com\\\/\"},{\"@type\":\"ListItem\",\"position\":2,\"name\":\"Tienda\",\"item\":\"https:\\\/\\\/timeworksmods.com\\\/tienda\\\/\"},{\"@type\":\"ListItem\",\"position\":3,\"name\":\"Royal Seikoak White\"}]},{\"@type\":\"WebSite\",\"@id\":\"https:\\\/\\\/timeworksmods.com\\\/#website\",\"url\":\"https:\\\/\\\/timeworksmods.com\\\/\",\"name\":\"Timeworks\u2122 | Seiko Mods\",\"description\":\"Tu Tienda de Seiko Mods Personalizados\",\"publisher\":{\"@id\":\"https:\\\/\\\/timeworksmods.com\\\/#organization\"},\"alternateName\":\"Timeworks\u2122 | Seiko Mods\",\"potentialAction\":[{\"@type\":\"SearchAction\",\"target\":{\"@type\":\"EntryPoint\",\"urlTemplate\":\"https:\\\/\\\/timeworksmods.com\\\/?s={search_term_string}\"},\"query-input\":{\"@type\":\"PropertyValueSpecification\",\"valueRequired\":true,\"valueName\":\"search_term_string\"}}],\"inLanguage\":\"it-IT\"},{\"@type\":\"Organization\",\"@id\":\"https:\\\/\\\/timeworksmods.com\\\/#organization\",\"name\":\"Timeworks\u2122 | Seiko Mods\",\"alternateName\":\"Timeworks\u2122 | Seiko Mods\",\"url\":\"https:\\\/\\\/timeworksmods.com\\\/\",\"logo\":{\"@type\":\"ImageObject\",\"inLanguage\":\"it-IT\",\"@id\":\"https:\\\/\\\/timeworksmods.com\\\/#\\\/schema\\\/logo\\\/image\\\/\",\"url\":\"https:\\\/\\\/timeworksmods.com\\\/wp-content\\\/uploads\\\/2025\\\/12\\\/ad972f10e0800b49d76fed33a21f6698.png\",\"contentUrl\":\"https:\\\/\\\/timeworksmods.com\\\/wp-content\\\/uploads\\\/2025\\\/12\\\/ad972f10e0800b49d76fed33a21f6698.png\",\"width\":1500,\"height\":200,\"caption\":\"Timeworks\u2122 | Seiko Mods\"},\"image\":{\"@id\":\"https:\\\/\\\/timeworksmods.com\\\/#\\\/schema\\\/logo\\\/image\\\/\"}}]}<\/script>\n<!-- \/ Yoast SEO plugin. -->","yoast_head_json":{"title":"Royal Seikoak White | Timeworks\u2122 | Seiko Mods","description":"Questa mod unisce la sofisticazione sportiva dei design classici degli orologi con l'affidabilit\u00e0 di un movimento automatico giapponese di alta precisione. Un omaggio che rispetta l'essenza degli orologi iconici, reinterpretato con materiali moderni e un'esecuzione meticolosa.","robots":{"index":"index","follow":"follow","max-snippet":"max-snippet:-1","max-image-preview":"max-image-preview:large","max-video-preview":"max-video-preview:-1"},"canonical":"https:\/\/timeworksmods.com\/it\/product\/royal-seikoak-white\/","og_locale":"it_IT","og_type":"article","og_title":"Royal Seikoak White | Timeworks\u2122 | Seiko Mods","og_description":"Este mod combina la sofisticaci\u00f3n deportiva de los dise\u00f1os cl\u00e1sicos de relojer\u00eda con la fiabilidad de un movimiento autom\u00e1tico japon\u00e9s de alta precisi\u00f3n. Un homenaje que respeta la esencia de los relojes ic\u00f3nicos, reinterpretado con materiales modernos y una ejecuci\u00f3n meticulosa.","og_url":"https:\/\/timeworksmods.com\/it\/product\/royal-seikoak-white\/","og_site_name":"Timeworks\u2122 | Seiko Mods","article_modified_time":"2026-04-13T06:48:59+00:00","og_image":[{"width":1200,"height":1200,"url":"https:\/\/timeworksmods.com\/wp-content\/uploads\/2025\/12\/92977ae4d2ba21425a59afb269c2a14e.jpg","type":"image\/jpeg"}],"twitter_card":"summary_large_image","twitter_misc":{"Est. reading time":"1 minuto"},"schema":{"@context":"https:\/\/schema.org","@graph":[{"@type":"WebPage","@id":"https:\/\/timeworksmods.com\/producto\/royal-seikoak-white\/","url":"https:\/\/timeworksmods.com\/producto\/royal-seikoak-white\/","name":"Royal Seikoak White | Timeworks\u2122 | Seiko Mods","isPartOf":{"@id":"https:\/\/timeworksmods.com\/#website"},"primaryImageOfPage":{"@id":"https:\/\/timeworksmods.com\/producto\/royal-seikoak-white\/#primaryimage"},"image":{"@id":"https:\/\/timeworksmods.com\/producto\/royal-seikoak-white\/#primaryimage"},"thumbnailUrl":"https:\/\/timeworksmods.com\/wp-content\/uploads\/2025\/12\/92977ae4d2ba21425a59afb269c2a14e.jpg","datePublished":"2025-12-06T18:17:44+00:00","dateModified":"2026-04-13T06:48:59+00:00","description":"Questa mod unisce la sofisticazione sportiva dei design classici degli orologi con l'affidabilit\u00e0 di un movimento automatico giapponese di alta precisione. Un omaggio che rispetta l'essenza degli orologi iconici, reinterpretato con materiali moderni e un'esecuzione meticolosa.","breadcrumb":{"@id":"https:\/\/timeworksmods.com\/producto\/royal-seikoak-white\/#breadcrumb"},"inLanguage":"it-IT","potentialAction":[{"@type":"ReadAction","target":["https:\/\/timeworksmods.com\/producto\/royal-seikoak-white\/"]}]},{"@type":"ImageObject","inLanguage":"it-IT","@id":"https:\/\/timeworksmods.com\/producto\/royal-seikoak-white\/#primaryimage","url":"https:\/\/timeworksmods.com\/wp-content\/uploads\/2025\/12\/92977ae4d2ba21425a59afb269c2a14e.jpg","contentUrl":"https:\/\/timeworksmods.com\/wp-content\/uploads\/2025\/12\/92977ae4d2ba21425a59afb269c2a14e.jpg","width":1200,"height":1200},{"@type":"BreadcrumbList","@id":"https:\/\/timeworksmods.com\/producto\/royal-seikoak-white\/#breadcrumb","itemListElement":[{"@type":"ListItem","position":1,"name":"Portada","item":"https:\/\/timeworksmods.com\/"},{"@type":"ListItem","position":2,"name":"Tienda","item":"https:\/\/timeworksmods.com\/tienda\/"},{"@type":"ListItem","position":3,"name":"Royal Seikoak White"}]},{"@type":"WebSite","@id":"https:\/\/timeworksmods.com\/#website","url":"https:\/\/timeworksmods.com\/","name":"Timeworks\u2122 | Modifiche Seiko","description":"La Tua Bottega di Modifiche Seiko Personalizzate","publisher":{"@id":"https:\/\/timeworksmods.com\/#organization"},"alternateName":"Timeworks\u2122 | Seiko Mods","potentialAction":[{"@type":"SearchAction","target":{"@type":"EntryPoint","urlTemplate":"https:\/\/timeworksmods.com\/?s={search_term_string}"},"query-input":{"@type":"PropertyValueSpecification","valueRequired":true,"valueName":"search_term_string"}}],"inLanguage":"it-IT"},{"@type":"Organization","@id":"https:\/\/timeworksmods.com\/#organization","name":"Timeworks\u2122 | Modifiche Seiko","alternateName":"Timeworks\u2122 | Seiko Mods","url":"https:\/\/timeworksmods.com\/","logo":{"@type":"ImageObject","inLanguage":"it-IT","@id":"https:\/\/timeworksmods.com\/#\/schema\/logo\/image\/","url":"https:\/\/timeworksmods.com\/wp-content\/uploads\/2025\/12\/ad972f10e0800b49d76fed33a21f6698.png","contentUrl":"https:\/\/timeworksmods.com\/wp-content\/uploads\/2025\/12\/ad972f10e0800b49d76fed33a21f6698.png","width":1500,"height":200,"caption":"Timeworks\u2122 | Seiko Mods"},"image":{"@id":"https:\/\/timeworksmods.com\/#\/schema\/logo\/image\/"}}]}},"_links":{"self":[{"href":"https:\/\/timeworksmods.com\/it\/wp-json\/wp\/v2\/product\/1033","targetHints":{"allow":["GET"]}}],"collection":[{"href":"https:\/\/timeworksmods.com\/it\/wp-json\/wp\/v2\/product"}],"about":[{"href":"https:\/\/timeworksmods.com\/it\/wp-json\/wp\/v2\/types\/product"}],"replies":[{"embeddable":true,"href":"https:\/\/timeworksmods.com\/it\/wp-json\/wp\/v2\/comments?post=1033"}],"wp:featuredmedia":[{"embeddable":true,"href":"https:\/\/timeworksmods.com\/it\/wp-json\/wp\/v2\/media\/975"}],"wp:attachment":[{"href":"https:\/\/timeworksmods.com\/it\/wp-json\/wp\/v2\/media?parent=1033"}],"wp:term":[{"taxonomy":"product_cat","embeddable":true,"href":"https:\/\/timeworksmods.com\/it\/wp-json\/wp\/v2\/product_cat?post=1033"},{"taxonomy":"product_tag","embeddable":true,"href":"https:\/\/timeworksmods.com\/it\/wp-json\/wp\/v2\/product_tag?post=1033"}],"curies":[{"name":"wp","href":"https:\/\/api.w.org\/{rel}","templated":true}]}}