{"id":1044,"date":"2025-12-06T18:43:12","date_gmt":"2025-12-06T18:43:12","guid":{"rendered":"https:\/\/timeworksmods.com\/?post_type=product&#038;p=1044"},"modified":"2026-04-13T08:47:18","modified_gmt":"2026-04-13T06:47:18","slug":"paneiko-brown","status":"publish","type":"product","link":"https:\/\/timeworksmods.com\/it\/product\/paneiko-brown\/","title":{"rendered":"Paneiko Brown"},"content":{"rendered":"<p data-start=\"211\" data-end=\"617\">Ispirato ai grandi icone dell'orologeria di ispirazione militare e nautica, questo mod offre un design robusto, funzionale e di grande presenza, con eccellente leggibilit\u00e0 e uno stile distintivo della corona che apporta sicurezza aggiuntiva e garantisce una buona impermeabilit\u00e0. Una reinterpretazione moderna equipaggiata con <strong data-start=\"530\" data-end=\"585\">movimento automatico giapponese di comprovata affidabilit\u00e0<\/strong> e materiali di alta qualit\u00e0.<\/p>\n<p data-start=\"619\" data-end=\"884\">Il calibro giapponese opera a 21.600 alternanze all'ora (3 Hz), dispone di carica automatica e manuale, funzione di fermo macchina (hacking) per una regolazione precisa dell'ora, e offre una riserva di carica di circa 41 ore, ideale per un uso continuativo.<\/p>\n<p data-start=\"886\" data-end=\"1319\">La cassa in acciaio inossidabile 316L offre un'elevata resistenza alla corrosione e agli urti quotidiani. \u00c8 completata da un vetro zaffiro, che assicura una protezione superiore dai graffi e una visibilit\u00e0 impeccabile in qualsiasi ambiente. Il risultato \u00e8 un orologio robusto, funzionale e altamente affidabile, pensato sia per l'uso quotidiano che per gli appassionati di orologeria meccanica in stile militare e professionale.<\/p>","protected":false},"excerpt":{"rendered":"<p>Questa mod combina la robustezza funzionale dei design classici dell'orologeria di ispirazione militare con l'affidabilit\u00e0 di un <strong data-start=\"299\" data-end=\"350\">movimento automatico giapponese di alta precisione<\/strong>. Un omaggio che onora l'essenza dell'iconico stile italiano, reinterpretato con materiali contemporanei e una costruzione meticolosa.<\/p>","protected":false},"featured_media":980,"comment_status":"open","ping_status":"closed","template":"","meta":{"_acf_changed":false,"_joinchat":[]},"product_cat":[102],"product_tag":[],"class_list":{"0":"post-1044","1":"product","2":"type-product","3":"status-publish","4":"has-post-thumbnail","6":"product_cat-paneiko","8":"first","9":"instock","10":"sale","11":"taxable","12":"shipping-taxable","13":"purchasable","14":"product-type-simple","swatches":"rey-swatches","show_selected":""},"acf":[],"yoast_head":"<!-- This site is optimized with the Yoast SEO plugin v27.4 - https:\/\/yoast.com\/product\/yoast-seo-wordpress\/ -->\n<title>Paneiko Brown | Timeworks\u2122 | Seiko Mods<\/title>\n<meta name=\"description\" content=\"Este mod combina la robustez funcional de los dise\u00f1os cl\u00e1sicos de relojer\u00eda de inspiraci\u00f3n militar con la fiabilidad de un movimiento autom\u00e1tico japon\u00e9s de alta precisi\u00f3n. Un homenaje que honra la esencia del estilo italiano ic\u00f3nico, reinterpretado con materiales contempor\u00e1neos y una construcci\u00f3n meticulosa.\" \/>\n<meta name=\"robots\" content=\"index, follow, max-snippet:-1, max-image-preview:large, max-video-preview:-1\" \/>\n<link rel=\"canonical\" href=\"https:\/\/timeworksmods.com\/it\/product\/paneiko-brown\/\" \/>\n<meta property=\"og:locale\" content=\"it_IT\" \/>\n<meta property=\"og:type\" content=\"article\" \/>\n<meta property=\"og:title\" content=\"Paneiko Brown | Timeworks\u2122 | Seiko Mods\" \/>\n<meta property=\"og:description\" content=\"Este mod combina la robustez funcional de los dise\u00f1os cl\u00e1sicos de relojer\u00eda de inspiraci\u00f3n militar con la fiabilidad de un movimiento autom\u00e1tico japon\u00e9s de alta precisi\u00f3n. Un homenaje que honra la esencia del estilo italiano ic\u00f3nico, reinterpretado con materiales contempor\u00e1neos y una construcci\u00f3n meticulosa.\" \/>\n<meta property=\"og:url\" content=\"https:\/\/timeworksmods.com\/it\/product\/paneiko-brown\/\" \/>\n<meta property=\"og:site_name\" content=\"Timeworks\u2122 | Seiko Mods\" \/>\n<meta property=\"article:modified_time\" content=\"2026-04-13T06:47:18+00:00\" \/>\n<meta property=\"og:image\" content=\"https:\/\/timeworksmods.com\/wp-content\/uploads\/2025\/12\/d79aac075930c83c2f1e369a511148fe.jpg\" \/>\n\t<meta property=\"og:image:width\" content=\"1200\" \/>\n\t<meta property=\"og:image:height\" content=\"1200\" \/>\n\t<meta property=\"og:image:type\" content=\"image\/jpeg\" \/>\n<meta name=\"twitter:card\" content=\"summary_large_image\" \/>\n<meta name=\"twitter:label1\" content=\"Est. reading time\" \/>\n\t<meta name=\"twitter:data1\" content=\"1 minuto\" \/>\n<script type=\"application\/ld+json\" class=\"yoast-schema-graph\">{\"@context\":\"https:\\\/\\\/schema.org\",\"@graph\":[{\"@type\":\"WebPage\",\"@id\":\"https:\\\/\\\/timeworksmods.com\\\/producto\\\/paneiko-brown\\\/\",\"url\":\"https:\\\/\\\/timeworksmods.com\\\/producto\\\/paneiko-brown\\\/\",\"name\":\"Paneiko Brown | Timeworks\u2122 | Seiko Mods\",\"isPartOf\":{\"@id\":\"https:\\\/\\\/timeworksmods.com\\\/#website\"},\"primaryImageOfPage\":{\"@id\":\"https:\\\/\\\/timeworksmods.com\\\/producto\\\/paneiko-brown\\\/#primaryimage\"},\"image\":{\"@id\":\"https:\\\/\\\/timeworksmods.com\\\/producto\\\/paneiko-brown\\\/#primaryimage\"},\"thumbnailUrl\":\"https:\\\/\\\/timeworksmods.com\\\/wp-content\\\/uploads\\\/2025\\\/12\\\/d79aac075930c83c2f1e369a511148fe.jpg\",\"datePublished\":\"2025-12-06T18:43:12+00:00\",\"dateModified\":\"2026-04-13T06:47:18+00:00\",\"description\":\"Este mod combina la robustez funcional de los dise\u00f1os cl\u00e1sicos de relojer\u00eda de inspiraci\u00f3n militar con la fiabilidad de un movimiento autom\u00e1tico japon\u00e9s de alta precisi\u00f3n. Un homenaje que honra la esencia del estilo italiano ic\u00f3nico, reinterpretado con materiales contempor\u00e1neos y una construcci\u00f3n meticulosa.\",\"breadcrumb\":{\"@id\":\"https:\\\/\\\/timeworksmods.com\\\/producto\\\/paneiko-brown\\\/#breadcrumb\"},\"inLanguage\":\"it-IT\",\"potentialAction\":[{\"@type\":\"ReadAction\",\"target\":[\"https:\\\/\\\/timeworksmods.com\\\/producto\\\/paneiko-brown\\\/\"]}]},{\"@type\":\"ImageObject\",\"inLanguage\":\"it-IT\",\"@id\":\"https:\\\/\\\/timeworksmods.com\\\/producto\\\/paneiko-brown\\\/#primaryimage\",\"url\":\"https:\\\/\\\/timeworksmods.com\\\/wp-content\\\/uploads\\\/2025\\\/12\\\/d79aac075930c83c2f1e369a511148fe.jpg\",\"contentUrl\":\"https:\\\/\\\/timeworksmods.com\\\/wp-content\\\/uploads\\\/2025\\\/12\\\/d79aac075930c83c2f1e369a511148fe.jpg\",\"width\":1200,\"height\":1200},{\"@type\":\"BreadcrumbList\",\"@id\":\"https:\\\/\\\/timeworksmods.com\\\/producto\\\/paneiko-brown\\\/#breadcrumb\",\"itemListElement\":[{\"@type\":\"ListItem\",\"position\":1,\"name\":\"Portada\",\"item\":\"https:\\\/\\\/timeworksmods.com\\\/\"},{\"@type\":\"ListItem\",\"position\":2,\"name\":\"Tienda\",\"item\":\"https:\\\/\\\/timeworksmods.com\\\/tienda\\\/\"},{\"@type\":\"ListItem\",\"position\":3,\"name\":\"Paneiko Brown\"}]},{\"@type\":\"WebSite\",\"@id\":\"https:\\\/\\\/timeworksmods.com\\\/#website\",\"url\":\"https:\\\/\\\/timeworksmods.com\\\/\",\"name\":\"Timeworks\u2122 | Seiko Mods\",\"description\":\"Tu Tienda de Seiko Mods Personalizados\",\"publisher\":{\"@id\":\"https:\\\/\\\/timeworksmods.com\\\/#organization\"},\"alternateName\":\"Timeworks\u2122 | Seiko Mods\",\"potentialAction\":[{\"@type\":\"SearchAction\",\"target\":{\"@type\":\"EntryPoint\",\"urlTemplate\":\"https:\\\/\\\/timeworksmods.com\\\/?s={search_term_string}\"},\"query-input\":{\"@type\":\"PropertyValueSpecification\",\"valueRequired\":true,\"valueName\":\"search_term_string\"}}],\"inLanguage\":\"it-IT\"},{\"@type\":\"Organization\",\"@id\":\"https:\\\/\\\/timeworksmods.com\\\/#organization\",\"name\":\"Timeworks\u2122 | Seiko Mods\",\"alternateName\":\"Timeworks\u2122 | Seiko Mods\",\"url\":\"https:\\\/\\\/timeworksmods.com\\\/\",\"logo\":{\"@type\":\"ImageObject\",\"inLanguage\":\"it-IT\",\"@id\":\"https:\\\/\\\/timeworksmods.com\\\/#\\\/schema\\\/logo\\\/image\\\/\",\"url\":\"https:\\\/\\\/timeworksmods.com\\\/wp-content\\\/uploads\\\/2025\\\/12\\\/ad972f10e0800b49d76fed33a21f6698.png\",\"contentUrl\":\"https:\\\/\\\/timeworksmods.com\\\/wp-content\\\/uploads\\\/2025\\\/12\\\/ad972f10e0800b49d76fed33a21f6698.png\",\"width\":1500,\"height\":200,\"caption\":\"Timeworks\u2122 | Seiko Mods\"},\"image\":{\"@id\":\"https:\\\/\\\/timeworksmods.com\\\/#\\\/schema\\\/logo\\\/image\\\/\"}}]}<\/script>\n<!-- \/ Yoast SEO plugin. -->","yoast_head_json":{"title":"Paneiko Brown | Timeworks\u2122 | Modifiche Seiko","description":"Questa mod unisce la robustezza funzionale dei classici design di orologeria di ispirazione militare con l'affidabilit\u00e0 di un movimento automatico giapponese di alta precisione. Un omaggio che onora l'essenza dello stile italiano iconico, reinterpretato con materiali contemporanei e una costruzione meticolosa.","robots":{"index":"index","follow":"follow","max-snippet":"max-snippet:-1","max-image-preview":"max-image-preview:large","max-video-preview":"max-video-preview:-1"},"canonical":"https:\/\/timeworksmods.com\/it\/product\/paneiko-brown\/","og_locale":"it_IT","og_type":"article","og_title":"Paneiko Brown | Timeworks\u2122 | Seiko Mods","og_description":"Este mod combina la robustez funcional de los dise\u00f1os cl\u00e1sicos de relojer\u00eda de inspiraci\u00f3n militar con la fiabilidad de un movimiento autom\u00e1tico japon\u00e9s de alta precisi\u00f3n. Un homenaje que honra la esencia del estilo italiano ic\u00f3nico, reinterpretado con materiales contempor\u00e1neos y una construcci\u00f3n meticulosa.","og_url":"https:\/\/timeworksmods.com\/it\/product\/paneiko-brown\/","og_site_name":"Timeworks\u2122 | Seiko Mods","article_modified_time":"2026-04-13T06:47:18+00:00","og_image":[{"width":1200,"height":1200,"url":"https:\/\/timeworksmods.com\/wp-content\/uploads\/2025\/12\/d79aac075930c83c2f1e369a511148fe.jpg","type":"image\/jpeg"}],"twitter_card":"summary_large_image","twitter_misc":{"Est. reading time":"1 minuto"},"schema":{"@context":"https:\/\/schema.org","@graph":[{"@type":"WebPage","@id":"https:\/\/timeworksmods.com\/producto\/paneiko-brown\/","url":"https:\/\/timeworksmods.com\/producto\/paneiko-brown\/","name":"Paneiko Brown | Timeworks\u2122 | Modifiche Seiko","isPartOf":{"@id":"https:\/\/timeworksmods.com\/#website"},"primaryImageOfPage":{"@id":"https:\/\/timeworksmods.com\/producto\/paneiko-brown\/#primaryimage"},"image":{"@id":"https:\/\/timeworksmods.com\/producto\/paneiko-brown\/#primaryimage"},"thumbnailUrl":"https:\/\/timeworksmods.com\/wp-content\/uploads\/2025\/12\/d79aac075930c83c2f1e369a511148fe.jpg","datePublished":"2025-12-06T18:43:12+00:00","dateModified":"2026-04-13T06:47:18+00:00","description":"Questa mod unisce la robustezza funzionale dei classici design di orologeria di ispirazione militare con l'affidabilit\u00e0 di un movimento automatico giapponese di alta precisione. Un omaggio che onora l'essenza dello stile italiano iconico, reinterpretato con materiali contemporanei e una costruzione meticolosa.","breadcrumb":{"@id":"https:\/\/timeworksmods.com\/producto\/paneiko-brown\/#breadcrumb"},"inLanguage":"it-IT","potentialAction":[{"@type":"ReadAction","target":["https:\/\/timeworksmods.com\/producto\/paneiko-brown\/"]}]},{"@type":"ImageObject","inLanguage":"it-IT","@id":"https:\/\/timeworksmods.com\/producto\/paneiko-brown\/#primaryimage","url":"https:\/\/timeworksmods.com\/wp-content\/uploads\/2025\/12\/d79aac075930c83c2f1e369a511148fe.jpg","contentUrl":"https:\/\/timeworksmods.com\/wp-content\/uploads\/2025\/12\/d79aac075930c83c2f1e369a511148fe.jpg","width":1200,"height":1200},{"@type":"BreadcrumbList","@id":"https:\/\/timeworksmods.com\/producto\/paneiko-brown\/#breadcrumb","itemListElement":[{"@type":"ListItem","position":1,"name":"Portada","item":"https:\/\/timeworksmods.com\/"},{"@type":"ListItem","position":2,"name":"Tienda","item":"https:\/\/timeworksmods.com\/tienda\/"},{"@type":"ListItem","position":3,"name":"Paneiko Brown"}]},{"@type":"WebSite","@id":"https:\/\/timeworksmods.com\/#website","url":"https:\/\/timeworksmods.com\/","name":"Timeworks\u2122 | Modifiche Seiko","description":"La Tua Bottega di Modifiche Seiko Personalizzate","publisher":{"@id":"https:\/\/timeworksmods.com\/#organization"},"alternateName":"Timeworks\u2122 | Seiko Mods","potentialAction":[{"@type":"SearchAction","target":{"@type":"EntryPoint","urlTemplate":"https:\/\/timeworksmods.com\/?s={search_term_string}"},"query-input":{"@type":"PropertyValueSpecification","valueRequired":true,"valueName":"search_term_string"}}],"inLanguage":"it-IT"},{"@type":"Organization","@id":"https:\/\/timeworksmods.com\/#organization","name":"Timeworks\u2122 | Modifiche Seiko","alternateName":"Timeworks\u2122 | Seiko Mods","url":"https:\/\/timeworksmods.com\/","logo":{"@type":"ImageObject","inLanguage":"it-IT","@id":"https:\/\/timeworksmods.com\/#\/schema\/logo\/image\/","url":"https:\/\/timeworksmods.com\/wp-content\/uploads\/2025\/12\/ad972f10e0800b49d76fed33a21f6698.png","contentUrl":"https:\/\/timeworksmods.com\/wp-content\/uploads\/2025\/12\/ad972f10e0800b49d76fed33a21f6698.png","width":1500,"height":200,"caption":"Timeworks\u2122 | Seiko Mods"},"image":{"@id":"https:\/\/timeworksmods.com\/#\/schema\/logo\/image\/"}}]}},"_links":{"self":[{"href":"https:\/\/timeworksmods.com\/it\/wp-json\/wp\/v2\/product\/1044","targetHints":{"allow":["GET"]}}],"collection":[{"href":"https:\/\/timeworksmods.com\/it\/wp-json\/wp\/v2\/product"}],"about":[{"href":"https:\/\/timeworksmods.com\/it\/wp-json\/wp\/v2\/types\/product"}],"replies":[{"embeddable":true,"href":"https:\/\/timeworksmods.com\/it\/wp-json\/wp\/v2\/comments?post=1044"}],"wp:featuredmedia":[{"embeddable":true,"href":"https:\/\/timeworksmods.com\/it\/wp-json\/wp\/v2\/media\/980"}],"wp:attachment":[{"href":"https:\/\/timeworksmods.com\/it\/wp-json\/wp\/v2\/media?parent=1044"}],"wp:term":[{"taxonomy":"product_cat","embeddable":true,"href":"https:\/\/timeworksmods.com\/it\/wp-json\/wp\/v2\/product_cat?post=1044"},{"taxonomy":"product_tag","embeddable":true,"href":"https:\/\/timeworksmods.com\/it\/wp-json\/wp\/v2\/product_tag?post=1044"}],"curies":[{"name":"wp","href":"https:\/\/api.w.org\/{rel}","templated":true}]}}