{"id":1125,"date":"2025-12-06T19:03:45","date_gmt":"2025-12-06T19:03:45","guid":{"rendered":"https:\/\/timeworksmods.com\/?post_type=product&#038;p=1125"},"modified":"2026-04-13T08:47:09","modified_gmt":"2026-04-13T06:47:09","slug":"santeiko-white","status":"publish","type":"product","link":"https:\/\/timeworksmods.com\/it\/product\/santeiko-white\/","title":{"rendered":"Santeiko Bianco"},"content":{"rendered":"<p data-start=\"196\" data-end=\"558\">Ispirato ai grandi icone dell'orologeria elegante e dell'aviazione, questo mod offre un design quadrato dalle linee pulite, con viti a vista sulla lunetta e una perfetta fusione tra eleganza classica e carattere utilitario. Un'reinterpretazione moderna dotata di <strong data-start=\"471\" data-end=\"526\">movimento automatico giapponese di comprovata affidabilit\u00e0<\/strong> e materiali di alta qualit\u00e0.<\/p>\n<p data-start=\"560\" data-end=\"824\">Il calibro giapponese opera a 21.600 alternanze all'ora (3 Hz), dispone di carica automatica e manuale, funzione di fermo del bilanciere (hacking) per una regolazione esatta dell'ora e offre una riserva di carica approssimativa di 41 ore, ideale per un uso continuativo.<\/p>\n<p data-start=\"826\" data-end=\"1340\">La cassa in acciaio inossidabile 316L offre un'elevata resistenza alla corrosione e agli urti quotidiani, valorizzata dalla lunetta a vite a vista che rafforza la sua identit\u00e0 estetica. Si completa con un vetro zaffiro, assicurando una protezione superiore contro i graffi e una visibilit\u00e0 impeccabile in qualsiasi ambiente. Il risultato \u00e8 un orologio elegante, robusto e altamente affidabile, pensato sia per l'uso quotidiano che per gli appassionati di orologeria meccanica di ispirazione classica e raffinata.<\/p>","protected":false},"excerpt":{"rendered":"<p>Questa mod combina l'eleganza pionieristica dei primi orologi da polso moderni con l'affidabilit\u00e0 di un <strong data-start=\"262\" data-end=\"313\">movimento automatico giapponese di alta precisione<\/strong>. Un omaggio che rispetta l'essenza dei design classici, reinterpretato con materiali contemporanei e una costruzione precisa e curata.<\/p>","protected":false},"featured_media":1063,"comment_status":"open","ping_status":"closed","template":"","meta":{"_acf_changed":false,"_joinchat":[]},"product_cat":[106],"product_tag":[],"class_list":{"0":"post-1125","1":"product","2":"type-product","3":"status-publish","4":"has-post-thumbnail","6":"product_cat-santeiko","8":"first","9":"instock","10":"sale","11":"taxable","12":"shipping-taxable","13":"purchasable","14":"product-type-simple","swatches":"rey-swatches","show_selected":""},"acf":[],"yoast_head":"<!-- This site is optimized with the Yoast SEO plugin v27.4 - https:\/\/yoast.com\/product\/yoast-seo-wordpress\/ -->\n<title>Santeiko White | Timeworks\u2122 | Seiko Mods<\/title>\n<meta name=\"description\" content=\"Este mod combina la elegancia pionera de los primeros relojes de pulsera modernos con la fiabilidad de un movimiento autom\u00e1tico japon\u00e9s de alta precisi\u00f3n. Un homenaje que respeta la esencia de los dise\u00f1os cl\u00e1sicos, reinterpretado con materiales contempor\u00e1neos y una construcci\u00f3n precisa y cuidada.\" \/>\n<meta name=\"robots\" content=\"index, follow, max-snippet:-1, max-image-preview:large, max-video-preview:-1\" \/>\n<link rel=\"canonical\" href=\"https:\/\/timeworksmods.com\/it\/product\/santeiko-white\/\" \/>\n<meta property=\"og:locale\" content=\"it_IT\" \/>\n<meta property=\"og:type\" content=\"article\" \/>\n<meta property=\"og:title\" content=\"Santeiko White | Timeworks\u2122 | Seiko Mods\" \/>\n<meta property=\"og:description\" content=\"Este mod combina la elegancia pionera de los primeros relojes de pulsera modernos con la fiabilidad de un movimiento autom\u00e1tico japon\u00e9s de alta precisi\u00f3n. Un homenaje que respeta la esencia de los dise\u00f1os cl\u00e1sicos, reinterpretado con materiales contempor\u00e1neos y una construcci\u00f3n precisa y cuidada.\" \/>\n<meta property=\"og:url\" content=\"https:\/\/timeworksmods.com\/it\/product\/santeiko-white\/\" \/>\n<meta property=\"og:site_name\" content=\"Timeworks\u2122 | Seiko Mods\" \/>\n<meta property=\"article:modified_time\" content=\"2026-04-13T06:47:09+00:00\" \/>\n<meta property=\"og:image\" content=\"https:\/\/timeworksmods.com\/wp-content\/uploads\/2025\/12\/6c340f25839e6acdc73414517203f5f0.jpg\" \/>\n\t<meta property=\"og:image:width\" content=\"1200\" \/>\n\t<meta property=\"og:image:height\" content=\"1200\" \/>\n\t<meta property=\"og:image:type\" content=\"image\/jpeg\" \/>\n<meta name=\"twitter:card\" content=\"summary_large_image\" \/>\n<meta name=\"twitter:label1\" content=\"Est. reading time\" \/>\n\t<meta name=\"twitter:data1\" content=\"1 minuto\" \/>\n<script type=\"application\/ld+json\" class=\"yoast-schema-graph\">{\"@context\":\"https:\\\/\\\/schema.org\",\"@graph\":[{\"@type\":\"WebPage\",\"@id\":\"https:\\\/\\\/timeworksmods.com\\\/producto\\\/santeiko-white\\\/\",\"url\":\"https:\\\/\\\/timeworksmods.com\\\/producto\\\/santeiko-white\\\/\",\"name\":\"Santeiko White | Timeworks\u2122 | Seiko Mods\",\"isPartOf\":{\"@id\":\"https:\\\/\\\/timeworksmods.com\\\/#website\"},\"primaryImageOfPage\":{\"@id\":\"https:\\\/\\\/timeworksmods.com\\\/producto\\\/santeiko-white\\\/#primaryimage\"},\"image\":{\"@id\":\"https:\\\/\\\/timeworksmods.com\\\/producto\\\/santeiko-white\\\/#primaryimage\"},\"thumbnailUrl\":\"https:\\\/\\\/timeworksmods.com\\\/wp-content\\\/uploads\\\/2025\\\/12\\\/6c340f25839e6acdc73414517203f5f0.jpg\",\"datePublished\":\"2025-12-06T19:03:45+00:00\",\"dateModified\":\"2026-04-13T06:47:09+00:00\",\"description\":\"Este mod combina la elegancia pionera de los primeros relojes de pulsera modernos con la fiabilidad de un movimiento autom\u00e1tico japon\u00e9s de alta precisi\u00f3n. Un homenaje que respeta la esencia de los dise\u00f1os cl\u00e1sicos, reinterpretado con materiales contempor\u00e1neos y una construcci\u00f3n precisa y cuidada.\",\"breadcrumb\":{\"@id\":\"https:\\\/\\\/timeworksmods.com\\\/producto\\\/santeiko-white\\\/#breadcrumb\"},\"inLanguage\":\"it-IT\",\"potentialAction\":[{\"@type\":\"ReadAction\",\"target\":[\"https:\\\/\\\/timeworksmods.com\\\/producto\\\/santeiko-white\\\/\"]}]},{\"@type\":\"ImageObject\",\"inLanguage\":\"it-IT\",\"@id\":\"https:\\\/\\\/timeworksmods.com\\\/producto\\\/santeiko-white\\\/#primaryimage\",\"url\":\"https:\\\/\\\/timeworksmods.com\\\/wp-content\\\/uploads\\\/2025\\\/12\\\/6c340f25839e6acdc73414517203f5f0.jpg\",\"contentUrl\":\"https:\\\/\\\/timeworksmods.com\\\/wp-content\\\/uploads\\\/2025\\\/12\\\/6c340f25839e6acdc73414517203f5f0.jpg\",\"width\":1200,\"height\":1200},{\"@type\":\"BreadcrumbList\",\"@id\":\"https:\\\/\\\/timeworksmods.com\\\/producto\\\/santeiko-white\\\/#breadcrumb\",\"itemListElement\":[{\"@type\":\"ListItem\",\"position\":1,\"name\":\"Portada\",\"item\":\"https:\\\/\\\/timeworksmods.com\\\/\"},{\"@type\":\"ListItem\",\"position\":2,\"name\":\"Tienda\",\"item\":\"https:\\\/\\\/timeworksmods.com\\\/tienda\\\/\"},{\"@type\":\"ListItem\",\"position\":3,\"name\":\"Santeiko White\"}]},{\"@type\":\"WebSite\",\"@id\":\"https:\\\/\\\/timeworksmods.com\\\/#website\",\"url\":\"https:\\\/\\\/timeworksmods.com\\\/\",\"name\":\"Timeworks\u2122 | Seiko Mods\",\"description\":\"Tu Tienda de Seiko Mods Personalizados\",\"publisher\":{\"@id\":\"https:\\\/\\\/timeworksmods.com\\\/#organization\"},\"alternateName\":\"Timeworks\u2122 | Seiko Mods\",\"potentialAction\":[{\"@type\":\"SearchAction\",\"target\":{\"@type\":\"EntryPoint\",\"urlTemplate\":\"https:\\\/\\\/timeworksmods.com\\\/?s={search_term_string}\"},\"query-input\":{\"@type\":\"PropertyValueSpecification\",\"valueRequired\":true,\"valueName\":\"search_term_string\"}}],\"inLanguage\":\"it-IT\"},{\"@type\":\"Organization\",\"@id\":\"https:\\\/\\\/timeworksmods.com\\\/#organization\",\"name\":\"Timeworks\u2122 | Seiko Mods\",\"alternateName\":\"Timeworks\u2122 | Seiko Mods\",\"url\":\"https:\\\/\\\/timeworksmods.com\\\/\",\"logo\":{\"@type\":\"ImageObject\",\"inLanguage\":\"it-IT\",\"@id\":\"https:\\\/\\\/timeworksmods.com\\\/#\\\/schema\\\/logo\\\/image\\\/\",\"url\":\"https:\\\/\\\/timeworksmods.com\\\/wp-content\\\/uploads\\\/2025\\\/12\\\/ad972f10e0800b49d76fed33a21f6698.png\",\"contentUrl\":\"https:\\\/\\\/timeworksmods.com\\\/wp-content\\\/uploads\\\/2025\\\/12\\\/ad972f10e0800b49d76fed33a21f6698.png\",\"width\":1500,\"height\":200,\"caption\":\"Timeworks\u2122 | Seiko Mods\"},\"image\":{\"@id\":\"https:\\\/\\\/timeworksmods.com\\\/#\\\/schema\\\/logo\\\/image\\\/\"}}]}<\/script>\n<!-- \/ Yoast SEO plugin. -->","yoast_head_json":{"title":"Santeiko White | Timeworks\u2122 | Seiko Mods","description":"Questa mod combina l'eleganza pionieristica dei primi orologi da polso moderni con l'affidabilit\u00e0 di un movimento automatico giapponese di alta precisione. Un omaggio che rispetta l'essenza dei design classici, reinterpretato con materiali contemporanei e una costruzione precisa e curata.","robots":{"index":"index","follow":"follow","max-snippet":"max-snippet:-1","max-image-preview":"max-image-preview:large","max-video-preview":"max-video-preview:-1"},"canonical":"https:\/\/timeworksmods.com\/it\/product\/santeiko-white\/","og_locale":"it_IT","og_type":"article","og_title":"Santeiko White | Timeworks\u2122 | Seiko Mods","og_description":"Este mod combina la elegancia pionera de los primeros relojes de pulsera modernos con la fiabilidad de un movimiento autom\u00e1tico japon\u00e9s de alta precisi\u00f3n. Un homenaje que respeta la esencia de los dise\u00f1os cl\u00e1sicos, reinterpretado con materiales contempor\u00e1neos y una construcci\u00f3n precisa y cuidada.","og_url":"https:\/\/timeworksmods.com\/it\/product\/santeiko-white\/","og_site_name":"Timeworks\u2122 | Seiko Mods","article_modified_time":"2026-04-13T06:47:09+00:00","og_image":[{"width":1200,"height":1200,"url":"https:\/\/timeworksmods.com\/wp-content\/uploads\/2025\/12\/6c340f25839e6acdc73414517203f5f0.jpg","type":"image\/jpeg"}],"twitter_card":"summary_large_image","twitter_misc":{"Est. reading time":"1 minuto"},"schema":{"@context":"https:\/\/schema.org","@graph":[{"@type":"WebPage","@id":"https:\/\/timeworksmods.com\/producto\/santeiko-white\/","url":"https:\/\/timeworksmods.com\/producto\/santeiko-white\/","name":"Santeiko White | Timeworks\u2122 | Seiko Mods","isPartOf":{"@id":"https:\/\/timeworksmods.com\/#website"},"primaryImageOfPage":{"@id":"https:\/\/timeworksmods.com\/producto\/santeiko-white\/#primaryimage"},"image":{"@id":"https:\/\/timeworksmods.com\/producto\/santeiko-white\/#primaryimage"},"thumbnailUrl":"https:\/\/timeworksmods.com\/wp-content\/uploads\/2025\/12\/6c340f25839e6acdc73414517203f5f0.jpg","datePublished":"2025-12-06T19:03:45+00:00","dateModified":"2026-04-13T06:47:09+00:00","description":"Questa mod combina l'eleganza pionieristica dei primi orologi da polso moderni con l'affidabilit\u00e0 di un movimento automatico giapponese di alta precisione. Un omaggio che rispetta l'essenza dei design classici, reinterpretato con materiali contemporanei e una costruzione precisa e curata.","breadcrumb":{"@id":"https:\/\/timeworksmods.com\/producto\/santeiko-white\/#breadcrumb"},"inLanguage":"it-IT","potentialAction":[{"@type":"ReadAction","target":["https:\/\/timeworksmods.com\/producto\/santeiko-white\/"]}]},{"@type":"ImageObject","inLanguage":"it-IT","@id":"https:\/\/timeworksmods.com\/producto\/santeiko-white\/#primaryimage","url":"https:\/\/timeworksmods.com\/wp-content\/uploads\/2025\/12\/6c340f25839e6acdc73414517203f5f0.jpg","contentUrl":"https:\/\/timeworksmods.com\/wp-content\/uploads\/2025\/12\/6c340f25839e6acdc73414517203f5f0.jpg","width":1200,"height":1200},{"@type":"BreadcrumbList","@id":"https:\/\/timeworksmods.com\/producto\/santeiko-white\/#breadcrumb","itemListElement":[{"@type":"ListItem","position":1,"name":"Portada","item":"https:\/\/timeworksmods.com\/"},{"@type":"ListItem","position":2,"name":"Tienda","item":"https:\/\/timeworksmods.com\/tienda\/"},{"@type":"ListItem","position":3,"name":"Santeiko White"}]},{"@type":"WebSite","@id":"https:\/\/timeworksmods.com\/#website","url":"https:\/\/timeworksmods.com\/","name":"Timeworks\u2122 | Modifiche Seiko","description":"La Tua Bottega di Modifiche Seiko Personalizzate","publisher":{"@id":"https:\/\/timeworksmods.com\/#organization"},"alternateName":"Timeworks\u2122 | Seiko Mods","potentialAction":[{"@type":"SearchAction","target":{"@type":"EntryPoint","urlTemplate":"https:\/\/timeworksmods.com\/?s={search_term_string}"},"query-input":{"@type":"PropertyValueSpecification","valueRequired":true,"valueName":"search_term_string"}}],"inLanguage":"it-IT"},{"@type":"Organization","@id":"https:\/\/timeworksmods.com\/#organization","name":"Timeworks\u2122 | Modifiche Seiko","alternateName":"Timeworks\u2122 | Seiko Mods","url":"https:\/\/timeworksmods.com\/","logo":{"@type":"ImageObject","inLanguage":"it-IT","@id":"https:\/\/timeworksmods.com\/#\/schema\/logo\/image\/","url":"https:\/\/timeworksmods.com\/wp-content\/uploads\/2025\/12\/ad972f10e0800b49d76fed33a21f6698.png","contentUrl":"https:\/\/timeworksmods.com\/wp-content\/uploads\/2025\/12\/ad972f10e0800b49d76fed33a21f6698.png","width":1500,"height":200,"caption":"Timeworks\u2122 | Seiko Mods"},"image":{"@id":"https:\/\/timeworksmods.com\/#\/schema\/logo\/image\/"}}]}},"_links":{"self":[{"href":"https:\/\/timeworksmods.com\/it\/wp-json\/wp\/v2\/product\/1125","targetHints":{"allow":["GET"]}}],"collection":[{"href":"https:\/\/timeworksmods.com\/it\/wp-json\/wp\/v2\/product"}],"about":[{"href":"https:\/\/timeworksmods.com\/it\/wp-json\/wp\/v2\/types\/product"}],"replies":[{"embeddable":true,"href":"https:\/\/timeworksmods.com\/it\/wp-json\/wp\/v2\/comments?post=1125"}],"wp:featuredmedia":[{"embeddable":true,"href":"https:\/\/timeworksmods.com\/it\/wp-json\/wp\/v2\/media\/1063"}],"wp:attachment":[{"href":"https:\/\/timeworksmods.com\/it\/wp-json\/wp\/v2\/media?parent=1125"}],"wp:term":[{"taxonomy":"product_cat","embeddable":true,"href":"https:\/\/timeworksmods.com\/it\/wp-json\/wp\/v2\/product_cat?post=1125"},{"taxonomy":"product_tag","embeddable":true,"href":"https:\/\/timeworksmods.com\/it\/wp-json\/wp\/v2\/product_tag?post=1125"}],"curies":[{"name":"wp","href":"https:\/\/api.w.org\/{rel}","templated":true}]}}