{"id":1230,"date":"2025-12-08T13:35:50","date_gmt":"2025-12-08T13:35:50","guid":{"rendered":"https:\/\/timeworksmods.com\/?post_type=product&#038;p=1230"},"modified":"2026-04-13T08:46:13","modified_gmt":"2026-04-13T06:46:13","slug":"seitona-rainbow","status":"publish","type":"product","link":"https:\/\/timeworksmods.com\/it\/product\/seitona-rainbow\/","title":{"rendered":"Seitona Rainbow"},"content":{"rendered":"<p data-start=\"177\" data-end=\"459\">Inspirado en los cron\u00f3grafos m\u00e1s emblem\u00e1ticos del automovilismo y la relojer\u00eda deportiva, este mod ofrece un dise\u00f1o que refleja velocidad, precisi\u00f3n y esp\u00edritu competitivo. Una reinterpretaci\u00f3n moderna que fusiona est\u00e9tica racing, ingenier\u00eda japonesa y materiales de alta calidad.<\/p>\n<p data-start=\"461\" data-end=\"896\">Al suo interno \u00e8 equipaggiato con un <strong data-start=\"486\" data-end=\"527\">Calibro meca-quartz di alta precisione<\/strong>, dise\u00f1ado para el cronometraje deportivo, que combina la exactitud del cuarzo con la respuesta mec\u00e1nica del cron\u00f3grafo. Ofrece un arranque instant\u00e1neo del segundero central, pulsaciones firmes y precisas, totalizadores perfectamente sincronizados y una fiabilidad excepcional incluso bajo uso intensivo, ideal para medir el tiempo con exactitud en cualquier entorno.<\/p>\n<p data-start=\"898\" data-end=\"1338\">La caja de acero inoxidable 316L aporta robustez y resistencia frente a impactos, vibraciones y desgaste diario. El conjunto se remata con cristal de zafiro antirreflejos, garantizando m\u00e1xima legibilidad incluso a plena luz, como exige un aut\u00e9ntico reloj de competici\u00f3n. El resultado es un cron\u00f3grafo de car\u00e1cter deportivo, con alma de carreras, pensado para quienes viven la relojer\u00eda con la misma pasi\u00f3n con la que se vive la velocidad.<\/p>","protected":false},"excerpt":{"rendered":"<p>Inspirado en los cron\u00f3grafos m\u00e1s emblem\u00e1ticos del automovilismo, este mod combina velocidad, precisi\u00f3n y elegancia deportiva. Una pieza que fusiona la herencia de los relojes de carreras con la fiabilidad de un <strong data-start=\"357\" data-end=\"408\">movimento automatico giapponese di alta precisione<\/strong>, reinterpretada con atenci\u00f3n minuciosa al detalle.<\/p>","protected":false},"featured_media":1149,"comment_status":"open","ping_status":"closed","template":"","meta":{"_acf_changed":false,"_joinchat":[]},"product_cat":[111],"product_tag":[],"class_list":{"0":"post-1230","1":"product","2":"type-product","3":"status-publish","4":"has-post-thumbnail","6":"product_cat-seitona","8":"first","9":"instock","10":"sale","11":"taxable","12":"shipping-taxable","13":"purchasable","14":"product-type-simple","swatches":"rey-swatches","show_selected":""},"acf":[],"yoast_head":"<!-- This site is optimized with the Yoast SEO plugin v27.4 - https:\/\/yoast.com\/product\/yoast-seo-wordpress\/ -->\n<title>Seitona Rainbow | Timeworks\u2122 | Seiko Mods<\/title>\n<meta name=\"description\" content=\"Inspirado en los cron\u00f3grafos m\u00e1s emblem\u00e1ticos del automovilismo, este mod combina velocidad, precisi\u00f3n y elegancia deportiva. Una pieza que fusiona la herencia de los relojes de carreras con la fiabilidad de un movimiento autom\u00e1tico japon\u00e9s de alta precisi\u00f3n, reinterpretada con atenci\u00f3n minuciosa al detalle.\" \/>\n<meta name=\"robots\" content=\"index, follow, max-snippet:-1, max-image-preview:large, max-video-preview:-1\" \/>\n<link rel=\"canonical\" href=\"https:\/\/timeworksmods.com\/it\/product\/seitona-rainbow\/\" \/>\n<meta property=\"og:locale\" content=\"it_IT\" \/>\n<meta property=\"og:type\" content=\"article\" \/>\n<meta property=\"og:title\" content=\"Seitona Rainbow | Timeworks\u2122 | Seiko Mods\" \/>\n<meta property=\"og:description\" content=\"Inspirado en los cron\u00f3grafos m\u00e1s emblem\u00e1ticos del automovilismo, este mod combina velocidad, precisi\u00f3n y elegancia deportiva. Una pieza que fusiona la herencia de los relojes de carreras con la fiabilidad de un movimiento autom\u00e1tico japon\u00e9s de alta precisi\u00f3n, reinterpretada con atenci\u00f3n minuciosa al detalle.\" \/>\n<meta property=\"og:url\" content=\"https:\/\/timeworksmods.com\/it\/product\/seitona-rainbow\/\" \/>\n<meta property=\"og:site_name\" content=\"Timeworks\u2122 | Seiko Mods\" \/>\n<meta property=\"article:modified_time\" content=\"2026-04-13T06:46:13+00:00\" \/>\n<meta property=\"og:image\" content=\"https:\/\/timeworksmods.com\/wp-content\/uploads\/2025\/12\/09c6c3783b4a70054da74f2538ed47c6.jpg\" \/>\n\t<meta property=\"og:image:width\" content=\"1200\" \/>\n\t<meta property=\"og:image:height\" content=\"1200\" \/>\n\t<meta property=\"og:image:type\" content=\"image\/jpeg\" \/>\n<meta name=\"twitter:card\" content=\"summary_large_image\" \/>\n<meta name=\"twitter:label1\" content=\"Est. reading time\" \/>\n\t<meta name=\"twitter:data1\" content=\"1 minuto\" \/>\n<script type=\"application\/ld+json\" class=\"yoast-schema-graph\">{\"@context\":\"https:\\\/\\\/schema.org\",\"@graph\":[{\"@type\":\"WebPage\",\"@id\":\"https:\\\/\\\/timeworksmods.com\\\/producto\\\/seitona-rainbow\\\/\",\"url\":\"https:\\\/\\\/timeworksmods.com\\\/producto\\\/seitona-rainbow\\\/\",\"name\":\"Seitona Rainbow | Timeworks\u2122 | Seiko Mods\",\"isPartOf\":{\"@id\":\"https:\\\/\\\/timeworksmods.com\\\/#website\"},\"primaryImageOfPage\":{\"@id\":\"https:\\\/\\\/timeworksmods.com\\\/producto\\\/seitona-rainbow\\\/#primaryimage\"},\"image\":{\"@id\":\"https:\\\/\\\/timeworksmods.com\\\/producto\\\/seitona-rainbow\\\/#primaryimage\"},\"thumbnailUrl\":\"https:\\\/\\\/timeworksmods.com\\\/wp-content\\\/uploads\\\/2025\\\/12\\\/09c6c3783b4a70054da74f2538ed47c6.jpg\",\"datePublished\":\"2025-12-08T13:35:50+00:00\",\"dateModified\":\"2026-04-13T06:46:13+00:00\",\"description\":\"Inspirado en los cron\u00f3grafos m\u00e1s emblem\u00e1ticos del automovilismo, este mod combina velocidad, precisi\u00f3n y elegancia deportiva. Una pieza que fusiona la herencia de los relojes de carreras con la fiabilidad de un movimiento autom\u00e1tico japon\u00e9s de alta precisi\u00f3n, reinterpretada con atenci\u00f3n minuciosa al detalle.\",\"breadcrumb\":{\"@id\":\"https:\\\/\\\/timeworksmods.com\\\/producto\\\/seitona-rainbow\\\/#breadcrumb\"},\"inLanguage\":\"it-IT\",\"potentialAction\":[{\"@type\":\"ReadAction\",\"target\":[\"https:\\\/\\\/timeworksmods.com\\\/producto\\\/seitona-rainbow\\\/\"]}]},{\"@type\":\"ImageObject\",\"inLanguage\":\"it-IT\",\"@id\":\"https:\\\/\\\/timeworksmods.com\\\/producto\\\/seitona-rainbow\\\/#primaryimage\",\"url\":\"https:\\\/\\\/timeworksmods.com\\\/wp-content\\\/uploads\\\/2025\\\/12\\\/09c6c3783b4a70054da74f2538ed47c6.jpg\",\"contentUrl\":\"https:\\\/\\\/timeworksmods.com\\\/wp-content\\\/uploads\\\/2025\\\/12\\\/09c6c3783b4a70054da74f2538ed47c6.jpg\",\"width\":1200,\"height\":1200},{\"@type\":\"BreadcrumbList\",\"@id\":\"https:\\\/\\\/timeworksmods.com\\\/producto\\\/seitona-rainbow\\\/#breadcrumb\",\"itemListElement\":[{\"@type\":\"ListItem\",\"position\":1,\"name\":\"Portada\",\"item\":\"https:\\\/\\\/timeworksmods.com\\\/\"},{\"@type\":\"ListItem\",\"position\":2,\"name\":\"Tienda\",\"item\":\"https:\\\/\\\/timeworksmods.com\\\/tienda\\\/\"},{\"@type\":\"ListItem\",\"position\":3,\"name\":\"Seitona Rainbow\"}]},{\"@type\":\"WebSite\",\"@id\":\"https:\\\/\\\/timeworksmods.com\\\/#website\",\"url\":\"https:\\\/\\\/timeworksmods.com\\\/\",\"name\":\"Timeworks\u2122 | Seiko Mods\",\"description\":\"Tu Tienda de Seiko Mods Personalizados\",\"publisher\":{\"@id\":\"https:\\\/\\\/timeworksmods.com\\\/#organization\"},\"alternateName\":\"Timeworks\u2122 | Seiko Mods\",\"potentialAction\":[{\"@type\":\"SearchAction\",\"target\":{\"@type\":\"EntryPoint\",\"urlTemplate\":\"https:\\\/\\\/timeworksmods.com\\\/?s={search_term_string}\"},\"query-input\":{\"@type\":\"PropertyValueSpecification\",\"valueRequired\":true,\"valueName\":\"search_term_string\"}}],\"inLanguage\":\"it-IT\"},{\"@type\":\"Organization\",\"@id\":\"https:\\\/\\\/timeworksmods.com\\\/#organization\",\"name\":\"Timeworks\u2122 | Seiko Mods\",\"alternateName\":\"Timeworks\u2122 | Seiko Mods\",\"url\":\"https:\\\/\\\/timeworksmods.com\\\/\",\"logo\":{\"@type\":\"ImageObject\",\"inLanguage\":\"it-IT\",\"@id\":\"https:\\\/\\\/timeworksmods.com\\\/#\\\/schema\\\/logo\\\/image\\\/\",\"url\":\"https:\\\/\\\/timeworksmods.com\\\/wp-content\\\/uploads\\\/2025\\\/12\\\/ad972f10e0800b49d76fed33a21f6698.png\",\"contentUrl\":\"https:\\\/\\\/timeworksmods.com\\\/wp-content\\\/uploads\\\/2025\\\/12\\\/ad972f10e0800b49d76fed33a21f6698.png\",\"width\":1500,\"height\":200,\"caption\":\"Timeworks\u2122 | Seiko Mods\"},\"image\":{\"@id\":\"https:\\\/\\\/timeworksmods.com\\\/#\\\/schema\\\/logo\\\/image\\\/\"}}]}<\/script>\n<!-- \/ Yoast SEO plugin. -->","yoast_head_json":{"title":"Seitona Rainbow | Timeworks\u2122 | Seiko Mods","description":"Inspirado en los cron\u00f3grafos m\u00e1s emblem\u00e1ticos del automovilismo, este mod combina velocidad, precisi\u00f3n y elegancia deportiva. Una pieza que fusiona la herencia de los relojes de carreras con la fiabilidad de un movimiento autom\u00e1tico japon\u00e9s de alta precisi\u00f3n, reinterpretada con atenci\u00f3n minuciosa al detalle.","robots":{"index":"index","follow":"follow","max-snippet":"max-snippet:-1","max-image-preview":"max-image-preview:large","max-video-preview":"max-video-preview:-1"},"canonical":"https:\/\/timeworksmods.com\/it\/product\/seitona-rainbow\/","og_locale":"it_IT","og_type":"article","og_title":"Seitona Rainbow | Timeworks\u2122 | Seiko Mods","og_description":"Inspirado en los cron\u00f3grafos m\u00e1s emblem\u00e1ticos del automovilismo, este mod combina velocidad, precisi\u00f3n y elegancia deportiva. Una pieza que fusiona la herencia de los relojes de carreras con la fiabilidad de un movimiento autom\u00e1tico japon\u00e9s de alta precisi\u00f3n, reinterpretada con atenci\u00f3n minuciosa al detalle.","og_url":"https:\/\/timeworksmods.com\/it\/product\/seitona-rainbow\/","og_site_name":"Timeworks\u2122 | Seiko Mods","article_modified_time":"2026-04-13T06:46:13+00:00","og_image":[{"width":1200,"height":1200,"url":"https:\/\/timeworksmods.com\/wp-content\/uploads\/2025\/12\/09c6c3783b4a70054da74f2538ed47c6.jpg","type":"image\/jpeg"}],"twitter_card":"summary_large_image","twitter_misc":{"Est. reading time":"1 minuto"},"schema":{"@context":"https:\/\/schema.org","@graph":[{"@type":"WebPage","@id":"https:\/\/timeworksmods.com\/producto\/seitona-rainbow\/","url":"https:\/\/timeworksmods.com\/producto\/seitona-rainbow\/","name":"Seitona Rainbow | Timeworks\u2122 | Seiko Mods","isPartOf":{"@id":"https:\/\/timeworksmods.com\/#website"},"primaryImageOfPage":{"@id":"https:\/\/timeworksmods.com\/producto\/seitona-rainbow\/#primaryimage"},"image":{"@id":"https:\/\/timeworksmods.com\/producto\/seitona-rainbow\/#primaryimage"},"thumbnailUrl":"https:\/\/timeworksmods.com\/wp-content\/uploads\/2025\/12\/09c6c3783b4a70054da74f2538ed47c6.jpg","datePublished":"2025-12-08T13:35:50+00:00","dateModified":"2026-04-13T06:46:13+00:00","description":"Inspirado en los cron\u00f3grafos m\u00e1s emblem\u00e1ticos del automovilismo, este mod combina velocidad, precisi\u00f3n y elegancia deportiva. Una pieza que fusiona la herencia de los relojes de carreras con la fiabilidad de un movimiento autom\u00e1tico japon\u00e9s de alta precisi\u00f3n, reinterpretada con atenci\u00f3n minuciosa al detalle.","breadcrumb":{"@id":"https:\/\/timeworksmods.com\/producto\/seitona-rainbow\/#breadcrumb"},"inLanguage":"it-IT","potentialAction":[{"@type":"ReadAction","target":["https:\/\/timeworksmods.com\/producto\/seitona-rainbow\/"]}]},{"@type":"ImageObject","inLanguage":"it-IT","@id":"https:\/\/timeworksmods.com\/producto\/seitona-rainbow\/#primaryimage","url":"https:\/\/timeworksmods.com\/wp-content\/uploads\/2025\/12\/09c6c3783b4a70054da74f2538ed47c6.jpg","contentUrl":"https:\/\/timeworksmods.com\/wp-content\/uploads\/2025\/12\/09c6c3783b4a70054da74f2538ed47c6.jpg","width":1200,"height":1200},{"@type":"BreadcrumbList","@id":"https:\/\/timeworksmods.com\/producto\/seitona-rainbow\/#breadcrumb","itemListElement":[{"@type":"ListItem","position":1,"name":"Portada","item":"https:\/\/timeworksmods.com\/"},{"@type":"ListItem","position":2,"name":"Tienda","item":"https:\/\/timeworksmods.com\/tienda\/"},{"@type":"ListItem","position":3,"name":"Seitona Rainbow"}]},{"@type":"WebSite","@id":"https:\/\/timeworksmods.com\/#website","url":"https:\/\/timeworksmods.com\/","name":"Timeworks\u2122 | Modifiche Seiko","description":"La Tua Bottega di Modifiche Seiko Personalizzate","publisher":{"@id":"https:\/\/timeworksmods.com\/#organization"},"alternateName":"Timeworks\u2122 | Seiko Mods","potentialAction":[{"@type":"SearchAction","target":{"@type":"EntryPoint","urlTemplate":"https:\/\/timeworksmods.com\/?s={search_term_string}"},"query-input":{"@type":"PropertyValueSpecification","valueRequired":true,"valueName":"search_term_string"}}],"inLanguage":"it-IT"},{"@type":"Organization","@id":"https:\/\/timeworksmods.com\/#organization","name":"Timeworks\u2122 | Modifiche Seiko","alternateName":"Timeworks\u2122 | Seiko Mods","url":"https:\/\/timeworksmods.com\/","logo":{"@type":"ImageObject","inLanguage":"it-IT","@id":"https:\/\/timeworksmods.com\/#\/schema\/logo\/image\/","url":"https:\/\/timeworksmods.com\/wp-content\/uploads\/2025\/12\/ad972f10e0800b49d76fed33a21f6698.png","contentUrl":"https:\/\/timeworksmods.com\/wp-content\/uploads\/2025\/12\/ad972f10e0800b49d76fed33a21f6698.png","width":1500,"height":200,"caption":"Timeworks\u2122 | Seiko Mods"},"image":{"@id":"https:\/\/timeworksmods.com\/#\/schema\/logo\/image\/"}}]}},"_links":{"self":[{"href":"https:\/\/timeworksmods.com\/it\/wp-json\/wp\/v2\/product\/1230","targetHints":{"allow":["GET"]}}],"collection":[{"href":"https:\/\/timeworksmods.com\/it\/wp-json\/wp\/v2\/product"}],"about":[{"href":"https:\/\/timeworksmods.com\/it\/wp-json\/wp\/v2\/types\/product"}],"replies":[{"embeddable":true,"href":"https:\/\/timeworksmods.com\/it\/wp-json\/wp\/v2\/comments?post=1230"}],"wp:featuredmedia":[{"embeddable":true,"href":"https:\/\/timeworksmods.com\/it\/wp-json\/wp\/v2\/media\/1149"}],"wp:attachment":[{"href":"https:\/\/timeworksmods.com\/it\/wp-json\/wp\/v2\/media?parent=1230"}],"wp:term":[{"taxonomy":"product_cat","embeddable":true,"href":"https:\/\/timeworksmods.com\/it\/wp-json\/wp\/v2\/product_cat?post=1230"},{"taxonomy":"product_tag","embeddable":true,"href":"https:\/\/timeworksmods.com\/it\/wp-json\/wp\/v2\/product_tag?post=1230"}],"curies":[{"name":"wp","href":"https:\/\/api.w.org\/{rel}","templated":true}]}}