{"id":1239,"date":"2025-12-08T13:46:20","date_gmt":"2025-12-08T13:46:20","guid":{"rendered":"https:\/\/timeworksmods.com\/?post_type=product&#038;p=1239"},"modified":"2026-04-13T08:39:22","modified_gmt":"2026-04-13T06:39:22","slug":"seikomaster-blue","status":"publish","type":"product","link":"https:\/\/timeworksmods.com\/it\/product\/seikomaster-blue\/","title":{"rendered":"Seikomaster Blu"},"content":{"rendered":"<p data-start=\"111\" data-end=\"426\">Ispirato alle grandi icone dell'orologeria sportiva e subacquea, questo mod offre un design robusto, funzionale e senza tempo. Una reinterpretazione moderna equipaggiata con un movimento automatico giapponese di comprovata affidabilit\u00e0 e materiali di alta qualit\u00e0, ideale sia per l'uso quotidiano che per ambienti esigenti.<\/p>\n<p data-start=\"428\" data-end=\"735\">Il calibro giapponese opera a 21.600 alternanze all'ora (3 Hz), dispone di carica automatica e manuale, funzione di fermo macchina (hacking) per una regolazione precisa dell'ora e offre una riserva di carica di circa 41 ore, garantendo un funzionamento stabile e continuo in qualsiasi situazione.<\/p>\n<p data-start=\"737\" data-end=\"1278\">La cassa in acciaio inossidabile 316L offre un'elevata resistenza alla corrosione, alla pressione e all'usura quotidiana, ed \u00e8 abbinata a una ghiera in stile diver, utile per cronometrare intervalli di tempo in modo semplice e preciso. L'insieme \u00e8 completato da un vetro zaffiro, che assicura un'ottima protezione da graffi e una visibilit\u00e0 impeccabile. Il risultato \u00e8 un orologio sportivo, elegante e altamente affidabile, pensato sia per l'uso quotidiano sia per gli appassionati di orologeria meccanica di ispirazione subacquea.<\/p>","protected":false},"excerpt":{"rendered":"<p>Ispirato a uno dei grandi pilastri dell'orologeria svizzera, questo mod offre un design che unisce eleganza, tecnologia e spirito avventuroso. Una reinterpretazione moderna equipaggiata con <strong data-start=\"348\" data-end=\"399\">movimento automatico giapponese di alta precisione<\/strong>, e una finitura curata fino al minimo dettaglio.<\/p>","protected":false},"featured_media":1154,"comment_status":"open","ping_status":"closed","template":"","meta":{"_acf_changed":false,"_joinchat":[]},"product_cat":[110],"product_tag":[],"class_list":{"0":"post-1239","1":"product","2":"type-product","3":"status-publish","4":"has-post-thumbnail","6":"product_cat-seikomaster","8":"first","9":"instock","10":"sale","11":"taxable","12":"shipping-taxable","13":"purchasable","14":"product-type-simple","swatches":"rey-swatches","show_selected":""},"acf":[],"yoast_head":"<!-- This site is optimized with the Yoast SEO plugin v27.4 - https:\/\/yoast.com\/product\/yoast-seo-wordpress\/ -->\n<title>Seikomaster Blue | Timeworks\u2122 | Seiko Mods<\/title>\n<meta name=\"description\" content=\"Inspirado en uno de los grandes pilares de la relojer\u00eda suiza, este mod ofrece un dise\u00f1o que combina elegancia, tecnolog\u00eda y esp\u00edritu aventurero. Una reinterpretaci\u00f3n moderna equipada con movimiento autom\u00e1tico japon\u00e9s de alta precisi\u00f3n, y una ejecuci\u00f3n cuidada hasta el m\u00e1s m\u00ednimo detalle.\" \/>\n<meta name=\"robots\" content=\"index, follow, max-snippet:-1, max-image-preview:large, max-video-preview:-1\" \/>\n<link rel=\"canonical\" href=\"https:\/\/timeworksmods.com\/it\/product\/seikomaster-blue\/\" \/>\n<meta property=\"og:locale\" content=\"it_IT\" \/>\n<meta property=\"og:type\" content=\"article\" \/>\n<meta property=\"og:title\" content=\"Seikomaster Blue | Timeworks\u2122 | Seiko Mods\" \/>\n<meta property=\"og:description\" content=\"Inspirado en uno de los grandes pilares de la relojer\u00eda suiza, este mod ofrece un dise\u00f1o que combina elegancia, tecnolog\u00eda y esp\u00edritu aventurero. Una reinterpretaci\u00f3n moderna equipada con movimiento autom\u00e1tico japon\u00e9s de alta precisi\u00f3n, y una ejecuci\u00f3n cuidada hasta el m\u00e1s m\u00ednimo detalle.\" \/>\n<meta property=\"og:url\" content=\"https:\/\/timeworksmods.com\/it\/product\/seikomaster-blue\/\" \/>\n<meta property=\"og:site_name\" content=\"Timeworks\u2122 | Seiko Mods\" \/>\n<meta property=\"article:modified_time\" content=\"2026-04-13T06:39:22+00:00\" \/>\n<meta property=\"og:image\" content=\"https:\/\/timeworksmods.com\/wp-content\/uploads\/2025\/12\/e8b1cbd05f6e6a358a81dee52493dd06.jpg\" \/>\n\t<meta property=\"og:image:width\" content=\"1200\" \/>\n\t<meta property=\"og:image:height\" content=\"1200\" \/>\n\t<meta property=\"og:image:type\" content=\"image\/jpeg\" \/>\n<meta name=\"twitter:card\" content=\"summary_large_image\" \/>\n<meta name=\"twitter:label1\" content=\"Est. reading time\" \/>\n\t<meta name=\"twitter:data1\" content=\"1 minuto\" \/>\n<script type=\"application\/ld+json\" class=\"yoast-schema-graph\">{\"@context\":\"https:\\\/\\\/schema.org\",\"@graph\":[{\"@type\":\"WebPage\",\"@id\":\"https:\\\/\\\/timeworksmods.com\\\/producto\\\/seikomaster-blue\\\/\",\"url\":\"https:\\\/\\\/timeworksmods.com\\\/producto\\\/seikomaster-blue\\\/\",\"name\":\"Seikomaster Blue | Timeworks\u2122 | Seiko Mods\",\"isPartOf\":{\"@id\":\"https:\\\/\\\/timeworksmods.com\\\/#website\"},\"primaryImageOfPage\":{\"@id\":\"https:\\\/\\\/timeworksmods.com\\\/producto\\\/seikomaster-blue\\\/#primaryimage\"},\"image\":{\"@id\":\"https:\\\/\\\/timeworksmods.com\\\/producto\\\/seikomaster-blue\\\/#primaryimage\"},\"thumbnailUrl\":\"https:\\\/\\\/timeworksmods.com\\\/wp-content\\\/uploads\\\/2025\\\/12\\\/e8b1cbd05f6e6a358a81dee52493dd06.jpg\",\"datePublished\":\"2025-12-08T13:46:20+00:00\",\"dateModified\":\"2026-04-13T06:39:22+00:00\",\"description\":\"Inspirado en uno de los grandes pilares de la relojer\u00eda suiza, este mod ofrece un dise\u00f1o que combina elegancia, tecnolog\u00eda y esp\u00edritu aventurero. Una reinterpretaci\u00f3n moderna equipada con movimiento autom\u00e1tico japon\u00e9s de alta precisi\u00f3n, y una ejecuci\u00f3n cuidada hasta el m\u00e1s m\u00ednimo detalle.\",\"breadcrumb\":{\"@id\":\"https:\\\/\\\/timeworksmods.com\\\/producto\\\/seikomaster-blue\\\/#breadcrumb\"},\"inLanguage\":\"it-IT\",\"potentialAction\":[{\"@type\":\"ReadAction\",\"target\":[\"https:\\\/\\\/timeworksmods.com\\\/producto\\\/seikomaster-blue\\\/\"]}]},{\"@type\":\"ImageObject\",\"inLanguage\":\"it-IT\",\"@id\":\"https:\\\/\\\/timeworksmods.com\\\/producto\\\/seikomaster-blue\\\/#primaryimage\",\"url\":\"https:\\\/\\\/timeworksmods.com\\\/wp-content\\\/uploads\\\/2025\\\/12\\\/e8b1cbd05f6e6a358a81dee52493dd06.jpg\",\"contentUrl\":\"https:\\\/\\\/timeworksmods.com\\\/wp-content\\\/uploads\\\/2025\\\/12\\\/e8b1cbd05f6e6a358a81dee52493dd06.jpg\",\"width\":1200,\"height\":1200},{\"@type\":\"BreadcrumbList\",\"@id\":\"https:\\\/\\\/timeworksmods.com\\\/producto\\\/seikomaster-blue\\\/#breadcrumb\",\"itemListElement\":[{\"@type\":\"ListItem\",\"position\":1,\"name\":\"Portada\",\"item\":\"https:\\\/\\\/timeworksmods.com\\\/\"},{\"@type\":\"ListItem\",\"position\":2,\"name\":\"Tienda\",\"item\":\"https:\\\/\\\/timeworksmods.com\\\/tienda\\\/\"},{\"@type\":\"ListItem\",\"position\":3,\"name\":\"Seikomaster Blue\"}]},{\"@type\":\"WebSite\",\"@id\":\"https:\\\/\\\/timeworksmods.com\\\/#website\",\"url\":\"https:\\\/\\\/timeworksmods.com\\\/\",\"name\":\"Timeworks\u2122 | Seiko Mods\",\"description\":\"Tu Tienda de Seiko Mods Personalizados\",\"publisher\":{\"@id\":\"https:\\\/\\\/timeworksmods.com\\\/#organization\"},\"alternateName\":\"Timeworks\u2122 | Seiko Mods\",\"potentialAction\":[{\"@type\":\"SearchAction\",\"target\":{\"@type\":\"EntryPoint\",\"urlTemplate\":\"https:\\\/\\\/timeworksmods.com\\\/?s={search_term_string}\"},\"query-input\":{\"@type\":\"PropertyValueSpecification\",\"valueRequired\":true,\"valueName\":\"search_term_string\"}}],\"inLanguage\":\"it-IT\"},{\"@type\":\"Organization\",\"@id\":\"https:\\\/\\\/timeworksmods.com\\\/#organization\",\"name\":\"Timeworks\u2122 | Seiko Mods\",\"alternateName\":\"Timeworks\u2122 | Seiko Mods\",\"url\":\"https:\\\/\\\/timeworksmods.com\\\/\",\"logo\":{\"@type\":\"ImageObject\",\"inLanguage\":\"it-IT\",\"@id\":\"https:\\\/\\\/timeworksmods.com\\\/#\\\/schema\\\/logo\\\/image\\\/\",\"url\":\"https:\\\/\\\/timeworksmods.com\\\/wp-content\\\/uploads\\\/2025\\\/12\\\/ad972f10e0800b49d76fed33a21f6698.png\",\"contentUrl\":\"https:\\\/\\\/timeworksmods.com\\\/wp-content\\\/uploads\\\/2025\\\/12\\\/ad972f10e0800b49d76fed33a21f6698.png\",\"width\":1500,\"height\":200,\"caption\":\"Timeworks\u2122 | Seiko Mods\"},\"image\":{\"@id\":\"https:\\\/\\\/timeworksmods.com\\\/#\\\/schema\\\/logo\\\/image\\\/\"}}]}<\/script>\n<!-- \/ Yoast SEO plugin. -->","yoast_head_json":{"title":"Seikomaster Blu | Timeworks\u2122 | Mod Seiko","description":"Ispirato da uno dei grandi pilastri dell'orologeria svizzera, questo mod offre un design che unisce eleganza, tecnologia e spirito avventuroso. Una reinterpretazione moderna dotata di un movimento automatico giapponese di alta precisione e una cura esecutiva fin nel minimo dettaglio.","robots":{"index":"index","follow":"follow","max-snippet":"max-snippet:-1","max-image-preview":"max-image-preview:large","max-video-preview":"max-video-preview:-1"},"canonical":"https:\/\/timeworksmods.com\/it\/product\/seikomaster-blue\/","og_locale":"it_IT","og_type":"article","og_title":"Seikomaster Blue | Timeworks\u2122 | Seiko Mods","og_description":"Inspirado en uno de los grandes pilares de la relojer\u00eda suiza, este mod ofrece un dise\u00f1o que combina elegancia, tecnolog\u00eda y esp\u00edritu aventurero. Una reinterpretaci\u00f3n moderna equipada con movimiento autom\u00e1tico japon\u00e9s de alta precisi\u00f3n, y una ejecuci\u00f3n cuidada hasta el m\u00e1s m\u00ednimo detalle.","og_url":"https:\/\/timeworksmods.com\/it\/product\/seikomaster-blue\/","og_site_name":"Timeworks\u2122 | Seiko Mods","article_modified_time":"2026-04-13T06:39:22+00:00","og_image":[{"width":1200,"height":1200,"url":"https:\/\/timeworksmods.com\/wp-content\/uploads\/2025\/12\/e8b1cbd05f6e6a358a81dee52493dd06.jpg","type":"image\/jpeg"}],"twitter_card":"summary_large_image","twitter_misc":{"Est. reading time":"1 minuto"},"schema":{"@context":"https:\/\/schema.org","@graph":[{"@type":"WebPage","@id":"https:\/\/timeworksmods.com\/producto\/seikomaster-blue\/","url":"https:\/\/timeworksmods.com\/producto\/seikomaster-blue\/","name":"Seikomaster Blu | Timeworks\u2122 | Mod Seiko","isPartOf":{"@id":"https:\/\/timeworksmods.com\/#website"},"primaryImageOfPage":{"@id":"https:\/\/timeworksmods.com\/producto\/seikomaster-blue\/#primaryimage"},"image":{"@id":"https:\/\/timeworksmods.com\/producto\/seikomaster-blue\/#primaryimage"},"thumbnailUrl":"https:\/\/timeworksmods.com\/wp-content\/uploads\/2025\/12\/e8b1cbd05f6e6a358a81dee52493dd06.jpg","datePublished":"2025-12-08T13:46:20+00:00","dateModified":"2026-04-13T06:39:22+00:00","description":"Ispirato da uno dei grandi pilastri dell'orologeria svizzera, questo mod offre un design che unisce eleganza, tecnologia e spirito avventuroso. Una reinterpretazione moderna dotata di un movimento automatico giapponese di alta precisione e una cura esecutiva fin nel minimo dettaglio.","breadcrumb":{"@id":"https:\/\/timeworksmods.com\/producto\/seikomaster-blue\/#breadcrumb"},"inLanguage":"it-IT","potentialAction":[{"@type":"ReadAction","target":["https:\/\/timeworksmods.com\/producto\/seikomaster-blue\/"]}]},{"@type":"ImageObject","inLanguage":"it-IT","@id":"https:\/\/timeworksmods.com\/producto\/seikomaster-blue\/#primaryimage","url":"https:\/\/timeworksmods.com\/wp-content\/uploads\/2025\/12\/e8b1cbd05f6e6a358a81dee52493dd06.jpg","contentUrl":"https:\/\/timeworksmods.com\/wp-content\/uploads\/2025\/12\/e8b1cbd05f6e6a358a81dee52493dd06.jpg","width":1200,"height":1200},{"@type":"BreadcrumbList","@id":"https:\/\/timeworksmods.com\/producto\/seikomaster-blue\/#breadcrumb","itemListElement":[{"@type":"ListItem","position":1,"name":"Portada","item":"https:\/\/timeworksmods.com\/"},{"@type":"ListItem","position":2,"name":"Tienda","item":"https:\/\/timeworksmods.com\/tienda\/"},{"@type":"ListItem","position":3,"name":"Seikomaster Blue"}]},{"@type":"WebSite","@id":"https:\/\/timeworksmods.com\/#website","url":"https:\/\/timeworksmods.com\/","name":"Timeworks\u2122 | Modifiche Seiko","description":"La Tua Bottega di Modifiche Seiko Personalizzate","publisher":{"@id":"https:\/\/timeworksmods.com\/#organization"},"alternateName":"Timeworks\u2122 | Seiko Mods","potentialAction":[{"@type":"SearchAction","target":{"@type":"EntryPoint","urlTemplate":"https:\/\/timeworksmods.com\/?s={search_term_string}"},"query-input":{"@type":"PropertyValueSpecification","valueRequired":true,"valueName":"search_term_string"}}],"inLanguage":"it-IT"},{"@type":"Organization","@id":"https:\/\/timeworksmods.com\/#organization","name":"Timeworks\u2122 | Modifiche Seiko","alternateName":"Timeworks\u2122 | Seiko Mods","url":"https:\/\/timeworksmods.com\/","logo":{"@type":"ImageObject","inLanguage":"it-IT","@id":"https:\/\/timeworksmods.com\/#\/schema\/logo\/image\/","url":"https:\/\/timeworksmods.com\/wp-content\/uploads\/2025\/12\/ad972f10e0800b49d76fed33a21f6698.png","contentUrl":"https:\/\/timeworksmods.com\/wp-content\/uploads\/2025\/12\/ad972f10e0800b49d76fed33a21f6698.png","width":1500,"height":200,"caption":"Timeworks\u2122 | Seiko Mods"},"image":{"@id":"https:\/\/timeworksmods.com\/#\/schema\/logo\/image\/"}}]}},"_links":{"self":[{"href":"https:\/\/timeworksmods.com\/it\/wp-json\/wp\/v2\/product\/1239","targetHints":{"allow":["GET"]}}],"collection":[{"href":"https:\/\/timeworksmods.com\/it\/wp-json\/wp\/v2\/product"}],"about":[{"href":"https:\/\/timeworksmods.com\/it\/wp-json\/wp\/v2\/types\/product"}],"replies":[{"embeddable":true,"href":"https:\/\/timeworksmods.com\/it\/wp-json\/wp\/v2\/comments?post=1239"}],"wp:featuredmedia":[{"embeddable":true,"href":"https:\/\/timeworksmods.com\/it\/wp-json\/wp\/v2\/media\/1154"}],"wp:attachment":[{"href":"https:\/\/timeworksmods.com\/it\/wp-json\/wp\/v2\/media?parent=1239"}],"wp:term":[{"taxonomy":"product_cat","embeddable":true,"href":"https:\/\/timeworksmods.com\/it\/wp-json\/wp\/v2\/product_cat?post=1239"},{"taxonomy":"product_tag","embeddable":true,"href":"https:\/\/timeworksmods.com\/it\/wp-json\/wp\/v2\/product_tag?post=1239"}],"curies":[{"name":"wp","href":"https:\/\/api.w.org\/{rel}","templated":true}]}}