{"id":1244,"date":"2025-12-08T13:52:30","date_gmt":"2025-12-08T13:52:30","guid":{"rendered":"https:\/\/timeworksmods.com\/?post_type=product&#038;p=1244"},"modified":"2026-04-13T08:38:16","modified_gmt":"2026-04-13T06:38:16","slug":"seikomariner-two-tones-blue","status":"publish","type":"product","link":"https:\/\/timeworksmods.com\/it\/product\/seikomariner-two-tones-blue\/","title":{"rendered":"Seikomariner Two-Tones Blue"},"content":{"rendered":"<p data-start=\"126\" data-end=\"441\">Inspirado en los grandes iconos de la relojer\u00eda de buceo profesional, este mod ofrece un dise\u00f1o robusto, funcional y atemporal. Una reinterpretaci\u00f3n moderna equipada con un movimiento autom\u00e1tico japon\u00e9s de probada fiabilidad y materiales de alta calidad, ideal tanto para el uso diario como para entornos exigentes.<\/p>\n<p data-start=\"443\" data-end=\"749\">El calibre japon\u00e9s opera a 21.600 alternancias por hora (3 Hz), dispone de remonte autom\u00e1tico y manual, funci\u00f3n de parada de segundero (hacking) para un ajuste exacto de la hora y ofrece una reserva de marcha aproximada de 41 horas, garantizando un funcionamiento estable y continuo en cualquier situaci\u00f3n.<\/p>\n<p data-start=\"751\" data-end=\"1320\">La caja de acero inoxidable 316L proporciona una elevada resistencia a la corrosi\u00f3n, la presi\u00f3n y el desgaste diario, y se combina con un bisel giratorio unidireccional de estilo diver, dise\u00f1ado para cronometrar intervalos de tiempo de forma pr\u00e1ctica y precisa. El conjunto se completa con cristal de zafiro, que asegura una protecci\u00f3n superior frente a ara\u00f1azos y una excelente legibilidad. El resultado es un reloj deportivo, elegante y altamente fiable, pensado tanto para el uso cotidiano como para los entusiastas de la relojer\u00eda mec\u00e1nica de inspiraci\u00f3n submarina.<\/p>","protected":false},"excerpt":{"rendered":"<p>Inspirado en los grandes iconos de la relojer\u00eda de buceo profesional, este mod ofrece un dise\u00f1o robusto, funcional y atemporal. Una reinterpretaci\u00f3n moderna equipada con mec\u00e1nica japonesa de probada fiabilidad y materiales de alta calidad, ideal tanto para el uso diario como para entornos exigentes.<\/p>","protected":false},"featured_media":1161,"comment_status":"open","ping_status":"closed","template":"","meta":{"_acf_changed":false,"_joinchat":[]},"product_cat":[101],"product_tag":[],"class_list":{"0":"post-1244","1":"product","2":"type-product","3":"status-publish","4":"has-post-thumbnail","6":"product_cat-seikomariner","7":"pa_seikomariner-version-seikomariner-twotones-blue","9":"first","10":"instock","11":"sale","12":"taxable","13":"shipping-taxable","14":"purchasable","15":"product-type-simple","swatches":"rey-swatches","show_selected":""},"acf":[],"yoast_head":"<!-- This site is optimized with the Yoast SEO plugin v27.4 - https:\/\/yoast.com\/product\/yoast-seo-wordpress\/ -->\n<title>Seikomariner Two-Tones Blue | Timeworks\u2122 | Seiko Mods<\/title>\n<meta name=\"description\" content=\"Inspirado en los grandes iconos de la relojer\u00eda de buceo profesional, este mod ofrece un dise\u00f1o robusto, funcional y atemporal. Una reinterpretaci\u00f3n moderna equipada con mec\u00e1nica japonesa de probada fiabilidad y materiales de alta calidad, ideal tanto para el uso diario como para entornos exigentes.\" \/>\n<meta name=\"robots\" content=\"index, follow, max-snippet:-1, max-image-preview:large, max-video-preview:-1\" \/>\n<link rel=\"canonical\" href=\"https:\/\/timeworksmods.com\/it\/product\/seikomariner-two-tones-blue\/\" \/>\n<meta property=\"og:locale\" content=\"it_IT\" \/>\n<meta property=\"og:type\" content=\"article\" \/>\n<meta property=\"og:title\" content=\"Seikomariner Two-Tones Blue | Timeworks\u2122 | Seiko Mods\" \/>\n<meta property=\"og:description\" content=\"Inspirado en los grandes iconos de la relojer\u00eda de buceo profesional, este mod ofrece un dise\u00f1o robusto, funcional y atemporal. Una reinterpretaci\u00f3n moderna equipada con mec\u00e1nica japonesa de probada fiabilidad y materiales de alta calidad, ideal tanto para el uso diario como para entornos exigentes.\" \/>\n<meta property=\"og:url\" content=\"https:\/\/timeworksmods.com\/it\/product\/seikomariner-two-tones-blue\/\" \/>\n<meta property=\"og:site_name\" content=\"Timeworks\u2122 | Seiko Mods\" \/>\n<meta property=\"article:modified_time\" content=\"2026-04-13T06:38:16+00:00\" \/>\n<meta property=\"og:image\" content=\"https:\/\/timeworksmods.com\/wp-content\/uploads\/2025\/12\/38ca89564b2259401518960f7a06f94b.jpg\" \/>\n\t<meta property=\"og:image:width\" content=\"1200\" \/>\n\t<meta property=\"og:image:height\" content=\"1200\" \/>\n\t<meta property=\"og:image:type\" content=\"image\/jpeg\" \/>\n<meta name=\"twitter:card\" content=\"summary_large_image\" \/>\n<meta name=\"twitter:label1\" content=\"Est. reading time\" \/>\n\t<meta name=\"twitter:data1\" content=\"1 minuto\" \/>\n<script type=\"application\/ld+json\" class=\"yoast-schema-graph\">{\"@context\":\"https:\\\/\\\/schema.org\",\"@graph\":[{\"@type\":\"WebPage\",\"@id\":\"https:\\\/\\\/timeworksmods.com\\\/producto\\\/seikomariner-two-tones-blue\\\/\",\"url\":\"https:\\\/\\\/timeworksmods.com\\\/producto\\\/seikomariner-two-tones-blue\\\/\",\"name\":\"Seikomariner Two-Tones Blue | Timeworks\u2122 | Seiko Mods\",\"isPartOf\":{\"@id\":\"https:\\\/\\\/timeworksmods.com\\\/#website\"},\"primaryImageOfPage\":{\"@id\":\"https:\\\/\\\/timeworksmods.com\\\/producto\\\/seikomariner-two-tones-blue\\\/#primaryimage\"},\"image\":{\"@id\":\"https:\\\/\\\/timeworksmods.com\\\/producto\\\/seikomariner-two-tones-blue\\\/#primaryimage\"},\"thumbnailUrl\":\"https:\\\/\\\/timeworksmods.com\\\/wp-content\\\/uploads\\\/2025\\\/12\\\/38ca89564b2259401518960f7a06f94b.jpg\",\"datePublished\":\"2025-12-08T13:52:30+00:00\",\"dateModified\":\"2026-04-13T06:38:16+00:00\",\"description\":\"Inspirado en los grandes iconos de la relojer\u00eda de buceo profesional, este mod ofrece un dise\u00f1o robusto, funcional y atemporal. Una reinterpretaci\u00f3n moderna equipada con mec\u00e1nica japonesa de probada fiabilidad y materiales de alta calidad, ideal tanto para el uso diario como para entornos exigentes.\",\"breadcrumb\":{\"@id\":\"https:\\\/\\\/timeworksmods.com\\\/producto\\\/seikomariner-two-tones-blue\\\/#breadcrumb\"},\"inLanguage\":\"it-IT\",\"potentialAction\":[{\"@type\":\"ReadAction\",\"target\":[\"https:\\\/\\\/timeworksmods.com\\\/producto\\\/seikomariner-two-tones-blue\\\/\"]}]},{\"@type\":\"ImageObject\",\"inLanguage\":\"it-IT\",\"@id\":\"https:\\\/\\\/timeworksmods.com\\\/producto\\\/seikomariner-two-tones-blue\\\/#primaryimage\",\"url\":\"https:\\\/\\\/timeworksmods.com\\\/wp-content\\\/uploads\\\/2025\\\/12\\\/38ca89564b2259401518960f7a06f94b.jpg\",\"contentUrl\":\"https:\\\/\\\/timeworksmods.com\\\/wp-content\\\/uploads\\\/2025\\\/12\\\/38ca89564b2259401518960f7a06f94b.jpg\",\"width\":1200,\"height\":1200},{\"@type\":\"BreadcrumbList\",\"@id\":\"https:\\\/\\\/timeworksmods.com\\\/producto\\\/seikomariner-two-tones-blue\\\/#breadcrumb\",\"itemListElement\":[{\"@type\":\"ListItem\",\"position\":1,\"name\":\"Portada\",\"item\":\"https:\\\/\\\/timeworksmods.com\\\/\"},{\"@type\":\"ListItem\",\"position\":2,\"name\":\"Tienda\",\"item\":\"https:\\\/\\\/timeworksmods.com\\\/tienda\\\/\"},{\"@type\":\"ListItem\",\"position\":3,\"name\":\"Seikomariner Two-Tones Blue\"}]},{\"@type\":\"WebSite\",\"@id\":\"https:\\\/\\\/timeworksmods.com\\\/#website\",\"url\":\"https:\\\/\\\/timeworksmods.com\\\/\",\"name\":\"Timeworks\u2122 | Seiko Mods\",\"description\":\"Tu Tienda de Seiko Mods Personalizados\",\"publisher\":{\"@id\":\"https:\\\/\\\/timeworksmods.com\\\/#organization\"},\"alternateName\":\"Timeworks\u2122 | Seiko Mods\",\"potentialAction\":[{\"@type\":\"SearchAction\",\"target\":{\"@type\":\"EntryPoint\",\"urlTemplate\":\"https:\\\/\\\/timeworksmods.com\\\/?s={search_term_string}\"},\"query-input\":{\"@type\":\"PropertyValueSpecification\",\"valueRequired\":true,\"valueName\":\"search_term_string\"}}],\"inLanguage\":\"it-IT\"},{\"@type\":\"Organization\",\"@id\":\"https:\\\/\\\/timeworksmods.com\\\/#organization\",\"name\":\"Timeworks\u2122 | Seiko Mods\",\"alternateName\":\"Timeworks\u2122 | Seiko Mods\",\"url\":\"https:\\\/\\\/timeworksmods.com\\\/\",\"logo\":{\"@type\":\"ImageObject\",\"inLanguage\":\"it-IT\",\"@id\":\"https:\\\/\\\/timeworksmods.com\\\/#\\\/schema\\\/logo\\\/image\\\/\",\"url\":\"https:\\\/\\\/timeworksmods.com\\\/wp-content\\\/uploads\\\/2025\\\/12\\\/ad972f10e0800b49d76fed33a21f6698.png\",\"contentUrl\":\"https:\\\/\\\/timeworksmods.com\\\/wp-content\\\/uploads\\\/2025\\\/12\\\/ad972f10e0800b49d76fed33a21f6698.png\",\"width\":1500,\"height\":200,\"caption\":\"Timeworks\u2122 | Seiko Mods\"},\"image\":{\"@id\":\"https:\\\/\\\/timeworksmods.com\\\/#\\\/schema\\\/logo\\\/image\\\/\"}}]}<\/script>\n<!-- \/ Yoast SEO plugin. -->","yoast_head_json":{"title":"Seikomariner Two-Tones Blue | Timeworks\u2122 | Seiko Mods","description":"Inspirado en los grandes iconos de la relojer\u00eda de buceo profesional, este mod ofrece un dise\u00f1o robusto, funcional y atemporal. Una reinterpretaci\u00f3n moderna equipada con mec\u00e1nica japonesa de probada fiabilidad y materiales de alta calidad, ideal tanto para el uso diario como para entornos exigentes.","robots":{"index":"index","follow":"follow","max-snippet":"max-snippet:-1","max-image-preview":"max-image-preview:large","max-video-preview":"max-video-preview:-1"},"canonical":"https:\/\/timeworksmods.com\/it\/product\/seikomariner-two-tones-blue\/","og_locale":"it_IT","og_type":"article","og_title":"Seikomariner Two-Tones Blue | Timeworks\u2122 | Seiko Mods","og_description":"Inspirado en los grandes iconos de la relojer\u00eda de buceo profesional, este mod ofrece un dise\u00f1o robusto, funcional y atemporal. Una reinterpretaci\u00f3n moderna equipada con mec\u00e1nica japonesa de probada fiabilidad y materiales de alta calidad, ideal tanto para el uso diario como para entornos exigentes.","og_url":"https:\/\/timeworksmods.com\/it\/product\/seikomariner-two-tones-blue\/","og_site_name":"Timeworks\u2122 | Seiko Mods","article_modified_time":"2026-04-13T06:38:16+00:00","og_image":[{"width":1200,"height":1200,"url":"https:\/\/timeworksmods.com\/wp-content\/uploads\/2025\/12\/38ca89564b2259401518960f7a06f94b.jpg","type":"image\/jpeg"}],"twitter_card":"summary_large_image","twitter_misc":{"Est. reading time":"1 minuto"},"schema":{"@context":"https:\/\/schema.org","@graph":[{"@type":"WebPage","@id":"https:\/\/timeworksmods.com\/producto\/seikomariner-two-tones-blue\/","url":"https:\/\/timeworksmods.com\/producto\/seikomariner-two-tones-blue\/","name":"Seikomariner Two-Tones Blue | Timeworks\u2122 | Seiko Mods","isPartOf":{"@id":"https:\/\/timeworksmods.com\/#website"},"primaryImageOfPage":{"@id":"https:\/\/timeworksmods.com\/producto\/seikomariner-two-tones-blue\/#primaryimage"},"image":{"@id":"https:\/\/timeworksmods.com\/producto\/seikomariner-two-tones-blue\/#primaryimage"},"thumbnailUrl":"https:\/\/timeworksmods.com\/wp-content\/uploads\/2025\/12\/38ca89564b2259401518960f7a06f94b.jpg","datePublished":"2025-12-08T13:52:30+00:00","dateModified":"2026-04-13T06:38:16+00:00","description":"Inspirado en los grandes iconos de la relojer\u00eda de buceo profesional, este mod ofrece un dise\u00f1o robusto, funcional y atemporal. Una reinterpretaci\u00f3n moderna equipada con mec\u00e1nica japonesa de probada fiabilidad y materiales de alta calidad, ideal tanto para el uso diario como para entornos exigentes.","breadcrumb":{"@id":"https:\/\/timeworksmods.com\/producto\/seikomariner-two-tones-blue\/#breadcrumb"},"inLanguage":"it-IT","potentialAction":[{"@type":"ReadAction","target":["https:\/\/timeworksmods.com\/producto\/seikomariner-two-tones-blue\/"]}]},{"@type":"ImageObject","inLanguage":"it-IT","@id":"https:\/\/timeworksmods.com\/producto\/seikomariner-two-tones-blue\/#primaryimage","url":"https:\/\/timeworksmods.com\/wp-content\/uploads\/2025\/12\/38ca89564b2259401518960f7a06f94b.jpg","contentUrl":"https:\/\/timeworksmods.com\/wp-content\/uploads\/2025\/12\/38ca89564b2259401518960f7a06f94b.jpg","width":1200,"height":1200},{"@type":"BreadcrumbList","@id":"https:\/\/timeworksmods.com\/producto\/seikomariner-two-tones-blue\/#breadcrumb","itemListElement":[{"@type":"ListItem","position":1,"name":"Portada","item":"https:\/\/timeworksmods.com\/"},{"@type":"ListItem","position":2,"name":"Tienda","item":"https:\/\/timeworksmods.com\/tienda\/"},{"@type":"ListItem","position":3,"name":"Seikomariner Two-Tones Blue"}]},{"@type":"WebSite","@id":"https:\/\/timeworksmods.com\/#website","url":"https:\/\/timeworksmods.com\/","name":"Timeworks\u2122 | Modifiche Seiko","description":"La Tua Bottega di Modifiche Seiko Personalizzate","publisher":{"@id":"https:\/\/timeworksmods.com\/#organization"},"alternateName":"Timeworks\u2122 | Seiko Mods","potentialAction":[{"@type":"SearchAction","target":{"@type":"EntryPoint","urlTemplate":"https:\/\/timeworksmods.com\/?s={search_term_string}"},"query-input":{"@type":"PropertyValueSpecification","valueRequired":true,"valueName":"search_term_string"}}],"inLanguage":"it-IT"},{"@type":"Organization","@id":"https:\/\/timeworksmods.com\/#organization","name":"Timeworks\u2122 | Modifiche Seiko","alternateName":"Timeworks\u2122 | Seiko Mods","url":"https:\/\/timeworksmods.com\/","logo":{"@type":"ImageObject","inLanguage":"it-IT","@id":"https:\/\/timeworksmods.com\/#\/schema\/logo\/image\/","url":"https:\/\/timeworksmods.com\/wp-content\/uploads\/2025\/12\/ad972f10e0800b49d76fed33a21f6698.png","contentUrl":"https:\/\/timeworksmods.com\/wp-content\/uploads\/2025\/12\/ad972f10e0800b49d76fed33a21f6698.png","width":1500,"height":200,"caption":"Timeworks\u2122 | Seiko Mods"},"image":{"@id":"https:\/\/timeworksmods.com\/#\/schema\/logo\/image\/"}}]}},"_links":{"self":[{"href":"https:\/\/timeworksmods.com\/it\/wp-json\/wp\/v2\/product\/1244","targetHints":{"allow":["GET"]}}],"collection":[{"href":"https:\/\/timeworksmods.com\/it\/wp-json\/wp\/v2\/product"}],"about":[{"href":"https:\/\/timeworksmods.com\/it\/wp-json\/wp\/v2\/types\/product"}],"replies":[{"embeddable":true,"href":"https:\/\/timeworksmods.com\/it\/wp-json\/wp\/v2\/comments?post=1244"}],"wp:featuredmedia":[{"embeddable":true,"href":"https:\/\/timeworksmods.com\/it\/wp-json\/wp\/v2\/media\/1161"}],"wp:attachment":[{"href":"https:\/\/timeworksmods.com\/it\/wp-json\/wp\/v2\/media?parent=1244"}],"wp:term":[{"taxonomy":"product_cat","embeddable":true,"href":"https:\/\/timeworksmods.com\/it\/wp-json\/wp\/v2\/product_cat?post=1244"},{"taxonomy":"product_tag","embeddable":true,"href":"https:\/\/timeworksmods.com\/it\/wp-json\/wp\/v2\/product_tag?post=1244"}],"curies":[{"name":"wp","href":"https:\/\/api.w.org\/{rel}","templated":true}]}}