{"id":1247,"date":"2025-12-08T13:57:16","date_gmt":"2025-12-08T13:57:16","guid":{"rendered":"https:\/\/timeworksmods.com\/?post_type=product&#038;p=1247"},"modified":"2026-04-13T08:37:18","modified_gmt":"2026-04-13T06:37:18","slug":"seikoyacht-black","status":"publish","type":"product","link":"https:\/\/timeworksmods.com\/it\/product\/seikoyacht-black\/","title":{"rendered":"Seikoyacht Black"},"content":{"rendered":"<p data-start=\"183\" data-end=\"528\">Inspirado en los grandes iconos de la relojer\u00eda n\u00e1utica de lujo, este mod ofrece un dise\u00f1o deportivo, elegante y vers\u00e1til, con esp\u00edritu marinero. Una reinterpretaci\u00f3n moderna equipada con <strong data-start=\"371\" data-end=\"426\">movimento automatico giapponese di comprovata affidabilit\u00e0<\/strong> y materiales de alta calidad, ideal tanto para el uso diario como para entornos n\u00e1uticos exigentes.<\/p>\n<p data-start=\"530\" data-end=\"838\">El calibre japon\u00e9s opera a 21.600 alternancias por hora (3 Hz), dispone de remonte autom\u00e1tico y manual, funci\u00f3n de parada de segundero (hacking) para un ajuste exacto de la hora y ofrece una reserva de marcha aproximada de 41 horas, garantizando un funcionamiento estable y continuo en cualquier situaci\u00f3n.<\/p>\n<p data-start=\"840\" data-end=\"1393\">La caja de acero inoxidable 316L proporciona una elevada resistencia a la corrosi\u00f3n, la humedad y el desgaste diario, combin\u00e1ndose con un bisel giratorio de estilo n\u00e1utico, pensado para el control del tiempo de navegaci\u00f3n. Se completa con cristal de zafiro, asegurando una protecci\u00f3n superior frente a ara\u00f1azos y una visibilidad impecable bajo cualquier condici\u00f3n de luz. El resultado es un reloj deportivo, sofisticado y altamente fiable, pensado tanto para el uso cotidiano como para los entusiastas de la relojer\u00eda mec\u00e1nica de inspiraci\u00f3n marinera.<\/p>","protected":false},"excerpt":{"rendered":"<p>Inspirado en una leyenda del mundo n\u00e1utico, este mod ofrece un dise\u00f1o elegante y deportivo con esp\u00edritu mar\u00edtimo. Su est\u00e9tica captura la esencia de los relojes cl\u00e1sicos, reinterpretada con la precisi\u00f3n y fiabilidad de un <strong data-start=\"372\" data-end=\"421\">movimiento autom\u00e1tico japon\u00e9s de alta calidad<\/strong>, y fabricada con materiales modernos de primera categor\u00eda.<\/p>","protected":false},"featured_media":1156,"comment_status":"open","ping_status":"closed","template":"","meta":{"_acf_changed":false,"_joinchat":[]},"product_cat":[109],"product_tag":[],"class_list":{"0":"post-1247","1":"product","2":"type-product","3":"status-publish","4":"has-post-thumbnail","6":"product_cat-seikoyatch","8":"first","9":"instock","10":"sale","11":"taxable","12":"shipping-taxable","13":"purchasable","14":"product-type-simple","swatches":"rey-swatches","show_selected":""},"acf":[],"yoast_head":"<!-- This site is optimized with the Yoast SEO plugin v27.4 - https:\/\/yoast.com\/product\/yoast-seo-wordpress\/ -->\n<title>Seikoyacht Black | Timeworks\u2122 | Seiko Mods<\/title>\n<meta name=\"description\" content=\"Inspirado en una leyenda del mundo n\u00e1utico, este mod ofrece un dise\u00f1o elegante y deportivo con esp\u00edritu mar\u00edtimo. Su est\u00e9tica captura la esencia de los relojes cl\u00e1sicos, reinterpretada con la precisi\u00f3n y fiabilidad de un movimiento autom\u00e1tico japon\u00e9s de alta calidad, y fabricada con materiales modernos de primera categor\u00eda.\" \/>\n<meta name=\"robots\" content=\"index, follow, max-snippet:-1, max-image-preview:large, max-video-preview:-1\" \/>\n<link rel=\"canonical\" href=\"https:\/\/timeworksmods.com\/it\/product\/seikoyacht-black\/\" \/>\n<meta property=\"og:locale\" content=\"it_IT\" \/>\n<meta property=\"og:type\" content=\"article\" \/>\n<meta property=\"og:title\" content=\"Seikoyacht Black | Timeworks\u2122 | Seiko Mods\" \/>\n<meta property=\"og:description\" content=\"Inspirado en una leyenda del mundo n\u00e1utico, este mod ofrece un dise\u00f1o elegante y deportivo con esp\u00edritu mar\u00edtimo. Su est\u00e9tica captura la esencia de los relojes cl\u00e1sicos, reinterpretada con la precisi\u00f3n y fiabilidad de un movimiento autom\u00e1tico japon\u00e9s de alta calidad, y fabricada con materiales modernos de primera categor\u00eda.\" \/>\n<meta property=\"og:url\" content=\"https:\/\/timeworksmods.com\/it\/product\/seikoyacht-black\/\" \/>\n<meta property=\"og:site_name\" content=\"Timeworks\u2122 | Seiko Mods\" \/>\n<meta property=\"article:modified_time\" content=\"2026-04-13T06:37:18+00:00\" \/>\n<meta property=\"og:image\" content=\"https:\/\/timeworksmods.com\/wp-content\/uploads\/2025\/12\/e22312179bf43e61576081a2f250f845.jpg\" \/>\n\t<meta property=\"og:image:width\" content=\"1200\" \/>\n\t<meta property=\"og:image:height\" content=\"1200\" \/>\n\t<meta property=\"og:image:type\" content=\"image\/jpeg\" \/>\n<meta name=\"twitter:card\" content=\"summary_large_image\" \/>\n<meta name=\"twitter:label1\" content=\"Est. reading time\" \/>\n\t<meta name=\"twitter:data1\" content=\"1 minuto\" \/>\n<script type=\"application\/ld+json\" class=\"yoast-schema-graph\">{\"@context\":\"https:\\\/\\\/schema.org\",\"@graph\":[{\"@type\":\"WebPage\",\"@id\":\"https:\\\/\\\/timeworksmods.com\\\/producto\\\/seikoyacht-black\\\/\",\"url\":\"https:\\\/\\\/timeworksmods.com\\\/producto\\\/seikoyacht-black\\\/\",\"name\":\"Seikoyacht Black | Timeworks\u2122 | Seiko Mods\",\"isPartOf\":{\"@id\":\"https:\\\/\\\/timeworksmods.com\\\/#website\"},\"primaryImageOfPage\":{\"@id\":\"https:\\\/\\\/timeworksmods.com\\\/producto\\\/seikoyacht-black\\\/#primaryimage\"},\"image\":{\"@id\":\"https:\\\/\\\/timeworksmods.com\\\/producto\\\/seikoyacht-black\\\/#primaryimage\"},\"thumbnailUrl\":\"https:\\\/\\\/timeworksmods.com\\\/wp-content\\\/uploads\\\/2025\\\/12\\\/e22312179bf43e61576081a2f250f845.jpg\",\"datePublished\":\"2025-12-08T13:57:16+00:00\",\"dateModified\":\"2026-04-13T06:37:18+00:00\",\"description\":\"Inspirado en una leyenda del mundo n\u00e1utico, este mod ofrece un dise\u00f1o elegante y deportivo con esp\u00edritu mar\u00edtimo. Su est\u00e9tica captura la esencia de los relojes cl\u00e1sicos, reinterpretada con la precisi\u00f3n y fiabilidad de un movimiento autom\u00e1tico japon\u00e9s de alta calidad, y fabricada con materiales modernos de primera categor\u00eda.\",\"breadcrumb\":{\"@id\":\"https:\\\/\\\/timeworksmods.com\\\/producto\\\/seikoyacht-black\\\/#breadcrumb\"},\"inLanguage\":\"it-IT\",\"potentialAction\":[{\"@type\":\"ReadAction\",\"target\":[\"https:\\\/\\\/timeworksmods.com\\\/producto\\\/seikoyacht-black\\\/\"]}]},{\"@type\":\"ImageObject\",\"inLanguage\":\"it-IT\",\"@id\":\"https:\\\/\\\/timeworksmods.com\\\/producto\\\/seikoyacht-black\\\/#primaryimage\",\"url\":\"https:\\\/\\\/timeworksmods.com\\\/wp-content\\\/uploads\\\/2025\\\/12\\\/e22312179bf43e61576081a2f250f845.jpg\",\"contentUrl\":\"https:\\\/\\\/timeworksmods.com\\\/wp-content\\\/uploads\\\/2025\\\/12\\\/e22312179bf43e61576081a2f250f845.jpg\",\"width\":1200,\"height\":1200},{\"@type\":\"BreadcrumbList\",\"@id\":\"https:\\\/\\\/timeworksmods.com\\\/producto\\\/seikoyacht-black\\\/#breadcrumb\",\"itemListElement\":[{\"@type\":\"ListItem\",\"position\":1,\"name\":\"Portada\",\"item\":\"https:\\\/\\\/timeworksmods.com\\\/\"},{\"@type\":\"ListItem\",\"position\":2,\"name\":\"Tienda\",\"item\":\"https:\\\/\\\/timeworksmods.com\\\/tienda\\\/\"},{\"@type\":\"ListItem\",\"position\":3,\"name\":\"Seikoyacht Black\"}]},{\"@type\":\"WebSite\",\"@id\":\"https:\\\/\\\/timeworksmods.com\\\/#website\",\"url\":\"https:\\\/\\\/timeworksmods.com\\\/\",\"name\":\"Timeworks\u2122 | Seiko Mods\",\"description\":\"Tu Tienda de Seiko Mods Personalizados\",\"publisher\":{\"@id\":\"https:\\\/\\\/timeworksmods.com\\\/#organization\"},\"alternateName\":\"Timeworks\u2122 | Seiko Mods\",\"potentialAction\":[{\"@type\":\"SearchAction\",\"target\":{\"@type\":\"EntryPoint\",\"urlTemplate\":\"https:\\\/\\\/timeworksmods.com\\\/?s={search_term_string}\"},\"query-input\":{\"@type\":\"PropertyValueSpecification\",\"valueRequired\":true,\"valueName\":\"search_term_string\"}}],\"inLanguage\":\"it-IT\"},{\"@type\":\"Organization\",\"@id\":\"https:\\\/\\\/timeworksmods.com\\\/#organization\",\"name\":\"Timeworks\u2122 | Seiko Mods\",\"alternateName\":\"Timeworks\u2122 | Seiko Mods\",\"url\":\"https:\\\/\\\/timeworksmods.com\\\/\",\"logo\":{\"@type\":\"ImageObject\",\"inLanguage\":\"it-IT\",\"@id\":\"https:\\\/\\\/timeworksmods.com\\\/#\\\/schema\\\/logo\\\/image\\\/\",\"url\":\"https:\\\/\\\/timeworksmods.com\\\/wp-content\\\/uploads\\\/2025\\\/12\\\/ad972f10e0800b49d76fed33a21f6698.png\",\"contentUrl\":\"https:\\\/\\\/timeworksmods.com\\\/wp-content\\\/uploads\\\/2025\\\/12\\\/ad972f10e0800b49d76fed33a21f6698.png\",\"width\":1500,\"height\":200,\"caption\":\"Timeworks\u2122 | Seiko Mods\"},\"image\":{\"@id\":\"https:\\\/\\\/timeworksmods.com\\\/#\\\/schema\\\/logo\\\/image\\\/\"}}]}<\/script>\n<!-- \/ Yoast SEO plugin. -->","yoast_head_json":{"title":"Seikoyacht Black | Timeworks\u2122 | Seiko Mods","description":"Inspirado en una leyenda del mundo n\u00e1utico, este mod ofrece un dise\u00f1o elegante y deportivo con esp\u00edritu mar\u00edtimo. Su est\u00e9tica captura la esencia de los relojes cl\u00e1sicos, reinterpretada con la precisi\u00f3n y fiabilidad de un movimiento autom\u00e1tico japon\u00e9s de alta calidad, y fabricada con materiales modernos de primera categor\u00eda.","robots":{"index":"index","follow":"follow","max-snippet":"max-snippet:-1","max-image-preview":"max-image-preview:large","max-video-preview":"max-video-preview:-1"},"canonical":"https:\/\/timeworksmods.com\/it\/product\/seikoyacht-black\/","og_locale":"it_IT","og_type":"article","og_title":"Seikoyacht Black | Timeworks\u2122 | Seiko Mods","og_description":"Inspirado en una leyenda del mundo n\u00e1utico, este mod ofrece un dise\u00f1o elegante y deportivo con esp\u00edritu mar\u00edtimo. Su est\u00e9tica captura la esencia de los relojes cl\u00e1sicos, reinterpretada con la precisi\u00f3n y fiabilidad de un movimiento autom\u00e1tico japon\u00e9s de alta calidad, y fabricada con materiales modernos de primera categor\u00eda.","og_url":"https:\/\/timeworksmods.com\/it\/product\/seikoyacht-black\/","og_site_name":"Timeworks\u2122 | Seiko Mods","article_modified_time":"2026-04-13T06:37:18+00:00","og_image":[{"width":1200,"height":1200,"url":"https:\/\/timeworksmods.com\/wp-content\/uploads\/2025\/12\/e22312179bf43e61576081a2f250f845.jpg","type":"image\/jpeg"}],"twitter_card":"summary_large_image","twitter_misc":{"Est. reading time":"1 minuto"},"schema":{"@context":"https:\/\/schema.org","@graph":[{"@type":"WebPage","@id":"https:\/\/timeworksmods.com\/producto\/seikoyacht-black\/","url":"https:\/\/timeworksmods.com\/producto\/seikoyacht-black\/","name":"Seikoyacht Black | Timeworks\u2122 | Seiko Mods","isPartOf":{"@id":"https:\/\/timeworksmods.com\/#website"},"primaryImageOfPage":{"@id":"https:\/\/timeworksmods.com\/producto\/seikoyacht-black\/#primaryimage"},"image":{"@id":"https:\/\/timeworksmods.com\/producto\/seikoyacht-black\/#primaryimage"},"thumbnailUrl":"https:\/\/timeworksmods.com\/wp-content\/uploads\/2025\/12\/e22312179bf43e61576081a2f250f845.jpg","datePublished":"2025-12-08T13:57:16+00:00","dateModified":"2026-04-13T06:37:18+00:00","description":"Inspirado en una leyenda del mundo n\u00e1utico, este mod ofrece un dise\u00f1o elegante y deportivo con esp\u00edritu mar\u00edtimo. Su est\u00e9tica captura la esencia de los relojes cl\u00e1sicos, reinterpretada con la precisi\u00f3n y fiabilidad de un movimiento autom\u00e1tico japon\u00e9s de alta calidad, y fabricada con materiales modernos de primera categor\u00eda.","breadcrumb":{"@id":"https:\/\/timeworksmods.com\/producto\/seikoyacht-black\/#breadcrumb"},"inLanguage":"it-IT","potentialAction":[{"@type":"ReadAction","target":["https:\/\/timeworksmods.com\/producto\/seikoyacht-black\/"]}]},{"@type":"ImageObject","inLanguage":"it-IT","@id":"https:\/\/timeworksmods.com\/producto\/seikoyacht-black\/#primaryimage","url":"https:\/\/timeworksmods.com\/wp-content\/uploads\/2025\/12\/e22312179bf43e61576081a2f250f845.jpg","contentUrl":"https:\/\/timeworksmods.com\/wp-content\/uploads\/2025\/12\/e22312179bf43e61576081a2f250f845.jpg","width":1200,"height":1200},{"@type":"BreadcrumbList","@id":"https:\/\/timeworksmods.com\/producto\/seikoyacht-black\/#breadcrumb","itemListElement":[{"@type":"ListItem","position":1,"name":"Portada","item":"https:\/\/timeworksmods.com\/"},{"@type":"ListItem","position":2,"name":"Tienda","item":"https:\/\/timeworksmods.com\/tienda\/"},{"@type":"ListItem","position":3,"name":"Seikoyacht Black"}]},{"@type":"WebSite","@id":"https:\/\/timeworksmods.com\/#website","url":"https:\/\/timeworksmods.com\/","name":"Timeworks\u2122 | Modifiche Seiko","description":"La Tua Bottega di Modifiche Seiko Personalizzate","publisher":{"@id":"https:\/\/timeworksmods.com\/#organization"},"alternateName":"Timeworks\u2122 | Seiko Mods","potentialAction":[{"@type":"SearchAction","target":{"@type":"EntryPoint","urlTemplate":"https:\/\/timeworksmods.com\/?s={search_term_string}"},"query-input":{"@type":"PropertyValueSpecification","valueRequired":true,"valueName":"search_term_string"}}],"inLanguage":"it-IT"},{"@type":"Organization","@id":"https:\/\/timeworksmods.com\/#organization","name":"Timeworks\u2122 | Modifiche Seiko","alternateName":"Timeworks\u2122 | Seiko Mods","url":"https:\/\/timeworksmods.com\/","logo":{"@type":"ImageObject","inLanguage":"it-IT","@id":"https:\/\/timeworksmods.com\/#\/schema\/logo\/image\/","url":"https:\/\/timeworksmods.com\/wp-content\/uploads\/2025\/12\/ad972f10e0800b49d76fed33a21f6698.png","contentUrl":"https:\/\/timeworksmods.com\/wp-content\/uploads\/2025\/12\/ad972f10e0800b49d76fed33a21f6698.png","width":1500,"height":200,"caption":"Timeworks\u2122 | Seiko Mods"},"image":{"@id":"https:\/\/timeworksmods.com\/#\/schema\/logo\/image\/"}}]}},"_links":{"self":[{"href":"https:\/\/timeworksmods.com\/it\/wp-json\/wp\/v2\/product\/1247","targetHints":{"allow":["GET"]}}],"collection":[{"href":"https:\/\/timeworksmods.com\/it\/wp-json\/wp\/v2\/product"}],"about":[{"href":"https:\/\/timeworksmods.com\/it\/wp-json\/wp\/v2\/types\/product"}],"replies":[{"embeddable":true,"href":"https:\/\/timeworksmods.com\/it\/wp-json\/wp\/v2\/comments?post=1247"}],"wp:featuredmedia":[{"embeddable":true,"href":"https:\/\/timeworksmods.com\/it\/wp-json\/wp\/v2\/media\/1156"}],"wp:attachment":[{"href":"https:\/\/timeworksmods.com\/it\/wp-json\/wp\/v2\/media?parent=1247"}],"wp:term":[{"taxonomy":"product_cat","embeddable":true,"href":"https:\/\/timeworksmods.com\/it\/wp-json\/wp\/v2\/product_cat?post=1247"},{"taxonomy":"product_tag","embeddable":true,"href":"https:\/\/timeworksmods.com\/it\/wp-json\/wp\/v2\/product_tag?post=1247"}],"curies":[{"name":"wp","href":"https:\/\/api.w.org\/{rel}","templated":true}]}}