{"id":1249,"date":"2025-12-08T13:59:06","date_gmt":"2025-12-08T13:59:06","guid":{"rendered":"https:\/\/timeworksmods.com\/?post_type=product&#038;p=1249"},"modified":"2026-04-13T08:37:00","modified_gmt":"2026-04-13T06:37:00","slug":"seikoyacht-two-tones","status":"publish","type":"product","link":"https:\/\/timeworksmods.com\/it\/product\/seikoyacht-two-tones\/","title":{"rendered":"Seikoyacht Due Toni"},"content":{"rendered":"<p data-start=\"183\" data-end=\"528\">Ispirato ai grandi icone dell'orologeria nautica di lusso, questo mod offre un design sportivo, elegante e versatile, con spirito marinaro. Una reinterpretazione moderna equipaggiata con <strong data-start=\"371\" data-end=\"426\">movimento automatico giapponese di comprovata affidabilit\u00e0<\/strong> e materiali di alta qualit\u00e0, ideale sia per l'uso quotidiano che per ambienti nautici esigenti.<\/p>\n<p data-start=\"530\" data-end=\"838\">Il calibro giapponese opera a 21.600 alternanze all'ora (3 Hz), dispone di carica automatica e manuale, funzione di fermo di sicurezza (hacking) per una regolazione precisa dell'ora e offre una riserva di carica approssimativa di 41 ore, garantendo un funzionamento stabile e continuo in qualsiasi situazione.<\/p>\n<p data-start=\"840\" data-end=\"1393\">La cassa in acciaio inossidabile 316L offre un'elevata resistenza alla corrosione, all'umidit\u00e0 e all'usura quotidiana, abbinandosi a una ghiera girevole in stile nautico, pensata per il controllo del tempo di navigazione. Si completa con un vetro zaffiro, che assicura una protezione superiore contro i graffi e una visibilit\u00e0 impeccabile in qualsiasi condizione di luce. Il risultato \u00e8 un orologio sportivo, sofisticato e altamente affidabile, pensato sia per l'uso quotidiano che per gli appassionati di orologeria meccanica di ispirazione marinara.<\/p>","protected":false},"excerpt":{"rendered":"<p>Ispirato a una leggenda del mondo nautico, questo mod offre un design elegante e sportivo con spirito marittimo. La sua estetica cattura l'essenza degli orologi classici, reinterpretata con la precisione e l'affidabilit\u00e0 di un <strong data-start=\"372\" data-end=\"421\">movimento automatico giapponese di alta qualit\u00e0<\/strong>, e realizzata con materiali moderni di prima categoria.<\/p>","protected":false},"featured_media":1157,"comment_status":"open","ping_status":"closed","template":"","meta":{"_acf_changed":false,"_joinchat":[]},"product_cat":[109],"product_tag":[],"class_list":{"0":"post-1249","1":"product","2":"type-product","3":"status-publish","4":"has-post-thumbnail","6":"product_cat-seikoyatch","8":"first","9":"instock","10":"sale","11":"taxable","12":"shipping-taxable","13":"purchasable","14":"product-type-simple","swatches":"rey-swatches","show_selected":""},"acf":[],"yoast_head":"<!-- This site is optimized with the Yoast SEO plugin v27.4 - https:\/\/yoast.com\/product\/yoast-seo-wordpress\/ -->\n<title>Seikoyacht Two-Tones | Timeworks\u2122 | Seiko Mods<\/title>\n<meta name=\"description\" content=\"Inspirado en una leyenda del mundo n\u00e1utico, este mod ofrece un dise\u00f1o elegante y deportivo con esp\u00edritu mar\u00edtimo. Su est\u00e9tica captura la esencia de los relojes cl\u00e1sicos, reinterpretada con la precisi\u00f3n y fiabilidad de un movimiento autom\u00e1tico japon\u00e9s de alta calidad, y fabricada con materiales modernos de primera categor\u00eda.\" \/>\n<meta name=\"robots\" content=\"index, follow, max-snippet:-1, max-image-preview:large, max-video-preview:-1\" \/>\n<link rel=\"canonical\" href=\"https:\/\/timeworksmods.com\/it\/product\/seikoyacht-two-tones\/\" \/>\n<meta property=\"og:locale\" content=\"it_IT\" \/>\n<meta property=\"og:type\" content=\"article\" \/>\n<meta property=\"og:title\" content=\"Seikoyacht Two-Tones | Timeworks\u2122 | Seiko Mods\" \/>\n<meta property=\"og:description\" content=\"Inspirado en una leyenda del mundo n\u00e1utico, este mod ofrece un dise\u00f1o elegante y deportivo con esp\u00edritu mar\u00edtimo. Su est\u00e9tica captura la esencia de los relojes cl\u00e1sicos, reinterpretada con la precisi\u00f3n y fiabilidad de un movimiento autom\u00e1tico japon\u00e9s de alta calidad, y fabricada con materiales modernos de primera categor\u00eda.\" \/>\n<meta property=\"og:url\" content=\"https:\/\/timeworksmods.com\/it\/product\/seikoyacht-two-tones\/\" \/>\n<meta property=\"og:site_name\" content=\"Timeworks\u2122 | Seiko Mods\" \/>\n<meta property=\"article:modified_time\" content=\"2026-04-13T06:37:00+00:00\" \/>\n<meta property=\"og:image\" content=\"https:\/\/timeworksmods.com\/wp-content\/uploads\/2025\/12\/a8240cb8235e9c493a0c30607586166c.jpg\" \/>\n\t<meta property=\"og:image:width\" content=\"1200\" \/>\n\t<meta property=\"og:image:height\" content=\"1200\" \/>\n\t<meta property=\"og:image:type\" content=\"image\/jpeg\" \/>\n<meta name=\"twitter:card\" content=\"summary_large_image\" \/>\n<meta name=\"twitter:label1\" content=\"Est. reading time\" \/>\n\t<meta name=\"twitter:data1\" content=\"1 minuto\" \/>\n<script type=\"application\/ld+json\" class=\"yoast-schema-graph\">{\"@context\":\"https:\\\/\\\/schema.org\",\"@graph\":[{\"@type\":\"WebPage\",\"@id\":\"https:\\\/\\\/timeworksmods.com\\\/producto\\\/seikoyacht-two-tones\\\/\",\"url\":\"https:\\\/\\\/timeworksmods.com\\\/producto\\\/seikoyacht-two-tones\\\/\",\"name\":\"Seikoyacht Two-Tones | Timeworks\u2122 | Seiko Mods\",\"isPartOf\":{\"@id\":\"https:\\\/\\\/timeworksmods.com\\\/#website\"},\"primaryImageOfPage\":{\"@id\":\"https:\\\/\\\/timeworksmods.com\\\/producto\\\/seikoyacht-two-tones\\\/#primaryimage\"},\"image\":{\"@id\":\"https:\\\/\\\/timeworksmods.com\\\/producto\\\/seikoyacht-two-tones\\\/#primaryimage\"},\"thumbnailUrl\":\"https:\\\/\\\/timeworksmods.com\\\/wp-content\\\/uploads\\\/2025\\\/12\\\/a8240cb8235e9c493a0c30607586166c.jpg\",\"datePublished\":\"2025-12-08T13:59:06+00:00\",\"dateModified\":\"2026-04-13T06:37:00+00:00\",\"description\":\"Inspirado en una leyenda del mundo n\u00e1utico, este mod ofrece un dise\u00f1o elegante y deportivo con esp\u00edritu mar\u00edtimo. Su est\u00e9tica captura la esencia de los relojes cl\u00e1sicos, reinterpretada con la precisi\u00f3n y fiabilidad de un movimiento autom\u00e1tico japon\u00e9s de alta calidad, y fabricada con materiales modernos de primera categor\u00eda.\",\"breadcrumb\":{\"@id\":\"https:\\\/\\\/timeworksmods.com\\\/producto\\\/seikoyacht-two-tones\\\/#breadcrumb\"},\"inLanguage\":\"it-IT\",\"potentialAction\":[{\"@type\":\"ReadAction\",\"target\":[\"https:\\\/\\\/timeworksmods.com\\\/producto\\\/seikoyacht-two-tones\\\/\"]}]},{\"@type\":\"ImageObject\",\"inLanguage\":\"it-IT\",\"@id\":\"https:\\\/\\\/timeworksmods.com\\\/producto\\\/seikoyacht-two-tones\\\/#primaryimage\",\"url\":\"https:\\\/\\\/timeworksmods.com\\\/wp-content\\\/uploads\\\/2025\\\/12\\\/a8240cb8235e9c493a0c30607586166c.jpg\",\"contentUrl\":\"https:\\\/\\\/timeworksmods.com\\\/wp-content\\\/uploads\\\/2025\\\/12\\\/a8240cb8235e9c493a0c30607586166c.jpg\",\"width\":1200,\"height\":1200},{\"@type\":\"BreadcrumbList\",\"@id\":\"https:\\\/\\\/timeworksmods.com\\\/producto\\\/seikoyacht-two-tones\\\/#breadcrumb\",\"itemListElement\":[{\"@type\":\"ListItem\",\"position\":1,\"name\":\"Portada\",\"item\":\"https:\\\/\\\/timeworksmods.com\\\/\"},{\"@type\":\"ListItem\",\"position\":2,\"name\":\"Tienda\",\"item\":\"https:\\\/\\\/timeworksmods.com\\\/tienda\\\/\"},{\"@type\":\"ListItem\",\"position\":3,\"name\":\"Seikoyacht Two-Tones\"}]},{\"@type\":\"WebSite\",\"@id\":\"https:\\\/\\\/timeworksmods.com\\\/#website\",\"url\":\"https:\\\/\\\/timeworksmods.com\\\/\",\"name\":\"Timeworks\u2122 | Seiko Mods\",\"description\":\"Tu Tienda de Seiko Mods Personalizados\",\"publisher\":{\"@id\":\"https:\\\/\\\/timeworksmods.com\\\/#organization\"},\"alternateName\":\"Timeworks\u2122 | Seiko Mods\",\"potentialAction\":[{\"@type\":\"SearchAction\",\"target\":{\"@type\":\"EntryPoint\",\"urlTemplate\":\"https:\\\/\\\/timeworksmods.com\\\/?s={search_term_string}\"},\"query-input\":{\"@type\":\"PropertyValueSpecification\",\"valueRequired\":true,\"valueName\":\"search_term_string\"}}],\"inLanguage\":\"it-IT\"},{\"@type\":\"Organization\",\"@id\":\"https:\\\/\\\/timeworksmods.com\\\/#organization\",\"name\":\"Timeworks\u2122 | Seiko Mods\",\"alternateName\":\"Timeworks\u2122 | Seiko Mods\",\"url\":\"https:\\\/\\\/timeworksmods.com\\\/\",\"logo\":{\"@type\":\"ImageObject\",\"inLanguage\":\"it-IT\",\"@id\":\"https:\\\/\\\/timeworksmods.com\\\/#\\\/schema\\\/logo\\\/image\\\/\",\"url\":\"https:\\\/\\\/timeworksmods.com\\\/wp-content\\\/uploads\\\/2025\\\/12\\\/ad972f10e0800b49d76fed33a21f6698.png\",\"contentUrl\":\"https:\\\/\\\/timeworksmods.com\\\/wp-content\\\/uploads\\\/2025\\\/12\\\/ad972f10e0800b49d76fed33a21f6698.png\",\"width\":1500,\"height\":200,\"caption\":\"Timeworks\u2122 | Seiko Mods\"},\"image\":{\"@id\":\"https:\\\/\\\/timeworksmods.com\\\/#\\\/schema\\\/logo\\\/image\\\/\"}}]}<\/script>\n<!-- \/ Yoast SEO plugin. -->","yoast_head_json":{"title":"Seikoyacht Two-Tones | Timeworks\u2122 | Seiko Mods","description":"Ispirato da una leggenda del mondo nautico, questo mod offre un design elegante e sportivo con spirito marittimo. La sua estetica cattura l'essenza degli orologi classici, reinterpretata con la precisione e l'affidabilit\u00e0 di un movimento automatico giapponese di alta qualit\u00e0, e realizzata con materiali moderni e di prima scelta.","robots":{"index":"index","follow":"follow","max-snippet":"max-snippet:-1","max-image-preview":"max-image-preview:large","max-video-preview":"max-video-preview:-1"},"canonical":"https:\/\/timeworksmods.com\/it\/product\/seikoyacht-two-tones\/","og_locale":"it_IT","og_type":"article","og_title":"Seikoyacht Two-Tones | Timeworks\u2122 | Seiko Mods","og_description":"Inspirado en una leyenda del mundo n\u00e1utico, este mod ofrece un dise\u00f1o elegante y deportivo con esp\u00edritu mar\u00edtimo. Su est\u00e9tica captura la esencia de los relojes cl\u00e1sicos, reinterpretada con la precisi\u00f3n y fiabilidad de un movimiento autom\u00e1tico japon\u00e9s de alta calidad, y fabricada con materiales modernos de primera categor\u00eda.","og_url":"https:\/\/timeworksmods.com\/it\/product\/seikoyacht-two-tones\/","og_site_name":"Timeworks\u2122 | Seiko Mods","article_modified_time":"2026-04-13T06:37:00+00:00","og_image":[{"width":1200,"height":1200,"url":"https:\/\/timeworksmods.com\/wp-content\/uploads\/2025\/12\/a8240cb8235e9c493a0c30607586166c.jpg","type":"image\/jpeg"}],"twitter_card":"summary_large_image","twitter_misc":{"Est. reading time":"1 minuto"},"schema":{"@context":"https:\/\/schema.org","@graph":[{"@type":"WebPage","@id":"https:\/\/timeworksmods.com\/producto\/seikoyacht-two-tones\/","url":"https:\/\/timeworksmods.com\/producto\/seikoyacht-two-tones\/","name":"Seikoyacht Two-Tones | Timeworks\u2122 | Seiko Mods","isPartOf":{"@id":"https:\/\/timeworksmods.com\/#website"},"primaryImageOfPage":{"@id":"https:\/\/timeworksmods.com\/producto\/seikoyacht-two-tones\/#primaryimage"},"image":{"@id":"https:\/\/timeworksmods.com\/producto\/seikoyacht-two-tones\/#primaryimage"},"thumbnailUrl":"https:\/\/timeworksmods.com\/wp-content\/uploads\/2025\/12\/a8240cb8235e9c493a0c30607586166c.jpg","datePublished":"2025-12-08T13:59:06+00:00","dateModified":"2026-04-13T06:37:00+00:00","description":"Ispirato da una leggenda del mondo nautico, questo mod offre un design elegante e sportivo con spirito marittimo. La sua estetica cattura l'essenza degli orologi classici, reinterpretata con la precisione e l'affidabilit\u00e0 di un movimento automatico giapponese di alta qualit\u00e0, e realizzata con materiali moderni e di prima scelta.","breadcrumb":{"@id":"https:\/\/timeworksmods.com\/producto\/seikoyacht-two-tones\/#breadcrumb"},"inLanguage":"it-IT","potentialAction":[{"@type":"ReadAction","target":["https:\/\/timeworksmods.com\/producto\/seikoyacht-two-tones\/"]}]},{"@type":"ImageObject","inLanguage":"it-IT","@id":"https:\/\/timeworksmods.com\/producto\/seikoyacht-two-tones\/#primaryimage","url":"https:\/\/timeworksmods.com\/wp-content\/uploads\/2025\/12\/a8240cb8235e9c493a0c30607586166c.jpg","contentUrl":"https:\/\/timeworksmods.com\/wp-content\/uploads\/2025\/12\/a8240cb8235e9c493a0c30607586166c.jpg","width":1200,"height":1200},{"@type":"BreadcrumbList","@id":"https:\/\/timeworksmods.com\/producto\/seikoyacht-two-tones\/#breadcrumb","itemListElement":[{"@type":"ListItem","position":1,"name":"Portada","item":"https:\/\/timeworksmods.com\/"},{"@type":"ListItem","position":2,"name":"Tienda","item":"https:\/\/timeworksmods.com\/tienda\/"},{"@type":"ListItem","position":3,"name":"Seikoyacht Two-Tones"}]},{"@type":"WebSite","@id":"https:\/\/timeworksmods.com\/#website","url":"https:\/\/timeworksmods.com\/","name":"Timeworks\u2122 | Modifiche Seiko","description":"La Tua Bottega di Modifiche Seiko Personalizzate","publisher":{"@id":"https:\/\/timeworksmods.com\/#organization"},"alternateName":"Timeworks\u2122 | Seiko Mods","potentialAction":[{"@type":"SearchAction","target":{"@type":"EntryPoint","urlTemplate":"https:\/\/timeworksmods.com\/?s={search_term_string}"},"query-input":{"@type":"PropertyValueSpecification","valueRequired":true,"valueName":"search_term_string"}}],"inLanguage":"it-IT"},{"@type":"Organization","@id":"https:\/\/timeworksmods.com\/#organization","name":"Timeworks\u2122 | Modifiche Seiko","alternateName":"Timeworks\u2122 | Seiko Mods","url":"https:\/\/timeworksmods.com\/","logo":{"@type":"ImageObject","inLanguage":"it-IT","@id":"https:\/\/timeworksmods.com\/#\/schema\/logo\/image\/","url":"https:\/\/timeworksmods.com\/wp-content\/uploads\/2025\/12\/ad972f10e0800b49d76fed33a21f6698.png","contentUrl":"https:\/\/timeworksmods.com\/wp-content\/uploads\/2025\/12\/ad972f10e0800b49d76fed33a21f6698.png","width":1500,"height":200,"caption":"Timeworks\u2122 | Seiko Mods"},"image":{"@id":"https:\/\/timeworksmods.com\/#\/schema\/logo\/image\/"}}]}},"_links":{"self":[{"href":"https:\/\/timeworksmods.com\/it\/wp-json\/wp\/v2\/product\/1249","targetHints":{"allow":["GET"]}}],"collection":[{"href":"https:\/\/timeworksmods.com\/it\/wp-json\/wp\/v2\/product"}],"about":[{"href":"https:\/\/timeworksmods.com\/it\/wp-json\/wp\/v2\/types\/product"}],"replies":[{"embeddable":true,"href":"https:\/\/timeworksmods.com\/it\/wp-json\/wp\/v2\/comments?post=1249"}],"wp:featuredmedia":[{"embeddable":true,"href":"https:\/\/timeworksmods.com\/it\/wp-json\/wp\/v2\/media\/1157"}],"wp:attachment":[{"href":"https:\/\/timeworksmods.com\/it\/wp-json\/wp\/v2\/media?parent=1249"}],"wp:term":[{"taxonomy":"product_cat","embeddable":true,"href":"https:\/\/timeworksmods.com\/it\/wp-json\/wp\/v2\/product_cat?post=1249"},{"taxonomy":"product_tag","embeddable":true,"href":"https:\/\/timeworksmods.com\/it\/wp-json\/wp\/v2\/product_tag?post=1249"}],"curies":[{"name":"wp","href":"https:\/\/api.w.org\/{rel}","templated":true}]}}